{"id":8917,"date":"2022-12-22T12:10:59","date_gmt":"2022-12-22T12:10:59","guid":{"rendered":"https:\/\/penosil.com\/pt\/?post_type=product&#038;p=8917"},"modified":"2025-03-11T07:54:13","modified_gmt":"2025-03-11T07:54:13","slug":"polimero-hibrido-one-001-cola-e-veda-elastico","status":"publish","type":"product","link":"https:\/\/penosil.com\/pt\/produto\/polimero-hibrido-one-001-cola-e-veda-elastico\/","title":{"rendered":"Pol\u00edmero H\u00edbrido One 001"},"content":{"rendered":"<p>Cola e veda el\u00e1stico baseado na inovadora tecnologia de pol\u00edmeros h\u00edbridos, de alta resist\u00eancia, para juntas el\u00e1sticas e colagens seguras, dur\u00e1veis \u200b\u200be resistentes \u00e0s condi\u00e7\u00f5es atmosf\u00e9ricas e ao envelhecimento.<\/p>\n","protected":false},"excerpt":{"rendered":"Cola e veda el\u00e1stico baseado na inovadora tecnologia de pol\u00edmeros h\u00edbridos, de alta resist\u00eancia, para juntas el\u00e1sticas e colagens seguras, dur\u00e1veis \u200b\u200be resistentes \u00e0s condi\u00e7\u00f5es atmosf\u00e9ricas e ao envelhecimento.","protected":false},"author":67,"featured_media":10230,"template":"","meta":{"_acf_changed":false,"advgb_blocks_editor_width":"","advgb_blocks_columns_visual_guide":"","footnotes":""},"product_brand":[],"product_cat":[2290,1369,1611,1390,1669,2293],"product_tag":[],"class_list":{"0":"post-8917","1":"product","2":"type-product","3":"status-publish","4":"has-post-thumbnail","6":"product_cat-areas-de-aplicacao","7":"product_cat-grupos-de-produtos","8":"product_cat-selantes","9":"product_cat-adesivos","10":"product_cat-ms-polimeros-hibridos","11":"product_cat-cola-e-veda","13":"first","14":"instock","15":"purchasable","16":"product-type-variable"},"acf":[],"yoast_head":"<!-- This site is optimized with the Yoast SEO plugin v27.2 - https:\/\/yoast.com\/product\/yoast-seo-wordpress\/ -->\n<title>PENOSIL Pol\u00edmero H\u00edbrido One 001 Cola e Veda El\u00e1stico<\/title>\n<meta name=\"description\" content=\"PENOSIL Pol\u00edmero H\u00edbrido One 001 Cola e Veda El\u00e1stico mesmo em superf\u00edcies h\u00famidas. 250 kg Extra forte, de grande elasticidade e resist\u00eancia \u00e0 \u00e1gua e UV&#039;s.\" \/>\n<meta name=\"robots\" content=\"index, follow, max-snippet:-1, max-image-preview:large, max-video-preview:-1\" \/>\n<link rel=\"canonical\" href=\"https:\/\/penosil.com\/pt\/produto\/polimero-hibrido-one-001-cola-e-veda-elastico\/\" \/>\n<meta property=\"og:locale\" content=\"pt_PT\" \/>\n<meta property=\"og:type\" content=\"article\" \/>\n<meta property=\"og:title\" content=\"PENOSIL Pol\u00edmero H\u00edbrido One 001 Cola e Veda El\u00e1stico\" \/>\n<meta property=\"og:description\" content=\"PENOSIL Pol\u00edmero H\u00edbrido One 001 Cola e Veda El\u00e1stico mesmo em superf\u00edcies h\u00famidas. 250 kg Extra forte, de grande elasticidade e resist\u00eancia \u00e0 \u00e1gua e UV&#039;s.\" \/>\n<meta property=\"og:url\" content=\"https:\/\/penosil.com\/pt\/produto\/polimero-hibrido-one-001-cola-e-veda-elastico\/\" \/>\n<meta property=\"og:site_name\" content=\"Penosil Portugal\" \/>\n<meta property=\"article:modified_time\" content=\"2025-03-11T07:54:13+00:00\" \/>\n<meta property=\"og:image\" content=\"https:\/\/penosil.com\/pt\/wp-content\/uploads\/sites\/10\/2022\/12\/Cola-e-Veda-Elastico-Polimero-Hibrido-One-001-Penosil.png\" \/>\n\t<meta property=\"og:image:width\" content=\"387\" \/>\n\t<meta property=\"og:image:height\" content=\"1080\" \/>\n\t<meta property=\"og:image:type\" content=\"image\/png\" \/>\n<meta name=\"twitter:card\" content=\"summary_large_image\" \/>\n<meta name=\"twitter:label1\" content=\"Tempo estimado de leitura\" \/>\n\t<meta name=\"twitter:data1\" content=\"3 minutos\" \/>\n<script type=\"application\/ld+json\" class=\"yoast-schema-graph\">{\"@context\":\"https:\/\/schema.org\",\"@graph\":[{\"@type\":\"WebPage\",\"@id\":\"https:\/\/penosil.com\/pt\/produto\/polimero-hibrido-one-001-cola-e-veda-elastico\/\",\"url\":\"https:\/\/penosil.com\/pt\/produto\/polimero-hibrido-one-001-cola-e-veda-elastico\/\",\"name\":\"PENOSIL Pol\u00edmero H\u00edbrido One 001 Cola e Veda El\u00e1stico\",\"isPartOf\":{\"@id\":\"https:\/\/penosil.com\/pt\/#website\"},\"primaryImageOfPage\":{\"@id\":\"https:\/\/penosil.com\/pt\/produto\/polimero-hibrido-one-001-cola-e-veda-elastico\/#primaryimage\"},\"image\":{\"@id\":\"https:\/\/penosil.com\/pt\/produto\/polimero-hibrido-one-001-cola-e-veda-elastico\/#primaryimage\"},\"thumbnailUrl\":\"https:\/\/penosil.com\/pt\/wp-content\/uploads\/sites\/10\/2022\/12\/Cola-e-Veda-Elastico-Polimero-Hibrido-One-001-Penosil.png\",\"datePublished\":\"2022-12-22T12:10:59+00:00\",\"dateModified\":\"2025-03-11T07:54:13+00:00\",\"description\":\"PENOSIL Pol\u00edmero H\u00edbrido One 001 Cola e Veda El\u00e1stico mesmo em superf\u00edcies h\u00famidas. 250 kg Extra forte, de grande elasticidade e resist\u00eancia \u00e0 \u00e1gua e UV's.\",\"breadcrumb\":{\"@id\":\"https:\/\/penosil.com\/pt\/produto\/polimero-hibrido-one-001-cola-e-veda-elastico\/#breadcrumb\"},\"inLanguage\":\"pt-PT\",\"potentialAction\":[{\"@type\":\"ReadAction\",\"target\":[\"https:\/\/penosil.com\/pt\/produto\/polimero-hibrido-one-001-cola-e-veda-elastico\/\"]}]},{\"@type\":\"ImageObject\",\"inLanguage\":\"pt-PT\",\"@id\":\"https:\/\/penosil.com\/pt\/produto\/polimero-hibrido-one-001-cola-e-veda-elastico\/#primaryimage\",\"url\":\"https:\/\/penosil.com\/pt\/wp-content\/uploads\/sites\/10\/2022\/12\/Cola-e-Veda-Elastico-Polimero-Hibrido-One-001-Penosil.png\",\"contentUrl\":\"https:\/\/penosil.com\/pt\/wp-content\/uploads\/sites\/10\/2022\/12\/Cola-e-Veda-Elastico-Polimero-Hibrido-One-001-Penosil.png\",\"width\":387,\"height\":1080,\"caption\":\"Cola e Veda El\u00e1stico Pol\u00edmero H\u00edbrido Penosil One 001\"},{\"@type\":\"BreadcrumbList\",\"@id\":\"https:\/\/penosil.com\/pt\/produto\/polimero-hibrido-one-001-cola-e-veda-elastico\/#breadcrumb\",\"itemListElement\":[{\"@type\":\"ListItem\",\"position\":1,\"name\":\"Home\",\"item\":\"https:\/\/penosil.com\/pt\/\"},{\"@type\":\"ListItem\",\"position\":2,\"name\":\"Produtos\",\"item\":\"https:\/\/penosil.com\/pt\/produtos\/\"},{\"@type\":\"ListItem\",\"position\":3,\"name\":\"Pol\u00edmero H\u00edbrido One 001 Cola e Veda El\u00e1stico\"}]},{\"@type\":\"WebSite\",\"@id\":\"https:\/\/penosil.com\/pt\/#website\",\"url\":\"https:\/\/penosil.com\/pt\/\",\"name\":\"Penosil Portugal\",\"description\":\"\",\"potentialAction\":[{\"@type\":\"SearchAction\",\"target\":{\"@type\":\"EntryPoint\",\"urlTemplate\":\"https:\/\/penosil.com\/pt\/?s={search_term_string}\"},\"query-input\":{\"@type\":\"PropertyValueSpecification\",\"valueRequired\":true,\"valueName\":\"search_term_string\"}}],\"inLanguage\":\"pt-PT\"}]}<\/script>\n<!-- \/ Yoast SEO plugin. -->","yoast_head_json":{"title":"PENOSIL Pol\u00edmero H\u00edbrido One 001 Cola e Veda El\u00e1stico","description":"PENOSIL Pol\u00edmero H\u00edbrido One 001 Cola e Veda El\u00e1stico mesmo em superf\u00edcies h\u00famidas. 250 kg Extra forte, de grande elasticidade e resist\u00eancia \u00e0 \u00e1gua e UV's.","robots":{"index":"index","follow":"follow","max-snippet":"max-snippet:-1","max-image-preview":"max-image-preview:large","max-video-preview":"max-video-preview:-1"},"canonical":"https:\/\/penosil.com\/pt\/produto\/polimero-hibrido-one-001-cola-e-veda-elastico\/","og_locale":"pt_PT","og_type":"article","og_title":"PENOSIL Pol\u00edmero H\u00edbrido One 001 Cola e Veda El\u00e1stico","og_description":"PENOSIL Pol\u00edmero H\u00edbrido One 001 Cola e Veda El\u00e1stico mesmo em superf\u00edcies h\u00famidas. 250 kg Extra forte, de grande elasticidade e resist\u00eancia \u00e0 \u00e1gua e UV's.","og_url":"https:\/\/penosil.com\/pt\/produto\/polimero-hibrido-one-001-cola-e-veda-elastico\/","og_site_name":"Penosil Portugal","article_modified_time":"2025-03-11T07:54:13+00:00","og_image":[{"width":387,"height":1080,"url":"https:\/\/penosil.com\/pt\/wp-content\/uploads\/sites\/10\/2022\/12\/Cola-e-Veda-Elastico-Polimero-Hibrido-One-001-Penosil.png","type":"image\/png"}],"twitter_card":"summary_large_image","twitter_misc":{"Tempo estimado de leitura":"3 minutos"},"schema":{"@context":"https:\/\/schema.org","@graph":[{"@type":"WebPage","@id":"https:\/\/penosil.com\/pt\/produto\/polimero-hibrido-one-001-cola-e-veda-elastico\/","url":"https:\/\/penosil.com\/pt\/produto\/polimero-hibrido-one-001-cola-e-veda-elastico\/","name":"PENOSIL Pol\u00edmero H\u00edbrido One 001 Cola e Veda El\u00e1stico","isPartOf":{"@id":"https:\/\/penosil.com\/pt\/#website"},"primaryImageOfPage":{"@id":"https:\/\/penosil.com\/pt\/produto\/polimero-hibrido-one-001-cola-e-veda-elastico\/#primaryimage"},"image":{"@id":"https:\/\/penosil.com\/pt\/produto\/polimero-hibrido-one-001-cola-e-veda-elastico\/#primaryimage"},"thumbnailUrl":"https:\/\/penosil.com\/pt\/wp-content\/uploads\/sites\/10\/2022\/12\/Cola-e-Veda-Elastico-Polimero-Hibrido-One-001-Penosil.png","datePublished":"2022-12-22T12:10:59+00:00","dateModified":"2025-03-11T07:54:13+00:00","description":"PENOSIL Pol\u00edmero H\u00edbrido One 001 Cola e Veda El\u00e1stico mesmo em superf\u00edcies h\u00famidas. 250 kg Extra forte, de grande elasticidade e resist\u00eancia \u00e0 \u00e1gua e UV's.","breadcrumb":{"@id":"https:\/\/penosil.com\/pt\/produto\/polimero-hibrido-one-001-cola-e-veda-elastico\/#breadcrumb"},"inLanguage":"pt-PT","potentialAction":[{"@type":"ReadAction","target":["https:\/\/penosil.com\/pt\/produto\/polimero-hibrido-one-001-cola-e-veda-elastico\/"]}]},{"@type":"ImageObject","inLanguage":"pt-PT","@id":"https:\/\/penosil.com\/pt\/produto\/polimero-hibrido-one-001-cola-e-veda-elastico\/#primaryimage","url":"https:\/\/penosil.com\/pt\/wp-content\/uploads\/sites\/10\/2022\/12\/Cola-e-Veda-Elastico-Polimero-Hibrido-One-001-Penosil.png","contentUrl":"https:\/\/penosil.com\/pt\/wp-content\/uploads\/sites\/10\/2022\/12\/Cola-e-Veda-Elastico-Polimero-Hibrido-One-001-Penosil.png","width":387,"height":1080,"caption":"Cola e Veda El\u00e1stico Pol\u00edmero H\u00edbrido Penosil One 001"},{"@type":"BreadcrumbList","@id":"https:\/\/penosil.com\/pt\/produto\/polimero-hibrido-one-001-cola-e-veda-elastico\/#breadcrumb","itemListElement":[{"@type":"ListItem","position":1,"name":"Home","item":"https:\/\/penosil.com\/pt\/"},{"@type":"ListItem","position":2,"name":"Produtos","item":"https:\/\/penosil.com\/pt\/produtos\/"},{"@type":"ListItem","position":3,"name":"Pol\u00edmero H\u00edbrido One 001 Cola e Veda El\u00e1stico"}]},{"@type":"WebSite","@id":"https:\/\/penosil.com\/pt\/#website","url":"https:\/\/penosil.com\/pt\/","name":"Penosil Portugal","description":"","potentialAction":[{"@type":"SearchAction","target":{"@type":"EntryPoint","urlTemplate":"https:\/\/penosil.com\/pt\/?s={search_term_string}"},"query-input":{"@type":"PropertyValueSpecification","valueRequired":true,"valueName":"search_term_string"}}],"inLanguage":"pt-PT"}]}},"featured_img":"https:\/\/penosil.com\/pt\/wp-content\/uploads\/sites\/10\/2022\/12\/Cola-e-Veda-Elastico-Polimero-Hibrido-One-001-Penosil.png","coauthors":[],"author_meta":{"author_link":"https:\/\/penosil.com\/pt\/author\/pedro\/","display_name":"pedro"},"relative_dates":{"created":"Posted 3 anos ago","modified":"Updated 1 ano ago"},"absolute_dates":{"created":"Posted on 22 de Dezembro, 2022","modified":"Updated on 11 de Mar\u00e7o, 2025"},"absolute_dates_time":{"created":"Posted on 22 de Dezembro, 2022 12:10","modified":"Updated on 11 de Mar\u00e7o, 2025 7:54"},"featured_img_caption":"","tax_additional":{"product_brand":{"linked":[],"unlinked":[],"slug":"product_brand","name":"Marcas"},"product_type":{"linked":["<a href=\"https:\/\/penosil.com\/pt\/?taxonomy=product_type&#038;term=variable\" class=\"advgb-post-tax-term\">variable<\/a>"],"unlinked":["<span class=\"advgb-post-tax-term\">variable<\/span>"],"slug":"product_type","name":"Tipo de produto"},"product_visibility":{"linked":[],"unlinked":[],"slug":"product_visibility","name":"Visibilidade do produto"},"product_cat":{"linked":["<a href=\"https:\/\/penosil.com\/pt\/categoria-produto\/areas-de-aplicacao\/\" class=\"advgb-post-tax-term\">\u00c1reas de aplica\u00e7\u00e3o<\/a>","<a href=\"https:\/\/penosil.com\/pt\/categoria-produto\/grupos-de-produtos\/\" class=\"advgb-post-tax-term\">Grupos de produtos<\/a>","<a href=\"https:\/\/penosil.com\/pt\/categoria-produto\/grupos-de-produtos\/selantes\/\" class=\"advgb-post-tax-term\">Selantes<\/a>","<a href=\"https:\/\/penosil.com\/pt\/categoria-produto\/grupos-de-produtos\/adesivos\/\" class=\"advgb-post-tax-term\">Colas<\/a>","<a href=\"https:\/\/penosil.com\/pt\/categoria-produto\/grupos-de-produtos\/selantes\/ms-polimeros-hibridos\/\" class=\"advgb-post-tax-term\">MS \/ Polimeros hibridos<\/a>","<a href=\"https:\/\/penosil.com\/pt\/categoria-produto\/areas-de-aplicacao\/cola-e-veda\/\" class=\"advgb-post-tax-term\">Cola e Veda<\/a>"],"unlinked":["<span class=\"advgb-post-tax-term\">\u00c1reas de aplica\u00e7\u00e3o<\/span>","<span class=\"advgb-post-tax-term\">Grupos de produtos<\/span>","<span class=\"advgb-post-tax-term\">Selantes<\/span>","<span class=\"advgb-post-tax-term\">Colas<\/span>","<span class=\"advgb-post-tax-term\">MS \/ Polimeros hibridos<\/span>","<span class=\"advgb-post-tax-term\">Cola e Veda<\/span>"],"slug":"product_cat","name":"Categorias de produto"},"product_tag":{"linked":[],"unlinked":[],"slug":"product_tag","name":"Etiquetas de produto"},"product_shipping_class":{"linked":[],"unlinked":[],"slug":"product_shipping_class","name":"Classes de envio do produto"},"pos_product_visibility":{"linked":[],"unlinked":[],"slug":"pos_product_visibility","name":"POS Product visibility"},"pa_color":{"linked":["<a href=\"https:\/\/penosil.com\/pt\/?taxonomy=pa_color&#038;term=preto\" class=\"advgb-post-tax-term\">Preto<\/a>","<a href=\"https:\/\/penosil.com\/pt\/?taxonomy=pa_color&#038;term=cinzento\" class=\"advgb-post-tax-term\">Cinzento<\/a>","<a href=\"https:\/\/penosil.com\/pt\/?taxonomy=pa_color&#038;term=branco\" class=\"advgb-post-tax-term\">Branco<\/a>","<a href=\"https:\/\/penosil.com\/pt\/?taxonomy=pa_color&#038;term=castanho\" class=\"advgb-post-tax-term\">Castanho<\/a>"],"unlinked":["<span class=\"advgb-post-tax-term\">Preto<\/span>","<span class=\"advgb-post-tax-term\">Cinzento<\/span>","<span class=\"advgb-post-tax-term\">Branco<\/span>","<span class=\"advgb-post-tax-term\">Castanho<\/span>"],"slug":"pa_color","name":"Product Cor"},"pa_package":{"linked":["<a href=\"https:\/\/penosil.com\/pt\/?taxonomy=pa_package&#038;term=cartucho-290-ml\" class=\"advgb-post-tax-term\">Cartucho 290 ml<\/a>","<a href=\"https:\/\/penosil.com\/pt\/?taxonomy=pa_package&#038;term=bolsa-600-ml\" class=\"advgb-post-tax-term\">Bolsa 600 ml<\/a>"],"unlinked":["<span class=\"advgb-post-tax-term\">Cartucho 290 ml<\/span>","<span class=\"advgb-post-tax-term\">Bolsa 600 ml<\/span>"],"slug":"pa_package","name":"Product Package"},"translation_priority":{"linked":["<a href=\"https:\/\/penosil.com\/pt\/?taxonomy=translation_priority&#038;term=opcional\" class=\"advgb-post-tax-term\">Opcional<\/a>"],"unlinked":["<span class=\"advgb-post-tax-term\">Opcional<\/span>"],"slug":"translation_priority","name":"Prioridades da Tradu\u00e7\u00e3o"}},"series_order":"","_links":{"self":[{"href":"https:\/\/penosil.com\/pt\/wp-json\/wp\/v2\/product\/8917","targetHints":{"allow":["GET"]}}],"collection":[{"href":"https:\/\/penosil.com\/pt\/wp-json\/wp\/v2\/product"}],"about":[{"href":"https:\/\/penosil.com\/pt\/wp-json\/wp\/v2\/types\/product"}],"version-history":[{"count":4,"href":"https:\/\/penosil.com\/pt\/wp-json\/wp\/v2\/product\/8917\/revisions"}],"predecessor-version":[{"id":10332,"href":"https:\/\/penosil.com\/pt\/wp-json\/wp\/v2\/product\/8917\/revisions\/10332"}],"wp:featuredmedia":[{"embeddable":true,"href":"https:\/\/penosil.com\/pt\/wp-json\/wp\/v2\/media\/10230"}],"wp:attachment":[{"href":"https:\/\/penosil.com\/pt\/wp-json\/wp\/v2\/media?parent=8917"}],"wp:term":[{"taxonomy":"product_brand","embeddable":true,"href":"https:\/\/penosil.com\/pt\/wp-json\/wp\/v2\/product_brand?post=8917"},{"taxonomy":"product_cat","embeddable":true,"href":"https:\/\/penosil.com\/pt\/wp-json\/wp\/v2\/product_cat?post=8917"},{"taxonomy":"product_tag","embeddable":true,"href":"https:\/\/penosil.com\/pt\/wp-json\/wp\/v2\/product_tag?post=8917"}],"curies":[{"name":"wp","href":"https:\/\/api.w.org\/{rel}","templated":true}]}}