{"id":8926,"date":"2022-12-22T12:10:59","date_gmt":"2022-12-22T12:10:59","guid":{"rendered":"https:\/\/penosil.com\/pt\/?post_type=product&#038;p=8926"},"modified":"2026-02-20T09:48:48","modified_gmt":"2026-02-20T09:48:48","slug":"bucha-quimica-tq-10s-bucha-quimica-poliester","status":"publish","type":"product","link":"https:\/\/penosil.com\/pt\/produto\/bucha-quimica-tq-10s-bucha-quimica-poliester\/","title":{"rendered":"Bucha Qu\u00edmica TQ-10s"},"content":{"rendered":"<p>PENOSIL Bucha Qu\u00edmica TQ-10s Poli\u00e9ster sem estireno \u00e9 um sistema bicomponente de ancoragem qu\u00edmica \u00e0 base de resina de poli\u00e9ster sem estireno, com alta resist\u00eancia para cargas m\u00e9dias.<\/p>\n","protected":false},"excerpt":{"rendered":"Sistema bicomponente para ancoragem qu\u00edmica \u00e0 base de resinas de poli\u00e9ster sem estireno, alta resist\u00eancia para cargas m\u00e9dias.","protected":false},"author":67,"featured_media":12035,"template":"","meta":{"_acf_changed":false,"advgb_blocks_editor_width":"","advgb_blocks_columns_visual_guide":"","footnotes":""},"product_brand":[],"product_cat":[2290,2291,1369,1390],"product_tag":[],"class_list":{"0":"post-8926","1":"product","2":"type-product","3":"status-publish","4":"has-post-thumbnail","6":"product_cat-areas-de-aplicacao","7":"product_cat-construcao","8":"product_cat-grupos-de-produtos","9":"product_cat-adesivos","11":"first","12":"instock","13":"purchasable","14":"product-type-variable"},"acf":[],"yoast_head":"<!-- This site is optimized with the Yoast SEO plugin v27.2 - https:\/\/yoast.com\/product\/yoast-seo-wordpress\/ -->\n<title>PENOSIL Bucha Qu\u00edmica TQ-10s Bucha Qu\u00edmica Poli\u00e9ster<\/title>\n<meta name=\"description\" content=\"PENOSIL Bucha Qu\u00edmica TQ-10s Bucha Qu\u00edmica Poli\u00e9ster. Sem estireno, de cura r\u00e1pida. Fixa cargas at\u00e9 1500 kg em materiais s\u00f3lidos e ocos.\" \/>\n<meta name=\"robots\" content=\"index, follow, max-snippet:-1, max-image-preview:large, max-video-preview:-1\" \/>\n<link rel=\"canonical\" href=\"https:\/\/penosil.com\/pt\/produto\/bucha-quimica-tq-10s-bucha-quimica-poliester\/\" \/>\n<meta property=\"og:locale\" content=\"pt_PT\" \/>\n<meta property=\"og:type\" content=\"article\" \/>\n<meta property=\"og:title\" content=\"PENOSIL Bucha Qu\u00edmica TQ-10s Bucha Qu\u00edmica Poli\u00e9ster\" \/>\n<meta property=\"og:description\" content=\"PENOSIL Bucha Qu\u00edmica TQ-10s Bucha Qu\u00edmica Poli\u00e9ster. Sem estireno, de cura r\u00e1pida. Fixa cargas at\u00e9 1500 kg em materiais s\u00f3lidos e ocos.\" \/>\n<meta property=\"og:url\" content=\"https:\/\/penosil.com\/pt\/produto\/bucha-quimica-tq-10s-bucha-quimica-poliester\/\" \/>\n<meta property=\"og:site_name\" content=\"Penosil Portugal\" \/>\n<meta property=\"article:modified_time\" content=\"2026-02-20T09:48:48+00:00\" \/>\n<meta property=\"og:image\" content=\"https:\/\/penosil.com\/pt\/wp-content\/uploads\/sites\/10\/2022\/12\/Bucha-Quimica-Poliester-sem-estireno-fixacao-cargas-medias-TQ-10s-PENOSIL.png\" \/>\n\t<meta property=\"og:image:width\" content=\"485\" \/>\n\t<meta property=\"og:image:height\" content=\"1080\" \/>\n\t<meta property=\"og:image:type\" content=\"image\/png\" \/>\n<meta name=\"twitter:card\" content=\"summary_large_image\" \/>\n<meta name=\"twitter:label1\" content=\"Tempo estimado de leitura\" \/>\n\t<meta name=\"twitter:data1\" content=\"4 minutos\" \/>\n<script type=\"application\/ld+json\" class=\"yoast-schema-graph\">{\"@context\":\"https:\/\/schema.org\",\"@graph\":[{\"@type\":\"WebPage\",\"@id\":\"https:\/\/penosil.com\/pt\/produto\/bucha-quimica-tq-10s-bucha-quimica-poliester\/\",\"url\":\"https:\/\/penosil.com\/pt\/produto\/bucha-quimica-tq-10s-bucha-quimica-poliester\/\",\"name\":\"PENOSIL Bucha Qu\u00edmica TQ-10s Bucha Qu\u00edmica Poli\u00e9ster\",\"isPartOf\":{\"@id\":\"https:\/\/penosil.com\/pt\/#website\"},\"primaryImageOfPage\":{\"@id\":\"https:\/\/penosil.com\/pt\/produto\/bucha-quimica-tq-10s-bucha-quimica-poliester\/#primaryimage\"},\"image\":{\"@id\":\"https:\/\/penosil.com\/pt\/produto\/bucha-quimica-tq-10s-bucha-quimica-poliester\/#primaryimage\"},\"thumbnailUrl\":\"https:\/\/penosil.com\/pt\/wp-content\/uploads\/sites\/10\/2022\/12\/Bucha-Quimica-Poliester-sem-estireno-fixacao-cargas-medias-TQ-10s-PENOSIL.png\",\"datePublished\":\"2022-12-22T12:10:59+00:00\",\"dateModified\":\"2026-02-20T09:48:48+00:00\",\"description\":\"PENOSIL Bucha Qu\u00edmica TQ-10s Bucha Qu\u00edmica Poli\u00e9ster. Sem estireno, de cura r\u00e1pida. Fixa cargas at\u00e9 1500 kg em materiais s\u00f3lidos e ocos.\",\"breadcrumb\":{\"@id\":\"https:\/\/penosil.com\/pt\/produto\/bucha-quimica-tq-10s-bucha-quimica-poliester\/#breadcrumb\"},\"inLanguage\":\"pt-PT\",\"potentialAction\":[{\"@type\":\"ReadAction\",\"target\":[\"https:\/\/penosil.com\/pt\/produto\/bucha-quimica-tq-10s-bucha-quimica-poliester\/\"]}]},{\"@type\":\"ImageObject\",\"inLanguage\":\"pt-PT\",\"@id\":\"https:\/\/penosil.com\/pt\/produto\/bucha-quimica-tq-10s-bucha-quimica-poliester\/#primaryimage\",\"url\":\"https:\/\/penosil.com\/pt\/wp-content\/uploads\/sites\/10\/2022\/12\/Bucha-Quimica-Poliester-sem-estireno-fixacao-cargas-medias-TQ-10s-PENOSIL.png\",\"contentUrl\":\"https:\/\/penosil.com\/pt\/wp-content\/uploads\/sites\/10\/2022\/12\/Bucha-Quimica-Poliester-sem-estireno-fixacao-cargas-medias-TQ-10s-PENOSIL.png\",\"width\":485,\"height\":1080,\"caption\":\"Bucha Quimica Poliester sem estireno fixacao cargas medias TQ-10s PENOSIL\"},{\"@type\":\"BreadcrumbList\",\"@id\":\"https:\/\/penosil.com\/pt\/produto\/bucha-quimica-tq-10s-bucha-quimica-poliester\/#breadcrumb\",\"itemListElement\":[{\"@type\":\"ListItem\",\"position\":1,\"name\":\"Home\",\"item\":\"https:\/\/penosil.com\/pt\/\"},{\"@type\":\"ListItem\",\"position\":2,\"name\":\"Produtos\",\"item\":\"https:\/\/penosil.com\/pt\/produtos\/\"},{\"@type\":\"ListItem\",\"position\":3,\"name\":\"Bucha Qu\u00edmica TQ-10s\"}]},{\"@type\":\"WebSite\",\"@id\":\"https:\/\/penosil.com\/pt\/#website\",\"url\":\"https:\/\/penosil.com\/pt\/\",\"name\":\"Penosil Portugal\",\"description\":\"\",\"potentialAction\":[{\"@type\":\"SearchAction\",\"target\":{\"@type\":\"EntryPoint\",\"urlTemplate\":\"https:\/\/penosil.com\/pt\/?s={search_term_string}\"},\"query-input\":{\"@type\":\"PropertyValueSpecification\",\"valueRequired\":true,\"valueName\":\"search_term_string\"}}],\"inLanguage\":\"pt-PT\"}]}<\/script>\n<!-- \/ Yoast SEO plugin. -->","yoast_head_json":{"title":"PENOSIL Bucha Qu\u00edmica TQ-10s Bucha Qu\u00edmica Poli\u00e9ster","description":"PENOSIL Bucha Qu\u00edmica TQ-10s Bucha Qu\u00edmica Poli\u00e9ster. Sem estireno, de cura r\u00e1pida. Fixa cargas at\u00e9 1500 kg em materiais s\u00f3lidos e ocos.","robots":{"index":"index","follow":"follow","max-snippet":"max-snippet:-1","max-image-preview":"max-image-preview:large","max-video-preview":"max-video-preview:-1"},"canonical":"https:\/\/penosil.com\/pt\/produto\/bucha-quimica-tq-10s-bucha-quimica-poliester\/","og_locale":"pt_PT","og_type":"article","og_title":"PENOSIL Bucha Qu\u00edmica TQ-10s Bucha Qu\u00edmica Poli\u00e9ster","og_description":"PENOSIL Bucha Qu\u00edmica TQ-10s Bucha Qu\u00edmica Poli\u00e9ster. Sem estireno, de cura r\u00e1pida. Fixa cargas at\u00e9 1500 kg em materiais s\u00f3lidos e ocos.","og_url":"https:\/\/penosil.com\/pt\/produto\/bucha-quimica-tq-10s-bucha-quimica-poliester\/","og_site_name":"Penosil Portugal","article_modified_time":"2026-02-20T09:48:48+00:00","og_image":[{"width":485,"height":1080,"url":"https:\/\/penosil.com\/pt\/wp-content\/uploads\/sites\/10\/2022\/12\/Bucha-Quimica-Poliester-sem-estireno-fixacao-cargas-medias-TQ-10s-PENOSIL.png","type":"image\/png"}],"twitter_card":"summary_large_image","twitter_misc":{"Tempo estimado de leitura":"4 minutos"},"schema":{"@context":"https:\/\/schema.org","@graph":[{"@type":"WebPage","@id":"https:\/\/penosil.com\/pt\/produto\/bucha-quimica-tq-10s-bucha-quimica-poliester\/","url":"https:\/\/penosil.com\/pt\/produto\/bucha-quimica-tq-10s-bucha-quimica-poliester\/","name":"PENOSIL Bucha Qu\u00edmica TQ-10s Bucha Qu\u00edmica Poli\u00e9ster","isPartOf":{"@id":"https:\/\/penosil.com\/pt\/#website"},"primaryImageOfPage":{"@id":"https:\/\/penosil.com\/pt\/produto\/bucha-quimica-tq-10s-bucha-quimica-poliester\/#primaryimage"},"image":{"@id":"https:\/\/penosil.com\/pt\/produto\/bucha-quimica-tq-10s-bucha-quimica-poliester\/#primaryimage"},"thumbnailUrl":"https:\/\/penosil.com\/pt\/wp-content\/uploads\/sites\/10\/2022\/12\/Bucha-Quimica-Poliester-sem-estireno-fixacao-cargas-medias-TQ-10s-PENOSIL.png","datePublished":"2022-12-22T12:10:59+00:00","dateModified":"2026-02-20T09:48:48+00:00","description":"PENOSIL Bucha Qu\u00edmica TQ-10s Bucha Qu\u00edmica Poli\u00e9ster. Sem estireno, de cura r\u00e1pida. Fixa cargas at\u00e9 1500 kg em materiais s\u00f3lidos e ocos.","breadcrumb":{"@id":"https:\/\/penosil.com\/pt\/produto\/bucha-quimica-tq-10s-bucha-quimica-poliester\/#breadcrumb"},"inLanguage":"pt-PT","potentialAction":[{"@type":"ReadAction","target":["https:\/\/penosil.com\/pt\/produto\/bucha-quimica-tq-10s-bucha-quimica-poliester\/"]}]},{"@type":"ImageObject","inLanguage":"pt-PT","@id":"https:\/\/penosil.com\/pt\/produto\/bucha-quimica-tq-10s-bucha-quimica-poliester\/#primaryimage","url":"https:\/\/penosil.com\/pt\/wp-content\/uploads\/sites\/10\/2022\/12\/Bucha-Quimica-Poliester-sem-estireno-fixacao-cargas-medias-TQ-10s-PENOSIL.png","contentUrl":"https:\/\/penosil.com\/pt\/wp-content\/uploads\/sites\/10\/2022\/12\/Bucha-Quimica-Poliester-sem-estireno-fixacao-cargas-medias-TQ-10s-PENOSIL.png","width":485,"height":1080,"caption":"Bucha Quimica Poliester sem estireno fixacao cargas medias TQ-10s PENOSIL"},{"@type":"BreadcrumbList","@id":"https:\/\/penosil.com\/pt\/produto\/bucha-quimica-tq-10s-bucha-quimica-poliester\/#breadcrumb","itemListElement":[{"@type":"ListItem","position":1,"name":"Home","item":"https:\/\/penosil.com\/pt\/"},{"@type":"ListItem","position":2,"name":"Produtos","item":"https:\/\/penosil.com\/pt\/produtos\/"},{"@type":"ListItem","position":3,"name":"Bucha Qu\u00edmica TQ-10s"}]},{"@type":"WebSite","@id":"https:\/\/penosil.com\/pt\/#website","url":"https:\/\/penosil.com\/pt\/","name":"Penosil Portugal","description":"","potentialAction":[{"@type":"SearchAction","target":{"@type":"EntryPoint","urlTemplate":"https:\/\/penosil.com\/pt\/?s={search_term_string}"},"query-input":{"@type":"PropertyValueSpecification","valueRequired":true,"valueName":"search_term_string"}}],"inLanguage":"pt-PT"}]}},"featured_img":"https:\/\/penosil.com\/pt\/wp-content\/uploads\/sites\/10\/2022\/12\/Bucha-Quimica-Poliester-sem-estireno-fixacao-cargas-medias-TQ-10s-PENOSIL.png","coauthors":[],"author_meta":{"author_link":"https:\/\/penosil.com\/pt\/author\/pedro\/","display_name":"pedro"},"relative_dates":{"created":"Posted 3 anos ago","modified":"Updated 2 meses ago"},"absolute_dates":{"created":"Posted on 22 de Dezembro, 2022","modified":"Updated on 20 de Fevereiro, 2026"},"absolute_dates_time":{"created":"Posted on 22 de Dezembro, 2022 12:10","modified":"Updated on 20 de Fevereiro, 2026 9:48"},"featured_img_caption":"Bucha Quimica Poliester sem estireno fixacao cargas medias TQ-10s PENOSIL","tax_additional":{"product_brand":{"linked":[],"unlinked":[],"slug":"product_brand","name":"Marcas"},"product_type":{"linked":["<a href=\"https:\/\/penosil.com\/pt\/?taxonomy=product_type&#038;term=variable\" class=\"advgb-post-tax-term\">variable<\/a>"],"unlinked":["<span class=\"advgb-post-tax-term\">variable<\/span>"],"slug":"product_type","name":"Tipo de produto"},"product_visibility":{"linked":[],"unlinked":[],"slug":"product_visibility","name":"Visibilidade do produto"},"product_cat":{"linked":["<a href=\"https:\/\/penosil.com\/pt\/categoria-produto\/areas-de-aplicacao\/\" class=\"advgb-post-tax-term\">\u00c1reas de aplica\u00e7\u00e3o<\/a>","<a href=\"https:\/\/penosil.com\/pt\/categoria-produto\/areas-de-aplicacao\/construcao\/\" class=\"advgb-post-tax-term\">Constru\u00e7\u00e3o<\/a>","<a href=\"https:\/\/penosil.com\/pt\/categoria-produto\/grupos-de-produtos\/\" class=\"advgb-post-tax-term\">Grupos de produtos<\/a>","<a href=\"https:\/\/penosil.com\/pt\/categoria-produto\/grupos-de-produtos\/adesivos\/\" class=\"advgb-post-tax-term\">Colas<\/a>"],"unlinked":["<span class=\"advgb-post-tax-term\">\u00c1reas de aplica\u00e7\u00e3o<\/span>","<span class=\"advgb-post-tax-term\">Constru\u00e7\u00e3o<\/span>","<span class=\"advgb-post-tax-term\">Grupos de produtos<\/span>","<span class=\"advgb-post-tax-term\">Colas<\/span>"],"slug":"product_cat","name":"Categorias de produto"},"product_tag":{"linked":[],"unlinked":[],"slug":"product_tag","name":"Etiquetas de produto"},"product_shipping_class":{"linked":[],"unlinked":[],"slug":"product_shipping_class","name":"Classes de envio do produto"},"pos_product_visibility":{"linked":[],"unlinked":[],"slug":"pos_product_visibility","name":"POS Product visibility"},"pa_color":{"linked":["<a href=\"https:\/\/penosil.com\/pt\/?taxonomy=pa_color&#038;term=cinza\" class=\"advgb-post-tax-term\">Cinza<\/a>"],"unlinked":["<span class=\"advgb-post-tax-term\">Cinza<\/span>"],"slug":"pa_color","name":"Product Cor"},"pa_package":{"linked":["<a href=\"https:\/\/penosil.com\/pt\/?taxonomy=pa_package&#038;term=300-ml\" class=\"advgb-post-tax-term\">300 ml<\/a>","<a href=\"https:\/\/penosil.com\/pt\/?taxonomy=pa_package&#038;term=410-ml\" class=\"advgb-post-tax-term\">410 ml<\/a>"],"unlinked":["<span class=\"advgb-post-tax-term\">300 ml<\/span>","<span class=\"advgb-post-tax-term\">410 ml<\/span>"],"slug":"pa_package","name":"Product Package"},"translation_priority":{"linked":["<a href=\"https:\/\/penosil.com\/pt\/?taxonomy=translation_priority&#038;term=opcional\" class=\"advgb-post-tax-term\">Opcional<\/a>"],"unlinked":["<span class=\"advgb-post-tax-term\">Opcional<\/span>"],"slug":"translation_priority","name":"Prioridades da Tradu\u00e7\u00e3o"}},"series_order":"","_links":{"self":[{"href":"https:\/\/penosil.com\/pt\/wp-json\/wp\/v2\/product\/8926","targetHints":{"allow":["GET"]}}],"collection":[{"href":"https:\/\/penosil.com\/pt\/wp-json\/wp\/v2\/product"}],"about":[{"href":"https:\/\/penosil.com\/pt\/wp-json\/wp\/v2\/types\/product"}],"version-history":[{"count":11,"href":"https:\/\/penosil.com\/pt\/wp-json\/wp\/v2\/product\/8926\/revisions"}],"predecessor-version":[{"id":12094,"href":"https:\/\/penosil.com\/pt\/wp-json\/wp\/v2\/product\/8926\/revisions\/12094"}],"wp:featuredmedia":[{"embeddable":true,"href":"https:\/\/penosil.com\/pt\/wp-json\/wp\/v2\/media\/12035"}],"wp:attachment":[{"href":"https:\/\/penosil.com\/pt\/wp-json\/wp\/v2\/media?parent=8926"}],"wp:term":[{"taxonomy":"product_brand","embeddable":true,"href":"https:\/\/penosil.com\/pt\/wp-json\/wp\/v2\/product_brand?post=8926"},{"taxonomy":"product_cat","embeddable":true,"href":"https:\/\/penosil.com\/pt\/wp-json\/wp\/v2\/product_cat?post=8926"},{"taxonomy":"product_tag","embeddable":true,"href":"https:\/\/penosil.com\/pt\/wp-json\/wp\/v2\/product_tag?post=8926"}],"curies":[{"name":"wp","href":"https:\/\/api.w.org\/{rel}","templated":true}]}}