{"id":8954,"date":"2022-12-22T12:10:59","date_gmt":"2022-12-22T12:10:59","guid":{"rendered":"https:\/\/penosil.com\/pt\/?post_type=product&#038;p=8954"},"modified":"2025-03-11T07:54:14","modified_gmt":"2025-03-11T07:54:14","slug":"cola-liquida-d4-a-34-para-colagens-multimateriais-extrafortes","status":"publish","type":"product","link":"https:\/\/penosil.com\/pt\/produto\/cola-liquida-d4-a-34-para-colagens-multimateriais-extrafortes\/","title":{"rendered":"Cola L\u00edquida D4 A-34"},"content":{"rendered":"<p>Adesivo monocomponente \u00e0 base de poliuretano, isento de solventes, que polimeriza em contacto com a humidade atmosf\u00e9rica. Capacidade de preenchimento de irregularidades, alta resist\u00eancia mec\u00e2nica final. M\u00e1xima resist\u00eancia \u00e0 \u00e1gua doce e salgada.<\/p>\n","protected":false},"excerpt":{"rendered":"Adesivo monocomponente \u00e0 base de poliuretano, isento de solventes, que polimeriza em contacto com a humidade atmosf\u00e9rica. Capacidade de preenchimento de irregularidades, alta resist\u00eancia mec\u00e2nica final. M\u00e1xima resist\u00eancia \u00e0 \u00e1gua doce e salgada.","protected":false},"author":67,"featured_media":9148,"template":"","meta":{"_acf_changed":false,"advgb_blocks_editor_width":"","advgb_blocks_columns_visual_guide":"","footnotes":""},"product_brand":[],"product_cat":[2290,1369,1390,2296],"product_tag":[],"class_list":{"0":"post-8954","1":"product","2":"type-product","3":"status-publish","4":"has-post-thumbnail","6":"product_cat-areas-de-aplicacao","7":"product_cat-grupos-de-produtos","8":"product_cat-adesivos","9":"product_cat-colas","11":"first","12":"instock","13":"purchasable","14":"product-type-simple"},"acf":[],"yoast_head":"<!-- This site is optimized with the Yoast SEO plugin v27.2 - https:\/\/yoast.com\/product\/yoast-seo-wordpress\/ -->\n<title>PENOSIL Cola L\u00edquida D4 A-34 para colagens multimateriais extrafortes<\/title>\n<meta name=\"description\" content=\"PENOSIL Cola L\u00edquida D4 A-34 para colagens multimateriais extrafortes no exterior. Preenche irregularidades e resiste \u00e0 \u00e1gua. Apto para a ind\u00fastria naval.\" \/>\n<meta name=\"robots\" content=\"index, follow, max-snippet:-1, max-image-preview:large, max-video-preview:-1\" \/>\n<link rel=\"canonical\" href=\"https:\/\/penosil.com\/pt\/produto\/cola-liquida-d4-a-34-para-colagens-multimateriais-extrafortes\/\" \/>\n<meta property=\"og:locale\" content=\"pt_PT\" \/>\n<meta property=\"og:type\" content=\"article\" \/>\n<meta property=\"og:title\" content=\"PENOSIL Cola L\u00edquida D4 A-34 para colagens multimateriais extrafortes\" \/>\n<meta property=\"og:description\" content=\"PENOSIL Cola L\u00edquida D4 A-34 para colagens multimateriais extrafortes no exterior. Preenche irregularidades e resiste \u00e0 \u00e1gua. Apto para a ind\u00fastria naval.\" \/>\n<meta property=\"og:url\" content=\"https:\/\/penosil.com\/pt\/produto\/cola-liquida-d4-a-34-para-colagens-multimateriais-extrafortes\/\" \/>\n<meta property=\"og:site_name\" content=\"Penosil Portugal\" \/>\n<meta property=\"article:modified_time\" content=\"2025-03-11T07:54:14+00:00\" \/>\n<meta property=\"og:image\" content=\"https:\/\/penosil.com\/pt\/wp-content\/uploads\/sites\/10\/2022\/12\/A-34.png\" \/>\n\t<meta property=\"og:image:width\" content=\"400\" \/>\n\t<meta property=\"og:image:height\" content=\"1080\" \/>\n\t<meta property=\"og:image:type\" content=\"image\/png\" \/>\n<meta name=\"twitter:card\" content=\"summary_large_image\" \/>\n<meta name=\"twitter:label1\" content=\"Tempo estimado de leitura\" \/>\n\t<meta name=\"twitter:data1\" content=\"1 minuto\" \/>\n<script type=\"application\/ld+json\" class=\"yoast-schema-graph\">{\"@context\":\"https:\/\/schema.org\",\"@graph\":[{\"@type\":\"WebPage\",\"@id\":\"https:\/\/penosil.com\/pt\/produto\/cola-liquida-d4-a-34-para-colagens-multimateriais-extrafortes\/\",\"url\":\"https:\/\/penosil.com\/pt\/produto\/cola-liquida-d4-a-34-para-colagens-multimateriais-extrafortes\/\",\"name\":\"PENOSIL Cola L\u00edquida D4 A-34 para colagens multimateriais extrafortes\",\"isPartOf\":{\"@id\":\"https:\/\/penosil.com\/pt\/#website\"},\"primaryImageOfPage\":{\"@id\":\"https:\/\/penosil.com\/pt\/produto\/cola-liquida-d4-a-34-para-colagens-multimateriais-extrafortes\/#primaryimage\"},\"image\":{\"@id\":\"https:\/\/penosil.com\/pt\/produto\/cola-liquida-d4-a-34-para-colagens-multimateriais-extrafortes\/#primaryimage\"},\"thumbnailUrl\":\"https:\/\/penosil.com\/pt\/wp-content\/uploads\/sites\/10\/2022\/12\/A-34.png\",\"datePublished\":\"2022-12-22T12:10:59+00:00\",\"dateModified\":\"2025-03-11T07:54:14+00:00\",\"description\":\"PENOSIL Cola L\u00edquida D4 A-34 para colagens multimateriais extrafortes no exterior. Preenche irregularidades e resiste \u00e0 \u00e1gua. Apto para a ind\u00fastria naval.\",\"breadcrumb\":{\"@id\":\"https:\/\/penosil.com\/pt\/produto\/cola-liquida-d4-a-34-para-colagens-multimateriais-extrafortes\/#breadcrumb\"},\"inLanguage\":\"pt-PT\",\"potentialAction\":[{\"@type\":\"ReadAction\",\"target\":[\"https:\/\/penosil.com\/pt\/produto\/cola-liquida-d4-a-34-para-colagens-multimateriais-extrafortes\/\"]}]},{\"@type\":\"ImageObject\",\"inLanguage\":\"pt-PT\",\"@id\":\"https:\/\/penosil.com\/pt\/produto\/cola-liquida-d4-a-34-para-colagens-multimateriais-extrafortes\/#primaryimage\",\"url\":\"https:\/\/penosil.com\/pt\/wp-content\/uploads\/sites\/10\/2022\/12\/A-34.png\",\"contentUrl\":\"https:\/\/penosil.com\/pt\/wp-content\/uploads\/sites\/10\/2022\/12\/A-34.png\",\"width\":400,\"height\":1080},{\"@type\":\"BreadcrumbList\",\"@id\":\"https:\/\/penosil.com\/pt\/produto\/cola-liquida-d4-a-34-para-colagens-multimateriais-extrafortes\/#breadcrumb\",\"itemListElement\":[{\"@type\":\"ListItem\",\"position\":1,\"name\":\"Home\",\"item\":\"https:\/\/penosil.com\/pt\/\"},{\"@type\":\"ListItem\",\"position\":2,\"name\":\"Produtos\",\"item\":\"https:\/\/penosil.com\/pt\/produtos\/\"},{\"@type\":\"ListItem\",\"position\":3,\"name\":\"Cola L\u00edquida D4 A-34 para colagens multimateriais extrafortes\"}]},{\"@type\":\"WebSite\",\"@id\":\"https:\/\/penosil.com\/pt\/#website\",\"url\":\"https:\/\/penosil.com\/pt\/\",\"name\":\"Penosil Portugal\",\"description\":\"\",\"potentialAction\":[{\"@type\":\"SearchAction\",\"target\":{\"@type\":\"EntryPoint\",\"urlTemplate\":\"https:\/\/penosil.com\/pt\/?s={search_term_string}\"},\"query-input\":{\"@type\":\"PropertyValueSpecification\",\"valueRequired\":true,\"valueName\":\"search_term_string\"}}],\"inLanguage\":\"pt-PT\"}]}<\/script>\n<!-- \/ Yoast SEO plugin. -->","yoast_head_json":{"title":"PENOSIL Cola L\u00edquida D4 A-34 para colagens multimateriais extrafortes","description":"PENOSIL Cola L\u00edquida D4 A-34 para colagens multimateriais extrafortes no exterior. Preenche irregularidades e resiste \u00e0 \u00e1gua. Apto para a ind\u00fastria naval.","robots":{"index":"index","follow":"follow","max-snippet":"max-snippet:-1","max-image-preview":"max-image-preview:large","max-video-preview":"max-video-preview:-1"},"canonical":"https:\/\/penosil.com\/pt\/produto\/cola-liquida-d4-a-34-para-colagens-multimateriais-extrafortes\/","og_locale":"pt_PT","og_type":"article","og_title":"PENOSIL Cola L\u00edquida D4 A-34 para colagens multimateriais extrafortes","og_description":"PENOSIL Cola L\u00edquida D4 A-34 para colagens multimateriais extrafortes no exterior. Preenche irregularidades e resiste \u00e0 \u00e1gua. Apto para a ind\u00fastria naval.","og_url":"https:\/\/penosil.com\/pt\/produto\/cola-liquida-d4-a-34-para-colagens-multimateriais-extrafortes\/","og_site_name":"Penosil Portugal","article_modified_time":"2025-03-11T07:54:14+00:00","og_image":[{"width":400,"height":1080,"url":"https:\/\/penosil.com\/pt\/wp-content\/uploads\/sites\/10\/2022\/12\/A-34.png","type":"image\/png"}],"twitter_card":"summary_large_image","twitter_misc":{"Tempo estimado de leitura":"1 minuto"},"schema":{"@context":"https:\/\/schema.org","@graph":[{"@type":"WebPage","@id":"https:\/\/penosil.com\/pt\/produto\/cola-liquida-d4-a-34-para-colagens-multimateriais-extrafortes\/","url":"https:\/\/penosil.com\/pt\/produto\/cola-liquida-d4-a-34-para-colagens-multimateriais-extrafortes\/","name":"PENOSIL Cola L\u00edquida D4 A-34 para colagens multimateriais extrafortes","isPartOf":{"@id":"https:\/\/penosil.com\/pt\/#website"},"primaryImageOfPage":{"@id":"https:\/\/penosil.com\/pt\/produto\/cola-liquida-d4-a-34-para-colagens-multimateriais-extrafortes\/#primaryimage"},"image":{"@id":"https:\/\/penosil.com\/pt\/produto\/cola-liquida-d4-a-34-para-colagens-multimateriais-extrafortes\/#primaryimage"},"thumbnailUrl":"https:\/\/penosil.com\/pt\/wp-content\/uploads\/sites\/10\/2022\/12\/A-34.png","datePublished":"2022-12-22T12:10:59+00:00","dateModified":"2025-03-11T07:54:14+00:00","description":"PENOSIL Cola L\u00edquida D4 A-34 para colagens multimateriais extrafortes no exterior. Preenche irregularidades e resiste \u00e0 \u00e1gua. Apto para a ind\u00fastria naval.","breadcrumb":{"@id":"https:\/\/penosil.com\/pt\/produto\/cola-liquida-d4-a-34-para-colagens-multimateriais-extrafortes\/#breadcrumb"},"inLanguage":"pt-PT","potentialAction":[{"@type":"ReadAction","target":["https:\/\/penosil.com\/pt\/produto\/cola-liquida-d4-a-34-para-colagens-multimateriais-extrafortes\/"]}]},{"@type":"ImageObject","inLanguage":"pt-PT","@id":"https:\/\/penosil.com\/pt\/produto\/cola-liquida-d4-a-34-para-colagens-multimateriais-extrafortes\/#primaryimage","url":"https:\/\/penosil.com\/pt\/wp-content\/uploads\/sites\/10\/2022\/12\/A-34.png","contentUrl":"https:\/\/penosil.com\/pt\/wp-content\/uploads\/sites\/10\/2022\/12\/A-34.png","width":400,"height":1080},{"@type":"BreadcrumbList","@id":"https:\/\/penosil.com\/pt\/produto\/cola-liquida-d4-a-34-para-colagens-multimateriais-extrafortes\/#breadcrumb","itemListElement":[{"@type":"ListItem","position":1,"name":"Home","item":"https:\/\/penosil.com\/pt\/"},{"@type":"ListItem","position":2,"name":"Produtos","item":"https:\/\/penosil.com\/pt\/produtos\/"},{"@type":"ListItem","position":3,"name":"Cola L\u00edquida D4 A-34 para colagens multimateriais extrafortes"}]},{"@type":"WebSite","@id":"https:\/\/penosil.com\/pt\/#website","url":"https:\/\/penosil.com\/pt\/","name":"Penosil Portugal","description":"","potentialAction":[{"@type":"SearchAction","target":{"@type":"EntryPoint","urlTemplate":"https:\/\/penosil.com\/pt\/?s={search_term_string}"},"query-input":{"@type":"PropertyValueSpecification","valueRequired":true,"valueName":"search_term_string"}}],"inLanguage":"pt-PT"}]}},"featured_img":"https:\/\/penosil.com\/pt\/wp-content\/uploads\/sites\/10\/2022\/12\/A-34.png","coauthors":[],"author_meta":{"author_link":"https:\/\/penosil.com\/pt\/author\/pedro\/","display_name":"pedro"},"relative_dates":{"created":"Posted 3 anos ago","modified":"Updated 1 ano ago"},"absolute_dates":{"created":"Posted on 22 de Dezembro, 2022","modified":"Updated on 11 de Mar\u00e7o, 2025"},"absolute_dates_time":{"created":"Posted on 22 de Dezembro, 2022 12:10","modified":"Updated on 11 de Mar\u00e7o, 2025 7:54"},"featured_img_caption":"","tax_additional":{"product_brand":{"linked":[],"unlinked":[],"slug":"product_brand","name":"Marcas"},"product_type":{"linked":["<a href=\"https:\/\/penosil.com\/pt\/?taxonomy=product_type&#038;term=simple\" class=\"advgb-post-tax-term\">simple<\/a>"],"unlinked":["<span class=\"advgb-post-tax-term\">simple<\/span>"],"slug":"product_type","name":"Tipo de produto"},"product_visibility":{"linked":[],"unlinked":[],"slug":"product_visibility","name":"Visibilidade do produto"},"product_cat":{"linked":["<a href=\"https:\/\/penosil.com\/pt\/categoria-produto\/areas-de-aplicacao\/\" class=\"advgb-post-tax-term\">\u00c1reas de aplica\u00e7\u00e3o<\/a>","<a href=\"https:\/\/penosil.com\/pt\/categoria-produto\/grupos-de-produtos\/\" class=\"advgb-post-tax-term\">Grupos de produtos<\/a>","<a href=\"https:\/\/penosil.com\/pt\/categoria-produto\/grupos-de-produtos\/adesivos\/\" class=\"advgb-post-tax-term\">Colas<\/a>","<a href=\"https:\/\/penosil.com\/pt\/categoria-produto\/areas-de-aplicacao\/colas\/\" class=\"advgb-post-tax-term\">Colas<\/a>"],"unlinked":["<span class=\"advgb-post-tax-term\">\u00c1reas de aplica\u00e7\u00e3o<\/span>","<span class=\"advgb-post-tax-term\">Grupos de produtos<\/span>","<span class=\"advgb-post-tax-term\">Colas<\/span>","<span class=\"advgb-post-tax-term\">Colas<\/span>"],"slug":"product_cat","name":"Categorias de produto"},"product_tag":{"linked":[],"unlinked":[],"slug":"product_tag","name":"Etiquetas de produto"},"product_shipping_class":{"linked":[],"unlinked":[],"slug":"product_shipping_class","name":"Classes de envio do produto"},"pos_product_visibility":{"linked":[],"unlinked":[],"slug":"pos_product_visibility","name":"POS Product visibility"},"pa_color":{"linked":["<a href=\"https:\/\/penosil.com\/pt\/?taxonomy=pa_color&#038;term=castanho\" class=\"advgb-post-tax-term\">Castanho<\/a>"],"unlinked":["<span class=\"advgb-post-tax-term\">Castanho<\/span>"],"slug":"pa_color","name":"Product Cor"},"pa_package":{"linked":["<a href=\"https:\/\/penosil.com\/pt\/?taxonomy=pa_package&#038;term=aerossol-750-ml\" class=\"advgb-post-tax-term\">Aerossol 750 ml<\/a>"],"unlinked":["<span class=\"advgb-post-tax-term\">Aerossol 750 ml<\/span>"],"slug":"pa_package","name":"Product Package"},"translation_priority":{"linked":["<a href=\"https:\/\/penosil.com\/pt\/?taxonomy=translation_priority&#038;term=opcional\" class=\"advgb-post-tax-term\">Opcional<\/a>"],"unlinked":["<span class=\"advgb-post-tax-term\">Opcional<\/span>"],"slug":"translation_priority","name":"Prioridades da Tradu\u00e7\u00e3o"}},"series_order":"","_links":{"self":[{"href":"https:\/\/penosil.com\/pt\/wp-json\/wp\/v2\/product\/8954","targetHints":{"allow":["GET"]}}],"collection":[{"href":"https:\/\/penosil.com\/pt\/wp-json\/wp\/v2\/product"}],"about":[{"href":"https:\/\/penosil.com\/pt\/wp-json\/wp\/v2\/types\/product"}],"version-history":[{"count":1,"href":"https:\/\/penosil.com\/pt\/wp-json\/wp\/v2\/product\/8954\/revisions"}],"predecessor-version":[{"id":10339,"href":"https:\/\/penosil.com\/pt\/wp-json\/wp\/v2\/product\/8954\/revisions\/10339"}],"wp:featuredmedia":[{"embeddable":true,"href":"https:\/\/penosil.com\/pt\/wp-json\/wp\/v2\/media\/9148"}],"wp:attachment":[{"href":"https:\/\/penosil.com\/pt\/wp-json\/wp\/v2\/media?parent=8954"}],"wp:term":[{"taxonomy":"product_brand","embeddable":true,"href":"https:\/\/penosil.com\/pt\/wp-json\/wp\/v2\/product_brand?post=8954"},{"taxonomy":"product_cat","embeddable":true,"href":"https:\/\/penosil.com\/pt\/wp-json\/wp\/v2\/product_cat?post=8954"},{"taxonomy":"product_tag","embeddable":true,"href":"https:\/\/penosil.com\/pt\/wp-json\/wp\/v2\/product_tag?post=8954"}],"curies":[{"name":"wp","href":"https:\/\/api.w.org\/{rel}","templated":true}]}}