{"id":8963,"date":"2022-12-22T12:10:59","date_gmt":"2022-12-22T12:10:59","guid":{"rendered":"https:\/\/penosil.com\/pt\/?post_type=product&#038;p=8963"},"modified":"2025-05-02T17:42:14","modified_gmt":"2025-05-02T17:42:14","slug":"silicone-neutro-espelhos-364-colagem-espelhos-decoracao","status":"publish","type":"product","link":"https:\/\/penosil.com\/pt\/produto\/silicone-neutro-espelhos-364-colagem-espelhos-decoracao\/","title":{"rendered":"Silicone Neutro Espelhos 364"},"content":{"rendered":"<p>Adesivo de silicone para espelhos de decora\u00e7\u00e3o. Cura com a humidade atmosf\u00e9rica formando um filme el\u00e1stico e resistente. N\u00e3o ataca o lacado dos espelhos.<\/p>\n","protected":false},"excerpt":{"rendered":"Adesivo de silicone neutro para espelhos de decora\u00e7\u00e3o. Cura com a humidade atmosf\u00e9rica formando um filme el\u00e1stico e resistente.","protected":false},"author":67,"featured_media":10475,"template":"","meta":{"_acf_changed":false,"advgb_blocks_editor_width":"","advgb_blocks_columns_visual_guide":"","footnotes":""},"product_brand":[],"product_cat":[2290,1369,1611,1647,1390,2296],"product_tag":[],"class_list":{"0":"post-8963","1":"product","2":"type-product","3":"status-publish","4":"has-post-thumbnail","6":"product_cat-areas-de-aplicacao","7":"product_cat-grupos-de-produtos","8":"product_cat-selantes","9":"product_cat-silicones","10":"product_cat-adesivos","11":"product_cat-colas","13":"first","14":"instock","15":"purchasable","16":"product-type-variable"},"acf":[],"yoast_head":"<!-- This site is optimized with the Yoast SEO plugin v27.2 - https:\/\/yoast.com\/product\/yoast-seo-wordpress\/ -->\n<title>PENOSIL Silicone Neutro Espelhos 364 Colagem Espelhos<\/title>\n<meta name=\"description\" content=\"PENOSIL Silicone Neutro Espelhos G-64 Colagem Espelhos decora\u00e7\u00e3o. N\u00e3o ataca o lacado dos espelhos. Sem odor. Forte ader\u00eancia, el\u00e1stico, resiste \u00e0 humidade.\" \/>\n<meta name=\"robots\" content=\"index, follow, max-snippet:-1, max-image-preview:large, max-video-preview:-1\" \/>\n<link rel=\"canonical\" href=\"https:\/\/penosil.com\/pt\/produto\/silicone-neutro-espelhos-364-colagem-espelhos-decoracao\/\" \/>\n<meta property=\"og:locale\" content=\"pt_PT\" \/>\n<meta property=\"og:type\" content=\"article\" \/>\n<meta property=\"og:title\" content=\"PENOSIL Silicone Neutro Espelhos 364 Colagem Espelhos\" \/>\n<meta property=\"og:description\" content=\"PENOSIL Silicone Neutro Espelhos G-64 Colagem Espelhos decora\u00e7\u00e3o. N\u00e3o ataca o lacado dos espelhos. Sem odor. Forte ader\u00eancia, el\u00e1stico, resiste \u00e0 humidade.\" \/>\n<meta property=\"og:url\" content=\"https:\/\/penosil.com\/pt\/produto\/silicone-neutro-espelhos-364-colagem-espelhos-decoracao\/\" \/>\n<meta property=\"og:site_name\" content=\"Penosil Portugal\" \/>\n<meta property=\"article:modified_time\" content=\"2025-05-02T17:42:14+00:00\" \/>\n<meta property=\"og:image\" content=\"https:\/\/penosil.com\/pt\/wp-content\/uploads\/sites\/10\/2022\/12\/Silicone-Neutro-Espelhos-Penosil-364-Colagem-Espelhos-2.png\" \/>\n\t<meta property=\"og:image:width\" content=\"387\" \/>\n\t<meta property=\"og:image:height\" content=\"1080\" \/>\n\t<meta property=\"og:image:type\" content=\"image\/png\" \/>\n<meta name=\"twitter:card\" content=\"summary_large_image\" \/>\n<meta name=\"twitter:label1\" content=\"Tempo estimado de leitura\" \/>\n\t<meta name=\"twitter:data1\" content=\"2 minutos\" \/>\n<script type=\"application\/ld+json\" class=\"yoast-schema-graph\">{\"@context\":\"https:\/\/schema.org\",\"@graph\":[{\"@type\":\"WebPage\",\"@id\":\"https:\/\/penosil.com\/pt\/produto\/silicone-neutro-espelhos-364-colagem-espelhos-decoracao\/\",\"url\":\"https:\/\/penosil.com\/pt\/produto\/silicone-neutro-espelhos-364-colagem-espelhos-decoracao\/\",\"name\":\"PENOSIL Silicone Neutro Espelhos 364 Colagem Espelhos\",\"isPartOf\":{\"@id\":\"https:\/\/penosil.com\/pt\/#website\"},\"primaryImageOfPage\":{\"@id\":\"https:\/\/penosil.com\/pt\/produto\/silicone-neutro-espelhos-364-colagem-espelhos-decoracao\/#primaryimage\"},\"image\":{\"@id\":\"https:\/\/penosil.com\/pt\/produto\/silicone-neutro-espelhos-364-colagem-espelhos-decoracao\/#primaryimage\"},\"thumbnailUrl\":\"https:\/\/penosil.com\/pt\/wp-content\/uploads\/sites\/10\/2022\/12\/Silicone-Neutro-Espelhos-Penosil-364-Colagem-Espelhos-2.png\",\"datePublished\":\"2022-12-22T12:10:59+00:00\",\"dateModified\":\"2025-05-02T17:42:14+00:00\",\"description\":\"PENOSIL Silicone Neutro Espelhos G-64 Colagem Espelhos decora\u00e7\u00e3o. N\u00e3o ataca o lacado dos espelhos. Sem odor. Forte ader\u00eancia, el\u00e1stico, resiste \u00e0 humidade.\",\"breadcrumb\":{\"@id\":\"https:\/\/penosil.com\/pt\/produto\/silicone-neutro-espelhos-364-colagem-espelhos-decoracao\/#breadcrumb\"},\"inLanguage\":\"pt-PT\",\"potentialAction\":[{\"@type\":\"ReadAction\",\"target\":[\"https:\/\/penosil.com\/pt\/produto\/silicone-neutro-espelhos-364-colagem-espelhos-decoracao\/\"]}]},{\"@type\":\"ImageObject\",\"inLanguage\":\"pt-PT\",\"@id\":\"https:\/\/penosil.com\/pt\/produto\/silicone-neutro-espelhos-364-colagem-espelhos-decoracao\/#primaryimage\",\"url\":\"https:\/\/penosil.com\/pt\/wp-content\/uploads\/sites\/10\/2022\/12\/Silicone-Neutro-Espelhos-Penosil-364-Colagem-Espelhos-2.png\",\"contentUrl\":\"https:\/\/penosil.com\/pt\/wp-content\/uploads\/sites\/10\/2022\/12\/Silicone-Neutro-Espelhos-Penosil-364-Colagem-Espelhos-2.png\",\"width\":387,\"height\":1080,\"caption\":\"Silicone Neutro Espelhos Penosil 364 Colagem Espelhos\"},{\"@type\":\"BreadcrumbList\",\"@id\":\"https:\/\/penosil.com\/pt\/produto\/silicone-neutro-espelhos-364-colagem-espelhos-decoracao\/#breadcrumb\",\"itemListElement\":[{\"@type\":\"ListItem\",\"position\":1,\"name\":\"Home\",\"item\":\"https:\/\/penosil.com\/pt\/\"},{\"@type\":\"ListItem\",\"position\":2,\"name\":\"Produtos\",\"item\":\"https:\/\/penosil.com\/pt\/produtos\/\"},{\"@type\":\"ListItem\",\"position\":3,\"name\":\"Silicone Neutro Espelhos 364\"}]},{\"@type\":\"WebSite\",\"@id\":\"https:\/\/penosil.com\/pt\/#website\",\"url\":\"https:\/\/penosil.com\/pt\/\",\"name\":\"Penosil Portugal\",\"description\":\"\",\"potentialAction\":[{\"@type\":\"SearchAction\",\"target\":{\"@type\":\"EntryPoint\",\"urlTemplate\":\"https:\/\/penosil.com\/pt\/?s={search_term_string}\"},\"query-input\":{\"@type\":\"PropertyValueSpecification\",\"valueRequired\":true,\"valueName\":\"search_term_string\"}}],\"inLanguage\":\"pt-PT\"}]}<\/script>\n<!-- \/ Yoast SEO plugin. -->","yoast_head_json":{"title":"PENOSIL Silicone Neutro Espelhos 364 Colagem Espelhos","description":"PENOSIL Silicone Neutro Espelhos G-64 Colagem Espelhos decora\u00e7\u00e3o. N\u00e3o ataca o lacado dos espelhos. Sem odor. Forte ader\u00eancia, el\u00e1stico, resiste \u00e0 humidade.","robots":{"index":"index","follow":"follow","max-snippet":"max-snippet:-1","max-image-preview":"max-image-preview:large","max-video-preview":"max-video-preview:-1"},"canonical":"https:\/\/penosil.com\/pt\/produto\/silicone-neutro-espelhos-364-colagem-espelhos-decoracao\/","og_locale":"pt_PT","og_type":"article","og_title":"PENOSIL Silicone Neutro Espelhos 364 Colagem Espelhos","og_description":"PENOSIL Silicone Neutro Espelhos G-64 Colagem Espelhos decora\u00e7\u00e3o. N\u00e3o ataca o lacado dos espelhos. Sem odor. Forte ader\u00eancia, el\u00e1stico, resiste \u00e0 humidade.","og_url":"https:\/\/penosil.com\/pt\/produto\/silicone-neutro-espelhos-364-colagem-espelhos-decoracao\/","og_site_name":"Penosil Portugal","article_modified_time":"2025-05-02T17:42:14+00:00","og_image":[{"width":387,"height":1080,"url":"https:\/\/penosil.com\/pt\/wp-content\/uploads\/sites\/10\/2022\/12\/Silicone-Neutro-Espelhos-Penosil-364-Colagem-Espelhos-2.png","type":"image\/png"}],"twitter_card":"summary_large_image","twitter_misc":{"Tempo estimado de leitura":"2 minutos"},"schema":{"@context":"https:\/\/schema.org","@graph":[{"@type":"WebPage","@id":"https:\/\/penosil.com\/pt\/produto\/silicone-neutro-espelhos-364-colagem-espelhos-decoracao\/","url":"https:\/\/penosil.com\/pt\/produto\/silicone-neutro-espelhos-364-colagem-espelhos-decoracao\/","name":"PENOSIL Silicone Neutro Espelhos 364 Colagem Espelhos","isPartOf":{"@id":"https:\/\/penosil.com\/pt\/#website"},"primaryImageOfPage":{"@id":"https:\/\/penosil.com\/pt\/produto\/silicone-neutro-espelhos-364-colagem-espelhos-decoracao\/#primaryimage"},"image":{"@id":"https:\/\/penosil.com\/pt\/produto\/silicone-neutro-espelhos-364-colagem-espelhos-decoracao\/#primaryimage"},"thumbnailUrl":"https:\/\/penosil.com\/pt\/wp-content\/uploads\/sites\/10\/2022\/12\/Silicone-Neutro-Espelhos-Penosil-364-Colagem-Espelhos-2.png","datePublished":"2022-12-22T12:10:59+00:00","dateModified":"2025-05-02T17:42:14+00:00","description":"PENOSIL Silicone Neutro Espelhos G-64 Colagem Espelhos decora\u00e7\u00e3o. N\u00e3o ataca o lacado dos espelhos. Sem odor. Forte ader\u00eancia, el\u00e1stico, resiste \u00e0 humidade.","breadcrumb":{"@id":"https:\/\/penosil.com\/pt\/produto\/silicone-neutro-espelhos-364-colagem-espelhos-decoracao\/#breadcrumb"},"inLanguage":"pt-PT","potentialAction":[{"@type":"ReadAction","target":["https:\/\/penosil.com\/pt\/produto\/silicone-neutro-espelhos-364-colagem-espelhos-decoracao\/"]}]},{"@type":"ImageObject","inLanguage":"pt-PT","@id":"https:\/\/penosil.com\/pt\/produto\/silicone-neutro-espelhos-364-colagem-espelhos-decoracao\/#primaryimage","url":"https:\/\/penosil.com\/pt\/wp-content\/uploads\/sites\/10\/2022\/12\/Silicone-Neutro-Espelhos-Penosil-364-Colagem-Espelhos-2.png","contentUrl":"https:\/\/penosil.com\/pt\/wp-content\/uploads\/sites\/10\/2022\/12\/Silicone-Neutro-Espelhos-Penosil-364-Colagem-Espelhos-2.png","width":387,"height":1080,"caption":"Silicone Neutro Espelhos Penosil 364 Colagem Espelhos"},{"@type":"BreadcrumbList","@id":"https:\/\/penosil.com\/pt\/produto\/silicone-neutro-espelhos-364-colagem-espelhos-decoracao\/#breadcrumb","itemListElement":[{"@type":"ListItem","position":1,"name":"Home","item":"https:\/\/penosil.com\/pt\/"},{"@type":"ListItem","position":2,"name":"Produtos","item":"https:\/\/penosil.com\/pt\/produtos\/"},{"@type":"ListItem","position":3,"name":"Silicone Neutro Espelhos 364"}]},{"@type":"WebSite","@id":"https:\/\/penosil.com\/pt\/#website","url":"https:\/\/penosil.com\/pt\/","name":"Penosil Portugal","description":"","potentialAction":[{"@type":"SearchAction","target":{"@type":"EntryPoint","urlTemplate":"https:\/\/penosil.com\/pt\/?s={search_term_string}"},"query-input":{"@type":"PropertyValueSpecification","valueRequired":true,"valueName":"search_term_string"}}],"inLanguage":"pt-PT"}]}},"featured_img":"https:\/\/penosil.com\/pt\/wp-content\/uploads\/sites\/10\/2022\/12\/Silicone-Neutro-Espelhos-Penosil-364-Colagem-Espelhos-2.png","coauthors":[],"author_meta":{"author_link":"https:\/\/penosil.com\/pt\/author\/pedro\/","display_name":"pedro"},"relative_dates":{"created":"Posted 3 anos ago","modified":"Updated 12 meses ago"},"absolute_dates":{"created":"Posted on 22 de Dezembro, 2022","modified":"Updated on 2 de Maio, 2025"},"absolute_dates_time":{"created":"Posted on 22 de Dezembro, 2022 12:10","modified":"Updated on 2 de Maio, 2025 17:42"},"featured_img_caption":"Silicone Neutro Espelhos Penosil 364 Colagem Espelhos","tax_additional":{"product_brand":{"linked":[],"unlinked":[],"slug":"product_brand","name":"Marcas"},"product_type":{"linked":["<a href=\"https:\/\/penosil.com\/pt\/?taxonomy=product_type&#038;term=variable\" class=\"advgb-post-tax-term\">variable<\/a>"],"unlinked":["<span class=\"advgb-post-tax-term\">variable<\/span>"],"slug":"product_type","name":"Tipo de produto"},"product_visibility":{"linked":[],"unlinked":[],"slug":"product_visibility","name":"Visibilidade do produto"},"product_cat":{"linked":["<a href=\"https:\/\/penosil.com\/pt\/categoria-produto\/areas-de-aplicacao\/\" class=\"advgb-post-tax-term\">\u00c1reas de aplica\u00e7\u00e3o<\/a>","<a href=\"https:\/\/penosil.com\/pt\/categoria-produto\/grupos-de-produtos\/\" class=\"advgb-post-tax-term\">Grupos de produtos<\/a>","<a href=\"https:\/\/penosil.com\/pt\/categoria-produto\/grupos-de-produtos\/selantes\/\" class=\"advgb-post-tax-term\">Selantes<\/a>","<a href=\"https:\/\/penosil.com\/pt\/en\/products\/product-groups\/sealants\/silicones\/\" class=\"advgb-post-tax-term\">Silicones<\/a>","<a href=\"https:\/\/penosil.com\/pt\/categoria-produto\/grupos-de-produtos\/adesivos\/\" class=\"advgb-post-tax-term\">Colas<\/a>","<a href=\"https:\/\/penosil.com\/pt\/categoria-produto\/areas-de-aplicacao\/colas\/\" class=\"advgb-post-tax-term\">Colas<\/a>"],"unlinked":["<span class=\"advgb-post-tax-term\">\u00c1reas de aplica\u00e7\u00e3o<\/span>","<span class=\"advgb-post-tax-term\">Grupos de produtos<\/span>","<span class=\"advgb-post-tax-term\">Selantes<\/span>","<span class=\"advgb-post-tax-term\">Silicones<\/span>","<span class=\"advgb-post-tax-term\">Colas<\/span>","<span class=\"advgb-post-tax-term\">Colas<\/span>"],"slug":"product_cat","name":"Categorias de produto"},"product_tag":{"linked":[],"unlinked":[],"slug":"product_tag","name":"Etiquetas de produto"},"product_shipping_class":{"linked":[],"unlinked":[],"slug":"product_shipping_class","name":"Classes de envio do produto"},"pos_product_visibility":{"linked":[],"unlinked":[],"slug":"pos_product_visibility","name":"POS Product visibility"},"pa_color":{"linked":["<a href=\"https:\/\/penosil.com\/pt\/?taxonomy=pa_color&#038;term=transparente\" class=\"advgb-post-tax-term\">Transparente<\/a>","<a href=\"https:\/\/penosil.com\/pt\/?taxonomy=pa_color&#038;term=branco\" class=\"advgb-post-tax-term\">Branco<\/a>"],"unlinked":["<span class=\"advgb-post-tax-term\">Transparente<\/span>","<span class=\"advgb-post-tax-term\">Branco<\/span>"],"slug":"pa_color","name":"Product Cor"},"pa_package":{"linked":["<a href=\"https:\/\/penosil.com\/pt\/?taxonomy=pa_package&#038;term=300-ml\" class=\"advgb-post-tax-term\">300 ml<\/a>"],"unlinked":["<span class=\"advgb-post-tax-term\">300 ml<\/span>"],"slug":"pa_package","name":"Product Package"},"translation_priority":{"linked":["<a href=\"https:\/\/penosil.com\/pt\/?taxonomy=translation_priority&#038;term=opcional\" class=\"advgb-post-tax-term\">Opcional<\/a>"],"unlinked":["<span class=\"advgb-post-tax-term\">Opcional<\/span>"],"slug":"translation_priority","name":"Prioridades da Tradu\u00e7\u00e3o"}},"series_order":"","_links":{"self":[{"href":"https:\/\/penosil.com\/pt\/wp-json\/wp\/v2\/product\/8963","targetHints":{"allow":["GET"]}}],"collection":[{"href":"https:\/\/penosil.com\/pt\/wp-json\/wp\/v2\/product"}],"about":[{"href":"https:\/\/penosil.com\/pt\/wp-json\/wp\/v2\/types\/product"}],"version-history":[{"count":3,"href":"https:\/\/penosil.com\/pt\/wp-json\/wp\/v2\/product\/8963\/revisions"}],"predecessor-version":[{"id":10474,"href":"https:\/\/penosil.com\/pt\/wp-json\/wp\/v2\/product\/8963\/revisions\/10474"}],"wp:featuredmedia":[{"embeddable":true,"href":"https:\/\/penosil.com\/pt\/wp-json\/wp\/v2\/media\/10475"}],"wp:attachment":[{"href":"https:\/\/penosil.com\/pt\/wp-json\/wp\/v2\/media?parent=8963"}],"wp:term":[{"taxonomy":"product_brand","embeddable":true,"href":"https:\/\/penosil.com\/pt\/wp-json\/wp\/v2\/product_brand?post=8963"},{"taxonomy":"product_cat","embeddable":true,"href":"https:\/\/penosil.com\/pt\/wp-json\/wp\/v2\/product_cat?post=8963"},{"taxonomy":"product_tag","embeddable":true,"href":"https:\/\/penosil.com\/pt\/wp-json\/wp\/v2\/product_tag?post=8963"}],"curies":[{"name":"wp","href":"https:\/\/api.w.org\/{rel}","templated":true}]}}