{"id":9006,"date":"2022-12-22T12:11:15","date_gmt":"2022-12-22T12:11:15","guid":{"rendered":"https:\/\/penosil.com\/pt\/?post_type=product&#038;p=9006"},"modified":"2026-04-03T05:01:39","modified_gmt":"2026-04-03T05:01:39","slug":"selador-madeira-698-selante-juntas-madeira","status":"publish","type":"product","link":"https:\/\/penosil.com\/pt\/produto\/selador-madeira-698-selante-juntas-madeira\/","title":{"rendered":"Selador Madeira 698"},"content":{"rendered":"<p>Selante plasto-el\u00e1stico de alta qualidade para juntas de madeira, \u00e0 base de dispers\u00f5es acr\u00edlicas siliconizadas. Pint\u00e1vel em 2 horas.<\/p>\n","protected":false},"excerpt":{"rendered":"Selante plasto-el\u00e1stico de alta qualidade para juntas de madeira, \u00e0 base de dispers\u00f5es acr\u00edlicas siliconizadas. Pint\u00e1vel em 2 horas ap\u00f3s a cura.","protected":false},"author":67,"featured_media":9919,"template":"","meta":{"_acf_changed":false,"advgb_blocks_editor_width":"","advgb_blocks_columns_visual_guide":"","footnotes":""},"product_brand":[],"product_cat":[2290,2262,1369,1628,1611,2295],"product_tag":[],"class_list":{"0":"post-9006","1":"product","2":"type-product","3":"status-publish","4":"has-post-thumbnail","6":"product_cat-areas-de-aplicacao","7":"product_cat-novos-produtos","8":"product_cat-grupos-de-produtos","9":"product_cat-acrilicos","10":"product_cat-selantes","11":"product_cat-decoracao","13":"first","14":"instock","15":"product-type-variable"},"acf":[],"yoast_head":"<!-- This site is optimized with the Yoast SEO plugin v27.2 - https:\/\/yoast.com\/product\/yoast-seo-wordpress\/ -->\n<title>PENOSIL Selador Madeira 698 Selante de Juntas de Madeira<\/title>\n<meta name=\"description\" content=\"Selador Madeira 698 \u00e9 um vedante de juntas para madeira e materiais porosos. Inodoro, el\u00e1stico e pint\u00e1vel em 2 horas. Acabamento liso profissional.\" \/>\n<meta name=\"robots\" content=\"index, follow, max-snippet:-1, max-image-preview:large, max-video-preview:-1\" \/>\n<link rel=\"canonical\" href=\"https:\/\/penosil.com\/pt\/produto\/selador-madeira-698-selante-juntas-madeira\/\" \/>\n<meta property=\"og:locale\" content=\"pt_PT\" \/>\n<meta property=\"og:type\" content=\"article\" \/>\n<meta property=\"og:title\" content=\"PENOSIL Selador Madeira 698 Selante de Juntas de Madeira\" \/>\n<meta property=\"og:description\" content=\"Selador Madeira 698 \u00e9 um vedante de juntas para madeira e materiais porosos. Inodoro, el\u00e1stico e pint\u00e1vel em 2 horas. Acabamento liso profissional.\" \/>\n<meta property=\"og:url\" content=\"https:\/\/penosil.com\/pt\/produto\/selador-madeira-698-selante-juntas-madeira\/\" \/>\n<meta property=\"og:site_name\" content=\"Penosil Portugal\" \/>\n<meta property=\"article:modified_time\" content=\"2026-04-03T05:01:39+00:00\" \/>\n<meta property=\"og:image\" content=\"https:\/\/penosil.com\/pt\/wp-content\/uploads\/sites\/10\/2022\/12\/Sellador-Madera-698-Penosil.png\" \/>\n\t<meta property=\"og:image:width\" content=\"387\" \/>\n\t<meta property=\"og:image:height\" content=\"1080\" \/>\n\t<meta property=\"og:image:type\" content=\"image\/png\" \/>\n<meta name=\"twitter:card\" content=\"summary_large_image\" \/>\n<meta name=\"twitter:label1\" content=\"Tempo estimado de leitura\" \/>\n\t<meta name=\"twitter:data1\" content=\"3 minutos\" \/>\n<script type=\"application\/ld+json\" class=\"yoast-schema-graph\">{\"@context\":\"https:\/\/schema.org\",\"@graph\":[{\"@type\":\"WebPage\",\"@id\":\"https:\/\/penosil.com\/pt\/produto\/selador-madeira-698-selante-juntas-madeira\/\",\"url\":\"https:\/\/penosil.com\/pt\/produto\/selador-madeira-698-selante-juntas-madeira\/\",\"name\":\"PENOSIL Selador Madeira 698 Selante de Juntas de Madeira\",\"isPartOf\":{\"@id\":\"https:\/\/penosil.com\/pt\/#website\"},\"primaryImageOfPage\":{\"@id\":\"https:\/\/penosil.com\/pt\/produto\/selador-madeira-698-selante-juntas-madeira\/#primaryimage\"},\"image\":{\"@id\":\"https:\/\/penosil.com\/pt\/produto\/selador-madeira-698-selante-juntas-madeira\/#primaryimage\"},\"thumbnailUrl\":\"https:\/\/penosil.com\/pt\/wp-content\/uploads\/sites\/10\/2022\/12\/Sellador-Madera-698-Penosil.png\",\"datePublished\":\"2022-12-22T12:11:15+00:00\",\"dateModified\":\"2026-04-03T05:01:39+00:00\",\"description\":\"Selador Madeira 698 \u00e9 um vedante de juntas para madeira e materiais porosos. Inodoro, el\u00e1stico e pint\u00e1vel em 2 horas. Acabamento liso profissional.\",\"breadcrumb\":{\"@id\":\"https:\/\/penosil.com\/pt\/produto\/selador-madeira-698-selante-juntas-madeira\/#breadcrumb\"},\"inLanguage\":\"pt-PT\",\"potentialAction\":[{\"@type\":\"ReadAction\",\"target\":[\"https:\/\/penosil.com\/pt\/produto\/selador-madeira-698-selante-juntas-madeira\/\"]}]},{\"@type\":\"ImageObject\",\"inLanguage\":\"pt-PT\",\"@id\":\"https:\/\/penosil.com\/pt\/produto\/selador-madeira-698-selante-juntas-madeira\/#primaryimage\",\"url\":\"https:\/\/penosil.com\/pt\/wp-content\/uploads\/sites\/10\/2022\/12\/Sellador-Madera-698-Penosil.png\",\"contentUrl\":\"https:\/\/penosil.com\/pt\/wp-content\/uploads\/sites\/10\/2022\/12\/Sellador-Madera-698-Penosil.png\",\"width\":387,\"height\":1080,\"caption\":\"Selador Madeira 698 Penosil\"},{\"@type\":\"BreadcrumbList\",\"@id\":\"https:\/\/penosil.com\/pt\/produto\/selador-madeira-698-selante-juntas-madeira\/#breadcrumb\",\"itemListElement\":[{\"@type\":\"ListItem\",\"position\":1,\"name\":\"Home\",\"item\":\"https:\/\/penosil.com\/pt\/\"},{\"@type\":\"ListItem\",\"position\":2,\"name\":\"Produtos\",\"item\":\"https:\/\/penosil.com\/pt\/produtos\/\"},{\"@type\":\"ListItem\",\"position\":3,\"name\":\"Selador Madeira 698\"}]},{\"@type\":\"WebSite\",\"@id\":\"https:\/\/penosil.com\/pt\/#website\",\"url\":\"https:\/\/penosil.com\/pt\/\",\"name\":\"Penosil Portugal\",\"description\":\"\",\"potentialAction\":[{\"@type\":\"SearchAction\",\"target\":{\"@type\":\"EntryPoint\",\"urlTemplate\":\"https:\/\/penosil.com\/pt\/?s={search_term_string}\"},\"query-input\":{\"@type\":\"PropertyValueSpecification\",\"valueRequired\":true,\"valueName\":\"search_term_string\"}}],\"inLanguage\":\"pt-PT\"}]}<\/script>\n<!-- \/ Yoast SEO plugin. -->","yoast_head_json":{"title":"PENOSIL Selador Madeira 698 Selante de Juntas de Madeira","description":"Selador Madeira 698 \u00e9 um vedante de juntas para madeira e materiais porosos. Inodoro, el\u00e1stico e pint\u00e1vel em 2 horas. Acabamento liso profissional.","robots":{"index":"index","follow":"follow","max-snippet":"max-snippet:-1","max-image-preview":"max-image-preview:large","max-video-preview":"max-video-preview:-1"},"canonical":"https:\/\/penosil.com\/pt\/produto\/selador-madeira-698-selante-juntas-madeira\/","og_locale":"pt_PT","og_type":"article","og_title":"PENOSIL Selador Madeira 698 Selante de Juntas de Madeira","og_description":"Selador Madeira 698 \u00e9 um vedante de juntas para madeira e materiais porosos. Inodoro, el\u00e1stico e pint\u00e1vel em 2 horas. Acabamento liso profissional.","og_url":"https:\/\/penosil.com\/pt\/produto\/selador-madeira-698-selante-juntas-madeira\/","og_site_name":"Penosil Portugal","article_modified_time":"2026-04-03T05:01:39+00:00","og_image":[{"width":387,"height":1080,"url":"https:\/\/penosil.com\/pt\/wp-content\/uploads\/sites\/10\/2022\/12\/Sellador-Madera-698-Penosil.png","type":"image\/png"}],"twitter_card":"summary_large_image","twitter_misc":{"Tempo estimado de leitura":"3 minutos"},"schema":{"@context":"https:\/\/schema.org","@graph":[{"@type":"WebPage","@id":"https:\/\/penosil.com\/pt\/produto\/selador-madeira-698-selante-juntas-madeira\/","url":"https:\/\/penosil.com\/pt\/produto\/selador-madeira-698-selante-juntas-madeira\/","name":"PENOSIL Selador Madeira 698 Selante de Juntas de Madeira","isPartOf":{"@id":"https:\/\/penosil.com\/pt\/#website"},"primaryImageOfPage":{"@id":"https:\/\/penosil.com\/pt\/produto\/selador-madeira-698-selante-juntas-madeira\/#primaryimage"},"image":{"@id":"https:\/\/penosil.com\/pt\/produto\/selador-madeira-698-selante-juntas-madeira\/#primaryimage"},"thumbnailUrl":"https:\/\/penosil.com\/pt\/wp-content\/uploads\/sites\/10\/2022\/12\/Sellador-Madera-698-Penosil.png","datePublished":"2022-12-22T12:11:15+00:00","dateModified":"2026-04-03T05:01:39+00:00","description":"Selador Madeira 698 \u00e9 um vedante de juntas para madeira e materiais porosos. Inodoro, el\u00e1stico e pint\u00e1vel em 2 horas. Acabamento liso profissional.","breadcrumb":{"@id":"https:\/\/penosil.com\/pt\/produto\/selador-madeira-698-selante-juntas-madeira\/#breadcrumb"},"inLanguage":"pt-PT","potentialAction":[{"@type":"ReadAction","target":["https:\/\/penosil.com\/pt\/produto\/selador-madeira-698-selante-juntas-madeira\/"]}]},{"@type":"ImageObject","inLanguage":"pt-PT","@id":"https:\/\/penosil.com\/pt\/produto\/selador-madeira-698-selante-juntas-madeira\/#primaryimage","url":"https:\/\/penosil.com\/pt\/wp-content\/uploads\/sites\/10\/2022\/12\/Sellador-Madera-698-Penosil.png","contentUrl":"https:\/\/penosil.com\/pt\/wp-content\/uploads\/sites\/10\/2022\/12\/Sellador-Madera-698-Penosil.png","width":387,"height":1080,"caption":"Selador Madeira 698 Penosil"},{"@type":"BreadcrumbList","@id":"https:\/\/penosil.com\/pt\/produto\/selador-madeira-698-selante-juntas-madeira\/#breadcrumb","itemListElement":[{"@type":"ListItem","position":1,"name":"Home","item":"https:\/\/penosil.com\/pt\/"},{"@type":"ListItem","position":2,"name":"Produtos","item":"https:\/\/penosil.com\/pt\/produtos\/"},{"@type":"ListItem","position":3,"name":"Selador Madeira 698"}]},{"@type":"WebSite","@id":"https:\/\/penosil.com\/pt\/#website","url":"https:\/\/penosil.com\/pt\/","name":"Penosil Portugal","description":"","potentialAction":[{"@type":"SearchAction","target":{"@type":"EntryPoint","urlTemplate":"https:\/\/penosil.com\/pt\/?s={search_term_string}"},"query-input":{"@type":"PropertyValueSpecification","valueRequired":true,"valueName":"search_term_string"}}],"inLanguage":"pt-PT"}]}},"featured_img":"https:\/\/penosil.com\/pt\/wp-content\/uploads\/sites\/10\/2022\/12\/Sellador-Madera-698-Penosil.png","coauthors":[],"author_meta":{"author_link":"https:\/\/penosil.com\/pt\/author\/pedro\/","display_name":"pedro"},"relative_dates":{"created":"Posted 3 anos ago","modified":"Updated 2 semanas ago"},"absolute_dates":{"created":"Posted on 22 de Dezembro, 2022","modified":"Updated on 3 de Abril, 2026"},"absolute_dates_time":{"created":"Posted on 22 de Dezembro, 2022 12:11","modified":"Updated on 3 de Abril, 2026 5:01"},"featured_img_caption":"","tax_additional":{"product_brand":{"linked":[],"unlinked":[],"slug":"product_brand","name":"Marcas"},"product_type":{"linked":["<a href=\"https:\/\/penosil.com\/pt\/?taxonomy=product_type&#038;term=variable\" class=\"advgb-post-tax-term\">variable<\/a>"],"unlinked":["<span class=\"advgb-post-tax-term\">variable<\/span>"],"slug":"product_type","name":"Tipo de produto"},"product_visibility":{"linked":[],"unlinked":[],"slug":"product_visibility","name":"Visibilidade do produto"},"product_cat":{"linked":["<a href=\"https:\/\/penosil.com\/pt\/categoria-produto\/areas-de-aplicacao\/\" class=\"advgb-post-tax-term\">\u00c1reas de aplica\u00e7\u00e3o<\/a>","<a href=\"https:\/\/penosil.com\/pt\/categoria-produto\/grupos-de-produtos\/novos-produtos\/\" class=\"advgb-post-tax-term\">Novos produtos<\/a>","<a href=\"https:\/\/penosil.com\/pt\/categoria-produto\/grupos-de-produtos\/\" class=\"advgb-post-tax-term\">Grupos de produtos<\/a>","<a href=\"https:\/\/penosil.com\/pt\/categoria-produto\/grupos-de-produtos\/selantes\/acrilicos\/\" class=\"advgb-post-tax-term\">Acr\u00edlicos<\/a>","<a href=\"https:\/\/penosil.com\/pt\/categoria-produto\/grupos-de-produtos\/selantes\/\" class=\"advgb-post-tax-term\">Selantes<\/a>","<a href=\"https:\/\/penosil.com\/pt\/categoria-produto\/areas-de-aplicacao\/decoracao\/\" class=\"advgb-post-tax-term\">Decora\u00e7\u00e3o<\/a>"],"unlinked":["<span class=\"advgb-post-tax-term\">\u00c1reas de aplica\u00e7\u00e3o<\/span>","<span class=\"advgb-post-tax-term\">Novos produtos<\/span>","<span class=\"advgb-post-tax-term\">Grupos de produtos<\/span>","<span class=\"advgb-post-tax-term\">Acr\u00edlicos<\/span>","<span class=\"advgb-post-tax-term\">Selantes<\/span>","<span class=\"advgb-post-tax-term\">Decora\u00e7\u00e3o<\/span>"],"slug":"product_cat","name":"Categorias de produto"},"product_tag":{"linked":[],"unlinked":[],"slug":"product_tag","name":"Etiquetas de produto"},"product_shipping_class":{"linked":[],"unlinked":[],"slug":"product_shipping_class","name":"Classes de envio do produto"},"pos_product_visibility":{"linked":[],"unlinked":[],"slug":"pos_product_visibility","name":"POS Product visibility"},"pa_color":{"linked":["<a href=\"https:\/\/penosil.com\/pt\/?taxonomy=pa_color&#038;term=branco\" class=\"advgb-post-tax-term\">Branco<\/a>","<a href=\"https:\/\/penosil.com\/pt\/?taxonomy=pa_color&#038;term=carvalho\" class=\"advgb-post-tax-term\">Carvalho<\/a>","<a href=\"https:\/\/penosil.com\/pt\/?taxonomy=pa_color&#038;term=carvalho-cinzento-claro\" class=\"advgb-post-tax-term\">Carvalho cinzento claro<\/a>","<a href=\"https:\/\/penosil.com\/pt\/?taxonomy=pa_color&#038;term=nogueira\" class=\"advgb-post-tax-term\">Nogueira<\/a>","<a href=\"https:\/\/penosil.com\/pt\/?taxonomy=pa_color&#038;term=linho-cancun\" class=\"advgb-post-tax-term\">Linho Cancun<\/a>","<a href=\"https:\/\/penosil.com\/pt\/?taxonomy=pa_color&#038;term=cerejeira\" class=\"advgb-post-tax-term\">Cerejeira<\/a>","<a href=\"https:\/\/penosil.com\/pt\/?taxonomy=pa_color&#038;term=mogno\" class=\"advgb-post-tax-term\">Mogno<\/a>","<a href=\"https:\/\/penosil.com\/pt\/?taxonomy=pa_color&#038;term=faia\" class=\"advgb-post-tax-term\">Faia<\/a>","<a href=\"https:\/\/penosil.com\/pt\/?taxonomy=pa_color&#038;term=pinho\" class=\"advgb-post-tax-term\">Pinho<\/a>","<a href=\"https:\/\/penosil.com\/pt\/?taxonomy=pa_color&#038;term=sapeli\" class=\"advgb-post-tax-term\">Sapeli<\/a>","<a href=\"https:\/\/penosil.com\/pt\/?taxonomy=pa_color&#038;term=wengue\" class=\"advgb-post-tax-term\">Wengu\u00e9<\/a>"],"unlinked":["<span class=\"advgb-post-tax-term\">Branco<\/span>","<span class=\"advgb-post-tax-term\">Carvalho<\/span>","<span class=\"advgb-post-tax-term\">Carvalho cinzento claro<\/span>","<span class=\"advgb-post-tax-term\">Nogueira<\/span>","<span class=\"advgb-post-tax-term\">Linho Cancun<\/span>","<span class=\"advgb-post-tax-term\">Cerejeira<\/span>","<span class=\"advgb-post-tax-term\">Mogno<\/span>","<span class=\"advgb-post-tax-term\">Faia<\/span>","<span class=\"advgb-post-tax-term\">Pinho<\/span>","<span class=\"advgb-post-tax-term\">Sapeli<\/span>","<span class=\"advgb-post-tax-term\">Wengu\u00e9<\/span>"],"slug":"pa_color","name":"Product Cor"},"pa_package":{"linked":["<a href=\"https:\/\/penosil.com\/pt\/?taxonomy=pa_package&#038;term=300-ml\" class=\"advgb-post-tax-term\">300 ml<\/a>"],"unlinked":["<span class=\"advgb-post-tax-term\">300 ml<\/span>"],"slug":"pa_package","name":"Product Package"},"translation_priority":{"linked":["<a href=\"https:\/\/penosil.com\/pt\/?taxonomy=translation_priority&#038;term=opcional\" class=\"advgb-post-tax-term\">Opcional<\/a>"],"unlinked":["<span class=\"advgb-post-tax-term\">Opcional<\/span>"],"slug":"translation_priority","name":"Prioridades da Tradu\u00e7\u00e3o"}},"series_order":"","_links":{"self":[{"href":"https:\/\/penosil.com\/pt\/wp-json\/wp\/v2\/product\/9006","targetHints":{"allow":["GET"]}}],"collection":[{"href":"https:\/\/penosil.com\/pt\/wp-json\/wp\/v2\/product"}],"about":[{"href":"https:\/\/penosil.com\/pt\/wp-json\/wp\/v2\/types\/product"}],"version-history":[{"count":5,"href":"https:\/\/penosil.com\/pt\/wp-json\/wp\/v2\/product\/9006\/revisions"}],"predecessor-version":[{"id":12095,"href":"https:\/\/penosil.com\/pt\/wp-json\/wp\/v2\/product\/9006\/revisions\/12095"}],"wp:featuredmedia":[{"embeddable":true,"href":"https:\/\/penosil.com\/pt\/wp-json\/wp\/v2\/media\/9919"}],"wp:attachment":[{"href":"https:\/\/penosil.com\/pt\/wp-json\/wp\/v2\/media?parent=9006"}],"wp:term":[{"taxonomy":"product_brand","embeddable":true,"href":"https:\/\/penosil.com\/pt\/wp-json\/wp\/v2\/product_brand?post=9006"},{"taxonomy":"product_cat","embeddable":true,"href":"https:\/\/penosil.com\/pt\/wp-json\/wp\/v2\/product_cat?post=9006"},{"taxonomy":"product_tag","embeddable":true,"href":"https:\/\/penosil.com\/pt\/wp-json\/wp\/v2\/product_tag?post=9006"}],"curies":[{"name":"wp","href":"https:\/\/api.w.org\/{rel}","templated":true}]}}