{"id":9017,"date":"2022-12-22T12:11:15","date_gmt":"2022-12-22T12:11:15","guid":{"rendered":"https:\/\/penosil.com\/pt\/?post_type=product&#038;p=9017"},"modified":"2026-02-20T10:37:34","modified_gmt":"2026-02-20T10:37:34","slug":"toalhitas-profissionais-999-toalhitas-de-limpeza-industrial","status":"publish","type":"product","link":"https:\/\/penosil.com\/pt\/produto\/toalhitas-profissionais-999-toalhitas-de-limpeza-industrial\/","title":{"rendered":"Toalhitas profissionais 999"},"content":{"rendered":"<p>Toalhitas de limpeza industrial profissional para uma remo\u00e7\u00e3o r\u00e1pida e suave de res\u00edduos em substratos e na pele. F\u00f3rmula antibacteriana dermatologicamente testada.<\/p>\n","protected":false},"excerpt":{"rendered":"Toalhitas de limpeza industrial profissional para uma remo\u00e7\u00e3o r\u00e1pida e suave de res\u00edduos em substratos e na pele. F\u00f3rmula antibacteriana dermatologicamente testada.","protected":false},"author":67,"featured_media":9308,"template":"","meta":{"_acf_changed":false,"advgb_blocks_editor_width":"","advgb_blocks_columns_visual_guide":"","footnotes":""},"product_brand":[],"product_cat":[2290,1817,2341],"product_tag":[],"class_list":{"0":"post-9017","1":"product","2":"type-product","3":"status-publish","4":"has-post-thumbnail","6":"product_cat-areas-de-aplicacao","7":"product_cat-ferramentas-e-acessorios","8":"product_cat-produtos-de-limpeza","10":"first","11":"instock","12":"purchasable","13":"product-type-simple"},"acf":[],"yoast_head":"<!-- This site is optimized with the Yoast SEO plugin v27.2 - https:\/\/yoast.com\/product\/yoast-seo-wordpress\/ -->\n<title>PENOSIL Toalhitas profissionais 999 Toalhitas de limpeza industrial<\/title>\n<meta name=\"description\" content=\"PENOSIL Toalhitas Profissionais 999 Toalhetes industriais multiusos para a remo\u00e7\u00e3o r\u00e1pida de todos os tipos de res\u00edduos. Testado dermatologicamente.\" \/>\n<meta name=\"robots\" content=\"index, follow, max-snippet:-1, max-image-preview:large, max-video-preview:-1\" \/>\n<link rel=\"canonical\" href=\"https:\/\/penosil.com\/pt\/produto\/toalhitas-profissionais-999-toalhitas-de-limpeza-industrial\/\" \/>\n<meta property=\"og:locale\" content=\"pt_PT\" \/>\n<meta property=\"og:type\" content=\"article\" \/>\n<meta property=\"og:title\" content=\"PENOSIL Toalhitas profissionais 999 Toalhitas de limpeza industrial\" \/>\n<meta property=\"og:description\" content=\"PENOSIL Toalhitas Profissionais 999 Toalhetes industriais multiusos para a remo\u00e7\u00e3o r\u00e1pida de todos os tipos de res\u00edduos. Testado dermatologicamente.\" \/>\n<meta property=\"og:url\" content=\"https:\/\/penosil.com\/pt\/produto\/toalhitas-profissionais-999-toalhitas-de-limpeza-industrial\/\" \/>\n<meta property=\"og:site_name\" content=\"Penosil Portugal\" \/>\n<meta property=\"article:modified_time\" content=\"2026-02-20T10:37:34+00:00\" \/>\n<meta property=\"og:image\" content=\"https:\/\/penosil.com\/pt\/wp-content\/uploads\/sites\/10\/2022\/12\/toallitas-999-700x715.png\" \/>\n\t<meta property=\"og:image:width\" content=\"700\" \/>\n\t<meta property=\"og:image:height\" content=\"715\" \/>\n\t<meta property=\"og:image:type\" content=\"image\/png\" \/>\n<meta name=\"twitter:card\" content=\"summary_large_image\" \/>\n<meta name=\"twitter:label1\" content=\"Tempo estimado de leitura\" \/>\n\t<meta name=\"twitter:data1\" content=\"2 minutos\" \/>\n<script type=\"application\/ld+json\" class=\"yoast-schema-graph\">{\"@context\":\"https:\/\/schema.org\",\"@graph\":[{\"@type\":\"WebPage\",\"@id\":\"https:\/\/penosil.com\/pt\/produto\/toalhitas-profissionais-999-toalhitas-de-limpeza-industrial\/\",\"url\":\"https:\/\/penosil.com\/pt\/produto\/toalhitas-profissionais-999-toalhitas-de-limpeza-industrial\/\",\"name\":\"PENOSIL Toalhitas profissionais 999 Toalhitas de limpeza industrial\",\"isPartOf\":{\"@id\":\"https:\/\/penosil.com\/pt\/#website\"},\"primaryImageOfPage\":{\"@id\":\"https:\/\/penosil.com\/pt\/produto\/toalhitas-profissionais-999-toalhitas-de-limpeza-industrial\/#primaryimage\"},\"image\":{\"@id\":\"https:\/\/penosil.com\/pt\/produto\/toalhitas-profissionais-999-toalhitas-de-limpeza-industrial\/#primaryimage\"},\"thumbnailUrl\":\"https:\/\/penosil.com\/pt\/wp-content\/uploads\/sites\/10\/2022\/12\/toallitas-999.png\",\"datePublished\":\"2022-12-22T12:11:15+00:00\",\"dateModified\":\"2026-02-20T10:37:34+00:00\",\"description\":\"PENOSIL Toalhitas Profissionais 999 Toalhetes industriais multiusos para a remo\u00e7\u00e3o r\u00e1pida de todos os tipos de res\u00edduos. Testado dermatologicamente.\",\"breadcrumb\":{\"@id\":\"https:\/\/penosil.com\/pt\/produto\/toalhitas-profissionais-999-toalhitas-de-limpeza-industrial\/#breadcrumb\"},\"inLanguage\":\"pt-PT\",\"potentialAction\":[{\"@type\":\"ReadAction\",\"target\":[\"https:\/\/penosil.com\/pt\/produto\/toalhitas-profissionais-999-toalhitas-de-limpeza-industrial\/\"]}]},{\"@type\":\"ImageObject\",\"inLanguage\":\"pt-PT\",\"@id\":\"https:\/\/penosil.com\/pt\/produto\/toalhitas-profissionais-999-toalhitas-de-limpeza-industrial\/#primaryimage\",\"url\":\"https:\/\/penosil.com\/pt\/wp-content\/uploads\/sites\/10\/2022\/12\/toallitas-999.png\",\"contentUrl\":\"https:\/\/penosil.com\/pt\/wp-content\/uploads\/sites\/10\/2022\/12\/toallitas-999.png\",\"width\":2116,\"height\":2160},{\"@type\":\"BreadcrumbList\",\"@id\":\"https:\/\/penosil.com\/pt\/produto\/toalhitas-profissionais-999-toalhitas-de-limpeza-industrial\/#breadcrumb\",\"itemListElement\":[{\"@type\":\"ListItem\",\"position\":1,\"name\":\"Home\",\"item\":\"https:\/\/penosil.com\/pt\/\"},{\"@type\":\"ListItem\",\"position\":2,\"name\":\"Produtos\",\"item\":\"https:\/\/penosil.com\/pt\/produtos\/\"},{\"@type\":\"ListItem\",\"position\":3,\"name\":\"Toalhitas profissionais 999\"}]},{\"@type\":\"WebSite\",\"@id\":\"https:\/\/penosil.com\/pt\/#website\",\"url\":\"https:\/\/penosil.com\/pt\/\",\"name\":\"Penosil Portugal\",\"description\":\"\",\"potentialAction\":[{\"@type\":\"SearchAction\",\"target\":{\"@type\":\"EntryPoint\",\"urlTemplate\":\"https:\/\/penosil.com\/pt\/?s={search_term_string}\"},\"query-input\":{\"@type\":\"PropertyValueSpecification\",\"valueRequired\":true,\"valueName\":\"search_term_string\"}}],\"inLanguage\":\"pt-PT\"}]}<\/script>\n<!-- \/ Yoast SEO plugin. -->","yoast_head_json":{"title":"PENOSIL Toalhitas profissionais 999 Toalhitas de limpeza industrial","description":"PENOSIL Toalhitas Profissionais 999 Toalhetes industriais multiusos para a remo\u00e7\u00e3o r\u00e1pida de todos os tipos de res\u00edduos. Testado dermatologicamente.","robots":{"index":"index","follow":"follow","max-snippet":"max-snippet:-1","max-image-preview":"max-image-preview:large","max-video-preview":"max-video-preview:-1"},"canonical":"https:\/\/penosil.com\/pt\/produto\/toalhitas-profissionais-999-toalhitas-de-limpeza-industrial\/","og_locale":"pt_PT","og_type":"article","og_title":"PENOSIL Toalhitas profissionais 999 Toalhitas de limpeza industrial","og_description":"PENOSIL Toalhitas Profissionais 999 Toalhetes industriais multiusos para a remo\u00e7\u00e3o r\u00e1pida de todos os tipos de res\u00edduos. Testado dermatologicamente.","og_url":"https:\/\/penosil.com\/pt\/produto\/toalhitas-profissionais-999-toalhitas-de-limpeza-industrial\/","og_site_name":"Penosil Portugal","article_modified_time":"2026-02-20T10:37:34+00:00","og_image":[{"width":700,"height":715,"url":"https:\/\/penosil.com\/pt\/wp-content\/uploads\/sites\/10\/2022\/12\/toallitas-999-700x715.png","type":"image\/png"}],"twitter_card":"summary_large_image","twitter_misc":{"Tempo estimado de leitura":"2 minutos"},"schema":{"@context":"https:\/\/schema.org","@graph":[{"@type":"WebPage","@id":"https:\/\/penosil.com\/pt\/produto\/toalhitas-profissionais-999-toalhitas-de-limpeza-industrial\/","url":"https:\/\/penosil.com\/pt\/produto\/toalhitas-profissionais-999-toalhitas-de-limpeza-industrial\/","name":"PENOSIL Toalhitas profissionais 999 Toalhitas de limpeza industrial","isPartOf":{"@id":"https:\/\/penosil.com\/pt\/#website"},"primaryImageOfPage":{"@id":"https:\/\/penosil.com\/pt\/produto\/toalhitas-profissionais-999-toalhitas-de-limpeza-industrial\/#primaryimage"},"image":{"@id":"https:\/\/penosil.com\/pt\/produto\/toalhitas-profissionais-999-toalhitas-de-limpeza-industrial\/#primaryimage"},"thumbnailUrl":"https:\/\/penosil.com\/pt\/wp-content\/uploads\/sites\/10\/2022\/12\/toallitas-999.png","datePublished":"2022-12-22T12:11:15+00:00","dateModified":"2026-02-20T10:37:34+00:00","description":"PENOSIL Toalhitas Profissionais 999 Toalhetes industriais multiusos para a remo\u00e7\u00e3o r\u00e1pida de todos os tipos de res\u00edduos. Testado dermatologicamente.","breadcrumb":{"@id":"https:\/\/penosil.com\/pt\/produto\/toalhitas-profissionais-999-toalhitas-de-limpeza-industrial\/#breadcrumb"},"inLanguage":"pt-PT","potentialAction":[{"@type":"ReadAction","target":["https:\/\/penosil.com\/pt\/produto\/toalhitas-profissionais-999-toalhitas-de-limpeza-industrial\/"]}]},{"@type":"ImageObject","inLanguage":"pt-PT","@id":"https:\/\/penosil.com\/pt\/produto\/toalhitas-profissionais-999-toalhitas-de-limpeza-industrial\/#primaryimage","url":"https:\/\/penosil.com\/pt\/wp-content\/uploads\/sites\/10\/2022\/12\/toallitas-999.png","contentUrl":"https:\/\/penosil.com\/pt\/wp-content\/uploads\/sites\/10\/2022\/12\/toallitas-999.png","width":2116,"height":2160},{"@type":"BreadcrumbList","@id":"https:\/\/penosil.com\/pt\/produto\/toalhitas-profissionais-999-toalhitas-de-limpeza-industrial\/#breadcrumb","itemListElement":[{"@type":"ListItem","position":1,"name":"Home","item":"https:\/\/penosil.com\/pt\/"},{"@type":"ListItem","position":2,"name":"Produtos","item":"https:\/\/penosil.com\/pt\/produtos\/"},{"@type":"ListItem","position":3,"name":"Toalhitas profissionais 999"}]},{"@type":"WebSite","@id":"https:\/\/penosil.com\/pt\/#website","url":"https:\/\/penosil.com\/pt\/","name":"Penosil Portugal","description":"","potentialAction":[{"@type":"SearchAction","target":{"@type":"EntryPoint","urlTemplate":"https:\/\/penosil.com\/pt\/?s={search_term_string}"},"query-input":{"@type":"PropertyValueSpecification","valueRequired":true,"valueName":"search_term_string"}}],"inLanguage":"pt-PT"}]}},"featured_img":"https:\/\/penosil.com\/pt\/wp-content\/uploads\/sites\/10\/2022\/12\/toallitas-999.png","coauthors":[],"author_meta":{"author_link":"https:\/\/penosil.com\/pt\/author\/pedro\/","display_name":"pedro"},"relative_dates":{"created":"Posted 3 anos ago","modified":"Updated 2 meses ago"},"absolute_dates":{"created":"Posted on 22 de Dezembro, 2022","modified":"Updated on 20 de Fevereiro, 2026"},"absolute_dates_time":{"created":"Posted on 22 de Dezembro, 2022 12:11","modified":"Updated on 20 de Fevereiro, 2026 10:37"},"featured_img_caption":"","tax_additional":{"product_brand":{"linked":[],"unlinked":[],"slug":"product_brand","name":"Marcas"},"product_type":{"linked":["<a href=\"https:\/\/penosil.com\/pt\/?taxonomy=product_type&#038;term=simple\" class=\"advgb-post-tax-term\">simple<\/a>"],"unlinked":["<span class=\"advgb-post-tax-term\">simple<\/span>"],"slug":"product_type","name":"Tipo de produto"},"product_visibility":{"linked":[],"unlinked":[],"slug":"product_visibility","name":"Visibilidade do produto"},"product_cat":{"linked":["<a href=\"https:\/\/penosil.com\/pt\/categoria-produto\/areas-de-aplicacao\/\" class=\"advgb-post-tax-term\">\u00c1reas de aplica\u00e7\u00e3o<\/a>","<a href=\"https:\/\/penosil.com\/pt\/categoria-produto\/grupos-de-produtos\/ferramentas-e-acessorios\/\" class=\"advgb-post-tax-term\">Ferramentas e acess\u00f3rios<\/a>","<a href=\"https:\/\/penosil.com\/pt\/categoria-produto\/areas-de-aplicacao\/produtos-de-limpeza\/\" class=\"advgb-post-tax-term\">Produtos de limpeza<\/a>"],"unlinked":["<span class=\"advgb-post-tax-term\">\u00c1reas de aplica\u00e7\u00e3o<\/span>","<span class=\"advgb-post-tax-term\">Ferramentas e acess\u00f3rios<\/span>","<span class=\"advgb-post-tax-term\">Produtos de limpeza<\/span>"],"slug":"product_cat","name":"Categorias de produto"},"product_tag":{"linked":[],"unlinked":[],"slug":"product_tag","name":"Etiquetas de produto"},"product_shipping_class":{"linked":[],"unlinked":[],"slug":"product_shipping_class","name":"Classes de envio do produto"},"pos_product_visibility":{"linked":[],"unlinked":[],"slug":"pos_product_visibility","name":"POS Product visibility"},"pa_color":{"linked":["<a href=\"https:\/\/penosil.com\/pt\/?taxonomy=pa_color&#038;term=branco\" class=\"advgb-post-tax-term\">Branco<\/a>"],"unlinked":["<span class=\"advgb-post-tax-term\">Branco<\/span>"],"slug":"pa_color","name":"Product Cor"},"pa_package":{"linked":["<a href=\"https:\/\/penosil.com\/pt\/?taxonomy=pa_package&#038;term=100-ud\" class=\"advgb-post-tax-term\">100 ud<\/a>"],"unlinked":["<span class=\"advgb-post-tax-term\">100 ud<\/span>"],"slug":"pa_package","name":"Product Package"},"translation_priority":{"linked":["<a href=\"https:\/\/penosil.com\/pt\/?taxonomy=translation_priority&#038;term=opcional\" class=\"advgb-post-tax-term\">Opcional<\/a>"],"unlinked":["<span class=\"advgb-post-tax-term\">Opcional<\/span>"],"slug":"translation_priority","name":"Prioridades da Tradu\u00e7\u00e3o"}},"series_order":"","_links":{"self":[{"href":"https:\/\/penosil.com\/pt\/wp-json\/wp\/v2\/product\/9017","targetHints":{"allow":["GET"]}}],"collection":[{"href":"https:\/\/penosil.com\/pt\/wp-json\/wp\/v2\/product"}],"about":[{"href":"https:\/\/penosil.com\/pt\/wp-json\/wp\/v2\/types\/product"}],"version-history":[{"count":2,"href":"https:\/\/penosil.com\/pt\/wp-json\/wp\/v2\/product\/9017\/revisions"}],"predecessor-version":[{"id":12104,"href":"https:\/\/penosil.com\/pt\/wp-json\/wp\/v2\/product\/9017\/revisions\/12104"}],"wp:featuredmedia":[{"embeddable":true,"href":"https:\/\/penosil.com\/pt\/wp-json\/wp\/v2\/media\/9308"}],"wp:attachment":[{"href":"https:\/\/penosil.com\/pt\/wp-json\/wp\/v2\/media?parent=9017"}],"wp:term":[{"taxonomy":"product_brand","embeddable":true,"href":"https:\/\/penosil.com\/pt\/wp-json\/wp\/v2\/product_brand?post=9017"},{"taxonomy":"product_cat","embeddable":true,"href":"https:\/\/penosil.com\/pt\/wp-json\/wp\/v2\/product_cat?post=9017"},{"taxonomy":"product_tag","embeddable":true,"href":"https:\/\/penosil.com\/pt\/wp-json\/wp\/v2\/product_tag?post=9017"}],"curies":[{"name":"wp","href":"https:\/\/api.w.org\/{rel}","templated":true}]}}