{"id":9042,"date":"2024-11-05T08:11:15","date_gmt":"2024-11-05T08:11:15","guid":{"rendered":"https:\/\/penosil.com\/pt\/?post_type=product&#038;p=9042"},"modified":"2026-02-23T14:26:07","modified_gmt":"2026-02-23T14:26:07","slug":"limpador-pvc-968-limpa-e-desengordura","status":"publish","type":"product","link":"https:\/\/penosil.com\/pt\/produto\/limpador-pvc-968-limpa-e-desengordura\/","title":{"rendered":"Limpador PVC 968"},"content":{"rendered":"<p>PENOSIL Limpador PVC 968 \u00e9 um fluido para a limpeza e desengorduramento de superf\u00edcies de PVC antes da colagem, que aumenta a for\u00e7a de ades\u00e3o dos adesivos e garante uma uni\u00e3o perfeita, com secagem r\u00e1pida e aplica\u00e7\u00e3o simples tanto em interiores como em exteriores.<\/p>\n","protected":false},"excerpt":{"rendered":"Produto de limpeza e desengorduramento para ativador das colas de PVC, permitindo o desenvolvimento da m\u00e1xima resist\u00eancia e poder de ader\u00eancia.","protected":false},"author":67,"featured_media":12106,"template":"","meta":{"_acf_changed":false,"advgb_blocks_editor_width":"","advgb_blocks_columns_visual_guide":"","footnotes":""},"product_brand":[],"product_cat":[2290,1369,1817,2341],"product_tag":[],"class_list":{"0":"post-9042","1":"product","2":"type-product","3":"status-publish","4":"has-post-thumbnail","6":"product_cat-areas-de-aplicacao","7":"product_cat-grupos-de-produtos","8":"product_cat-ferramentas-e-acessorios","9":"product_cat-produtos-de-limpeza","11":"first","12":"instock","13":"purchasable","14":"product-type-variable"},"acf":[],"yoast_head":"<!-- This site is optimized with the Yoast SEO plugin v27.2 - https:\/\/yoast.com\/product\/yoast-seo-wordpress\/ -->\n<title>PENOSIL Limpador PVC 968 Limpa e desengordura juntas de PVC<\/title>\n<meta name=\"description\" content=\"Limpador PVC 968 \u00e9 um fluido para a limpeza e desengorduramento de tubula\u00e7\u00f5es de PVC, que aumenta a ades\u00e3o dos adesivos e garante uma uni\u00e3o perfeita.\" \/>\n<meta name=\"robots\" content=\"index, follow, max-snippet:-1, max-image-preview:large, max-video-preview:-1\" \/>\n<link rel=\"canonical\" href=\"https:\/\/penosil.com\/pt\/produto\/limpador-pvc-968-limpa-e-desengordura\/\" \/>\n<meta property=\"og:locale\" content=\"pt_PT\" \/>\n<meta property=\"og:type\" content=\"article\" \/>\n<meta property=\"og:title\" content=\"PENOSIL Limpador PVC 968 Limpa e desengordura juntas de PVC\" \/>\n<meta property=\"og:description\" content=\"Limpador PVC 968 \u00e9 um fluido para a limpeza e desengorduramento de tubula\u00e7\u00f5es de PVC, que aumenta a ades\u00e3o dos adesivos e garante uma uni\u00e3o perfeita.\" \/>\n<meta property=\"og:url\" content=\"https:\/\/penosil.com\/pt\/produto\/limpador-pvc-968-limpa-e-desengordura\/\" \/>\n<meta property=\"og:site_name\" content=\"Penosil Portugal\" \/>\n<meta property=\"article:modified_time\" content=\"2026-02-23T14:26:07+00:00\" \/>\n<meta property=\"og:image\" content=\"https:\/\/penosil.com\/pt\/wp-content\/uploads\/sites\/10\/2024\/11\/Limpador-PVC-968-PENOSIL-Limpa-e-desengordura-juntas-de-PVC.png\" \/>\n\t<meta property=\"og:image:width\" content=\"800\" \/>\n\t<meta property=\"og:image:height\" content=\"1080\" \/>\n\t<meta property=\"og:image:type\" content=\"image\/png\" \/>\n<meta name=\"twitter:card\" content=\"summary_large_image\" \/>\n<meta name=\"twitter:label1\" content=\"Tempo estimado de leitura\" \/>\n\t<meta name=\"twitter:data1\" content=\"4 minutos\" \/>\n<script type=\"application\/ld+json\" class=\"yoast-schema-graph\">{\"@context\":\"https:\/\/schema.org\",\"@graph\":[{\"@type\":\"WebPage\",\"@id\":\"https:\/\/penosil.com\/pt\/produto\/limpador-pvc-968-limpa-e-desengordura\/\",\"url\":\"https:\/\/penosil.com\/pt\/produto\/limpador-pvc-968-limpa-e-desengordura\/\",\"name\":\"PENOSIL Limpador PVC 968 Limpa e desengordura juntas de PVC\",\"isPartOf\":{\"@id\":\"https:\/\/penosil.com\/pt\/#website\"},\"primaryImageOfPage\":{\"@id\":\"https:\/\/penosil.com\/pt\/produto\/limpador-pvc-968-limpa-e-desengordura\/#primaryimage\"},\"image\":{\"@id\":\"https:\/\/penosil.com\/pt\/produto\/limpador-pvc-968-limpa-e-desengordura\/#primaryimage\"},\"thumbnailUrl\":\"https:\/\/penosil.com\/pt\/wp-content\/uploads\/sites\/10\/2024\/11\/Limpador-PVC-968-PENOSIL-Limpa-e-desengordura-juntas-de-PVC.png\",\"datePublished\":\"2024-11-05T08:11:15+00:00\",\"dateModified\":\"2026-02-23T14:26:07+00:00\",\"description\":\"Limpador PVC 968 \u00e9 um fluido para a limpeza e desengorduramento de tubula\u00e7\u00f5es de PVC, que aumenta a ades\u00e3o dos adesivos e garante uma uni\u00e3o perfeita.\",\"breadcrumb\":{\"@id\":\"https:\/\/penosil.com\/pt\/produto\/limpador-pvc-968-limpa-e-desengordura\/#breadcrumb\"},\"inLanguage\":\"pt-PT\",\"potentialAction\":[{\"@type\":\"ReadAction\",\"target\":[\"https:\/\/penosil.com\/pt\/produto\/limpador-pvc-968-limpa-e-desengordura\/\"]}]},{\"@type\":\"ImageObject\",\"inLanguage\":\"pt-PT\",\"@id\":\"https:\/\/penosil.com\/pt\/produto\/limpador-pvc-968-limpa-e-desengordura\/#primaryimage\",\"url\":\"https:\/\/penosil.com\/pt\/wp-content\/uploads\/sites\/10\/2024\/11\/Limpador-PVC-968-PENOSIL-Limpa-e-desengordura-juntas-de-PVC.png\",\"contentUrl\":\"https:\/\/penosil.com\/pt\/wp-content\/uploads\/sites\/10\/2024\/11\/Limpador-PVC-968-PENOSIL-Limpa-e-desengordura-juntas-de-PVC.png\",\"width\":800,\"height\":1080,\"caption\":\"Limpador PVC 968 PENOSIL Limpa e desengordura juntas de PVC\"},{\"@type\":\"BreadcrumbList\",\"@id\":\"https:\/\/penosil.com\/pt\/produto\/limpador-pvc-968-limpa-e-desengordura\/#breadcrumb\",\"itemListElement\":[{\"@type\":\"ListItem\",\"position\":1,\"name\":\"Home\",\"item\":\"https:\/\/penosil.com\/pt\/\"},{\"@type\":\"ListItem\",\"position\":2,\"name\":\"Produtos\",\"item\":\"https:\/\/penosil.com\/pt\/produtos\/\"},{\"@type\":\"ListItem\",\"position\":3,\"name\":\"Limpador PVC 968\"}]},{\"@type\":\"WebSite\",\"@id\":\"https:\/\/penosil.com\/pt\/#website\",\"url\":\"https:\/\/penosil.com\/pt\/\",\"name\":\"Penosil Portugal\",\"description\":\"\",\"potentialAction\":[{\"@type\":\"SearchAction\",\"target\":{\"@type\":\"EntryPoint\",\"urlTemplate\":\"https:\/\/penosil.com\/pt\/?s={search_term_string}\"},\"query-input\":{\"@type\":\"PropertyValueSpecification\",\"valueRequired\":true,\"valueName\":\"search_term_string\"}}],\"inLanguage\":\"pt-PT\"}]}<\/script>\n<!-- \/ Yoast SEO plugin. -->","yoast_head_json":{"title":"PENOSIL Limpador PVC 968 Limpa e desengordura juntas de PVC","description":"Limpador PVC 968 \u00e9 um fluido para a limpeza e desengorduramento de tubula\u00e7\u00f5es de PVC, que aumenta a ades\u00e3o dos adesivos e garante uma uni\u00e3o perfeita.","robots":{"index":"index","follow":"follow","max-snippet":"max-snippet:-1","max-image-preview":"max-image-preview:large","max-video-preview":"max-video-preview:-1"},"canonical":"https:\/\/penosil.com\/pt\/produto\/limpador-pvc-968-limpa-e-desengordura\/","og_locale":"pt_PT","og_type":"article","og_title":"PENOSIL Limpador PVC 968 Limpa e desengordura juntas de PVC","og_description":"Limpador PVC 968 \u00e9 um fluido para a limpeza e desengorduramento de tubula\u00e7\u00f5es de PVC, que aumenta a ades\u00e3o dos adesivos e garante uma uni\u00e3o perfeita.","og_url":"https:\/\/penosil.com\/pt\/produto\/limpador-pvc-968-limpa-e-desengordura\/","og_site_name":"Penosil Portugal","article_modified_time":"2026-02-23T14:26:07+00:00","og_image":[{"width":800,"height":1080,"url":"https:\/\/penosil.com\/pt\/wp-content\/uploads\/sites\/10\/2024\/11\/Limpador-PVC-968-PENOSIL-Limpa-e-desengordura-juntas-de-PVC.png","type":"image\/png"}],"twitter_card":"summary_large_image","twitter_misc":{"Tempo estimado de leitura":"4 minutos"},"schema":{"@context":"https:\/\/schema.org","@graph":[{"@type":"WebPage","@id":"https:\/\/penosil.com\/pt\/produto\/limpador-pvc-968-limpa-e-desengordura\/","url":"https:\/\/penosil.com\/pt\/produto\/limpador-pvc-968-limpa-e-desengordura\/","name":"PENOSIL Limpador PVC 968 Limpa e desengordura juntas de PVC","isPartOf":{"@id":"https:\/\/penosil.com\/pt\/#website"},"primaryImageOfPage":{"@id":"https:\/\/penosil.com\/pt\/produto\/limpador-pvc-968-limpa-e-desengordura\/#primaryimage"},"image":{"@id":"https:\/\/penosil.com\/pt\/produto\/limpador-pvc-968-limpa-e-desengordura\/#primaryimage"},"thumbnailUrl":"https:\/\/penosil.com\/pt\/wp-content\/uploads\/sites\/10\/2024\/11\/Limpador-PVC-968-PENOSIL-Limpa-e-desengordura-juntas-de-PVC.png","datePublished":"2024-11-05T08:11:15+00:00","dateModified":"2026-02-23T14:26:07+00:00","description":"Limpador PVC 968 \u00e9 um fluido para a limpeza e desengorduramento de tubula\u00e7\u00f5es de PVC, que aumenta a ades\u00e3o dos adesivos e garante uma uni\u00e3o perfeita.","breadcrumb":{"@id":"https:\/\/penosil.com\/pt\/produto\/limpador-pvc-968-limpa-e-desengordura\/#breadcrumb"},"inLanguage":"pt-PT","potentialAction":[{"@type":"ReadAction","target":["https:\/\/penosil.com\/pt\/produto\/limpador-pvc-968-limpa-e-desengordura\/"]}]},{"@type":"ImageObject","inLanguage":"pt-PT","@id":"https:\/\/penosil.com\/pt\/produto\/limpador-pvc-968-limpa-e-desengordura\/#primaryimage","url":"https:\/\/penosil.com\/pt\/wp-content\/uploads\/sites\/10\/2024\/11\/Limpador-PVC-968-PENOSIL-Limpa-e-desengordura-juntas-de-PVC.png","contentUrl":"https:\/\/penosil.com\/pt\/wp-content\/uploads\/sites\/10\/2024\/11\/Limpador-PVC-968-PENOSIL-Limpa-e-desengordura-juntas-de-PVC.png","width":800,"height":1080,"caption":"Limpador PVC 968 PENOSIL Limpa e desengordura juntas de PVC"},{"@type":"BreadcrumbList","@id":"https:\/\/penosil.com\/pt\/produto\/limpador-pvc-968-limpa-e-desengordura\/#breadcrumb","itemListElement":[{"@type":"ListItem","position":1,"name":"Home","item":"https:\/\/penosil.com\/pt\/"},{"@type":"ListItem","position":2,"name":"Produtos","item":"https:\/\/penosil.com\/pt\/produtos\/"},{"@type":"ListItem","position":3,"name":"Limpador PVC 968"}]},{"@type":"WebSite","@id":"https:\/\/penosil.com\/pt\/#website","url":"https:\/\/penosil.com\/pt\/","name":"Penosil Portugal","description":"","potentialAction":[{"@type":"SearchAction","target":{"@type":"EntryPoint","urlTemplate":"https:\/\/penosil.com\/pt\/?s={search_term_string}"},"query-input":{"@type":"PropertyValueSpecification","valueRequired":true,"valueName":"search_term_string"}}],"inLanguage":"pt-PT"}]}},"featured_img":"https:\/\/penosil.com\/pt\/wp-content\/uploads\/sites\/10\/2024\/11\/Limpador-PVC-968-PENOSIL-Limpa-e-desengordura-juntas-de-PVC.png","coauthors":[],"author_meta":{"author_link":"https:\/\/penosil.com\/pt\/author\/pedro\/","display_name":"pedro"},"relative_dates":{"created":"Posted 1 ano ago","modified":"Updated 2 meses ago"},"absolute_dates":{"created":"Posted on 5 de Novembro, 2024","modified":"Updated on 23 de Fevereiro, 2026"},"absolute_dates_time":{"created":"Posted on 5 de Novembro, 2024 8:11","modified":"Updated on 23 de Fevereiro, 2026 14:26"},"featured_img_caption":"Limpador PVC 968 PENOSIL Limpa e desengordura juntas de PVC","tax_additional":{"product_brand":{"linked":[],"unlinked":[],"slug":"product_brand","name":"Marcas"},"product_type":{"linked":["<a href=\"https:\/\/penosil.com\/pt\/?taxonomy=product_type&#038;term=variable\" class=\"advgb-post-tax-term\">variable<\/a>"],"unlinked":["<span class=\"advgb-post-tax-term\">variable<\/span>"],"slug":"product_type","name":"Tipo de produto"},"product_visibility":{"linked":[],"unlinked":[],"slug":"product_visibility","name":"Visibilidade do produto"},"product_cat":{"linked":["<a href=\"https:\/\/penosil.com\/pt\/categoria-produto\/areas-de-aplicacao\/\" class=\"advgb-post-tax-term\">\u00c1reas de aplica\u00e7\u00e3o<\/a>","<a href=\"https:\/\/penosil.com\/pt\/categoria-produto\/grupos-de-produtos\/\" class=\"advgb-post-tax-term\">Grupos de produtos<\/a>","<a href=\"https:\/\/penosil.com\/pt\/categoria-produto\/grupos-de-produtos\/ferramentas-e-acessorios\/\" class=\"advgb-post-tax-term\">Ferramentas e acess\u00f3rios<\/a>","<a href=\"https:\/\/penosil.com\/pt\/categoria-produto\/areas-de-aplicacao\/produtos-de-limpeza\/\" class=\"advgb-post-tax-term\">Produtos de limpeza<\/a>"],"unlinked":["<span class=\"advgb-post-tax-term\">\u00c1reas de aplica\u00e7\u00e3o<\/span>","<span class=\"advgb-post-tax-term\">Grupos de produtos<\/span>","<span class=\"advgb-post-tax-term\">Ferramentas e acess\u00f3rios<\/span>","<span class=\"advgb-post-tax-term\">Produtos de limpeza<\/span>"],"slug":"product_cat","name":"Categorias de produto"},"product_tag":{"linked":[],"unlinked":[],"slug":"product_tag","name":"Etiquetas de produto"},"product_shipping_class":{"linked":[],"unlinked":[],"slug":"product_shipping_class","name":"Classes de envio do produto"},"pos_product_visibility":{"linked":[],"unlinked":[],"slug":"pos_product_visibility","name":"POS Product visibility"},"pa_color":{"linked":["<a href=\"https:\/\/penosil.com\/pt\/?taxonomy=pa_color&#038;term=transparente\" class=\"advgb-post-tax-term\">Transparente<\/a>"],"unlinked":["<span class=\"advgb-post-tax-term\">Transparente<\/span>"],"slug":"pa_color","name":"Product Cor"},"pa_package":{"linked":["<a href=\"https:\/\/penosil.com\/pt\/?taxonomy=pa_package&#038;term=500-ml\" class=\"advgb-post-tax-term\">500 ml<\/a>","<a href=\"https:\/\/penosil.com\/pt\/?taxonomy=pa_package&#038;term=1-l\" class=\"advgb-post-tax-term\">1 L<\/a>"],"unlinked":["<span class=\"advgb-post-tax-term\">500 ml<\/span>","<span class=\"advgb-post-tax-term\">1 L<\/span>"],"slug":"pa_package","name":"Product Package"},"translation_priority":{"linked":["<a href=\"https:\/\/penosil.com\/pt\/?taxonomy=translation_priority&#038;term=opcional\" class=\"advgb-post-tax-term\">Opcional<\/a>"],"unlinked":["<span class=\"advgb-post-tax-term\">Opcional<\/span>"],"slug":"translation_priority","name":"Prioridades da Tradu\u00e7\u00e3o"}},"series_order":"","_links":{"self":[{"href":"https:\/\/penosil.com\/pt\/wp-json\/wp\/v2\/product\/9042","targetHints":{"allow":["GET"]}}],"collection":[{"href":"https:\/\/penosil.com\/pt\/wp-json\/wp\/v2\/product"}],"about":[{"href":"https:\/\/penosil.com\/pt\/wp-json\/wp\/v2\/types\/product"}],"version-history":[{"count":7,"href":"https:\/\/penosil.com\/pt\/wp-json\/wp\/v2\/product\/9042\/revisions"}],"predecessor-version":[{"id":12113,"href":"https:\/\/penosil.com\/pt\/wp-json\/wp\/v2\/product\/9042\/revisions\/12113"}],"wp:featuredmedia":[{"embeddable":true,"href":"https:\/\/penosil.com\/pt\/wp-json\/wp\/v2\/media\/12106"}],"wp:attachment":[{"href":"https:\/\/penosil.com\/pt\/wp-json\/wp\/v2\/media?parent=9042"}],"wp:term":[{"taxonomy":"product_brand","embeddable":true,"href":"https:\/\/penosil.com\/pt\/wp-json\/wp\/v2\/product_brand?post=9042"},{"taxonomy":"product_cat","embeddable":true,"href":"https:\/\/penosil.com\/pt\/wp-json\/wp\/v2\/product_cat?post=9042"},{"taxonomy":"product_tag","embeddable":true,"href":"https:\/\/penosil.com\/pt\/wp-json\/wp\/v2\/product_tag?post=9042"}],"curies":[{"name":"wp","href":"https:\/\/api.w.org\/{rel}","templated":true}]}}