{"id":9059,"date":"2022-12-22T12:11:15","date_gmt":"2022-12-22T12:11:15","guid":{"rendered":"https:\/\/penosil.com\/pt\/?post_type=product&#038;p=9059"},"modified":"2025-04-22T14:37:19","modified_gmt":"2025-04-22T14:37:19","slug":"cola-ms-epdm-740","status":"publish","type":"product","link":"https:\/\/penosil.com\/pt\/produto\/cola-ms-epdm-740\/","title":{"rendered":"Cola MS EPDM 740"},"content":{"rendered":"<p>Cola para membranas \u00e0 base de pol\u00edmeros h\u00edbridos que forma um filme de borracha el\u00e1stica, para colar todo o tipo de membranas de EPDM.<\/p>\n","protected":false},"excerpt":{"rendered":"Cola \u00e0 base de pol\u00edmeros h\u00edbridos que forma um filme de borracha el\u00e1stica, para colar todo o tipo de membranas de EPDM.","protected":false},"author":67,"featured_media":10440,"template":"","meta":{"_acf_changed":false,"advgb_blocks_editor_width":"","advgb_blocks_columns_visual_guide":"","footnotes":""},"product_brand":[],"product_cat":[2290,1369,1390,2296],"product_tag":[],"class_list":{"0":"post-9059","1":"product","2":"type-product","3":"status-publish","4":"has-post-thumbnail","6":"product_cat-areas-de-aplicacao","7":"product_cat-grupos-de-produtos","8":"product_cat-adesivos","9":"product_cat-colas","11":"first","12":"instock","13":"purchasable","14":"product-type-variable"},"acf":[],"yoast_head":"<!-- This site is optimized with the Yoast SEO plugin v27.2 - https:\/\/yoast.com\/product\/yoast-seo-wordpress\/ -->\n<title>PENOSIL Cola MS EPDM 740 Cola para Membranas<\/title>\n<meta name=\"description\" content=\"PENOSIL Cola MS EPDM 740 Cola para Membranas instala\u00e7\u00e3o r\u00e1pida e f\u00e1cil. Excelente ader\u00eancia, isento de silicones e solventes. N\u00e3o corrosivo\" \/>\n<meta name=\"robots\" content=\"index, follow, max-snippet:-1, max-image-preview:large, max-video-preview:-1\" \/>\n<link rel=\"canonical\" href=\"https:\/\/penosil.com\/pt\/produto\/cola-ms-epdm-740\/\" \/>\n<meta property=\"og:locale\" content=\"pt_PT\" \/>\n<meta property=\"og:type\" content=\"article\" \/>\n<meta property=\"og:title\" content=\"PENOSIL Cola MS EPDM 740 Cola para Membranas\" \/>\n<meta property=\"og:description\" content=\"PENOSIL Cola MS EPDM 740 Cola para Membranas instala\u00e7\u00e3o r\u00e1pida e f\u00e1cil. Excelente ader\u00eancia, isento de silicones e solventes. N\u00e3o corrosivo\" \/>\n<meta property=\"og:url\" content=\"https:\/\/penosil.com\/pt\/produto\/cola-ms-epdm-740\/\" \/>\n<meta property=\"og:site_name\" content=\"Penosil Portugal\" \/>\n<meta property=\"article:modified_time\" content=\"2025-04-22T14:37:19+00:00\" \/>\n<meta property=\"og:image\" content=\"https:\/\/penosil.com\/pt\/wp-content\/uploads\/sites\/10\/2022\/12\/Bolsa-Penosil-600ml.png\" \/>\n\t<meta property=\"og:image:width\" content=\"220\" \/>\n\t<meta property=\"og:image:height\" content=\"1080\" \/>\n\t<meta property=\"og:image:type\" content=\"image\/png\" \/>\n<meta name=\"twitter:card\" content=\"summary_large_image\" \/>\n<meta name=\"twitter:label1\" content=\"Tempo estimado de leitura\" \/>\n\t<meta name=\"twitter:data1\" content=\"3 minutos\" \/>\n<script type=\"application\/ld+json\" class=\"yoast-schema-graph\">{\"@context\":\"https:\/\/schema.org\",\"@graph\":[{\"@type\":\"WebPage\",\"@id\":\"https:\/\/penosil.com\/pt\/produto\/cola-ms-epdm-740\/\",\"url\":\"https:\/\/penosil.com\/pt\/produto\/cola-ms-epdm-740\/\",\"name\":\"PENOSIL Cola MS EPDM 740 Cola para Membranas\",\"isPartOf\":{\"@id\":\"https:\/\/penosil.com\/pt\/#website\"},\"primaryImageOfPage\":{\"@id\":\"https:\/\/penosil.com\/pt\/produto\/cola-ms-epdm-740\/#primaryimage\"},\"image\":{\"@id\":\"https:\/\/penosil.com\/pt\/produto\/cola-ms-epdm-740\/#primaryimage\"},\"thumbnailUrl\":\"https:\/\/penosil.com\/pt\/wp-content\/uploads\/sites\/10\/2022\/12\/Bolsa-Penosil-600ml.png\",\"datePublished\":\"2022-12-22T12:11:15+00:00\",\"dateModified\":\"2025-04-22T14:37:19+00:00\",\"description\":\"PENOSIL Cola MS EPDM 740 Cola para Membranas instala\u00e7\u00e3o r\u00e1pida e f\u00e1cil. Excelente ader\u00eancia, isento de silicones e solventes. N\u00e3o corrosivo\",\"breadcrumb\":{\"@id\":\"https:\/\/penosil.com\/pt\/produto\/cola-ms-epdm-740\/#breadcrumb\"},\"inLanguage\":\"pt-PT\",\"potentialAction\":[{\"@type\":\"ReadAction\",\"target\":[\"https:\/\/penosil.com\/pt\/produto\/cola-ms-epdm-740\/\"]}]},{\"@type\":\"ImageObject\",\"inLanguage\":\"pt-PT\",\"@id\":\"https:\/\/penosil.com\/pt\/produto\/cola-ms-epdm-740\/#primaryimage\",\"url\":\"https:\/\/penosil.com\/pt\/wp-content\/uploads\/sites\/10\/2022\/12\/Bolsa-Penosil-600ml.png\",\"contentUrl\":\"https:\/\/penosil.com\/pt\/wp-content\/uploads\/sites\/10\/2022\/12\/Bolsa-Penosil-600ml.png\",\"width\":220,\"height\":1080},{\"@type\":\"BreadcrumbList\",\"@id\":\"https:\/\/penosil.com\/pt\/produto\/cola-ms-epdm-740\/#breadcrumb\",\"itemListElement\":[{\"@type\":\"ListItem\",\"position\":1,\"name\":\"Home\",\"item\":\"https:\/\/penosil.com\/pt\/\"},{\"@type\":\"ListItem\",\"position\":2,\"name\":\"Produtos\",\"item\":\"https:\/\/penosil.com\/pt\/produtos\/\"},{\"@type\":\"ListItem\",\"position\":3,\"name\":\"Cola MS EPDM 740\"}]},{\"@type\":\"WebSite\",\"@id\":\"https:\/\/penosil.com\/pt\/#website\",\"url\":\"https:\/\/penosil.com\/pt\/\",\"name\":\"Penosil Portugal\",\"description\":\"\",\"potentialAction\":[{\"@type\":\"SearchAction\",\"target\":{\"@type\":\"EntryPoint\",\"urlTemplate\":\"https:\/\/penosil.com\/pt\/?s={search_term_string}\"},\"query-input\":{\"@type\":\"PropertyValueSpecification\",\"valueRequired\":true,\"valueName\":\"search_term_string\"}}],\"inLanguage\":\"pt-PT\"}]}<\/script>\n<!-- \/ Yoast SEO plugin. -->","yoast_head_json":{"title":"PENOSIL Cola MS EPDM 740 Cola para Membranas","description":"PENOSIL Cola MS EPDM 740 Cola para Membranas instala\u00e7\u00e3o r\u00e1pida e f\u00e1cil. Excelente ader\u00eancia, isento de silicones e solventes. N\u00e3o corrosivo","robots":{"index":"index","follow":"follow","max-snippet":"max-snippet:-1","max-image-preview":"max-image-preview:large","max-video-preview":"max-video-preview:-1"},"canonical":"https:\/\/penosil.com\/pt\/produto\/cola-ms-epdm-740\/","og_locale":"pt_PT","og_type":"article","og_title":"PENOSIL Cola MS EPDM 740 Cola para Membranas","og_description":"PENOSIL Cola MS EPDM 740 Cola para Membranas instala\u00e7\u00e3o r\u00e1pida e f\u00e1cil. Excelente ader\u00eancia, isento de silicones e solventes. N\u00e3o corrosivo","og_url":"https:\/\/penosil.com\/pt\/produto\/cola-ms-epdm-740\/","og_site_name":"Penosil Portugal","article_modified_time":"2025-04-22T14:37:19+00:00","og_image":[{"width":220,"height":1080,"url":"https:\/\/penosil.com\/pt\/wp-content\/uploads\/sites\/10\/2022\/12\/Bolsa-Penosil-600ml.png","type":"image\/png"}],"twitter_card":"summary_large_image","twitter_misc":{"Tempo estimado de leitura":"3 minutos"},"schema":{"@context":"https:\/\/schema.org","@graph":[{"@type":"WebPage","@id":"https:\/\/penosil.com\/pt\/produto\/cola-ms-epdm-740\/","url":"https:\/\/penosil.com\/pt\/produto\/cola-ms-epdm-740\/","name":"PENOSIL Cola MS EPDM 740 Cola para Membranas","isPartOf":{"@id":"https:\/\/penosil.com\/pt\/#website"},"primaryImageOfPage":{"@id":"https:\/\/penosil.com\/pt\/produto\/cola-ms-epdm-740\/#primaryimage"},"image":{"@id":"https:\/\/penosil.com\/pt\/produto\/cola-ms-epdm-740\/#primaryimage"},"thumbnailUrl":"https:\/\/penosil.com\/pt\/wp-content\/uploads\/sites\/10\/2022\/12\/Bolsa-Penosil-600ml.png","datePublished":"2022-12-22T12:11:15+00:00","dateModified":"2025-04-22T14:37:19+00:00","description":"PENOSIL Cola MS EPDM 740 Cola para Membranas instala\u00e7\u00e3o r\u00e1pida e f\u00e1cil. Excelente ader\u00eancia, isento de silicones e solventes. N\u00e3o corrosivo","breadcrumb":{"@id":"https:\/\/penosil.com\/pt\/produto\/cola-ms-epdm-740\/#breadcrumb"},"inLanguage":"pt-PT","potentialAction":[{"@type":"ReadAction","target":["https:\/\/penosil.com\/pt\/produto\/cola-ms-epdm-740\/"]}]},{"@type":"ImageObject","inLanguage":"pt-PT","@id":"https:\/\/penosil.com\/pt\/produto\/cola-ms-epdm-740\/#primaryimage","url":"https:\/\/penosil.com\/pt\/wp-content\/uploads\/sites\/10\/2022\/12\/Bolsa-Penosil-600ml.png","contentUrl":"https:\/\/penosil.com\/pt\/wp-content\/uploads\/sites\/10\/2022\/12\/Bolsa-Penosil-600ml.png","width":220,"height":1080},{"@type":"BreadcrumbList","@id":"https:\/\/penosil.com\/pt\/produto\/cola-ms-epdm-740\/#breadcrumb","itemListElement":[{"@type":"ListItem","position":1,"name":"Home","item":"https:\/\/penosil.com\/pt\/"},{"@type":"ListItem","position":2,"name":"Produtos","item":"https:\/\/penosil.com\/pt\/produtos\/"},{"@type":"ListItem","position":3,"name":"Cola MS EPDM 740"}]},{"@type":"WebSite","@id":"https:\/\/penosil.com\/pt\/#website","url":"https:\/\/penosil.com\/pt\/","name":"Penosil Portugal","description":"","potentialAction":[{"@type":"SearchAction","target":{"@type":"EntryPoint","urlTemplate":"https:\/\/penosil.com\/pt\/?s={search_term_string}"},"query-input":{"@type":"PropertyValueSpecification","valueRequired":true,"valueName":"search_term_string"}}],"inLanguage":"pt-PT"}]}},"featured_img":"https:\/\/penosil.com\/pt\/wp-content\/uploads\/sites\/10\/2022\/12\/Bolsa-Penosil-600ml.png","coauthors":[],"author_meta":{"author_link":"https:\/\/penosil.com\/pt\/author\/pedro\/","display_name":"pedro"},"relative_dates":{"created":"Posted 3 anos ago","modified":"Updated 12 meses ago"},"absolute_dates":{"created":"Posted on 22 de Dezembro, 2022","modified":"Updated on 22 de Abril, 2025"},"absolute_dates_time":{"created":"Posted on 22 de Dezembro, 2022 12:11","modified":"Updated on 22 de Abril, 2025 14:37"},"featured_img_caption":"","tax_additional":{"product_brand":{"linked":[],"unlinked":[],"slug":"product_brand","name":"Marcas"},"product_type":{"linked":["<a href=\"https:\/\/penosil.com\/pt\/?taxonomy=product_type&#038;term=variable\" class=\"advgb-post-tax-term\">variable<\/a>"],"unlinked":["<span class=\"advgb-post-tax-term\">variable<\/span>"],"slug":"product_type","name":"Tipo de produto"},"product_visibility":{"linked":[],"unlinked":[],"slug":"product_visibility","name":"Visibilidade do produto"},"product_cat":{"linked":["<a href=\"https:\/\/penosil.com\/pt\/categoria-produto\/areas-de-aplicacao\/\" class=\"advgb-post-tax-term\">\u00c1reas de aplica\u00e7\u00e3o<\/a>","<a href=\"https:\/\/penosil.com\/pt\/categoria-produto\/grupos-de-produtos\/\" class=\"advgb-post-tax-term\">Grupos de produtos<\/a>","<a href=\"https:\/\/penosil.com\/pt\/categoria-produto\/grupos-de-produtos\/adesivos\/\" class=\"advgb-post-tax-term\">Colas<\/a>","<a href=\"https:\/\/penosil.com\/pt\/categoria-produto\/areas-de-aplicacao\/colas\/\" class=\"advgb-post-tax-term\">Colas<\/a>"],"unlinked":["<span class=\"advgb-post-tax-term\">\u00c1reas de aplica\u00e7\u00e3o<\/span>","<span class=\"advgb-post-tax-term\">Grupos de produtos<\/span>","<span class=\"advgb-post-tax-term\">Colas<\/span>","<span class=\"advgb-post-tax-term\">Colas<\/span>"],"slug":"product_cat","name":"Categorias de produto"},"product_tag":{"linked":[],"unlinked":[],"slug":"product_tag","name":"Etiquetas de produto"},"product_shipping_class":{"linked":[],"unlinked":[],"slug":"product_shipping_class","name":"Classes de envio do produto"},"pos_product_visibility":{"linked":[],"unlinked":[],"slug":"pos_product_visibility","name":"POS Product visibility"},"pa_color":{"linked":["<a href=\"https:\/\/penosil.com\/pt\/?taxonomy=pa_color&#038;term=preto\" class=\"advgb-post-tax-term\">Preto<\/a>"],"unlinked":["<span class=\"advgb-post-tax-term\">Preto<\/span>"],"slug":"pa_color","name":"Product Cor"},"pa_package":{"linked":["<a href=\"https:\/\/penosil.com\/pt\/?taxonomy=pa_package&#038;term=bolsa-600-ml\" class=\"advgb-post-tax-term\">Bolsa 600 ml<\/a>","<a href=\"https:\/\/penosil.com\/pt\/?taxonomy=pa_package&#038;term=cartucho-290-ml\" class=\"advgb-post-tax-term\">Cartucho 290 ml<\/a>"],"unlinked":["<span class=\"advgb-post-tax-term\">Bolsa 600 ml<\/span>","<span class=\"advgb-post-tax-term\">Cartucho 290 ml<\/span>"],"slug":"pa_package","name":"Product Package"},"translation_priority":{"linked":["<a href=\"https:\/\/penosil.com\/pt\/?taxonomy=translation_priority&#038;term=opcional\" class=\"advgb-post-tax-term\">Opcional<\/a>"],"unlinked":["<span class=\"advgb-post-tax-term\">Opcional<\/span>"],"slug":"translation_priority","name":"Prioridades da Tradu\u00e7\u00e3o"}},"series_order":"","_links":{"self":[{"href":"https:\/\/penosil.com\/pt\/wp-json\/wp\/v2\/product\/9059","targetHints":{"allow":["GET"]}}],"collection":[{"href":"https:\/\/penosil.com\/pt\/wp-json\/wp\/v2\/product"}],"about":[{"href":"https:\/\/penosil.com\/pt\/wp-json\/wp\/v2\/types\/product"}],"version-history":[{"count":3,"href":"https:\/\/penosil.com\/pt\/wp-json\/wp\/v2\/product\/9059\/revisions"}],"predecessor-version":[{"id":10442,"href":"https:\/\/penosil.com\/pt\/wp-json\/wp\/v2\/product\/9059\/revisions\/10442"}],"wp:featuredmedia":[{"embeddable":true,"href":"https:\/\/penosil.com\/pt\/wp-json\/wp\/v2\/media\/10440"}],"wp:attachment":[{"href":"https:\/\/penosil.com\/pt\/wp-json\/wp\/v2\/media?parent=9059"}],"wp:term":[{"taxonomy":"product_brand","embeddable":true,"href":"https:\/\/penosil.com\/pt\/wp-json\/wp\/v2\/product_brand?post=9059"},{"taxonomy":"product_cat","embeddable":true,"href":"https:\/\/penosil.com\/pt\/wp-json\/wp\/v2\/product_cat?post=9059"},{"taxonomy":"product_tag","embeddable":true,"href":"https:\/\/penosil.com\/pt\/wp-json\/wp\/v2\/product_tag?post=9059"}],"curies":[{"name":"wp","href":"https:\/\/api.w.org\/{rel}","templated":true}]}}