{"id":9102,"date":"2022-12-22T14:46:00","date_gmt":"2022-12-22T14:46:00","guid":{"rendered":"https:\/\/penosil.com\/pt\/?post_type=product&#038;p=9102"},"modified":"2023-02-01T11:54:02","modified_gmt":"2023-02-01T11:54:02","slug":"pistola-manual-bucha-quimica-410c","status":"publish","type":"product","link":"https:\/\/penosil.com\/pt\/produto\/pistola-manual-bucha-quimica-410c\/","title":{"rendered":"Pistola Manual Bucha Qu\u00edmica 410c"},"content":{"rendered":"<p>Pistola especial para cartuchos de blocos qu\u00edmicos. Permite a utiliza\u00e7\u00e3o de sistemas de bicomponentes.<\/p>\n","protected":false},"excerpt":{"rendered":"Pistola especial para cartuchos de blocos qu\u00edmicos. Permite a utiliza\u00e7\u00e3o de sistemas de bicomponentes.","protected":false},"author":67,"featured_media":8407,"template":"","meta":{"_acf_changed":false,"advgb_blocks_editor_width":"","advgb_blocks_columns_visual_guide":"","footnotes":""},"product_brand":[],"product_cat":[1369,1817],"product_tag":[],"class_list":{"0":"post-9102","1":"product","2":"type-product","3":"status-publish","4":"has-post-thumbnail","6":"product_cat-grupos-de-produtos","7":"product_cat-ferramentas-e-acessorios","9":"first","10":"instock","11":"purchasable","12":"product-type-simple"},"acf":[],"yoast_head":"<!-- This site is optimized with the Yoast SEO plugin v27.2 - https:\/\/yoast.com\/product\/yoast-seo-wordpress\/ -->\n<title>PENOSIL Pistola Manual Bucha Qu\u00edmica 410c<\/title>\n<meta name=\"description\" content=\"PENOSIL Pistola Manual Bucha Qu\u00edmica 410cespecial para a utiliza\u00e7\u00e3o de cartuchos bicomponentes de bucha qu\u00edmica, f\u00e1cil de utilizar e resistente. Dosifica\u00e7\u00e3o precisa.\" \/>\n<meta name=\"robots\" content=\"index, follow, max-snippet:-1, max-image-preview:large, max-video-preview:-1\" \/>\n<link rel=\"canonical\" href=\"https:\/\/penosil.com\/pt\/produto\/pistola-manual-bucha-quimica-410c\/\" \/>\n<meta property=\"og:locale\" content=\"pt_PT\" \/>\n<meta property=\"og:type\" content=\"article\" \/>\n<meta property=\"og:title\" content=\"PENOSIL Pistola Manual Bucha Qu\u00edmica 410c\" \/>\n<meta property=\"og:description\" content=\"PENOSIL Pistola Manual Bucha Qu\u00edmica 410cespecial para a utiliza\u00e7\u00e3o de cartuchos bicomponentes de bucha qu\u00edmica, f\u00e1cil de utilizar e resistente. Dosifica\u00e7\u00e3o precisa.\" \/>\n<meta property=\"og:url\" content=\"https:\/\/penosil.com\/pt\/produto\/pistola-manual-bucha-quimica-410c\/\" \/>\n<meta property=\"og:site_name\" content=\"Penosil Portugal\" \/>\n<meta property=\"article:modified_time\" content=\"2023-02-01T11:54:02+00:00\" \/>\n<meta property=\"og:image\" content=\"https:\/\/penosil.com\/pt\/wp-content\/uploads\/sites\/10\/2022\/11\/PISTOLA-taco-quimico.png\" \/>\n\t<meta property=\"og:image:width\" content=\"1098\" \/>\n\t<meta property=\"og:image:height\" content=\"826\" \/>\n\t<meta property=\"og:image:type\" content=\"image\/png\" \/>\n<meta name=\"twitter:card\" content=\"summary_large_image\" \/>\n<script type=\"application\/ld+json\" class=\"yoast-schema-graph\">{\"@context\":\"https:\/\/schema.org\",\"@graph\":[{\"@type\":\"WebPage\",\"@id\":\"https:\/\/penosil.com\/pt\/produto\/pistola-manual-bucha-quimica-410c\/\",\"url\":\"https:\/\/penosil.com\/pt\/produto\/pistola-manual-bucha-quimica-410c\/\",\"name\":\"PENOSIL Pistola Manual Bucha Qu\u00edmica 410c\",\"isPartOf\":{\"@id\":\"https:\/\/penosil.com\/pt\/#website\"},\"primaryImageOfPage\":{\"@id\":\"https:\/\/penosil.com\/pt\/produto\/pistola-manual-bucha-quimica-410c\/#primaryimage\"},\"image\":{\"@id\":\"https:\/\/penosil.com\/pt\/produto\/pistola-manual-bucha-quimica-410c\/#primaryimage\"},\"thumbnailUrl\":\"https:\/\/penosil.com\/pt\/wp-content\/uploads\/sites\/10\/2022\/11\/PISTOLA-taco-quimico.png\",\"datePublished\":\"2022-12-22T14:46:00+00:00\",\"dateModified\":\"2023-02-01T11:54:02+00:00\",\"description\":\"PENOSIL Pistola Manual Bucha Qu\u00edmica 410cespecial para a utiliza\u00e7\u00e3o de cartuchos bicomponentes de bucha qu\u00edmica, f\u00e1cil de utilizar e resistente. Dosifica\u00e7\u00e3o precisa.\",\"breadcrumb\":{\"@id\":\"https:\/\/penosil.com\/pt\/produto\/pistola-manual-bucha-quimica-410c\/#breadcrumb\"},\"inLanguage\":\"pt-PT\",\"potentialAction\":[{\"@type\":\"ReadAction\",\"target\":[\"https:\/\/penosil.com\/pt\/produto\/pistola-manual-bucha-quimica-410c\/\"]}]},{\"@type\":\"ImageObject\",\"inLanguage\":\"pt-PT\",\"@id\":\"https:\/\/penosil.com\/pt\/produto\/pistola-manual-bucha-quimica-410c\/#primaryimage\",\"url\":\"https:\/\/penosil.com\/pt\/wp-content\/uploads\/sites\/10\/2022\/11\/PISTOLA-taco-quimico.png\",\"contentUrl\":\"https:\/\/penosil.com\/pt\/wp-content\/uploads\/sites\/10\/2022\/11\/PISTOLA-taco-quimico.png\",\"width\":1098,\"height\":826,\"caption\":\"PENOSIL Pistola Manual Bucha Qu\u00edmica 410cespecial para a utiliza\u00e7\u00e3o de cartuchos bicomponentes de bucha qu\u00edmica\"},{\"@type\":\"BreadcrumbList\",\"@id\":\"https:\/\/penosil.com\/pt\/produto\/pistola-manual-bucha-quimica-410c\/#breadcrumb\",\"itemListElement\":[{\"@type\":\"ListItem\",\"position\":1,\"name\":\"Home\",\"item\":\"https:\/\/penosil.com\/pt\/\"},{\"@type\":\"ListItem\",\"position\":2,\"name\":\"Produtos\",\"item\":\"https:\/\/penosil.com\/pt\/produtos\/\"},{\"@type\":\"ListItem\",\"position\":3,\"name\":\"Pistola Manual Bucha Qu\u00edmica 410c\"}]},{\"@type\":\"WebSite\",\"@id\":\"https:\/\/penosil.com\/pt\/#website\",\"url\":\"https:\/\/penosil.com\/pt\/\",\"name\":\"Penosil Portugal\",\"description\":\"\",\"potentialAction\":[{\"@type\":\"SearchAction\",\"target\":{\"@type\":\"EntryPoint\",\"urlTemplate\":\"https:\/\/penosil.com\/pt\/?s={search_term_string}\"},\"query-input\":{\"@type\":\"PropertyValueSpecification\",\"valueRequired\":true,\"valueName\":\"search_term_string\"}}],\"inLanguage\":\"pt-PT\"}]}<\/script>\n<!-- \/ Yoast SEO plugin. -->","yoast_head_json":{"title":"PENOSIL Pistola Manual Bucha Qu\u00edmica 410c","description":"PENOSIL Pistola Manual Bucha Qu\u00edmica 410cespecial para a utiliza\u00e7\u00e3o de cartuchos bicomponentes de bucha qu\u00edmica, f\u00e1cil de utilizar e resistente. Dosifica\u00e7\u00e3o precisa.","robots":{"index":"index","follow":"follow","max-snippet":"max-snippet:-1","max-image-preview":"max-image-preview:large","max-video-preview":"max-video-preview:-1"},"canonical":"https:\/\/penosil.com\/pt\/produto\/pistola-manual-bucha-quimica-410c\/","og_locale":"pt_PT","og_type":"article","og_title":"PENOSIL Pistola Manual Bucha Qu\u00edmica 410c","og_description":"PENOSIL Pistola Manual Bucha Qu\u00edmica 410cespecial para a utiliza\u00e7\u00e3o de cartuchos bicomponentes de bucha qu\u00edmica, f\u00e1cil de utilizar e resistente. Dosifica\u00e7\u00e3o precisa.","og_url":"https:\/\/penosil.com\/pt\/produto\/pistola-manual-bucha-quimica-410c\/","og_site_name":"Penosil Portugal","article_modified_time":"2023-02-01T11:54:02+00:00","og_image":[{"width":1098,"height":826,"url":"https:\/\/penosil.com\/pt\/wp-content\/uploads\/sites\/10\/2022\/11\/PISTOLA-taco-quimico.png","type":"image\/png"}],"twitter_card":"summary_large_image","schema":{"@context":"https:\/\/schema.org","@graph":[{"@type":"WebPage","@id":"https:\/\/penosil.com\/pt\/produto\/pistola-manual-bucha-quimica-410c\/","url":"https:\/\/penosil.com\/pt\/produto\/pistola-manual-bucha-quimica-410c\/","name":"PENOSIL Pistola Manual Bucha Qu\u00edmica 410c","isPartOf":{"@id":"https:\/\/penosil.com\/pt\/#website"},"primaryImageOfPage":{"@id":"https:\/\/penosil.com\/pt\/produto\/pistola-manual-bucha-quimica-410c\/#primaryimage"},"image":{"@id":"https:\/\/penosil.com\/pt\/produto\/pistola-manual-bucha-quimica-410c\/#primaryimage"},"thumbnailUrl":"https:\/\/penosil.com\/pt\/wp-content\/uploads\/sites\/10\/2022\/11\/PISTOLA-taco-quimico.png","datePublished":"2022-12-22T14:46:00+00:00","dateModified":"2023-02-01T11:54:02+00:00","description":"PENOSIL Pistola Manual Bucha Qu\u00edmica 410cespecial para a utiliza\u00e7\u00e3o de cartuchos bicomponentes de bucha qu\u00edmica, f\u00e1cil de utilizar e resistente. Dosifica\u00e7\u00e3o precisa.","breadcrumb":{"@id":"https:\/\/penosil.com\/pt\/produto\/pistola-manual-bucha-quimica-410c\/#breadcrumb"},"inLanguage":"pt-PT","potentialAction":[{"@type":"ReadAction","target":["https:\/\/penosil.com\/pt\/produto\/pistola-manual-bucha-quimica-410c\/"]}]},{"@type":"ImageObject","inLanguage":"pt-PT","@id":"https:\/\/penosil.com\/pt\/produto\/pistola-manual-bucha-quimica-410c\/#primaryimage","url":"https:\/\/penosil.com\/pt\/wp-content\/uploads\/sites\/10\/2022\/11\/PISTOLA-taco-quimico.png","contentUrl":"https:\/\/penosil.com\/pt\/wp-content\/uploads\/sites\/10\/2022\/11\/PISTOLA-taco-quimico.png","width":1098,"height":826,"caption":"PENOSIL Pistola Manual Bucha Qu\u00edmica 410cespecial para a utiliza\u00e7\u00e3o de cartuchos bicomponentes de bucha qu\u00edmica"},{"@type":"BreadcrumbList","@id":"https:\/\/penosil.com\/pt\/produto\/pistola-manual-bucha-quimica-410c\/#breadcrumb","itemListElement":[{"@type":"ListItem","position":1,"name":"Home","item":"https:\/\/penosil.com\/pt\/"},{"@type":"ListItem","position":2,"name":"Produtos","item":"https:\/\/penosil.com\/pt\/produtos\/"},{"@type":"ListItem","position":3,"name":"Pistola Manual Bucha Qu\u00edmica 410c"}]},{"@type":"WebSite","@id":"https:\/\/penosil.com\/pt\/#website","url":"https:\/\/penosil.com\/pt\/","name":"Penosil Portugal","description":"","potentialAction":[{"@type":"SearchAction","target":{"@type":"EntryPoint","urlTemplate":"https:\/\/penosil.com\/pt\/?s={search_term_string}"},"query-input":{"@type":"PropertyValueSpecification","valueRequired":true,"valueName":"search_term_string"}}],"inLanguage":"pt-PT"}]}},"featured_img":"https:\/\/penosil.com\/pt\/wp-content\/uploads\/sites\/10\/2022\/11\/PISTOLA-taco-quimico.png","coauthors":[],"author_meta":{"author_link":"https:\/\/penosil.com\/pt\/author\/pedro\/","display_name":"pedro"},"relative_dates":{"created":"Posted 3 anos ago","modified":"Updated 3 anos ago"},"absolute_dates":{"created":"Posted on 22 de Dezembro, 2022","modified":"Updated on 1 de Fevereiro, 2023"},"absolute_dates_time":{"created":"Posted on 22 de Dezembro, 2022 14:46","modified":"Updated on 1 de Fevereiro, 2023 11:54"},"featured_img_caption":"PENOSIL Pistola Manual Bucha Qu\u00edmica 410cespecial para a utiliza\u00e7\u00e3o de cartuchos bicomponentes de bucha qu\u00edmica","tax_additional":{"product_brand":{"linked":[],"unlinked":[],"slug":"product_brand","name":"Marcas"},"product_type":{"linked":["<a href=\"https:\/\/penosil.com\/pt\/?taxonomy=product_type&#038;term=simple\" class=\"advgb-post-tax-term\">simple<\/a>"],"unlinked":["<span class=\"advgb-post-tax-term\">simple<\/span>"],"slug":"product_type","name":"Tipo de produto"},"product_visibility":{"linked":[],"unlinked":[],"slug":"product_visibility","name":"Visibilidade do produto"},"product_cat":{"linked":["<a href=\"https:\/\/penosil.com\/pt\/categoria-produto\/grupos-de-produtos\/\" class=\"advgb-post-tax-term\">Grupos de produtos<\/a>","<a href=\"https:\/\/penosil.com\/pt\/categoria-produto\/grupos-de-produtos\/ferramentas-e-acessorios\/\" class=\"advgb-post-tax-term\">Ferramentas e acess\u00f3rios<\/a>"],"unlinked":["<span class=\"advgb-post-tax-term\">Grupos de produtos<\/span>","<span class=\"advgb-post-tax-term\">Ferramentas e acess\u00f3rios<\/span>"],"slug":"product_cat","name":"Categorias de produto"},"product_tag":{"linked":[],"unlinked":[],"slug":"product_tag","name":"Etiquetas de produto"},"product_shipping_class":{"linked":[],"unlinked":[],"slug":"product_shipping_class","name":"Classes de envio do produto"},"pos_product_visibility":{"linked":[],"unlinked":[],"slug":"pos_product_visibility","name":"POS Product visibility"},"pa_color":{"linked":[],"unlinked":[],"slug":"pa_color","name":"Product Cor"},"pa_package":{"linked":[],"unlinked":[],"slug":"pa_package","name":"Product Package"},"translation_priority":{"linked":["<a href=\"https:\/\/penosil.com\/pt\/?taxonomy=translation_priority&#038;term=opcional\" class=\"advgb-post-tax-term\">Opcional<\/a>"],"unlinked":["<span class=\"advgb-post-tax-term\">Opcional<\/span>"],"slug":"translation_priority","name":"Prioridades da Tradu\u00e7\u00e3o"}},"series_order":"","_links":{"self":[{"href":"https:\/\/penosil.com\/pt\/wp-json\/wp\/v2\/product\/9102","targetHints":{"allow":["GET"]}}],"collection":[{"href":"https:\/\/penosil.com\/pt\/wp-json\/wp\/v2\/product"}],"about":[{"href":"https:\/\/penosil.com\/pt\/wp-json\/wp\/v2\/types\/product"}],"version-history":[{"count":0,"href":"https:\/\/penosil.com\/pt\/wp-json\/wp\/v2\/product\/9102\/revisions"}],"wp:featuredmedia":[{"embeddable":true,"href":"https:\/\/penosil.com\/pt\/wp-json\/wp\/v2\/media\/8407"}],"wp:attachment":[{"href":"https:\/\/penosil.com\/pt\/wp-json\/wp\/v2\/media?parent=9102"}],"wp:term":[{"taxonomy":"product_brand","embeddable":true,"href":"https:\/\/penosil.com\/pt\/wp-json\/wp\/v2\/product_brand?post=9102"},{"taxonomy":"product_cat","embeddable":true,"href":"https:\/\/penosil.com\/pt\/wp-json\/wp\/v2\/product_cat?post=9102"},{"taxonomy":"product_tag","embeddable":true,"href":"https:\/\/penosil.com\/pt\/wp-json\/wp\/v2\/product_tag?post=9102"}],"curies":[{"name":"wp","href":"https:\/\/api.w.org\/{rel}","templated":true}]}}