{"id":9104,"date":"2022-12-22T15:07:45","date_gmt":"2022-12-22T15:07:45","guid":{"rendered":"https:\/\/penosil.com\/pt\/?post_type=product&#038;p=9104"},"modified":"2024-12-23T11:34:09","modified_gmt":"2024-12-23T11:34:09","slug":"fita-autoadesiva-pe-e-band-480","status":"publish","type":"product","link":"https:\/\/penosil.com\/pt\/produto\/fita-autoadesiva-pe-e-band-480\/","title":{"rendered":"Fita Autoadesiva PE E-BAND 480"},"content":{"rendered":"<p>Fita autoadesiva de espuma de polietileno, com c\u00e9lulas homog\u00e9neas, fechadas e inertes, que garante boa estanqueidade \u00e0 \u00e1gua e ao ar. Isolamento t\u00e9rmico, ac\u00fastico e sonoro de impacto.<\/p>\n","protected":false},"excerpt":{"rendered":"Fita autoadesiva de espuma de polietileno, com c\u00e9lulas homog\u00e9neas, fechadas e inertes, que garante boa estanqueidade \u00e0 \u00e1gua e ao ar. Isolamento t\u00e9rmico, ac\u00fastico e sonoro de impacto.","protected":false},"author":67,"featured_media":10155,"template":"","meta":{"_acf_changed":false,"advgb_blocks_editor_width":"","advgb_blocks_columns_visual_guide":"","footnotes":""},"product_brand":[],"product_cat":[2290,1369,2294,2359],"product_tag":[],"class_list":{"0":"post-9104","1":"product","2":"type-product","3":"status-publish","4":"has-post-thumbnail","6":"product_cat-areas-de-aplicacao","7":"product_cat-grupos-de-produtos","8":"product_cat-janelas-e-portas-2","9":"product_cat-fitas-e-band","11":"first","12":"instock","13":"purchasable","14":"product-type-simple"},"acf":[],"yoast_head":"<!-- This site is optimized with the Yoast SEO plugin v27.2 - https:\/\/yoast.com\/product\/yoast-seo-wordpress\/ -->\n<title>Fita Autoadesiva PENOSIL PE E-BAND 480<\/title>\n<meta name=\"description\" content=\"PENOSIL Fita Autoadesiva PE E-BAND 480. Isolamento t\u00e9rmico e ac\u00fastico, flex\u00edvel e resistente. Reduz o consumo de energia.\" \/>\n<meta name=\"robots\" content=\"index, follow, max-snippet:-1, max-image-preview:large, max-video-preview:-1\" \/>\n<link rel=\"canonical\" href=\"https:\/\/penosil.com\/pt\/produto\/fita-autoadesiva-pe-e-band-480\/\" \/>\n<meta property=\"og:locale\" content=\"pt_PT\" \/>\n<meta property=\"og:type\" content=\"article\" \/>\n<meta property=\"og:title\" content=\"Fita Autoadesiva PENOSIL PE E-BAND 480\" \/>\n<meta property=\"og:description\" content=\"PENOSIL Fita Autoadesiva PE E-BAND 480. Isolamento t\u00e9rmico e ac\u00fastico, flex\u00edvel e resistente. Reduz o consumo de energia.\" \/>\n<meta property=\"og:url\" content=\"https:\/\/penosil.com\/pt\/produto\/fita-autoadesiva-pe-e-band-480\/\" \/>\n<meta property=\"og:site_name\" content=\"Penosil Portugal\" \/>\n<meta property=\"article:modified_time\" content=\"2024-12-23T11:34:09+00:00\" \/>\n<meta property=\"og:image\" content=\"https:\/\/penosil.com\/pt\/wp-content\/uploads\/sites\/10\/2022\/12\/Fita-Autoadesiva-Penosil-PE-E-BAND-480.png\" \/>\n\t<meta property=\"og:image:width\" content=\"1200\" \/>\n\t<meta property=\"og:image:height\" content=\"1160\" \/>\n\t<meta property=\"og:image:type\" content=\"image\/png\" \/>\n<meta name=\"twitter:card\" content=\"summary_large_image\" \/>\n<meta name=\"twitter:label1\" content=\"Tempo estimado de leitura\" \/>\n\t<meta name=\"twitter:data1\" content=\"2 minutos\" \/>\n<script type=\"application\/ld+json\" class=\"yoast-schema-graph\">{\"@context\":\"https:\/\/schema.org\",\"@graph\":[{\"@type\":\"WebPage\",\"@id\":\"https:\/\/penosil.com\/pt\/produto\/fita-autoadesiva-pe-e-band-480\/\",\"url\":\"https:\/\/penosil.com\/pt\/produto\/fita-autoadesiva-pe-e-band-480\/\",\"name\":\"Fita Autoadesiva PENOSIL PE E-BAND 480\",\"isPartOf\":{\"@id\":\"https:\/\/penosil.com\/pt\/#website\"},\"primaryImageOfPage\":{\"@id\":\"https:\/\/penosil.com\/pt\/produto\/fita-autoadesiva-pe-e-band-480\/#primaryimage\"},\"image\":{\"@id\":\"https:\/\/penosil.com\/pt\/produto\/fita-autoadesiva-pe-e-band-480\/#primaryimage\"},\"thumbnailUrl\":\"https:\/\/penosil.com\/pt\/wp-content\/uploads\/sites\/10\/2022\/12\/Fita-Autoadesiva-Penosil-PE-E-BAND-480.png\",\"datePublished\":\"2022-12-22T15:07:45+00:00\",\"dateModified\":\"2024-12-23T11:34:09+00:00\",\"description\":\"PENOSIL Fita Autoadesiva PE E-BAND 480. Isolamento t\u00e9rmico e ac\u00fastico, flex\u00edvel e resistente. Reduz o consumo de energia.\",\"breadcrumb\":{\"@id\":\"https:\/\/penosil.com\/pt\/produto\/fita-autoadesiva-pe-e-band-480\/#breadcrumb\"},\"inLanguage\":\"pt-PT\",\"potentialAction\":[{\"@type\":\"ReadAction\",\"target\":[\"https:\/\/penosil.com\/pt\/produto\/fita-autoadesiva-pe-e-band-480\/\"]}]},{\"@type\":\"ImageObject\",\"inLanguage\":\"pt-PT\",\"@id\":\"https:\/\/penosil.com\/pt\/produto\/fita-autoadesiva-pe-e-band-480\/#primaryimage\",\"url\":\"https:\/\/penosil.com\/pt\/wp-content\/uploads\/sites\/10\/2022\/12\/Fita-Autoadesiva-Penosil-PE-E-BAND-480.png\",\"contentUrl\":\"https:\/\/penosil.com\/pt\/wp-content\/uploads\/sites\/10\/2022\/12\/Fita-Autoadesiva-Penosil-PE-E-BAND-480.png\",\"width\":1200,\"height\":1160,\"caption\":\"Fita Autoadesiva Penosil PE E-BAND 480\"},{\"@type\":\"BreadcrumbList\",\"@id\":\"https:\/\/penosil.com\/pt\/produto\/fita-autoadesiva-pe-e-band-480\/#breadcrumb\",\"itemListElement\":[{\"@type\":\"ListItem\",\"position\":1,\"name\":\"Home\",\"item\":\"https:\/\/penosil.com\/pt\/\"},{\"@type\":\"ListItem\",\"position\":2,\"name\":\"Produtos\",\"item\":\"https:\/\/penosil.com\/pt\/produtos\/\"},{\"@type\":\"ListItem\",\"position\":3,\"name\":\"Fita Autoadesiva PE E-BAND 480\"}]},{\"@type\":\"WebSite\",\"@id\":\"https:\/\/penosil.com\/pt\/#website\",\"url\":\"https:\/\/penosil.com\/pt\/\",\"name\":\"Penosil Portugal\",\"description\":\"\",\"potentialAction\":[{\"@type\":\"SearchAction\",\"target\":{\"@type\":\"EntryPoint\",\"urlTemplate\":\"https:\/\/penosil.com\/pt\/?s={search_term_string}\"},\"query-input\":{\"@type\":\"PropertyValueSpecification\",\"valueRequired\":true,\"valueName\":\"search_term_string\"}}],\"inLanguage\":\"pt-PT\"}]}<\/script>\n<!-- \/ Yoast SEO plugin. -->","yoast_head_json":{"title":"Fita Autoadesiva PENOSIL PE E-BAND 480","description":"PENOSIL Fita Autoadesiva PE E-BAND 480. Isolamento t\u00e9rmico e ac\u00fastico, flex\u00edvel e resistente. Reduz o consumo de energia.","robots":{"index":"index","follow":"follow","max-snippet":"max-snippet:-1","max-image-preview":"max-image-preview:large","max-video-preview":"max-video-preview:-1"},"canonical":"https:\/\/penosil.com\/pt\/produto\/fita-autoadesiva-pe-e-band-480\/","og_locale":"pt_PT","og_type":"article","og_title":"Fita Autoadesiva PENOSIL PE E-BAND 480","og_description":"PENOSIL Fita Autoadesiva PE E-BAND 480. Isolamento t\u00e9rmico e ac\u00fastico, flex\u00edvel e resistente. Reduz o consumo de energia.","og_url":"https:\/\/penosil.com\/pt\/produto\/fita-autoadesiva-pe-e-band-480\/","og_site_name":"Penosil Portugal","article_modified_time":"2024-12-23T11:34:09+00:00","og_image":[{"width":1200,"height":1160,"url":"https:\/\/penosil.com\/pt\/wp-content\/uploads\/sites\/10\/2022\/12\/Fita-Autoadesiva-Penosil-PE-E-BAND-480.png","type":"image\/png"}],"twitter_card":"summary_large_image","twitter_misc":{"Tempo estimado de leitura":"2 minutos"},"schema":{"@context":"https:\/\/schema.org","@graph":[{"@type":"WebPage","@id":"https:\/\/penosil.com\/pt\/produto\/fita-autoadesiva-pe-e-band-480\/","url":"https:\/\/penosil.com\/pt\/produto\/fita-autoadesiva-pe-e-band-480\/","name":"Fita Autoadesiva PENOSIL PE E-BAND 480","isPartOf":{"@id":"https:\/\/penosil.com\/pt\/#website"},"primaryImageOfPage":{"@id":"https:\/\/penosil.com\/pt\/produto\/fita-autoadesiva-pe-e-band-480\/#primaryimage"},"image":{"@id":"https:\/\/penosil.com\/pt\/produto\/fita-autoadesiva-pe-e-band-480\/#primaryimage"},"thumbnailUrl":"https:\/\/penosil.com\/pt\/wp-content\/uploads\/sites\/10\/2022\/12\/Fita-Autoadesiva-Penosil-PE-E-BAND-480.png","datePublished":"2022-12-22T15:07:45+00:00","dateModified":"2024-12-23T11:34:09+00:00","description":"PENOSIL Fita Autoadesiva PE E-BAND 480. Isolamento t\u00e9rmico e ac\u00fastico, flex\u00edvel e resistente. Reduz o consumo de energia.","breadcrumb":{"@id":"https:\/\/penosil.com\/pt\/produto\/fita-autoadesiva-pe-e-band-480\/#breadcrumb"},"inLanguage":"pt-PT","potentialAction":[{"@type":"ReadAction","target":["https:\/\/penosil.com\/pt\/produto\/fita-autoadesiva-pe-e-band-480\/"]}]},{"@type":"ImageObject","inLanguage":"pt-PT","@id":"https:\/\/penosil.com\/pt\/produto\/fita-autoadesiva-pe-e-band-480\/#primaryimage","url":"https:\/\/penosil.com\/pt\/wp-content\/uploads\/sites\/10\/2022\/12\/Fita-Autoadesiva-Penosil-PE-E-BAND-480.png","contentUrl":"https:\/\/penosil.com\/pt\/wp-content\/uploads\/sites\/10\/2022\/12\/Fita-Autoadesiva-Penosil-PE-E-BAND-480.png","width":1200,"height":1160,"caption":"Fita Autoadesiva Penosil PE E-BAND 480"},{"@type":"BreadcrumbList","@id":"https:\/\/penosil.com\/pt\/produto\/fita-autoadesiva-pe-e-band-480\/#breadcrumb","itemListElement":[{"@type":"ListItem","position":1,"name":"Home","item":"https:\/\/penosil.com\/pt\/"},{"@type":"ListItem","position":2,"name":"Produtos","item":"https:\/\/penosil.com\/pt\/produtos\/"},{"@type":"ListItem","position":3,"name":"Fita Autoadesiva PE E-BAND 480"}]},{"@type":"WebSite","@id":"https:\/\/penosil.com\/pt\/#website","url":"https:\/\/penosil.com\/pt\/","name":"Penosil Portugal","description":"","potentialAction":[{"@type":"SearchAction","target":{"@type":"EntryPoint","urlTemplate":"https:\/\/penosil.com\/pt\/?s={search_term_string}"},"query-input":{"@type":"PropertyValueSpecification","valueRequired":true,"valueName":"search_term_string"}}],"inLanguage":"pt-PT"}]}},"featured_img":"https:\/\/penosil.com\/pt\/wp-content\/uploads\/sites\/10\/2022\/12\/Fita-Autoadesiva-Penosil-PE-E-BAND-480.png","coauthors":[],"author_meta":{"author_link":"https:\/\/penosil.com\/pt\/author\/pedro\/","display_name":"pedro"},"relative_dates":{"created":"Posted 3 anos ago","modified":"Updated 1 ano ago"},"absolute_dates":{"created":"Posted on 22 de Dezembro, 2022","modified":"Updated on 23 de Dezembro, 2024"},"absolute_dates_time":{"created":"Posted on 22 de Dezembro, 2022 15:07","modified":"Updated on 23 de Dezembro, 2024 11:34"},"featured_img_caption":"Fita Autoadesiva Penosil PE E-BAND 480","tax_additional":{"product_brand":{"linked":[],"unlinked":[],"slug":"product_brand","name":"Marcas"},"product_type":{"linked":["<a href=\"https:\/\/penosil.com\/pt\/?taxonomy=product_type&#038;term=simple\" class=\"advgb-post-tax-term\">simple<\/a>"],"unlinked":["<span class=\"advgb-post-tax-term\">simple<\/span>"],"slug":"product_type","name":"Tipo de produto"},"product_visibility":{"linked":[],"unlinked":[],"slug":"product_visibility","name":"Visibilidade do produto"},"product_cat":{"linked":["<a href=\"https:\/\/penosil.com\/pt\/categoria-produto\/areas-de-aplicacao\/\" class=\"advgb-post-tax-term\">\u00c1reas de aplica\u00e7\u00e3o<\/a>","<a href=\"https:\/\/penosil.com\/pt\/categoria-produto\/grupos-de-produtos\/\" class=\"advgb-post-tax-term\">Grupos de produtos<\/a>","<a href=\"https:\/\/penosil.com\/pt\/categoria-produto\/areas-de-aplicacao\/janelas-e-portas-2\/\" class=\"advgb-post-tax-term\">Janelas e Portas<\/a>","<a href=\"https:\/\/penosil.com\/pt\/categoria-produto\/grupos-de-produtos\/fitas-e-band\/\" class=\"advgb-post-tax-term\">Fitas E-Band<\/a>"],"unlinked":["<span class=\"advgb-post-tax-term\">\u00c1reas de aplica\u00e7\u00e3o<\/span>","<span class=\"advgb-post-tax-term\">Grupos de produtos<\/span>","<span class=\"advgb-post-tax-term\">Janelas e Portas<\/span>","<span class=\"advgb-post-tax-term\">Fitas E-Band<\/span>"],"slug":"product_cat","name":"Categorias de produto"},"product_tag":{"linked":[],"unlinked":[],"slug":"product_tag","name":"Etiquetas de produto"},"product_shipping_class":{"linked":[],"unlinked":[],"slug":"product_shipping_class","name":"Classes de envio do produto"},"pos_product_visibility":{"linked":[],"unlinked":[],"slug":"pos_product_visibility","name":"POS Product visibility"},"pa_color":{"linked":[],"unlinked":[],"slug":"pa_color","name":"Product Cor"},"pa_package":{"linked":[],"unlinked":[],"slug":"pa_package","name":"Product Package"},"translation_priority":{"linked":["<a href=\"https:\/\/penosil.com\/pt\/?taxonomy=translation_priority&#038;term=opcional\" class=\"advgb-post-tax-term\">Opcional<\/a>"],"unlinked":["<span class=\"advgb-post-tax-term\">Opcional<\/span>"],"slug":"translation_priority","name":"Prioridades da Tradu\u00e7\u00e3o"}},"series_order":"","_links":{"self":[{"href":"https:\/\/penosil.com\/pt\/wp-json\/wp\/v2\/product\/9104","targetHints":{"allow":["GET"]}}],"collection":[{"href":"https:\/\/penosil.com\/pt\/wp-json\/wp\/v2\/product"}],"about":[{"href":"https:\/\/penosil.com\/pt\/wp-json\/wp\/v2\/types\/product"}],"version-history":[{"count":0,"href":"https:\/\/penosil.com\/pt\/wp-json\/wp\/v2\/product\/9104\/revisions"}],"wp:featuredmedia":[{"embeddable":true,"href":"https:\/\/penosil.com\/pt\/wp-json\/wp\/v2\/media\/10155"}],"wp:attachment":[{"href":"https:\/\/penosil.com\/pt\/wp-json\/wp\/v2\/media?parent=9104"}],"wp:term":[{"taxonomy":"product_brand","embeddable":true,"href":"https:\/\/penosil.com\/pt\/wp-json\/wp\/v2\/product_brand?post=9104"},{"taxonomy":"product_cat","embeddable":true,"href":"https:\/\/penosil.com\/pt\/wp-json\/wp\/v2\/product_cat?post=9104"},{"taxonomy":"product_tag","embeddable":true,"href":"https:\/\/penosil.com\/pt\/wp-json\/wp\/v2\/product_tag?post=9104"}],"curies":[{"name":"wp","href":"https:\/\/api.w.org\/{rel}","templated":true}]}}