{"id":9106,"date":"2022-12-22T15:07:45","date_gmt":"2022-12-22T15:07:45","guid":{"rendered":"https:\/\/penosil.com\/pt\/?post_type=product&#038;p=9106"},"modified":"2024-12-23T11:55:02","modified_gmt":"2024-12-23T11:55:02","slug":"fita-de-aluminio-butil-e-band-440","status":"publish","type":"product","link":"https:\/\/penosil.com\/pt\/produto\/fita-de-aluminio-butil-e-band-440\/","title":{"rendered":"Fita de Alum\u00ednio \/ Butyl E-Band 440"},"content":{"rendered":"<p>Fita autoadesiva universal constitu\u00edda por uma pel\u00edcula de prote\u00e7\u00e3o resistente e anti-rasgo em alum\u00ednio, uma camada betuminosa autoadesiva \u00e0 prova de \u00e1gua, e um papel de prote\u00e7\u00e3o siliconizado.<\/p>\n","protected":false},"excerpt":{"rendered":"Fita autoadesiva universal constitu\u00edda por uma pel\u00edcula de prote\u00e7\u00e3o resistente e anti-rasgo em alum\u00ednio, uma camada betuminosa autoadesiva \u00e0 prova de \u00e1gua, e um papel de prote\u00e7\u00e3o siliconizado.","protected":false},"author":67,"featured_media":10161,"template":"","meta":{"_acf_changed":false,"advgb_blocks_editor_width":"","advgb_blocks_columns_visual_guide":"","footnotes":""},"product_brand":[],"product_cat":[2290,1369,2297,2359],"product_tag":[],"class_list":{"0":"post-9106","1":"product","2":"type-product","3":"status-publish","4":"has-post-thumbnail","6":"product_cat-areas-de-aplicacao","7":"product_cat-grupos-de-produtos","8":"product_cat-telhados-e-fachadas","9":"product_cat-fitas-e-band","11":"first","12":"instock","13":"purchasable","14":"product-type-simple"},"acf":[],"yoast_head":"<!-- This site is optimized with the Yoast SEO plugin v27.2 - https:\/\/yoast.com\/product\/yoast-seo-wordpress\/ -->\n<title>Fita de Alum\u00ednio \/ Butil PENOSIL E-BAND 440<\/title>\n<meta name=\"description\" content=\"PENOSIL Fita de Alum\u00ednio \/ Butil E-BAND 440. Imperme\u00e1vel e com elevada for\u00e7a de ader\u00eancia mesmo a baixas temperaturas, protege, impermeabiliza e repara.\" \/>\n<meta name=\"robots\" content=\"index, follow, max-snippet:-1, max-image-preview:large, max-video-preview:-1\" \/>\n<link rel=\"canonical\" href=\"https:\/\/penosil.com\/pt\/produto\/fita-de-aluminio-butil-e-band-440\/\" \/>\n<meta property=\"og:locale\" content=\"pt_PT\" \/>\n<meta property=\"og:type\" content=\"article\" \/>\n<meta property=\"og:title\" content=\"Fita de Alum\u00ednio \/ Butil PENOSIL E-BAND 440\" \/>\n<meta property=\"og:description\" content=\"PENOSIL Fita de Alum\u00ednio \/ Butil E-BAND 440. Imperme\u00e1vel e com elevada for\u00e7a de ader\u00eancia mesmo a baixas temperaturas, protege, impermeabiliza e repara.\" \/>\n<meta property=\"og:url\" content=\"https:\/\/penosil.com\/pt\/produto\/fita-de-aluminio-butil-e-band-440\/\" \/>\n<meta property=\"og:site_name\" content=\"Penosil Portugal\" \/>\n<meta property=\"article:modified_time\" content=\"2024-12-23T11:55:02+00:00\" \/>\n<meta property=\"og:image\" content=\"https:\/\/penosil.com\/pt\/wp-content\/uploads\/sites\/10\/2022\/12\/Fita-de-Aluminio-Butyl-Penosil-E-Band-440.png\" \/>\n\t<meta property=\"og:image:width\" content=\"929\" \/>\n\t<meta property=\"og:image:height\" content=\"1080\" \/>\n\t<meta property=\"og:image:type\" content=\"image\/png\" \/>\n<meta name=\"twitter:card\" content=\"summary_large_image\" \/>\n<meta name=\"twitter:label1\" content=\"Tempo estimado de leitura\" \/>\n\t<meta name=\"twitter:data1\" content=\"2 minutos\" \/>\n<script type=\"application\/ld+json\" class=\"yoast-schema-graph\">{\"@context\":\"https:\/\/schema.org\",\"@graph\":[{\"@type\":\"WebPage\",\"@id\":\"https:\/\/penosil.com\/pt\/produto\/fita-de-aluminio-butil-e-band-440\/\",\"url\":\"https:\/\/penosil.com\/pt\/produto\/fita-de-aluminio-butil-e-band-440\/\",\"name\":\"Fita de Alum\u00ednio \/ Butil PENOSIL E-BAND 440\",\"isPartOf\":{\"@id\":\"https:\/\/penosil.com\/pt\/#website\"},\"primaryImageOfPage\":{\"@id\":\"https:\/\/penosil.com\/pt\/produto\/fita-de-aluminio-butil-e-band-440\/#primaryimage\"},\"image\":{\"@id\":\"https:\/\/penosil.com\/pt\/produto\/fita-de-aluminio-butil-e-band-440\/#primaryimage\"},\"thumbnailUrl\":\"https:\/\/penosil.com\/pt\/wp-content\/uploads\/sites\/10\/2022\/12\/Fita-de-Aluminio-Butyl-Penosil-E-Band-440.png\",\"datePublished\":\"2022-12-22T15:07:45+00:00\",\"dateModified\":\"2024-12-23T11:55:02+00:00\",\"description\":\"PENOSIL Fita de Alum\u00ednio \/ Butil E-BAND 440. Imperme\u00e1vel e com elevada for\u00e7a de ader\u00eancia mesmo a baixas temperaturas, protege, impermeabiliza e repara.\",\"breadcrumb\":{\"@id\":\"https:\/\/penosil.com\/pt\/produto\/fita-de-aluminio-butil-e-band-440\/#breadcrumb\"},\"inLanguage\":\"pt-PT\",\"potentialAction\":[{\"@type\":\"ReadAction\",\"target\":[\"https:\/\/penosil.com\/pt\/produto\/fita-de-aluminio-butil-e-band-440\/\"]}]},{\"@type\":\"ImageObject\",\"inLanguage\":\"pt-PT\",\"@id\":\"https:\/\/penosil.com\/pt\/produto\/fita-de-aluminio-butil-e-band-440\/#primaryimage\",\"url\":\"https:\/\/penosil.com\/pt\/wp-content\/uploads\/sites\/10\/2022\/12\/Fita-de-Aluminio-Butyl-Penosil-E-Band-440.png\",\"contentUrl\":\"https:\/\/penosil.com\/pt\/wp-content\/uploads\/sites\/10\/2022\/12\/Fita-de-Aluminio-Butyl-Penosil-E-Band-440.png\",\"width\":929,\"height\":1080,\"caption\":\"Fita de Aluminio Butyl Penosil E-Band 440\"},{\"@type\":\"BreadcrumbList\",\"@id\":\"https:\/\/penosil.com\/pt\/produto\/fita-de-aluminio-butil-e-band-440\/#breadcrumb\",\"itemListElement\":[{\"@type\":\"ListItem\",\"position\":1,\"name\":\"Home\",\"item\":\"https:\/\/penosil.com\/pt\/\"},{\"@type\":\"ListItem\",\"position\":2,\"name\":\"Produtos\",\"item\":\"https:\/\/penosil.com\/pt\/produtos\/\"},{\"@type\":\"ListItem\",\"position\":3,\"name\":\"Fita de Alum\u00ednio \/ Butyl E-Band 440\"}]},{\"@type\":\"WebSite\",\"@id\":\"https:\/\/penosil.com\/pt\/#website\",\"url\":\"https:\/\/penosil.com\/pt\/\",\"name\":\"Penosil Portugal\",\"description\":\"\",\"potentialAction\":[{\"@type\":\"SearchAction\",\"target\":{\"@type\":\"EntryPoint\",\"urlTemplate\":\"https:\/\/penosil.com\/pt\/?s={search_term_string}\"},\"query-input\":{\"@type\":\"PropertyValueSpecification\",\"valueRequired\":true,\"valueName\":\"search_term_string\"}}],\"inLanguage\":\"pt-PT\"}]}<\/script>\n<!-- \/ Yoast SEO plugin. -->","yoast_head_json":{"title":"Fita de Alum\u00ednio \/ Butil PENOSIL E-BAND 440","description":"PENOSIL Fita de Alum\u00ednio \/ Butil E-BAND 440. Imperme\u00e1vel e com elevada for\u00e7a de ader\u00eancia mesmo a baixas temperaturas, protege, impermeabiliza e repara.","robots":{"index":"index","follow":"follow","max-snippet":"max-snippet:-1","max-image-preview":"max-image-preview:large","max-video-preview":"max-video-preview:-1"},"canonical":"https:\/\/penosil.com\/pt\/produto\/fita-de-aluminio-butil-e-band-440\/","og_locale":"pt_PT","og_type":"article","og_title":"Fita de Alum\u00ednio \/ Butil PENOSIL E-BAND 440","og_description":"PENOSIL Fita de Alum\u00ednio \/ Butil E-BAND 440. Imperme\u00e1vel e com elevada for\u00e7a de ader\u00eancia mesmo a baixas temperaturas, protege, impermeabiliza e repara.","og_url":"https:\/\/penosil.com\/pt\/produto\/fita-de-aluminio-butil-e-band-440\/","og_site_name":"Penosil Portugal","article_modified_time":"2024-12-23T11:55:02+00:00","og_image":[{"width":929,"height":1080,"url":"https:\/\/penosil.com\/pt\/wp-content\/uploads\/sites\/10\/2022\/12\/Fita-de-Aluminio-Butyl-Penosil-E-Band-440.png","type":"image\/png"}],"twitter_card":"summary_large_image","twitter_misc":{"Tempo estimado de leitura":"2 minutos"},"schema":{"@context":"https:\/\/schema.org","@graph":[{"@type":"WebPage","@id":"https:\/\/penosil.com\/pt\/produto\/fita-de-aluminio-butil-e-band-440\/","url":"https:\/\/penosil.com\/pt\/produto\/fita-de-aluminio-butil-e-band-440\/","name":"Fita de Alum\u00ednio \/ Butil PENOSIL E-BAND 440","isPartOf":{"@id":"https:\/\/penosil.com\/pt\/#website"},"primaryImageOfPage":{"@id":"https:\/\/penosil.com\/pt\/produto\/fita-de-aluminio-butil-e-band-440\/#primaryimage"},"image":{"@id":"https:\/\/penosil.com\/pt\/produto\/fita-de-aluminio-butil-e-band-440\/#primaryimage"},"thumbnailUrl":"https:\/\/penosil.com\/pt\/wp-content\/uploads\/sites\/10\/2022\/12\/Fita-de-Aluminio-Butyl-Penosil-E-Band-440.png","datePublished":"2022-12-22T15:07:45+00:00","dateModified":"2024-12-23T11:55:02+00:00","description":"PENOSIL Fita de Alum\u00ednio \/ Butil E-BAND 440. Imperme\u00e1vel e com elevada for\u00e7a de ader\u00eancia mesmo a baixas temperaturas, protege, impermeabiliza e repara.","breadcrumb":{"@id":"https:\/\/penosil.com\/pt\/produto\/fita-de-aluminio-butil-e-band-440\/#breadcrumb"},"inLanguage":"pt-PT","potentialAction":[{"@type":"ReadAction","target":["https:\/\/penosil.com\/pt\/produto\/fita-de-aluminio-butil-e-band-440\/"]}]},{"@type":"ImageObject","inLanguage":"pt-PT","@id":"https:\/\/penosil.com\/pt\/produto\/fita-de-aluminio-butil-e-band-440\/#primaryimage","url":"https:\/\/penosil.com\/pt\/wp-content\/uploads\/sites\/10\/2022\/12\/Fita-de-Aluminio-Butyl-Penosil-E-Band-440.png","contentUrl":"https:\/\/penosil.com\/pt\/wp-content\/uploads\/sites\/10\/2022\/12\/Fita-de-Aluminio-Butyl-Penosil-E-Band-440.png","width":929,"height":1080,"caption":"Fita de Aluminio Butyl Penosil E-Band 440"},{"@type":"BreadcrumbList","@id":"https:\/\/penosil.com\/pt\/produto\/fita-de-aluminio-butil-e-band-440\/#breadcrumb","itemListElement":[{"@type":"ListItem","position":1,"name":"Home","item":"https:\/\/penosil.com\/pt\/"},{"@type":"ListItem","position":2,"name":"Produtos","item":"https:\/\/penosil.com\/pt\/produtos\/"},{"@type":"ListItem","position":3,"name":"Fita de Alum\u00ednio \/ Butyl E-Band 440"}]},{"@type":"WebSite","@id":"https:\/\/penosil.com\/pt\/#website","url":"https:\/\/penosil.com\/pt\/","name":"Penosil Portugal","description":"","potentialAction":[{"@type":"SearchAction","target":{"@type":"EntryPoint","urlTemplate":"https:\/\/penosil.com\/pt\/?s={search_term_string}"},"query-input":{"@type":"PropertyValueSpecification","valueRequired":true,"valueName":"search_term_string"}}],"inLanguage":"pt-PT"}]}},"featured_img":"https:\/\/penosil.com\/pt\/wp-content\/uploads\/sites\/10\/2022\/12\/Fita-de-Aluminio-Butyl-Penosil-E-Band-440.png","coauthors":[],"author_meta":{"author_link":"https:\/\/penosil.com\/pt\/author\/pedro\/","display_name":"pedro"},"relative_dates":{"created":"Posted 3 anos ago","modified":"Updated 1 ano ago"},"absolute_dates":{"created":"Posted on 22 de Dezembro, 2022","modified":"Updated on 23 de Dezembro, 2024"},"absolute_dates_time":{"created":"Posted on 22 de Dezembro, 2022 15:07","modified":"Updated on 23 de Dezembro, 2024 11:55"},"featured_img_caption":"Fita de Aluminio Butyl Penosil E-Band 440","tax_additional":{"product_brand":{"linked":[],"unlinked":[],"slug":"product_brand","name":"Marcas"},"product_type":{"linked":["<a href=\"https:\/\/penosil.com\/pt\/?taxonomy=product_type&#038;term=simple\" class=\"advgb-post-tax-term\">simple<\/a>"],"unlinked":["<span class=\"advgb-post-tax-term\">simple<\/span>"],"slug":"product_type","name":"Tipo de produto"},"product_visibility":{"linked":[],"unlinked":[],"slug":"product_visibility","name":"Visibilidade do produto"},"product_cat":{"linked":["<a href=\"https:\/\/penosil.com\/pt\/categoria-produto\/areas-de-aplicacao\/\" class=\"advgb-post-tax-term\">\u00c1reas de aplica\u00e7\u00e3o<\/a>","<a href=\"https:\/\/penosil.com\/pt\/categoria-produto\/grupos-de-produtos\/\" class=\"advgb-post-tax-term\">Grupos de produtos<\/a>","<a href=\"https:\/\/penosil.com\/pt\/categoria-produto\/areas-de-aplicacao\/telhados-e-fachadas\/\" class=\"advgb-post-tax-term\">Telhados e Fachadas<\/a>","<a href=\"https:\/\/penosil.com\/pt\/categoria-produto\/grupos-de-produtos\/fitas-e-band\/\" class=\"advgb-post-tax-term\">Fitas E-Band<\/a>"],"unlinked":["<span class=\"advgb-post-tax-term\">\u00c1reas de aplica\u00e7\u00e3o<\/span>","<span class=\"advgb-post-tax-term\">Grupos de produtos<\/span>","<span class=\"advgb-post-tax-term\">Telhados e Fachadas<\/span>","<span class=\"advgb-post-tax-term\">Fitas E-Band<\/span>"],"slug":"product_cat","name":"Categorias de produto"},"product_tag":{"linked":[],"unlinked":[],"slug":"product_tag","name":"Etiquetas de produto"},"product_shipping_class":{"linked":[],"unlinked":[],"slug":"product_shipping_class","name":"Classes de envio do produto"},"pos_product_visibility":{"linked":[],"unlinked":[],"slug":"pos_product_visibility","name":"POS Product visibility"},"pa_color":{"linked":[],"unlinked":[],"slug":"pa_color","name":"Product Cor"},"pa_package":{"linked":[],"unlinked":[],"slug":"pa_package","name":"Product Package"},"translation_priority":{"linked":["<a href=\"https:\/\/penosil.com\/pt\/?taxonomy=translation_priority&#038;term=opcional\" class=\"advgb-post-tax-term\">Opcional<\/a>"],"unlinked":["<span class=\"advgb-post-tax-term\">Opcional<\/span>"],"slug":"translation_priority","name":"Prioridades da Tradu\u00e7\u00e3o"}},"series_order":"","_links":{"self":[{"href":"https:\/\/penosil.com\/pt\/wp-json\/wp\/v2\/product\/9106","targetHints":{"allow":["GET"]}}],"collection":[{"href":"https:\/\/penosil.com\/pt\/wp-json\/wp\/v2\/product"}],"about":[{"href":"https:\/\/penosil.com\/pt\/wp-json\/wp\/v2\/types\/product"}],"version-history":[{"count":1,"href":"https:\/\/penosil.com\/pt\/wp-json\/wp\/v2\/product\/9106\/revisions"}],"predecessor-version":[{"id":10160,"href":"https:\/\/penosil.com\/pt\/wp-json\/wp\/v2\/product\/9106\/revisions\/10160"}],"wp:featuredmedia":[{"embeddable":true,"href":"https:\/\/penosil.com\/pt\/wp-json\/wp\/v2\/media\/10161"}],"wp:attachment":[{"href":"https:\/\/penosil.com\/pt\/wp-json\/wp\/v2\/media?parent=9106"}],"wp:term":[{"taxonomy":"product_brand","embeddable":true,"href":"https:\/\/penosil.com\/pt\/wp-json\/wp\/v2\/product_brand?post=9106"},{"taxonomy":"product_cat","embeddable":true,"href":"https:\/\/penosil.com\/pt\/wp-json\/wp\/v2\/product_cat?post=9106"},{"taxonomy":"product_tag","embeddable":true,"href":"https:\/\/penosil.com\/pt\/wp-json\/wp\/v2\/product_tag?post=9106"}],"curies":[{"name":"wp","href":"https:\/\/api.w.org\/{rel}","templated":true}]}}