{"id":9108,"date":"2022-12-22T15:07:45","date_gmt":"2022-12-22T15:07:45","guid":{"rendered":"https:\/\/penosil.com\/pt\/?post_type=product&#038;p=9108"},"modified":"2025-01-09T15:34:58","modified_gmt":"2025-01-09T15:34:58","slug":"membrana-barreira-vapor-e-band-420","status":"publish","type":"product","link":"https:\/\/penosil.com\/pt\/produto\/membrana-barreira-vapor-e-band-420\/","title":{"rendered":"Membrana Barreira Vapor E-BAND 420"},"content":{"rendered":"<p>Membrana que atua como barreira de vapor. Proporciona a transmiss\u00e3o de humidade de dentro para fora, garantindo a estanqueidade das juntas em portas e janelas e evitando o aparecimento de condensa\u00e7\u00f5es no interior da caixilharia.<\/p>\n","protected":false},"excerpt":{"rendered":"Membrana que atua como barreira de vapor. Proporciona a transmiss\u00e3o de humidade de dentro para fora, garantindo a estanqueidade das juntas em portas e janelas e evitando o aparecimento de condensa\u00e7\u00f5es no interior da caixilharia.","protected":false},"author":67,"featured_media":10165,"template":"","meta":{"_acf_changed":false,"advgb_blocks_editor_width":"","advgb_blocks_columns_visual_guide":"","footnotes":""},"product_brand":[],"product_cat":[2290,1369,2294,2359],"product_tag":[],"class_list":{"0":"post-9108","1":"product","2":"type-product","3":"status-publish","4":"has-post-thumbnail","6":"product_cat-areas-de-aplicacao","7":"product_cat-grupos-de-produtos","8":"product_cat-janelas-e-portas-2","9":"product_cat-fitas-e-band","11":"first","12":"instock","13":"purchasable","14":"product-type-simple"},"acf":[],"yoast_head":"<!-- This site is optimized with the Yoast SEO plugin v27.2 - https:\/\/yoast.com\/product\/yoast-seo-wordpress\/ -->\n<title>PENOSIL Membrana Barreira Vapor E-BAND 420<\/title>\n<meta name=\"description\" content=\"PENOSIL Membrana Barreira Vapor E-BAND 420. Resiste \u00e0 entrada de vapor de \u00e1gua, alta elasticidade e capacidade de movimento. Pode ser revestido e pintado.\" \/>\n<meta name=\"robots\" content=\"index, follow, max-snippet:-1, max-image-preview:large, max-video-preview:-1\" \/>\n<link rel=\"canonical\" href=\"https:\/\/penosil.com\/pt\/produto\/membrana-barreira-vapor-e-band-420\/\" \/>\n<meta property=\"og:locale\" content=\"pt_PT\" \/>\n<meta property=\"og:type\" content=\"article\" \/>\n<meta property=\"og:title\" content=\"PENOSIL Membrana Barreira Vapor E-BAND 420\" \/>\n<meta property=\"og:description\" content=\"PENOSIL Membrana Barreira Vapor E-BAND 420. Resiste \u00e0 entrada de vapor de \u00e1gua, alta elasticidade e capacidade de movimento. Pode ser revestido e pintado.\" \/>\n<meta property=\"og:url\" content=\"https:\/\/penosil.com\/pt\/produto\/membrana-barreira-vapor-e-band-420\/\" \/>\n<meta property=\"og:site_name\" content=\"Penosil Portugal\" \/>\n<meta property=\"article:modified_time\" content=\"2025-01-09T15:34:58+00:00\" \/>\n<meta property=\"og:image\" content=\"https:\/\/penosil.com\/pt\/wp-content\/uploads\/sites\/10\/2022\/12\/Membrana-Barreira-Vapor-E-BAND-420-1.png\" \/>\n\t<meta property=\"og:image:width\" content=\"1080\" \/>\n\t<meta property=\"og:image:height\" content=\"1380\" \/>\n\t<meta property=\"og:image:type\" content=\"image\/png\" \/>\n<meta name=\"twitter:card\" content=\"summary_large_image\" \/>\n<meta name=\"twitter:label1\" content=\"Tempo estimado de leitura\" \/>\n\t<meta name=\"twitter:data1\" content=\"2 minutos\" \/>\n<script type=\"application\/ld+json\" class=\"yoast-schema-graph\">{\"@context\":\"https:\/\/schema.org\",\"@graph\":[{\"@type\":\"WebPage\",\"@id\":\"https:\/\/penosil.com\/pt\/produto\/membrana-barreira-vapor-e-band-420\/\",\"url\":\"https:\/\/penosil.com\/pt\/produto\/membrana-barreira-vapor-e-band-420\/\",\"name\":\"PENOSIL Membrana Barreira Vapor E-BAND 420\",\"isPartOf\":{\"@id\":\"https:\/\/penosil.com\/pt\/#website\"},\"primaryImageOfPage\":{\"@id\":\"https:\/\/penosil.com\/pt\/produto\/membrana-barreira-vapor-e-band-420\/#primaryimage\"},\"image\":{\"@id\":\"https:\/\/penosil.com\/pt\/produto\/membrana-barreira-vapor-e-band-420\/#primaryimage\"},\"thumbnailUrl\":\"https:\/\/penosil.com\/pt\/wp-content\/uploads\/sites\/10\/2022\/12\/Membrana-Barreira-Vapor-E-BAND-420-1.png\",\"datePublished\":\"2022-12-22T15:07:45+00:00\",\"dateModified\":\"2025-01-09T15:34:58+00:00\",\"description\":\"PENOSIL Membrana Barreira Vapor E-BAND 420. Resiste \u00e0 entrada de vapor de \u00e1gua, alta elasticidade e capacidade de movimento. Pode ser revestido e pintado.\",\"breadcrumb\":{\"@id\":\"https:\/\/penosil.com\/pt\/produto\/membrana-barreira-vapor-e-band-420\/#breadcrumb\"},\"inLanguage\":\"pt-PT\",\"potentialAction\":[{\"@type\":\"ReadAction\",\"target\":[\"https:\/\/penosil.com\/pt\/produto\/membrana-barreira-vapor-e-band-420\/\"]}]},{\"@type\":\"ImageObject\",\"inLanguage\":\"pt-PT\",\"@id\":\"https:\/\/penosil.com\/pt\/produto\/membrana-barreira-vapor-e-band-420\/#primaryimage\",\"url\":\"https:\/\/penosil.com\/pt\/wp-content\/uploads\/sites\/10\/2022\/12\/Membrana-Barreira-Vapor-E-BAND-420-1.png\",\"contentUrl\":\"https:\/\/penosil.com\/pt\/wp-content\/uploads\/sites\/10\/2022\/12\/Membrana-Barreira-Vapor-E-BAND-420-1.png\",\"width\":1080,\"height\":1380,\"caption\":\"Membrana Barreira Vapor E-BAND 420\"},{\"@type\":\"BreadcrumbList\",\"@id\":\"https:\/\/penosil.com\/pt\/produto\/membrana-barreira-vapor-e-band-420\/#breadcrumb\",\"itemListElement\":[{\"@type\":\"ListItem\",\"position\":1,\"name\":\"Home\",\"item\":\"https:\/\/penosil.com\/pt\/\"},{\"@type\":\"ListItem\",\"position\":2,\"name\":\"Produtos\",\"item\":\"https:\/\/penosil.com\/pt\/produtos\/\"},{\"@type\":\"ListItem\",\"position\":3,\"name\":\"Membrana Barreira Vapor E-BAND 420\"}]},{\"@type\":\"WebSite\",\"@id\":\"https:\/\/penosil.com\/pt\/#website\",\"url\":\"https:\/\/penosil.com\/pt\/\",\"name\":\"Penosil Portugal\",\"description\":\"\",\"potentialAction\":[{\"@type\":\"SearchAction\",\"target\":{\"@type\":\"EntryPoint\",\"urlTemplate\":\"https:\/\/penosil.com\/pt\/?s={search_term_string}\"},\"query-input\":{\"@type\":\"PropertyValueSpecification\",\"valueRequired\":true,\"valueName\":\"search_term_string\"}}],\"inLanguage\":\"pt-PT\"}]}<\/script>\n<!-- \/ Yoast SEO plugin. -->","yoast_head_json":{"title":"PENOSIL Membrana Barreira Vapor E-BAND 420","description":"PENOSIL Membrana Barreira Vapor E-BAND 420. Resiste \u00e0 entrada de vapor de \u00e1gua, alta elasticidade e capacidade de movimento. Pode ser revestido e pintado.","robots":{"index":"index","follow":"follow","max-snippet":"max-snippet:-1","max-image-preview":"max-image-preview:large","max-video-preview":"max-video-preview:-1"},"canonical":"https:\/\/penosil.com\/pt\/produto\/membrana-barreira-vapor-e-band-420\/","og_locale":"pt_PT","og_type":"article","og_title":"PENOSIL Membrana Barreira Vapor E-BAND 420","og_description":"PENOSIL Membrana Barreira Vapor E-BAND 420. Resiste \u00e0 entrada de vapor de \u00e1gua, alta elasticidade e capacidade de movimento. Pode ser revestido e pintado.","og_url":"https:\/\/penosil.com\/pt\/produto\/membrana-barreira-vapor-e-band-420\/","og_site_name":"Penosil Portugal","article_modified_time":"2025-01-09T15:34:58+00:00","og_image":[{"width":1080,"height":1380,"url":"https:\/\/penosil.com\/pt\/wp-content\/uploads\/sites\/10\/2022\/12\/Membrana-Barreira-Vapor-E-BAND-420-1.png","type":"image\/png"}],"twitter_card":"summary_large_image","twitter_misc":{"Tempo estimado de leitura":"2 minutos"},"schema":{"@context":"https:\/\/schema.org","@graph":[{"@type":"WebPage","@id":"https:\/\/penosil.com\/pt\/produto\/membrana-barreira-vapor-e-band-420\/","url":"https:\/\/penosil.com\/pt\/produto\/membrana-barreira-vapor-e-band-420\/","name":"PENOSIL Membrana Barreira Vapor E-BAND 420","isPartOf":{"@id":"https:\/\/penosil.com\/pt\/#website"},"primaryImageOfPage":{"@id":"https:\/\/penosil.com\/pt\/produto\/membrana-barreira-vapor-e-band-420\/#primaryimage"},"image":{"@id":"https:\/\/penosil.com\/pt\/produto\/membrana-barreira-vapor-e-band-420\/#primaryimage"},"thumbnailUrl":"https:\/\/penosil.com\/pt\/wp-content\/uploads\/sites\/10\/2022\/12\/Membrana-Barreira-Vapor-E-BAND-420-1.png","datePublished":"2022-12-22T15:07:45+00:00","dateModified":"2025-01-09T15:34:58+00:00","description":"PENOSIL Membrana Barreira Vapor E-BAND 420. Resiste \u00e0 entrada de vapor de \u00e1gua, alta elasticidade e capacidade de movimento. Pode ser revestido e pintado.","breadcrumb":{"@id":"https:\/\/penosil.com\/pt\/produto\/membrana-barreira-vapor-e-band-420\/#breadcrumb"},"inLanguage":"pt-PT","potentialAction":[{"@type":"ReadAction","target":["https:\/\/penosil.com\/pt\/produto\/membrana-barreira-vapor-e-band-420\/"]}]},{"@type":"ImageObject","inLanguage":"pt-PT","@id":"https:\/\/penosil.com\/pt\/produto\/membrana-barreira-vapor-e-band-420\/#primaryimage","url":"https:\/\/penosil.com\/pt\/wp-content\/uploads\/sites\/10\/2022\/12\/Membrana-Barreira-Vapor-E-BAND-420-1.png","contentUrl":"https:\/\/penosil.com\/pt\/wp-content\/uploads\/sites\/10\/2022\/12\/Membrana-Barreira-Vapor-E-BAND-420-1.png","width":1080,"height":1380,"caption":"Membrana Barreira Vapor E-BAND 420"},{"@type":"BreadcrumbList","@id":"https:\/\/penosil.com\/pt\/produto\/membrana-barreira-vapor-e-band-420\/#breadcrumb","itemListElement":[{"@type":"ListItem","position":1,"name":"Home","item":"https:\/\/penosil.com\/pt\/"},{"@type":"ListItem","position":2,"name":"Produtos","item":"https:\/\/penosil.com\/pt\/produtos\/"},{"@type":"ListItem","position":3,"name":"Membrana Barreira Vapor E-BAND 420"}]},{"@type":"WebSite","@id":"https:\/\/penosil.com\/pt\/#website","url":"https:\/\/penosil.com\/pt\/","name":"Penosil Portugal","description":"","potentialAction":[{"@type":"SearchAction","target":{"@type":"EntryPoint","urlTemplate":"https:\/\/penosil.com\/pt\/?s={search_term_string}"},"query-input":{"@type":"PropertyValueSpecification","valueRequired":true,"valueName":"search_term_string"}}],"inLanguage":"pt-PT"}]}},"featured_img":"https:\/\/penosil.com\/pt\/wp-content\/uploads\/sites\/10\/2022\/12\/Membrana-Barreira-Vapor-E-BAND-420-1.png","coauthors":[],"author_meta":{"author_link":"https:\/\/penosil.com\/pt\/author\/pedro\/","display_name":"pedro"},"relative_dates":{"created":"Posted 3 anos ago","modified":"Updated 1 ano ago"},"absolute_dates":{"created":"Posted on 22 de Dezembro, 2022","modified":"Updated on 9 de Janeiro, 2025"},"absolute_dates_time":{"created":"Posted on 22 de Dezembro, 2022 15:07","modified":"Updated on 9 de Janeiro, 2025 15:34"},"featured_img_caption":"Membrana Barreira Vapor E-BAND 420","tax_additional":{"product_brand":{"linked":[],"unlinked":[],"slug":"product_brand","name":"Marcas"},"product_type":{"linked":["<a href=\"https:\/\/penosil.com\/pt\/?taxonomy=product_type&#038;term=simple\" class=\"advgb-post-tax-term\">simple<\/a>"],"unlinked":["<span class=\"advgb-post-tax-term\">simple<\/span>"],"slug":"product_type","name":"Tipo de produto"},"product_visibility":{"linked":[],"unlinked":[],"slug":"product_visibility","name":"Visibilidade do produto"},"product_cat":{"linked":["<a href=\"https:\/\/penosil.com\/pt\/categoria-produto\/areas-de-aplicacao\/\" class=\"advgb-post-tax-term\">\u00c1reas de aplica\u00e7\u00e3o<\/a>","<a href=\"https:\/\/penosil.com\/pt\/categoria-produto\/grupos-de-produtos\/\" class=\"advgb-post-tax-term\">Grupos de produtos<\/a>","<a href=\"https:\/\/penosil.com\/pt\/categoria-produto\/areas-de-aplicacao\/janelas-e-portas-2\/\" class=\"advgb-post-tax-term\">Janelas e Portas<\/a>","<a href=\"https:\/\/penosil.com\/pt\/categoria-produto\/grupos-de-produtos\/fitas-e-band\/\" class=\"advgb-post-tax-term\">Fitas E-Band<\/a>"],"unlinked":["<span class=\"advgb-post-tax-term\">\u00c1reas de aplica\u00e7\u00e3o<\/span>","<span class=\"advgb-post-tax-term\">Grupos de produtos<\/span>","<span class=\"advgb-post-tax-term\">Janelas e Portas<\/span>","<span class=\"advgb-post-tax-term\">Fitas E-Band<\/span>"],"slug":"product_cat","name":"Categorias de produto"},"product_tag":{"linked":[],"unlinked":[],"slug":"product_tag","name":"Etiquetas de produto"},"product_shipping_class":{"linked":[],"unlinked":[],"slug":"product_shipping_class","name":"Classes de envio do produto"},"pos_product_visibility":{"linked":[],"unlinked":[],"slug":"pos_product_visibility","name":"POS Product visibility"},"pa_color":{"linked":[],"unlinked":[],"slug":"pa_color","name":"Product Cor"},"pa_package":{"linked":[],"unlinked":[],"slug":"pa_package","name":"Product Package"},"translation_priority":{"linked":["<a href=\"https:\/\/penosil.com\/pt\/?taxonomy=translation_priority&#038;term=opcional\" class=\"advgb-post-tax-term\">Opcional<\/a>"],"unlinked":["<span class=\"advgb-post-tax-term\">Opcional<\/span>"],"slug":"translation_priority","name":"Prioridades da Tradu\u00e7\u00e3o"}},"series_order":"","_links":{"self":[{"href":"https:\/\/penosil.com\/pt\/wp-json\/wp\/v2\/product\/9108","targetHints":{"allow":["GET"]}}],"collection":[{"href":"https:\/\/penosil.com\/pt\/wp-json\/wp\/v2\/product"}],"about":[{"href":"https:\/\/penosil.com\/pt\/wp-json\/wp\/v2\/types\/product"}],"version-history":[{"count":0,"href":"https:\/\/penosil.com\/pt\/wp-json\/wp\/v2\/product\/9108\/revisions"}],"wp:featuredmedia":[{"embeddable":true,"href":"https:\/\/penosil.com\/pt\/wp-json\/wp\/v2\/media\/10165"}],"wp:attachment":[{"href":"https:\/\/penosil.com\/pt\/wp-json\/wp\/v2\/media?parent=9108"}],"wp:term":[{"taxonomy":"product_brand","embeddable":true,"href":"https:\/\/penosil.com\/pt\/wp-json\/wp\/v2\/product_brand?post=9108"},{"taxonomy":"product_cat","embeddable":true,"href":"https:\/\/penosil.com\/pt\/wp-json\/wp\/v2\/product_cat?post=9108"},{"taxonomy":"product_tag","embeddable":true,"href":"https:\/\/penosil.com\/pt\/wp-json\/wp\/v2\/product_tag?post=9108"}],"curies":[{"name":"wp","href":"https:\/\/api.w.org\/{rel}","templated":true}]}}