{"id":10684,"date":"2024-07-05T06:52:42","date_gmt":"2024-07-05T06:52:42","guid":{"rendered":"https:\/\/penosil.com\/ro\/?page_id=10684"},"modified":"2025-08-04T13:53:26","modified_gmt":"2025-08-04T13:53:26","slug":"invizibile-dar-peste-tot","status":"publish","type":"page","link":"https:\/\/penosil.com\/ro\/sustenabilitate\/invizibile-dar-peste-tot\/","title":{"rendered":"Invizibile dar peste tot"},"content":{"rendered":"<section class=\"pnsl-thin-banner-block\" style=\"background-color: #007F5F; color: #FFFFFF\" aria-label=\"Invizibile dar peste tot\">\n   <div class=\"container d-flex flex-column flex-lg-row align-items-lg-center justify-content-between\">\n      <div class=\"text-wrap\">\n                     <h1>Invizibile dar peste tot<\/h1>\n         \n                     <p>Atunci c\u00e2nd cl\u0103direa este gata, produsele noastre sunt adesea invizibile, dar ele reprezint\u0103 o <strong>parte esen\u021bial\u0103 \u00een procesul de construc\u021bie<\/strong>.<\/p>\n<p>&nbsp;<\/p>\n               <\/div>\n\n               <div id=\"lottie-block_5c24aae06fc7f10935998da1a9d119a4\" class=\"lottie-animation\" data-path=\"https:\/\/penosil.com\/ro\/wp-content\/themes\/penosil-store\/assets\/lottie\/invisible.json\" data-speed=\"0.75\" role=\"img\" aria-label=\"Decorative animation\"><\/div>\n         <\/div>\n<\/section>\n\n<section class=\"pnsl-energy-efficiency-block d-flex flex-column\">\n   <div class=\"container\">\n               <div class=\"above-lines-text w100\">\n            <p>Cl\u0103dirile se num\u0103r\u0103 printre cei mai mari consumatori de energie. Ele sunt responsabile de peste <strong>40%<\/strong> din consumul de energie \u0219i de <strong>33%<\/strong> din cantitatea de emisii de carbon, la nivel global.<\/p>\n         <\/div>\n      \n               <div class=\"lines-text w100\">\n            <p>Produsele noastre c<strong>ontribuie \u00een mod activ<\/strong> la lupta \u00eempotriva schimb\u0103rilor climatice, \u00eembun\u0103t\u0103\u021bind eficien\u021ba energetic\u0103 a cl\u0103dirilor \u0219i implicit, reduc\u00e2nd cantitatea de emisii de carbon.<\/p>\n         <\/div>\n      \n               <h2>Cum cre\u0219tem eficien\u021ba energetic\u0103?<\/h2>\n         <\/div>\n\n         <div class=\"container accordion-container\">\n         <div class=\"accordion\" role=\"region\" aria-label=\"Energy efficiency topics\">\n                                          <div class=\"item\">\n                  <button type=\"button\" \n                     class=\"title-wrap d-flex align-items-center\" \n                     aria-expanded=\"false\"\n                     aria-controls=\"accordion-panel-0\"\n                     id=\"accordion-header-0\">\n                     <div class=\"number d-flex align-items-center justify-content-center\" aria-hidden=\"true\"><span>1<\/span><\/div>\n                     <div class=\"title d-flex align-items-center\">Prin structuri izolate termic<\/div>\n                  <\/button>\n                  <div class=\"content\" \n                     id=\"accordion-panel-0\" \n                     role=\"region\" \n                     aria-labelledby=\"accordion-header-0\"\n                     hidden>\n                     <ul>\n<li>Spumele noastre poliuretanice acoper\u0103 fisurile, cr\u0103p\u0103turile \u0219i izoleaz\u0103 termic \u00eembin\u0103rile; astfel se previn pierderile de energie ale cl\u0103dirilor \u0219i se reduc emisiile de CO<sub>2<\/sub>.<\/li>\n<li>Spumele Penosil economisesc de <strong>70 de ori <\/strong>mai mult\u0103 energie pe parcursul ciclului lor de via\u021b\u0103 dec\u00e2t a fost necesar pentru producerea lor.<\/li>\n<li><strong>1kg de spum\u0103 PU previne 1000kg de emisii de carbon.<\/strong> Prin compara\u021bie, un arbore poate s\u0103 absoarb\u0103 aproximativ 1000kg de emisii \u00een 100 de ani.<\/li>\n<li>Spuma PU este un material excelent pentru izola\u021bie \u00eentruc\u00e2t poate ajunge \u00een spa\u021bii greu accesibile, \u0219i are o conductivitate termic\u0103 mai sc\u0103zut\u0103 dec\u00e2t vata mineral\u0103.<\/li>\n<li>Atunci c\u00e2nd este corect aplicat\u0103, spuma PU asigur\u0103 \u0219i izolare fonic\u0103 \u0219i reduce riscul de apari\u021bie a condensului \u0219i a mucegaiului.<\/li>\n<\/ul>\n<p>&nbsp;<\/p>\n<p><iframe loading=\"lazy\" title=\"YouTube video player\" src=\"https:\/\/www.youtube.com\/embed\/XhIxl3afnL0?si=NBhsLL6Xt41rTW96\" width=\"560\" height=\"315\" frameborder=\"0\" allowfullscreen=\"allowfullscreen\"><\/iframe><\/p>\n\n                     \n                                       <\/div>\n               <\/div>\n                                          <div class=\"item\">\n                  <button type=\"button\" \n                     class=\"title-wrap d-flex align-items-center\" \n                     aria-expanded=\"false\"\n                     aria-controls=\"accordion-panel-1\"\n                     id=\"accordion-header-1\">\n                     <div class=\"number d-flex align-items-center justify-content-center\" aria-hidden=\"true\"><span>2<\/span><\/div>\n                     <div class=\"title d-flex align-items-center\">Prin structuri etan\u0219eizate<\/div>\n                  <\/button>\n                  <div class=\"content\" \n                     id=\"accordion-panel-1\" \n                     role=\"region\" \n                     aria-labelledby=\"accordion-header-1\"\n                     hidden>\n                     <ul>\n<li>Prin etan\u0219eizarea cl\u0103dirilor, se previn pierderile de aer, problemele legate de umiditate \u0219i condens, cre\u0219te securitatea la incendii \u0219i se reduce disconfortul fonic.<\/li>\n<li>Pierderile de aer genereaz\u0103 o sc\u0103dere a temperaturii ambientale cu aproximativ <strong>25% &#8211; 40%<\/strong> \u00een zonele cu clim\u0103 rece, \u0219i o cre\u0219tere cu <strong>10% &#8211; 15%<\/strong> a temperaturii ambientale \u00een zonele cu clim\u0103 cald\u0103.<\/li>\n<li>Chiar \u0219i cea mai mic\u0103 cr\u0103p\u0103tur\u0103 neizolat\u0103 din structur\u0103 poate avea un impact semnificativ asupra eficien\u021bei energetice a cl\u0103dirii. De exemplu, o \u00eembinare neizolat\u0103 de 1mm dintr-un zid exterior pe timp de iarn\u0103 poate <strong>cre\u0219te nivelul de pierdere a c\u0103ldurii de aproximativ 4,8 ori mai mult<\/strong> dec\u00e2t dac\u0103 acea \u00eembinare ar fi izolat\u0103.<\/li>\n<li>Pentru a cre\u0219te nivelul de etan\u0219eizare a unei cl\u0103diri, este esen\u021bial s\u0103 izola\u021bi chiar \u0219i cele mai mici cr\u0103p\u0103turi din structura acesteia.<\/li>\n<\/ul>\n<p><strong>Zonele prin care se pierde cel mai mult aer sunt:<\/strong><\/p>\n<p>Vezi video <a href=\"https:\/\/www.youtube.com\/shorts\/3tEsH_wVjwk\">AICI<\/a>.<\/p>\n\n                                             <div class=\"airtightness\" role=\"figure\" aria-label=\"Building airtightness diagram\">\n                           <div class=\"image-wrap\">\n                                                               <img loading=\"lazy\" decoding=\"async\" class=\"d-none d-lg-block\" src=\"https:\/\/penosil.com\/ro\/wp-content\/uploads\/sites\/8\/2024\/07\/Group-437.svg\" width=\"255\" height=\"154\" alt=\"\">\n                              \n                                                               <img loading=\"lazy\" decoding=\"async\" class=\"d-lg-none\" src=\"https:\/\/penosil.com\/ro\/wp-content\/uploads\/sites\/8\/2024\/07\/Group-437-1.svg\" width=\"317\" height=\"410\" alt=\"\">\n                              \n                              <div class=\"texts-wrap\" role=\"list\" aria-label=\"Heat loss breakdown\">\n                                                                     <p class=\"doors\" role=\"listitem\">U\u0219i <strong>10%<\/strong><\/p>\n                                 \n                                                                     <p class=\"windows\" role=\"listitem\">Ferestre <strong>15%<\/strong><\/p>\n                                 \n                                                                     <p class=\"roof\" role=\"listitem\">Acoperi\u0219uri <strong>25%<\/strong><\/p>\n                                 \n                                                                     <p class=\"penetration\" role=\"listitem\">Penetr\u0103ri prin anvelopa cl\u0103dirii <strong>15%<\/strong><\/p>\n                                 \n                                                                     <p class=\"building\" role=\"listitem\">Anvelopa cl\u0103dirii <strong>35%<\/strong><\/p>\n                                                               <\/div>\n                           <\/div>\n\n                        <\/div>\n                     \n                                       <\/div>\n               <\/div>\n                                          <div class=\"item\">\n                  <button type=\"button\" \n                     class=\"title-wrap d-flex align-items-center\" \n                     aria-expanded=\"false\"\n                     aria-controls=\"accordion-panel-2\"\n                     id=\"accordion-header-2\">\n                     <div class=\"number d-flex align-items-center justify-content-center\" aria-hidden=\"true\"><span>3<\/span><\/div>\n                     <div class=\"title d-flex align-items-center\">Prin reducerea pun\u021bilor termice<\/div>\n                  <\/button>\n                  <div class=\"content\" \n                     id=\"accordion-panel-2\" \n                     role=\"region\" \n                     aria-labelledby=\"accordion-header-2\"\n                     hidden>\n                     <ul>\n<li>Instalarea necorespunz\u0103toare a u\u0219ilor \u0219i ferestrelor poate genera pierderi mari de c\u0103ldur\u0103 \u00een cl\u0103diri.<\/li>\n<li>Penosil v\u0103 ofer\u0103 diverse <a href=\"https:\/\/penosil.com\/ro\/sisteme\/\">solu\u021bii eficiente energetic pentru instalarea ferestrelor \u0219i izola\u021bia fa\u021badelor.<\/a><\/li>\n<li>Atunci c\u00e2nd sunt folosite \u00eempreun\u0103 \u0219i \u00een ordinea corect\u0103, produsele Penosil din gama de produse eficiente din punct de vedere energetic pentru ferestre \u0219i u\u0219i ajut\u0103 la reducerea pun\u021bilor termice \u0219i a emisiilor de dioxid de carbon.<\/li>\n<\/ul>\n\n                     \n                                             <div class=\"text-before-icon\">\n                           <p class=\"open-sus-modal open-thermal-bridges-modal\">Ce sunt pun\u021bile termice?<\/p>\n                           <button type=\"button\" \n                              class=\"open-sus-modal open-thermal-bridges-modal\"\n                              aria-label=\"Open thermal bridges information\">\n                              <img loading=\"lazy\" decoding=\"async\" src=\"https:\/\/penosil.com\/ro\/wp-content\/themes\/penosil-store\/images\/icons\/sus-info.svg\" width=\"52\" height=\"63\" alt=\"\" aria-hidden=\"true\">\n                           <\/button>\n                        <\/div>\n                                       <\/div>\n               <\/div>\n                     <\/div>\n      <\/div>\n   \n         <div class=\"sustainability-modal thermal-bridges-modal\" role=\"dialog\" aria-modal=\"true\" aria-labelledby=\"modal-title-thermal-bridges-modal\" hidden>\n\t<div class=\"modal_wrapper\">\n\t\t<div class=\"modal_content\">\n\t\t\t<button type=\"button\" class=\"close_modal\" aria-label=\"\u00cenchide\"><\/button>\n\n\t\t\t<div class=\"content_wrapper\">\n\t\t\t\t<div class=\"modal_main w100 d-flex flex-column flex-lg-row\">\n\t\t\t\t\t<div class=\"text_wrapper\">\n\t\t\t\t\t\t\t\t\t\t\t<h2 id=\"modal-title-thermal-bridges-modal\">Ce sunt pun\u021bile termice?<\/h2>\n\t\t\t\t\t\n\t\t\t\t\t\t\t\t\t\t\t<p>Pun\u021bile termice sunt <strong>p\u0103r\u021bi din structura unei cl\u0103diri<\/strong> cu coeficient de transfer termic <strong>considerabil mai mare<\/strong> dec\u00e2t restul structurii.<\/p>\n<p><strong>Pun\u021bile termice se g\u0103sesc \u00een\u00a0:<\/strong><\/p>\n<ul>\n<li>\u00cembin\u0103ri ale pere\u021bilor la exterior \u0219i ramele u\u0219ilor sau ferestrelor<\/li>\n<li>Pere\u021bi exteriori, podele, \u00eembin\u0103ri dintre pere\u021bi \u0219i acoperi\u0219<\/li>\n<\/ul>\n\t\t\t\t\t\t\t\t\t\t<\/div>\n\n\t\t\t\t\t\t\t\t\t\t<div class=\"image_wrapper\">\n\t\t\t\t\t\t<img loading=\"lazy\" decoding=\"async\" src=\"https:\/\/penosil.com\/ro\/wp-content\/uploads\/sites\/8\/2024\/07\/Heat-scanning-in-new-flat-2-scaled-1.jpg\" width=\"2560\" height=\"1918\" alt=\"heat scanning\">\n\t\t\t\t\t<\/div>\n\t\t\t\t\t\t\t\t\t<\/div>\n\t\t\t<\/div>\n\t\t<\/div>\n\t<\/div>\n<\/div>   <\/section>\n\n<section class=\"pnsl-icon-hovers-block\" aria-label=\"Interactive Icon Navigation\">\n   <div class=\"container\">\n               <h2>Accesa\u021bi iconi\u021ba corespunz\u0103toare pentru a afla mai multe detalii.  <\/h2>\n         <\/div>\n\n         <div class=\"container icons-container\">\n         <ul class=\"icons d-flex align-items-center justify-content-center justify-content-lg-between flex-wrap\" role=\"list\">\n                                          <li class=\"icon\">\n                  <a href=\"https:\/\/penosil.com\/ro\/sustenabilitate\/durabilitate\/\"\n                     class=\"icon-link d-flex align-items-center justify-content-center\"\n                     style=\"--bg-color: #b7e4c7; --text-color: #ffffff\"\n                     >\n                     <span class=\"icon-image\" aria-hidden=\"true\">\n                        <img loading=\"lazy\" decoding=\"async\" src=\"https:\/\/penosil.com\/ro\/wp-content\/uploads\/sites\/8\/2024\/07\/Icons.svg\" width=\"68\" height=\"67\" alt=\"\">\n                     <\/span>\n                     <span class=\"icon-label\">Durabilitate<\/span>\n                  <\/a>\n               <\/li>\n                                          <li class=\"icon\">\n                  <a href=\"https:\/\/penosil.com\/ro\/sustenabilitate\/componente-sustenabile\/\"\n                     class=\"icon-link d-flex align-items-center justify-content-center\"\n                     style=\"--bg-color: #52b788; --text-color: #fff\"\n                     >\n                     <span class=\"icon-image\" aria-hidden=\"true\">\n                        <img loading=\"lazy\" decoding=\"async\" src=\"https:\/\/penosil.com\/ro\/wp-content\/uploads\/sites\/8\/2024\/07\/Group-409.svg\" width=\"72\" height=\"75\" alt=\"\">\n                     <\/span>\n                     <span class=\"icon-label\">Componente sustenabile<\/span>\n                  <\/a>\n               <\/li>\n                                          <li class=\"icon\">\n                  <a href=\"https:\/\/penosil.com\/ro\/sustenabilitate\/energie-regenerabila\/\"\n                     class=\"icon-link d-flex align-items-center justify-content-center\"\n                     style=\"--bg-color: #40916c; --text-color: #fff\"\n                     >\n                     <span class=\"icon-image\" aria-hidden=\"true\">\n                        <img loading=\"lazy\" decoding=\"async\" src=\"https:\/\/penosil.com\/ro\/wp-content\/uploads\/sites\/8\/2024\/07\/48x48_Icons.svg\" width=\"76\" height=\"73\" alt=\"\">\n                     <\/span>\n                     <span class=\"icon-label\">Energie regenerabil\u0103<\/span>\n                  <\/a>\n               <\/li>\n                                          <li class=\"icon\">\n                  <a href=\"https:\/\/penosil.com\/ro\/sustenabilitate\/inovatie\/\"\n                     class=\"icon-link d-flex align-items-center justify-content-center\"\n                     style=\"--bg-color: #1b4332; --text-color: #fff\"\n                     >\n                     <span class=\"icon-image\" aria-hidden=\"true\">\n                        <img loading=\"lazy\" decoding=\"async\" src=\"https:\/\/penosil.com\/ro\/wp-content\/uploads\/sites\/8\/2024\/07\/Group-410.svg\" width=\"88\" height=\"94\" alt=\"\">\n                     <\/span>\n                     <span class=\"icon-label\">Inova\u021bie<\/span>\n                  <\/a>\n               <\/li>\n                                          <li class=\"icon\">\n                  <a href=\"https:\/\/penosil.com\/ro\/sustenabilitate\/mediu-inconjurator-mai-sigur\/\"\n                     class=\"icon-link d-flex align-items-center justify-content-center\"\n                     style=\"--bg-color: #426a5a; --text-color: #fff\"\n                     >\n                     <span class=\"icon-image\" aria-hidden=\"true\">\n                        <img loading=\"lazy\" decoding=\"async\" src=\"https:\/\/penosil.com\/ro\/wp-content\/uploads\/sites\/8\/2024\/07\/Group-416.svg\" width=\"79\" height=\"90\" alt=\"\">\n                     <\/span>\n                     <span class=\"icon-label\">Mediu \u00eenconjur\u0103tor mai sigur<\/span>\n                  <\/a>\n               <\/li>\n                                          <li class=\"icon\">\n                  <a href=\"https:\/\/penosil.com\/ro\/sustenabilitate\/managementul-deseurilor\/\"\n                     class=\"icon-link d-flex align-items-center justify-content-center\"\n                     style=\"--bg-color: #25a18e; --text-color: #fff\"\n                     >\n                     <span class=\"icon-image\" aria-hidden=\"true\">\n                        <img loading=\"lazy\" decoding=\"async\" src=\"https:\/\/penosil.com\/ro\/wp-content\/uploads\/sites\/8\/2024\/07\/Group-415.svg\" width=\"82\" height=\"75\" alt=\"\">\n                     <\/span>\n                     <span class=\"icon-label\">Management al de\u0219eurilor<\/span>\n                  <\/a>\n               <\/li>\n                     <\/ul>\n      <\/div>\n   <\/section>","protected":false},"excerpt":{"rendered":"","protected":false},"author":105,"featured_media":0,"parent":10674,"menu_order":0,"comment_status":"closed","ping_status":"closed","template":"page-templates\/template-no-title.php","meta":{"_acf_changed":false,"advgb_blocks_editor_width":"","advgb_blocks_columns_visual_guide":"","footnotes":""},"class_list":["post-10684","page","type-page","status-publish","hentry"],"acf":[],"yoast_head":"<!-- This site is optimized with the Yoast SEO plugin v27.2 - https:\/\/yoast.com\/product\/yoast-seo-wordpress\/ -->\n<title>Invizibile dar peste tot - Penosil Romania<\/title>\n<meta name=\"robots\" content=\"index, follow, max-snippet:-1, max-image-preview:large, max-video-preview:-1\" \/>\n<link rel=\"canonical\" href=\"https:\/\/penosil.com\/ro\/sustenabilitate\/invizibile-dar-peste-tot\/\" \/>\n<meta property=\"og:locale\" content=\"ro_RO\" \/>\n<meta property=\"og:type\" content=\"article\" \/>\n<meta property=\"og:title\" content=\"Invizibile dar peste tot - Penosil Romania\" \/>\n<meta property=\"og:url\" content=\"https:\/\/penosil.com\/ro\/sustenabilitate\/invizibile-dar-peste-tot\/\" \/>\n<meta property=\"og:site_name\" content=\"Penosil Romania\" \/>\n<meta property=\"article:modified_time\" content=\"2025-08-04T13:53:26+00:00\" \/>\n<meta name=\"twitter:card\" content=\"summary_large_image\" \/>\n<meta name=\"twitter:label1\" content=\"Timp estimat pentru citire\" \/>\n\t<meta name=\"twitter:data1\" content=\"5 minute\" \/>\n<script type=\"application\/ld+json\" class=\"yoast-schema-graph\">{\"@context\":\"https:\/\/schema.org\",\"@graph\":[{\"@type\":\"WebPage\",\"@id\":\"https:\/\/penosil.com\/ro\/sustenabilitate\/invizibile-dar-peste-tot\/\",\"url\":\"https:\/\/penosil.com\/ro\/sustenabilitate\/invizibile-dar-peste-tot\/\",\"name\":\"Invizibile dar peste tot - Penosil Romania\",\"isPartOf\":{\"@id\":\"https:\/\/penosil.com\/ro\/#website\"},\"datePublished\":\"2024-07-05T06:52:42+00:00\",\"dateModified\":\"2025-08-04T13:53:26+00:00\",\"breadcrumb\":{\"@id\":\"https:\/\/penosil.com\/ro\/sustenabilitate\/invizibile-dar-peste-tot\/#breadcrumb\"},\"inLanguage\":\"ro-RO\",\"potentialAction\":[{\"@type\":\"ReadAction\",\"target\":[\"https:\/\/penosil.com\/ro\/sustenabilitate\/invizibile-dar-peste-tot\/\"]}]},{\"@type\":\"BreadcrumbList\",\"@id\":\"https:\/\/penosil.com\/ro\/sustenabilitate\/invizibile-dar-peste-tot\/#breadcrumb\",\"itemListElement\":[{\"@type\":\"ListItem\",\"position\":1,\"name\":\"Prima pagin\u0103\",\"item\":\"https:\/\/penosil.com\/ro\/\"},{\"@type\":\"ListItem\",\"position\":2,\"name\":\"Sustenabilitate\",\"item\":\"https:\/\/penosil.com\/ro\/sustenabilitate\/\"},{\"@type\":\"ListItem\",\"position\":3,\"name\":\"Invizibile dar peste tot\"}]},{\"@type\":\"WebSite\",\"@id\":\"https:\/\/penosil.com\/ro\/#website\",\"url\":\"https:\/\/penosil.com\/ro\/\",\"name\":\"Penosil Romania\",\"description\":\"\",\"potentialAction\":[{\"@type\":\"SearchAction\",\"target\":{\"@type\":\"EntryPoint\",\"urlTemplate\":\"https:\/\/penosil.com\/ro\/?s={search_term_string}\"},\"query-input\":{\"@type\":\"PropertyValueSpecification\",\"valueRequired\":true,\"valueName\":\"search_term_string\"}}],\"inLanguage\":\"ro-RO\"}]}<\/script>\n<!-- \/ Yoast SEO plugin. -->","yoast_head_json":{"title":"Invizibile dar peste tot - Penosil Romania","robots":{"index":"index","follow":"follow","max-snippet":"max-snippet:-1","max-image-preview":"max-image-preview:large","max-video-preview":"max-video-preview:-1"},"canonical":"https:\/\/penosil.com\/ro\/sustenabilitate\/invizibile-dar-peste-tot\/","og_locale":"ro_RO","og_type":"article","og_title":"Invizibile dar peste tot - Penosil Romania","og_url":"https:\/\/penosil.com\/ro\/sustenabilitate\/invizibile-dar-peste-tot\/","og_site_name":"Penosil Romania","article_modified_time":"2025-08-04T13:53:26+00:00","twitter_card":"summary_large_image","twitter_misc":{"Timp estimat pentru citire":"5 minute"},"schema":{"@context":"https:\/\/schema.org","@graph":[{"@type":"WebPage","@id":"https:\/\/penosil.com\/ro\/sustenabilitate\/invizibile-dar-peste-tot\/","url":"https:\/\/penosil.com\/ro\/sustenabilitate\/invizibile-dar-peste-tot\/","name":"Invizibile dar peste tot - Penosil Romania","isPartOf":{"@id":"https:\/\/penosil.com\/ro\/#website"},"datePublished":"2024-07-05T06:52:42+00:00","dateModified":"2025-08-04T13:53:26+00:00","breadcrumb":{"@id":"https:\/\/penosil.com\/ro\/sustenabilitate\/invizibile-dar-peste-tot\/#breadcrumb"},"inLanguage":"ro-RO","potentialAction":[{"@type":"ReadAction","target":["https:\/\/penosil.com\/ro\/sustenabilitate\/invizibile-dar-peste-tot\/"]}]},{"@type":"BreadcrumbList","@id":"https:\/\/penosil.com\/ro\/sustenabilitate\/invizibile-dar-peste-tot\/#breadcrumb","itemListElement":[{"@type":"ListItem","position":1,"name":"Prima pagin\u0103","item":"https:\/\/penosil.com\/ro\/"},{"@type":"ListItem","position":2,"name":"Sustenabilitate","item":"https:\/\/penosil.com\/ro\/sustenabilitate\/"},{"@type":"ListItem","position":3,"name":"Invizibile dar peste tot"}]},{"@type":"WebSite","@id":"https:\/\/penosil.com\/ro\/#website","url":"https:\/\/penosil.com\/ro\/","name":"Penosil Romania","description":"","potentialAction":[{"@type":"SearchAction","target":{"@type":"EntryPoint","urlTemplate":"https:\/\/penosil.com\/ro\/?s={search_term_string}"},"query-input":{"@type":"PropertyValueSpecification","valueRequired":true,"valueName":"search_term_string"}}],"inLanguage":"ro-RO"}]}},"coauthors":[],"author_meta":{"author_link":"https:\/\/penosil.com\/ro\/author\/kevinreaktiiv\/","display_name":"kevinreaktiiv"},"relative_dates":{"created":"Posted 2 ani ago","modified":"Updated 8 luni ago"},"absolute_dates":{"created":"Posted on 5 iulie 2024","modified":"Updated on 4 august 2025"},"absolute_dates_time":{"created":"Posted on 5 iulie 2024 6:52","modified":"Updated on 4 august 2025 13:53"},"featured_img_caption":"","featured_img":false,"series_order":"","_links":{"self":[{"href":"https:\/\/penosil.com\/ro\/wp-json\/wp\/v2\/pages\/10684","targetHints":{"allow":["GET"]}}],"collection":[{"href":"https:\/\/penosil.com\/ro\/wp-json\/wp\/v2\/pages"}],"about":[{"href":"https:\/\/penosil.com\/ro\/wp-json\/wp\/v2\/types\/page"}],"author":[{"embeddable":true,"href":"https:\/\/penosil.com\/ro\/wp-json\/wp\/v2\/users\/105"}],"replies":[{"embeddable":true,"href":"https:\/\/penosil.com\/ro\/wp-json\/wp\/v2\/comments?post=10684"}],"version-history":[{"count":15,"href":"https:\/\/penosil.com\/ro\/wp-json\/wp\/v2\/pages\/10684\/revisions"}],"predecessor-version":[{"id":11787,"href":"https:\/\/penosil.com\/ro\/wp-json\/wp\/v2\/pages\/10684\/revisions\/11787"}],"up":[{"embeddable":true,"href":"https:\/\/penosil.com\/ro\/wp-json\/wp\/v2\/pages\/10674"}],"wp:attachment":[{"href":"https:\/\/penosil.com\/ro\/wp-json\/wp\/v2\/media?parent=10684"}],"curies":[{"name":"wp","href":"https:\/\/api.w.org\/{rel}","templated":true}]}}