{"id":10690,"date":"2024-07-05T06:54:21","date_gmt":"2024-07-05T06:54:21","guid":{"rendered":"https:\/\/penosil.com\/ro\/?page_id=10690"},"modified":"2024-08-30T13:00:53","modified_gmt":"2024-08-30T13:00:53","slug":"durabilitate","status":"publish","type":"page","link":"https:\/\/penosil.com\/ro\/sustenabilitate\/durabilitate\/","title":{"rendered":"Durabilitate"},"content":{"rendered":"<section class=\"pnsl-thin-banner-block\" style=\"background-color: #b7e4c7; color: #007f5f\" aria-label=\"Durabilitate\">\n   <div class=\"container d-flex flex-column flex-lg-row align-items-lg-center justify-content-between\">\n      <div class=\"text-wrap\">\n                     <h1>Durabilitate<\/h1>\n         \n                     <p><strong>Durabilitatea \u0219i calitatea<\/strong> produselor noastre sunt priorit\u0103\u021bile noastre de top.<\/p>\n               <\/div>\n\n               <div id=\"lottie-block_37feacbb1fa10e3064bcbf52c6dbcd7d\" class=\"lottie-animation\" data-path=\"https:\/\/penosil.com\/ro\/wp-content\/themes\/penosil-store\/assets\/lottie\/durability.json\" data-speed=\"0.75\" role=\"img\" aria-label=\"Decorative animation\"><\/div>\n         <\/div>\n<\/section>\n\n<section class=\"pnsl-durability-block d-flex flex-column\" aria-label=\"Product Durability Information\">\n   <div class=\"container angles-container\">\n      <div class=\"angles d-flex flex-column flex-lg-row align-items-center align-items-lg-stretch\">\n                     <div class=\"red d-flex align-items-center justify-content-center\" role=\"complementary\" aria-label=\"Key Durability Highlight\">\n               <p>De ce sunt <strong>produsele Penosil<\/strong> durabile\u00a0?<\/p>\n            <\/div>\n         \n                     <div class=\"gray d-flex align-items-center justify-content-center\" role=\"complementary\" aria-label=\"Durability Details\">\n               <div class=\"gray-text\">\n                  <ul>\n<li>Ne str\u0103duim \u00een mod constant s\u0103 optimiz\u0103m echilibrul dintre <strong>durata de valabilitate a unui produs<\/strong> \u0219i <strong>impactul s\u0103u asupra mediului<\/strong>.<\/li>\n<li>De exemplu, un produs cu un impact asupra mediului mai mare ar putea avea o <strong>durat\u0103 de valabilitate mai mare<\/strong> \u0219i, astfel, s\u0103 fie mai sustenabil.<\/li>\n<\/ul>\n               <\/div>\n            <\/div>\n               <\/div>\n   <\/div>\n\n         <div class=\"container text-container\">\n         <div class=\"regular-text\" role=\"region\" aria-label=\"Additional Durability Information\">\n            <h3><strong><span style=\"color: #e30000;\">Spumele PU<\/span><\/strong><\/h3>\n<p>Principala amenin\u021bare la adresa spumelor poliuretanice o reprezint\u0103 <strong>razele UV<\/strong>. Pentru a garanta longevitatea spumei PU, noi <strong>recomand\u0103m \u00eentotdeauna ca aceasta s\u0103 fie acoperit\u0103<\/strong> cu un material opac precum vopsea, tencuial\u0103 etc. Dac\u0103 spuma r\u0103m\u00e2ne expus\u0103, razele UV pot deteriora structura acesteia, cauz\u00e2nd pierderea propriet\u0103\u021bilor de izola\u021bie.<\/p>\n<h3><strong><span style=\"color: #e30000;\">Etan\u0219an\u021bii<\/span><\/strong><\/h3>\n<p>A\u0219a cum structura spumei poliuretanice este afectat\u0103 de razele UV, etan\u0219an\u021bii sunt sensibili la <strong>umiditate crescut\u0103<\/strong>. \u00cen ciuda faptului c\u0103 etan\u0219an\u021bii no\u0219tri con\u021bin substan\u021be fungicide, chiar \u0219i cel mai rezistent etan\u0219ant poate, \u00een timp, s\u0103 dezvolte mucegai dac\u0103 este utilizat \u00eentr-o zon\u0103 slab ventilat\u0103.<\/p>\n<p><strong>Pentru a v\u0103 asigura c\u0103 suprafa\u021ba etan\u0219at\u0103 rezist\u0103 \u00een timp<\/strong>, este important s\u0103\u00a0:<\/p>\n<ul>\n<li>Selecta\u021bi tipul de etan\u0219ant adecvat scopului lucr\u0103rii (rezistent la mucegai, elastic, potrivit pentru a fi vopsit etc.)<\/li>\n<li>Urma\u021bi cu stricte\u021be instruc\u021biunile<\/li>\n<li>Evita\u021bi condi\u021biile care pot afecta calitatea lucr\u0103rii precum lipsa de ventila\u021bie sau umiditate ridicat\u0103 \u00een mod constant.<\/li>\n<\/ul>\n         <\/div>\n      <\/div>\n   \n         <div class=\"container text-container\">\n         <div class=\"text-between-lines\" role=\"region\" aria-label=\"Highlighted Durability Statement\">\n            <p>Structurile izolate \u00een mod corespunz\u0103tor beneficiaz\u0103 pe o perioad\u0103 de mai mul\u021bi ani de <strong>costuri mai reduse cu renovarea, \u00eenc\u0103lzirea sau r\u0103cirea<\/strong>.<\/p>\n         <\/div>\n      <\/div>\n   <\/section>\n\n<section class=\"pnsl-icon-hovers-block\" aria-label=\"Interactive Icon Navigation\">\n   <div class=\"container\">\n               <h2>Accesa\u021bi iconi\u021ba corespunz\u0103toare pentru a afla mai multe detalii.  <\/h2>\n         <\/div>\n\n         <div class=\"container icons-container\">\n         <ul class=\"icons d-flex align-items-center justify-content-center justify-content-lg-between flex-wrap\" role=\"list\">\n                                          <li class=\"icon\">\n                  <a href=\"https:\/\/penosil.com\/ro\/sustenabilitate\/componente-sustenabile\/\"\n                     class=\"icon-link d-flex align-items-center justify-content-center\"\n                     style=\"--bg-color: #52b788; --text-color: #fff\"\n                     >\n                     <span class=\"icon-image\" aria-hidden=\"true\">\n                        <img loading=\"lazy\" decoding=\"async\" src=\"https:\/\/penosil.com\/ro\/wp-content\/uploads\/sites\/8\/2024\/07\/Group-409.svg\" width=\"72\" height=\"75\" alt=\"\">\n                     <\/span>\n                     <span class=\"icon-label\">Componente sustenabile<\/span>\n                  <\/a>\n               <\/li>\n                                          <li class=\"icon\">\n                  <a href=\"https:\/\/penosil.com\/ro\/sustenabilitate\/energie-regenerabila\/\"\n                     class=\"icon-link d-flex align-items-center justify-content-center\"\n                     style=\"--bg-color: #40916c; --text-color: #fff\"\n                     >\n                     <span class=\"icon-image\" aria-hidden=\"true\">\n                        <img loading=\"lazy\" decoding=\"async\" src=\"https:\/\/penosil.com\/ro\/wp-content\/uploads\/sites\/8\/2024\/07\/48x48_Icons.svg\" width=\"76\" height=\"73\" alt=\"\">\n                     <\/span>\n                     <span class=\"icon-label\">Energie regenerabil\u0103<\/span>\n                  <\/a>\n               <\/li>\n                                          <li class=\"icon\">\n                  <a href=\"https:\/\/penosil.com\/ro\/sustenabilitate\/inovatie\/\"\n                     class=\"icon-link d-flex align-items-center justify-content-center\"\n                     style=\"--bg-color: #1b4332; --text-color: #fff\"\n                     >\n                     <span class=\"icon-image\" aria-hidden=\"true\">\n                        <img loading=\"lazy\" decoding=\"async\" src=\"https:\/\/penosil.com\/ro\/wp-content\/uploads\/sites\/8\/2024\/07\/Group-410.svg\" width=\"88\" height=\"94\" alt=\"\">\n                     <\/span>\n                     <span class=\"icon-label\">Inova\u021bie<\/span>\n                  <\/a>\n               <\/li>\n                                          <li class=\"icon\">\n                  <a href=\"https:\/\/penosil.com\/ro\/sustenabilitate\/mediu-inconjurator-mai-sigur\/\"\n                     class=\"icon-link d-flex align-items-center justify-content-center\"\n                     style=\"--bg-color: #426a5a; --text-color: #fff\"\n                     >\n                     <span class=\"icon-image\" aria-hidden=\"true\">\n                        <img loading=\"lazy\" decoding=\"async\" src=\"https:\/\/penosil.com\/ro\/wp-content\/uploads\/sites\/8\/2024\/07\/Group-416.svg\" width=\"79\" height=\"90\" alt=\"\">\n                     <\/span>\n                     <span class=\"icon-label\">Mediu \u00eenconjur\u0103tor mai sigur<\/span>\n                  <\/a>\n               <\/li>\n                                          <li class=\"icon\">\n                  <a href=\"https:\/\/penosil.com\/ro\/sustenabilitate\/managementul-deseurilor\/\"\n                     class=\"icon-link d-flex align-items-center justify-content-center\"\n                     style=\"--bg-color: #25a18e; --text-color: #fff\"\n                     >\n                     <span class=\"icon-image\" aria-hidden=\"true\">\n                        <img loading=\"lazy\" decoding=\"async\" src=\"https:\/\/penosil.com\/ro\/wp-content\/uploads\/sites\/8\/2024\/07\/Group-415.svg\" width=\"82\" height=\"75\" alt=\"\">\n                     <\/span>\n                     <span class=\"icon-label\">Management al de\u0219eurilor<\/span>\n                  <\/a>\n               <\/li>\n                                          <li class=\"icon\">\n                  <a href=\"https:\/\/penosil.com\/ro\/sustenabilitate\/invizibile-dar-peste-tot\/\"\n                     class=\"icon-link d-flex align-items-center justify-content-center\"\n                     style=\"--bg-color: #007f5f; --text-color: #ffffff\"\n                     >\n                     <span class=\"icon-image\" aria-hidden=\"true\">\n                        <img loading=\"lazy\" decoding=\"async\" src=\"https:\/\/penosil.com\/ro\/wp-content\/uploads\/sites\/8\/2024\/07\/Group-393.svg\" width=\"87\" height=\"79\" alt=\"\">\n                     <\/span>\n                     <span class=\"icon-label\">Invizibili, dar peste tot<\/span>\n                  <\/a>\n               <\/li>\n                     <\/ul>\n      <\/div>\n   <\/section>","protected":false},"excerpt":{"rendered":"","protected":false},"author":105,"featured_media":0,"parent":10674,"menu_order":0,"comment_status":"closed","ping_status":"closed","template":"page-templates\/template-no-title.php","meta":{"_acf_changed":false,"advgb_blocks_editor_width":"","advgb_blocks_columns_visual_guide":"","footnotes":""},"class_list":["post-10690","page","type-page","status-publish","hentry"],"acf":[],"yoast_head":"<!-- This site is optimized with the Yoast SEO plugin v27.2 - https:\/\/yoast.com\/product\/yoast-seo-wordpress\/ -->\n<title>Durabilitate - Penosil Romania<\/title>\n<meta name=\"robots\" content=\"index, follow, max-snippet:-1, max-image-preview:large, max-video-preview:-1\" \/>\n<link rel=\"canonical\" href=\"https:\/\/penosil.com\/ro\/sustenabilitate\/durabilitate\/\" \/>\n<meta property=\"og:locale\" content=\"ro_RO\" \/>\n<meta property=\"og:type\" content=\"article\" \/>\n<meta property=\"og:title\" content=\"Durabilitate - Penosil Romania\" \/>\n<meta property=\"og:url\" content=\"https:\/\/penosil.com\/ro\/sustenabilitate\/durabilitate\/\" \/>\n<meta property=\"og:site_name\" content=\"Penosil Romania\" \/>\n<meta property=\"article:modified_time\" content=\"2024-08-30T13:00:53+00:00\" \/>\n<meta name=\"twitter:card\" content=\"summary_large_image\" \/>\n<script type=\"application\/ld+json\" class=\"yoast-schema-graph\">{\"@context\":\"https:\/\/schema.org\",\"@graph\":[{\"@type\":\"WebPage\",\"@id\":\"https:\/\/penosil.com\/ro\/sustenabilitate\/durabilitate\/\",\"url\":\"https:\/\/penosil.com\/ro\/sustenabilitate\/durabilitate\/\",\"name\":\"Durabilitate - Penosil Romania\",\"isPartOf\":{\"@id\":\"https:\/\/penosil.com\/ro\/#website\"},\"datePublished\":\"2024-07-05T06:54:21+00:00\",\"dateModified\":\"2024-08-30T13:00:53+00:00\",\"breadcrumb\":{\"@id\":\"https:\/\/penosil.com\/ro\/sustenabilitate\/durabilitate\/#breadcrumb\"},\"inLanguage\":\"ro-RO\",\"potentialAction\":[{\"@type\":\"ReadAction\",\"target\":[\"https:\/\/penosil.com\/ro\/sustenabilitate\/durabilitate\/\"]}]},{\"@type\":\"BreadcrumbList\",\"@id\":\"https:\/\/penosil.com\/ro\/sustenabilitate\/durabilitate\/#breadcrumb\",\"itemListElement\":[{\"@type\":\"ListItem\",\"position\":1,\"name\":\"Prima pagin\u0103\",\"item\":\"https:\/\/penosil.com\/ro\/\"},{\"@type\":\"ListItem\",\"position\":2,\"name\":\"Sustenabilitate\",\"item\":\"https:\/\/penosil.com\/ro\/sustenabilitate\/\"},{\"@type\":\"ListItem\",\"position\":3,\"name\":\"Durabilitate\"}]},{\"@type\":\"WebSite\",\"@id\":\"https:\/\/penosil.com\/ro\/#website\",\"url\":\"https:\/\/penosil.com\/ro\/\",\"name\":\"Penosil Romania\",\"description\":\"\",\"potentialAction\":[{\"@type\":\"SearchAction\",\"target\":{\"@type\":\"EntryPoint\",\"urlTemplate\":\"https:\/\/penosil.com\/ro\/?s={search_term_string}\"},\"query-input\":{\"@type\":\"PropertyValueSpecification\",\"valueRequired\":true,\"valueName\":\"search_term_string\"}}],\"inLanguage\":\"ro-RO\"}]}<\/script>\n<!-- \/ Yoast SEO plugin. -->","yoast_head_json":{"title":"Durabilitate - Penosil Romania","robots":{"index":"index","follow":"follow","max-snippet":"max-snippet:-1","max-image-preview":"max-image-preview:large","max-video-preview":"max-video-preview:-1"},"canonical":"https:\/\/penosil.com\/ro\/sustenabilitate\/durabilitate\/","og_locale":"ro_RO","og_type":"article","og_title":"Durabilitate - Penosil Romania","og_url":"https:\/\/penosil.com\/ro\/sustenabilitate\/durabilitate\/","og_site_name":"Penosil Romania","article_modified_time":"2024-08-30T13:00:53+00:00","twitter_card":"summary_large_image","schema":{"@context":"https:\/\/schema.org","@graph":[{"@type":"WebPage","@id":"https:\/\/penosil.com\/ro\/sustenabilitate\/durabilitate\/","url":"https:\/\/penosil.com\/ro\/sustenabilitate\/durabilitate\/","name":"Durabilitate - Penosil Romania","isPartOf":{"@id":"https:\/\/penosil.com\/ro\/#website"},"datePublished":"2024-07-05T06:54:21+00:00","dateModified":"2024-08-30T13:00:53+00:00","breadcrumb":{"@id":"https:\/\/penosil.com\/ro\/sustenabilitate\/durabilitate\/#breadcrumb"},"inLanguage":"ro-RO","potentialAction":[{"@type":"ReadAction","target":["https:\/\/penosil.com\/ro\/sustenabilitate\/durabilitate\/"]}]},{"@type":"BreadcrumbList","@id":"https:\/\/penosil.com\/ro\/sustenabilitate\/durabilitate\/#breadcrumb","itemListElement":[{"@type":"ListItem","position":1,"name":"Prima pagin\u0103","item":"https:\/\/penosil.com\/ro\/"},{"@type":"ListItem","position":2,"name":"Sustenabilitate","item":"https:\/\/penosil.com\/ro\/sustenabilitate\/"},{"@type":"ListItem","position":3,"name":"Durabilitate"}]},{"@type":"WebSite","@id":"https:\/\/penosil.com\/ro\/#website","url":"https:\/\/penosil.com\/ro\/","name":"Penosil Romania","description":"","potentialAction":[{"@type":"SearchAction","target":{"@type":"EntryPoint","urlTemplate":"https:\/\/penosil.com\/ro\/?s={search_term_string}"},"query-input":{"@type":"PropertyValueSpecification","valueRequired":true,"valueName":"search_term_string"}}],"inLanguage":"ro-RO"}]}},"coauthors":[],"author_meta":{"author_link":"https:\/\/penosil.com\/ro\/author\/kevinreaktiiv\/","display_name":"kevinreaktiiv"},"relative_dates":{"created":"Posted 2 ani ago","modified":"Updated 2 ani ago"},"absolute_dates":{"created":"Posted on 5 iulie 2024","modified":"Updated on 30 august 2024"},"absolute_dates_time":{"created":"Posted on 5 iulie 2024 6:54","modified":"Updated on 30 august 2024 13:00"},"featured_img_caption":"","featured_img":false,"series_order":"","_links":{"self":[{"href":"https:\/\/penosil.com\/ro\/wp-json\/wp\/v2\/pages\/10690","targetHints":{"allow":["GET"]}}],"collection":[{"href":"https:\/\/penosil.com\/ro\/wp-json\/wp\/v2\/pages"}],"about":[{"href":"https:\/\/penosil.com\/ro\/wp-json\/wp\/v2\/types\/page"}],"author":[{"embeddable":true,"href":"https:\/\/penosil.com\/ro\/wp-json\/wp\/v2\/users\/105"}],"replies":[{"embeddable":true,"href":"https:\/\/penosil.com\/ro\/wp-json\/wp\/v2\/comments?post=10690"}],"version-history":[{"count":5,"href":"https:\/\/penosil.com\/ro\/wp-json\/wp\/v2\/pages\/10690\/revisions"}],"predecessor-version":[{"id":10946,"href":"https:\/\/penosil.com\/ro\/wp-json\/wp\/v2\/pages\/10690\/revisions\/10946"}],"up":[{"embeddable":true,"href":"https:\/\/penosil.com\/ro\/wp-json\/wp\/v2\/pages\/10674"}],"wp:attachment":[{"href":"https:\/\/penosil.com\/ro\/wp-json\/wp\/v2\/media?parent=10690"}],"curies":[{"name":"wp","href":"https:\/\/api.w.org\/{rel}","templated":true}]}}