{"id":10696,"date":"2024-07-05T06:56:54","date_gmt":"2024-07-05T06:56:54","guid":{"rendered":"https:\/\/penosil.com\/ro\/?page_id=10696"},"modified":"2025-08-04T13:46:20","modified_gmt":"2025-08-04T13:46:20","slug":"energie-regenerabila","status":"publish","type":"page","link":"https:\/\/penosil.com\/ro\/sustenabilitate\/energie-regenerabila\/","title":{"rendered":"Energie regenerabil\u0103"},"content":{"rendered":"<section class=\"pnsl-thin-banner-block\" style=\"background-color: #40916c; color: #ffffff\" aria-label=\"Energie regenerabil\u0103\">\n   <div class=\"container d-flex flex-column flex-lg-row align-items-lg-center justify-content-between\">\n      <div class=\"text-wrap\">\n                     <h1>Energie regenerabil\u0103<\/h1>\n         \n                     <p>Obiectivul nostru este s\u0103 facem tranzi\u021bia c\u0103tre consum <strong>100%<\/strong> de energie verde\u00a0 p\u00e2n\u0103 \u00een <strong>2030.<\/strong><\/p>\n               <\/div>\n\n               <div id=\"lottie-block_6bc01aec7352418442f3e6b376a942f2\" class=\"lottie-animation\" data-path=\"https:\/\/penosil.com\/ro\/wp-content\/themes\/penosil-store\/assets\/lottie\/renewable.json\" data-speed=\"0.75\" role=\"img\" aria-label=\"Decorative animation\"><\/div>\n         <\/div>\n<\/section>\n\n<section class=\"pnsl-renewable-energy-block d-flex flex-column\" aria-label=\"Renewable Energy Information\">\n         <div class=\"text-container container\">\n         <div class=\"lines-text d-flex flex-column flex-lg-row align-items-center\" role=\"region\" aria-label=\"Key Energy Message\">\n                           <img loading=\"lazy\" decoding=\"async\" src=\"https:\/\/penosil.com\/ro\/wp-content\/uploads\/sites\/8\/2024\/07\/GreenElectricity_green-1.svg\" width=\"80\" height=\"80\" alt=\"iconita energie regenerabila\" role=\"img\">\n            \n            <p>\u00cen prezent, Penosil utilizeaz\u0103 pentru produc\u021bie 100% electricitate din surse regenerabile.<\/p>\n         <\/div>\n      <\/div>\n   \n   <div class=\"container angles-container\">\n      <div class=\"angles d-flex flex-column flex-lg-row align-items-center align-items-lg-stretch\">\n         <div class=\"red d-flex align-items-center justify-content-center\" role=\"complementary\" aria-label=\"Wind Energy Animation\">\n            <div id=\"lottie-block_78472e2f9f9dd8ed3ecb5cf1fa25488c\"\n               class=\"lottie-animation\"\n               data-path=\"https:\/\/penosil.com\/ro\/wp-content\/themes\/penosil-store\/assets\/lottie\/windturbine.json\"\n               data-speed=\"0.75\"\n               role=\"img\"\n               aria-label=\"Animated wind turbine illustration\"><\/div>\n         <\/div>\n\n                     <div class=\"gray d-flex align-items-center justify-content-center\" role=\"complementary\" aria-label=\"Renewable Energy Details\">\n               <div class=\"gray-text\">\n                  <ul>\n<li>Electricitatea reprezint\u0103 <strong>70 \u2013 75%<\/strong> din consumul nostru de energie.<\/li>\n<li>Fabricile noastre din Tallinn \u0219i Barcelona utilizeaz\u0103 <strong>100% elecricitate verde<\/strong> provenit\u0103 din <strong>energie solar\u0103 \u0219i eolian\u0103.<\/strong><\/li>\n<\/ul>\n               <\/div>\n            <\/div>\n               <\/div>\n   <\/div>\n\n         <div class=\"text-container container\">\n         <div class=\"last-text\" role=\"region\" aria-label=\"Additional Energy Information\">\n            <ul>\n<li>\u00centruc\u00e2t electricitatea reprezint\u0103 cea mai mare parte a consumului nostru de energie, \u00een anii 2018 \u0219i 2019 am \u00eenlocuit toate sistemele de iluminare cu becuri LED, ceea ce a dus la reducerea consumului de electricitate cu <strong>18%.<\/strong><\/li>\n<li>Consumul de gaz reprezint\u0103 aproximativ <strong>25 \u2013 30%<\/strong> din consumul nostru de energie. Obiectivul nostru este s\u0103 facem <strong>tranzi\u021bia c\u0103tre gaz provenit din surse regenerabile p\u00e2n\u0103 \u00een 2030.<\/strong><\/li>\n<li>De asemenea, am f\u0103cut un pas important c\u0103tre eficien\u021b\u0103 energetic\u0103, \u00een urm\u0103 cu aproximativ cinci ani, c\u00e2nd am modernizat sistemele de \u00eenc\u0103lzire la sediile noastre din Tallinn, ceea ce a generat o <strong>reducere remarcabil\u0103 a emisiilor de dioxid de carbon cu 40%.<\/strong><\/li>\n<\/ul>\n<p><iframe loading=\"lazy\" title=\"YouTube video player\" src=\"https:\/\/www.youtube.com\/embed\/dY_F4mQhGL4?si=i_xRu-2rZyAQJgfm\" width=\"560\" height=\"315\" frameborder=\"0\" allowfullscreen=\"allowfullscreen\"><\/iframe><\/p>\n         <\/div>\n      <\/div>\n   <\/section>\n\n<section class=\"pnsl-icon-hovers-block\" aria-label=\"Interactive Icon Navigation\">\n   <div class=\"container\">\n               <h2>Accesa\u021bi iconi\u021ba corespunz\u0103toare pentru a afla mai multe detalii.  <\/h2>\n         <\/div>\n\n         <div class=\"container icons-container\">\n         <ul class=\"icons d-flex align-items-center justify-content-center justify-content-lg-between flex-wrap\" role=\"list\">\n                                          <li class=\"icon\">\n                  <a href=\"https:\/\/penosil.com\/ro\/sustenabilitate\/durabilitate\/\"\n                     class=\"icon-link d-flex align-items-center justify-content-center\"\n                     style=\"--bg-color: #b7e4c7; --text-color: #ffffff\"\n                     >\n                     <span class=\"icon-image\" aria-hidden=\"true\">\n                        <img loading=\"lazy\" decoding=\"async\" src=\"https:\/\/penosil.com\/ro\/wp-content\/uploads\/sites\/8\/2024\/07\/Icons.svg\" width=\"68\" height=\"67\" alt=\"\">\n                     <\/span>\n                     <span class=\"icon-label\">Durabilitate<\/span>\n                  <\/a>\n               <\/li>\n                                          <li class=\"icon\">\n                  <a href=\"https:\/\/penosil.com\/ro\/sustenabilitate\/componente-sustenabile\/\"\n                     class=\"icon-link d-flex align-items-center justify-content-center\"\n                     style=\"--bg-color: #52b788; --text-color: #fff\"\n                     >\n                     <span class=\"icon-image\" aria-hidden=\"true\">\n                        <img loading=\"lazy\" decoding=\"async\" src=\"https:\/\/penosil.com\/ro\/wp-content\/uploads\/sites\/8\/2024\/07\/Group-409.svg\" width=\"72\" height=\"75\" alt=\"\">\n                     <\/span>\n                     <span class=\"icon-label\">Componente sustenabile<\/span>\n                  <\/a>\n               <\/li>\n                                          <li class=\"icon\">\n                  <a href=\"https:\/\/penosil.com\/ro\/sustenabilitate\/inovatie\/\"\n                     class=\"icon-link d-flex align-items-center justify-content-center\"\n                     style=\"--bg-color: #1b4332; --text-color: #fff\"\n                     >\n                     <span class=\"icon-image\" aria-hidden=\"true\">\n                        <img loading=\"lazy\" decoding=\"async\" src=\"https:\/\/penosil.com\/ro\/wp-content\/uploads\/sites\/8\/2024\/07\/Group-410.svg\" width=\"88\" height=\"94\" alt=\"\">\n                     <\/span>\n                     <span class=\"icon-label\">Inova\u021bie<\/span>\n                  <\/a>\n               <\/li>\n                                          <li class=\"icon\">\n                  <a href=\"https:\/\/penosil.com\/ro\/sustenabilitate\/mediu-inconjurator-mai-sigur\/\"\n                     class=\"icon-link d-flex align-items-center justify-content-center\"\n                     style=\"--bg-color: #426a5a; --text-color: #fff\"\n                     >\n                     <span class=\"icon-image\" aria-hidden=\"true\">\n                        <img loading=\"lazy\" decoding=\"async\" src=\"https:\/\/penosil.com\/ro\/wp-content\/uploads\/sites\/8\/2024\/07\/Group-416.svg\" width=\"79\" height=\"90\" alt=\"\">\n                     <\/span>\n                     <span class=\"icon-label\">Mediu \u00eenconjur\u0103tor mai sigur<\/span>\n                  <\/a>\n               <\/li>\n                                          <li class=\"icon\">\n                  <a href=\"https:\/\/penosil.com\/ro\/sustenabilitate\/managementul-deseurilor\/\"\n                     class=\"icon-link d-flex align-items-center justify-content-center\"\n                     style=\"--bg-color: #25a18e; --text-color: #fff\"\n                     >\n                     <span class=\"icon-image\" aria-hidden=\"true\">\n                        <img loading=\"lazy\" decoding=\"async\" src=\"https:\/\/penosil.com\/ro\/wp-content\/uploads\/sites\/8\/2024\/07\/Group-415.svg\" width=\"82\" height=\"75\" alt=\"\">\n                     <\/span>\n                     <span class=\"icon-label\">Management al de\u0219eurilor<\/span>\n                  <\/a>\n               <\/li>\n                                          <li class=\"icon\">\n                  <a href=\"https:\/\/penosil.com\/ro\/sustenabilitate\/invizibile-dar-peste-tot\/\"\n                     class=\"icon-link d-flex align-items-center justify-content-center\"\n                     style=\"--bg-color: #007F5F; --text-color: #fff\"\n                     >\n                     <span class=\"icon-image\" aria-hidden=\"true\">\n                        <img loading=\"lazy\" decoding=\"async\" src=\"https:\/\/penosil.com\/ro\/wp-content\/uploads\/sites\/8\/2024\/07\/Group-393.svg\" width=\"87\" height=\"79\" alt=\"\">\n                     <\/span>\n                     <span class=\"icon-label\">Invizibili dar peste tot<\/span>\n                  <\/a>\n               <\/li>\n                     <\/ul>\n      <\/div>\n   <\/section>","protected":false},"excerpt":{"rendered":"","protected":false},"author":105,"featured_media":0,"parent":10674,"menu_order":0,"comment_status":"closed","ping_status":"closed","template":"page-templates\/template-no-title.php","meta":{"_acf_changed":false,"advgb_blocks_editor_width":"","advgb_blocks_columns_visual_guide":"","footnotes":""},"class_list":["post-10696","page","type-page","status-publish","hentry"],"acf":[],"yoast_head":"<!-- This site is optimized with the Yoast SEO plugin v27.2 - https:\/\/yoast.com\/product\/yoast-seo-wordpress\/ -->\n<title>Energie regenerabil\u0103 - Penosil Romania<\/title>\n<meta name=\"robots\" content=\"index, follow, max-snippet:-1, max-image-preview:large, max-video-preview:-1\" \/>\n<link rel=\"canonical\" href=\"https:\/\/penosil.com\/ro\/sustenabilitate\/energie-regenerabila\/\" \/>\n<meta property=\"og:locale\" content=\"ro_RO\" \/>\n<meta property=\"og:type\" content=\"article\" \/>\n<meta property=\"og:title\" content=\"Energie regenerabil\u0103 - Penosil Romania\" \/>\n<meta property=\"og:url\" content=\"https:\/\/penosil.com\/ro\/sustenabilitate\/energie-regenerabila\/\" \/>\n<meta property=\"og:site_name\" content=\"Penosil Romania\" \/>\n<meta property=\"article:modified_time\" content=\"2025-08-04T13:46:20+00:00\" \/>\n<meta name=\"twitter:card\" content=\"summary_large_image\" \/>\n<meta name=\"twitter:label1\" content=\"Timp estimat pentru citire\" \/>\n\t<meta name=\"twitter:data1\" content=\"3 minute\" \/>\n<script type=\"application\/ld+json\" class=\"yoast-schema-graph\">{\"@context\":\"https:\/\/schema.org\",\"@graph\":[{\"@type\":\"WebPage\",\"@id\":\"https:\/\/penosil.com\/ro\/sustenabilitate\/energie-regenerabila\/\",\"url\":\"https:\/\/penosil.com\/ro\/sustenabilitate\/energie-regenerabila\/\",\"name\":\"Energie regenerabil\u0103 - Penosil Romania\",\"isPartOf\":{\"@id\":\"https:\/\/penosil.com\/ro\/#website\"},\"datePublished\":\"2024-07-05T06:56:54+00:00\",\"dateModified\":\"2025-08-04T13:46:20+00:00\",\"breadcrumb\":{\"@id\":\"https:\/\/penosil.com\/ro\/sustenabilitate\/energie-regenerabila\/#breadcrumb\"},\"inLanguage\":\"ro-RO\",\"potentialAction\":[{\"@type\":\"ReadAction\",\"target\":[\"https:\/\/penosil.com\/ro\/sustenabilitate\/energie-regenerabila\/\"]}]},{\"@type\":\"BreadcrumbList\",\"@id\":\"https:\/\/penosil.com\/ro\/sustenabilitate\/energie-regenerabila\/#breadcrumb\",\"itemListElement\":[{\"@type\":\"ListItem\",\"position\":1,\"name\":\"Prima pagin\u0103\",\"item\":\"https:\/\/penosil.com\/ro\/\"},{\"@type\":\"ListItem\",\"position\":2,\"name\":\"Sustenabilitate\",\"item\":\"https:\/\/penosil.com\/ro\/sustenabilitate\/\"},{\"@type\":\"ListItem\",\"position\":3,\"name\":\"Energie regenerabil\u0103\"}]},{\"@type\":\"WebSite\",\"@id\":\"https:\/\/penosil.com\/ro\/#website\",\"url\":\"https:\/\/penosil.com\/ro\/\",\"name\":\"Penosil Romania\",\"description\":\"\",\"potentialAction\":[{\"@type\":\"SearchAction\",\"target\":{\"@type\":\"EntryPoint\",\"urlTemplate\":\"https:\/\/penosil.com\/ro\/?s={search_term_string}\"},\"query-input\":{\"@type\":\"PropertyValueSpecification\",\"valueRequired\":true,\"valueName\":\"search_term_string\"}}],\"inLanguage\":\"ro-RO\"}]}<\/script>\n<!-- \/ Yoast SEO plugin. -->","yoast_head_json":{"title":"Energie regenerabil\u0103 - Penosil Romania","robots":{"index":"index","follow":"follow","max-snippet":"max-snippet:-1","max-image-preview":"max-image-preview:large","max-video-preview":"max-video-preview:-1"},"canonical":"https:\/\/penosil.com\/ro\/sustenabilitate\/energie-regenerabila\/","og_locale":"ro_RO","og_type":"article","og_title":"Energie regenerabil\u0103 - Penosil Romania","og_url":"https:\/\/penosil.com\/ro\/sustenabilitate\/energie-regenerabila\/","og_site_name":"Penosil Romania","article_modified_time":"2025-08-04T13:46:20+00:00","twitter_card":"summary_large_image","twitter_misc":{"Timp estimat pentru citire":"3 minute"},"schema":{"@context":"https:\/\/schema.org","@graph":[{"@type":"WebPage","@id":"https:\/\/penosil.com\/ro\/sustenabilitate\/energie-regenerabila\/","url":"https:\/\/penosil.com\/ro\/sustenabilitate\/energie-regenerabila\/","name":"Energie regenerabil\u0103 - Penosil Romania","isPartOf":{"@id":"https:\/\/penosil.com\/ro\/#website"},"datePublished":"2024-07-05T06:56:54+00:00","dateModified":"2025-08-04T13:46:20+00:00","breadcrumb":{"@id":"https:\/\/penosil.com\/ro\/sustenabilitate\/energie-regenerabila\/#breadcrumb"},"inLanguage":"ro-RO","potentialAction":[{"@type":"ReadAction","target":["https:\/\/penosil.com\/ro\/sustenabilitate\/energie-regenerabila\/"]}]},{"@type":"BreadcrumbList","@id":"https:\/\/penosil.com\/ro\/sustenabilitate\/energie-regenerabila\/#breadcrumb","itemListElement":[{"@type":"ListItem","position":1,"name":"Prima pagin\u0103","item":"https:\/\/penosil.com\/ro\/"},{"@type":"ListItem","position":2,"name":"Sustenabilitate","item":"https:\/\/penosil.com\/ro\/sustenabilitate\/"},{"@type":"ListItem","position":3,"name":"Energie regenerabil\u0103"}]},{"@type":"WebSite","@id":"https:\/\/penosil.com\/ro\/#website","url":"https:\/\/penosil.com\/ro\/","name":"Penosil Romania","description":"","potentialAction":[{"@type":"SearchAction","target":{"@type":"EntryPoint","urlTemplate":"https:\/\/penosil.com\/ro\/?s={search_term_string}"},"query-input":{"@type":"PropertyValueSpecification","valueRequired":true,"valueName":"search_term_string"}}],"inLanguage":"ro-RO"}]}},"coauthors":[],"author_meta":{"author_link":"https:\/\/penosil.com\/ro\/author\/kevinreaktiiv\/","display_name":"kevinreaktiiv"},"relative_dates":{"created":"Posted 2 ani ago","modified":"Updated 8 luni ago"},"absolute_dates":{"created":"Posted on 5 iulie 2024","modified":"Updated on 4 august 2025"},"absolute_dates_time":{"created":"Posted on 5 iulie 2024 6:56","modified":"Updated on 4 august 2025 13:46"},"featured_img_caption":"","featured_img":false,"series_order":"","_links":{"self":[{"href":"https:\/\/penosil.com\/ro\/wp-json\/wp\/v2\/pages\/10696","targetHints":{"allow":["GET"]}}],"collection":[{"href":"https:\/\/penosil.com\/ro\/wp-json\/wp\/v2\/pages"}],"about":[{"href":"https:\/\/penosil.com\/ro\/wp-json\/wp\/v2\/types\/page"}],"author":[{"embeddable":true,"href":"https:\/\/penosil.com\/ro\/wp-json\/wp\/v2\/users\/105"}],"replies":[{"embeddable":true,"href":"https:\/\/penosil.com\/ro\/wp-json\/wp\/v2\/comments?post=10696"}],"version-history":[{"count":9,"href":"https:\/\/penosil.com\/ro\/wp-json\/wp\/v2\/pages\/10696\/revisions"}],"predecessor-version":[{"id":11783,"href":"https:\/\/penosil.com\/ro\/wp-json\/wp\/v2\/pages\/10696\/revisions\/11783"}],"up":[{"embeddable":true,"href":"https:\/\/penosil.com\/ro\/wp-json\/wp\/v2\/pages\/10674"}],"wp:attachment":[{"href":"https:\/\/penosil.com\/ro\/wp-json\/wp\/v2\/media?parent=10696"}],"curies":[{"name":"wp","href":"https:\/\/api.w.org\/{rel}","templated":true}]}}