{"id":10711,"date":"2024-07-05T07:02:26","date_gmt":"2024-07-05T07:02:26","guid":{"rendered":"https:\/\/penosil.com\/ro\/?page_id=10711"},"modified":"2025-07-10T11:18:48","modified_gmt":"2025-07-10T11:18:48","slug":"mediu-inconjurator-mai-sigur","status":"publish","type":"page","link":"https:\/\/penosil.com\/ro\/sustenabilitate\/mediu-inconjurator-mai-sigur\/","title":{"rendered":"Mediu \u00eenconjur\u0103tor mai sigur"},"content":{"rendered":"<section class=\"pnsl-thin-banner-block\" style=\"background-color: #426a5a; color: #ffffff\" aria-label=\"Mediu \u00eenconjur\u0103tor mai sigur\">\n   <div class=\"container d-flex flex-column flex-lg-row align-items-lg-center justify-content-between\">\n      <div class=\"text-wrap\">\n                     <h1>Mediu \u00eenconjur\u0103tor mai sigur<\/h1>\n         \n                     <p>Ne dorim ca dumneavoastr\u0103 s\u0103 v\u0103 bucura\u021bi de un <strong>mediu \u00eenconjur\u0103tor mai pl\u0103cut \u0219i mai sigur.<\/strong><\/p>\n               <\/div>\n\n               <div id=\"lottie-block_4b509a4f518e6b6919e5fb73d3914113\" class=\"lottie-animation\" data-path=\"https:\/\/penosil.com\/ro\/wp-content\/themes\/penosil-store\/assets\/lottie\/safer.json\" data-speed=\"0.75\" role=\"img\" aria-label=\"Decorative animation\"><\/div>\n         <\/div>\n<\/section>\n\n<main class=\"pnsl-safer-living-environment-block\" aria-label=\"Safer Living Environment Information\">\n         <section class=\"container text-container d-flex flex-column align-items-start\" aria-labelledby=\"safer-living-intro\">\n         <div class=\"upper-text text-wrap\">\n            <div id=\"safer-living-intro\">\n               <p>Tocmai de aceea, ne str\u0103duim \u00een mod constant s\u0103\u00a0:<\/p>\n            <\/div>\n\n                           <ul>\n                                                            <li>\n                        <p>\u00cembun\u0103t\u0103\u021bim formulele existente<\/p>\n                     \n                                             <\/li>\n                                                            <li>\n                        <p>Dezvolt\u0103m produse noi cu <strong>con\u021binut redus de compu\u0219i organici volatili din materii prime mai sigure. <\/strong><\/p>\n                     \n                                                \n                                                         <button type=\"button\" class=\"tooltip sus-tooltip\" data-tooltip-content=\"#tooltip-safer\" aria-expanded=\"false\" aria-describedby=\"tooltip-safer\" aria-label=\"Show more information\">\n                                 <img loading=\"lazy\" decoding=\"async\" src=\"https:\/\/penosil.com\/ro\/wp-content\/themes\/penosil-store\/images\/icons\/sus-info.svg\" width=\"52\" height=\"63\" alt=\"\" aria-hidden=\"true\">\n                              <\/button>\n\n                              <div class=\"safer-tooltip-content tooltip-content\" role=\"tooltip\" id=\"tooltip-safer\" aria-hidden=\"true\">\n                                 <h3>Ce sunt compu\u0219ii organici volatili?<\/h3>\n<ul>\n<li>Compu\u0219ii organici volatili sunt <strong>substan\u021be chimice<\/strong> emanate de materiale de construc\u021bie sau de mobilier care <strong>se evapor\u0103 \u0219i se \u00eempr\u0103\u0219tie cu u\u0219urin\u021b\u0103.<\/strong><\/li>\n<li>Concentra\u021biile mari de compu\u0219i organici volatili afecteaz\u0103 calitatea aerului de la interior \u0219i pot cauza irita\u021bii \u0219i alte probleme de s\u0103n\u0103tate.<\/li>\n<\/ul>\n<p><span style=\"font-size: 16px;\"><strong>C\u0103uta\u021bi aceste certificate pe etichetele produselor:<\/strong><\/span><\/p>\n<p><img loading=\"lazy\" decoding=\"async\" class=\"\" src=\"https:\/\/penosil.com\/ro\/wp-content\/uploads\/sites\/8\/2025\/07\/EC1_Plus_mark.png\" width=\"75\" height=\"75\" \/>\u00a0 \u00a0 <img loading=\"lazy\" decoding=\"async\" class=\"\" src=\"https:\/\/penosil.com\/ro\/wp-content\/uploads\/sites\/8\/2025\/07\/M1-logo_RGB_english_black.png\" width=\"75\" height=\"75\" \/>\u00a0 \u00a0 <img loading=\"lazy\" decoding=\"async\" class=\"\" src=\"https:\/\/penosil.com\/ro\/wp-content\/uploads\/sites\/8\/2025\/07\/A-French.png\" width=\"92\" height=\"75\" \/><\/p>\n                              <\/div>\n                                                                        <\/li>\n                                 <\/ul>\n                     <\/div>\n      <\/section>\n   \n   <section class=\"container angles-container\" aria-label=\"Process steps\">\n      <div class=\"angles row flex-column flex-lg-row flex-lg-nowrap\" role=\"list\">\n                                 <div class=\"angle col d-flex align-items-center justify-content-center\" role=\"listitem\" aria-label=\"Step 1\">\n               <div class=\"angle-text\"><p>\u00cen 2020, <strong>14%<\/strong> dintre produsele Penosil aveau certific\u0103ri EC1+.<\/p>\n<\/div>\n            <\/div>\n                                 <div class=\"angle col d-flex align-items-center justify-content-center\" role=\"listitem\" aria-label=\"Step 2\">\n               <div class=\"angle-text\"><p>\u00cen 2023, <strong>52%<\/strong> dintre produsele Penosil aveau certific\u0103ri EC1+.<\/p>\n<\/div>\n            <\/div>\n                                 <div class=\"angle col d-flex align-items-center justify-content-center\" role=\"listitem\" aria-label=\"Step 3\">\n               <div class=\"angle-text\"><p>\u00cen urm\u0103torii c\u00e2\u021biva ani, peste <strong>70%<\/strong> dintre produsele Penosil vor avea certific\u0103ri care atest\u0103 con\u021binut redus de produ\u0219i organici volatili.<\/p>\n<\/div>\n            <\/div>\n               <\/div>\n   <\/section>\n\n   <section class=\"container text-container\" aria-label=\"Additional information\">\n               <div class=\"above-lines-text text-wrap\">\n            <p>\u00cen ultimii cinci ani am dezvoltat numero\u0219i adezivi, etan\u0219an\u021bi \u0219i produse pentru umplere goluri \u0219i spa\u021bii mari <strong>f\u0103r\u0103 solven\u021bi \u0219i pe baz\u0103 de ap\u0103<\/strong>. Mai mult dec\u00e2t at\u00e2t, mul\u021bi dintre siliconii oxim\u0103 produ\u0219i de noi sunt disponibili \u0219i \u00een varianta <strong>MEKO-free<\/strong>.<\/p>\n         <\/div>\n      \n               <div class=\"lines-text w-100 d-flex flex-column flex-lg-row justify-content-between\" role=\"list\" aria-label=\"Key benefits\">\n                                          <div class=\"item d-flex flex-column flex-md-row align-items-center\" role=\"listitem\">\n                                       <div class=\"item-icon\">\n                        <img loading=\"lazy\" decoding=\"async\" src=\"https:\/\/penosil.com\/ro\/wp-content\/uploads\/sites\/8\/2024\/07\/Group-414.svg\" width=\"110\" height=\"106\" alt=\"Zero meko\">\n                     <\/div>\n                  \n                                       <div class=\"item-text\">\n                        <p>C\u0103uta\u021bi pe eticheta produsului<\/p>\n<p>certificatul MEKO-free<\/p>\n                     <\/div>\n                                 <\/div>\n                                          <div class=\"item d-flex flex-column flex-md-row align-items-center\" role=\"listitem\">\n                                       <div class=\"item-icon\">\n                        <img loading=\"lazy\" decoding=\"async\" src=\"https:\/\/penosil.com\/ro\/wp-content\/uploads\/sites\/8\/2024\/07\/Layer_1-2.svg\" width=\"108\" height=\"108\" alt=\"certificare Safe choice\">\n                     <\/div>\n                  \n                                       <div class=\"item-text\">\n                        <p>C\u0103uta\u021bi \u0219tampila Safe Choice<\/p>\n<p>pe spumele noastre PU cu con\u021binut redus sau zero MDI.<\/p>\n                     <\/div>\n                                 <\/div>\n                     <\/div>\n      \n               <div class=\"text-before-icon text-wrap\">\n            <p>Tot mai multe dintre spumele noastre PU au con\u021binut foarte redus (&lt;0.1%) de monomer diizocianat sau sunt complet <strong>MDI-free<\/strong>.<\/p>\n\n                           <button type=\"button\" class=\"tooltip sus-tooltip\" data-tooltip-content=\"#tooltip-safer-bottom\" aria-expanded=\"false\" aria-describedby=\"tooltip-safer-bottom\" aria-label=\"Show more information\">\n                  <img loading=\"lazy\" decoding=\"async\" src=\"https:\/\/penosil.com\/ro\/wp-content\/themes\/penosil-store\/images\/icons\/sus-info.svg\" width=\"52\" height=\"63\" alt=\"\" aria-hidden=\"true\">\n               <\/button>\n\n               <div class=\"safer-tooltip-content tooltip-content\" role=\"tooltip\" id=\"tooltip-safer-bottom\" aria-hidden=\"true\">\n                  <h4>Ce este MDI?<\/h4>\n<p><strong>Metilen-difenil diizocianat (MDI) este o substan\u021b\u0103 chimic\u0103 utilizat\u0103 \u00een produc\u021bia de materiale poliuretanice. \u00a0<\/strong><\/p>\n<p><strong>\u00cen timpul aplic\u0103rii<\/strong>, con\u021binutul de MDI din spum\u0103 poate cauza irita\u021bii ale pielii sau ale g\u00e2tului.<\/p>\n               <\/div>\n                     <\/div>\n      \n               <div class=\"under-lines-text text-wrap\">\n            <p>Spumele PU cu con\u021binut redus sau zero de MDI ofer\u0103 <strong>o alternativ\u0103 mai sigur\u0103<\/strong> la spumele PU obi\u0219nuite, cu riscuri semnificativ reduse de expunere la substan\u021be chimice d\u0103un\u0103toare, impact redus asupra mediului \u0219i respectarea normelor \u00een vigoare.<\/p>\n<p><strong>Noua noastr\u0103 fabric\u0103 de spume PU din Spania<\/strong> va fi lider european \u00een materie de spume PU cu con\u021binut redus sau zero de MDI.<\/p>\n<p>Suntem primii produc\u0103tori din Europa care ofer\u0103 clien\u021bilor o gam\u0103 complet\u0103 de <strong>spume PU cu con\u021binut redus sau zero de MDI<\/strong>.<\/p>\n<p>\u00cen prezent, portofoliul Penosil include urm\u0103toarele spume cu con\u021binut redus sau zero de MDI:<\/p>\n<ul>\n<li>Spume tip spray<\/li>\n<li>Spume pentru pistol<\/li>\n<li>Spume cu aplicator tub<\/li>\n<\/ul>\n<p>\u00cen cur\u00e2nd vom introduce \u00een oferta noastr\u0103 de spume cu con\u021binut redus sau zero de MDI, spuma de pistol B2, spuma spray B2 \u0219i adeziv spum\u0103.<\/p>\n         <\/div>\n         <\/section>\n<\/main>\n\n<section class=\"pnsl-icon-hovers-block\" aria-label=\"Interactive Icon Navigation\">\n   <div class=\"container\">\n               <h2>Accesa\u021bi iconi\u021ba corespunz\u0103toare pentru a afla mai multe detalii.  <\/h2>\n         <\/div>\n\n         <div class=\"container icons-container\">\n         <ul class=\"icons d-flex align-items-center justify-content-center justify-content-lg-between flex-wrap\" role=\"list\">\n                                          <li class=\"icon\">\n                  <a href=\"https:\/\/penosil.com\/ro\/sustenabilitate\/durabilitate\/\"\n                     class=\"icon-link d-flex align-items-center justify-content-center\"\n                     style=\"--bg-color: #b7e4c7; --text-color: #ffffff\"\n                     >\n                     <span class=\"icon-image\" aria-hidden=\"true\">\n                        <img loading=\"lazy\" decoding=\"async\" src=\"https:\/\/penosil.com\/ro\/wp-content\/uploads\/sites\/8\/2024\/07\/Icons.svg\" width=\"68\" height=\"67\" alt=\"\">\n                     <\/span>\n                     <span class=\"icon-label\">Durabilitate<\/span>\n                  <\/a>\n               <\/li>\n                                          <li class=\"icon\">\n                  <a href=\"https:\/\/penosil.com\/ro\/sustenabilitate\/componente-sustenabile\/\"\n                     class=\"icon-link d-flex align-items-center justify-content-center\"\n                     style=\"--bg-color: #52b788; --text-color: #fff\"\n                     >\n                     <span class=\"icon-image\" aria-hidden=\"true\">\n                        <img loading=\"lazy\" decoding=\"async\" src=\"https:\/\/penosil.com\/ro\/wp-content\/uploads\/sites\/8\/2024\/07\/Group-409.svg\" width=\"72\" height=\"75\" alt=\"\">\n                     <\/span>\n                     <span class=\"icon-label\">Componenete sustenabile<\/span>\n                  <\/a>\n               <\/li>\n                                          <li class=\"icon\">\n                  <a href=\"https:\/\/penosil.com\/ro\/sustenabilitate\/energie-regenerabila\/\"\n                     class=\"icon-link d-flex align-items-center justify-content-center\"\n                     style=\"--bg-color: #40916c; --text-color: #fff\"\n                     >\n                     <span class=\"icon-image\" aria-hidden=\"true\">\n                        <img loading=\"lazy\" decoding=\"async\" src=\"https:\/\/penosil.com\/ro\/wp-content\/uploads\/sites\/8\/2024\/07\/48x48_Icons.svg\" width=\"76\" height=\"73\" alt=\"\">\n                     <\/span>\n                     <span class=\"icon-label\">Energie regenerabil\u0103<\/span>\n                  <\/a>\n               <\/li>\n                                          <li class=\"icon\">\n                  <a href=\"https:\/\/penosil.com\/ro\/sustenabilitate\/inovatie\/\"\n                     class=\"icon-link d-flex align-items-center justify-content-center\"\n                     style=\"--bg-color: #1b4332; --text-color: #fff\"\n                     >\n                     <span class=\"icon-image\" aria-hidden=\"true\">\n                        <img loading=\"lazy\" decoding=\"async\" src=\"https:\/\/penosil.com\/ro\/wp-content\/uploads\/sites\/8\/2024\/07\/Group-410.svg\" width=\"88\" height=\"94\" alt=\"\">\n                     <\/span>\n                     <span class=\"icon-label\">Inova\u021bie<\/span>\n                  <\/a>\n               <\/li>\n                                          <li class=\"icon\">\n                  <a href=\"https:\/\/penosil.com\/ro\/sustenabilitate\/managementul-deseurilor\/\"\n                     class=\"icon-link d-flex align-items-center justify-content-center\"\n                     style=\"--bg-color: #25a18e; --text-color: #fff\"\n                     >\n                     <span class=\"icon-image\" aria-hidden=\"true\">\n                        <img loading=\"lazy\" decoding=\"async\" src=\"https:\/\/penosil.com\/ro\/wp-content\/uploads\/sites\/8\/2024\/07\/Group-415.svg\" width=\"82\" height=\"75\" alt=\"\">\n                     <\/span>\n                     <span class=\"icon-label\">Waste Management<\/span>\n                  <\/a>\n               <\/li>\n                                          <li class=\"icon\">\n                  <a href=\"https:\/\/penosil.com\/ro\/sustenabilitate\/invizibile-dar-peste-tot\/\"\n                     class=\"icon-link d-flex align-items-center justify-content-center\"\n                     style=\"--bg-color: #007F5F; --text-color: #fff\"\n                     >\n                     <span class=\"icon-image\" aria-hidden=\"true\">\n                        <img loading=\"lazy\" decoding=\"async\" src=\"https:\/\/penosil.com\/ro\/wp-content\/uploads\/sites\/8\/2024\/07\/Group-393.svg\" width=\"87\" height=\"79\" alt=\"\">\n                     <\/span>\n                     <span class=\"icon-label\">Invizibili dar peste tot<\/span>\n                  <\/a>\n               <\/li>\n                     <\/ul>\n      <\/div>\n   <\/section>","protected":false},"excerpt":{"rendered":"","protected":false},"author":105,"featured_media":0,"parent":10674,"menu_order":0,"comment_status":"closed","ping_status":"closed","template":"page-templates\/template-no-title.php","meta":{"_acf_changed":false,"advgb_blocks_editor_width":"","advgb_blocks_columns_visual_guide":"","footnotes":""},"class_list":["post-10711","page","type-page","status-publish","hentry"],"acf":[],"yoast_head":"<!-- This site is optimized with the Yoast SEO plugin v27.2 - https:\/\/yoast.com\/product\/yoast-seo-wordpress\/ -->\n<title>Mediu \u00eenconjur\u0103tor mai sigur - Penosil Romania<\/title>\n<meta name=\"robots\" content=\"index, follow, max-snippet:-1, max-image-preview:large, max-video-preview:-1\" \/>\n<link rel=\"canonical\" href=\"https:\/\/penosil.com\/ro\/sustenabilitate\/mediu-inconjurator-mai-sigur\/\" \/>\n<meta property=\"og:locale\" content=\"ro_RO\" \/>\n<meta property=\"og:type\" content=\"article\" \/>\n<meta property=\"og:title\" content=\"Mediu \u00eenconjur\u0103tor mai sigur - Penosil Romania\" \/>\n<meta property=\"og:url\" content=\"https:\/\/penosil.com\/ro\/sustenabilitate\/mediu-inconjurator-mai-sigur\/\" \/>\n<meta property=\"og:site_name\" content=\"Penosil Romania\" \/>\n<meta property=\"article:modified_time\" content=\"2025-07-10T11:18:48+00:00\" \/>\n<meta name=\"twitter:card\" content=\"summary_large_image\" \/>\n<meta name=\"twitter:label1\" content=\"Timp estimat pentru citire\" \/>\n\t<meta name=\"twitter:data1\" content=\"4 minute\" \/>\n<script type=\"application\/ld+json\" class=\"yoast-schema-graph\">{\"@context\":\"https:\/\/schema.org\",\"@graph\":[{\"@type\":\"WebPage\",\"@id\":\"https:\/\/penosil.com\/ro\/sustenabilitate\/mediu-inconjurator-mai-sigur\/\",\"url\":\"https:\/\/penosil.com\/ro\/sustenabilitate\/mediu-inconjurator-mai-sigur\/\",\"name\":\"Mediu \u00eenconjur\u0103tor mai sigur - Penosil Romania\",\"isPartOf\":{\"@id\":\"https:\/\/penosil.com\/ro\/#website\"},\"datePublished\":\"2024-07-05T07:02:26+00:00\",\"dateModified\":\"2025-07-10T11:18:48+00:00\",\"breadcrumb\":{\"@id\":\"https:\/\/penosil.com\/ro\/sustenabilitate\/mediu-inconjurator-mai-sigur\/#breadcrumb\"},\"inLanguage\":\"ro-RO\",\"potentialAction\":[{\"@type\":\"ReadAction\",\"target\":[\"https:\/\/penosil.com\/ro\/sustenabilitate\/mediu-inconjurator-mai-sigur\/\"]}]},{\"@type\":\"BreadcrumbList\",\"@id\":\"https:\/\/penosil.com\/ro\/sustenabilitate\/mediu-inconjurator-mai-sigur\/#breadcrumb\",\"itemListElement\":[{\"@type\":\"ListItem\",\"position\":1,\"name\":\"Prima pagin\u0103\",\"item\":\"https:\/\/penosil.com\/ro\/\"},{\"@type\":\"ListItem\",\"position\":2,\"name\":\"Sustenabilitate\",\"item\":\"https:\/\/penosil.com\/ro\/sustenabilitate\/\"},{\"@type\":\"ListItem\",\"position\":3,\"name\":\"Mediu \u00eenconjur\u0103tor mai sigur\"}]},{\"@type\":\"WebSite\",\"@id\":\"https:\/\/penosil.com\/ro\/#website\",\"url\":\"https:\/\/penosil.com\/ro\/\",\"name\":\"Penosil Romania\",\"description\":\"\",\"potentialAction\":[{\"@type\":\"SearchAction\",\"target\":{\"@type\":\"EntryPoint\",\"urlTemplate\":\"https:\/\/penosil.com\/ro\/?s={search_term_string}\"},\"query-input\":{\"@type\":\"PropertyValueSpecification\",\"valueRequired\":true,\"valueName\":\"search_term_string\"}}],\"inLanguage\":\"ro-RO\"}]}<\/script>\n<!-- \/ Yoast SEO plugin. -->","yoast_head_json":{"title":"Mediu \u00eenconjur\u0103tor mai sigur - Penosil Romania","robots":{"index":"index","follow":"follow","max-snippet":"max-snippet:-1","max-image-preview":"max-image-preview:large","max-video-preview":"max-video-preview:-1"},"canonical":"https:\/\/penosil.com\/ro\/sustenabilitate\/mediu-inconjurator-mai-sigur\/","og_locale":"ro_RO","og_type":"article","og_title":"Mediu \u00eenconjur\u0103tor mai sigur - Penosil Romania","og_url":"https:\/\/penosil.com\/ro\/sustenabilitate\/mediu-inconjurator-mai-sigur\/","og_site_name":"Penosil Romania","article_modified_time":"2025-07-10T11:18:48+00:00","twitter_card":"summary_large_image","twitter_misc":{"Timp estimat pentru citire":"4 minute"},"schema":{"@context":"https:\/\/schema.org","@graph":[{"@type":"WebPage","@id":"https:\/\/penosil.com\/ro\/sustenabilitate\/mediu-inconjurator-mai-sigur\/","url":"https:\/\/penosil.com\/ro\/sustenabilitate\/mediu-inconjurator-mai-sigur\/","name":"Mediu \u00eenconjur\u0103tor mai sigur - Penosil Romania","isPartOf":{"@id":"https:\/\/penosil.com\/ro\/#website"},"datePublished":"2024-07-05T07:02:26+00:00","dateModified":"2025-07-10T11:18:48+00:00","breadcrumb":{"@id":"https:\/\/penosil.com\/ro\/sustenabilitate\/mediu-inconjurator-mai-sigur\/#breadcrumb"},"inLanguage":"ro-RO","potentialAction":[{"@type":"ReadAction","target":["https:\/\/penosil.com\/ro\/sustenabilitate\/mediu-inconjurator-mai-sigur\/"]}]},{"@type":"BreadcrumbList","@id":"https:\/\/penosil.com\/ro\/sustenabilitate\/mediu-inconjurator-mai-sigur\/#breadcrumb","itemListElement":[{"@type":"ListItem","position":1,"name":"Prima pagin\u0103","item":"https:\/\/penosil.com\/ro\/"},{"@type":"ListItem","position":2,"name":"Sustenabilitate","item":"https:\/\/penosil.com\/ro\/sustenabilitate\/"},{"@type":"ListItem","position":3,"name":"Mediu \u00eenconjur\u0103tor mai sigur"}]},{"@type":"WebSite","@id":"https:\/\/penosil.com\/ro\/#website","url":"https:\/\/penosil.com\/ro\/","name":"Penosil Romania","description":"","potentialAction":[{"@type":"SearchAction","target":{"@type":"EntryPoint","urlTemplate":"https:\/\/penosil.com\/ro\/?s={search_term_string}"},"query-input":{"@type":"PropertyValueSpecification","valueRequired":true,"valueName":"search_term_string"}}],"inLanguage":"ro-RO"}]}},"coauthors":[],"author_meta":{"author_link":"https:\/\/penosil.com\/ro\/author\/kevinreaktiiv\/","display_name":"kevinreaktiiv"},"relative_dates":{"created":"Posted 2 ani ago","modified":"Updated 9 luni ago"},"absolute_dates":{"created":"Posted on 5 iulie 2024","modified":"Updated on 10 iulie 2025"},"absolute_dates_time":{"created":"Posted on 5 iulie 2024 7:02","modified":"Updated on 10 iulie 2025 11:18"},"featured_img_caption":"","featured_img":false,"series_order":"","_links":{"self":[{"href":"https:\/\/penosil.com\/ro\/wp-json\/wp\/v2\/pages\/10711","targetHints":{"allow":["GET"]}}],"collection":[{"href":"https:\/\/penosil.com\/ro\/wp-json\/wp\/v2\/pages"}],"about":[{"href":"https:\/\/penosil.com\/ro\/wp-json\/wp\/v2\/types\/page"}],"author":[{"embeddable":true,"href":"https:\/\/penosil.com\/ro\/wp-json\/wp\/v2\/users\/105"}],"replies":[{"embeddable":true,"href":"https:\/\/penosil.com\/ro\/wp-json\/wp\/v2\/comments?post=10711"}],"version-history":[{"count":16,"href":"https:\/\/penosil.com\/ro\/wp-json\/wp\/v2\/pages\/10711\/revisions"}],"predecessor-version":[{"id":11754,"href":"https:\/\/penosil.com\/ro\/wp-json\/wp\/v2\/pages\/10711\/revisions\/11754"}],"up":[{"embeddable":true,"href":"https:\/\/penosil.com\/ro\/wp-json\/wp\/v2\/pages\/10674"}],"wp:attachment":[{"href":"https:\/\/penosil.com\/ro\/wp-json\/wp\/v2\/media?parent=10711"}],"curies":[{"name":"wp","href":"https:\/\/api.w.org\/{rel}","templated":true}]}}