{"id":10716,"date":"2024-07-05T07:03:42","date_gmt":"2024-07-05T07:03:42","guid":{"rendered":"https:\/\/penosil.com\/ro\/?page_id=10716"},"modified":"2025-08-04T13:48:29","modified_gmt":"2025-08-04T13:48:29","slug":"managementul-deseurilor","status":"publish","type":"page","link":"https:\/\/penosil.com\/ro\/sustenabilitate\/managementul-deseurilor\/","title":{"rendered":"Management al de\u0219eurilor"},"content":{"rendered":"<section class=\"pnsl-thin-banner-block\" style=\"background-color: #25a18e; color: #ffffff\" aria-label=\"Management al de\u0219eurilor\">\n   <div class=\"container d-flex flex-column flex-lg-row align-items-lg-center justify-content-between\">\n      <div class=\"text-wrap\">\n                     <h1>Management al de\u0219eurilor<\/h1>\n         \n                     <p>Obiectivul nostru este s\u0103 ne reducem, refolosim, recicl\u0103m \u0219i recuper\u0103m de\u0219eurile cu <strong>50%<\/strong> mai mult dec\u00e2t \u00een prezent p\u00e2n\u0103 \u00een <strong>2030<\/strong>.<\/p>\n               <\/div>\n\n               <div id=\"lottie-block_02d264c4a4b4f346aebac1ba96116e90\" class=\"lottie-animation\" data-path=\"https:\/\/penosil.com\/ro\/wp-content\/themes\/penosil-store\/assets\/lottie\/waste.json\" data-speed=\"0.75\" role=\"img\" aria-label=\"Decorative animation\"><\/div>\n         <\/div>\n<\/section>\n\n<section class=\"pnsl-waste-management-block d-flex flex-column\" aria-label=\"Waste Management Information\">\n         <div class=\"container accordion-container\">\n         <div class=\"accordion\" role=\"region\" aria-label=\"Waste management topics\">\n                                          <div class=\"item active\">\n                  <button type=\"button\" \n                     class=\"title-wrap d-flex align-items-center\" \n                     aria-expanded=\"true\"\n                     aria-controls=\"waste-panel-0\"\n                     id=\"waste-header-0\">\n                     <span class=\"number d-flex align-items-center justify-content-center\" aria-hidden=\"true\"><span>1<\/span><\/span>\n                     <span class=\"title d-flex align-items-center\">Reducem<\/span>\n                  <\/button>\n                  <div class=\"content\" \n                     id=\"waste-panel-0\" \n                     role=\"region\" \n                     aria-labelledby=\"waste-header-0\"\n                     >\n                     <ul>\n<li>Reducem \u00een mod constant impactul produselor noastre asupra mediului, \u00eenlocuind substan\u021be chimice periculoase cu unele neutre. \u00cen acest fel, <strong>reducem cantitatea de de\u0219euri periculoase<u>. <\/u><\/strong><\/li>\n<li>O modalitate de a reduce de\u0219eurile generate de ambalaje este s\u0103 <strong>m\u0103rim dimensiunile produselor<\/strong>. Multe dintre produsele Penosil sunt disponibile \u00een multiple op\u021biuni de ambalare.<\/li>\n<\/ul>\n\n                                             <div class=\"animation-wrap d-flex flex-column flex-lg-row align-items-center\" role=\"figure\" aria-label=\"Waste management process diagram\">\n                           <div class=\"image\">\n                              <img loading=\"lazy\" decoding=\"async\" src=\"https:\/\/penosil.com\/ro\/wp-content\/uploads\/sites\/8\/2024\/07\/Padrun_Foolium_video-1.png\" width=\"110\" height=\"165\" alt=\"iconita tub \u0219i tub \u00eenfoliat\">\n                           <\/div>\n\n                           <div class=\"gray-arrow d-flex align-items-center\" aria-hidden=\"true\">\n                              <div class=\"text\">\n                                 <ul>\n<li>Pe l\u00e2ng\u0103 tuburile de 300ml, mul\u021bi dintre etan\u0219an\u021bii no\u0219tri sunt disponibili \u0219i \u00een varianta ambalat\u0103 \u00een <strong>folie de 600ml<\/strong>.<\/li>\n<li>Ambalarea \u00een pachet de folie de 600ml reduce cantitatea de de\u0219euri generate de ambalaje cu <strong>75%<\/strong>.<\/li>\n<\/ul>\n                              <\/div>\n                           <\/div>\n                        <\/div>\n                        \n                                                   <div class=\"visually-hidden\">\n                              <ul>\n<li>Pe l\u00e2ng\u0103 tuburile de 300ml, mul\u021bi dintre etan\u0219an\u021bii no\u0219tri sunt disponibili \u0219i \u00een varianta ambalat\u0103 \u00een <strong>folie de 600ml<\/strong>.<\/li>\n<li>Ambalarea \u00een pachet de folie de 600ml reduce cantitatea de de\u0219euri generate de ambalaje cu <strong>75%<\/strong>.<\/li>\n<\/ul>\n                           <\/div>\n                                             \n                                             <ul>\n<li>Produsele pe baz\u0103 de ciment produc o cantitate mare de CO<sub>2<\/sub>. La Penosil, am dezvoltat mai multe<strong> formule de adezivi spum\u0103 care pot \u00eenlocui produsele pe baz\u0103 de ciment<\/strong>.<\/li>\n<\/ul>\n                     \n                                             <div class=\"border-red\" role=\"complementary\" aria-label=\"Important information\">\n                           <p>Un <strong>tub de 1l de spum\u0103 adeziv\u0103<\/strong> Penosil echivaleaz\u0103 cu <strong>25kg de ciment<\/strong>, ceea ce reduce amprenta de carbon generat\u0103 de transport.<\/p>\n<p>&nbsp;<\/p>\n<p><iframe loading=\"lazy\" title=\"YouTube video player\" src=\"https:\/\/www.youtube.com\/embed\/Jm62rASs4uc?si=CQIZdIVaAAVcYzMk\" width=\"560\" height=\"315\" frameborder=\"0\" allowfullscreen=\"allowfullscreen\"><\/iframe><\/p>\n                        <\/div>\n                                       <\/div>\n               <\/div>\n                                          <div class=\"item\">\n                  <button type=\"button\" \n                     class=\"title-wrap d-flex align-items-center\" \n                     aria-expanded=\"false\"\n                     aria-controls=\"waste-panel-1\"\n                     id=\"waste-header-1\">\n                     <span class=\"number d-flex align-items-center justify-content-center\" aria-hidden=\"true\"><span>2<\/span><\/span>\n                     <span class=\"title d-flex align-items-center\">Recicl\u0103m<\/span>\n                  <\/button>\n                  <div class=\"content\" \n                     id=\"waste-panel-1\" \n                     role=\"region\" \n                     aria-labelledby=\"waste-header-1\"\n                     hidden>\n                     <p>Fabricile noastre recicleaz\u0103 toate de\u0219eurile generate \u00een produc\u021bie. Majoritatea acestor de\u0219euri sunt reciclate de partenerii no\u0219tri externi \u00een facilit\u0103\u021bile lor. Totu\u0219i, <strong>dezvolt\u0103m \u00een mod constant metode noi de a recicla mai multe de\u0219euri \u00een regie proprie.<\/strong><\/p>\n<ul>\n<li>Optimiz\u0103m mereu procesele de produc\u021bie a etan\u0219an\u021bilor no\u0219tri. Astfel, <strong>am redus cantitatea de materii prime reziduale<\/strong> folosindu-le \u00een formule pentru alte produse.<\/li>\n<li>De asemenea, c\u0103ut\u0103m mereu metode de a refolosi siliconul uscat \u0219i de\u0219eurile hibride. De exemplu, \u00een colaborare cu universit\u0103\u021bi, explor\u0103m metode de a utiliza <strong>siliconul uscat \u0219i de\u0219eurile hibride<\/strong> ca materii prime pentru alte tipuri de proiecte, precum construirea de \u0219osele, producerea de asfalt sau ciment.<\/li>\n<\/ul>\n\n                     \n                     \n                                       <\/div>\n               <\/div>\n                                          <div class=\"item\">\n                  <button type=\"button\" \n                     class=\"title-wrap d-flex align-items-center\" \n                     aria-expanded=\"false\"\n                     aria-controls=\"waste-panel-2\"\n                     id=\"waste-header-2\">\n                     <span class=\"number d-flex align-items-center justify-content-center\" aria-hidden=\"true\"><span>3<\/span><\/span>\n                     <span class=\"title d-flex align-items-center\">Refolosim<\/span>\n                  <\/button>\n                  <div class=\"content\" \n                     id=\"waste-panel-2\" \n                     role=\"region\" \n                     aria-labelledby=\"waste-header-2\"\n                     hidden>\n                     <p>Din 2021, am folosit <strong>100% din cantitatea de de\u0219euri din plastic<\/strong> pentru a produce unelte Penosil \u0219i componente de plastic.<\/p>\n<ul>\n<li>De exemplu, <strong>spatula patentat\u0103 Penosil<\/strong> este produs\u0103 din de\u0219eurile noastre de plastic.<\/li>\n<\/ul>\n<p><img loading=\"lazy\" decoding=\"async\" class=\"\" src=\"https:\/\/penosil.com\/ro\/wp-content\/uploads\/sites\/8\/2025\/07\/Spatula-B.png\" width=\"58\" height=\"50\" \/><\/p>\n<ul>\n<li>\u00cen prezent, test\u0103m \u0219i folosirea plasticului RPL pentru adaptorul de spum\u0103 \u0219i pentru produc\u021bia de aplicatoare tub.<\/li>\n<\/ul>\n\n                     \n                     \n                                       <\/div>\n               <\/div>\n                     <\/div>\n      <\/div>\n   <\/section>\n\n<section class=\"pnsl-icon-hovers-block\" aria-label=\"Interactive Icon Navigation\">\n   <div class=\"container\">\n               <h2>Accesa\u021bi iconi\u021ba corespunz\u0103toare pentru a afla mai multe detalii.  <\/h2>\n         <\/div>\n\n         <div class=\"container icons-container\">\n         <ul class=\"icons d-flex align-items-center justify-content-center justify-content-lg-between flex-wrap\" role=\"list\">\n                                          <li class=\"icon\">\n                  <a href=\"https:\/\/penosil.com\/ro\/sustenabilitate\/durabilitate\/\"\n                     class=\"icon-link d-flex align-items-center justify-content-center\"\n                     style=\"--bg-color: #b7e4c7; --text-color: #ffffff\"\n                     >\n                     <span class=\"icon-image\" aria-hidden=\"true\">\n                        <img loading=\"lazy\" decoding=\"async\" src=\"https:\/\/penosil.com\/ro\/wp-content\/uploads\/sites\/8\/2024\/07\/Icons.svg\" width=\"68\" height=\"67\" alt=\"\">\n                     <\/span>\n                     <span class=\"icon-label\">Durabilitate<\/span>\n                  <\/a>\n               <\/li>\n                                          <li class=\"icon\">\n                  <a href=\"https:\/\/penosil.com\/ro\/sustenabilitate\/componente-sustenabile\/\"\n                     class=\"icon-link d-flex align-items-center justify-content-center\"\n                     style=\"--bg-color: #52b788; --text-color: #fff\"\n                     >\n                     <span class=\"icon-image\" aria-hidden=\"true\">\n                        <img loading=\"lazy\" decoding=\"async\" src=\"https:\/\/penosil.com\/ro\/wp-content\/uploads\/sites\/8\/2024\/07\/Group-409.svg\" width=\"72\" height=\"75\" alt=\"\">\n                     <\/span>\n                     <span class=\"icon-label\">Componente sustenabile<\/span>\n                  <\/a>\n               <\/li>\n                                          <li class=\"icon\">\n                  <a href=\"https:\/\/penosil.com\/ro\/sustenabilitate\/energie-regenerabila\/\"\n                     class=\"icon-link d-flex align-items-center justify-content-center\"\n                     style=\"--bg-color: #40916c; --text-color: #fff\"\n                     >\n                     <span class=\"icon-image\" aria-hidden=\"true\">\n                        <img loading=\"lazy\" decoding=\"async\" src=\"https:\/\/penosil.com\/ro\/wp-content\/uploads\/sites\/8\/2024\/07\/48x48_Icons.svg\" width=\"76\" height=\"73\" alt=\"\">\n                     <\/span>\n                     <span class=\"icon-label\">Energie regenerabil\u0103<\/span>\n                  <\/a>\n               <\/li>\n                                          <li class=\"icon\">\n                  <a href=\"https:\/\/penosil.com\/ro\/sustenabilitate\/inovatie\/\"\n                     class=\"icon-link d-flex align-items-center justify-content-center\"\n                     style=\"--bg-color: #1b4332; --text-color: #fff\"\n                     >\n                     <span class=\"icon-image\" aria-hidden=\"true\">\n                        <img loading=\"lazy\" decoding=\"async\" src=\"https:\/\/penosil.com\/ro\/wp-content\/uploads\/sites\/8\/2024\/07\/Group-410.svg\" width=\"88\" height=\"94\" alt=\"\">\n                     <\/span>\n                     <span class=\"icon-label\">Inova\u021bie<\/span>\n                  <\/a>\n               <\/li>\n                                          <li class=\"icon\">\n                  <a href=\"https:\/\/penosil.com\/ro\/sustenabilitate\/mediu-inconjurator-mai-sigur\/\"\n                     class=\"icon-link d-flex align-items-center justify-content-center\"\n                     style=\"--bg-color: #426a5a; --text-color: #fff\"\n                     >\n                     <span class=\"icon-image\" aria-hidden=\"true\">\n                        <img loading=\"lazy\" decoding=\"async\" src=\"https:\/\/penosil.com\/ro\/wp-content\/uploads\/sites\/8\/2024\/07\/Group-416.svg\" width=\"79\" height=\"90\" alt=\"\">\n                     <\/span>\n                     <span class=\"icon-label\">Mediu \u00eenconjur\u0103tor mai sigur<\/span>\n                  <\/a>\n               <\/li>\n                                          <li class=\"icon\">\n                  <a href=\"https:\/\/penosil.com\/ro\/sustenabilitate\/invizibile-dar-peste-tot\/\"\n                     class=\"icon-link d-flex align-items-center justify-content-center\"\n                     style=\"--bg-color: #007F5F; --text-color: #fff\"\n                     >\n                     <span class=\"icon-image\" aria-hidden=\"true\">\n                        <img loading=\"lazy\" decoding=\"async\" src=\"https:\/\/penosil.com\/ro\/wp-content\/uploads\/sites\/8\/2024\/07\/Group-393.svg\" width=\"87\" height=\"79\" alt=\"\">\n                     <\/span>\n                     <span class=\"icon-label\">Invizibili dar peste tot<\/span>\n                  <\/a>\n               <\/li>\n                     <\/ul>\n      <\/div>\n   <\/section>","protected":false},"excerpt":{"rendered":"","protected":false},"author":105,"featured_media":0,"parent":10674,"menu_order":0,"comment_status":"closed","ping_status":"closed","template":"page-templates\/template-no-title.php","meta":{"_acf_changed":false,"advgb_blocks_editor_width":"","advgb_blocks_columns_visual_guide":"","footnotes":""},"class_list":["post-10716","page","type-page","status-publish","hentry"],"acf":[],"yoast_head":"<!-- This site is optimized with the Yoast SEO plugin v27.2 - https:\/\/yoast.com\/product\/yoast-seo-wordpress\/ -->\n<title>Management al de\u0219eurilor - Penosil Romania<\/title>\n<meta name=\"robots\" content=\"index, follow, max-snippet:-1, max-image-preview:large, max-video-preview:-1\" \/>\n<link rel=\"canonical\" href=\"https:\/\/penosil.com\/ro\/sustenabilitate\/managementul-deseurilor\/\" \/>\n<meta property=\"og:locale\" content=\"ro_RO\" \/>\n<meta property=\"og:type\" content=\"article\" \/>\n<meta property=\"og:title\" content=\"Management al de\u0219eurilor - Penosil Romania\" \/>\n<meta property=\"og:url\" content=\"https:\/\/penosil.com\/ro\/sustenabilitate\/managementul-deseurilor\/\" \/>\n<meta property=\"og:site_name\" content=\"Penosil Romania\" \/>\n<meta property=\"article:modified_time\" content=\"2025-08-04T13:48:29+00:00\" \/>\n<meta name=\"twitter:card\" content=\"summary_large_image\" \/>\n<meta name=\"twitter:label1\" content=\"Timp estimat pentru citire\" \/>\n\t<meta name=\"twitter:data1\" content=\"4 minute\" \/>\n<script type=\"application\/ld+json\" class=\"yoast-schema-graph\">{\"@context\":\"https:\/\/schema.org\",\"@graph\":[{\"@type\":\"WebPage\",\"@id\":\"https:\/\/penosil.com\/ro\/sustenabilitate\/managementul-deseurilor\/\",\"url\":\"https:\/\/penosil.com\/ro\/sustenabilitate\/managementul-deseurilor\/\",\"name\":\"Management al de\u0219eurilor - Penosil Romania\",\"isPartOf\":{\"@id\":\"https:\/\/penosil.com\/ro\/#website\"},\"datePublished\":\"2024-07-05T07:03:42+00:00\",\"dateModified\":\"2025-08-04T13:48:29+00:00\",\"breadcrumb\":{\"@id\":\"https:\/\/penosil.com\/ro\/sustenabilitate\/managementul-deseurilor\/#breadcrumb\"},\"inLanguage\":\"ro-RO\",\"potentialAction\":[{\"@type\":\"ReadAction\",\"target\":[\"https:\/\/penosil.com\/ro\/sustenabilitate\/managementul-deseurilor\/\"]}]},{\"@type\":\"BreadcrumbList\",\"@id\":\"https:\/\/penosil.com\/ro\/sustenabilitate\/managementul-deseurilor\/#breadcrumb\",\"itemListElement\":[{\"@type\":\"ListItem\",\"position\":1,\"name\":\"Prima pagin\u0103\",\"item\":\"https:\/\/penosil.com\/ro\/\"},{\"@type\":\"ListItem\",\"position\":2,\"name\":\"Sustenabilitate\",\"item\":\"https:\/\/penosil.com\/ro\/sustenabilitate\/\"},{\"@type\":\"ListItem\",\"position\":3,\"name\":\"Management al de\u0219eurilor\"}]},{\"@type\":\"WebSite\",\"@id\":\"https:\/\/penosil.com\/ro\/#website\",\"url\":\"https:\/\/penosil.com\/ro\/\",\"name\":\"Penosil Romania\",\"description\":\"\",\"potentialAction\":[{\"@type\":\"SearchAction\",\"target\":{\"@type\":\"EntryPoint\",\"urlTemplate\":\"https:\/\/penosil.com\/ro\/?s={search_term_string}\"},\"query-input\":{\"@type\":\"PropertyValueSpecification\",\"valueRequired\":true,\"valueName\":\"search_term_string\"}}],\"inLanguage\":\"ro-RO\"}]}<\/script>\n<!-- \/ Yoast SEO plugin. -->","yoast_head_json":{"title":"Management al de\u0219eurilor - Penosil Romania","robots":{"index":"index","follow":"follow","max-snippet":"max-snippet:-1","max-image-preview":"max-image-preview:large","max-video-preview":"max-video-preview:-1"},"canonical":"https:\/\/penosil.com\/ro\/sustenabilitate\/managementul-deseurilor\/","og_locale":"ro_RO","og_type":"article","og_title":"Management al de\u0219eurilor - Penosil Romania","og_url":"https:\/\/penosil.com\/ro\/sustenabilitate\/managementul-deseurilor\/","og_site_name":"Penosil Romania","article_modified_time":"2025-08-04T13:48:29+00:00","twitter_card":"summary_large_image","twitter_misc":{"Timp estimat pentru citire":"4 minute"},"schema":{"@context":"https:\/\/schema.org","@graph":[{"@type":"WebPage","@id":"https:\/\/penosil.com\/ro\/sustenabilitate\/managementul-deseurilor\/","url":"https:\/\/penosil.com\/ro\/sustenabilitate\/managementul-deseurilor\/","name":"Management al de\u0219eurilor - Penosil Romania","isPartOf":{"@id":"https:\/\/penosil.com\/ro\/#website"},"datePublished":"2024-07-05T07:03:42+00:00","dateModified":"2025-08-04T13:48:29+00:00","breadcrumb":{"@id":"https:\/\/penosil.com\/ro\/sustenabilitate\/managementul-deseurilor\/#breadcrumb"},"inLanguage":"ro-RO","potentialAction":[{"@type":"ReadAction","target":["https:\/\/penosil.com\/ro\/sustenabilitate\/managementul-deseurilor\/"]}]},{"@type":"BreadcrumbList","@id":"https:\/\/penosil.com\/ro\/sustenabilitate\/managementul-deseurilor\/#breadcrumb","itemListElement":[{"@type":"ListItem","position":1,"name":"Prima pagin\u0103","item":"https:\/\/penosil.com\/ro\/"},{"@type":"ListItem","position":2,"name":"Sustenabilitate","item":"https:\/\/penosil.com\/ro\/sustenabilitate\/"},{"@type":"ListItem","position":3,"name":"Management al de\u0219eurilor"}]},{"@type":"WebSite","@id":"https:\/\/penosil.com\/ro\/#website","url":"https:\/\/penosil.com\/ro\/","name":"Penosil Romania","description":"","potentialAction":[{"@type":"SearchAction","target":{"@type":"EntryPoint","urlTemplate":"https:\/\/penosil.com\/ro\/?s={search_term_string}"},"query-input":{"@type":"PropertyValueSpecification","valueRequired":true,"valueName":"search_term_string"}}],"inLanguage":"ro-RO"}]}},"coauthors":[],"author_meta":{"author_link":"https:\/\/penosil.com\/ro\/author\/kevinreaktiiv\/","display_name":"kevinreaktiiv"},"relative_dates":{"created":"Posted 2 ani ago","modified":"Updated 8 luni ago"},"absolute_dates":{"created":"Posted on 5 iulie 2024","modified":"Updated on 4 august 2025"},"absolute_dates_time":{"created":"Posted on 5 iulie 2024 7:03","modified":"Updated on 4 august 2025 13:48"},"featured_img_caption":"","featured_img":false,"series_order":"","_links":{"self":[{"href":"https:\/\/penosil.com\/ro\/wp-json\/wp\/v2\/pages\/10716","targetHints":{"allow":["GET"]}}],"collection":[{"href":"https:\/\/penosil.com\/ro\/wp-json\/wp\/v2\/pages"}],"about":[{"href":"https:\/\/penosil.com\/ro\/wp-json\/wp\/v2\/types\/page"}],"author":[{"embeddable":true,"href":"https:\/\/penosil.com\/ro\/wp-json\/wp\/v2\/users\/105"}],"replies":[{"embeddable":true,"href":"https:\/\/penosil.com\/ro\/wp-json\/wp\/v2\/comments?post=10716"}],"version-history":[{"count":15,"href":"https:\/\/penosil.com\/ro\/wp-json\/wp\/v2\/pages\/10716\/revisions"}],"predecessor-version":[{"id":11785,"href":"https:\/\/penosil.com\/ro\/wp-json\/wp\/v2\/pages\/10716\/revisions\/11785"}],"up":[{"embeddable":true,"href":"https:\/\/penosil.com\/ro\/wp-json\/wp\/v2\/pages\/10674"}],"wp:attachment":[{"href":"https:\/\/penosil.com\/ro\/wp-json\/wp\/v2\/media?parent=10716"}],"curies":[{"name":"wp","href":"https:\/\/api.w.org\/{rel}","templated":true}]}}