{"id":11128,"date":"2024-09-25T08:47:43","date_gmt":"2024-09-25T08:47:43","guid":{"rendered":"https:\/\/penosil.com\/ro\/?page_id=11128"},"modified":"2025-02-07T09:22:11","modified_gmt":"2025-02-07T09:22:11","slug":"intrebari-si-raspunsuri-referitoare-la-comenzile-din-magazinul-online-penosil","status":"publish","type":"page","link":"https:\/\/penosil.com\/ro\/etansanti\/intrebari-si-raspunsuri-referitoare-la-comenzile-din-magazinul-online-penosil\/","title":{"rendered":"Urm\u0103rirea comenzilor \u00een magazinul online Penosil &#8211; FAQ"},"content":{"rendered":"\n<h6 class=\"wp-block-heading\">C\u00e2nd se livreaz\u0103 comanda mea?<\/h6>\n\n\n\n<p>Timpul de livrare a comenzii tale depinde de metoda de livrare pe care ai selectat-o c\u00e2nd ai plasat comanda. Uneori este posibil ca timpul de livrare s\u0103 se prelungeasc\u0103 cu o zi sau dou\u0103 din cauza volumelor mari de livr\u0103ri care se \u00eenregistreaz\u0103 \u00een anumite perioade (Black Friday, Cr\u0103ciun sau alte perioade de reduceri), sau atunci c\u00e2nd adresa de livrare se afl\u0103 \u00eentr-o localitate \u00eendep\u0103rtat\u0103.<\/p>\n\n\n\n<h6 class=\"wp-block-heading\">Cum \u00eemi pot urm\u0103ri comanda?<\/h6>\n\n\n\n<p>Po\u021bi urm\u0103ri progresul comenzii tale pe harta de mai sus. Dac\u0103 dai click pe num\u0103rul de livrare de sub hart\u0103, vei putea vedea exact \u00een ce stadiu se afl\u0103 livrarea ta.<\/p>\n\n\n\n<h6 class=\"wp-block-heading\">Ce pot face \u00een cazul \u00een care comanda \u00eent\u00e2rzie?<\/h6>\n\n\n\n<p>De\u0219i se \u00eent\u00e2mpl\u0103 destul de rar, este posibil ca livrarea s\u0103 \u00eent\u00e2rzie. De cele mai multe ori acest lucru este cauzat de num\u0103rul mare de livr\u0103ri \u00eenregistrat de curier \u00eentr-o anumit\u0103 perioad\u0103. \u00cen 99% din cazuri, comanda ta va fi livrat\u0103 cu maxim 2 zile \u00eent\u00e2rziere fa\u021b\u0103 de data estimat\u0103 initial, f\u0103r\u0103 s\u0103 fie necesar ca tu s\u0103 ac\u021bionezi \u00een vreun fel. \u00cen caz c\u0103 apar probleme cu livrarea ta, vei primi o notificare pe pagina de urm\u0103rire a comenzii. \u00cen cazul \u00een care comanda ta nu este livrat\u0103 nici dup\u0103 dou\u0103 zile de \u00eent\u00e2rziere, sau dac\u0103 apare vreo situa\u021bie pe care nu o po\u021bi rezolva urm\u00e2nd instruc\u021biunile primite, te rug\u0103m s\u0103 ne contactezi.<\/p>\n\n\n\n<h6 class=\"wp-block-heading\">Pot s\u0103 modific comanda?<\/h6>\n\n\n\n<p>Ne dorim ca tu s\u0103-\u021bi prime\u0219ti comanda c\u00e2t mai repede posibil. De aceea, la doar c\u00e2teva minute de la plasarea comenzii, angaja\u021bii din depozitul nostru \u00eencep deja s\u0103 ambaleze coletul pentru livrare rapid\u0103. De aceea, nu este posibil s\u0103 modifici comanda deja plasat\u0103. Dac\u0103 dore\u0219ti s\u0103 adaugi \u0219i alte produse, te rug\u0103m s\u0103 plasezi o nou\u0103 comand\u0103.<\/p>\n","protected":false},"excerpt":{"rendered":"C\u00e2nd se livreaz\u0103 comanda mea? Timpul de livrare a comenzii tale depinde de metoda de livrare pe care ai selectat-o c\u00e2nd ai plasat comanda. Uneori este posibil ca timpul de livrare s\u0103 se prelungeasc\u0103 cu o zi sau dou\u0103 din cauza volumelor mari de livr\u0103ri care se \u00eenregistreaz\u0103 \u00een anumite perioade (Black Friday, Cr\u0103ciun sau [&hellip;]","protected":false},"author":242,"featured_media":0,"parent":6573,"menu_order":0,"comment_status":"closed","ping_status":"closed","template":"","meta":{"_acf_changed":false,"advgb_blocks_editor_width":"","advgb_blocks_columns_visual_guide":"","footnotes":""},"class_list":["post-11128","page","type-page","status-publish","hentry"],"acf":[],"yoast_head":"<!-- This site is optimized with the Yoast SEO plugin v27.2 - https:\/\/yoast.com\/product\/yoast-seo-wordpress\/ -->\n<title>Urm\u0103rirea comenzilor \u00een magazinul online Penosil - FAQ - Penosil Romania<\/title>\n<meta name=\"robots\" content=\"index, follow, max-snippet:-1, max-image-preview:large, max-video-preview:-1\" \/>\n<link rel=\"canonical\" href=\"https:\/\/penosil.com\/ro\/etansanti\/intrebari-si-raspunsuri-referitoare-la-comenzile-din-magazinul-online-penosil\/\" \/>\n<meta property=\"og:locale\" content=\"ro_RO\" \/>\n<meta property=\"og:type\" content=\"article\" \/>\n<meta property=\"og:title\" content=\"Urm\u0103rirea comenzilor \u00een magazinul online Penosil - FAQ - Penosil Romania\" \/>\n<meta property=\"og:description\" content=\"C\u00e2nd se livreaz\u0103 comanda mea? Timpul de livrare a comenzii tale depinde de metoda de livrare pe care ai selectat-o c\u00e2nd ai plasat comanda. Uneori este posibil ca timpul de livrare s\u0103 se prelungeasc\u0103 cu o zi sau dou\u0103 din cauza volumelor mari de livr\u0103ri care se \u00eenregistreaz\u0103 \u00een anumite perioade (Black Friday, Cr\u0103ciun sau [&hellip;]\" \/>\n<meta property=\"og:url\" content=\"https:\/\/penosil.com\/ro\/etansanti\/intrebari-si-raspunsuri-referitoare-la-comenzile-din-magazinul-online-penosil\/\" \/>\n<meta property=\"og:site_name\" content=\"Penosil Romania\" \/>\n<meta property=\"article:modified_time\" content=\"2025-02-07T09:22:11+00:00\" \/>\n<meta name=\"twitter:card\" content=\"summary_large_image\" \/>\n<meta name=\"twitter:label1\" content=\"Timp estimat pentru citire\" \/>\n\t<meta name=\"twitter:data1\" content=\"2 minute\" \/>\n<script type=\"application\/ld+json\" class=\"yoast-schema-graph\">{\"@context\":\"https:\/\/schema.org\",\"@graph\":[{\"@type\":\"WebPage\",\"@id\":\"https:\/\/penosil.com\/ro\/etansanti\/intrebari-si-raspunsuri-referitoare-la-comenzile-din-magazinul-online-penosil\/\",\"url\":\"https:\/\/penosil.com\/ro\/etansanti\/intrebari-si-raspunsuri-referitoare-la-comenzile-din-magazinul-online-penosil\/\",\"name\":\"Urm\u0103rirea comenzilor \u00een magazinul online Penosil - FAQ - Penosil Romania\",\"isPartOf\":{\"@id\":\"https:\/\/penosil.com\/ro\/#website\"},\"datePublished\":\"2024-09-25T08:47:43+00:00\",\"dateModified\":\"2025-02-07T09:22:11+00:00\",\"breadcrumb\":{\"@id\":\"https:\/\/penosil.com\/ro\/etansanti\/intrebari-si-raspunsuri-referitoare-la-comenzile-din-magazinul-online-penosil\/#breadcrumb\"},\"inLanguage\":\"ro-RO\",\"potentialAction\":[{\"@type\":\"ReadAction\",\"target\":[\"https:\/\/penosil.com\/ro\/etansanti\/intrebari-si-raspunsuri-referitoare-la-comenzile-din-magazinul-online-penosil\/\"]}]},{\"@type\":\"BreadcrumbList\",\"@id\":\"https:\/\/penosil.com\/ro\/etansanti\/intrebari-si-raspunsuri-referitoare-la-comenzile-din-magazinul-online-penosil\/#breadcrumb\",\"itemListElement\":[{\"@type\":\"ListItem\",\"position\":1,\"name\":\"Prima pagin\u0103\",\"item\":\"https:\/\/penosil.com\/ro\/\"},{\"@type\":\"ListItem\",\"position\":2,\"name\":\"Produse\",\"item\":\"https:\/\/penosil.com\/ro\/etansanti\/\"},{\"@type\":\"ListItem\",\"position\":3,\"name\":\"Urm\u0103rirea comenzilor \u00een magazinul online Penosil &#8211; FAQ\"}]},{\"@type\":\"WebSite\",\"@id\":\"https:\/\/penosil.com\/ro\/#website\",\"url\":\"https:\/\/penosil.com\/ro\/\",\"name\":\"Penosil Romania\",\"description\":\"\",\"potentialAction\":[{\"@type\":\"SearchAction\",\"target\":{\"@type\":\"EntryPoint\",\"urlTemplate\":\"https:\/\/penosil.com\/ro\/?s={search_term_string}\"},\"query-input\":{\"@type\":\"PropertyValueSpecification\",\"valueRequired\":true,\"valueName\":\"search_term_string\"}}],\"inLanguage\":\"ro-RO\"}]}<\/script>\n<!-- \/ Yoast SEO plugin. -->","yoast_head_json":{"title":"Urm\u0103rirea comenzilor \u00een magazinul online Penosil - FAQ - Penosil Romania","robots":{"index":"index","follow":"follow","max-snippet":"max-snippet:-1","max-image-preview":"max-image-preview:large","max-video-preview":"max-video-preview:-1"},"canonical":"https:\/\/penosil.com\/ro\/etansanti\/intrebari-si-raspunsuri-referitoare-la-comenzile-din-magazinul-online-penosil\/","og_locale":"ro_RO","og_type":"article","og_title":"Urm\u0103rirea comenzilor \u00een magazinul online Penosil - FAQ - Penosil Romania","og_description":"C\u00e2nd se livreaz\u0103 comanda mea? Timpul de livrare a comenzii tale depinde de metoda de livrare pe care ai selectat-o c\u00e2nd ai plasat comanda. Uneori este posibil ca timpul de livrare s\u0103 se prelungeasc\u0103 cu o zi sau dou\u0103 din cauza volumelor mari de livr\u0103ri care se \u00eenregistreaz\u0103 \u00een anumite perioade (Black Friday, Cr\u0103ciun sau [&hellip;]","og_url":"https:\/\/penosil.com\/ro\/etansanti\/intrebari-si-raspunsuri-referitoare-la-comenzile-din-magazinul-online-penosil\/","og_site_name":"Penosil Romania","article_modified_time":"2025-02-07T09:22:11+00:00","twitter_card":"summary_large_image","twitter_misc":{"Timp estimat pentru citire":"2 minute"},"schema":{"@context":"https:\/\/schema.org","@graph":[{"@type":"WebPage","@id":"https:\/\/penosil.com\/ro\/etansanti\/intrebari-si-raspunsuri-referitoare-la-comenzile-din-magazinul-online-penosil\/","url":"https:\/\/penosil.com\/ro\/etansanti\/intrebari-si-raspunsuri-referitoare-la-comenzile-din-magazinul-online-penosil\/","name":"Urm\u0103rirea comenzilor \u00een magazinul online Penosil - FAQ - Penosil Romania","isPartOf":{"@id":"https:\/\/penosil.com\/ro\/#website"},"datePublished":"2024-09-25T08:47:43+00:00","dateModified":"2025-02-07T09:22:11+00:00","breadcrumb":{"@id":"https:\/\/penosil.com\/ro\/etansanti\/intrebari-si-raspunsuri-referitoare-la-comenzile-din-magazinul-online-penosil\/#breadcrumb"},"inLanguage":"ro-RO","potentialAction":[{"@type":"ReadAction","target":["https:\/\/penosil.com\/ro\/etansanti\/intrebari-si-raspunsuri-referitoare-la-comenzile-din-magazinul-online-penosil\/"]}]},{"@type":"BreadcrumbList","@id":"https:\/\/penosil.com\/ro\/etansanti\/intrebari-si-raspunsuri-referitoare-la-comenzile-din-magazinul-online-penosil\/#breadcrumb","itemListElement":[{"@type":"ListItem","position":1,"name":"Prima pagin\u0103","item":"https:\/\/penosil.com\/ro\/"},{"@type":"ListItem","position":2,"name":"Produse","item":"https:\/\/penosil.com\/ro\/etansanti\/"},{"@type":"ListItem","position":3,"name":"Urm\u0103rirea comenzilor \u00een magazinul online Penosil &#8211; FAQ"}]},{"@type":"WebSite","@id":"https:\/\/penosil.com\/ro\/#website","url":"https:\/\/penosil.com\/ro\/","name":"Penosil Romania","description":"","potentialAction":[{"@type":"SearchAction","target":{"@type":"EntryPoint","urlTemplate":"https:\/\/penosil.com\/ro\/?s={search_term_string}"},"query-input":{"@type":"PropertyValueSpecification","valueRequired":true,"valueName":"search_term_string"}}],"inLanguage":"ro-RO"}]}},"coauthors":[],"author_meta":{"author_link":"https:\/\/penosil.com\/ro\/author\/sorina\/","display_name":"sorina"},"relative_dates":{"created":"Posted 2 ani ago","modified":"Updated 1 an ago"},"absolute_dates":{"created":"Posted on 25 septembrie 2024","modified":"Updated on 7 februarie 2025"},"absolute_dates_time":{"created":"Posted on 25 septembrie 2024 8:47","modified":"Updated on 7 februarie 2025 9:22"},"featured_img_caption":"","featured_img":false,"series_order":"","_links":{"self":[{"href":"https:\/\/penosil.com\/ro\/wp-json\/wp\/v2\/pages\/11128","targetHints":{"allow":["GET"]}}],"collection":[{"href":"https:\/\/penosil.com\/ro\/wp-json\/wp\/v2\/pages"}],"about":[{"href":"https:\/\/penosil.com\/ro\/wp-json\/wp\/v2\/types\/page"}],"author":[{"embeddable":true,"href":"https:\/\/penosil.com\/ro\/wp-json\/wp\/v2\/users\/242"}],"replies":[{"embeddable":true,"href":"https:\/\/penosil.com\/ro\/wp-json\/wp\/v2\/comments?post=11128"}],"version-history":[{"count":3,"href":"https:\/\/penosil.com\/ro\/wp-json\/wp\/v2\/pages\/11128\/revisions"}],"predecessor-version":[{"id":11341,"href":"https:\/\/penosil.com\/ro\/wp-json\/wp\/v2\/pages\/11128\/revisions\/11341"}],"up":[{"embeddable":true,"href":"https:\/\/penosil.com\/ro\/wp-json\/wp\/v2\/pages\/6573"}],"wp:attachment":[{"href":"https:\/\/penosil.com\/ro\/wp-json\/wp\/v2\/media?parent=11128"}],"curies":[{"name":"wp","href":"https:\/\/api.w.org\/{rel}","templated":true}]}}