{"id":11130,"date":"2024-09-25T08:58:48","date_gmt":"2024-09-25T08:58:48","guid":{"rendered":"https:\/\/penosil.com\/ro\/?page_id=11130"},"modified":"2025-02-07T09:19:06","modified_gmt":"2025-02-07T09:19:06","slug":"intrebari-si-raspunsuri-referitoare-la-posibilitatea-de-retur-in-magazinul-online-penosil","status":"publish","type":"page","link":"https:\/\/penosil.com\/ro\/intrebari-si-raspunsuri-referitoare-la-posibilitatea-de-retur-in-magazinul-online-penosil\/","title":{"rendered":"Politica de retur &#8211; FAQ"},"content":{"rendered":"\n<h6 class=\"wp-block-heading\">Cum pot returna un produs?<\/h6>\n\n\n\n<p>Pentru a returna un produs trebuie s\u0103 te loghezi \u00een platform\u0103 \u0219i s\u0103 accesezi butonul \u201cReturneaz\u0103\u201d din dreptul produsului pe care dore\u0219ti s\u0103-l returnezi (dac\u0103 dore\u0219ti s\u0103 returnezi mai multe produse, le po\u021bi selecta \u00een pasul urm\u0103tor). Apoi vei fi ghidat pas cu pas p\u00e2n\u0103 la finalul procesului.<\/p>\n\n\n\n<h6 class=\"wp-block-heading\">Returul va fi preluat de curier?<\/h6>\n\n\n\n<p>Vei primi instruc\u021biuni complete legate de procesul de retur c\u0103tre curier \u00een momentul \u00een care te apropii de finalizarea procesului de retur. \u00a0\u00a0<\/p>\n\n\n\n<h6 class=\"wp-block-heading\">C\u00e2t timp va dura p\u00e2n\u0103 primesc banii \u00eenapoi?<\/h6>\n\n\n\n<p>Dup\u0103 ce primim marfa returnat\u0103 (de obicei acest lucru dureaz\u0103 \u00eentre 24 \u0219i 72 de ore), vom procesa imediat returul \u0219i v\u0103 vom returna banii. De obicei, procesul de returnare a banilor va mai dura \u00eenc\u0103 o zi sau dou\u0103. V\u0103 vom \u021bine la curent cu statusul procesului de retur.<\/p>\n","protected":false},"excerpt":{"rendered":"Cum pot returna un produs? Pentru a returna un produs trebuie s\u0103 te loghezi \u00een platform\u0103 \u0219i s\u0103 accesezi butonul \u201cReturneaz\u0103\u201d din dreptul produsului pe care dore\u0219ti s\u0103-l returnezi (dac\u0103 dore\u0219ti s\u0103 returnezi mai multe produse, le po\u021bi selecta \u00een pasul urm\u0103tor). Apoi vei fi ghidat pas cu pas p\u00e2n\u0103 la finalul procesului. Returul va [&hellip;]","protected":false},"author":242,"featured_media":0,"parent":0,"menu_order":0,"comment_status":"closed","ping_status":"closed","template":"","meta":{"_acf_changed":false,"advgb_blocks_editor_width":"","advgb_blocks_columns_visual_guide":"","footnotes":""},"class_list":["post-11130","page","type-page","status-publish","hentry"],"acf":[],"yoast_head":"<!-- This site is optimized with the Yoast SEO plugin v27.2 - https:\/\/yoast.com\/product\/yoast-seo-wordpress\/ -->\n<title>Politica de retur - FAQ - Penosil Romania<\/title>\n<meta name=\"robots\" content=\"index, follow, max-snippet:-1, max-image-preview:large, max-video-preview:-1\" \/>\n<link rel=\"canonical\" href=\"https:\/\/penosil.com\/ro\/intrebari-si-raspunsuri-referitoare-la-posibilitatea-de-retur-in-magazinul-online-penosil\/\" \/>\n<meta property=\"og:locale\" content=\"ro_RO\" \/>\n<meta property=\"og:type\" content=\"article\" \/>\n<meta property=\"og:title\" content=\"Politica de retur - FAQ - Penosil Romania\" \/>\n<meta property=\"og:description\" content=\"Cum pot returna un produs? Pentru a returna un produs trebuie s\u0103 te loghezi \u00een platform\u0103 \u0219i s\u0103 accesezi butonul \u201cReturneaz\u0103\u201d din dreptul produsului pe care dore\u0219ti s\u0103-l returnezi (dac\u0103 dore\u0219ti s\u0103 returnezi mai multe produse, le po\u021bi selecta \u00een pasul urm\u0103tor). Apoi vei fi ghidat pas cu pas p\u00e2n\u0103 la finalul procesului. Returul va [&hellip;]\" \/>\n<meta property=\"og:url\" content=\"https:\/\/penosil.com\/ro\/intrebari-si-raspunsuri-referitoare-la-posibilitatea-de-retur-in-magazinul-online-penosil\/\" \/>\n<meta property=\"og:site_name\" content=\"Penosil Romania\" \/>\n<meta property=\"article:modified_time\" content=\"2025-02-07T09:19:06+00:00\" \/>\n<meta name=\"twitter:card\" content=\"summary_large_image\" \/>\n<meta name=\"twitter:label1\" content=\"Timp estimat pentru citire\" \/>\n\t<meta name=\"twitter:data1\" content=\"1 minut\" \/>\n<script type=\"application\/ld+json\" class=\"yoast-schema-graph\">{\"@context\":\"https:\/\/schema.org\",\"@graph\":[{\"@type\":\"WebPage\",\"@id\":\"https:\/\/penosil.com\/ro\/intrebari-si-raspunsuri-referitoare-la-posibilitatea-de-retur-in-magazinul-online-penosil\/\",\"url\":\"https:\/\/penosil.com\/ro\/intrebari-si-raspunsuri-referitoare-la-posibilitatea-de-retur-in-magazinul-online-penosil\/\",\"name\":\"Politica de retur - FAQ - Penosil Romania\",\"isPartOf\":{\"@id\":\"https:\/\/penosil.com\/ro\/#website\"},\"datePublished\":\"2024-09-25T08:58:48+00:00\",\"dateModified\":\"2025-02-07T09:19:06+00:00\",\"breadcrumb\":{\"@id\":\"https:\/\/penosil.com\/ro\/intrebari-si-raspunsuri-referitoare-la-posibilitatea-de-retur-in-magazinul-online-penosil\/#breadcrumb\"},\"inLanguage\":\"ro-RO\",\"potentialAction\":[{\"@type\":\"ReadAction\",\"target\":[\"https:\/\/penosil.com\/ro\/intrebari-si-raspunsuri-referitoare-la-posibilitatea-de-retur-in-magazinul-online-penosil\/\"]}]},{\"@type\":\"BreadcrumbList\",\"@id\":\"https:\/\/penosil.com\/ro\/intrebari-si-raspunsuri-referitoare-la-posibilitatea-de-retur-in-magazinul-online-penosil\/#breadcrumb\",\"itemListElement\":[{\"@type\":\"ListItem\",\"position\":1,\"name\":\"Prima pagin\u0103\",\"item\":\"https:\/\/penosil.com\/ro\/\"},{\"@type\":\"ListItem\",\"position\":2,\"name\":\"Politica de retur &#8211; FAQ\"}]},{\"@type\":\"WebSite\",\"@id\":\"https:\/\/penosil.com\/ro\/#website\",\"url\":\"https:\/\/penosil.com\/ro\/\",\"name\":\"Penosil Romania\",\"description\":\"\",\"potentialAction\":[{\"@type\":\"SearchAction\",\"target\":{\"@type\":\"EntryPoint\",\"urlTemplate\":\"https:\/\/penosil.com\/ro\/?s={search_term_string}\"},\"query-input\":{\"@type\":\"PropertyValueSpecification\",\"valueRequired\":true,\"valueName\":\"search_term_string\"}}],\"inLanguage\":\"ro-RO\"}]}<\/script>\n<!-- \/ Yoast SEO plugin. -->","yoast_head_json":{"title":"Politica de retur - FAQ - Penosil Romania","robots":{"index":"index","follow":"follow","max-snippet":"max-snippet:-1","max-image-preview":"max-image-preview:large","max-video-preview":"max-video-preview:-1"},"canonical":"https:\/\/penosil.com\/ro\/intrebari-si-raspunsuri-referitoare-la-posibilitatea-de-retur-in-magazinul-online-penosil\/","og_locale":"ro_RO","og_type":"article","og_title":"Politica de retur - FAQ - Penosil Romania","og_description":"Cum pot returna un produs? Pentru a returna un produs trebuie s\u0103 te loghezi \u00een platform\u0103 \u0219i s\u0103 accesezi butonul \u201cReturneaz\u0103\u201d din dreptul produsului pe care dore\u0219ti s\u0103-l returnezi (dac\u0103 dore\u0219ti s\u0103 returnezi mai multe produse, le po\u021bi selecta \u00een pasul urm\u0103tor). Apoi vei fi ghidat pas cu pas p\u00e2n\u0103 la finalul procesului. Returul va [&hellip;]","og_url":"https:\/\/penosil.com\/ro\/intrebari-si-raspunsuri-referitoare-la-posibilitatea-de-retur-in-magazinul-online-penosil\/","og_site_name":"Penosil Romania","article_modified_time":"2025-02-07T09:19:06+00:00","twitter_card":"summary_large_image","twitter_misc":{"Timp estimat pentru citire":"1 minut"},"schema":{"@context":"https:\/\/schema.org","@graph":[{"@type":"WebPage","@id":"https:\/\/penosil.com\/ro\/intrebari-si-raspunsuri-referitoare-la-posibilitatea-de-retur-in-magazinul-online-penosil\/","url":"https:\/\/penosil.com\/ro\/intrebari-si-raspunsuri-referitoare-la-posibilitatea-de-retur-in-magazinul-online-penosil\/","name":"Politica de retur - FAQ - Penosil Romania","isPartOf":{"@id":"https:\/\/penosil.com\/ro\/#website"},"datePublished":"2024-09-25T08:58:48+00:00","dateModified":"2025-02-07T09:19:06+00:00","breadcrumb":{"@id":"https:\/\/penosil.com\/ro\/intrebari-si-raspunsuri-referitoare-la-posibilitatea-de-retur-in-magazinul-online-penosil\/#breadcrumb"},"inLanguage":"ro-RO","potentialAction":[{"@type":"ReadAction","target":["https:\/\/penosil.com\/ro\/intrebari-si-raspunsuri-referitoare-la-posibilitatea-de-retur-in-magazinul-online-penosil\/"]}]},{"@type":"BreadcrumbList","@id":"https:\/\/penosil.com\/ro\/intrebari-si-raspunsuri-referitoare-la-posibilitatea-de-retur-in-magazinul-online-penosil\/#breadcrumb","itemListElement":[{"@type":"ListItem","position":1,"name":"Prima pagin\u0103","item":"https:\/\/penosil.com\/ro\/"},{"@type":"ListItem","position":2,"name":"Politica de retur &#8211; FAQ"}]},{"@type":"WebSite","@id":"https:\/\/penosil.com\/ro\/#website","url":"https:\/\/penosil.com\/ro\/","name":"Penosil Romania","description":"","potentialAction":[{"@type":"SearchAction","target":{"@type":"EntryPoint","urlTemplate":"https:\/\/penosil.com\/ro\/?s={search_term_string}"},"query-input":{"@type":"PropertyValueSpecification","valueRequired":true,"valueName":"search_term_string"}}],"inLanguage":"ro-RO"}]}},"coauthors":[],"author_meta":{"author_link":"https:\/\/penosil.com\/ro\/author\/sorina\/","display_name":"sorina"},"relative_dates":{"created":"Posted 2 ani ago","modified":"Updated 1 an ago"},"absolute_dates":{"created":"Posted on 25 septembrie 2024","modified":"Updated on 7 februarie 2025"},"absolute_dates_time":{"created":"Posted on 25 septembrie 2024 8:58","modified":"Updated on 7 februarie 2025 9:19"},"featured_img_caption":"","featured_img":false,"series_order":"","_links":{"self":[{"href":"https:\/\/penosil.com\/ro\/wp-json\/wp\/v2\/pages\/11130","targetHints":{"allow":["GET"]}}],"collection":[{"href":"https:\/\/penosil.com\/ro\/wp-json\/wp\/v2\/pages"}],"about":[{"href":"https:\/\/penosil.com\/ro\/wp-json\/wp\/v2\/types\/page"}],"author":[{"embeddable":true,"href":"https:\/\/penosil.com\/ro\/wp-json\/wp\/v2\/users\/242"}],"replies":[{"embeddable":true,"href":"https:\/\/penosil.com\/ro\/wp-json\/wp\/v2\/comments?post=11130"}],"version-history":[{"count":2,"href":"https:\/\/penosil.com\/ro\/wp-json\/wp\/v2\/pages\/11130\/revisions"}],"predecessor-version":[{"id":11339,"href":"https:\/\/penosil.com\/ro\/wp-json\/wp\/v2\/pages\/11130\/revisions\/11339"}],"wp:attachment":[{"href":"https:\/\/penosil.com\/ro\/wp-json\/wp\/v2\/media?parent=11130"}],"curies":[{"name":"wp","href":"https:\/\/api.w.org\/{rel}","templated":true}]}}