{"id":11635,"date":"2025-04-02T11:04:49","date_gmt":"2025-04-02T11:04:49","guid":{"rendered":"https:\/\/penosil.com\/ro\/?page_id=11635"},"modified":"2025-04-02T11:04:51","modified_gmt":"2025-04-02T11:04:51","slug":"politica-discount","status":"publish","type":"page","link":"https:\/\/penosil.com\/ro\/politica-discount\/","title":{"rendered":"Politica de discount"},"content":{"rendered":"\n<p><br>Po\u021bi beneficia de discounturi substan\u021biale pe loc \u00een func\u021bie de achizi\u021bia ta, astfel:<br><br>&#8211; la o achizi\u021bie \u00eentre&nbsp;<strong>500 lei \u0219i 1000 lei<\/strong>&nbsp;\u00eentr-o comand\u0103 beneficiezi de&nbsp;<strong>10%<\/strong>&nbsp;discount din valoarea f\u0103r\u0103 T.V.A.<br><br>&#8211;&nbsp;la o achizi\u021bie \u00eentre&nbsp;<strong>1001 lei \u0219i 2000 lei<\/strong>&nbsp;\u00eentr-o comand\u0103 beneficiezi de&nbsp;<strong>15%<\/strong>&nbsp;discount din valoarea f\u0103r\u0103 T.V.A.<br><br>&#8211;&nbsp;la o achizi\u021bie mai mare de&nbsp;<strong>2001&nbsp;lei<\/strong>&nbsp;\u00eentr-o comand\u0103 beneficiezi de&nbsp;<strong>20%<\/strong>&nbsp;discount din valoarea f\u0103r\u0103 T.V.A.<br><br><br>Pentru mai multe informa\u021bii referitoare la discounturile oferite de noi ne po\u021bi scrie la adresa de email&nbsp;<strong>contact@penosil.ro.&nbsp;<\/strong><\/p>\n","protected":false},"excerpt":{"rendered":"Po\u021bi beneficia de discounturi substan\u021biale pe loc \u00een func\u021bie de achizi\u021bia ta, astfel: &#8211; la o achizi\u021bie \u00eentre&nbsp;500 lei \u0219i 1000 lei&nbsp;\u00eentr-o comand\u0103 beneficiezi de&nbsp;10%&nbsp;discount din valoarea f\u0103r\u0103 T.V.A. &#8211;&nbsp;la o achizi\u021bie \u00eentre&nbsp;1001 lei \u0219i 2000 lei&nbsp;\u00eentr-o comand\u0103 beneficiezi de&nbsp;15%&nbsp;discount din valoarea f\u0103r\u0103 T.V.A. &#8211;&nbsp;la o achizi\u021bie mai mare de&nbsp;2001&nbsp;lei&nbsp;\u00eentr-o comand\u0103 beneficiezi de&nbsp;20%&nbsp;discount din valoarea [&hellip;]","protected":false},"author":242,"featured_media":0,"parent":0,"menu_order":0,"comment_status":"closed","ping_status":"closed","template":"","meta":{"_acf_changed":false,"advgb_blocks_editor_width":"","advgb_blocks_columns_visual_guide":"","footnotes":""},"class_list":["post-11635","page","type-page","status-publish","hentry"],"acf":[],"yoast_head":"<!-- This site is optimized with the Yoast SEO plugin v27.2 - https:\/\/yoast.com\/product\/yoast-seo-wordpress\/ -->\n<title>Politica de discount - Penosil Romania<\/title>\n<meta name=\"description\" content=\"Politica de discount\" \/>\n<meta name=\"robots\" content=\"index, follow, max-snippet:-1, max-image-preview:large, max-video-preview:-1\" \/>\n<link rel=\"canonical\" href=\"https:\/\/penosil.com\/ro\/politica-discount\/\" \/>\n<meta property=\"og:locale\" content=\"ro_RO\" \/>\n<meta property=\"og:type\" content=\"article\" \/>\n<meta property=\"og:title\" content=\"Politica de discount - Penosil Romania\" \/>\n<meta property=\"og:description\" content=\"Politica de discount\" \/>\n<meta property=\"og:url\" content=\"https:\/\/penosil.com\/ro\/politica-discount\/\" \/>\n<meta property=\"og:site_name\" content=\"Penosil Romania\" \/>\n<meta property=\"article:modified_time\" content=\"2025-04-02T11:04:51+00:00\" \/>\n<meta name=\"twitter:card\" content=\"summary_large_image\" \/>\n<meta name=\"twitter:label1\" content=\"Timp estimat pentru citire\" \/>\n\t<meta name=\"twitter:data1\" content=\"1 minut\" \/>\n<script type=\"application\/ld+json\" class=\"yoast-schema-graph\">{\"@context\":\"https:\/\/schema.org\",\"@graph\":[{\"@type\":\"WebPage\",\"@id\":\"https:\/\/penosil.com\/ro\/politica-discount\/\",\"url\":\"https:\/\/penosil.com\/ro\/politica-discount\/\",\"name\":\"Politica de discount - Penosil Romania\",\"isPartOf\":{\"@id\":\"https:\/\/penosil.com\/ro\/#website\"},\"datePublished\":\"2025-04-02T11:04:49+00:00\",\"dateModified\":\"2025-04-02T11:04:51+00:00\",\"description\":\"Politica de discount\",\"breadcrumb\":{\"@id\":\"https:\/\/penosil.com\/ro\/politica-discount\/#breadcrumb\"},\"inLanguage\":\"ro-RO\",\"potentialAction\":[{\"@type\":\"ReadAction\",\"target\":[\"https:\/\/penosil.com\/ro\/politica-discount\/\"]}]},{\"@type\":\"BreadcrumbList\",\"@id\":\"https:\/\/penosil.com\/ro\/politica-discount\/#breadcrumb\",\"itemListElement\":[{\"@type\":\"ListItem\",\"position\":1,\"name\":\"Prima pagin\u0103\",\"item\":\"https:\/\/penosil.com\/ro\/\"},{\"@type\":\"ListItem\",\"position\":2,\"name\":\"Politica de discount\"}]},{\"@type\":\"WebSite\",\"@id\":\"https:\/\/penosil.com\/ro\/#website\",\"url\":\"https:\/\/penosil.com\/ro\/\",\"name\":\"Penosil Romania\",\"description\":\"\",\"potentialAction\":[{\"@type\":\"SearchAction\",\"target\":{\"@type\":\"EntryPoint\",\"urlTemplate\":\"https:\/\/penosil.com\/ro\/?s={search_term_string}\"},\"query-input\":{\"@type\":\"PropertyValueSpecification\",\"valueRequired\":true,\"valueName\":\"search_term_string\"}}],\"inLanguage\":\"ro-RO\"}]}<\/script>\n<!-- \/ Yoast SEO plugin. -->","yoast_head_json":{"title":"Politica de discount - Penosil Romania","description":"Politica de discount","robots":{"index":"index","follow":"follow","max-snippet":"max-snippet:-1","max-image-preview":"max-image-preview:large","max-video-preview":"max-video-preview:-1"},"canonical":"https:\/\/penosil.com\/ro\/politica-discount\/","og_locale":"ro_RO","og_type":"article","og_title":"Politica de discount - Penosil Romania","og_description":"Politica de discount","og_url":"https:\/\/penosil.com\/ro\/politica-discount\/","og_site_name":"Penosil Romania","article_modified_time":"2025-04-02T11:04:51+00:00","twitter_card":"summary_large_image","twitter_misc":{"Timp estimat pentru citire":"1 minut"},"schema":{"@context":"https:\/\/schema.org","@graph":[{"@type":"WebPage","@id":"https:\/\/penosil.com\/ro\/politica-discount\/","url":"https:\/\/penosil.com\/ro\/politica-discount\/","name":"Politica de discount - Penosil Romania","isPartOf":{"@id":"https:\/\/penosil.com\/ro\/#website"},"datePublished":"2025-04-02T11:04:49+00:00","dateModified":"2025-04-02T11:04:51+00:00","description":"Politica de discount","breadcrumb":{"@id":"https:\/\/penosil.com\/ro\/politica-discount\/#breadcrumb"},"inLanguage":"ro-RO","potentialAction":[{"@type":"ReadAction","target":["https:\/\/penosil.com\/ro\/politica-discount\/"]}]},{"@type":"BreadcrumbList","@id":"https:\/\/penosil.com\/ro\/politica-discount\/#breadcrumb","itemListElement":[{"@type":"ListItem","position":1,"name":"Prima pagin\u0103","item":"https:\/\/penosil.com\/ro\/"},{"@type":"ListItem","position":2,"name":"Politica de discount"}]},{"@type":"WebSite","@id":"https:\/\/penosil.com\/ro\/#website","url":"https:\/\/penosil.com\/ro\/","name":"Penosil Romania","description":"","potentialAction":[{"@type":"SearchAction","target":{"@type":"EntryPoint","urlTemplate":"https:\/\/penosil.com\/ro\/?s={search_term_string}"},"query-input":{"@type":"PropertyValueSpecification","valueRequired":true,"valueName":"search_term_string"}}],"inLanguage":"ro-RO"}]}},"coauthors":[],"author_meta":{"author_link":"https:\/\/penosil.com\/ro\/author\/sorina\/","display_name":"sorina"},"relative_dates":{"created":"Posted 1 an ago","modified":"Updated 1 an ago"},"absolute_dates":{"created":"Posted on 2 aprilie 2025","modified":"Updated on 2 aprilie 2025"},"absolute_dates_time":{"created":"Posted on 2 aprilie 2025 11:04","modified":"Updated on 2 aprilie 2025 11:04"},"featured_img_caption":"","featured_img":false,"series_order":"","_links":{"self":[{"href":"https:\/\/penosil.com\/ro\/wp-json\/wp\/v2\/pages\/11635","targetHints":{"allow":["GET"]}}],"collection":[{"href":"https:\/\/penosil.com\/ro\/wp-json\/wp\/v2\/pages"}],"about":[{"href":"https:\/\/penosil.com\/ro\/wp-json\/wp\/v2\/types\/page"}],"author":[{"embeddable":true,"href":"https:\/\/penosil.com\/ro\/wp-json\/wp\/v2\/users\/242"}],"replies":[{"embeddable":true,"href":"https:\/\/penosil.com\/ro\/wp-json\/wp\/v2\/comments?post=11635"}],"version-history":[{"count":1,"href":"https:\/\/penosil.com\/ro\/wp-json\/wp\/v2\/pages\/11635\/revisions"}],"predecessor-version":[{"id":11636,"href":"https:\/\/penosil.com\/ro\/wp-json\/wp\/v2\/pages\/11635\/revisions\/11636"}],"wp:attachment":[{"href":"https:\/\/penosil.com\/ro\/wp-json\/wp\/v2\/media?parent=11635"}],"curies":[{"name":"wp","href":"https:\/\/api.w.org\/{rel}","templated":true}]}}