{"id":3084,"date":"2019-07-24T13:17:32","date_gmt":"2019-07-24T13:17:32","guid":{"rendered":"https:\/\/penosil.com\/ro\/contacts\/"},"modified":"2022-01-13T09:03:42","modified_gmt":"2022-01-13T09:03:42","slug":"contact","status":"publish","type":"page","link":"https:\/\/penosil.com\/ro\/contact\/","title":{"rendered":"Contact"},"content":{"rendered":"\n<p><\/p>\n\n\n\n<p>Dac\u0103 dori\u021bi s\u0103 afla\u021bi mai multe detalii despre produsele Penosil sau pentru a discuta o ofert\u0103 personalizat\u0103, colegii no\u0219tri din echipa de v\u00e2nz\u0103ri v\u0103 stau la dispozi\u021bie. Pute\u021bi lua leg\u0103tura cu noi la datele de contact afi\u0219ate pe pagin\u0103. <\/p>\n","protected":false},"excerpt":{"rendered":"Dac\u0103 dori\u021bi s\u0103 afla\u021bi mai multe detalii despre produsele Penosil sau pentru a discuta o ofert\u0103 personalizat\u0103, colegii no\u0219tri din echipa de v\u00e2nz\u0103ri v\u0103 stau la dispozi\u021bie. Pute\u021bi lua leg\u0103tura cu noi la datele de contact afi\u0219ate pe pagin\u0103.","protected":false},"author":1,"featured_media":0,"parent":0,"menu_order":0,"comment_status":"closed","ping_status":"closed","template":"page-templates\/template-contacts.php","meta":{"_acf_changed":false,"advgb_blocks_editor_width":"","advgb_blocks_columns_visual_guide":"","footnotes":""},"class_list":["post-3084","page","type-page","status-publish","hentry"],"acf":[],"yoast_head":"<!-- This site is optimized with the Yoast SEO plugin v27.2 - https:\/\/yoast.com\/product\/yoast-seo-wordpress\/ -->\n<title>Contact - Wolf Group Sealing Solutions Romania S.R.L.<\/title>\n<meta name=\"description\" content=\"Pentru mai multe detalii despre produsele Penosil sau pentru o ofert\u0103 personalizat\u0103, lua\u021bi leg\u0103tura cu noi prin datele de contact afi\u0219ate.\" \/>\n<meta name=\"robots\" content=\"index, follow, max-snippet:-1, max-image-preview:large, max-video-preview:-1\" \/>\n<link rel=\"canonical\" href=\"https:\/\/penosil.com\/ro\/contact\/\" \/>\n<meta property=\"og:locale\" content=\"ro_RO\" \/>\n<meta property=\"og:type\" content=\"article\" \/>\n<meta property=\"og:title\" content=\"Contact - Wolf Group Sealing Solutions Romania S.R.L.\" \/>\n<meta property=\"og:description\" content=\"Pentru mai multe detalii despre produsele Penosil sau pentru o ofert\u0103 personalizat\u0103, lua\u021bi leg\u0103tura cu noi prin datele de contact afi\u0219ate.\" \/>\n<meta property=\"og:url\" content=\"https:\/\/penosil.com\/ro\/contact\/\" \/>\n<meta property=\"og:site_name\" content=\"Penosil Romania\" \/>\n<meta property=\"article:modified_time\" content=\"2022-01-13T09:03:42+00:00\" \/>\n<meta name=\"twitter:card\" content=\"summary_large_image\" \/>\n<meta name=\"twitter:label1\" content=\"Timp estimat pentru citire\" \/>\n\t<meta name=\"twitter:data1\" content=\"1 minut\" \/>\n<script type=\"application\/ld+json\" class=\"yoast-schema-graph\">{\"@context\":\"https:\/\/schema.org\",\"@graph\":[{\"@type\":\"WebPage\",\"@id\":\"https:\/\/penosil.com\/ro\/contact\/\",\"url\":\"https:\/\/penosil.com\/ro\/contact\/\",\"name\":\"Contact - Wolf Group Sealing Solutions Romania S.R.L.\",\"isPartOf\":{\"@id\":\"https:\/\/penosil.com\/ro\/#website\"},\"datePublished\":\"2019-07-24T13:17:32+00:00\",\"dateModified\":\"2022-01-13T09:03:42+00:00\",\"description\":\"Pentru mai multe detalii despre produsele Penosil sau pentru o ofert\u0103 personalizat\u0103, lua\u021bi leg\u0103tura cu noi prin datele de contact afi\u0219ate.\",\"breadcrumb\":{\"@id\":\"https:\/\/penosil.com\/ro\/contact\/#breadcrumb\"},\"inLanguage\":\"ro-RO\",\"potentialAction\":[{\"@type\":\"ReadAction\",\"target\":[\"https:\/\/penosil.com\/ro\/contact\/\"]}]},{\"@type\":\"BreadcrumbList\",\"@id\":\"https:\/\/penosil.com\/ro\/contact\/#breadcrumb\",\"itemListElement\":[{\"@type\":\"ListItem\",\"position\":1,\"name\":\"Prima pagin\u0103\",\"item\":\"https:\/\/penosil.com\/ro\/\"},{\"@type\":\"ListItem\",\"position\":2,\"name\":\"Contact\"}]},{\"@type\":\"WebSite\",\"@id\":\"https:\/\/penosil.com\/ro\/#website\",\"url\":\"https:\/\/penosil.com\/ro\/\",\"name\":\"Penosil Romania\",\"description\":\"\",\"potentialAction\":[{\"@type\":\"SearchAction\",\"target\":{\"@type\":\"EntryPoint\",\"urlTemplate\":\"https:\/\/penosil.com\/ro\/?s={search_term_string}\"},\"query-input\":{\"@type\":\"PropertyValueSpecification\",\"valueRequired\":true,\"valueName\":\"search_term_string\"}}],\"inLanguage\":\"ro-RO\"}]}<\/script>\n<!-- \/ Yoast SEO plugin. -->","yoast_head_json":{"title":"Contact - Wolf Group Sealing Solutions Romania S.R.L.","description":"Pentru mai multe detalii despre produsele Penosil sau pentru o ofert\u0103 personalizat\u0103, lua\u021bi leg\u0103tura cu noi prin datele de contact afi\u0219ate.","robots":{"index":"index","follow":"follow","max-snippet":"max-snippet:-1","max-image-preview":"max-image-preview:large","max-video-preview":"max-video-preview:-1"},"canonical":"https:\/\/penosil.com\/ro\/contact\/","og_locale":"ro_RO","og_type":"article","og_title":"Contact - Wolf Group Sealing Solutions Romania S.R.L.","og_description":"Pentru mai multe detalii despre produsele Penosil sau pentru o ofert\u0103 personalizat\u0103, lua\u021bi leg\u0103tura cu noi prin datele de contact afi\u0219ate.","og_url":"https:\/\/penosil.com\/ro\/contact\/","og_site_name":"Penosil Romania","article_modified_time":"2022-01-13T09:03:42+00:00","twitter_card":"summary_large_image","twitter_misc":{"Timp estimat pentru citire":"1 minut"},"schema":{"@context":"https:\/\/schema.org","@graph":[{"@type":"WebPage","@id":"https:\/\/penosil.com\/ro\/contact\/","url":"https:\/\/penosil.com\/ro\/contact\/","name":"Contact - Wolf Group Sealing Solutions Romania S.R.L.","isPartOf":{"@id":"https:\/\/penosil.com\/ro\/#website"},"datePublished":"2019-07-24T13:17:32+00:00","dateModified":"2022-01-13T09:03:42+00:00","description":"Pentru mai multe detalii despre produsele Penosil sau pentru o ofert\u0103 personalizat\u0103, lua\u021bi leg\u0103tura cu noi prin datele de contact afi\u0219ate.","breadcrumb":{"@id":"https:\/\/penosil.com\/ro\/contact\/#breadcrumb"},"inLanguage":"ro-RO","potentialAction":[{"@type":"ReadAction","target":["https:\/\/penosil.com\/ro\/contact\/"]}]},{"@type":"BreadcrumbList","@id":"https:\/\/penosil.com\/ro\/contact\/#breadcrumb","itemListElement":[{"@type":"ListItem","position":1,"name":"Prima pagin\u0103","item":"https:\/\/penosil.com\/ro\/"},{"@type":"ListItem","position":2,"name":"Contact"}]},{"@type":"WebSite","@id":"https:\/\/penosil.com\/ro\/#website","url":"https:\/\/penosil.com\/ro\/","name":"Penosil Romania","description":"","potentialAction":[{"@type":"SearchAction","target":{"@type":"EntryPoint","urlTemplate":"https:\/\/penosil.com\/ro\/?s={search_term_string}"},"query-input":{"@type":"PropertyValueSpecification","valueRequired":true,"valueName":"search_term_string"}}],"inLanguage":"ro-RO"}]}},"coauthors":[],"author_meta":{"author_link":"https:\/\/penosil.com\/ro\/author\/reaktiiv-pe\/","display_name":"reaktiiv-pe"},"relative_dates":{"created":"Posted 7 ani ago","modified":"Updated 4 ani ago"},"absolute_dates":{"created":"Posted on 24 iulie 2019","modified":"Updated on 13 ianuarie 2022"},"absolute_dates_time":{"created":"Posted on 24 iulie 2019 13:17","modified":"Updated on 13 ianuarie 2022 9:03"},"featured_img_caption":"","featured_img":false,"series_order":"","_links":{"self":[{"href":"https:\/\/penosil.com\/ro\/wp-json\/wp\/v2\/pages\/3084","targetHints":{"allow":["GET"]}}],"collection":[{"href":"https:\/\/penosil.com\/ro\/wp-json\/wp\/v2\/pages"}],"about":[{"href":"https:\/\/penosil.com\/ro\/wp-json\/wp\/v2\/types\/page"}],"author":[{"embeddable":true,"href":"https:\/\/penosil.com\/ro\/wp-json\/wp\/v2\/users\/1"}],"replies":[{"embeddable":true,"href":"https:\/\/penosil.com\/ro\/wp-json\/wp\/v2\/comments?post=3084"}],"version-history":[{"count":23,"href":"https:\/\/penosil.com\/ro\/wp-json\/wp\/v2\/pages\/3084\/revisions"}],"predecessor-version":[{"id":9723,"href":"https:\/\/penosil.com\/ro\/wp-json\/wp\/v2\/pages\/3084\/revisions\/9723"}],"wp:attachment":[{"href":"https:\/\/penosil.com\/ro\/wp-json\/wp\/v2\/media?parent=3084"}],"curies":[{"name":"wp","href":"https:\/\/api.w.org\/{rel}","templated":true}]}}