{"id":6228,"date":"2019-12-06T11:15:52","date_gmt":"2019-12-06T11:15:52","guid":{"rendered":"https:\/\/penosil.com\/ro\/documentation\/"},"modified":"2021-10-28T13:31:20","modified_gmt":"2021-10-28T13:31:20","slug":"documentatie-tehnica","status":"publish","type":"page","link":"https:\/\/penosil.com\/ro\/centrul-de-expertiza\/documentatie-tehnica\/","title":{"rendered":"Documenta\u021bie tehnic\u0103"},"content":{"rendered":"\n<p>De aici pute\u021bi desc\u0103rca documenta\u021bie tehnic\u0103, fi\u0219ele tehnice \u0219i de securitate, declara\u021bii de performan\u021b\u0103 \u0219i certific\u0103ri ale produselor Penosil. <\/p>\n","protected":false},"excerpt":{"rendered":"De aici pute\u021bi desc\u0103rca documenta\u021bie tehnic\u0103, fi\u0219ele tehnice \u0219i de securitate, declara\u021bii de performan\u021b\u0103 \u0219i certific\u0103ri ale produselor Penosil.","protected":false},"author":1,"featured_media":0,"parent":6533,"menu_order":0,"comment_status":"closed","ping_status":"closed","template":"page-templates\/template-documentation.php","meta":{"_acf_changed":false,"advgb_blocks_editor_width":"","advgb_blocks_columns_visual_guide":"","footnotes":""},"class_list":["post-6228","page","type-page","status-publish","hentry"],"acf":[],"yoast_head":"<!-- This site is optimized with the Yoast SEO plugin v27.2 - https:\/\/yoast.com\/product\/yoast-seo-wordpress\/ -->\n<title>Documenta\u021bie tehnic\u0103 - Centru de expertiz\u0103 Penosil - Penosil Rom\u00e2nia<\/title>\n<meta name=\"description\" content=\"Documenta\u021bie tehnic\u0103, fi\u0219ele tehnice \u0219i de securitate ale produselor Penosil, declara\u021bii de performan\u021b\u0103 \u0219i certific\u0103ri. Descarc\u0103-le de aici!\" \/>\n<meta name=\"robots\" content=\"index, follow, max-snippet:-1, max-image-preview:large, max-video-preview:-1\" \/>\n<link rel=\"canonical\" href=\"https:\/\/penosil.com\/ro\/centrul-de-expertiza\/documentatie-tehnica\/\" \/>\n<meta property=\"og:locale\" content=\"ro_RO\" \/>\n<meta property=\"og:type\" content=\"article\" \/>\n<meta property=\"og:title\" content=\"Documenta\u021bie tehnic\u0103 - Centru de expertiz\u0103 Penosil - Penosil Rom\u00e2nia\" \/>\n<meta property=\"og:description\" content=\"Documenta\u021bie tehnic\u0103, fi\u0219ele tehnice \u0219i de securitate ale produselor Penosil, declara\u021bii de performan\u021b\u0103 \u0219i certific\u0103ri. Descarc\u0103-le de aici!\" \/>\n<meta property=\"og:url\" content=\"https:\/\/penosil.com\/ro\/centrul-de-expertiza\/documentatie-tehnica\/\" \/>\n<meta property=\"og:site_name\" content=\"Penosil Romania\" \/>\n<meta property=\"article:modified_time\" content=\"2021-10-28T13:31:20+00:00\" \/>\n<meta name=\"twitter:card\" content=\"summary_large_image\" \/>\n<meta name=\"twitter:label1\" content=\"Timp estimat pentru citire\" \/>\n\t<meta name=\"twitter:data1\" content=\"1 minut\" \/>\n<script type=\"application\/ld+json\" class=\"yoast-schema-graph\">{\"@context\":\"https:\/\/schema.org\",\"@graph\":[{\"@type\":\"WebPage\",\"@id\":\"https:\/\/penosil.com\/ro\/centrul-de-expertiza\/documentatie-tehnica\/\",\"url\":\"https:\/\/penosil.com\/ro\/centrul-de-expertiza\/documentatie-tehnica\/\",\"name\":\"Documenta\u021bie tehnic\u0103 - Centru de expertiz\u0103 Penosil - Penosil Rom\u00e2nia\",\"isPartOf\":{\"@id\":\"https:\/\/penosil.com\/ro\/#website\"},\"datePublished\":\"2019-12-06T11:15:52+00:00\",\"dateModified\":\"2021-10-28T13:31:20+00:00\",\"description\":\"Documenta\u021bie tehnic\u0103, fi\u0219ele tehnice \u0219i de securitate ale produselor Penosil, declara\u021bii de performan\u021b\u0103 \u0219i certific\u0103ri. Descarc\u0103-le de aici!\",\"breadcrumb\":{\"@id\":\"https:\/\/penosil.com\/ro\/centrul-de-expertiza\/documentatie-tehnica\/#breadcrumb\"},\"inLanguage\":\"ro-RO\",\"potentialAction\":[{\"@type\":\"ReadAction\",\"target\":[\"https:\/\/penosil.com\/ro\/centrul-de-expertiza\/documentatie-tehnica\/\"]}]},{\"@type\":\"BreadcrumbList\",\"@id\":\"https:\/\/penosil.com\/ro\/centrul-de-expertiza\/documentatie-tehnica\/#breadcrumb\",\"itemListElement\":[{\"@type\":\"ListItem\",\"position\":1,\"name\":\"Prima pagin\u0103\",\"item\":\"https:\/\/penosil.com\/ro\/\"},{\"@type\":\"ListItem\",\"position\":2,\"name\":\"Centrul de expertiz\u0103\",\"item\":\"https:\/\/penosil.com\/ro\/centrul-de-expertiza\/\"},{\"@type\":\"ListItem\",\"position\":3,\"name\":\"Documenta\u021bie tehnic\u0103\"}]},{\"@type\":\"WebSite\",\"@id\":\"https:\/\/penosil.com\/ro\/#website\",\"url\":\"https:\/\/penosil.com\/ro\/\",\"name\":\"Penosil Romania\",\"description\":\"\",\"potentialAction\":[{\"@type\":\"SearchAction\",\"target\":{\"@type\":\"EntryPoint\",\"urlTemplate\":\"https:\/\/penosil.com\/ro\/?s={search_term_string}\"},\"query-input\":{\"@type\":\"PropertyValueSpecification\",\"valueRequired\":true,\"valueName\":\"search_term_string\"}}],\"inLanguage\":\"ro-RO\"}]}<\/script>\n<!-- \/ Yoast SEO plugin. -->","yoast_head_json":{"title":"Documenta\u021bie tehnic\u0103 - Centru de expertiz\u0103 Penosil - Penosil Rom\u00e2nia","description":"Documenta\u021bie tehnic\u0103, fi\u0219ele tehnice \u0219i de securitate ale produselor Penosil, declara\u021bii de performan\u021b\u0103 \u0219i certific\u0103ri. Descarc\u0103-le de aici!","robots":{"index":"index","follow":"follow","max-snippet":"max-snippet:-1","max-image-preview":"max-image-preview:large","max-video-preview":"max-video-preview:-1"},"canonical":"https:\/\/penosil.com\/ro\/centrul-de-expertiza\/documentatie-tehnica\/","og_locale":"ro_RO","og_type":"article","og_title":"Documenta\u021bie tehnic\u0103 - Centru de expertiz\u0103 Penosil - Penosil Rom\u00e2nia","og_description":"Documenta\u021bie tehnic\u0103, fi\u0219ele tehnice \u0219i de securitate ale produselor Penosil, declara\u021bii de performan\u021b\u0103 \u0219i certific\u0103ri. Descarc\u0103-le de aici!","og_url":"https:\/\/penosil.com\/ro\/centrul-de-expertiza\/documentatie-tehnica\/","og_site_name":"Penosil Romania","article_modified_time":"2021-10-28T13:31:20+00:00","twitter_card":"summary_large_image","twitter_misc":{"Timp estimat pentru citire":"1 minut"},"schema":{"@context":"https:\/\/schema.org","@graph":[{"@type":"WebPage","@id":"https:\/\/penosil.com\/ro\/centrul-de-expertiza\/documentatie-tehnica\/","url":"https:\/\/penosil.com\/ro\/centrul-de-expertiza\/documentatie-tehnica\/","name":"Documenta\u021bie tehnic\u0103 - Centru de expertiz\u0103 Penosil - Penosil Rom\u00e2nia","isPartOf":{"@id":"https:\/\/penosil.com\/ro\/#website"},"datePublished":"2019-12-06T11:15:52+00:00","dateModified":"2021-10-28T13:31:20+00:00","description":"Documenta\u021bie tehnic\u0103, fi\u0219ele tehnice \u0219i de securitate ale produselor Penosil, declara\u021bii de performan\u021b\u0103 \u0219i certific\u0103ri. Descarc\u0103-le de aici!","breadcrumb":{"@id":"https:\/\/penosil.com\/ro\/centrul-de-expertiza\/documentatie-tehnica\/#breadcrumb"},"inLanguage":"ro-RO","potentialAction":[{"@type":"ReadAction","target":["https:\/\/penosil.com\/ro\/centrul-de-expertiza\/documentatie-tehnica\/"]}]},{"@type":"BreadcrumbList","@id":"https:\/\/penosil.com\/ro\/centrul-de-expertiza\/documentatie-tehnica\/#breadcrumb","itemListElement":[{"@type":"ListItem","position":1,"name":"Prima pagin\u0103","item":"https:\/\/penosil.com\/ro\/"},{"@type":"ListItem","position":2,"name":"Centrul de expertiz\u0103","item":"https:\/\/penosil.com\/ro\/centrul-de-expertiza\/"},{"@type":"ListItem","position":3,"name":"Documenta\u021bie tehnic\u0103"}]},{"@type":"WebSite","@id":"https:\/\/penosil.com\/ro\/#website","url":"https:\/\/penosil.com\/ro\/","name":"Penosil Romania","description":"","potentialAction":[{"@type":"SearchAction","target":{"@type":"EntryPoint","urlTemplate":"https:\/\/penosil.com\/ro\/?s={search_term_string}"},"query-input":{"@type":"PropertyValueSpecification","valueRequired":true,"valueName":"search_term_string"}}],"inLanguage":"ro-RO"}]}},"coauthors":[],"author_meta":{"author_link":"https:\/\/penosil.com\/ro\/author\/reaktiiv-pe\/","display_name":"reaktiiv-pe"},"relative_dates":{"created":"Posted 6 ani ago","modified":"Updated 4 ani ago"},"absolute_dates":{"created":"Posted on 6 decembrie 2019","modified":"Updated on 28 octombrie 2021"},"absolute_dates_time":{"created":"Posted on 6 decembrie 2019 11:15","modified":"Updated on 28 octombrie 2021 13:31"},"featured_img_caption":"","featured_img":false,"series_order":"","_links":{"self":[{"href":"https:\/\/penosil.com\/ro\/wp-json\/wp\/v2\/pages\/6228","targetHints":{"allow":["GET"]}}],"collection":[{"href":"https:\/\/penosil.com\/ro\/wp-json\/wp\/v2\/pages"}],"about":[{"href":"https:\/\/penosil.com\/ro\/wp-json\/wp\/v2\/types\/page"}],"author":[{"embeddable":true,"href":"https:\/\/penosil.com\/ro\/wp-json\/wp\/v2\/users\/1"}],"replies":[{"embeddable":true,"href":"https:\/\/penosil.com\/ro\/wp-json\/wp\/v2\/comments?post=6228"}],"version-history":[{"count":5,"href":"https:\/\/penosil.com\/ro\/wp-json\/wp\/v2\/pages\/6228\/revisions"}],"predecessor-version":[{"id":9552,"href":"https:\/\/penosil.com\/ro\/wp-json\/wp\/v2\/pages\/6228\/revisions\/9552"}],"up":[{"embeddable":true,"href":"https:\/\/penosil.com\/ro\/wp-json\/wp\/v2\/pages\/6533"}],"wp:attachment":[{"href":"https:\/\/penosil.com\/ro\/wp-json\/wp\/v2\/media?parent=6228"}],"curies":[{"name":"wp","href":"https:\/\/api.w.org\/{rel}","templated":true}]}}