{"id":6434,"date":"2019-08-01T13:06:43","date_gmt":"2019-08-01T13:06:43","guid":{"rendered":"https:\/\/penosil.com\/ro\/sealant-consumption-calculator\/"},"modified":"2021-03-05T08:04:27","modified_gmt":"2021-03-05T08:04:27","slug":"calculator-consum-etansant","status":"publish","type":"page","link":"https:\/\/penosil.com\/ro\/centrul-de-expertiza\/calculator-consum-materiale\/calculator-consum-etansant\/","title":{"rendered":"Calculator consum etan\u0219ant"},"content":{"rendered":"\n<p>Calculator consum etan\u0219ant &#8211; te ajut\u0103 s\u0103 optimizezi consumul de material pentru proiectul t\u0103u. Fii eficient! Evit\u0103 risipa!<\/p>\n\n\n<div id=\"pnsl-calculator-block_5d43e0cbf7ed5\" class=\"pnsl-calculator-block sealant-consumption-calculator\">\n   <div class=\"calculator-part\">\n\n      <div class=\"calculator-part-title\">\n         <h4>Dimensiuni rost<\/h4>\n      <\/div>\n\n      <div class=\"calculator-part-inputs d-flex align-items-center flex-wrap\">\n\n         <div class=\"calculator-input mr32\">\n            <label for=\"joint-length\" class=\"input-label\">Lungime<\/label>\n            <div class=\"input-field\">\n               <input type=\"number\" name=\"sealant-consumption-joint-length\">\n               <span class=\"unit\">m<\/span>\n            <\/div>\n         <\/div>\n\n         <div class=\"calculator-input mr32\">\n            <label for=\"joint-width\" class=\"input-label\">L\u0103\u021bime<\/label>\n            <div class=\"input-field\">\n               <input type=\"number\" name=\"sealant-consumption-joint-width\">\n               <span class=\"unit\">mm<\/span>\n            <\/div>\n         <\/div>\n\n         <div class=\"calculator-input\">\n            <label for=\"joint-depth\" class=\"input-label\">Ad\u00e2ncime<\/label>\n            <div class=\"input-field\">\n               <input type=\"number\" name=\"sealant-consumption-joint-depth\">\n               <span class=\"unit\">mm<\/span>\n            <\/div>\n         <\/div>\n\n      <\/div>\n   <\/div>\n\n   <div class=\"calculator-part\">\n      <div class=\"calculator-part-title\">\n         <h4>Ambalaj cartu\u0219 \u0219i folie<\/h4>\n      <\/div>\n\n      <div class=\"calculator-part-inputs d-flex align-items-center flex-wrap\">\n\n         <div class=\"calculator-input mr32\">\n            <label for=\"cartriges-capacity\" class=\"input-label\">Ambalaj cartu\u0219<\/label>\n            <div class=\"input-field\">\n               <input type=\"number\" name=\"sealant-consumption-cartriges-capacity\" value=\"310\">\n               <span class=\"unit\">ml<\/span>\n            <\/div>\n         <\/div>\n\n         <div class=\"calculator-input\">\n            <label for=\"foil-pack-capacity\" class=\"input-label\">Ambalaj aluminiu<\/label>\n            <div class=\"input-field\">\n               <input type=\"number\" name=\"sealant-consumption-foil-pack-capacity\" value=\"600\">\n               <span class=\"unit\">ml<\/span>\n            <\/div>\n         <\/div>\n\n      <\/div>\n   <\/div>\n\n   <div class=\"calculator-output\">\n      <div class=\"output-block output-side d-flex flex-wrap\">\n         <div class=\"output-title w100\">\n            <span>Cartu\u0219<\/span>\n         <\/div>\n         <div class=\"output-result w100\" id=\"sealant-consumption-nr-cartridges\">\n            0\n         <\/div>\n      <\/div>\n\n      <div class=\"output-block output-side d-flex flex-wrap\">\n         <div class=\"output-title w100\">\n            <span>Ambalaj folie<\/span>\n         <\/div>\n         <div class=\"output-result w100\" id=\"sealant-consumption-nr-foil-pack\">\n            0\n         <\/div>\n      <\/div>\n   <\/div>\n<\/div>","protected":false},"excerpt":{"rendered":"Calculator consum etan\u0219ant &#8211; te ajut\u0103 s\u0103 optimizezi consumul de material pentru proiectul t\u0103u. Fii eficient! Evit\u0103 risipa!","protected":false},"author":1,"featured_media":0,"parent":6468,"menu_order":1,"comment_status":"closed","ping_status":"closed","template":"page-templates\/template-calculators.php","meta":{"_acf_changed":false,"advgb_blocks_editor_width":"","advgb_blocks_columns_visual_guide":"","footnotes":""},"class_list":["post-6434","page","type-page","status-publish","hentry"],"acf":[],"yoast_head":"<!-- This site is optimized with the Yoast SEO plugin v27.2 - https:\/\/yoast.com\/product\/yoast-seo-wordpress\/ -->\n<title>Calculator consum etan\u0219ant - Penosil Rom\u00e2nia<\/title>\n<meta name=\"description\" content=\"Calculator consum etan\u0219ant - te ajut\u0103 s\u0103 optimizezi consumul de material pentru proiectul t\u0103u. Fii eficient! Evit\u0103 risipa!\" \/>\n<meta name=\"robots\" content=\"index, follow, max-snippet:-1, max-image-preview:large, max-video-preview:-1\" \/>\n<link rel=\"canonical\" href=\"https:\/\/penosil.com\/ro\/centrul-de-expertiza\/calculator-consum-materiale\/calculator-consum-etansant\/\" \/>\n<meta property=\"og:locale\" content=\"ro_RO\" \/>\n<meta property=\"og:type\" content=\"article\" \/>\n<meta property=\"og:title\" content=\"Calculator consum etan\u0219ant - Penosil Rom\u00e2nia\" \/>\n<meta property=\"og:description\" content=\"Calculator consum etan\u0219ant - te ajut\u0103 s\u0103 optimizezi consumul de material pentru proiectul t\u0103u. Fii eficient! Evit\u0103 risipa!\" \/>\n<meta property=\"og:url\" content=\"https:\/\/penosil.com\/ro\/centrul-de-expertiza\/calculator-consum-materiale\/calculator-consum-etansant\/\" \/>\n<meta property=\"og:site_name\" content=\"Penosil Romania\" \/>\n<meta property=\"article:modified_time\" content=\"2021-03-05T08:04:27+00:00\" \/>\n<meta name=\"twitter:card\" content=\"summary_large_image\" \/>\n<script type=\"application\/ld+json\" class=\"yoast-schema-graph\">{\"@context\":\"https:\/\/schema.org\",\"@graph\":[{\"@type\":\"WebPage\",\"@id\":\"https:\/\/penosil.com\/ro\/centrul-de-expertiza\/calculator-consum-materiale\/calculator-consum-etansant\/\",\"url\":\"https:\/\/penosil.com\/ro\/centrul-de-expertiza\/calculator-consum-materiale\/calculator-consum-etansant\/\",\"name\":\"Calculator consum etan\u0219ant - Penosil Rom\u00e2nia\",\"isPartOf\":{\"@id\":\"https:\/\/penosil.com\/ro\/#website\"},\"datePublished\":\"2019-08-01T13:06:43+00:00\",\"dateModified\":\"2021-03-05T08:04:27+00:00\",\"description\":\"Calculator consum etan\u0219ant - te ajut\u0103 s\u0103 optimizezi consumul de material pentru proiectul t\u0103u. Fii eficient! Evit\u0103 risipa!\",\"breadcrumb\":{\"@id\":\"https:\/\/penosil.com\/ro\/centrul-de-expertiza\/calculator-consum-materiale\/calculator-consum-etansant\/#breadcrumb\"},\"inLanguage\":\"ro-RO\",\"potentialAction\":[{\"@type\":\"ReadAction\",\"target\":[\"https:\/\/penosil.com\/ro\/centrul-de-expertiza\/calculator-consum-materiale\/calculator-consum-etansant\/\"]}]},{\"@type\":\"BreadcrumbList\",\"@id\":\"https:\/\/penosil.com\/ro\/centrul-de-expertiza\/calculator-consum-materiale\/calculator-consum-etansant\/#breadcrumb\",\"itemListElement\":[{\"@type\":\"ListItem\",\"position\":1,\"name\":\"Prima pagin\u0103\",\"item\":\"https:\/\/penosil.com\/ro\/\"},{\"@type\":\"ListItem\",\"position\":2,\"name\":\"Centrul de expertiz\u0103\",\"item\":\"https:\/\/penosil.com\/ro\/centrul-de-expertiza\/\"},{\"@type\":\"ListItem\",\"position\":3,\"name\":\"Calculator\",\"item\":\"https:\/\/penosil.com\/ro\/centrul-de-expertiza\/calculator-consum-materiale\/\"},{\"@type\":\"ListItem\",\"position\":4,\"name\":\"Calculator consum etan\u0219ant\"}]},{\"@type\":\"WebSite\",\"@id\":\"https:\/\/penosil.com\/ro\/#website\",\"url\":\"https:\/\/penosil.com\/ro\/\",\"name\":\"Penosil Romania\",\"description\":\"\",\"potentialAction\":[{\"@type\":\"SearchAction\",\"target\":{\"@type\":\"EntryPoint\",\"urlTemplate\":\"https:\/\/penosil.com\/ro\/?s={search_term_string}\"},\"query-input\":{\"@type\":\"PropertyValueSpecification\",\"valueRequired\":true,\"valueName\":\"search_term_string\"}}],\"inLanguage\":\"ro-RO\"}]}<\/script>\n<!-- \/ Yoast SEO plugin. -->","yoast_head_json":{"title":"Calculator consum etan\u0219ant - Penosil Rom\u00e2nia","description":"Calculator consum etan\u0219ant - te ajut\u0103 s\u0103 optimizezi consumul de material pentru proiectul t\u0103u. Fii eficient! Evit\u0103 risipa!","robots":{"index":"index","follow":"follow","max-snippet":"max-snippet:-1","max-image-preview":"max-image-preview:large","max-video-preview":"max-video-preview:-1"},"canonical":"https:\/\/penosil.com\/ro\/centrul-de-expertiza\/calculator-consum-materiale\/calculator-consum-etansant\/","og_locale":"ro_RO","og_type":"article","og_title":"Calculator consum etan\u0219ant - Penosil Rom\u00e2nia","og_description":"Calculator consum etan\u0219ant - te ajut\u0103 s\u0103 optimizezi consumul de material pentru proiectul t\u0103u. Fii eficient! Evit\u0103 risipa!","og_url":"https:\/\/penosil.com\/ro\/centrul-de-expertiza\/calculator-consum-materiale\/calculator-consum-etansant\/","og_site_name":"Penosil Romania","article_modified_time":"2021-03-05T08:04:27+00:00","twitter_card":"summary_large_image","schema":{"@context":"https:\/\/schema.org","@graph":[{"@type":"WebPage","@id":"https:\/\/penosil.com\/ro\/centrul-de-expertiza\/calculator-consum-materiale\/calculator-consum-etansant\/","url":"https:\/\/penosil.com\/ro\/centrul-de-expertiza\/calculator-consum-materiale\/calculator-consum-etansant\/","name":"Calculator consum etan\u0219ant - Penosil Rom\u00e2nia","isPartOf":{"@id":"https:\/\/penosil.com\/ro\/#website"},"datePublished":"2019-08-01T13:06:43+00:00","dateModified":"2021-03-05T08:04:27+00:00","description":"Calculator consum etan\u0219ant - te ajut\u0103 s\u0103 optimizezi consumul de material pentru proiectul t\u0103u. Fii eficient! Evit\u0103 risipa!","breadcrumb":{"@id":"https:\/\/penosil.com\/ro\/centrul-de-expertiza\/calculator-consum-materiale\/calculator-consum-etansant\/#breadcrumb"},"inLanguage":"ro-RO","potentialAction":[{"@type":"ReadAction","target":["https:\/\/penosil.com\/ro\/centrul-de-expertiza\/calculator-consum-materiale\/calculator-consum-etansant\/"]}]},{"@type":"BreadcrumbList","@id":"https:\/\/penosil.com\/ro\/centrul-de-expertiza\/calculator-consum-materiale\/calculator-consum-etansant\/#breadcrumb","itemListElement":[{"@type":"ListItem","position":1,"name":"Prima pagin\u0103","item":"https:\/\/penosil.com\/ro\/"},{"@type":"ListItem","position":2,"name":"Centrul de expertiz\u0103","item":"https:\/\/penosil.com\/ro\/centrul-de-expertiza\/"},{"@type":"ListItem","position":3,"name":"Calculator","item":"https:\/\/penosil.com\/ro\/centrul-de-expertiza\/calculator-consum-materiale\/"},{"@type":"ListItem","position":4,"name":"Calculator consum etan\u0219ant"}]},{"@type":"WebSite","@id":"https:\/\/penosil.com\/ro\/#website","url":"https:\/\/penosil.com\/ro\/","name":"Penosil Romania","description":"","potentialAction":[{"@type":"SearchAction","target":{"@type":"EntryPoint","urlTemplate":"https:\/\/penosil.com\/ro\/?s={search_term_string}"},"query-input":{"@type":"PropertyValueSpecification","valueRequired":true,"valueName":"search_term_string"}}],"inLanguage":"ro-RO"}]}},"coauthors":[],"author_meta":{"author_link":"https:\/\/penosil.com\/ro\/author\/reaktiiv-pe\/","display_name":"reaktiiv-pe"},"relative_dates":{"created":"Posted 7 ani ago","modified":"Updated 5 ani ago"},"absolute_dates":{"created":"Posted on 1 august 2019","modified":"Updated on 5 martie 2021"},"absolute_dates_time":{"created":"Posted on 1 august 2019 13:06","modified":"Updated on 5 martie 2021 8:04"},"featured_img_caption":"","featured_img":false,"series_order":"","_links":{"self":[{"href":"https:\/\/penosil.com\/ro\/wp-json\/wp\/v2\/pages\/6434","targetHints":{"allow":["GET"]}}],"collection":[{"href":"https:\/\/penosil.com\/ro\/wp-json\/wp\/v2\/pages"}],"about":[{"href":"https:\/\/penosil.com\/ro\/wp-json\/wp\/v2\/types\/page"}],"author":[{"embeddable":true,"href":"https:\/\/penosil.com\/ro\/wp-json\/wp\/v2\/users\/1"}],"replies":[{"embeddable":true,"href":"https:\/\/penosil.com\/ro\/wp-json\/wp\/v2\/comments?post=6434"}],"version-history":[{"count":3,"href":"https:\/\/penosil.com\/ro\/wp-json\/wp\/v2\/pages\/6434\/revisions"}],"predecessor-version":[{"id":9556,"href":"https:\/\/penosil.com\/ro\/wp-json\/wp\/v2\/pages\/6434\/revisions\/9556"}],"up":[{"embeddable":true,"href":"https:\/\/penosil.com\/ro\/wp-json\/wp\/v2\/pages\/6468"}],"wp:attachment":[{"href":"https:\/\/penosil.com\/ro\/wp-json\/wp\/v2\/media?parent=6434"}],"curies":[{"name":"wp","href":"https:\/\/api.w.org\/{rel}","templated":true}]}}