{"id":6439,"date":"2019-08-01T13:04:38","date_gmt":"2019-08-01T13:04:38","guid":{"rendered":"https:\/\/penosil.com\/ro\/stone-adhesive-consumption-calculator\/"},"modified":"2021-03-05T08:58:44","modified_gmt":"2021-03-05T08:58:44","slug":"calculator-consum-spuma-adeziva-2","status":"publish","type":"page","link":"https:\/\/penosil.com\/ro\/centrul-de-expertiza\/calculator-consum-materiale\/calculator-consum-spuma-adeziva-2\/","title":{"rendered":"Calculator consum spum\u0103 adeziv\u0103 pentru zid\u0103rie"},"content":{"rendered":"\n<p>Calculator consum spum\u0103 adeziv\u0103 pentru zid\u0103rie &#8211; te ajut\u0103 s\u0103 optimizezzi consumul de spum\u0103 pentru proiectul t\u0103u. Fii eficient! Evit\u0103 risipa!<\/p>\n\n\n<div id=\"pnsl-calculator-block_5d42ef2d5760b\" class=\"pnsl-calculator-block stone-adhesive-calculator\">\n   <div class=\"calculator-part\">\n      <div class=\"calculator-part-title\">\n         <h4>Dimensiuni c\u0103r\u0103mid\u0103<\/h4>\n      <\/div>\n\n      <div class=\"calculator-part-inputs d-flex align-items-center flex-wrap\">\n\n         <div class=\"calculator-input\">\n            <label for=\"brick-thickness\" class=\"input-label\">Grosime<\/label>\n            <div class=\"input-field\">\n               <input type=\"number\" name=\"stone-consumption-brick-thickness\">\n               <span class=\"unit\">mm<\/span>\n            <\/div>\n         <\/div>\n\n         <div class=\"calculator-separator\">x<\/div>\n\n         <div class=\"calculator-input\">\n            <label for=\"brick-length\" class=\"input-label\">Lungime<\/label>\n            <div class=\"input-field\">\n               <input type=\"number\" name=\"stone-consumption-brick-length\">\n               <span class=\"unit\">mm<\/span>\n            <\/div>\n         <\/div>\n\n         <div class=\"calculator-separator\">x<\/div>\n\n         <div class=\"calculator-input\">\n            <label for=\"brick-height\" class=\"input-label\">\u00cen\u0103l\u021bime<\/label>\n            <div class=\"input-field\">\n               <input type=\"number\" name=\"stone-consumption-brick-height\">\n               <span class=\"unit\">mm<\/span>\n            <\/div>\n         <\/div>\n      <\/div>\n   <\/div>\n\n   <div class=\"calculator-part\">\n      <div class=\"calculator-part-title\">\n         <h4>Dimensiune pere\u021bi<\/h4>\n      <\/div>\n\n      <div class=\"calculator-part-inputs d-flex align-items-center flex-wrap\">\n\n         <div class=\"calculator-input\">\n            <label for=\"wall-height\" class=\"input-label\">\u00cen\u0103l\u021bime<\/label>\n            <div class=\"input-field\">\n               <input type=\"number\" name=\"stone-consumption-wall-height\" onchange=\"this.value = this.value.replace(\/,\/g, '.')\">\n               <span class=\"unit\">m<\/span>\n            <\/div>\n         <\/div>\n\n         <div class=\"calculator-separator\">x<\/div>\n\n         <div class=\"calculator-input\">\n            <label for=\"wall-width\" class=\"input-label\">L\u0103\u021bime<\/label>\n            <div class=\"input-field\">\n               <input type=\"number\" name=\"stone-consumption-wall-width\" onchange=\"this.value = this.value.replace(\/,\/g, '.')\">\n               <span class=\"unit\">m<\/span>\n            <\/div>\n         <\/div>\n\n      <\/div>\n   <\/div>\n\n   <div class=\"calculator-output\">\n      <div class=\"output-block output-side d-flex flex-wrap\">\n         <div class=\"output-title w100\">\n            <span>Num\u0103r de c\u0103r\u0103mizi<\/span>\n         <\/div>\n         <div class=\"output-result w100\" id=\"stone-consumption-nr-blocks\">\n            0\n         <\/div>\n      <\/div>\n\n      <div class=\"output-block output-side d-flex flex-wrap\">\n         <div class=\"output-title w100\">\n            <span>Tuburi<\/span>\n         <\/div>\n         <div class=\"output-result w100\" id=\"stone-consumption-nr-cans\">\n            0\n         <\/div>\n      <\/div>\n   <\/div>\n<\/div>","protected":false},"excerpt":{"rendered":"Calculator consum spum\u0103 adeziv\u0103 pentru zid\u0103rie &#8211; te ajut\u0103 s\u0103 optimizezzi consumul de spum\u0103 pentru proiectul t\u0103u. Fii eficient! Evit\u0103 risipa!","protected":false},"author":1,"featured_media":0,"parent":6468,"menu_order":0,"comment_status":"closed","ping_status":"closed","template":"page-templates\/template-calculators.php","meta":{"_acf_changed":false,"advgb_blocks_editor_width":"","advgb_blocks_columns_visual_guide":"","footnotes":""},"class_list":["post-6439","page","type-page","status-publish","hentry"],"acf":[],"yoast_head":"<!-- This site is optimized with the Yoast SEO plugin v27.2 - https:\/\/yoast.com\/product\/yoast-seo-wordpress\/ -->\n<title>Calculator consum spum\u0103 adeziv\u0103 pentru zid\u0103rie - Penosil Romania<\/title>\n<meta name=\"description\" content=\"Calculator consum spum\u0103 adeziv\u0103 pentru zid\u0103rie - te ajut\u0103 s\u0103 optimizezzi consumul de spum\u0103 pentru proiectul t\u0103u. Fii eficient! Evit\u0103 risipa!\" \/>\n<meta name=\"robots\" content=\"index, follow, max-snippet:-1, max-image-preview:large, max-video-preview:-1\" \/>\n<link rel=\"canonical\" href=\"https:\/\/penosil.com\/ro\/centrul-de-expertiza\/calculator-consum-materiale\/calculator-consum-spuma-adeziva-2\/\" \/>\n<meta property=\"og:locale\" content=\"ro_RO\" \/>\n<meta property=\"og:type\" content=\"article\" \/>\n<meta property=\"og:title\" content=\"Calculator consum spum\u0103 adeziv\u0103 pentru zid\u0103rie - Penosil Romania\" \/>\n<meta property=\"og:description\" content=\"Calculator consum spum\u0103 adeziv\u0103 pentru zid\u0103rie - te ajut\u0103 s\u0103 optimizezzi consumul de spum\u0103 pentru proiectul t\u0103u. Fii eficient! Evit\u0103 risipa!\" \/>\n<meta property=\"og:url\" content=\"https:\/\/penosil.com\/ro\/centrul-de-expertiza\/calculator-consum-materiale\/calculator-consum-spuma-adeziva-2\/\" \/>\n<meta property=\"og:site_name\" content=\"Penosil Romania\" \/>\n<meta property=\"article:modified_time\" content=\"2021-03-05T08:58:44+00:00\" \/>\n<meta name=\"twitter:card\" content=\"summary_large_image\" \/>\n<script type=\"application\/ld+json\" class=\"yoast-schema-graph\">{\"@context\":\"https:\/\/schema.org\",\"@graph\":[{\"@type\":\"WebPage\",\"@id\":\"https:\/\/penosil.com\/ro\/centrul-de-expertiza\/calculator-consum-materiale\/calculator-consum-spuma-adeziva-2\/\",\"url\":\"https:\/\/penosil.com\/ro\/centrul-de-expertiza\/calculator-consum-materiale\/calculator-consum-spuma-adeziva-2\/\",\"name\":\"Calculator consum spum\u0103 adeziv\u0103 pentru zid\u0103rie - Penosil Romania\",\"isPartOf\":{\"@id\":\"https:\/\/penosil.com\/ro\/#website\"},\"datePublished\":\"2019-08-01T13:04:38+00:00\",\"dateModified\":\"2021-03-05T08:58:44+00:00\",\"description\":\"Calculator consum spum\u0103 adeziv\u0103 pentru zid\u0103rie - te ajut\u0103 s\u0103 optimizezzi consumul de spum\u0103 pentru proiectul t\u0103u. Fii eficient! Evit\u0103 risipa!\",\"breadcrumb\":{\"@id\":\"https:\/\/penosil.com\/ro\/centrul-de-expertiza\/calculator-consum-materiale\/calculator-consum-spuma-adeziva-2\/#breadcrumb\"},\"inLanguage\":\"ro-RO\",\"potentialAction\":[{\"@type\":\"ReadAction\",\"target\":[\"https:\/\/penosil.com\/ro\/centrul-de-expertiza\/calculator-consum-materiale\/calculator-consum-spuma-adeziva-2\/\"]}]},{\"@type\":\"BreadcrumbList\",\"@id\":\"https:\/\/penosil.com\/ro\/centrul-de-expertiza\/calculator-consum-materiale\/calculator-consum-spuma-adeziva-2\/#breadcrumb\",\"itemListElement\":[{\"@type\":\"ListItem\",\"position\":1,\"name\":\"Prima pagin\u0103\",\"item\":\"https:\/\/penosil.com\/ro\/\"},{\"@type\":\"ListItem\",\"position\":2,\"name\":\"Centrul de expertiz\u0103\",\"item\":\"https:\/\/penosil.com\/ro\/centrul-de-expertiza\/\"},{\"@type\":\"ListItem\",\"position\":3,\"name\":\"Calculator\",\"item\":\"https:\/\/penosil.com\/ro\/centrul-de-expertiza\/calculator-consum-materiale\/\"},{\"@type\":\"ListItem\",\"position\":4,\"name\":\"Calculator consum spum\u0103 adeziv\u0103 pentru zid\u0103rie\"}]},{\"@type\":\"WebSite\",\"@id\":\"https:\/\/penosil.com\/ro\/#website\",\"url\":\"https:\/\/penosil.com\/ro\/\",\"name\":\"Penosil Romania\",\"description\":\"\",\"potentialAction\":[{\"@type\":\"SearchAction\",\"target\":{\"@type\":\"EntryPoint\",\"urlTemplate\":\"https:\/\/penosil.com\/ro\/?s={search_term_string}\"},\"query-input\":{\"@type\":\"PropertyValueSpecification\",\"valueRequired\":true,\"valueName\":\"search_term_string\"}}],\"inLanguage\":\"ro-RO\"}]}<\/script>\n<!-- \/ Yoast SEO plugin. -->","yoast_head_json":{"title":"Calculator consum spum\u0103 adeziv\u0103 pentru zid\u0103rie - Penosil Romania","description":"Calculator consum spum\u0103 adeziv\u0103 pentru zid\u0103rie - te ajut\u0103 s\u0103 optimizezzi consumul de spum\u0103 pentru proiectul t\u0103u. Fii eficient! Evit\u0103 risipa!","robots":{"index":"index","follow":"follow","max-snippet":"max-snippet:-1","max-image-preview":"max-image-preview:large","max-video-preview":"max-video-preview:-1"},"canonical":"https:\/\/penosil.com\/ro\/centrul-de-expertiza\/calculator-consum-materiale\/calculator-consum-spuma-adeziva-2\/","og_locale":"ro_RO","og_type":"article","og_title":"Calculator consum spum\u0103 adeziv\u0103 pentru zid\u0103rie - Penosil Romania","og_description":"Calculator consum spum\u0103 adeziv\u0103 pentru zid\u0103rie - te ajut\u0103 s\u0103 optimizezzi consumul de spum\u0103 pentru proiectul t\u0103u. Fii eficient! Evit\u0103 risipa!","og_url":"https:\/\/penosil.com\/ro\/centrul-de-expertiza\/calculator-consum-materiale\/calculator-consum-spuma-adeziva-2\/","og_site_name":"Penosil Romania","article_modified_time":"2021-03-05T08:58:44+00:00","twitter_card":"summary_large_image","schema":{"@context":"https:\/\/schema.org","@graph":[{"@type":"WebPage","@id":"https:\/\/penosil.com\/ro\/centrul-de-expertiza\/calculator-consum-materiale\/calculator-consum-spuma-adeziva-2\/","url":"https:\/\/penosil.com\/ro\/centrul-de-expertiza\/calculator-consum-materiale\/calculator-consum-spuma-adeziva-2\/","name":"Calculator consum spum\u0103 adeziv\u0103 pentru zid\u0103rie - Penosil Romania","isPartOf":{"@id":"https:\/\/penosil.com\/ro\/#website"},"datePublished":"2019-08-01T13:04:38+00:00","dateModified":"2021-03-05T08:58:44+00:00","description":"Calculator consum spum\u0103 adeziv\u0103 pentru zid\u0103rie - te ajut\u0103 s\u0103 optimizezzi consumul de spum\u0103 pentru proiectul t\u0103u. Fii eficient! Evit\u0103 risipa!","breadcrumb":{"@id":"https:\/\/penosil.com\/ro\/centrul-de-expertiza\/calculator-consum-materiale\/calculator-consum-spuma-adeziva-2\/#breadcrumb"},"inLanguage":"ro-RO","potentialAction":[{"@type":"ReadAction","target":["https:\/\/penosil.com\/ro\/centrul-de-expertiza\/calculator-consum-materiale\/calculator-consum-spuma-adeziva-2\/"]}]},{"@type":"BreadcrumbList","@id":"https:\/\/penosil.com\/ro\/centrul-de-expertiza\/calculator-consum-materiale\/calculator-consum-spuma-adeziva-2\/#breadcrumb","itemListElement":[{"@type":"ListItem","position":1,"name":"Prima pagin\u0103","item":"https:\/\/penosil.com\/ro\/"},{"@type":"ListItem","position":2,"name":"Centrul de expertiz\u0103","item":"https:\/\/penosil.com\/ro\/centrul-de-expertiza\/"},{"@type":"ListItem","position":3,"name":"Calculator","item":"https:\/\/penosil.com\/ro\/centrul-de-expertiza\/calculator-consum-materiale\/"},{"@type":"ListItem","position":4,"name":"Calculator consum spum\u0103 adeziv\u0103 pentru zid\u0103rie"}]},{"@type":"WebSite","@id":"https:\/\/penosil.com\/ro\/#website","url":"https:\/\/penosil.com\/ro\/","name":"Penosil Romania","description":"","potentialAction":[{"@type":"SearchAction","target":{"@type":"EntryPoint","urlTemplate":"https:\/\/penosil.com\/ro\/?s={search_term_string}"},"query-input":{"@type":"PropertyValueSpecification","valueRequired":true,"valueName":"search_term_string"}}],"inLanguage":"ro-RO"}]}},"coauthors":[],"author_meta":{"author_link":"https:\/\/penosil.com\/ro\/author\/reaktiiv-pe\/","display_name":"reaktiiv-pe"},"relative_dates":{"created":"Posted 7 ani ago","modified":"Updated 5 ani ago"},"absolute_dates":{"created":"Posted on 1 august 2019","modified":"Updated on 5 martie 2021"},"absolute_dates_time":{"created":"Posted on 1 august 2019 13:04","modified":"Updated on 5 martie 2021 8:58"},"featured_img_caption":"","featured_img":false,"series_order":"","_links":{"self":[{"href":"https:\/\/penosil.com\/ro\/wp-json\/wp\/v2\/pages\/6439","targetHints":{"allow":["GET"]}}],"collection":[{"href":"https:\/\/penosil.com\/ro\/wp-json\/wp\/v2\/pages"}],"about":[{"href":"https:\/\/penosil.com\/ro\/wp-json\/wp\/v2\/types\/page"}],"author":[{"embeddable":true,"href":"https:\/\/penosil.com\/ro\/wp-json\/wp\/v2\/users\/1"}],"replies":[{"embeddable":true,"href":"https:\/\/penosil.com\/ro\/wp-json\/wp\/v2\/comments?post=6439"}],"version-history":[{"count":4,"href":"https:\/\/penosil.com\/ro\/wp-json\/wp\/v2\/pages\/6439\/revisions"}],"predecessor-version":[{"id":9563,"href":"https:\/\/penosil.com\/ro\/wp-json\/wp\/v2\/pages\/6439\/revisions\/9563"}],"up":[{"embeddable":true,"href":"https:\/\/penosil.com\/ro\/wp-json\/wp\/v2\/pages\/6468"}],"wp:attachment":[{"href":"https:\/\/penosil.com\/ro\/wp-json\/wp\/v2\/media?parent=6439"}],"curies":[{"name":"wp","href":"https:\/\/api.w.org\/{rel}","templated":true}]}}