{"id":6496,"date":"2019-07-25T08:21:57","date_gmt":"2019-07-25T08:21:57","guid":{"rendered":"https:\/\/penosil.com\/ro\/homepage\/"},"modified":"2026-04-16T09:27:48","modified_gmt":"2026-04-16T09:27:48","slug":"acasa","status":"publish","type":"page","link":"https:\/\/penosil.com\/ro\/","title":{"rendered":"Acas\u0103"},"content":{"rendered":"","protected":false},"excerpt":{"rendered":"","protected":false},"author":1,"featured_media":12077,"parent":0,"menu_order":0,"comment_status":"closed","ping_status":"closed","template":"","meta":{"_acf_changed":false,"advgb_blocks_editor_width":"","advgb_blocks_columns_visual_guide":"","footnotes":""},"class_list":["post-6496","page","type-page","status-publish","has-post-thumbnail","hentry"],"acf":[],"yoast_head":"<!-- This site is optimized with the Yoast SEO plugin v27.4 - https:\/\/yoast.com\/product\/yoast-seo-wordpress\/ -->\n<title>Spume poliuretanice, etan\u0219an\u021bi \u0219i adezivi - Penosil Rom\u00e2nia<\/title>\n<meta name=\"description\" content=\"Descoper\u0103 gama Penosil de spume poliuretanice, etan\u0219an\u021bi \u0219i adezivi pentru montaj ferestre, etan\u0219are, hidroizolare, lipire \u0219i finisaje.\" \/>\n<meta name=\"robots\" content=\"index, follow, max-snippet:-1, max-image-preview:large, max-video-preview:-1\" \/>\n<link rel=\"canonical\" href=\"https:\/\/penosil.com\/ro\/\" \/>\n<meta property=\"og:locale\" content=\"ro_RO\" \/>\n<meta property=\"og:type\" content=\"article\" \/>\n<meta property=\"og:title\" content=\"Spume poliuretanice, etan\u0219an\u021bi \u0219i adezivi - Penosil Rom\u00e2nia\" \/>\n<meta property=\"og:description\" content=\"Descoper\u0103 gama Penosil de spume poliuretanice, etan\u0219an\u021bi \u0219i adezivi pentru montaj ferestre, etan\u0219are, hidroizolare, lipire \u0219i finisaje.\" \/>\n<meta property=\"og:url\" content=\"https:\/\/penosil.com\/ro\/\" \/>\n<meta property=\"og:site_name\" content=\"Penosil Romania\" \/>\n<meta property=\"article:modified_time\" content=\"2026-04-16T09:27:48+00:00\" \/>\n<meta property=\"og:image\" content=\"https:\/\/penosil.com\/ro\/wp-content\/uploads\/sites\/8\/2026\/04\/Penosil_20_years_1200x1200px_design_3.png\" \/>\n\t<meta property=\"og:image:width\" content=\"1200\" \/>\n\t<meta property=\"og:image:height\" content=\"1200\" \/>\n\t<meta property=\"og:image:type\" content=\"image\/png\" \/>\n<meta name=\"twitter:card\" content=\"summary_large_image\" \/>\n<meta name=\"twitter:label1\" content=\"Timp estimat pentru citire\" \/>\n\t<meta name=\"twitter:data1\" content=\"4 minute\" \/>\n<script type=\"application\/ld+json\" class=\"yoast-schema-graph\">{\"@context\":\"https:\\\/\\\/schema.org\",\"@graph\":[{\"@type\":\"WebPage\",\"@id\":\"https:\\\/\\\/penosil.com\\\/ro\\\/\",\"url\":\"https:\\\/\\\/penosil.com\\\/ro\\\/\",\"name\":\"Spume poliuretanice, etan\u0219an\u021bi \u0219i adezivi - Penosil Rom\u00e2nia\",\"isPartOf\":{\"@id\":\"https:\\\/\\\/penosil.com\\\/ro\\\/#website\"},\"primaryImageOfPage\":{\"@id\":\"https:\\\/\\\/penosil.com\\\/ro\\\/#primaryimage\"},\"image\":{\"@id\":\"https:\\\/\\\/penosil.com\\\/ro\\\/#primaryimage\"},\"thumbnailUrl\":\"https:\\\/\\\/penosil.com\\\/ro\\\/wp-content\\\/uploads\\\/sites\\\/8\\\/2026\\\/04\\\/Penosil_20_years_1200x1200px_design_3.png\",\"datePublished\":\"2019-07-25T08:21:57+00:00\",\"dateModified\":\"2026-04-16T09:27:48+00:00\",\"description\":\"Descoper\u0103 gama Penosil de spume poliuretanice, etan\u0219an\u021bi \u0219i adezivi pentru montaj ferestre, etan\u0219are, hidroizolare, lipire \u0219i finisaje.\",\"breadcrumb\":{\"@id\":\"https:\\\/\\\/penosil.com\\\/ro\\\/#breadcrumb\"},\"inLanguage\":\"ro-RO\",\"potentialAction\":[{\"@type\":\"ReadAction\",\"target\":[\"https:\\\/\\\/penosil.com\\\/ro\\\/\"]}]},{\"@type\":\"ImageObject\",\"inLanguage\":\"ro-RO\",\"@id\":\"https:\\\/\\\/penosil.com\\\/ro\\\/#primaryimage\",\"url\":\"https:\\\/\\\/penosil.com\\\/ro\\\/wp-content\\\/uploads\\\/sites\\\/8\\\/2026\\\/04\\\/Penosil_20_years_1200x1200px_design_3.png\",\"contentUrl\":\"https:\\\/\\\/penosil.com\\\/ro\\\/wp-content\\\/uploads\\\/sites\\\/8\\\/2026\\\/04\\\/Penosil_20_years_1200x1200px_design_3.png\",\"width\":1200,\"height\":1200},{\"@type\":\"BreadcrumbList\",\"@id\":\"https:\\\/\\\/penosil.com\\\/ro\\\/#breadcrumb\",\"itemListElement\":[{\"@type\":\"ListItem\",\"position\":1,\"name\":\"Prima pagin\u0103\",\"item\":\"https:\\\/\\\/penosil.com\\\/ro\\\/\"},{\"@type\":\"ListItem\",\"position\":2,\"name\":\"Acas\u0103\"}]},{\"@type\":\"WebSite\",\"@id\":\"https:\\\/\\\/penosil.com\\\/ro\\\/#website\",\"url\":\"https:\\\/\\\/penosil.com\\\/ro\\\/\",\"name\":\"Penosil Romania\",\"description\":\"\",\"potentialAction\":[{\"@type\":\"SearchAction\",\"target\":{\"@type\":\"EntryPoint\",\"urlTemplate\":\"https:\\\/\\\/penosil.com\\\/ro\\\/?s={search_term_string}\"},\"query-input\":{\"@type\":\"PropertyValueSpecification\",\"valueRequired\":true,\"valueName\":\"search_term_string\"}}],\"inLanguage\":\"ro-RO\"}]}<\/script>\n<!-- \/ Yoast SEO plugin. -->","yoast_head_json":{"title":"Spume poliuretanice, etan\u0219an\u021bi \u0219i adezivi - Penosil Rom\u00e2nia","description":"Descoper\u0103 gama Penosil de spume poliuretanice, etan\u0219an\u021bi \u0219i adezivi pentru montaj ferestre, etan\u0219are, hidroizolare, lipire \u0219i finisaje.","robots":{"index":"index","follow":"follow","max-snippet":"max-snippet:-1","max-image-preview":"max-image-preview:large","max-video-preview":"max-video-preview:-1"},"canonical":"https:\/\/penosil.com\/ro\/","og_locale":"ro_RO","og_type":"article","og_title":"Spume poliuretanice, etan\u0219an\u021bi \u0219i adezivi - Penosil Rom\u00e2nia","og_description":"Descoper\u0103 gama Penosil de spume poliuretanice, etan\u0219an\u021bi \u0219i adezivi pentru montaj ferestre, etan\u0219are, hidroizolare, lipire \u0219i finisaje.","og_url":"https:\/\/penosil.com\/ro\/","og_site_name":"Penosil Romania","article_modified_time":"2026-04-16T09:27:48+00:00","og_image":[{"width":1200,"height":1200,"url":"https:\/\/penosil.com\/ro\/wp-content\/uploads\/sites\/8\/2026\/04\/Penosil_20_years_1200x1200px_design_3.png","type":"image\/png"}],"twitter_card":"summary_large_image","twitter_misc":{"Timp estimat pentru citire":"4 minute"},"schema":{"@context":"https:\/\/schema.org","@graph":[{"@type":"WebPage","@id":"https:\/\/penosil.com\/ro\/","url":"https:\/\/penosil.com\/ro\/","name":"Spume poliuretanice, etan\u0219an\u021bi \u0219i adezivi - Penosil Rom\u00e2nia","isPartOf":{"@id":"https:\/\/penosil.com\/ro\/#website"},"primaryImageOfPage":{"@id":"https:\/\/penosil.com\/ro\/#primaryimage"},"image":{"@id":"https:\/\/penosil.com\/ro\/#primaryimage"},"thumbnailUrl":"https:\/\/penosil.com\/ro\/wp-content\/uploads\/sites\/8\/2026\/04\/Penosil_20_years_1200x1200px_design_3.png","datePublished":"2019-07-25T08:21:57+00:00","dateModified":"2026-04-16T09:27:48+00:00","description":"Descoper\u0103 gama Penosil de spume poliuretanice, etan\u0219an\u021bi \u0219i adezivi pentru montaj ferestre, etan\u0219are, hidroizolare, lipire \u0219i finisaje.","breadcrumb":{"@id":"https:\/\/penosil.com\/ro\/#breadcrumb"},"inLanguage":"ro-RO","potentialAction":[{"@type":"ReadAction","target":["https:\/\/penosil.com\/ro\/"]}]},{"@type":"ImageObject","inLanguage":"ro-RO","@id":"https:\/\/penosil.com\/ro\/#primaryimage","url":"https:\/\/penosil.com\/ro\/wp-content\/uploads\/sites\/8\/2026\/04\/Penosil_20_years_1200x1200px_design_3.png","contentUrl":"https:\/\/penosil.com\/ro\/wp-content\/uploads\/sites\/8\/2026\/04\/Penosil_20_years_1200x1200px_design_3.png","width":1200,"height":1200},{"@type":"BreadcrumbList","@id":"https:\/\/penosil.com\/ro\/#breadcrumb","itemListElement":[{"@type":"ListItem","position":1,"name":"Prima pagin\u0103","item":"https:\/\/penosil.com\/ro\/"},{"@type":"ListItem","position":2,"name":"Acas\u0103"}]},{"@type":"WebSite","@id":"https:\/\/penosil.com\/ro\/#website","url":"https:\/\/penosil.com\/ro\/","name":"Penosil Romania","description":"","potentialAction":[{"@type":"SearchAction","target":{"@type":"EntryPoint","urlTemplate":"https:\/\/penosil.com\/ro\/?s={search_term_string}"},"query-input":{"@type":"PropertyValueSpecification","valueRequired":true,"valueName":"search_term_string"}}],"inLanguage":"ro-RO"}]}},"coauthors":[],"author_meta":{"author_link":"https:\/\/penosil.com\/ro\/author\/reaktiiv-pe\/","display_name":"reaktiiv-pe"},"relative_dates":{"created":"Posted 7 ani ago","modified":"Updated 2 s\u0103pt\u0103m\u00e2ni ago"},"absolute_dates":{"created":"Posted on 25 iulie 2019","modified":"Updated on 16 aprilie 2026"},"absolute_dates_time":{"created":"Posted on 25 iulie 2019 8:21","modified":"Updated on 16 aprilie 2026 9:27"},"featured_img_caption":"","featured_img":"https:\/\/penosil.com\/ro\/wp-content\/uploads\/sites\/8\/2026\/04\/Penosil_20_years_1200x1200px_design_3.png","series_order":"","_links":{"self":[{"href":"https:\/\/penosil.com\/ro\/wp-json\/wp\/v2\/pages\/6496","targetHints":{"allow":["GET"]}}],"collection":[{"href":"https:\/\/penosil.com\/ro\/wp-json\/wp\/v2\/pages"}],"about":[{"href":"https:\/\/penosil.com\/ro\/wp-json\/wp\/v2\/types\/page"}],"author":[{"embeddable":true,"href":"https:\/\/penosil.com\/ro\/wp-json\/wp\/v2\/users\/1"}],"replies":[{"embeddable":true,"href":"https:\/\/penosil.com\/ro\/wp-json\/wp\/v2\/comments?post=6496"}],"version-history":[{"count":197,"href":"https:\/\/penosil.com\/ro\/wp-json\/wp\/v2\/pages\/6496\/revisions"}],"predecessor-version":[{"id":12096,"href":"https:\/\/penosil.com\/ro\/wp-json\/wp\/v2\/pages\/6496\/revisions\/12096"}],"wp:featuredmedia":[{"embeddable":true,"href":"https:\/\/penosil.com\/ro\/wp-json\/wp\/v2\/media\/12077"}],"wp:attachment":[{"href":"https:\/\/penosil.com\/ro\/wp-json\/wp\/v2\/media?parent=6496"}],"curies":[{"name":"wp","href":"https:\/\/api.w.org\/{rel}","templated":true}]}}