{"id":6529,"date":"2019-07-24T13:17:19","date_gmt":"2019-07-24T13:17:19","guid":{"rendered":"https:\/\/penosil.com\/ro\/about-us\/"},"modified":"2026-03-26T11:55:39","modified_gmt":"2026-03-26T11:55:39","slug":"penosil","status":"publish","type":"page","link":"https:\/\/penosil.com\/ro\/penosil\/","title":{"rendered":"Despre noi"},"content":{"rendered":"\n<div class=\"wp-block-columns has-2-columns is-layout-flex wp-container-core-columns-is-layout-9d6595d7 wp-block-columns-is-layout-flex\">\n<div class=\"wp-block-column is-layout-flow wp-block-column-is-layout-flow\">\n<p>\u00cen climatul nord-european, unde a luat na\u0219tere PENOSIL, aerul este rece \u00een cea mai mare parte a anului. Cu toate acestea, primii coloni\u0219ti din acest mediu adesea dur nu considerau frigul un obstacol, ci mai degrab\u0103 o provocare pe care o acceptau \u0219i de care se bucurau. De-a lungul mileniilor, ad\u0103posturile rudimentare au evoluat \u2013 de la simple case din bu\u0219teni izolate cu mu\u0219chi la cl\u0103diri complexe \u2013 \u00eentotdeauna proiectate pentru a \u021bine frigul iernii \u0219i c\u0103ldura verii \u00een afar\u0103. Prin urmare, este firesc ca PENOSIL s\u0103 fi luat na\u0219tere din aceste condi\u021bii exigente.<\/p>\n\n\n\n<p>Ast\u0103zi, formulele inovatoare \u0219i produsele u\u0219or de utilizat ale PENOSIL au fost dezvoltate pentru a func\u021biona eficient \u00een orice zon\u0103 climatic\u0103 \u0219i pe orice continent. Suntem pionieri \u00een domeniul nostru, accept\u00e2nd \u00eentotdeauna provoc\u0103rile mediului \u00eenconjur\u0103tor \u0219i dep\u0103\u0219ind limitele.<\/p>\n<\/div>\n\n\n\n<div class=\"wp-block-column is-layout-flow wp-block-column-is-layout-flow\">\n<p>Eficien\u021ba energetic\u0103 \u0219i strategiile pe termen lung au devenit parte integrant\u0103 din via\u021ba noastr\u0103. Produsele PENOSIL reprezint\u0103 un pas mic, dar eficient pentru utilizatorul individual, dar un salt uria\u0219 \u00een economisirea energiei pentru omenire. De la proiecte comerciale la scar\u0103 larg\u0103 p\u00e2n\u0103 la locuin\u021be individuale, produsele noastre sunt alegerea num\u0103rul unu \u00een peste 40 de \u021b\u0103ri \u00een care calitatea conteaz\u0103 \u0219i se aplic\u0103 cerin\u021be stricte \u00een materie de construc\u021bii.<\/p>\n\n\n\n<p>Legile naturii ne-au ajutat s\u0103 devenim ceea ce suntem ast\u0103zi \u0219i ne-au f\u0103cut adaptabili la viitorul care ne a\u0219teapt\u0103.<\/p>\n\n\n\n<p><a href=\"https:\/\/acrobat.adobe.com\/id\/urn:aaid:sc:EU:23a74816-58d9-46a7-a865-2d8bc81bec95\">Afl\u0103 mai multe despre povestea Penosil.<\/a><\/p>\n\n\n\n<div class=\"wp-block-advgb-button alignnone\"><a class=\"wp-block-advgb-button_link advgbbtn-a139ad57-2aa1-4b06-ad97-db16836be421\" href=\"https:\/\/acrobat.adobe.com\/id\/urn:aaid:sc:EU:bc7a9deb-9ee9-4c14-8bd0-bc7cf55905bc\" target=\"_blank\" rel=\"noopener noreferrer\"><span>FI\u0218\u0102 INFORMATIV\u0102 PENOSIL<\/span><\/a><\/div>\n<\/div>\n<\/div>\n\n\n\n<p><\/p>\n<style class=\"advgb-styles-renderer\">.advgbbtn-a139ad57-2aa1-4b06-ad97-db16836be421{font-size:18px;color:#cf2e2e !important;background-color:#ffffff !important;margin:0px 0px 0px 0px !important;padding:10px 30px 10px 30px;border-width:1px !important;border-color:#000000 !important;border-style:solid !important;border-radius:50px !important;}.advgbbtn-a139ad57-2aa1-4b06-ad97-db16836be421:hover{box-shadow:1px 1px 12px 0px #ccc;opacity:1;transition:all 0.2s ease;}.advgbbtn-a139ad57-2aa1-4b06-ad97-db16836be421 > i {display: none !important;}.advgbbtn-a139ad57-2aa1-4b06-ad97-db16836be421{font-size:18px;color:#cf2e2e !important;background-color:#ffffff !important;margin:0px 0px 0px 0px !important;padding:10px 30px 10px 30px;border-width:1px !important;border-color:#000000 !important;border-style:solid !important;border-radius:50px !important;}.advgbbtn-a139ad57-2aa1-4b06-ad97-db16836be421:hover{box-shadow:1px 1px 12px 0px #ccc;opacity:1;transition:all 0.2s ease;}.advgbbtn-a139ad57-2aa1-4b06-ad97-db16836be421 > i {display: none !important;}.advgbbtn-a139ad57-2aa1-4b06-ad97-db16836be421{font-size:18px;color:#cf2e2e !important;background-color:#ffffff !important;margin:0px 0px 0px 0px !important;padding:10px 30px 10px 30px;border-width:1px !important;border-color:#000000 !important;border-style:solid !important;border-radius:50px !important;}.advgbbtn-a139ad57-2aa1-4b06-ad97-db16836be421:hover{box-shadow:1px 1px 12px 0px #ccc;opacity:1;transition:all 0.2s ease;}.advgbbtn-a139ad57-2aa1-4b06-ad97-db16836be421 > i {display: none !important;}<\/style>","protected":false},"excerpt":{"rendered":"\u00cen climatul nord-european, unde a luat na\u0219tere PENOSIL, aerul este rece \u00een cea mai mare parte a anului. Cu toate acestea, primii coloni\u0219ti din acest mediu adesea dur nu considerau frigul un obstacol, ci mai degrab\u0103 o provocare pe care o acceptau \u0219i de care se bucurau. De-a lungul mileniilor, ad\u0103posturile rudimentare au evoluat \u2013 [&hellip;]","protected":false},"author":1,"featured_media":0,"parent":0,"menu_order":0,"comment_status":"closed","ping_status":"closed","template":"page-templates\/template-aboutus.php","meta":{"_acf_changed":false,"advgb_blocks_editor_width":"","advgb_blocks_columns_visual_guide":"","footnotes":""},"class_list":["post-6529","page","type-page","status-publish","hentry"],"acf":[],"yoast_head":"<!-- This site is optimized with the Yoast SEO plugin v27.2 - https:\/\/yoast.com\/product\/yoast-seo-wordpress\/ -->\n<title>Despre noi - Penosil Rom\u00e2nia<\/title>\n<meta name=\"description\" content=\"Penosil este unul dintre liderii europeni pe pia\u021ba solu\u021biilor de eficien\u021b\u0103 energetic\u0103. Afl\u0103 mai mult!\" \/>\n<meta name=\"robots\" content=\"index, follow, max-snippet:-1, max-image-preview:large, max-video-preview:-1\" \/>\n<link rel=\"canonical\" href=\"https:\/\/penosil.com\/ro\/penosil\/\" \/>\n<meta property=\"og:locale\" content=\"ro_RO\" \/>\n<meta property=\"og:type\" content=\"article\" \/>\n<meta property=\"og:title\" content=\"Despre noi - Penosil Rom\u00e2nia\" \/>\n<meta property=\"og:description\" content=\"Penosil este unul dintre liderii europeni pe pia\u021ba solu\u021biilor de eficien\u021b\u0103 energetic\u0103. Afl\u0103 mai mult!\" \/>\n<meta property=\"og:url\" content=\"https:\/\/penosil.com\/ro\/penosil\/\" \/>\n<meta property=\"og:site_name\" content=\"Penosil Romania\" \/>\n<meta property=\"article:modified_time\" content=\"2026-03-26T11:55:39+00:00\" \/>\n<meta name=\"twitter:card\" content=\"summary_large_image\" \/>\n<meta name=\"twitter:label1\" content=\"Timp estimat pentru citire\" \/>\n\t<meta name=\"twitter:data1\" content=\"3 minute\" \/>\n<script type=\"application\/ld+json\" class=\"yoast-schema-graph\">{\"@context\":\"https:\/\/schema.org\",\"@graph\":[{\"@type\":\"WebPage\",\"@id\":\"https:\/\/penosil.com\/ro\/penosil\/\",\"url\":\"https:\/\/penosil.com\/ro\/penosil\/\",\"name\":\"Despre noi - Penosil Rom\u00e2nia\",\"isPartOf\":{\"@id\":\"https:\/\/penosil.com\/ro\/#website\"},\"datePublished\":\"2019-07-24T13:17:19+00:00\",\"dateModified\":\"2026-03-26T11:55:39+00:00\",\"description\":\"Penosil este unul dintre liderii europeni pe pia\u021ba solu\u021biilor de eficien\u021b\u0103 energetic\u0103. Afl\u0103 mai mult!\",\"breadcrumb\":{\"@id\":\"https:\/\/penosil.com\/ro\/penosil\/#breadcrumb\"},\"inLanguage\":\"ro-RO\",\"potentialAction\":[{\"@type\":\"ReadAction\",\"target\":[\"https:\/\/penosil.com\/ro\/penosil\/\"]}]},{\"@type\":\"BreadcrumbList\",\"@id\":\"https:\/\/penosil.com\/ro\/penosil\/#breadcrumb\",\"itemListElement\":[{\"@type\":\"ListItem\",\"position\":1,\"name\":\"Prima pagin\u0103\",\"item\":\"https:\/\/penosil.com\/ro\/\"},{\"@type\":\"ListItem\",\"position\":2,\"name\":\"Despre noi\"}]},{\"@type\":\"WebSite\",\"@id\":\"https:\/\/penosil.com\/ro\/#website\",\"url\":\"https:\/\/penosil.com\/ro\/\",\"name\":\"Penosil Romania\",\"description\":\"\",\"potentialAction\":[{\"@type\":\"SearchAction\",\"target\":{\"@type\":\"EntryPoint\",\"urlTemplate\":\"https:\/\/penosil.com\/ro\/?s={search_term_string}\"},\"query-input\":{\"@type\":\"PropertyValueSpecification\",\"valueRequired\":true,\"valueName\":\"search_term_string\"}}],\"inLanguage\":\"ro-RO\"}]}<\/script>\n<!-- \/ Yoast SEO plugin. -->","yoast_head_json":{"title":"Despre noi - Penosil Rom\u00e2nia","description":"Penosil este unul dintre liderii europeni pe pia\u021ba solu\u021biilor de eficien\u021b\u0103 energetic\u0103. Afl\u0103 mai mult!","robots":{"index":"index","follow":"follow","max-snippet":"max-snippet:-1","max-image-preview":"max-image-preview:large","max-video-preview":"max-video-preview:-1"},"canonical":"https:\/\/penosil.com\/ro\/penosil\/","og_locale":"ro_RO","og_type":"article","og_title":"Despre noi - Penosil Rom\u00e2nia","og_description":"Penosil este unul dintre liderii europeni pe pia\u021ba solu\u021biilor de eficien\u021b\u0103 energetic\u0103. Afl\u0103 mai mult!","og_url":"https:\/\/penosil.com\/ro\/penosil\/","og_site_name":"Penosil Romania","article_modified_time":"2026-03-26T11:55:39+00:00","twitter_card":"summary_large_image","twitter_misc":{"Timp estimat pentru citire":"3 minute"},"schema":{"@context":"https:\/\/schema.org","@graph":[{"@type":"WebPage","@id":"https:\/\/penosil.com\/ro\/penosil\/","url":"https:\/\/penosil.com\/ro\/penosil\/","name":"Despre noi - Penosil Rom\u00e2nia","isPartOf":{"@id":"https:\/\/penosil.com\/ro\/#website"},"datePublished":"2019-07-24T13:17:19+00:00","dateModified":"2026-03-26T11:55:39+00:00","description":"Penosil este unul dintre liderii europeni pe pia\u021ba solu\u021biilor de eficien\u021b\u0103 energetic\u0103. Afl\u0103 mai mult!","breadcrumb":{"@id":"https:\/\/penosil.com\/ro\/penosil\/#breadcrumb"},"inLanguage":"ro-RO","potentialAction":[{"@type":"ReadAction","target":["https:\/\/penosil.com\/ro\/penosil\/"]}]},{"@type":"BreadcrumbList","@id":"https:\/\/penosil.com\/ro\/penosil\/#breadcrumb","itemListElement":[{"@type":"ListItem","position":1,"name":"Prima pagin\u0103","item":"https:\/\/penosil.com\/ro\/"},{"@type":"ListItem","position":2,"name":"Despre noi"}]},{"@type":"WebSite","@id":"https:\/\/penosil.com\/ro\/#website","url":"https:\/\/penosil.com\/ro\/","name":"Penosil Romania","description":"","potentialAction":[{"@type":"SearchAction","target":{"@type":"EntryPoint","urlTemplate":"https:\/\/penosil.com\/ro\/?s={search_term_string}"},"query-input":{"@type":"PropertyValueSpecification","valueRequired":true,"valueName":"search_term_string"}}],"inLanguage":"ro-RO"}]}},"coauthors":[],"author_meta":{"author_link":"https:\/\/penosil.com\/ro\/author\/reaktiiv-pe\/","display_name":"reaktiiv-pe"},"relative_dates":{"created":"Posted 7 ani ago","modified":"Updated 3 s\u0103pt\u0103m\u00e2ni ago"},"absolute_dates":{"created":"Posted on 24 iulie 2019","modified":"Updated on 26 martie 2026"},"absolute_dates_time":{"created":"Posted on 24 iulie 2019 13:17","modified":"Updated on 26 martie 2026 11:55"},"featured_img_caption":"","featured_img":false,"series_order":"","_links":{"self":[{"href":"https:\/\/penosil.com\/ro\/wp-json\/wp\/v2\/pages\/6529","targetHints":{"allow":["GET"]}}],"collection":[{"href":"https:\/\/penosil.com\/ro\/wp-json\/wp\/v2\/pages"}],"about":[{"href":"https:\/\/penosil.com\/ro\/wp-json\/wp\/v2\/types\/page"}],"author":[{"embeddable":true,"href":"https:\/\/penosil.com\/ro\/wp-json\/wp\/v2\/users\/1"}],"replies":[{"embeddable":true,"href":"https:\/\/penosil.com\/ro\/wp-json\/wp\/v2\/comments?post=6529"}],"version-history":[{"count":44,"href":"https:\/\/penosil.com\/ro\/wp-json\/wp\/v2\/pages\/6529\/revisions"}],"predecessor-version":[{"id":12042,"href":"https:\/\/penosil.com\/ro\/wp-json\/wp\/v2\/pages\/6529\/revisions\/12042"}],"wp:attachment":[{"href":"https:\/\/penosil.com\/ro\/wp-json\/wp\/v2\/media?parent=6529"}],"curies":[{"name":"wp","href":"https:\/\/api.w.org\/{rel}","templated":true}]}}