{"id":6533,"date":"2019-07-24T13:17:09","date_gmt":"2019-07-24T13:17:09","guid":{"rendered":"https:\/\/penosil.com\/ro\/knowledge-center\/"},"modified":"2021-08-19T14:07:56","modified_gmt":"2021-08-19T14:07:56","slug":"centrul-de-expertiza","status":"publish","type":"page","link":"https:\/\/penosil.com\/ro\/centrul-de-expertiza\/","title":{"rendered":"Centrul de expertiz\u0103"},"content":{"rendered":"\n<div class=\"wp-block-columns has-3-columns is-layout-flex wp-container-core-columns-is-layout-9d6595d7 wp-block-columns-is-layout-flex\">\n<div class=\"wp-block-column is-layout-flow wp-block-column-is-layout-flow\"><article id=\"pnsl-contact-block_5d42bf27d19f9\" class=\"pnsl-information-block\" role=\"article\" aria-labelledby=\"pnsl-contact-block_5d42bf27d19f9-title\">\n         <div class=\"pnsl-list-item d-flex align-items-center justify-content-between flex-column\">\n         <div class=\"lst-item-cnt\">\n            <!-- Single comprehensive link wrapping all content for better accessibility -->\n            <a href=\"https:\/\/penosil.com\/ro\/tutoriale\/\"\n               class=\"information-block-link\"\n                              aria-label=\"View Tutoriale\"\n               >\n\n                                                   <div class=\"lst-item-image d-flex align-items-end justify-content-center\">\n                     <img decoding=\"async\" src=\"https:\/\/penosil.com\/ro\/wp-content\/uploads\/sites\/8\/2019\/08\/videos-1.svg\"\n                        alt=\"Image for Tutoriale\"\n                        role=\"presentation\" \/>\n                  <\/div>\n               \n               <div class=\"information-block-header\">\n                  <h2 id=\"pnsl-contact-block_5d42bf27d19f9-title\">Tutoriale<\/h2>\n               <\/div>\n                                 <div class=\"information-block-content\"><p>Acceseaz\u0103 canalul video PENOSIL, afl\u0103 cum se utilizeaz\u0103 produsele noastre \u0219i ce este nou \u0219i \u00een trend \u00een lumea construc\u021biilor. G\u0103se\u0219te tutoriale de la lucr\u0103ri profesionale pentru a lucra proiectul t\u0103u singur (DIY).<\/p>\n<\/div>\n                              \n               <!-- Button styled element inside the parent link - maintains accessibility and styling -->\n               <div class=\"lst-item-btn\">\n                  <span class=\"btn rbtn\">\n                     Vezi tutoriale                  <\/span>\n               <\/div>\n               \n                           <\/a>\n         <\/div>\n      <\/div>\n   <\/article><\/div>\n\n\n\n<div class=\"wp-block-column is-layout-flow wp-block-column-is-layout-flow\"><article id=\"pnsl-contact-block_5d42c1e2c4f72\" class=\"pnsl-information-block\" role=\"article\" aria-labelledby=\"pnsl-contact-block_5d42c1e2c4f72-title\">\n         <div class=\"pnsl-list-item d-flex align-items-center justify-content-between flex-column\">\n         <div class=\"lst-item-cnt\">\n            <!-- Single comprehensive link wrapping all content for better accessibility -->\n            <a href=\"https:\/\/penosil.com\/ro\/centrul-de-expertiza\/documentatie-tehnica\/\"\n               class=\"information-block-link\"\n                              aria-label=\"View Documentatie tehnic\u0103\"\n               >\n\n                                                   <div class=\"lst-item-image d-flex align-items-end justify-content-center\">\n                     <img decoding=\"async\" src=\"https:\/\/penosil.com\/ro\/wp-content\/uploads\/sites\/8\/2019\/08\/manuals-1.svg\"\n                        alt=\"Image for Documentatie tehnic\u0103\"\n                        role=\"presentation\" \/>\n                  <\/div>\n               \n               <div class=\"information-block-header\">\n                  <h2 id=\"pnsl-contact-block_5d42c1e2c4f72-title\">Documentatie tehnic\u0103<\/h2>\n               <\/div>\n                                 <div class=\"information-block-content\"><p>Desc\u0103rca\u021bi fi\u0219ele tehnice ale produselor PENOSIL, fi\u0219ele cu date de securitate, declara\u021biile de perfoman\u021b\u0103 \u0219i certific\u0103ri.<\/p>\n<\/div>\n                              \n               <!-- Button styled element inside the parent link - maintains accessibility and styling -->\n               <div class=\"lst-item-btn\">\n                  <span class=\"btn rbtn\">\n                     Vezi documenta\u021bia tehnic\u0103                  <\/span>\n               <\/div>\n               \n                           <\/a>\n         <\/div>\n      <\/div>\n   <\/article>\n\n\n<p><\/p>\n<\/div>\n\n\n\n<div class=\"wp-block-column is-layout-flow wp-block-column-is-layout-flow\"><article id=\"pnsl-contact-block_5da9b3cea1ffa\" class=\"pnsl-information-block\" role=\"article\" aria-labelledby=\"pnsl-contact-block_5da9b3cea1ffa-title\">\n         <div class=\"pnsl-list-item d-flex align-items-center justify-content-between flex-column\">\n         <div class=\"lst-item-cnt\">\n            <!-- Single comprehensive link wrapping all content for better accessibility -->\n            <a href=\"https:\/\/penosil.com\/ro\/centrul-de-expertiza\/cataloage\/\"\n               class=\"information-block-link\"\n                              aria-label=\"View Know-how produs\"\n               >\n\n                                                   <div class=\"lst-item-image d-flex align-items-end justify-content-center\">\n                     <img decoding=\"async\" src=\"https:\/\/penosil.com\/ro\/wp-content\/uploads\/sites\/8\/2019\/10\/pruoddcu_manual.svg\"\n                        alt=\"Image for Know-how produs\"\n                        role=\"presentation\" \/>\n                  <\/div>\n               \n               <div class=\"information-block-header\">\n                  <h2 id=\"pnsl-contact-block_5da9b3cea1ffa-title\">Know-how produs<\/h2>\n               <\/div>\n                                 <div class=\"information-block-content\"><p>Biblioteca de expertiz\u0103 PENOSIL \u0219i materiale de asisten\u021b\u0103 pentru utilizarea produselor PENOSIL \u00een proiecte structurale mai complexe.<\/p>\n<p>.<\/p>\n<\/div>\n                              \n               <!-- Button styled element inside the parent link - maintains accessibility and styling -->\n               <div class=\"lst-item-btn\">\n                  <span class=\"btn rbtn\">\n                     Vezi manualele produselor                  <\/span>\n               <\/div>\n               \n                           <\/a>\n         <\/div>\n      <\/div>\n   <\/article><\/div>\n<\/div>\n\n\n\n<div class=\"wp-block-columns has-3-columns is-layout-flex wp-container-core-columns-is-layout-9d6595d7 wp-block-columns-is-layout-flex\">\n<div class=\"wp-block-column is-layout-flow wp-block-column-is-layout-flow\"><article id=\"pnsl-contact-block_5da9b583a2002\" class=\"pnsl-information-block\" role=\"article\" aria-labelledby=\"pnsl-contact-block_5da9b583a2002-title\">\n         <div class=\"pnsl-list-item d-flex align-items-center justify-content-between flex-column\">\n         <div class=\"lst-item-cnt\">\n            <!-- Single comprehensive link wrapping all content for better accessibility -->\n            <a href=\"https:\/\/penosil.com\/ro\/centrul-de-expertiza\/calculator-consum-materiale\/\"\n               class=\"information-block-link\"\n                              aria-label=\"View Calculator\"\n               >\n\n                                                   <div class=\"lst-item-image d-flex align-items-end justify-content-center\">\n                     <img decoding=\"async\" src=\"https:\/\/penosil.com\/ro\/wp-content\/uploads\/sites\/8\/2019\/08\/calculator.svg\"\n                        alt=\"Image for Calculator\"\n                        role=\"presentation\" \/>\n                  <\/div>\n               \n               <div class=\"information-block-header\">\n                  <h2 id=\"pnsl-contact-block_5da9b583a2002-title\">Calculator<\/h2>\n               <\/div>\n                                 <div class=\"information-block-content\"><p>G\u00e2nde\u0219te ecologic \u0219i folose\u0219te instrumentele noastre pentru a calcula cu u\u0219urin\u021b\u0103 consumul de material pentru a reduce la minimum de\u0219eurile.<\/p>\n<\/div>\n                              \n               <!-- Button styled element inside the parent link - maintains accessibility and styling -->\n               <div class=\"lst-item-btn\">\n                  <span class=\"btn rbtn\">\n                     Mergi la calculator                  <\/span>\n               <\/div>\n               \n                           <\/a>\n         <\/div>\n      <\/div>\n   <\/article><\/div>\n\n\n\n<div class=\"wp-block-column is-layout-flow wp-block-column-is-layout-flow\"><article id=\"pnsl-contact-block_5da9b51ea1ffe\" class=\"pnsl-information-block\" role=\"article\" aria-labelledby=\"pnsl-contact-block_5da9b51ea1ffe-title\">\n         <div class=\"pnsl-list-item d-flex align-items-center justify-content-between flex-column\">\n         <div class=\"lst-item-cnt\">\n            <!-- Single comprehensive link wrapping all content for better accessibility -->\n            <a href=\"https:\/\/penosil.com\/ro\/centrul-de-expertiza\/articole-educationale\/\"\n               class=\"information-block-link\"\n                              aria-label=\"View Articole educa\u021bionale\"\n               >\n\n                                                   <div class=\"lst-item-image d-flex align-items-end justify-content-center\">\n                     <img decoding=\"async\" src=\"https:\/\/penosil.com\/ro\/wp-content\/uploads\/sites\/8\/2019\/10\/artiklid.svg\"\n                        alt=\"Image for Articole educa\u021bionale\"\n                        role=\"presentation\" \/>\n                  <\/div>\n               \n               <div class=\"information-block-header\">\n                  <h2 id=\"pnsl-contact-block_5da9b51ea1ffe-title\">Articole educa\u021bionale<\/h2>\n               <\/div>\n                                 <div class=\"information-block-content\"><p>G\u0103se\u0219te aici informa\u021bii interesante despre construc\u021bii eficiente din punct de vedere energetic \u0219i ecologic, precum \u0219i despre evolu\u021biile din industria chimic\u0103 \u0219i a materialelor de construc\u021bie.<\/p>\n<\/div>\n                              \n               <!-- Button styled element inside the parent link - maintains accessibility and styling -->\n               <div class=\"lst-item-btn\">\n                  <span class=\"btn rbtn\">\n                     Cite\u0219te articole                  <\/span>\n               <\/div>\n               \n                           <\/a>\n         <\/div>\n      <\/div>\n   <\/article><\/div>\n\n\n\n<div class=\"wp-block-column is-layout-flow wp-block-column-is-layout-flow\"><article id=\"pnsl-contact-block_5da9b52da1fff\" class=\"pnsl-information-block\" role=\"article\" aria-labelledby=\"pnsl-contact-block_5da9b52da1fff-title\">\n         <div class=\"pnsl-list-item d-flex align-items-center justify-content-between flex-column\">\n         <div class=\"lst-item-cnt\">\n            <!-- Single comprehensive link wrapping all content for better accessibility -->\n            <a href=\"https:\/\/penosil.com\/ro\/centrul-de-expertiza\/schite-pentru-arhitecti\/\"\n               class=\"information-block-link\"\n                              aria-label=\"View Schi\u021be pentru arhitec\u021bi\"\n               >\n\n                                                   <div class=\"lst-item-image d-flex align-items-end justify-content-center\">\n                     <img decoding=\"async\" src=\"https:\/\/penosil.com\/ro\/wp-content\/uploads\/sites\/8\/2019\/10\/joonis-e1571403880736.png\"\n                        alt=\"Image for Schi\u021be pentru arhitec\u021bi\"\n                        role=\"presentation\" \/>\n                  <\/div>\n               \n               <div class=\"information-block-header\">\n                  <h2 id=\"pnsl-contact-block_5da9b52da1fff-title\">Schi\u021be pentru arhitec\u021bi<\/h2>\n               <\/div>\n                                 <div class=\"information-block-content\"><p>Schi\u021be de unit\u0103\u021bi de construc\u021bie pentru diferite tipuri de cl\u0103diri \u00een format PDF \u0219i DWG.<\/p>\n<\/div>\n                              \n               <!-- Button styled element inside the parent link - maintains accessibility and styling -->\n               <div class=\"lst-item-btn\">\n                  <span class=\"btn rbtn\">\n                     Vezi schi\u021bele                  <\/span>\n               <\/div>\n               \n                           <\/a>\n         <\/div>\n      <\/div>\n   <\/article><\/div>\n<\/div>\n\n\n\n<div class=\"wp-block-columns is-layout-flex wp-container-core-columns-is-layout-9d6595d7 wp-block-columns-is-layout-flex\">\n<div class=\"wp-block-column is-layout-flow wp-block-column-is-layout-flow\"><article id=\"pnsl-contact-block_611e621509397\" class=\"pnsl-information-block\" role=\"article\" aria-labelledby=\"pnsl-contact-block_611e621509397-title\">\n         <div class=\"pnsl-list-item d-flex align-items-center justify-content-between flex-column\">\n         <div class=\"lst-item-cnt\">\n            <!-- Single comprehensive link wrapping all content for better accessibility -->\n            <a href=\"https:\/\/penosil.com\/ro\/centrul-de-expertiza\/intrebari-frecvente\/\"\n               class=\"information-block-link\"\n                              aria-label=\"View FAQ\"\n               >\n\n                                                   <div class=\"lst-item-image d-flex align-items-end justify-content-center\">\n                     <img decoding=\"async\" src=\"https:\/\/penosil.com\/ro\/wp-content\/uploads\/sites\/8\/2021\/08\/faq.svg\"\n                        alt=\"faq\"\n                        role=\"presentation\" \/>\n                  <\/div>\n               \n               <div class=\"information-block-header\">\n                  <h2 id=\"pnsl-contact-block_611e621509397-title\">FAQ<\/h2>\n               <\/div>\n                                 <div class=\"information-block-content\"><p>Bine a\u021bi venit pe pagina noastr\u0103 de \u00eentreb\u0103ri frecvente unde pute\u021bi g\u0103si sfaturile \u0219i r\u0103spunsurile exper\u021bilor no\u0219tri la \u00eentreb\u0103rile dvs. legate de produsele PENOSIL.<\/p>\n<\/div>\n                              \n               <!-- Button styled element inside the parent link - maintains accessibility and styling -->\n               <div class=\"lst-item-btn\">\n                  <span class=\"btn rbtn\">\n                     G\u0103se\u0219te r\u0103spunsuri                  <\/span>\n               <\/div>\n               \n                           <\/a>\n         <\/div>\n      <\/div>\n   <\/article><\/div>\n\n\n\n<div class=\"wp-block-column is-layout-flow wp-block-column-is-layout-flow\"><\/div>\n\n\n\n<div class=\"wp-block-column is-layout-flow wp-block-column-is-layout-flow\"><\/div>\n<\/div>\n","protected":false},"excerpt":{"rendered":"","protected":false},"author":1,"featured_media":0,"parent":0,"menu_order":0,"comment_status":"closed","ping_status":"closed","template":"page-templates\/template-knowledge.php","meta":{"_acf_changed":false,"advgb_blocks_editor_width":"full","advgb_blocks_columns_visual_guide":"","footnotes":""},"class_list":["post-6533","page","type-page","status-publish","hentry"],"acf":[],"yoast_head":"<!-- This site is optimized with the Yoast SEO plugin v27.2 - https:\/\/yoast.com\/product\/yoast-seo-wordpress\/ -->\n<title>Centrul de expertiz\u0103 Penosil - Penosil Rom\u00e2nia<\/title>\n<meta name=\"description\" content=\"La centrul de expertiz\u0103 ve\u021bi g\u0103si tutoriale video, documenta\u021bie tehnic\u0103, calculatoare de consum, schi\u021be arhitecturale, sfaturi \u0219i sugestii.\" \/>\n<meta name=\"robots\" content=\"index, follow, max-snippet:-1, max-image-preview:large, max-video-preview:-1\" \/>\n<link rel=\"canonical\" href=\"https:\/\/penosil.com\/ro\/centrul-de-expertiza\/\" \/>\n<meta property=\"og:locale\" content=\"ro_RO\" \/>\n<meta property=\"og:type\" content=\"article\" \/>\n<meta property=\"og:title\" content=\"Centrul de expertiz\u0103 Penosil - Penosil Rom\u00e2nia\" \/>\n<meta property=\"og:description\" content=\"La centrul de expertiz\u0103 ve\u021bi g\u0103si tutoriale video, documenta\u021bie tehnic\u0103, calculatoare de consum, schi\u021be arhitecturale, sfaturi \u0219i sugestii.\" \/>\n<meta property=\"og:url\" content=\"https:\/\/penosil.com\/ro\/centrul-de-expertiza\/\" \/>\n<meta property=\"og:site_name\" content=\"Penosil Romania\" \/>\n<meta property=\"article:modified_time\" content=\"2021-08-19T14:07:56+00:00\" \/>\n<meta name=\"twitter:card\" content=\"summary_large_image\" \/>\n<script type=\"application\/ld+json\" class=\"yoast-schema-graph\">{\"@context\":\"https:\/\/schema.org\",\"@graph\":[{\"@type\":\"WebPage\",\"@id\":\"https:\/\/penosil.com\/ro\/centrul-de-expertiza\/\",\"url\":\"https:\/\/penosil.com\/ro\/centrul-de-expertiza\/\",\"name\":\"Centrul de expertiz\u0103 Penosil - Penosil Rom\u00e2nia\",\"isPartOf\":{\"@id\":\"https:\/\/penosil.com\/ro\/#website\"},\"datePublished\":\"2019-07-24T13:17:09+00:00\",\"dateModified\":\"2021-08-19T14:07:56+00:00\",\"description\":\"La centrul de expertiz\u0103 ve\u021bi g\u0103si tutoriale video, documenta\u021bie tehnic\u0103, calculatoare de consum, schi\u021be arhitecturale, sfaturi \u0219i sugestii.\",\"breadcrumb\":{\"@id\":\"https:\/\/penosil.com\/ro\/centrul-de-expertiza\/#breadcrumb\"},\"inLanguage\":\"ro-RO\",\"potentialAction\":[{\"@type\":\"ReadAction\",\"target\":[\"https:\/\/penosil.com\/ro\/centrul-de-expertiza\/\"]}]},{\"@type\":\"BreadcrumbList\",\"@id\":\"https:\/\/penosil.com\/ro\/centrul-de-expertiza\/#breadcrumb\",\"itemListElement\":[{\"@type\":\"ListItem\",\"position\":1,\"name\":\"Prima pagin\u0103\",\"item\":\"https:\/\/penosil.com\/ro\/\"},{\"@type\":\"ListItem\",\"position\":2,\"name\":\"Centrul de expertiz\u0103\"}]},{\"@type\":\"WebSite\",\"@id\":\"https:\/\/penosil.com\/ro\/#website\",\"url\":\"https:\/\/penosil.com\/ro\/\",\"name\":\"Penosil Romania\",\"description\":\"\",\"potentialAction\":[{\"@type\":\"SearchAction\",\"target\":{\"@type\":\"EntryPoint\",\"urlTemplate\":\"https:\/\/penosil.com\/ro\/?s={search_term_string}\"},\"query-input\":{\"@type\":\"PropertyValueSpecification\",\"valueRequired\":true,\"valueName\":\"search_term_string\"}}],\"inLanguage\":\"ro-RO\"}]}<\/script>\n<!-- \/ Yoast SEO plugin. -->","yoast_head_json":{"title":"Centrul de expertiz\u0103 Penosil - Penosil Rom\u00e2nia","description":"La centrul de expertiz\u0103 ve\u021bi g\u0103si tutoriale video, documenta\u021bie tehnic\u0103, calculatoare de consum, schi\u021be arhitecturale, sfaturi \u0219i sugestii.","robots":{"index":"index","follow":"follow","max-snippet":"max-snippet:-1","max-image-preview":"max-image-preview:large","max-video-preview":"max-video-preview:-1"},"canonical":"https:\/\/penosil.com\/ro\/centrul-de-expertiza\/","og_locale":"ro_RO","og_type":"article","og_title":"Centrul de expertiz\u0103 Penosil - Penosil Rom\u00e2nia","og_description":"La centrul de expertiz\u0103 ve\u021bi g\u0103si tutoriale video, documenta\u021bie tehnic\u0103, calculatoare de consum, schi\u021be arhitecturale, sfaturi \u0219i sugestii.","og_url":"https:\/\/penosil.com\/ro\/centrul-de-expertiza\/","og_site_name":"Penosil Romania","article_modified_time":"2021-08-19T14:07:56+00:00","twitter_card":"summary_large_image","schema":{"@context":"https:\/\/schema.org","@graph":[{"@type":"WebPage","@id":"https:\/\/penosil.com\/ro\/centrul-de-expertiza\/","url":"https:\/\/penosil.com\/ro\/centrul-de-expertiza\/","name":"Centrul de expertiz\u0103 Penosil - Penosil Rom\u00e2nia","isPartOf":{"@id":"https:\/\/penosil.com\/ro\/#website"},"datePublished":"2019-07-24T13:17:09+00:00","dateModified":"2021-08-19T14:07:56+00:00","description":"La centrul de expertiz\u0103 ve\u021bi g\u0103si tutoriale video, documenta\u021bie tehnic\u0103, calculatoare de consum, schi\u021be arhitecturale, sfaturi \u0219i sugestii.","breadcrumb":{"@id":"https:\/\/penosil.com\/ro\/centrul-de-expertiza\/#breadcrumb"},"inLanguage":"ro-RO","potentialAction":[{"@type":"ReadAction","target":["https:\/\/penosil.com\/ro\/centrul-de-expertiza\/"]}]},{"@type":"BreadcrumbList","@id":"https:\/\/penosil.com\/ro\/centrul-de-expertiza\/#breadcrumb","itemListElement":[{"@type":"ListItem","position":1,"name":"Prima pagin\u0103","item":"https:\/\/penosil.com\/ro\/"},{"@type":"ListItem","position":2,"name":"Centrul de expertiz\u0103"}]},{"@type":"WebSite","@id":"https:\/\/penosil.com\/ro\/#website","url":"https:\/\/penosil.com\/ro\/","name":"Penosil Romania","description":"","potentialAction":[{"@type":"SearchAction","target":{"@type":"EntryPoint","urlTemplate":"https:\/\/penosil.com\/ro\/?s={search_term_string}"},"query-input":{"@type":"PropertyValueSpecification","valueRequired":true,"valueName":"search_term_string"}}],"inLanguage":"ro-RO"}]}},"coauthors":[],"author_meta":{"author_link":"https:\/\/penosil.com\/ro\/author\/reaktiiv-pe\/","display_name":"reaktiiv-pe"},"relative_dates":{"created":"Posted 7 ani ago","modified":"Updated 5 ani ago"},"absolute_dates":{"created":"Posted on 24 iulie 2019","modified":"Updated on 19 august 2021"},"absolute_dates_time":{"created":"Posted on 24 iulie 2019 13:17","modified":"Updated on 19 august 2021 14:07"},"featured_img_caption":"","featured_img":false,"series_order":"","_links":{"self":[{"href":"https:\/\/penosil.com\/ro\/wp-json\/wp\/v2\/pages\/6533","targetHints":{"allow":["GET"]}}],"collection":[{"href":"https:\/\/penosil.com\/ro\/wp-json\/wp\/v2\/pages"}],"about":[{"href":"https:\/\/penosil.com\/ro\/wp-json\/wp\/v2\/types\/page"}],"author":[{"embeddable":true,"href":"https:\/\/penosil.com\/ro\/wp-json\/wp\/v2\/users\/1"}],"replies":[{"embeddable":true,"href":"https:\/\/penosil.com\/ro\/wp-json\/wp\/v2\/comments?post=6533"}],"version-history":[{"count":35,"href":"https:\/\/penosil.com\/ro\/wp-json\/wp\/v2\/pages\/6533\/revisions"}],"predecessor-version":[{"id":9594,"href":"https:\/\/penosil.com\/ro\/wp-json\/wp\/v2\/pages\/6533\/revisions\/9594"}],"wp:attachment":[{"href":"https:\/\/penosil.com\/ro\/wp-json\/wp\/v2\/media?parent=6533"}],"curies":[{"name":"wp","href":"https:\/\/api.w.org\/{rel}","templated":true}]}}