{"id":6586,"date":"2019-07-24T11:47:37","date_gmt":"2019-07-24T11:47:37","guid":{"rendered":"https:\/\/penosil.com\/ro\/my-list\/"},"modified":"2025-02-03T08:52:56","modified_gmt":"2025-02-03T08:52:56","slug":"lista-mea","status":"publish","type":"page","link":"https:\/\/penosil.com\/ro\/lista-mea\/","title":{"rendered":"Lista mea"},"content":{"rendered":"<p>Selecteaz\u0103 produsele de care ai nevoie \u0219i creeaz\u0103 lista ta personalizat\u0103 pe care s\u0103 o po\u021bi printa sau trimite drept comand\u0103 prin e-mail c\u0103tre distribuitorul oficial, Wolf Group Sealing Solutions Romania SRL.<\/p>\n","protected":false},"excerpt":{"rendered":"Selecteaz\u0103 produsele de care ai nevoie \u0219i creeaz\u0103 lista ta personalizat\u0103 pe care s\u0103 o po\u021bi printa sau trimite drept comand\u0103 prin e-mail c\u0103tre distribuitorul oficial, Wolf Group Sealing Solutions Romania SRL.","protected":false},"author":1,"featured_media":0,"parent":0,"menu_order":0,"comment_status":"closed","ping_status":"closed","template":"page-templates\/template-wish-list.php","meta":{"_acf_changed":false,"advgb_blocks_editor_width":"","advgb_blocks_columns_visual_guide":"","footnotes":""},"class_list":["post-6586","page","type-page","status-publish","hentry"],"acf":[],"yoast_head":"<!-- This site is optimized with the Yoast SEO plugin v27.2 - https:\/\/yoast.com\/product\/yoast-seo-wordpress\/ -->\n<title>Lista mea - Penosil Romania<\/title>\n<meta name=\"robots\" content=\"index, follow, max-snippet:-1, max-image-preview:large, max-video-preview:-1\" \/>\n<link rel=\"canonical\" href=\"https:\/\/penosil.com\/ro\/lista-mea\/\" \/>\n<meta property=\"og:locale\" content=\"ro_RO\" \/>\n<meta property=\"og:type\" content=\"article\" \/>\n<meta property=\"og:title\" content=\"Lista mea - Penosil Romania\" \/>\n<meta property=\"og:description\" content=\"Selecteaz\u0103 produsele de care ai nevoie \u0219i creeaz\u0103 lista ta personalizat\u0103 pe care s\u0103 o po\u021bi printa sau trimite drept comand\u0103 prin e-mail c\u0103tre distribuitorul oficial, Wolf Group Sealing Solutions Romania SRL.\" \/>\n<meta property=\"og:url\" content=\"https:\/\/penosil.com\/ro\/lista-mea\/\" \/>\n<meta property=\"og:site_name\" content=\"Penosil Romania\" \/>\n<meta property=\"article:modified_time\" content=\"2025-02-03T08:52:56+00:00\" \/>\n<meta name=\"twitter:card\" content=\"summary_large_image\" \/>\n<meta name=\"twitter:label1\" content=\"Timp estimat pentru citire\" \/>\n\t<meta name=\"twitter:data1\" content=\"1 minut\" \/>\n<script type=\"application\/ld+json\" class=\"yoast-schema-graph\">{\"@context\":\"https:\/\/schema.org\",\"@graph\":[{\"@type\":\"WebPage\",\"@id\":\"https:\/\/penosil.com\/ro\/lista-mea\/\",\"url\":\"https:\/\/penosil.com\/ro\/lista-mea\/\",\"name\":\"Lista mea - Penosil Romania\",\"isPartOf\":{\"@id\":\"https:\/\/penosil.com\/ro\/#website\"},\"datePublished\":\"2019-07-24T11:47:37+00:00\",\"dateModified\":\"2025-02-03T08:52:56+00:00\",\"breadcrumb\":{\"@id\":\"https:\/\/penosil.com\/ro\/lista-mea\/#breadcrumb\"},\"inLanguage\":\"ro-RO\",\"potentialAction\":[{\"@type\":\"ReadAction\",\"target\":[\"https:\/\/penosil.com\/ro\/lista-mea\/\"]}]},{\"@type\":\"BreadcrumbList\",\"@id\":\"https:\/\/penosil.com\/ro\/lista-mea\/#breadcrumb\",\"itemListElement\":[{\"@type\":\"ListItem\",\"position\":1,\"name\":\"Prima pagin\u0103\",\"item\":\"https:\/\/penosil.com\/ro\/\"},{\"@type\":\"ListItem\",\"position\":2,\"name\":\"Lista mea\"}]},{\"@type\":\"WebSite\",\"@id\":\"https:\/\/penosil.com\/ro\/#website\",\"url\":\"https:\/\/penosil.com\/ro\/\",\"name\":\"Penosil Romania\",\"description\":\"\",\"potentialAction\":[{\"@type\":\"SearchAction\",\"target\":{\"@type\":\"EntryPoint\",\"urlTemplate\":\"https:\/\/penosil.com\/ro\/?s={search_term_string}\"},\"query-input\":{\"@type\":\"PropertyValueSpecification\",\"valueRequired\":true,\"valueName\":\"search_term_string\"}}],\"inLanguage\":\"ro-RO\"}]}<\/script>\n<!-- \/ Yoast SEO plugin. -->","yoast_head_json":{"title":"Lista mea - Penosil Romania","robots":{"index":"index","follow":"follow","max-snippet":"max-snippet:-1","max-image-preview":"max-image-preview:large","max-video-preview":"max-video-preview:-1"},"canonical":"https:\/\/penosil.com\/ro\/lista-mea\/","og_locale":"ro_RO","og_type":"article","og_title":"Lista mea - Penosil Romania","og_description":"Selecteaz\u0103 produsele de care ai nevoie \u0219i creeaz\u0103 lista ta personalizat\u0103 pe care s\u0103 o po\u021bi printa sau trimite drept comand\u0103 prin e-mail c\u0103tre distribuitorul oficial, Wolf Group Sealing Solutions Romania SRL.","og_url":"https:\/\/penosil.com\/ro\/lista-mea\/","og_site_name":"Penosil Romania","article_modified_time":"2025-02-03T08:52:56+00:00","twitter_card":"summary_large_image","twitter_misc":{"Timp estimat pentru citire":"1 minut"},"schema":{"@context":"https:\/\/schema.org","@graph":[{"@type":"WebPage","@id":"https:\/\/penosil.com\/ro\/lista-mea\/","url":"https:\/\/penosil.com\/ro\/lista-mea\/","name":"Lista mea - Penosil Romania","isPartOf":{"@id":"https:\/\/penosil.com\/ro\/#website"},"datePublished":"2019-07-24T11:47:37+00:00","dateModified":"2025-02-03T08:52:56+00:00","breadcrumb":{"@id":"https:\/\/penosil.com\/ro\/lista-mea\/#breadcrumb"},"inLanguage":"ro-RO","potentialAction":[{"@type":"ReadAction","target":["https:\/\/penosil.com\/ro\/lista-mea\/"]}]},{"@type":"BreadcrumbList","@id":"https:\/\/penosil.com\/ro\/lista-mea\/#breadcrumb","itemListElement":[{"@type":"ListItem","position":1,"name":"Prima pagin\u0103","item":"https:\/\/penosil.com\/ro\/"},{"@type":"ListItem","position":2,"name":"Lista mea"}]},{"@type":"WebSite","@id":"https:\/\/penosil.com\/ro\/#website","url":"https:\/\/penosil.com\/ro\/","name":"Penosil Romania","description":"","potentialAction":[{"@type":"SearchAction","target":{"@type":"EntryPoint","urlTemplate":"https:\/\/penosil.com\/ro\/?s={search_term_string}"},"query-input":{"@type":"PropertyValueSpecification","valueRequired":true,"valueName":"search_term_string"}}],"inLanguage":"ro-RO"}]}},"coauthors":[],"author_meta":{"author_link":"https:\/\/penosil.com\/ro\/author\/reaktiiv-pe\/","display_name":"reaktiiv-pe"},"relative_dates":{"created":"Posted 7 ani ago","modified":"Updated 1 an ago"},"absolute_dates":{"created":"Posted on 24 iulie 2019","modified":"Updated on 3 februarie 2025"},"absolute_dates_time":{"created":"Posted on 24 iulie 2019 11:47","modified":"Updated on 3 februarie 2025 8:52"},"featured_img_caption":"","featured_img":false,"series_order":"","_links":{"self":[{"href":"https:\/\/penosil.com\/ro\/wp-json\/wp\/v2\/pages\/6586","targetHints":{"allow":["GET"]}}],"collection":[{"href":"https:\/\/penosil.com\/ro\/wp-json\/wp\/v2\/pages"}],"about":[{"href":"https:\/\/penosil.com\/ro\/wp-json\/wp\/v2\/types\/page"}],"author":[{"embeddable":true,"href":"https:\/\/penosil.com\/ro\/wp-json\/wp\/v2\/users\/1"}],"replies":[{"embeddable":true,"href":"https:\/\/penosil.com\/ro\/wp-json\/wp\/v2\/comments?post=6586"}],"version-history":[{"count":6,"href":"https:\/\/penosil.com\/ro\/wp-json\/wp\/v2\/pages\/6586\/revisions"}],"predecessor-version":[{"id":11262,"href":"https:\/\/penosil.com\/ro\/wp-json\/wp\/v2\/pages\/6586\/revisions\/11262"}],"wp:attachment":[{"href":"https:\/\/penosil.com\/ro\/wp-json\/wp\/v2\/media?parent=6586"}],"curies":[{"name":"wp","href":"https:\/\/api.w.org\/{rel}","templated":true}]}}