{"id":10124,"date":"2023-08-11T11:54:50","date_gmt":"2023-08-11T11:54:50","guid":{"rendered":"https:\/\/penosil.com\/ro\/?post_type=product&#038;p=10124"},"modified":"2025-07-14T10:15:01","modified_gmt":"2025-07-14T10:15:01","slug":"speedfix-all-exterior-777-adeziv-hibrid-multifunctional","status":"publish","type":"product","link":"https:\/\/penosil.com\/ro\/produse\/speedfix-all-exterior-777-adeziv-hibrid-multifunctional\/","title":{"rendered":"SpeedFix All Exterior 777"},"content":{"rendered":"<p>PENOSIL SpeedFix All Exterior 77 este un adeziv hibrid multifunc\u021bional cu aderen\u021b\u0103 ini\u021bial\u0103 ridicat\u0103 pentru utilizare la interior \u0219i exterior. Formeaz\u0103 o leg\u0103tur\u0103 rapid\u0103 \u0219i puternic\u0103 cu o gam\u0103 larg\u0103 de materiale, inclusiv suprafe\u021be metalice.<\/p>\n","protected":false},"excerpt":{"rendered":"PENOSIL SpeedFix All Exterior 77 este un adeziv hibrid multifunc\u021bional cu aderen\u021b\u0103 ini\u021bial\u0103 ridicat\u0103 pentru utilizare la interior \u0219i exterior. Formeaz\u0103 o leg\u0103tur\u0103 rapid\u0103 \u0219i puternic\u0103 cu o gam\u0103 larg\u0103 de materiale, inclusiv suprafe\u021be metalice.","protected":false},"author":13,"featured_media":10125,"template":"","meta":{"_acf_changed":false,"advgb_blocks_editor_width":"","advgb_blocks_columns_visual_guide":"","footnotes":""},"product_brand":[],"product_cat":[338,1433,1373,1392,352],"product_tag":[],"class_list":{"0":"post-10124","1":"product","2":"type-product","3":"status-publish","4":"has-post-thumbnail","6":"product_cat-categorii","7":"product_cat-adezivi-de-constructie","8":"product_cat-game-de-produse","9":"product_cat-adezivi","10":"product_cat-lipire","12":"first","13":"outofstock","14":"taxable","15":"shipping-taxable","16":"purchasable","17":"product-type-simple"},"acf":[],"yoast_head":"<!-- This site is optimized with the Yoast SEO plugin v27.2 - https:\/\/yoast.com\/product\/yoast-seo-wordpress\/ -->\n<title>SpeedFix All Exterior 777 adeziv hibrid multifunc\u021bional<\/title>\n<meta name=\"description\" content=\"PENOSIL SpeedFix All Exterior 777 etan\u0219ant adeziv, aderen\u021b\u0103 deosebit\u0103, pentru exterior, rezistent la UV, intemperii, poate fi vopsit\" \/>\n<meta name=\"robots\" content=\"index, follow, max-snippet:-1, max-image-preview:large, max-video-preview:-1\" \/>\n<link rel=\"canonical\" href=\"https:\/\/penosil.com\/ro\/produse\/speedfix-all-exterior-777-adeziv-hibrid-multifunctional\/\" \/>\n<meta property=\"og:locale\" content=\"ro_RO\" \/>\n<meta property=\"og:type\" content=\"article\" \/>\n<meta property=\"og:title\" content=\"SpeedFix All Exterior 777 adeziv hibrid multifunc\u021bional\" \/>\n<meta property=\"og:description\" content=\"PENOSIL SpeedFix All Exterior 777 etan\u0219ant adeziv, aderen\u021b\u0103 deosebit\u0103, pentru exterior, rezistent la UV, intemperii, poate fi vopsit\" \/>\n<meta property=\"og:url\" content=\"https:\/\/penosil.com\/ro\/produse\/speedfix-all-exterior-777-adeziv-hibrid-multifunctional\/\" \/>\n<meta property=\"og:site_name\" content=\"Penosil Romania\" \/>\n<meta property=\"article:modified_time\" content=\"2025-07-14T10:15:01+00:00\" \/>\n<meta property=\"og:image\" content=\"https:\/\/penosil.com\/ro\/wp-content\/uploads\/sites\/8\/2023\/08\/777_Penosil_SpeedFix_All-Exterior_777_280ml_RO_BG.png\" \/>\n\t<meta property=\"og:image:width\" content=\"870\" \/>\n\t<meta property=\"og:image:height\" content=\"2430\" \/>\n\t<meta property=\"og:image:type\" content=\"image\/png\" \/>\n<meta name=\"twitter:card\" content=\"summary_large_image\" \/>\n<meta name=\"twitter:label1\" content=\"Timp estimat pentru citire\" \/>\n\t<meta name=\"twitter:data1\" content=\"3 minute\" \/>\n<script type=\"application\/ld+json\" class=\"yoast-schema-graph\">{\"@context\":\"https:\/\/schema.org\",\"@graph\":[{\"@type\":\"WebPage\",\"@id\":\"https:\/\/penosil.com\/ro\/produse\/speedfix-all-exterior-777-adeziv-hibrid-multifunctional\/\",\"url\":\"https:\/\/penosil.com\/ro\/produse\/speedfix-all-exterior-777-adeziv-hibrid-multifunctional\/\",\"name\":\"SpeedFix All Exterior 777 adeziv hibrid multifunc\u021bional\",\"isPartOf\":{\"@id\":\"https:\/\/penosil.com\/ro\/#website\"},\"primaryImageOfPage\":{\"@id\":\"https:\/\/penosil.com\/ro\/produse\/speedfix-all-exterior-777-adeziv-hibrid-multifunctional\/#primaryimage\"},\"image\":{\"@id\":\"https:\/\/penosil.com\/ro\/produse\/speedfix-all-exterior-777-adeziv-hibrid-multifunctional\/#primaryimage\"},\"thumbnailUrl\":\"https:\/\/penosil.com\/ro\/wp-content\/uploads\/sites\/8\/2023\/08\/777_Penosil_SpeedFix_All-Exterior_777_280ml_RO_BG.png\",\"datePublished\":\"2023-08-11T11:54:50+00:00\",\"dateModified\":\"2025-07-14T10:15:01+00:00\",\"description\":\"PENOSIL SpeedFix All Exterior 777 etan\u0219ant adeziv, aderen\u021b\u0103 deosebit\u0103, pentru exterior, rezistent la UV, intemperii, poate fi vopsit\",\"breadcrumb\":{\"@id\":\"https:\/\/penosil.com\/ro\/produse\/speedfix-all-exterior-777-adeziv-hibrid-multifunctional\/#breadcrumb\"},\"inLanguage\":\"ro-RO\",\"potentialAction\":[{\"@type\":\"ReadAction\",\"target\":[\"https:\/\/penosil.com\/ro\/produse\/speedfix-all-exterior-777-adeziv-hibrid-multifunctional\/\"]}]},{\"@type\":\"ImageObject\",\"inLanguage\":\"ro-RO\",\"@id\":\"https:\/\/penosil.com\/ro\/produse\/speedfix-all-exterior-777-adeziv-hibrid-multifunctional\/#primaryimage\",\"url\":\"https:\/\/penosil.com\/ro\/wp-content\/uploads\/sites\/8\/2023\/08\/777_Penosil_SpeedFix_All-Exterior_777_280ml_RO_BG.png\",\"contentUrl\":\"https:\/\/penosil.com\/ro\/wp-content\/uploads\/sites\/8\/2023\/08\/777_Penosil_SpeedFix_All-Exterior_777_280ml_RO_BG.png\",\"width\":870,\"height\":2430,\"caption\":\"PENOSIL SpeedFix All Exterior 77 adeziv hibrid multifunc\u021bional, aderenta ini\u021bial\u0103 ridicat\u0103, interior \u0219i exterior\"},{\"@type\":\"BreadcrumbList\",\"@id\":\"https:\/\/penosil.com\/ro\/produse\/speedfix-all-exterior-777-adeziv-hibrid-multifunctional\/#breadcrumb\",\"itemListElement\":[{\"@type\":\"ListItem\",\"position\":1,\"name\":\"Prima pagin\u0103\",\"item\":\"https:\/\/penosil.com\/ro\/\"},{\"@type\":\"ListItem\",\"position\":2,\"name\":\"Produse\",\"item\":\"https:\/\/penosil.com\/ro\/etansanti\/\"},{\"@type\":\"ListItem\",\"position\":3,\"name\":\"SpeedFix All Exterior 777\"}]},{\"@type\":\"WebSite\",\"@id\":\"https:\/\/penosil.com\/ro\/#website\",\"url\":\"https:\/\/penosil.com\/ro\/\",\"name\":\"Penosil Romania\",\"description\":\"\",\"potentialAction\":[{\"@type\":\"SearchAction\",\"target\":{\"@type\":\"EntryPoint\",\"urlTemplate\":\"https:\/\/penosil.com\/ro\/?s={search_term_string}\"},\"query-input\":{\"@type\":\"PropertyValueSpecification\",\"valueRequired\":true,\"valueName\":\"search_term_string\"}}],\"inLanguage\":\"ro-RO\"}]}<\/script>\n<!-- \/ Yoast SEO plugin. -->","yoast_head_json":{"title":"SpeedFix All Exterior 777 adeziv hibrid multifunc\u021bional","description":"PENOSIL SpeedFix All Exterior 777 etan\u0219ant adeziv, aderen\u021b\u0103 deosebit\u0103, pentru exterior, rezistent la UV, intemperii, poate fi vopsit","robots":{"index":"index","follow":"follow","max-snippet":"max-snippet:-1","max-image-preview":"max-image-preview:large","max-video-preview":"max-video-preview:-1"},"canonical":"https:\/\/penosil.com\/ro\/produse\/speedfix-all-exterior-777-adeziv-hibrid-multifunctional\/","og_locale":"ro_RO","og_type":"article","og_title":"SpeedFix All Exterior 777 adeziv hibrid multifunc\u021bional","og_description":"PENOSIL SpeedFix All Exterior 777 etan\u0219ant adeziv, aderen\u021b\u0103 deosebit\u0103, pentru exterior, rezistent la UV, intemperii, poate fi vopsit","og_url":"https:\/\/penosil.com\/ro\/produse\/speedfix-all-exterior-777-adeziv-hibrid-multifunctional\/","og_site_name":"Penosil Romania","article_modified_time":"2025-07-14T10:15:01+00:00","og_image":[{"width":870,"height":2430,"url":"https:\/\/penosil.com\/ro\/wp-content\/uploads\/sites\/8\/2023\/08\/777_Penosil_SpeedFix_All-Exterior_777_280ml_RO_BG.png","type":"image\/png"}],"twitter_card":"summary_large_image","twitter_misc":{"Timp estimat pentru citire":"3 minute"},"schema":{"@context":"https:\/\/schema.org","@graph":[{"@type":"WebPage","@id":"https:\/\/penosil.com\/ro\/produse\/speedfix-all-exterior-777-adeziv-hibrid-multifunctional\/","url":"https:\/\/penosil.com\/ro\/produse\/speedfix-all-exterior-777-adeziv-hibrid-multifunctional\/","name":"SpeedFix All Exterior 777 adeziv hibrid multifunc\u021bional","isPartOf":{"@id":"https:\/\/penosil.com\/ro\/#website"},"primaryImageOfPage":{"@id":"https:\/\/penosil.com\/ro\/produse\/speedfix-all-exterior-777-adeziv-hibrid-multifunctional\/#primaryimage"},"image":{"@id":"https:\/\/penosil.com\/ro\/produse\/speedfix-all-exterior-777-adeziv-hibrid-multifunctional\/#primaryimage"},"thumbnailUrl":"https:\/\/penosil.com\/ro\/wp-content\/uploads\/sites\/8\/2023\/08\/777_Penosil_SpeedFix_All-Exterior_777_280ml_RO_BG.png","datePublished":"2023-08-11T11:54:50+00:00","dateModified":"2025-07-14T10:15:01+00:00","description":"PENOSIL SpeedFix All Exterior 777 etan\u0219ant adeziv, aderen\u021b\u0103 deosebit\u0103, pentru exterior, rezistent la UV, intemperii, poate fi vopsit","breadcrumb":{"@id":"https:\/\/penosil.com\/ro\/produse\/speedfix-all-exterior-777-adeziv-hibrid-multifunctional\/#breadcrumb"},"inLanguage":"ro-RO","potentialAction":[{"@type":"ReadAction","target":["https:\/\/penosil.com\/ro\/produse\/speedfix-all-exterior-777-adeziv-hibrid-multifunctional\/"]}]},{"@type":"ImageObject","inLanguage":"ro-RO","@id":"https:\/\/penosil.com\/ro\/produse\/speedfix-all-exterior-777-adeziv-hibrid-multifunctional\/#primaryimage","url":"https:\/\/penosil.com\/ro\/wp-content\/uploads\/sites\/8\/2023\/08\/777_Penosil_SpeedFix_All-Exterior_777_280ml_RO_BG.png","contentUrl":"https:\/\/penosil.com\/ro\/wp-content\/uploads\/sites\/8\/2023\/08\/777_Penosil_SpeedFix_All-Exterior_777_280ml_RO_BG.png","width":870,"height":2430,"caption":"PENOSIL SpeedFix All Exterior 77 adeziv hibrid multifunc\u021bional, aderenta ini\u021bial\u0103 ridicat\u0103, interior \u0219i exterior"},{"@type":"BreadcrumbList","@id":"https:\/\/penosil.com\/ro\/produse\/speedfix-all-exterior-777-adeziv-hibrid-multifunctional\/#breadcrumb","itemListElement":[{"@type":"ListItem","position":1,"name":"Prima pagin\u0103","item":"https:\/\/penosil.com\/ro\/"},{"@type":"ListItem","position":2,"name":"Produse","item":"https:\/\/penosil.com\/ro\/etansanti\/"},{"@type":"ListItem","position":3,"name":"SpeedFix All Exterior 777"}]},{"@type":"WebSite","@id":"https:\/\/penosil.com\/ro\/#website","url":"https:\/\/penosil.com\/ro\/","name":"Penosil Romania","description":"","potentialAction":[{"@type":"SearchAction","target":{"@type":"EntryPoint","urlTemplate":"https:\/\/penosil.com\/ro\/?s={search_term_string}"},"query-input":{"@type":"PropertyValueSpecification","valueRequired":true,"valueName":"search_term_string"}}],"inLanguage":"ro-RO"}]}},"featured_img":"https:\/\/penosil.com\/ro\/wp-content\/uploads\/sites\/8\/2023\/08\/777_Penosil_SpeedFix_All-Exterior_777_280ml_RO_BG.png","coauthors":[],"author_meta":{"author_link":"https:\/\/penosil.com\/ro\/author\/mara\/","display_name":"Mara"},"relative_dates":{"created":"Posted 3 ani ago","modified":"Updated 9 luni ago"},"absolute_dates":{"created":"Posted on 11 august 2023","modified":"Updated on 14 iulie 2025"},"absolute_dates_time":{"created":"Posted on 11 august 2023 11:54","modified":"Updated on 14 iulie 2025 10:15"},"featured_img_caption":"","tax_additional":{"product_brand":{"linked":[],"unlinked":[],"slug":"product_brand","name":"Branduri"},"product_type":{"linked":["<a href=\"https:\/\/penosil.com\/ro\/?taxonomy=product_type&#038;term=simple\" class=\"advgb-post-tax-term\">simple<\/a>"],"unlinked":["<span class=\"advgb-post-tax-term\">simple<\/span>"],"slug":"product_type","name":"Tip de produs"},"product_visibility":{"linked":["<a href=\"https:\/\/penosil.com\/ro\/en\/?taxonomy=product_visibility&#038;term=outofstock\" class=\"advgb-post-tax-term\">outofstock<\/a>"],"unlinked":["<span class=\"advgb-post-tax-term\">outofstock<\/span>"],"slug":"product_visibility","name":"Vizibilitate produs"},"product_cat":{"linked":["<a href=\"https:\/\/penosil.com\/ro\/categorie-produs\/categorii\/\" class=\"advgb-post-tax-term\">Categorii<\/a>","<a href=\"https:\/\/penosil.com\/ro\/categorie-produs\/game-de-produse\/adezivi\/adezivi-de-constructie\/\" class=\"advgb-post-tax-term\">Adezivi de construc\u021bie<\/a>","<a href=\"https:\/\/penosil.com\/ro\/categorie-produs\/game-de-produse\/\" class=\"advgb-post-tax-term\">Game de produse<\/a>","<a href=\"https:\/\/penosil.com\/ro\/categorie-produs\/game-de-produse\/adezivi\/\" class=\"advgb-post-tax-term\">Adezivi<\/a>","<a href=\"https:\/\/penosil.com\/ro\/categorie-produs\/categorii\/lipire\/\" class=\"advgb-post-tax-term\">Adezivi<\/a>"],"unlinked":["<span class=\"advgb-post-tax-term\">Categorii<\/span>","<span class=\"advgb-post-tax-term\">Adezivi de construc\u021bie<\/span>","<span class=\"advgb-post-tax-term\">Game de produse<\/span>","<span class=\"advgb-post-tax-term\">Adezivi<\/span>","<span class=\"advgb-post-tax-term\">Adezivi<\/span>"],"slug":"product_cat","name":"Categorii de produse"},"product_tag":{"linked":[],"unlinked":[],"slug":"product_tag","name":"Etichete produs"},"product_shipping_class":{"linked":[],"unlinked":[],"slug":"product_shipping_class","name":"Clase de livrare produse"},"pos_product_visibility":{"linked":[],"unlinked":[],"slug":"pos_product_visibility","name":"Vizibilitate produse \u00een POS"},"pa_ambalaj":{"linked":[],"unlinked":[],"slug":"pa_ambalaj","name":"Product AMBALAJ"},"pa_culoare":{"linked":["<a href=\"https:\/\/penosil.com\/ro\/?taxonomy=pa_culoare&#038;term=gri\" class=\"advgb-post-tax-term\">Gri<\/a>"],"unlinked":["<span class=\"advgb-post-tax-term\">Gri<\/span>"],"slug":"pa_culoare","name":"Product CULOARE"},"pa_ean":{"linked":[],"unlinked":[],"slug":"pa_ean","name":"Product EAN"},"pa_latime-banda":{"linked":[],"unlinked":[],"slug":"pa_latime-banda","name":"Product L\u0102\u021aIME BAND\u0102"},"pa_latime-rost":{"linked":[],"unlinked":[],"slug":"pa_latime-rost","name":"Product L\u0102\u021aIME ROST"},"translation_priority":{"linked":["<a href=\"https:\/\/penosil.com\/ro\/?taxonomy=translation_priority&#038;term=optional-ro\" class=\"advgb-post-tax-term\">Optional<\/a>"],"unlinked":["<span class=\"advgb-post-tax-term\">Optional<\/span>"],"slug":"translation_priority","name":"Translation Priorities"}},"series_order":"","_links":{"self":[{"href":"https:\/\/penosil.com\/ro\/wp-json\/wp\/v2\/product\/10124","targetHints":{"allow":["GET"]}}],"collection":[{"href":"https:\/\/penosil.com\/ro\/wp-json\/wp\/v2\/product"}],"about":[{"href":"https:\/\/penosil.com\/ro\/wp-json\/wp\/v2\/types\/product"}],"version-history":[{"count":3,"href":"https:\/\/penosil.com\/ro\/wp-json\/wp\/v2\/product\/10124\/revisions"}],"predecessor-version":[{"id":11500,"href":"https:\/\/penosil.com\/ro\/wp-json\/wp\/v2\/product\/10124\/revisions\/11500"}],"wp:featuredmedia":[{"embeddable":true,"href":"https:\/\/penosil.com\/ro\/wp-json\/wp\/v2\/media\/10125"}],"wp:attachment":[{"href":"https:\/\/penosil.com\/ro\/wp-json\/wp\/v2\/media?parent=10124"}],"wp:term":[{"taxonomy":"product_brand","embeddable":true,"href":"https:\/\/penosil.com\/ro\/wp-json\/wp\/v2\/product_brand?post=10124"},{"taxonomy":"product_cat","embeddable":true,"href":"https:\/\/penosil.com\/ro\/wp-json\/wp\/v2\/product_cat?post=10124"},{"taxonomy":"product_tag","embeddable":true,"href":"https:\/\/penosil.com\/ro\/wp-json\/wp\/v2\/product_tag?post=10124"}],"curies":[{"name":"wp","href":"https:\/\/api.w.org\/{rel}","templated":true}]}}