{"id":10130,"date":"2023-08-11T12:39:54","date_gmt":"2023-08-11T12:39:54","guid":{"rendered":"https:\/\/penosil.com\/ro\/?post_type=product&#038;p=10130"},"modified":"2026-04-15T11:00:22","modified_gmt":"2026-04-15T11:00:22","slug":"aquabrake-fiber-640-hidroizolant-armat-cu-fibre","status":"publish","type":"product","link":"https:\/\/penosil.com\/ro\/produse\/aquabrake-fiber-640-hidroizolant-armat-cu-fibre\/","title":{"rendered":"AquaBrake Fiber 640"},"content":{"rendered":"<p>PENOSIL AquaBrake Fiber 640 este un mastic hidroizolant armat cu fibre pe baz\u0103 de ap\u0103 pentru hidroizolare pere\u021bi \u0219i pardoseli \u00een zone cu umezeal\u0103 \u00eenainte de placarea cu gresie. Dup\u0103 uscare se formeaz\u0103 un strat elastic \u0219i impermeabil. Potrivit pentru pardoseli \u00eenc\u0103lzite.<\/p>\n","protected":false},"excerpt":{"rendered":"PENOSIL AquaBrake Fiber 640 este un mastic hidroizolant armat cu fibre pe baz\u0103 de ap\u0103 pentru hidroizolare pere\u021bi \u0219i pardoseli \u00een zone cu umezeal\u0103 \u00eenainte de placarea cu gresie. Dup\u0103 uscare se formeaz\u0103 un strat elastic \u0219i impermeabil. Potrivit pentru pardoseli \u00eenc\u0103lzite.","protected":false},"author":13,"featured_media":10135,"template":"","meta":{"_acf_changed":false,"advgb_blocks_editor_width":"","advgb_blocks_columns_visual_guide":"","footnotes":""},"product_brand":[],"product_cat":[2281,338,1373,1153,1714],"product_tag":[],"class_list":{"0":"post-10130","1":"product","2":"type-product","3":"status-publish","4":"has-post-thumbnail","6":"product_cat-hidroizolatii","7":"product_cat-categorii","8":"product_cat-game-de-produse","9":"product_cat-sanitare","10":"product_cat-tratamente-pentru-suprafete","12":"first","13":"outofstock","14":"taxable","15":"shipping-taxable","16":"purchasable","17":"product-type-variable","18":"has-default-attributes"},"acf":[],"yoast_head":"<!-- This site is optimized with the Yoast SEO plugin v27.2 - https:\/\/yoast.com\/product\/yoast-seo-wordpress\/ -->\n<title>AquaBrake Fiber 640 hidroizolant armat cu fibre<\/title>\n<meta name=\"description\" content=\"PENOSIL AquaBrake Fiber 640, hidroizolant consolidat cu fibre pentru impermeabilizarea podelelor \u0219i pere\u021bilor \u00een \u00eenc\u0103peri cu umiditate.\" \/>\n<meta name=\"robots\" content=\"index, follow, max-snippet:-1, max-image-preview:large, max-video-preview:-1\" \/>\n<link rel=\"canonical\" href=\"https:\/\/penosil.com\/ro\/produse\/aquabrake-fiber-640-hidroizolant-armat-cu-fibre\/\" \/>\n<meta property=\"og:locale\" content=\"ro_RO\" \/>\n<meta property=\"og:type\" content=\"article\" \/>\n<meta property=\"og:title\" content=\"AquaBrake Fiber 640 hidroizolant armat cu fibre\" \/>\n<meta property=\"og:description\" content=\"PENOSIL AquaBrake Fiber 640, hidroizolant consolidat cu fibre pentru impermeabilizarea podelelor \u0219i pere\u021bilor \u00een \u00eenc\u0103peri cu umiditate.\" \/>\n<meta property=\"og:url\" content=\"https:\/\/penosil.com\/ro\/produse\/aquabrake-fiber-640-hidroizolant-armat-cu-fibre\/\" \/>\n<meta property=\"og:site_name\" content=\"Penosil Romania\" \/>\n<meta property=\"article:modified_time\" content=\"2026-04-15T11:00:22+00:00\" \/>\n<meta property=\"og:image\" content=\"https:\/\/penosil.com\/ro\/wp-content\/uploads\/sites\/8\/2023\/08\/640_PENOSIL_AquaBrake_Fiber_640_1L_RO.png\" \/>\n\t<meta property=\"og:image:width\" content=\"707\" \/>\n\t<meta property=\"og:image:height\" content=\"648\" \/>\n\t<meta property=\"og:image:type\" content=\"image\/png\" \/>\n<meta name=\"twitter:card\" content=\"summary_large_image\" \/>\n<meta name=\"twitter:label1\" content=\"Timp estimat pentru citire\" \/>\n\t<meta name=\"twitter:data1\" content=\"6 minute\" \/>\n<script type=\"application\/ld+json\" class=\"yoast-schema-graph\">{\"@context\":\"https:\/\/schema.org\",\"@graph\":[{\"@type\":\"WebPage\",\"@id\":\"https:\/\/penosil.com\/ro\/produse\/aquabrake-fiber-640-hidroizolant-armat-cu-fibre\/\",\"url\":\"https:\/\/penosil.com\/ro\/produse\/aquabrake-fiber-640-hidroizolant-armat-cu-fibre\/\",\"name\":\"AquaBrake Fiber 640 hidroizolant armat cu fibre\",\"isPartOf\":{\"@id\":\"https:\/\/penosil.com\/ro\/#website\"},\"primaryImageOfPage\":{\"@id\":\"https:\/\/penosil.com\/ro\/produse\/aquabrake-fiber-640-hidroizolant-armat-cu-fibre\/#primaryimage\"},\"image\":{\"@id\":\"https:\/\/penosil.com\/ro\/produse\/aquabrake-fiber-640-hidroizolant-armat-cu-fibre\/#primaryimage\"},\"thumbnailUrl\":\"https:\/\/penosil.com\/ro\/wp-content\/uploads\/sites\/8\/2023\/08\/640_PENOSIL_AquaBrake_Fiber_640_1L_RO.png\",\"datePublished\":\"2023-08-11T12:39:54+00:00\",\"dateModified\":\"2026-04-15T11:00:22+00:00\",\"description\":\"PENOSIL AquaBrake Fiber 640, hidroizolant consolidat cu fibre pentru impermeabilizarea podelelor \u0219i pere\u021bilor \u00een \u00eenc\u0103peri cu umiditate.\",\"breadcrumb\":{\"@id\":\"https:\/\/penosil.com\/ro\/produse\/aquabrake-fiber-640-hidroizolant-armat-cu-fibre\/#breadcrumb\"},\"inLanguage\":\"ro-RO\",\"potentialAction\":[{\"@type\":\"ReadAction\",\"target\":[\"https:\/\/penosil.com\/ro\/produse\/aquabrake-fiber-640-hidroizolant-armat-cu-fibre\/\"]}]},{\"@type\":\"ImageObject\",\"inLanguage\":\"ro-RO\",\"@id\":\"https:\/\/penosil.com\/ro\/produse\/aquabrake-fiber-640-hidroizolant-armat-cu-fibre\/#primaryimage\",\"url\":\"https:\/\/penosil.com\/ro\/wp-content\/uploads\/sites\/8\/2023\/08\/640_PENOSIL_AquaBrake_Fiber_640_1L_RO.png\",\"contentUrl\":\"https:\/\/penosil.com\/ro\/wp-content\/uploads\/sites\/8\/2023\/08\/640_PENOSIL_AquaBrake_Fiber_640_1L_RO.png\",\"width\":707,\"height\":648,\"caption\":\"PENOSIL AquaBrake Fiber 640 mastic hidroizolant armat cu fibre pe baz\u0103 de ap\u0103\"},{\"@type\":\"BreadcrumbList\",\"@id\":\"https:\/\/penosil.com\/ro\/produse\/aquabrake-fiber-640-hidroizolant-armat-cu-fibre\/#breadcrumb\",\"itemListElement\":[{\"@type\":\"ListItem\",\"position\":1,\"name\":\"Prima pagin\u0103\",\"item\":\"https:\/\/penosil.com\/ro\/\"},{\"@type\":\"ListItem\",\"position\":2,\"name\":\"Produse\",\"item\":\"https:\/\/penosil.com\/ro\/etansanti\/\"},{\"@type\":\"ListItem\",\"position\":3,\"name\":\"AquaBrake Fiber 640\"}]},{\"@type\":\"WebSite\",\"@id\":\"https:\/\/penosil.com\/ro\/#website\",\"url\":\"https:\/\/penosil.com\/ro\/\",\"name\":\"Penosil Romania\",\"description\":\"\",\"potentialAction\":[{\"@type\":\"SearchAction\",\"target\":{\"@type\":\"EntryPoint\",\"urlTemplate\":\"https:\/\/penosil.com\/ro\/?s={search_term_string}\"},\"query-input\":{\"@type\":\"PropertyValueSpecification\",\"valueRequired\":true,\"valueName\":\"search_term_string\"}}],\"inLanguage\":\"ro-RO\"}]}<\/script>\n<!-- \/ Yoast SEO plugin. -->","yoast_head_json":{"title":"AquaBrake Fiber 640 hidroizolant armat cu fibre","description":"PENOSIL AquaBrake Fiber 640, hidroizolant consolidat cu fibre pentru impermeabilizarea podelelor \u0219i pere\u021bilor \u00een \u00eenc\u0103peri cu umiditate.","robots":{"index":"index","follow":"follow","max-snippet":"max-snippet:-1","max-image-preview":"max-image-preview:large","max-video-preview":"max-video-preview:-1"},"canonical":"https:\/\/penosil.com\/ro\/produse\/aquabrake-fiber-640-hidroizolant-armat-cu-fibre\/","og_locale":"ro_RO","og_type":"article","og_title":"AquaBrake Fiber 640 hidroizolant armat cu fibre","og_description":"PENOSIL AquaBrake Fiber 640, hidroizolant consolidat cu fibre pentru impermeabilizarea podelelor \u0219i pere\u021bilor \u00een \u00eenc\u0103peri cu umiditate.","og_url":"https:\/\/penosil.com\/ro\/produse\/aquabrake-fiber-640-hidroizolant-armat-cu-fibre\/","og_site_name":"Penosil Romania","article_modified_time":"2026-04-15T11:00:22+00:00","og_image":[{"width":707,"height":648,"url":"https:\/\/penosil.com\/ro\/wp-content\/uploads\/sites\/8\/2023\/08\/640_PENOSIL_AquaBrake_Fiber_640_1L_RO.png","type":"image\/png"}],"twitter_card":"summary_large_image","twitter_misc":{"Timp estimat pentru citire":"6 minute"},"schema":{"@context":"https:\/\/schema.org","@graph":[{"@type":"WebPage","@id":"https:\/\/penosil.com\/ro\/produse\/aquabrake-fiber-640-hidroizolant-armat-cu-fibre\/","url":"https:\/\/penosil.com\/ro\/produse\/aquabrake-fiber-640-hidroizolant-armat-cu-fibre\/","name":"AquaBrake Fiber 640 hidroizolant armat cu fibre","isPartOf":{"@id":"https:\/\/penosil.com\/ro\/#website"},"primaryImageOfPage":{"@id":"https:\/\/penosil.com\/ro\/produse\/aquabrake-fiber-640-hidroizolant-armat-cu-fibre\/#primaryimage"},"image":{"@id":"https:\/\/penosil.com\/ro\/produse\/aquabrake-fiber-640-hidroizolant-armat-cu-fibre\/#primaryimage"},"thumbnailUrl":"https:\/\/penosil.com\/ro\/wp-content\/uploads\/sites\/8\/2023\/08\/640_PENOSIL_AquaBrake_Fiber_640_1L_RO.png","datePublished":"2023-08-11T12:39:54+00:00","dateModified":"2026-04-15T11:00:22+00:00","description":"PENOSIL AquaBrake Fiber 640, hidroizolant consolidat cu fibre pentru impermeabilizarea podelelor \u0219i pere\u021bilor \u00een \u00eenc\u0103peri cu umiditate.","breadcrumb":{"@id":"https:\/\/penosil.com\/ro\/produse\/aquabrake-fiber-640-hidroizolant-armat-cu-fibre\/#breadcrumb"},"inLanguage":"ro-RO","potentialAction":[{"@type":"ReadAction","target":["https:\/\/penosil.com\/ro\/produse\/aquabrake-fiber-640-hidroizolant-armat-cu-fibre\/"]}]},{"@type":"ImageObject","inLanguage":"ro-RO","@id":"https:\/\/penosil.com\/ro\/produse\/aquabrake-fiber-640-hidroizolant-armat-cu-fibre\/#primaryimage","url":"https:\/\/penosil.com\/ro\/wp-content\/uploads\/sites\/8\/2023\/08\/640_PENOSIL_AquaBrake_Fiber_640_1L_RO.png","contentUrl":"https:\/\/penosil.com\/ro\/wp-content\/uploads\/sites\/8\/2023\/08\/640_PENOSIL_AquaBrake_Fiber_640_1L_RO.png","width":707,"height":648,"caption":"PENOSIL AquaBrake Fiber 640 mastic hidroizolant armat cu fibre pe baz\u0103 de ap\u0103"},{"@type":"BreadcrumbList","@id":"https:\/\/penosil.com\/ro\/produse\/aquabrake-fiber-640-hidroizolant-armat-cu-fibre\/#breadcrumb","itemListElement":[{"@type":"ListItem","position":1,"name":"Prima pagin\u0103","item":"https:\/\/penosil.com\/ro\/"},{"@type":"ListItem","position":2,"name":"Produse","item":"https:\/\/penosil.com\/ro\/etansanti\/"},{"@type":"ListItem","position":3,"name":"AquaBrake Fiber 640"}]},{"@type":"WebSite","@id":"https:\/\/penosil.com\/ro\/#website","url":"https:\/\/penosil.com\/ro\/","name":"Penosil Romania","description":"","potentialAction":[{"@type":"SearchAction","target":{"@type":"EntryPoint","urlTemplate":"https:\/\/penosil.com\/ro\/?s={search_term_string}"},"query-input":{"@type":"PropertyValueSpecification","valueRequired":true,"valueName":"search_term_string"}}],"inLanguage":"ro-RO"}]}},"featured_img":"https:\/\/penosil.com\/ro\/wp-content\/uploads\/sites\/8\/2023\/08\/640_PENOSIL_AquaBrake_Fiber_640_1L_RO.png","coauthors":[],"author_meta":{"author_link":"https:\/\/penosil.com\/ro\/author\/mara\/","display_name":"Mara"},"relative_dates":{"created":"Posted 3 ani ago","modified":"Updated 12 ore ago"},"absolute_dates":{"created":"Posted on 11 august 2023","modified":"Updated on 15 aprilie 2026"},"absolute_dates_time":{"created":"Posted on 11 august 2023 12:39","modified":"Updated on 15 aprilie 2026 11:00"},"featured_img_caption":"","tax_additional":{"product_brand":{"linked":[],"unlinked":[],"slug":"product_brand","name":"Branduri"},"product_type":{"linked":["<a href=\"https:\/\/penosil.com\/ro\/?taxonomy=product_type&#038;term=variable\" class=\"advgb-post-tax-term\">variable<\/a>"],"unlinked":["<span class=\"advgb-post-tax-term\">variable<\/span>"],"slug":"product_type","name":"Tip de produs"},"product_visibility":{"linked":["<a href=\"https:\/\/penosil.com\/ro\/en\/?taxonomy=product_visibility&#038;term=outofstock\" class=\"advgb-post-tax-term\">outofstock<\/a>"],"unlinked":["<span class=\"advgb-post-tax-term\">outofstock<\/span>"],"slug":"product_visibility","name":"Vizibilitate produs"},"product_cat":{"linked":["<a href=\"https:\/\/penosil.com\/ro\/categorie-produs\/game-de-produse\/tratamente-pentru-suprafete\/hidroizolatii\/\" class=\"advgb-post-tax-term\">Hidroizola\u021bii<\/a>","<a href=\"https:\/\/penosil.com\/ro\/categorie-produs\/categorii\/\" class=\"advgb-post-tax-term\">Categorii<\/a>","<a href=\"https:\/\/penosil.com\/ro\/categorie-produs\/game-de-produse\/\" class=\"advgb-post-tax-term\">Game de produse<\/a>","<a href=\"https:\/\/penosil.com\/ro\/categorie-produs\/categorii\/sanitare\/\" class=\"advgb-post-tax-term\">Sanitare<\/a>","<a href=\"https:\/\/penosil.com\/ro\/categorie-produs\/game-de-produse\/tratamente-pentru-suprafete\/\" class=\"advgb-post-tax-term\">Tratamente pentru suprafe\u021be<\/a>"],"unlinked":["<span class=\"advgb-post-tax-term\">Hidroizola\u021bii<\/span>","<span class=\"advgb-post-tax-term\">Categorii<\/span>","<span class=\"advgb-post-tax-term\">Game de produse<\/span>","<span class=\"advgb-post-tax-term\">Sanitare<\/span>","<span class=\"advgb-post-tax-term\">Tratamente pentru suprafe\u021be<\/span>"],"slug":"product_cat","name":"Categorii de produse"},"product_tag":{"linked":[],"unlinked":[],"slug":"product_tag","name":"Etichete produs"},"product_shipping_class":{"linked":[],"unlinked":[],"slug":"product_shipping_class","name":"Clase de livrare produse"},"pos_product_visibility":{"linked":[],"unlinked":[],"slug":"pos_product_visibility","name":"Vizibilitate produse \u00een POS"},"pa_ambalaj":{"linked":["<a href=\"https:\/\/penosil.com\/ro\/?taxonomy=pa_ambalaj&#038;term=20-kg\" class=\"advgb-post-tax-term\">20 kg<\/a>","<a href=\"https:\/\/penosil.com\/ro\/?taxonomy=pa_ambalaj&#038;term=7-kg\" class=\"advgb-post-tax-term\">7 kg<\/a>","<a href=\"https:\/\/penosil.com\/ro\/?taxonomy=pa_ambalaj&#038;term=1-3-kg\" class=\"advgb-post-tax-term\">1,3 kg<\/a>","<a href=\"https:\/\/penosil.com\/ro\/?taxonomy=pa_ambalaj&#038;term=1l\" class=\"advgb-post-tax-term\">1L<\/a>","<a href=\"https:\/\/penosil.com\/ro\/?taxonomy=pa_ambalaj&#038;term=15l\" class=\"advgb-post-tax-term\">15L<\/a>","<a href=\"https:\/\/penosil.com\/ro\/?taxonomy=pa_ambalaj&#038;term=5l\" class=\"advgb-post-tax-term\">5L<\/a>"],"unlinked":["<span class=\"advgb-post-tax-term\">20 kg<\/span>","<span class=\"advgb-post-tax-term\">7 kg<\/span>","<span class=\"advgb-post-tax-term\">1,3 kg<\/span>","<span class=\"advgb-post-tax-term\">1L<\/span>","<span class=\"advgb-post-tax-term\">15L<\/span>","<span class=\"advgb-post-tax-term\">5L<\/span>"],"slug":"pa_ambalaj","name":"Product AMBALAJ"},"pa_culoare":{"linked":["<a href=\"https:\/\/penosil.com\/ro\/?taxonomy=pa_culoare&#038;term=albastru\" class=\"advgb-post-tax-term\">Albastru<\/a>"],"unlinked":["<span class=\"advgb-post-tax-term\">Albastru<\/span>"],"slug":"pa_culoare","name":"Product CULOARE"},"pa_ean":{"linked":[],"unlinked":[],"slug":"pa_ean","name":"Product EAN"},"pa_latime-banda":{"linked":[],"unlinked":[],"slug":"pa_latime-banda","name":"Product L\u0102\u021aIME BAND\u0102"},"pa_latime-rost":{"linked":[],"unlinked":[],"slug":"pa_latime-rost","name":"Product L\u0102\u021aIME ROST"},"translation_priority":{"linked":["<a href=\"https:\/\/penosil.com\/ro\/?taxonomy=translation_priority&#038;term=optional-ro\" class=\"advgb-post-tax-term\">Optional<\/a>"],"unlinked":["<span class=\"advgb-post-tax-term\">Optional<\/span>"],"slug":"translation_priority","name":"Translation Priorities"}},"series_order":"","_links":{"self":[{"href":"https:\/\/penosil.com\/ro\/wp-json\/wp\/v2\/product\/10130","targetHints":{"allow":["GET"]}}],"collection":[{"href":"https:\/\/penosil.com\/ro\/wp-json\/wp\/v2\/product"}],"about":[{"href":"https:\/\/penosil.com\/ro\/wp-json\/wp\/v2\/types\/product"}],"version-history":[{"count":4,"href":"https:\/\/penosil.com\/ro\/wp-json\/wp\/v2\/product\/10130\/revisions"}],"predecessor-version":[{"id":11507,"href":"https:\/\/penosil.com\/ro\/wp-json\/wp\/v2\/product\/10130\/revisions\/11507"}],"wp:featuredmedia":[{"embeddable":true,"href":"https:\/\/penosil.com\/ro\/wp-json\/wp\/v2\/media\/10135"}],"wp:attachment":[{"href":"https:\/\/penosil.com\/ro\/wp-json\/wp\/v2\/media?parent=10130"}],"wp:term":[{"taxonomy":"product_brand","embeddable":true,"href":"https:\/\/penosil.com\/ro\/wp-json\/wp\/v2\/product_brand?post=10130"},{"taxonomy":"product_cat","embeddable":true,"href":"https:\/\/penosil.com\/ro\/wp-json\/wp\/v2\/product_cat?post=10130"},{"taxonomy":"product_tag","embeddable":true,"href":"https:\/\/penosil.com\/ro\/wp-json\/wp\/v2\/product_tag?post=10130"}],"curies":[{"name":"wp","href":"https:\/\/api.w.org\/{rel}","templated":true}]}}