{"id":10162,"date":"2023-08-21T13:52:34","date_gmt":"2023-08-21T13:52:34","guid":{"rendered":"https:\/\/penosil.com\/ro\/?post_type=product&#038;p=10162"},"modified":"2026-04-15T11:00:21","modified_gmt":"2026-04-15T11:00:21","slug":"2k-foam-b2-202-spuma-manuala-bicomponenta","status":"publish","type":"product","link":"https:\/\/penosil.com\/ro\/produse\/2k-foam-b2-202-spuma-manuala-bicomponenta\/","title":{"rendered":"2K Foam B2 202"},"content":{"rendered":"<p>PENOSIL 2K Foam B2 202 este o spum\u0103 manual\u0103, cu \u00eent\u0103rire rapid\u0103, bicomponent\u0103, clasa foc B2, pentru umplerea, instalarea \u0219i izolarea zonelor dificil de accesat sau care necesit\u0103 rezisten\u021b\u0103 mecanic\u0103. Ader\u0103 bine la cele mai comune materiale de construc\u021bie, cum ar fi lemn, beton, piatr\u0103, ipsos, metal, PVC \u0219i polistiren.<\/p>\n","protected":false},"excerpt":{"rendered":"PENOSIL 2K Foam B2 202 este o spum\u0103 manual\u0103, cu \u00eent\u0103rire rapid\u0103, bicomponent\u0103, clasa foc B2, pentru umplerea, instalarea \u0219i izolarea zonelor dificil de accesat sau care necesit\u0103 rezisten\u021b\u0103 mecanic\u0103. Ader\u0103 bine la cele mai comune materiale de construc\u021bie, cum ar fi lemn, beton, piatr\u0103, ipsos, metal, PVC \u0219i polistiren.","protected":false},"author":13,"featured_media":10166,"template":"","meta":{"_acf_changed":false,"advgb_blocks_editor_width":"","advgb_blocks_columns_visual_guide":"","footnotes":""},"product_brand":[],"product_cat":[338,837,1373,1502,1568],"product_tag":[],"class_list":{"0":"post-10162","1":"product","2":"type-product","3":"status-publish","4":"has-post-thumbnail","6":"product_cat-categorii","7":"product_cat-constructii-generale","8":"product_cat-game-de-produse","9":"product_cat-spume-de-constructie","10":"product_cat-spume-manuale","12":"first","13":"instock","14":"taxable","15":"shipping-taxable","16":"purchasable","17":"product-type-simple"},"acf":[],"yoast_head":"<!-- This site is optimized with the Yoast SEO plugin v27.2 - https:\/\/yoast.com\/product\/yoast-seo-wordpress\/ -->\n<title>2K Foam B2 202 spum\u0103 manual\u0103 bicomponent\u0103<\/title>\n<meta name=\"description\" content=\"PENOSIL 2K Foam B2 202 este o spum\u0103 manual\u0103 bicomponenta pentru lucr\u0103ri de izola\u021bie, instalare \u0219i umplere rapid \u0219i eficient\" \/>\n<meta name=\"robots\" content=\"index, follow, max-snippet:-1, max-image-preview:large, max-video-preview:-1\" \/>\n<link rel=\"canonical\" href=\"https:\/\/penosil.com\/ro\/produse\/2k-foam-b2-202-spuma-manuala-bicomponenta\/\" \/>\n<meta property=\"og:locale\" content=\"ro_RO\" \/>\n<meta property=\"og:type\" content=\"article\" \/>\n<meta property=\"og:title\" content=\"2K Foam B2 202 spum\u0103 manual\u0103 bicomponent\u0103\" \/>\n<meta property=\"og:description\" content=\"PENOSIL 2K Foam B2 202 este o spum\u0103 manual\u0103 bicomponenta pentru lucr\u0103ri de izola\u021bie, instalare \u0219i umplere rapid \u0219i eficient\" \/>\n<meta property=\"og:url\" content=\"https:\/\/penosil.com\/ro\/produse\/2k-foam-b2-202-spuma-manuala-bicomponenta\/\" \/>\n<meta property=\"og:site_name\" content=\"Penosil Romania\" \/>\n<meta property=\"article:modified_time\" content=\"2026-04-15T11:00:21+00:00\" \/>\n<meta property=\"og:image\" content=\"https:\/\/penosil.com\/ro\/wp-content\/uploads\/sites\/8\/2023\/08\/202_Penosil_2K_Foam_B2_202_400ml_RO-1-700x1395.png\" \/>\n\t<meta property=\"og:image:width\" content=\"700\" \/>\n\t<meta property=\"og:image:height\" content=\"1395\" \/>\n\t<meta property=\"og:image:type\" content=\"image\/png\" \/>\n<meta name=\"twitter:card\" content=\"summary_large_image\" \/>\n<meta name=\"twitter:label1\" content=\"Timp estimat pentru citire\" \/>\n\t<meta name=\"twitter:data1\" content=\"6 minute\" \/>\n<script type=\"application\/ld+json\" class=\"yoast-schema-graph\">{\"@context\":\"https:\/\/schema.org\",\"@graph\":[{\"@type\":\"WebPage\",\"@id\":\"https:\/\/penosil.com\/ro\/produse\/2k-foam-b2-202-spuma-manuala-bicomponenta\/\",\"url\":\"https:\/\/penosil.com\/ro\/produse\/2k-foam-b2-202-spuma-manuala-bicomponenta\/\",\"name\":\"2K Foam B2 202 spum\u0103 manual\u0103 bicomponent\u0103\",\"isPartOf\":{\"@id\":\"https:\/\/penosil.com\/ro\/#website\"},\"primaryImageOfPage\":{\"@id\":\"https:\/\/penosil.com\/ro\/produse\/2k-foam-b2-202-spuma-manuala-bicomponenta\/#primaryimage\"},\"image\":{\"@id\":\"https:\/\/penosil.com\/ro\/produse\/2k-foam-b2-202-spuma-manuala-bicomponenta\/#primaryimage\"},\"thumbnailUrl\":\"https:\/\/penosil.com\/ro\/wp-content\/uploads\/sites\/8\/2023\/08\/202_Penosil_2K_Foam_B2_202_400ml_RO-1.png\",\"datePublished\":\"2023-08-21T13:52:34+00:00\",\"dateModified\":\"2026-04-15T11:00:21+00:00\",\"description\":\"PENOSIL 2K Foam B2 202 este o spum\u0103 manual\u0103 bicomponenta pentru lucr\u0103ri de izola\u021bie, instalare \u0219i umplere rapid \u0219i eficient\",\"breadcrumb\":{\"@id\":\"https:\/\/penosil.com\/ro\/produse\/2k-foam-b2-202-spuma-manuala-bicomponenta\/#breadcrumb\"},\"inLanguage\":\"ro-RO\",\"potentialAction\":[{\"@type\":\"ReadAction\",\"target\":[\"https:\/\/penosil.com\/ro\/produse\/2k-foam-b2-202-spuma-manuala-bicomponenta\/\"]}]},{\"@type\":\"ImageObject\",\"inLanguage\":\"ro-RO\",\"@id\":\"https:\/\/penosil.com\/ro\/produse\/2k-foam-b2-202-spuma-manuala-bicomponenta\/#primaryimage\",\"url\":\"https:\/\/penosil.com\/ro\/wp-content\/uploads\/sites\/8\/2023\/08\/202_Penosil_2K_Foam_B2_202_400ml_RO-1.png\",\"contentUrl\":\"https:\/\/penosil.com\/ro\/wp-content\/uploads\/sites\/8\/2023\/08\/202_Penosil_2K_Foam_B2_202_400ml_RO-1.png\",\"width\":1150,\"height\":2292,\"caption\":\"PENOSIL 2K Foam B2 202 spum\u0103 manual\u0103, cu \u00eent\u0103rire rapid\u0103, bicomponent\u0103\"},{\"@type\":\"BreadcrumbList\",\"@id\":\"https:\/\/penosil.com\/ro\/produse\/2k-foam-b2-202-spuma-manuala-bicomponenta\/#breadcrumb\",\"itemListElement\":[{\"@type\":\"ListItem\",\"position\":1,\"name\":\"Prima pagin\u0103\",\"item\":\"https:\/\/penosil.com\/ro\/\"},{\"@type\":\"ListItem\",\"position\":2,\"name\":\"Produse\",\"item\":\"https:\/\/penosil.com\/ro\/etansanti\/\"},{\"@type\":\"ListItem\",\"position\":3,\"name\":\"2K Foam B2 202\"}]},{\"@type\":\"WebSite\",\"@id\":\"https:\/\/penosil.com\/ro\/#website\",\"url\":\"https:\/\/penosil.com\/ro\/\",\"name\":\"Penosil Romania\",\"description\":\"\",\"potentialAction\":[{\"@type\":\"SearchAction\",\"target\":{\"@type\":\"EntryPoint\",\"urlTemplate\":\"https:\/\/penosil.com\/ro\/?s={search_term_string}\"},\"query-input\":{\"@type\":\"PropertyValueSpecification\",\"valueRequired\":true,\"valueName\":\"search_term_string\"}}],\"inLanguage\":\"ro-RO\"}]}<\/script>\n<!-- \/ Yoast SEO plugin. -->","yoast_head_json":{"title":"2K Foam B2 202 spum\u0103 manual\u0103 bicomponent\u0103","description":"PENOSIL 2K Foam B2 202 este o spum\u0103 manual\u0103 bicomponenta pentru lucr\u0103ri de izola\u021bie, instalare \u0219i umplere rapid \u0219i eficient","robots":{"index":"index","follow":"follow","max-snippet":"max-snippet:-1","max-image-preview":"max-image-preview:large","max-video-preview":"max-video-preview:-1"},"canonical":"https:\/\/penosil.com\/ro\/produse\/2k-foam-b2-202-spuma-manuala-bicomponenta\/","og_locale":"ro_RO","og_type":"article","og_title":"2K Foam B2 202 spum\u0103 manual\u0103 bicomponent\u0103","og_description":"PENOSIL 2K Foam B2 202 este o spum\u0103 manual\u0103 bicomponenta pentru lucr\u0103ri de izola\u021bie, instalare \u0219i umplere rapid \u0219i eficient","og_url":"https:\/\/penosil.com\/ro\/produse\/2k-foam-b2-202-spuma-manuala-bicomponenta\/","og_site_name":"Penosil Romania","article_modified_time":"2026-04-15T11:00:21+00:00","og_image":[{"width":700,"height":1395,"url":"https:\/\/penosil.com\/ro\/wp-content\/uploads\/sites\/8\/2023\/08\/202_Penosil_2K_Foam_B2_202_400ml_RO-1-700x1395.png","type":"image\/png"}],"twitter_card":"summary_large_image","twitter_misc":{"Timp estimat pentru citire":"6 minute"},"schema":{"@context":"https:\/\/schema.org","@graph":[{"@type":"WebPage","@id":"https:\/\/penosil.com\/ro\/produse\/2k-foam-b2-202-spuma-manuala-bicomponenta\/","url":"https:\/\/penosil.com\/ro\/produse\/2k-foam-b2-202-spuma-manuala-bicomponenta\/","name":"2K Foam B2 202 spum\u0103 manual\u0103 bicomponent\u0103","isPartOf":{"@id":"https:\/\/penosil.com\/ro\/#website"},"primaryImageOfPage":{"@id":"https:\/\/penosil.com\/ro\/produse\/2k-foam-b2-202-spuma-manuala-bicomponenta\/#primaryimage"},"image":{"@id":"https:\/\/penosil.com\/ro\/produse\/2k-foam-b2-202-spuma-manuala-bicomponenta\/#primaryimage"},"thumbnailUrl":"https:\/\/penosil.com\/ro\/wp-content\/uploads\/sites\/8\/2023\/08\/202_Penosil_2K_Foam_B2_202_400ml_RO-1.png","datePublished":"2023-08-21T13:52:34+00:00","dateModified":"2026-04-15T11:00:21+00:00","description":"PENOSIL 2K Foam B2 202 este o spum\u0103 manual\u0103 bicomponenta pentru lucr\u0103ri de izola\u021bie, instalare \u0219i umplere rapid \u0219i eficient","breadcrumb":{"@id":"https:\/\/penosil.com\/ro\/produse\/2k-foam-b2-202-spuma-manuala-bicomponenta\/#breadcrumb"},"inLanguage":"ro-RO","potentialAction":[{"@type":"ReadAction","target":["https:\/\/penosil.com\/ro\/produse\/2k-foam-b2-202-spuma-manuala-bicomponenta\/"]}]},{"@type":"ImageObject","inLanguage":"ro-RO","@id":"https:\/\/penosil.com\/ro\/produse\/2k-foam-b2-202-spuma-manuala-bicomponenta\/#primaryimage","url":"https:\/\/penosil.com\/ro\/wp-content\/uploads\/sites\/8\/2023\/08\/202_Penosil_2K_Foam_B2_202_400ml_RO-1.png","contentUrl":"https:\/\/penosil.com\/ro\/wp-content\/uploads\/sites\/8\/2023\/08\/202_Penosil_2K_Foam_B2_202_400ml_RO-1.png","width":1150,"height":2292,"caption":"PENOSIL 2K Foam B2 202 spum\u0103 manual\u0103, cu \u00eent\u0103rire rapid\u0103, bicomponent\u0103"},{"@type":"BreadcrumbList","@id":"https:\/\/penosil.com\/ro\/produse\/2k-foam-b2-202-spuma-manuala-bicomponenta\/#breadcrumb","itemListElement":[{"@type":"ListItem","position":1,"name":"Prima pagin\u0103","item":"https:\/\/penosil.com\/ro\/"},{"@type":"ListItem","position":2,"name":"Produse","item":"https:\/\/penosil.com\/ro\/etansanti\/"},{"@type":"ListItem","position":3,"name":"2K Foam B2 202"}]},{"@type":"WebSite","@id":"https:\/\/penosil.com\/ro\/#website","url":"https:\/\/penosil.com\/ro\/","name":"Penosil Romania","description":"","potentialAction":[{"@type":"SearchAction","target":{"@type":"EntryPoint","urlTemplate":"https:\/\/penosil.com\/ro\/?s={search_term_string}"},"query-input":{"@type":"PropertyValueSpecification","valueRequired":true,"valueName":"search_term_string"}}],"inLanguage":"ro-RO"}]}},"featured_img":"https:\/\/penosil.com\/ro\/wp-content\/uploads\/sites\/8\/2023\/08\/202_Penosil_2K_Foam_B2_202_400ml_RO-1.png","coauthors":[],"author_meta":{"author_link":"https:\/\/penosil.com\/ro\/author\/mara\/","display_name":"Mara"},"relative_dates":{"created":"Posted 3 ani ago","modified":"Updated 12 ore ago"},"absolute_dates":{"created":"Posted on 21 august 2023","modified":"Updated on 15 aprilie 2026"},"absolute_dates_time":{"created":"Posted on 21 august 2023 13:52","modified":"Updated on 15 aprilie 2026 11:00"},"featured_img_caption":"","tax_additional":{"product_brand":{"linked":[],"unlinked":[],"slug":"product_brand","name":"Branduri"},"product_type":{"linked":["<a href=\"https:\/\/penosil.com\/ro\/?taxonomy=product_type&#038;term=simple\" class=\"advgb-post-tax-term\">simple<\/a>"],"unlinked":["<span class=\"advgb-post-tax-term\">simple<\/span>"],"slug":"product_type","name":"Tip de produs"},"product_visibility":{"linked":[],"unlinked":[],"slug":"product_visibility","name":"Vizibilitate produs"},"product_cat":{"linked":["<a href=\"https:\/\/penosil.com\/ro\/categorie-produs\/categorii\/\" class=\"advgb-post-tax-term\">Categorii<\/a>","<a href=\"https:\/\/penosil.com\/ro\/categorie-produs\/categorii\/constructii-generale\/\" class=\"advgb-post-tax-term\">Construc\u021bii generale<\/a>","<a href=\"https:\/\/penosil.com\/ro\/categorie-produs\/game-de-produse\/\" class=\"advgb-post-tax-term\">Game de produse<\/a>","<a href=\"https:\/\/penosil.com\/ro\/categorie-produs\/game-de-produse\/spume-de-constructie\/\" class=\"advgb-post-tax-term\">Spume de construc\u021bie<\/a>","<a href=\"https:\/\/penosil.com\/ro\/categorie-produs\/game-de-produse\/spume-de-constructie\/spume-manuale\/\" class=\"advgb-post-tax-term\">Spume manuale<\/a>"],"unlinked":["<span class=\"advgb-post-tax-term\">Categorii<\/span>","<span class=\"advgb-post-tax-term\">Construc\u021bii generale<\/span>","<span class=\"advgb-post-tax-term\">Game de produse<\/span>","<span class=\"advgb-post-tax-term\">Spume de construc\u021bie<\/span>","<span class=\"advgb-post-tax-term\">Spume manuale<\/span>"],"slug":"product_cat","name":"Categorii de produse"},"product_tag":{"linked":[],"unlinked":[],"slug":"product_tag","name":"Etichete produs"},"product_shipping_class":{"linked":[],"unlinked":[],"slug":"product_shipping_class","name":"Clase de livrare produse"},"pos_product_visibility":{"linked":[],"unlinked":[],"slug":"pos_product_visibility","name":"Vizibilitate produse \u00een POS"},"pa_ambalaj":{"linked":[],"unlinked":[],"slug":"pa_ambalaj","name":"Product AMBALAJ"},"pa_culoare":{"linked":["<a href=\"https:\/\/penosil.com\/ro\/?taxonomy=pa_culoare&#038;term=verde\" class=\"advgb-post-tax-term\">Verde<\/a>"],"unlinked":["<span class=\"advgb-post-tax-term\">Verde<\/span>"],"slug":"pa_culoare","name":"Product CULOARE"},"pa_ean":{"linked":[],"unlinked":[],"slug":"pa_ean","name":"Product EAN"},"pa_latime-banda":{"linked":[],"unlinked":[],"slug":"pa_latime-banda","name":"Product L\u0102\u021aIME BAND\u0102"},"pa_latime-rost":{"linked":[],"unlinked":[],"slug":"pa_latime-rost","name":"Product L\u0102\u021aIME ROST"},"translation_priority":{"linked":["<a href=\"https:\/\/penosil.com\/ro\/?taxonomy=translation_priority&#038;term=optional-ro\" class=\"advgb-post-tax-term\">Optional<\/a>"],"unlinked":["<span class=\"advgb-post-tax-term\">Optional<\/span>"],"slug":"translation_priority","name":"Translation Priorities"}},"series_order":"","_links":{"self":[{"href":"https:\/\/penosil.com\/ro\/wp-json\/wp\/v2\/product\/10162","targetHints":{"allow":["GET"]}}],"collection":[{"href":"https:\/\/penosil.com\/ro\/wp-json\/wp\/v2\/product"}],"about":[{"href":"https:\/\/penosil.com\/ro\/wp-json\/wp\/v2\/types\/product"}],"version-history":[{"count":4,"href":"https:\/\/penosil.com\/ro\/wp-json\/wp\/v2\/product\/10162\/revisions"}],"predecessor-version":[{"id":11535,"href":"https:\/\/penosil.com\/ro\/wp-json\/wp\/v2\/product\/10162\/revisions\/11535"}],"wp:featuredmedia":[{"embeddable":true,"href":"https:\/\/penosil.com\/ro\/wp-json\/wp\/v2\/media\/10166"}],"wp:attachment":[{"href":"https:\/\/penosil.com\/ro\/wp-json\/wp\/v2\/media?parent=10162"}],"wp:term":[{"taxonomy":"product_brand","embeddable":true,"href":"https:\/\/penosil.com\/ro\/wp-json\/wp\/v2\/product_brand?post=10162"},{"taxonomy":"product_cat","embeddable":true,"href":"https:\/\/penosil.com\/ro\/wp-json\/wp\/v2\/product_cat?post=10162"},{"taxonomy":"product_tag","embeddable":true,"href":"https:\/\/penosil.com\/ro\/wp-json\/wp\/v2\/product_tag?post=10162"}],"curies":[{"name":"wp","href":"https:\/\/api.w.org\/{rel}","templated":true}]}}