{"id":10167,"date":"2023-08-21T14:30:31","date_gmt":"2023-08-21T14:30:31","guid":{"rendered":"https:\/\/penosil.com\/ro\/?post_type=product&#038;p=10167"},"modified":"2026-01-30T09:08:49","modified_gmt":"2026-01-30T09:08:49","slug":"expanding-tape-300pa-banda-precomprimata-pentru-etansare","status":"publish","type":"product","link":"https:\/\/penosil.com\/ro\/produse\/expanding-tape-300pa-banda-precomprimata-pentru-etansare\/","title":{"rendered":"Expanding Tape 300Pa"},"content":{"rendered":"<p>PENOSIL Expanding Tape 300Pa este o band\u0103 de spum\u0103 poliuretanic\u0103 elastic\u0103 auto-expandabil\u0103, precomprimat\u0103, pentru etan\u0219area conexiunilor \u0219i a rosturilor de dilatare. Dup\u0103 instalare, banda se extinde pentru a umple golul \u0219i creeaz\u0103 o etan\u0219are permanent\u0103 elastic\u0103 \u0219i etan\u0219\u0103.<\/p>\n","protected":false},"excerpt":{"rendered":"PENOSIL Expanding Tape 300Pa este o band\u0103 de spum\u0103 poliuretanic\u0103 elastic\u0103 auto-expandabil\u0103, precomprimat\u0103, pentru etan\u0219area conexiunilor \u0219i a rosturilor de dilatare. Dup\u0103 instalare, banda se extinde pentru a umple golul \u0219i creeaz\u0103 o etan\u0219are permanent\u0103 elastic\u0103 \u0219i etan\u0219\u0103.","protected":false},"author":13,"featured_media":10358,"template":"","meta":{"_acf_changed":false,"advgb_blocks_editor_width":"","advgb_blocks_columns_visual_guide":"","footnotes":""},"product_brand":[],"product_cat":[338,837,1373,1693],"product_tag":[],"class_list":{"0":"post-10167","1":"product","2":"type-product","3":"status-publish","4":"has-post-thumbnail","6":"product_cat-categorii","7":"product_cat-constructii-generale","8":"product_cat-game-de-produse","9":"product_cat-benzi-de-etansare","11":"first","12":"outofstock","13":"taxable","14":"shipping-taxable","15":"purchasable","16":"product-type-variable","17":"has-default-attributes"},"acf":[],"yoast_head":"<!-- This site is optimized with the Yoast SEO plugin v27.2 - https:\/\/yoast.com\/product\/yoast-seo-wordpress\/ -->\n<title>Expanding Tape 300Pa band\u0103 precomprimat\u0103 pentru etan\u0219are<\/title>\n<meta name=\"description\" content=\"PENOSIL Expanding Tape 300Pa band\u0103 de etan\u0219area fatade si ferestre \u00eempotriva v\u00e2ntului, a ploii \u0219i a prafului. Afl\u0103 mai multe!\" \/>\n<meta name=\"robots\" content=\"index, follow, max-snippet:-1, max-image-preview:large, max-video-preview:-1\" \/>\n<link rel=\"canonical\" href=\"https:\/\/penosil.com\/ro\/produse\/expanding-tape-300pa-banda-precomprimata-pentru-etansare\/\" \/>\n<meta property=\"og:locale\" content=\"ro_RO\" \/>\n<meta property=\"og:type\" content=\"article\" \/>\n<meta property=\"og:title\" content=\"Expanding Tape 300Pa band\u0103 precomprimat\u0103 pentru etan\u0219are\" \/>\n<meta property=\"og:description\" content=\"PENOSIL Expanding Tape 300Pa band\u0103 de etan\u0219area fatade si ferestre \u00eempotriva v\u00e2ntului, a ploii \u0219i a prafului. Afl\u0103 mai multe!\" \/>\n<meta property=\"og:url\" content=\"https:\/\/penosil.com\/ro\/produse\/expanding-tape-300pa-banda-precomprimata-pentru-etansare\/\" \/>\n<meta property=\"og:site_name\" content=\"Penosil Romania\" \/>\n<meta property=\"article:modified_time\" content=\"2026-01-30T09:08:49+00:00\" \/>\n<meta property=\"og:image\" content=\"https:\/\/penosil.com\/ro\/wp-content\/uploads\/sites\/8\/2023\/08\/300Pa_Expanding_Tape_300Pa_RO-700x945.png\" \/>\n\t<meta property=\"og:image:width\" content=\"700\" \/>\n\t<meta property=\"og:image:height\" content=\"945\" \/>\n\t<meta property=\"og:image:type\" content=\"image\/png\" \/>\n<meta name=\"twitter:card\" content=\"summary_large_image\" \/>\n<meta name=\"twitter:label1\" content=\"Timp estimat pentru citire\" \/>\n\t<meta name=\"twitter:data1\" content=\"3 minute\" \/>\n<script type=\"application\/ld+json\" class=\"yoast-schema-graph\">{\"@context\":\"https:\/\/schema.org\",\"@graph\":[{\"@type\":\"WebPage\",\"@id\":\"https:\/\/penosil.com\/ro\/produse\/expanding-tape-300pa-banda-precomprimata-pentru-etansare\/\",\"url\":\"https:\/\/penosil.com\/ro\/produse\/expanding-tape-300pa-banda-precomprimata-pentru-etansare\/\",\"name\":\"Expanding Tape 300Pa band\u0103 precomprimat\u0103 pentru etan\u0219are\",\"isPartOf\":{\"@id\":\"https:\/\/penosil.com\/ro\/#website\"},\"primaryImageOfPage\":{\"@id\":\"https:\/\/penosil.com\/ro\/produse\/expanding-tape-300pa-banda-precomprimata-pentru-etansare\/#primaryimage\"},\"image\":{\"@id\":\"https:\/\/penosil.com\/ro\/produse\/expanding-tape-300pa-banda-precomprimata-pentru-etansare\/#primaryimage\"},\"thumbnailUrl\":\"https:\/\/penosil.com\/ro\/wp-content\/uploads\/sites\/8\/2023\/08\/300Pa_Expanding_Tape_300Pa_RO.png\",\"datePublished\":\"2023-08-21T14:30:31+00:00\",\"dateModified\":\"2026-01-30T09:08:49+00:00\",\"description\":\"PENOSIL Expanding Tape 300Pa band\u0103 de etan\u0219area fatade si ferestre \u00eempotriva v\u00e2ntului, a ploii \u0219i a prafului. Afl\u0103 mai multe!\",\"breadcrumb\":{\"@id\":\"https:\/\/penosil.com\/ro\/produse\/expanding-tape-300pa-banda-precomprimata-pentru-etansare\/#breadcrumb\"},\"inLanguage\":\"ro-RO\",\"potentialAction\":[{\"@type\":\"ReadAction\",\"target\":[\"https:\/\/penosil.com\/ro\/produse\/expanding-tape-300pa-banda-precomprimata-pentru-etansare\/\"]}]},{\"@type\":\"ImageObject\",\"inLanguage\":\"ro-RO\",\"@id\":\"https:\/\/penosil.com\/ro\/produse\/expanding-tape-300pa-banda-precomprimata-pentru-etansare\/#primaryimage\",\"url\":\"https:\/\/penosil.com\/ro\/wp-content\/uploads\/sites\/8\/2023\/08\/300Pa_Expanding_Tape_300Pa_RO.png\",\"contentUrl\":\"https:\/\/penosil.com\/ro\/wp-content\/uploads\/sites\/8\/2023\/08\/300Pa_Expanding_Tape_300Pa_RO.png\",\"width\":2079,\"height\":2807,\"caption\":\"PENOSIL Expanding Tape 300Pa band\u0103 de spum\u0103 poliuretanic\u0103 elastic\u0103 auto-expandabil\u0103, precomprimat\u0103\"},{\"@type\":\"BreadcrumbList\",\"@id\":\"https:\/\/penosil.com\/ro\/produse\/expanding-tape-300pa-banda-precomprimata-pentru-etansare\/#breadcrumb\",\"itemListElement\":[{\"@type\":\"ListItem\",\"position\":1,\"name\":\"Prima pagin\u0103\",\"item\":\"https:\/\/penosil.com\/ro\/\"},{\"@type\":\"ListItem\",\"position\":2,\"name\":\"Produse\",\"item\":\"https:\/\/penosil.com\/ro\/etansanti\/\"},{\"@type\":\"ListItem\",\"position\":3,\"name\":\"Expanding Tape 300Pa\"}]},{\"@type\":\"WebSite\",\"@id\":\"https:\/\/penosil.com\/ro\/#website\",\"url\":\"https:\/\/penosil.com\/ro\/\",\"name\":\"Penosil Romania\",\"description\":\"\",\"potentialAction\":[{\"@type\":\"SearchAction\",\"target\":{\"@type\":\"EntryPoint\",\"urlTemplate\":\"https:\/\/penosil.com\/ro\/?s={search_term_string}\"},\"query-input\":{\"@type\":\"PropertyValueSpecification\",\"valueRequired\":true,\"valueName\":\"search_term_string\"}}],\"inLanguage\":\"ro-RO\"}]}<\/script>\n<!-- \/ Yoast SEO plugin. -->","yoast_head_json":{"title":"Expanding Tape 300Pa band\u0103 precomprimat\u0103 pentru etan\u0219are","description":"PENOSIL Expanding Tape 300Pa band\u0103 de etan\u0219area fatade si ferestre \u00eempotriva v\u00e2ntului, a ploii \u0219i a prafului. Afl\u0103 mai multe!","robots":{"index":"index","follow":"follow","max-snippet":"max-snippet:-1","max-image-preview":"max-image-preview:large","max-video-preview":"max-video-preview:-1"},"canonical":"https:\/\/penosil.com\/ro\/produse\/expanding-tape-300pa-banda-precomprimata-pentru-etansare\/","og_locale":"ro_RO","og_type":"article","og_title":"Expanding Tape 300Pa band\u0103 precomprimat\u0103 pentru etan\u0219are","og_description":"PENOSIL Expanding Tape 300Pa band\u0103 de etan\u0219area fatade si ferestre \u00eempotriva v\u00e2ntului, a ploii \u0219i a prafului. Afl\u0103 mai multe!","og_url":"https:\/\/penosil.com\/ro\/produse\/expanding-tape-300pa-banda-precomprimata-pentru-etansare\/","og_site_name":"Penosil Romania","article_modified_time":"2026-01-30T09:08:49+00:00","og_image":[{"width":700,"height":945,"url":"https:\/\/penosil.com\/ro\/wp-content\/uploads\/sites\/8\/2023\/08\/300Pa_Expanding_Tape_300Pa_RO-700x945.png","type":"image\/png"}],"twitter_card":"summary_large_image","twitter_misc":{"Timp estimat pentru citire":"3 minute"},"schema":{"@context":"https:\/\/schema.org","@graph":[{"@type":"WebPage","@id":"https:\/\/penosil.com\/ro\/produse\/expanding-tape-300pa-banda-precomprimata-pentru-etansare\/","url":"https:\/\/penosil.com\/ro\/produse\/expanding-tape-300pa-banda-precomprimata-pentru-etansare\/","name":"Expanding Tape 300Pa band\u0103 precomprimat\u0103 pentru etan\u0219are","isPartOf":{"@id":"https:\/\/penosil.com\/ro\/#website"},"primaryImageOfPage":{"@id":"https:\/\/penosil.com\/ro\/produse\/expanding-tape-300pa-banda-precomprimata-pentru-etansare\/#primaryimage"},"image":{"@id":"https:\/\/penosil.com\/ro\/produse\/expanding-tape-300pa-banda-precomprimata-pentru-etansare\/#primaryimage"},"thumbnailUrl":"https:\/\/penosil.com\/ro\/wp-content\/uploads\/sites\/8\/2023\/08\/300Pa_Expanding_Tape_300Pa_RO.png","datePublished":"2023-08-21T14:30:31+00:00","dateModified":"2026-01-30T09:08:49+00:00","description":"PENOSIL Expanding Tape 300Pa band\u0103 de etan\u0219area fatade si ferestre \u00eempotriva v\u00e2ntului, a ploii \u0219i a prafului. Afl\u0103 mai multe!","breadcrumb":{"@id":"https:\/\/penosil.com\/ro\/produse\/expanding-tape-300pa-banda-precomprimata-pentru-etansare\/#breadcrumb"},"inLanguage":"ro-RO","potentialAction":[{"@type":"ReadAction","target":["https:\/\/penosil.com\/ro\/produse\/expanding-tape-300pa-banda-precomprimata-pentru-etansare\/"]}]},{"@type":"ImageObject","inLanguage":"ro-RO","@id":"https:\/\/penosil.com\/ro\/produse\/expanding-tape-300pa-banda-precomprimata-pentru-etansare\/#primaryimage","url":"https:\/\/penosil.com\/ro\/wp-content\/uploads\/sites\/8\/2023\/08\/300Pa_Expanding_Tape_300Pa_RO.png","contentUrl":"https:\/\/penosil.com\/ro\/wp-content\/uploads\/sites\/8\/2023\/08\/300Pa_Expanding_Tape_300Pa_RO.png","width":2079,"height":2807,"caption":"PENOSIL Expanding Tape 300Pa band\u0103 de spum\u0103 poliuretanic\u0103 elastic\u0103 auto-expandabil\u0103, precomprimat\u0103"},{"@type":"BreadcrumbList","@id":"https:\/\/penosil.com\/ro\/produse\/expanding-tape-300pa-banda-precomprimata-pentru-etansare\/#breadcrumb","itemListElement":[{"@type":"ListItem","position":1,"name":"Prima pagin\u0103","item":"https:\/\/penosil.com\/ro\/"},{"@type":"ListItem","position":2,"name":"Produse","item":"https:\/\/penosil.com\/ro\/etansanti\/"},{"@type":"ListItem","position":3,"name":"Expanding Tape 300Pa"}]},{"@type":"WebSite","@id":"https:\/\/penosil.com\/ro\/#website","url":"https:\/\/penosil.com\/ro\/","name":"Penosil Romania","description":"","potentialAction":[{"@type":"SearchAction","target":{"@type":"EntryPoint","urlTemplate":"https:\/\/penosil.com\/ro\/?s={search_term_string}"},"query-input":{"@type":"PropertyValueSpecification","valueRequired":true,"valueName":"search_term_string"}}],"inLanguage":"ro-RO"}]}},"featured_img":"https:\/\/penosil.com\/ro\/wp-content\/uploads\/sites\/8\/2023\/08\/300Pa_Expanding_Tape_300Pa_RO.png","coauthors":[],"author_meta":{"author_link":"https:\/\/penosil.com\/ro\/author\/mara\/","display_name":"Mara"},"relative_dates":{"created":"Posted 3 ani ago","modified":"Updated 3 luni ago"},"absolute_dates":{"created":"Posted on 21 august 2023","modified":"Updated on 30 ianuarie 2026"},"absolute_dates_time":{"created":"Posted on 21 august 2023 14:30","modified":"Updated on 30 ianuarie 2026 9:08"},"featured_img_caption":"","tax_additional":{"product_brand":{"linked":[],"unlinked":[],"slug":"product_brand","name":"Branduri"},"product_type":{"linked":["<a href=\"https:\/\/penosil.com\/ro\/?taxonomy=product_type&#038;term=variable\" class=\"advgb-post-tax-term\">variable<\/a>"],"unlinked":["<span class=\"advgb-post-tax-term\">variable<\/span>"],"slug":"product_type","name":"Tip de produs"},"product_visibility":{"linked":["<a href=\"https:\/\/penosil.com\/ro\/en\/?taxonomy=product_visibility&#038;term=outofstock\" class=\"advgb-post-tax-term\">outofstock<\/a>"],"unlinked":["<span class=\"advgb-post-tax-term\">outofstock<\/span>"],"slug":"product_visibility","name":"Vizibilitate produs"},"product_cat":{"linked":["<a href=\"https:\/\/penosil.com\/ro\/categorie-produs\/categorii\/\" class=\"advgb-post-tax-term\">Categorii<\/a>","<a href=\"https:\/\/penosil.com\/ro\/categorie-produs\/categorii\/constructii-generale\/\" class=\"advgb-post-tax-term\">Construc\u021bii generale<\/a>","<a href=\"https:\/\/penosil.com\/ro\/categorie-produs\/game-de-produse\/\" class=\"advgb-post-tax-term\">Game de produse<\/a>","<a href=\"https:\/\/penosil.com\/ro\/categorie-produs\/game-de-produse\/benzi-de-etansare\/\" class=\"advgb-post-tax-term\">Benzi de etan\u0219are<\/a>"],"unlinked":["<span class=\"advgb-post-tax-term\">Categorii<\/span>","<span class=\"advgb-post-tax-term\">Construc\u021bii generale<\/span>","<span class=\"advgb-post-tax-term\">Game de produse<\/span>","<span class=\"advgb-post-tax-term\">Benzi de etan\u0219are<\/span>"],"slug":"product_cat","name":"Categorii de produse"},"product_tag":{"linked":[],"unlinked":[],"slug":"product_tag","name":"Etichete produs"},"product_shipping_class":{"linked":[],"unlinked":[],"slug":"product_shipping_class","name":"Clase de livrare produse"},"pos_product_visibility":{"linked":[],"unlinked":[],"slug":"pos_product_visibility","name":"Vizibilitate produse \u00een POS"},"pa_ambalaj":{"linked":["<a href=\"https:\/\/penosil.com\/ro\/?taxonomy=pa_ambalaj&#038;term=2-6m\" class=\"advgb-post-tax-term\">2.6m<\/a>","<a href=\"https:\/\/penosil.com\/ro\/?taxonomy=pa_ambalaj&#038;term=33m\" class=\"advgb-post-tax-term\">3,3m<\/a>","<a href=\"https:\/\/penosil.com\/ro\/?taxonomy=pa_ambalaj&#038;term=56m\" class=\"advgb-post-tax-term\">5,6m<\/a>"],"unlinked":["<span class=\"advgb-post-tax-term\">2.6m<\/span>","<span class=\"advgb-post-tax-term\">3,3m<\/span>","<span class=\"advgb-post-tax-term\">5,6m<\/span>"],"slug":"pa_ambalaj","name":"Product AMBALAJ"},"pa_culoare":{"linked":["<a href=\"https:\/\/penosil.com\/ro\/?taxonomy=pa_culoare&#038;term=neagra\" class=\"advgb-post-tax-term\">Neagra<\/a>"],"unlinked":["<span class=\"advgb-post-tax-term\">Neagra<\/span>"],"slug":"pa_culoare","name":"Product CULOARE"},"pa_ean":{"linked":[],"unlinked":[],"slug":"pa_ean","name":"Product EAN"},"pa_latime-banda":{"linked":["<a href=\"https:\/\/penosil.com\/ro\/?taxonomy=pa_latime-banda&#038;term=50mm\" class=\"advgb-post-tax-term\">50mm<\/a>","<a href=\"https:\/\/penosil.com\/ro\/?taxonomy=pa_latime-banda&#038;term=40mm\" class=\"advgb-post-tax-term\">40mm<\/a>","<a href=\"https:\/\/penosil.com\/ro\/?taxonomy=pa_latime-banda&#038;term=80mm\" class=\"advgb-post-tax-term\">80mm<\/a>","<a href=\"https:\/\/penosil.com\/ro\/?taxonomy=pa_latime-banda&#038;term=90mm\" class=\"advgb-post-tax-term\">90mm<\/a>","<a href=\"https:\/\/penosil.com\/ro\/?taxonomy=pa_latime-banda&#038;term=15mm\" class=\"advgb-post-tax-term\">15mm<\/a>","<a href=\"https:\/\/penosil.com\/ro\/?taxonomy=pa_latime-banda&#038;term=20mm\" class=\"advgb-post-tax-term\">20mm<\/a>","<a href=\"https:\/\/penosil.com\/ro\/?taxonomy=pa_latime-banda&#038;term=30mm\" class=\"advgb-post-tax-term\">30mm<\/a>","<a href=\"https:\/\/penosil.com\/ro\/?taxonomy=pa_latime-banda&#038;term=70mm\" class=\"advgb-post-tax-term\">70mm<\/a>"],"unlinked":["<span class=\"advgb-post-tax-term\">50mm<\/span>","<span class=\"advgb-post-tax-term\">40mm<\/span>","<span class=\"advgb-post-tax-term\">80mm<\/span>","<span class=\"advgb-post-tax-term\">90mm<\/span>","<span class=\"advgb-post-tax-term\">15mm<\/span>","<span class=\"advgb-post-tax-term\">20mm<\/span>","<span class=\"advgb-post-tax-term\">30mm<\/span>","<span class=\"advgb-post-tax-term\">70mm<\/span>"],"slug":"pa_latime-banda","name":"Product L\u0102\u021aIME BAND\u0102"},"pa_latime-rost":{"linked":["<a href=\"https:\/\/penosil.com\/ro\/?taxonomy=pa_latime-rost&#038;term=10-16mm-2\" class=\"advgb-post-tax-term\">10-16mm<\/a>","<a href=\"https:\/\/penosil.com\/ro\/?taxonomy=pa_latime-rost&#038;term=6-10mm\" class=\"advgb-post-tax-term\">6-10mm<\/a>","<a href=\"https:\/\/penosil.com\/ro\/?taxonomy=pa_latime-rost&#038;term=10-15mm-2\" class=\"advgb-post-tax-term\">10-15mm<\/a>","<a href=\"https:\/\/penosil.com\/ro\/?taxonomy=pa_latime-rost&#038;term=12-20mm\" class=\"advgb-post-tax-term\">12-20mm<\/a>"],"unlinked":["<span class=\"advgb-post-tax-term\">10-16mm<\/span>","<span class=\"advgb-post-tax-term\">6-10mm<\/span>","<span class=\"advgb-post-tax-term\">10-15mm<\/span>","<span class=\"advgb-post-tax-term\">12-20mm<\/span>"],"slug":"pa_latime-rost","name":"Product L\u0102\u021aIME ROST"},"translation_priority":{"linked":["<a href=\"https:\/\/penosil.com\/ro\/?taxonomy=translation_priority&#038;term=optional-ro\" class=\"advgb-post-tax-term\">Optional<\/a>"],"unlinked":["<span class=\"advgb-post-tax-term\">Optional<\/span>"],"slug":"translation_priority","name":"Translation Priorities"}},"series_order":"","_links":{"self":[{"href":"https:\/\/penosil.com\/ro\/wp-json\/wp\/v2\/product\/10167","targetHints":{"allow":["GET"]}}],"collection":[{"href":"https:\/\/penosil.com\/ro\/wp-json\/wp\/v2\/product"}],"about":[{"href":"https:\/\/penosil.com\/ro\/wp-json\/wp\/v2\/types\/product"}],"version-history":[{"count":4,"href":"https:\/\/penosil.com\/ro\/wp-json\/wp\/v2\/product\/10167\/revisions"}],"predecessor-version":[{"id":11994,"href":"https:\/\/penosil.com\/ro\/wp-json\/wp\/v2\/product\/10167\/revisions\/11994"}],"wp:featuredmedia":[{"embeddable":true,"href":"https:\/\/penosil.com\/ro\/wp-json\/wp\/v2\/media\/10358"}],"wp:attachment":[{"href":"https:\/\/penosil.com\/ro\/wp-json\/wp\/v2\/media?parent=10167"}],"wp:term":[{"taxonomy":"product_brand","embeddable":true,"href":"https:\/\/penosil.com\/ro\/wp-json\/wp\/v2\/product_brand?post=10167"},{"taxonomy":"product_cat","embeddable":true,"href":"https:\/\/penosil.com\/ro\/wp-json\/wp\/v2\/product_cat?post=10167"},{"taxonomy":"product_tag","embeddable":true,"href":"https:\/\/penosil.com\/ro\/wp-json\/wp\/v2\/product_tag?post=10167"}],"curies":[{"name":"wp","href":"https:\/\/api.w.org\/{rel}","templated":true}]}}