{"id":10182,"date":"2023-08-23T10:06:33","date_gmt":"2023-08-23T10:06:33","guid":{"rendered":"https:\/\/penosil.com\/ro\/?post_type=product&#038;p=10182"},"modified":"2026-04-15T11:00:22","modified_gmt":"2026-04-15T11:00:22","slug":"waterstop-930-etansant-armat-cu-fibre-rezistent-la-apa","status":"publish","type":"product","link":"https:\/\/penosil.com\/ro\/produse\/waterstop-930-etansant-armat-cu-fibre-rezistent-la-apa\/","title":{"rendered":"WaterStop 930"},"content":{"rendered":"<p>Mas\u0103 de etan\u015fare universal\u0103 pe baz\u0103 de cauciuc sintetic, consolidat\u0103 cu fibre, ader\u0103 rapid la aproape toate materialele \u00eent\u00e2lnite pe \u015fantierele de construc\u0163ii \u015fi \u00een locuin\u0163e, chiar \u015fi pe suprafe\u0163e umede \u015fi sub ap\u0103. Acoper\u0103 foarte bine pe suprafe\u021bele fisurate.<\/p>\n","protected":false},"excerpt":{"rendered":"Mas\u0103 de etan\u015fare universal\u0103 pe baz\u0103 de cauciuc sintetic, consolidat\u0103 cu fibre, ader\u0103 rapid la aproape toate materialele \u00eent\u00e2lnite pe \u015fantierele de construc\u0163ii \u015fi \u00een locuin\u0163e, chiar \u015fi pe suprafe\u0163e umede \u015fi sub ap\u0103. Acoper\u0103 foarte bine pe suprafe\u021bele fisurate.","protected":false},"author":13,"featured_media":10183,"template":"","meta":{"_acf_changed":false,"advgb_blocks_editor_width":"","advgb_blocks_columns_visual_guide":"","footnotes":""},"product_brand":[],"product_cat":[338,1373,1610,1672,1092],"product_tag":[],"class_list":{"0":"post-10182","1":"product","2":"type-product","3":"status-publish","4":"has-post-thumbnail","6":"product_cat-categorii","7":"product_cat-game-de-produse","8":"product_cat-etansanti","9":"product_cat-etansanti-speciali","10":"product_cat-acoperisuri-si-fatade","12":"first","13":"instock","14":"taxable","15":"shipping-taxable","16":"purchasable","17":"product-type-simple"},"acf":[],"yoast_head":"<!-- This site is optimized with the Yoast SEO plugin v27.2 - https:\/\/yoast.com\/product\/yoast-seo-wordpress\/ -->\n<title>WaterStop 930 etan\u0219ant armat cu fibre rezistent la ap\u0103<\/title>\n<meta name=\"description\" content=\"PENOSIL WaterStop 930 etan\u0219ant pentru toate scopurile, care ader\u0103 rapid la aproape toate materialele de construc\u021bie. Alf\u0103 mai multe\" \/>\n<meta name=\"robots\" content=\"index, follow, max-snippet:-1, max-image-preview:large, max-video-preview:-1\" \/>\n<link rel=\"canonical\" href=\"https:\/\/penosil.com\/ro\/produse\/waterstop-930-etansant-armat-cu-fibre-rezistent-la-apa\/\" \/>\n<meta property=\"og:locale\" content=\"ro_RO\" \/>\n<meta property=\"og:type\" content=\"article\" \/>\n<meta property=\"og:title\" content=\"WaterStop 930 etan\u0219ant armat cu fibre rezistent la ap\u0103\" \/>\n<meta property=\"og:description\" content=\"PENOSIL WaterStop 930 etan\u0219ant pentru toate scopurile, care ader\u0103 rapid la aproape toate materialele de construc\u021bie. Alf\u0103 mai multe\" \/>\n<meta property=\"og:url\" content=\"https:\/\/penosil.com\/ro\/produse\/waterstop-930-etansant-armat-cu-fibre-rezistent-la-apa\/\" \/>\n<meta property=\"og:site_name\" content=\"Penosil Romania\" \/>\n<meta property=\"article:modified_time\" content=\"2026-04-15T11:00:22+00:00\" \/>\n<meta property=\"og:image\" content=\"https:\/\/penosil.com\/ro\/wp-content\/uploads\/sites\/8\/2023\/08\/930_WaterStop_930_RO.png\" \/>\n\t<meta property=\"og:image:width\" content=\"828\" \/>\n\t<meta property=\"og:image:height\" content=\"1080\" \/>\n\t<meta property=\"og:image:type\" content=\"image\/png\" \/>\n<meta name=\"twitter:card\" content=\"summary_large_image\" \/>\n<meta name=\"twitter:label1\" content=\"Timp estimat pentru citire\" \/>\n\t<meta name=\"twitter:data1\" content=\"3 minute\" \/>\n<script type=\"application\/ld+json\" class=\"yoast-schema-graph\">{\"@context\":\"https:\/\/schema.org\",\"@graph\":[{\"@type\":\"WebPage\",\"@id\":\"https:\/\/penosil.com\/ro\/produse\/waterstop-930-etansant-armat-cu-fibre-rezistent-la-apa\/\",\"url\":\"https:\/\/penosil.com\/ro\/produse\/waterstop-930-etansant-armat-cu-fibre-rezistent-la-apa\/\",\"name\":\"WaterStop 930 etan\u0219ant armat cu fibre rezistent la ap\u0103\",\"isPartOf\":{\"@id\":\"https:\/\/penosil.com\/ro\/#website\"},\"primaryImageOfPage\":{\"@id\":\"https:\/\/penosil.com\/ro\/produse\/waterstop-930-etansant-armat-cu-fibre-rezistent-la-apa\/#primaryimage\"},\"image\":{\"@id\":\"https:\/\/penosil.com\/ro\/produse\/waterstop-930-etansant-armat-cu-fibre-rezistent-la-apa\/#primaryimage\"},\"thumbnailUrl\":\"https:\/\/penosil.com\/ro\/wp-content\/uploads\/sites\/8\/2023\/08\/930_WaterStop_930_RO.png\",\"datePublished\":\"2023-08-23T10:06:33+00:00\",\"dateModified\":\"2026-04-15T11:00:22+00:00\",\"description\":\"PENOSIL WaterStop 930 etan\u0219ant pentru toate scopurile, care ader\u0103 rapid la aproape toate materialele de construc\u021bie. Alf\u0103 mai multe\",\"breadcrumb\":{\"@id\":\"https:\/\/penosil.com\/ro\/produse\/waterstop-930-etansant-armat-cu-fibre-rezistent-la-apa\/#breadcrumb\"},\"inLanguage\":\"ro-RO\",\"potentialAction\":[{\"@type\":\"ReadAction\",\"target\":[\"https:\/\/penosil.com\/ro\/produse\/waterstop-930-etansant-armat-cu-fibre-rezistent-la-apa\/\"]}]},{\"@type\":\"ImageObject\",\"inLanguage\":\"ro-RO\",\"@id\":\"https:\/\/penosil.com\/ro\/produse\/waterstop-930-etansant-armat-cu-fibre-rezistent-la-apa\/#primaryimage\",\"url\":\"https:\/\/penosil.com\/ro\/wp-content\/uploads\/sites\/8\/2023\/08\/930_WaterStop_930_RO.png\",\"contentUrl\":\"https:\/\/penosil.com\/ro\/wp-content\/uploads\/sites\/8\/2023\/08\/930_WaterStop_930_RO.png\",\"width\":828,\"height\":1080,\"caption\":\"PENOSIL WaterStop 930 etan\u0219ant armat cu fibre rezistent la ap\u0103\"},{\"@type\":\"BreadcrumbList\",\"@id\":\"https:\/\/penosil.com\/ro\/produse\/waterstop-930-etansant-armat-cu-fibre-rezistent-la-apa\/#breadcrumb\",\"itemListElement\":[{\"@type\":\"ListItem\",\"position\":1,\"name\":\"Prima pagin\u0103\",\"item\":\"https:\/\/penosil.com\/ro\/\"},{\"@type\":\"ListItem\",\"position\":2,\"name\":\"Produse\",\"item\":\"https:\/\/penosil.com\/ro\/etansanti\/\"},{\"@type\":\"ListItem\",\"position\":3,\"name\":\"WaterStop 930\"}]},{\"@type\":\"WebSite\",\"@id\":\"https:\/\/penosil.com\/ro\/#website\",\"url\":\"https:\/\/penosil.com\/ro\/\",\"name\":\"Penosil Romania\",\"description\":\"\",\"potentialAction\":[{\"@type\":\"SearchAction\",\"target\":{\"@type\":\"EntryPoint\",\"urlTemplate\":\"https:\/\/penosil.com\/ro\/?s={search_term_string}\"},\"query-input\":{\"@type\":\"PropertyValueSpecification\",\"valueRequired\":true,\"valueName\":\"search_term_string\"}}],\"inLanguage\":\"ro-RO\"}]}<\/script>\n<!-- \/ Yoast SEO plugin. -->","yoast_head_json":{"title":"WaterStop 930 etan\u0219ant armat cu fibre rezistent la ap\u0103","description":"PENOSIL WaterStop 930 etan\u0219ant pentru toate scopurile, care ader\u0103 rapid la aproape toate materialele de construc\u021bie. Alf\u0103 mai multe","robots":{"index":"index","follow":"follow","max-snippet":"max-snippet:-1","max-image-preview":"max-image-preview:large","max-video-preview":"max-video-preview:-1"},"canonical":"https:\/\/penosil.com\/ro\/produse\/waterstop-930-etansant-armat-cu-fibre-rezistent-la-apa\/","og_locale":"ro_RO","og_type":"article","og_title":"WaterStop 930 etan\u0219ant armat cu fibre rezistent la ap\u0103","og_description":"PENOSIL WaterStop 930 etan\u0219ant pentru toate scopurile, care ader\u0103 rapid la aproape toate materialele de construc\u021bie. Alf\u0103 mai multe","og_url":"https:\/\/penosil.com\/ro\/produse\/waterstop-930-etansant-armat-cu-fibre-rezistent-la-apa\/","og_site_name":"Penosil Romania","article_modified_time":"2026-04-15T11:00:22+00:00","og_image":[{"width":828,"height":1080,"url":"https:\/\/penosil.com\/ro\/wp-content\/uploads\/sites\/8\/2023\/08\/930_WaterStop_930_RO.png","type":"image\/png"}],"twitter_card":"summary_large_image","twitter_misc":{"Timp estimat pentru citire":"3 minute"},"schema":{"@context":"https:\/\/schema.org","@graph":[{"@type":"WebPage","@id":"https:\/\/penosil.com\/ro\/produse\/waterstop-930-etansant-armat-cu-fibre-rezistent-la-apa\/","url":"https:\/\/penosil.com\/ro\/produse\/waterstop-930-etansant-armat-cu-fibre-rezistent-la-apa\/","name":"WaterStop 930 etan\u0219ant armat cu fibre rezistent la ap\u0103","isPartOf":{"@id":"https:\/\/penosil.com\/ro\/#website"},"primaryImageOfPage":{"@id":"https:\/\/penosil.com\/ro\/produse\/waterstop-930-etansant-armat-cu-fibre-rezistent-la-apa\/#primaryimage"},"image":{"@id":"https:\/\/penosil.com\/ro\/produse\/waterstop-930-etansant-armat-cu-fibre-rezistent-la-apa\/#primaryimage"},"thumbnailUrl":"https:\/\/penosil.com\/ro\/wp-content\/uploads\/sites\/8\/2023\/08\/930_WaterStop_930_RO.png","datePublished":"2023-08-23T10:06:33+00:00","dateModified":"2026-04-15T11:00:22+00:00","description":"PENOSIL WaterStop 930 etan\u0219ant pentru toate scopurile, care ader\u0103 rapid la aproape toate materialele de construc\u021bie. Alf\u0103 mai multe","breadcrumb":{"@id":"https:\/\/penosil.com\/ro\/produse\/waterstop-930-etansant-armat-cu-fibre-rezistent-la-apa\/#breadcrumb"},"inLanguage":"ro-RO","potentialAction":[{"@type":"ReadAction","target":["https:\/\/penosil.com\/ro\/produse\/waterstop-930-etansant-armat-cu-fibre-rezistent-la-apa\/"]}]},{"@type":"ImageObject","inLanguage":"ro-RO","@id":"https:\/\/penosil.com\/ro\/produse\/waterstop-930-etansant-armat-cu-fibre-rezistent-la-apa\/#primaryimage","url":"https:\/\/penosil.com\/ro\/wp-content\/uploads\/sites\/8\/2023\/08\/930_WaterStop_930_RO.png","contentUrl":"https:\/\/penosil.com\/ro\/wp-content\/uploads\/sites\/8\/2023\/08\/930_WaterStop_930_RO.png","width":828,"height":1080,"caption":"PENOSIL WaterStop 930 etan\u0219ant armat cu fibre rezistent la ap\u0103"},{"@type":"BreadcrumbList","@id":"https:\/\/penosil.com\/ro\/produse\/waterstop-930-etansant-armat-cu-fibre-rezistent-la-apa\/#breadcrumb","itemListElement":[{"@type":"ListItem","position":1,"name":"Prima pagin\u0103","item":"https:\/\/penosil.com\/ro\/"},{"@type":"ListItem","position":2,"name":"Produse","item":"https:\/\/penosil.com\/ro\/etansanti\/"},{"@type":"ListItem","position":3,"name":"WaterStop 930"}]},{"@type":"WebSite","@id":"https:\/\/penosil.com\/ro\/#website","url":"https:\/\/penosil.com\/ro\/","name":"Penosil Romania","description":"","potentialAction":[{"@type":"SearchAction","target":{"@type":"EntryPoint","urlTemplate":"https:\/\/penosil.com\/ro\/?s={search_term_string}"},"query-input":{"@type":"PropertyValueSpecification","valueRequired":true,"valueName":"search_term_string"}}],"inLanguage":"ro-RO"}]}},"featured_img":"https:\/\/penosil.com\/ro\/wp-content\/uploads\/sites\/8\/2023\/08\/930_WaterStop_930_RO.png","coauthors":[],"author_meta":{"author_link":"https:\/\/penosil.com\/ro\/author\/mara\/","display_name":"Mara"},"relative_dates":{"created":"Posted 3 ani ago","modified":"Updated 10 ore ago"},"absolute_dates":{"created":"Posted on 23 august 2023","modified":"Updated on 15 aprilie 2026"},"absolute_dates_time":{"created":"Posted on 23 august 2023 10:06","modified":"Updated on 15 aprilie 2026 11:00"},"featured_img_caption":"","tax_additional":{"product_brand":{"linked":[],"unlinked":[],"slug":"product_brand","name":"Branduri"},"product_type":{"linked":["<a href=\"https:\/\/penosil.com\/ro\/?taxonomy=product_type&#038;term=simple\" class=\"advgb-post-tax-term\">simple<\/a>"],"unlinked":["<span class=\"advgb-post-tax-term\">simple<\/span>"],"slug":"product_type","name":"Tip de produs"},"product_visibility":{"linked":[],"unlinked":[],"slug":"product_visibility","name":"Vizibilitate produs"},"product_cat":{"linked":["<a href=\"https:\/\/penosil.com\/ro\/categorie-produs\/categorii\/\" class=\"advgb-post-tax-term\">Categorii<\/a>","<a href=\"https:\/\/penosil.com\/ro\/categorie-produs\/game-de-produse\/\" class=\"advgb-post-tax-term\">Game de produse<\/a>","<a href=\"https:\/\/penosil.com\/ro\/categorie-produs\/game-de-produse\/etansanti\/\" class=\"advgb-post-tax-term\">Etan\u0219an\u021bi<\/a>","<a href=\"https:\/\/penosil.com\/ro\/categorie-produs\/game-de-produse\/etansanti\/etansanti-speciali\/\" class=\"advgb-post-tax-term\">Etan\u0219an\u021bi speciali<\/a>","<a href=\"https:\/\/penosil.com\/ro\/categorie-produs\/categorii\/acoperisuri-si-fatade\/\" class=\"advgb-post-tax-term\">Acoperi\u0219uri \u0219i Fa\u021bade<\/a>"],"unlinked":["<span class=\"advgb-post-tax-term\">Categorii<\/span>","<span class=\"advgb-post-tax-term\">Game de produse<\/span>","<span class=\"advgb-post-tax-term\">Etan\u0219an\u021bi<\/span>","<span class=\"advgb-post-tax-term\">Etan\u0219an\u021bi speciali<\/span>","<span class=\"advgb-post-tax-term\">Acoperi\u0219uri \u0219i Fa\u021bade<\/span>"],"slug":"product_cat","name":"Categorii de produse"},"product_tag":{"linked":[],"unlinked":[],"slug":"product_tag","name":"Etichete produs"},"product_shipping_class":{"linked":[],"unlinked":[],"slug":"product_shipping_class","name":"Clase de livrare produse"},"pos_product_visibility":{"linked":[],"unlinked":[],"slug":"pos_product_visibility","name":"Vizibilitate produse \u00een POS"},"pa_ambalaj":{"linked":["<a href=\"https:\/\/penosil.com\/ro\/?taxonomy=pa_ambalaj&#038;term=1l\" class=\"advgb-post-tax-term\">1L<\/a>"],"unlinked":["<span class=\"advgb-post-tax-term\">1L<\/span>"],"slug":"pa_ambalaj","name":"Product AMBALAJ"},"pa_culoare":{"linked":["<a href=\"https:\/\/penosil.com\/ro\/?taxonomy=pa_culoare&#038;term=gri\" class=\"advgb-post-tax-term\">Gri<\/a>"],"unlinked":["<span class=\"advgb-post-tax-term\">Gri<\/span>"],"slug":"pa_culoare","name":"Product CULOARE"},"pa_ean":{"linked":[],"unlinked":[],"slug":"pa_ean","name":"Product EAN"},"pa_latime-banda":{"linked":[],"unlinked":[],"slug":"pa_latime-banda","name":"Product L\u0102\u021aIME BAND\u0102"},"pa_latime-rost":{"linked":[],"unlinked":[],"slug":"pa_latime-rost","name":"Product L\u0102\u021aIME ROST"},"translation_priority":{"linked":["<a href=\"https:\/\/penosil.com\/ro\/?taxonomy=translation_priority&#038;term=optional-ro\" class=\"advgb-post-tax-term\">Optional<\/a>"],"unlinked":["<span class=\"advgb-post-tax-term\">Optional<\/span>"],"slug":"translation_priority","name":"Translation Priorities"}},"series_order":"","_links":{"self":[{"href":"https:\/\/penosil.com\/ro\/wp-json\/wp\/v2\/product\/10182","targetHints":{"allow":["GET"]}}],"collection":[{"href":"https:\/\/penosil.com\/ro\/wp-json\/wp\/v2\/product"}],"about":[{"href":"https:\/\/penosil.com\/ro\/wp-json\/wp\/v2\/types\/product"}],"version-history":[{"count":5,"href":"https:\/\/penosil.com\/ro\/wp-json\/wp\/v2\/product\/10182\/revisions"}],"predecessor-version":[{"id":11993,"href":"https:\/\/penosil.com\/ro\/wp-json\/wp\/v2\/product\/10182\/revisions\/11993"}],"wp:featuredmedia":[{"embeddable":true,"href":"https:\/\/penosil.com\/ro\/wp-json\/wp\/v2\/media\/10183"}],"wp:attachment":[{"href":"https:\/\/penosil.com\/ro\/wp-json\/wp\/v2\/media?parent=10182"}],"wp:term":[{"taxonomy":"product_brand","embeddable":true,"href":"https:\/\/penosil.com\/ro\/wp-json\/wp\/v2\/product_brand?post=10182"},{"taxonomy":"product_cat","embeddable":true,"href":"https:\/\/penosil.com\/ro\/wp-json\/wp\/v2\/product_cat?post=10182"},{"taxonomy":"product_tag","embeddable":true,"href":"https:\/\/penosil.com\/ro\/wp-json\/wp\/v2\/product_tag?post=10182"}],"curies":[{"name":"wp","href":"https:\/\/api.w.org\/{rel}","templated":true}]}}