{"id":10184,"date":"2023-08-23T11:31:02","date_gmt":"2023-08-23T11:31:02","guid":{"rendered":"https:\/\/penosil.com\/ro\/?post_type=product&#038;p=10184"},"modified":"2025-07-14T10:01:29","modified_gmt":"2025-07-14T10:01:29","slug":"expanding-tape-600pa-banda-precomprimata-pentru-etansare-bg1","status":"publish","type":"product","link":"https:\/\/penosil.com\/ro\/produse\/expanding-tape-600pa-banda-precomprimata-pentru-etansare-bg1\/","title":{"rendered":"Expanding Tape 600Pa"},"content":{"rendered":"<p>PENOSIL Expanding Tape 600Pa este o band\u0103 de spum\u0103 poliuretanic\u0103 auto-expandabil\u0103 BG1 pentru etan\u0219area conexiunilor \u0219i a rosturilor de dilatare. Banda este etan\u0219\u0103 \u0219i potrivit\u0103 pentru condi\u021bii meteorologice solicitante: protejeaz\u0103 rostul \u00eempotriva prafului, v\u00e2ntului \u0219i ploii, cu densitate de p\u00e2n\u0103 la 600Pa. \u00cen plus, este permanent elastic\u0103 \u0219i impregnat\u0103 cu dispersie acrilic\u0103 rezistent\u0103 la foc.<\/p>\n","protected":false},"excerpt":{"rendered":"PENOSIL Expanding Tape 600Pa este o band\u0103 de spum\u0103 poliuretanic\u0103 auto-expandabil\u0103 BG1 pentru etan\u0219area conexiunilor \u0219i a rosturilor de dilatare. Banda este etan\u0219\u0103 \u0219i potrivit\u0103 pentru condi\u021bii meteorologice solicitante: protejeaz\u0103 rostul \u00eempotriva prafului, v\u00e2ntului \u0219i ploii, cu densitate de p\u00e2n\u0103 la 600Pa. \u00cen plus, este permanent elastic\u0103 \u0219i impregnat\u0103 cu dispersie acrilic\u0103 rezistent\u0103 la foc.","protected":false},"author":13,"featured_media":10205,"template":"","meta":{"_acf_changed":false,"advgb_blocks_editor_width":"","advgb_blocks_columns_visual_guide":"","footnotes":""},"product_brand":[],"product_cat":[338,837,1373,1693],"product_tag":[],"class_list":{"0":"post-10184","1":"product","2":"type-product","3":"status-publish","4":"has-post-thumbnail","6":"product_cat-categorii","7":"product_cat-constructii-generale","8":"product_cat-game-de-produse","9":"product_cat-benzi-de-etansare","11":"first","12":"outofstock","13":"taxable","14":"shipping-taxable","15":"purchasable","16":"product-type-variable","17":"has-default-attributes"},"acf":[],"yoast_head":"<!-- This site is optimized with the Yoast SEO plugin v27.2 - https:\/\/yoast.com\/product\/yoast-seo-wordpress\/ -->\n<title>Premium Expanding Tape 600 band\u0103 precomprimat\u0103 de etan\u0219are<\/title>\n<meta name=\"description\" content=\"PENOSIL Premium Expanding Tape 600 band\u0103 etan\u0219area fa\u021bade \u0219i ferestre \u00eempotriva v\u00e2ntului, a ploii \u0219i a prafului. Afl\u0103 mai multe!\" \/>\n<meta name=\"robots\" content=\"index, follow, max-snippet:-1, max-image-preview:large, max-video-preview:-1\" \/>\n<link rel=\"canonical\" href=\"https:\/\/penosil.com\/ro\/produse\/expanding-tape-600pa-banda-precomprimata-pentru-etansare-bg1\/\" \/>\n<meta property=\"og:locale\" content=\"ro_RO\" \/>\n<meta property=\"og:type\" content=\"article\" \/>\n<meta property=\"og:title\" content=\"Premium Expanding Tape 600 band\u0103 precomprimat\u0103 de etan\u0219are\" \/>\n<meta property=\"og:description\" content=\"PENOSIL Premium Expanding Tape 600 band\u0103 etan\u0219area fa\u021bade \u0219i ferestre \u00eempotriva v\u00e2ntului, a ploii \u0219i a prafului. Afl\u0103 mai multe!\" \/>\n<meta property=\"og:url\" content=\"https:\/\/penosil.com\/ro\/produse\/expanding-tape-600pa-banda-precomprimata-pentru-etansare-bg1\/\" \/>\n<meta property=\"og:site_name\" content=\"Penosil Romania\" \/>\n<meta property=\"article:modified_time\" content=\"2025-07-14T10:01:29+00:00\" \/>\n<meta property=\"og:image\" content=\"https:\/\/penosil.com\/ro\/wp-content\/uploads\/sites\/8\/2023\/08\/600Pa_Expanding_Tape_600Pa.png\" \/>\n\t<meta property=\"og:image:width\" content=\"824\" \/>\n\t<meta property=\"og:image:height\" content=\"1080\" \/>\n\t<meta property=\"og:image:type\" content=\"image\/png\" \/>\n<meta name=\"twitter:card\" content=\"summary_large_image\" \/>\n<meta name=\"twitter:label1\" content=\"Timp estimat pentru citire\" \/>\n\t<meta name=\"twitter:data1\" content=\"3 minute\" \/>\n<script type=\"application\/ld+json\" class=\"yoast-schema-graph\">{\"@context\":\"https:\/\/schema.org\",\"@graph\":[{\"@type\":\"WebPage\",\"@id\":\"https:\/\/penosil.com\/ro\/produse\/expanding-tape-600pa-banda-precomprimata-pentru-etansare-bg1\/\",\"url\":\"https:\/\/penosil.com\/ro\/produse\/expanding-tape-600pa-banda-precomprimata-pentru-etansare-bg1\/\",\"name\":\"Premium Expanding Tape 600 band\u0103 precomprimat\u0103 de etan\u0219are\",\"isPartOf\":{\"@id\":\"https:\/\/penosil.com\/ro\/#website\"},\"primaryImageOfPage\":{\"@id\":\"https:\/\/penosil.com\/ro\/produse\/expanding-tape-600pa-banda-precomprimata-pentru-etansare-bg1\/#primaryimage\"},\"image\":{\"@id\":\"https:\/\/penosil.com\/ro\/produse\/expanding-tape-600pa-banda-precomprimata-pentru-etansare-bg1\/#primaryimage\"},\"thumbnailUrl\":\"https:\/\/penosil.com\/ro\/wp-content\/uploads\/sites\/8\/2023\/08\/600Pa_Expanding_Tape_600Pa.png\",\"datePublished\":\"2023-08-23T11:31:02+00:00\",\"dateModified\":\"2025-07-14T10:01:29+00:00\",\"description\":\"PENOSIL Premium Expanding Tape 600 band\u0103 etan\u0219area fa\u021bade \u0219i ferestre \u00eempotriva v\u00e2ntului, a ploii \u0219i a prafului. Afl\u0103 mai multe!\",\"breadcrumb\":{\"@id\":\"https:\/\/penosil.com\/ro\/produse\/expanding-tape-600pa-banda-precomprimata-pentru-etansare-bg1\/#breadcrumb\"},\"inLanguage\":\"ro-RO\",\"potentialAction\":[{\"@type\":\"ReadAction\",\"target\":[\"https:\/\/penosil.com\/ro\/produse\/expanding-tape-600pa-banda-precomprimata-pentru-etansare-bg1\/\"]}]},{\"@type\":\"ImageObject\",\"inLanguage\":\"ro-RO\",\"@id\":\"https:\/\/penosil.com\/ro\/produse\/expanding-tape-600pa-banda-precomprimata-pentru-etansare-bg1\/#primaryimage\",\"url\":\"https:\/\/penosil.com\/ro\/wp-content\/uploads\/sites\/8\/2023\/08\/600Pa_Expanding_Tape_600Pa.png\",\"contentUrl\":\"https:\/\/penosil.com\/ro\/wp-content\/uploads\/sites\/8\/2023\/08\/600Pa_Expanding_Tape_600Pa.png\",\"width\":824,\"height\":1080,\"caption\":\"PENOSIL Expanding Tape 600Pa band\u0103 de spum\u0103 poliuretanic\u0103 auto-expandabil\u0103 BG1\"},{\"@type\":\"BreadcrumbList\",\"@id\":\"https:\/\/penosil.com\/ro\/produse\/expanding-tape-600pa-banda-precomprimata-pentru-etansare-bg1\/#breadcrumb\",\"itemListElement\":[{\"@type\":\"ListItem\",\"position\":1,\"name\":\"Prima pagin\u0103\",\"item\":\"https:\/\/penosil.com\/ro\/\"},{\"@type\":\"ListItem\",\"position\":2,\"name\":\"Produse\",\"item\":\"https:\/\/penosil.com\/ro\/etansanti\/\"},{\"@type\":\"ListItem\",\"position\":3,\"name\":\"Expanding Tape 600Pa\"}]},{\"@type\":\"WebSite\",\"@id\":\"https:\/\/penosil.com\/ro\/#website\",\"url\":\"https:\/\/penosil.com\/ro\/\",\"name\":\"Penosil Romania\",\"description\":\"\",\"potentialAction\":[{\"@type\":\"SearchAction\",\"target\":{\"@type\":\"EntryPoint\",\"urlTemplate\":\"https:\/\/penosil.com\/ro\/?s={search_term_string}\"},\"query-input\":{\"@type\":\"PropertyValueSpecification\",\"valueRequired\":true,\"valueName\":\"search_term_string\"}}],\"inLanguage\":\"ro-RO\"}]}<\/script>\n<!-- \/ Yoast SEO plugin. -->","yoast_head_json":{"title":"Premium Expanding Tape 600 band\u0103 precomprimat\u0103 de etan\u0219are","description":"PENOSIL Premium Expanding Tape 600 band\u0103 etan\u0219area fa\u021bade \u0219i ferestre \u00eempotriva v\u00e2ntului, a ploii \u0219i a prafului. Afl\u0103 mai multe!","robots":{"index":"index","follow":"follow","max-snippet":"max-snippet:-1","max-image-preview":"max-image-preview:large","max-video-preview":"max-video-preview:-1"},"canonical":"https:\/\/penosil.com\/ro\/produse\/expanding-tape-600pa-banda-precomprimata-pentru-etansare-bg1\/","og_locale":"ro_RO","og_type":"article","og_title":"Premium Expanding Tape 600 band\u0103 precomprimat\u0103 de etan\u0219are","og_description":"PENOSIL Premium Expanding Tape 600 band\u0103 etan\u0219area fa\u021bade \u0219i ferestre \u00eempotriva v\u00e2ntului, a ploii \u0219i a prafului. Afl\u0103 mai multe!","og_url":"https:\/\/penosil.com\/ro\/produse\/expanding-tape-600pa-banda-precomprimata-pentru-etansare-bg1\/","og_site_name":"Penosil Romania","article_modified_time":"2025-07-14T10:01:29+00:00","og_image":[{"width":824,"height":1080,"url":"https:\/\/penosil.com\/ro\/wp-content\/uploads\/sites\/8\/2023\/08\/600Pa_Expanding_Tape_600Pa.png","type":"image\/png"}],"twitter_card":"summary_large_image","twitter_misc":{"Timp estimat pentru citire":"3 minute"},"schema":{"@context":"https:\/\/schema.org","@graph":[{"@type":"WebPage","@id":"https:\/\/penosil.com\/ro\/produse\/expanding-tape-600pa-banda-precomprimata-pentru-etansare-bg1\/","url":"https:\/\/penosil.com\/ro\/produse\/expanding-tape-600pa-banda-precomprimata-pentru-etansare-bg1\/","name":"Premium Expanding Tape 600 band\u0103 precomprimat\u0103 de etan\u0219are","isPartOf":{"@id":"https:\/\/penosil.com\/ro\/#website"},"primaryImageOfPage":{"@id":"https:\/\/penosil.com\/ro\/produse\/expanding-tape-600pa-banda-precomprimata-pentru-etansare-bg1\/#primaryimage"},"image":{"@id":"https:\/\/penosil.com\/ro\/produse\/expanding-tape-600pa-banda-precomprimata-pentru-etansare-bg1\/#primaryimage"},"thumbnailUrl":"https:\/\/penosil.com\/ro\/wp-content\/uploads\/sites\/8\/2023\/08\/600Pa_Expanding_Tape_600Pa.png","datePublished":"2023-08-23T11:31:02+00:00","dateModified":"2025-07-14T10:01:29+00:00","description":"PENOSIL Premium Expanding Tape 600 band\u0103 etan\u0219area fa\u021bade \u0219i ferestre \u00eempotriva v\u00e2ntului, a ploii \u0219i a prafului. Afl\u0103 mai multe!","breadcrumb":{"@id":"https:\/\/penosil.com\/ro\/produse\/expanding-tape-600pa-banda-precomprimata-pentru-etansare-bg1\/#breadcrumb"},"inLanguage":"ro-RO","potentialAction":[{"@type":"ReadAction","target":["https:\/\/penosil.com\/ro\/produse\/expanding-tape-600pa-banda-precomprimata-pentru-etansare-bg1\/"]}]},{"@type":"ImageObject","inLanguage":"ro-RO","@id":"https:\/\/penosil.com\/ro\/produse\/expanding-tape-600pa-banda-precomprimata-pentru-etansare-bg1\/#primaryimage","url":"https:\/\/penosil.com\/ro\/wp-content\/uploads\/sites\/8\/2023\/08\/600Pa_Expanding_Tape_600Pa.png","contentUrl":"https:\/\/penosil.com\/ro\/wp-content\/uploads\/sites\/8\/2023\/08\/600Pa_Expanding_Tape_600Pa.png","width":824,"height":1080,"caption":"PENOSIL Expanding Tape 600Pa band\u0103 de spum\u0103 poliuretanic\u0103 auto-expandabil\u0103 BG1"},{"@type":"BreadcrumbList","@id":"https:\/\/penosil.com\/ro\/produse\/expanding-tape-600pa-banda-precomprimata-pentru-etansare-bg1\/#breadcrumb","itemListElement":[{"@type":"ListItem","position":1,"name":"Prima pagin\u0103","item":"https:\/\/penosil.com\/ro\/"},{"@type":"ListItem","position":2,"name":"Produse","item":"https:\/\/penosil.com\/ro\/etansanti\/"},{"@type":"ListItem","position":3,"name":"Expanding Tape 600Pa"}]},{"@type":"WebSite","@id":"https:\/\/penosil.com\/ro\/#website","url":"https:\/\/penosil.com\/ro\/","name":"Penosil Romania","description":"","potentialAction":[{"@type":"SearchAction","target":{"@type":"EntryPoint","urlTemplate":"https:\/\/penosil.com\/ro\/?s={search_term_string}"},"query-input":{"@type":"PropertyValueSpecification","valueRequired":true,"valueName":"search_term_string"}}],"inLanguage":"ro-RO"}]}},"featured_img":"https:\/\/penosil.com\/ro\/wp-content\/uploads\/sites\/8\/2023\/08\/600Pa_Expanding_Tape_600Pa.png","coauthors":[],"author_meta":{"author_link":"https:\/\/penosil.com\/ro\/author\/mara\/","display_name":"Mara"},"relative_dates":{"created":"Posted 3 ani ago","modified":"Updated 9 luni ago"},"absolute_dates":{"created":"Posted on 23 august 2023","modified":"Updated on 14 iulie 2025"},"absolute_dates_time":{"created":"Posted on 23 august 2023 11:31","modified":"Updated on 14 iulie 2025 10:01"},"featured_img_caption":"","tax_additional":{"product_brand":{"linked":[],"unlinked":[],"slug":"product_brand","name":"Branduri"},"product_type":{"linked":["<a href=\"https:\/\/penosil.com\/ro\/?taxonomy=product_type&#038;term=variable\" class=\"advgb-post-tax-term\">variable<\/a>"],"unlinked":["<span class=\"advgb-post-tax-term\">variable<\/span>"],"slug":"product_type","name":"Tip de produs"},"product_visibility":{"linked":["<a href=\"https:\/\/penosil.com\/ro\/en\/?taxonomy=product_visibility&#038;term=outofstock\" class=\"advgb-post-tax-term\">outofstock<\/a>"],"unlinked":["<span class=\"advgb-post-tax-term\">outofstock<\/span>"],"slug":"product_visibility","name":"Vizibilitate produs"},"product_cat":{"linked":["<a href=\"https:\/\/penosil.com\/ro\/categorie-produs\/categorii\/\" class=\"advgb-post-tax-term\">Categorii<\/a>","<a href=\"https:\/\/penosil.com\/ro\/categorie-produs\/categorii\/constructii-generale\/\" class=\"advgb-post-tax-term\">Construc\u021bii generale<\/a>","<a href=\"https:\/\/penosil.com\/ro\/categorie-produs\/game-de-produse\/\" class=\"advgb-post-tax-term\">Game de produse<\/a>","<a href=\"https:\/\/penosil.com\/ro\/categorie-produs\/game-de-produse\/benzi-de-etansare\/\" class=\"advgb-post-tax-term\">Benzi de etan\u0219are<\/a>"],"unlinked":["<span class=\"advgb-post-tax-term\">Categorii<\/span>","<span class=\"advgb-post-tax-term\">Construc\u021bii generale<\/span>","<span class=\"advgb-post-tax-term\">Game de produse<\/span>","<span class=\"advgb-post-tax-term\">Benzi de etan\u0219are<\/span>"],"slug":"product_cat","name":"Categorii de produse"},"product_tag":{"linked":[],"unlinked":[],"slug":"product_tag","name":"Etichete produs"},"product_shipping_class":{"linked":[],"unlinked":[],"slug":"product_shipping_class","name":"Clase de livrare produse"},"pos_product_visibility":{"linked":[],"unlinked":[],"slug":"pos_product_visibility","name":"Vizibilitate produse \u00een POS"},"pa_ambalaj":{"linked":["<a href=\"https:\/\/penosil.com\/ro\/?taxonomy=pa_ambalaj&#038;term=33m\" class=\"advgb-post-tax-term\">3,3m<\/a>"],"unlinked":["<span class=\"advgb-post-tax-term\">3,3m<\/span>"],"slug":"pa_ambalaj","name":"Product AMBALAJ"},"pa_culoare":{"linked":["<a href=\"https:\/\/penosil.com\/ro\/?taxonomy=pa_culoare&#038;term=neagra\" class=\"advgb-post-tax-term\">Neagra<\/a>"],"unlinked":["<span class=\"advgb-post-tax-term\">Neagra<\/span>"],"slug":"pa_culoare","name":"Product CULOARE"},"pa_ean":{"linked":[],"unlinked":[],"slug":"pa_ean","name":"Product EAN"},"pa_latime-banda":{"linked":["<a href=\"https:\/\/penosil.com\/ro\/?taxonomy=pa_latime-banda&#038;term=50mm\" class=\"advgb-post-tax-term\">50mm<\/a>","<a href=\"https:\/\/penosil.com\/ro\/?taxonomy=pa_latime-banda&#038;term=70mm\" class=\"advgb-post-tax-term\">70mm<\/a>","<a href=\"https:\/\/penosil.com\/ro\/?taxonomy=pa_latime-banda&#038;term=30mm\" class=\"advgb-post-tax-term\">30mm<\/a>"],"unlinked":["<span class=\"advgb-post-tax-term\">50mm<\/span>","<span class=\"advgb-post-tax-term\">70mm<\/span>","<span class=\"advgb-post-tax-term\">30mm<\/span>"],"slug":"pa_latime-banda","name":"Product L\u0102\u021aIME BAND\u0102"},"pa_latime-rost":{"linked":["<a href=\"https:\/\/penosil.com\/ro\/?taxonomy=pa_latime-rost&#038;term=10-15mm-2\" class=\"advgb-post-tax-term\">10-15mm<\/a>","<a href=\"https:\/\/penosil.com\/ro\/?taxonomy=pa_latime-rost&#038;term=12-20mm\" class=\"advgb-post-tax-term\">12-20mm<\/a>"],"unlinked":["<span class=\"advgb-post-tax-term\">10-15mm<\/span>","<span class=\"advgb-post-tax-term\">12-20mm<\/span>"],"slug":"pa_latime-rost","name":"Product L\u0102\u021aIME ROST"},"translation_priority":{"linked":["<a href=\"https:\/\/penosil.com\/ro\/?taxonomy=translation_priority&#038;term=optional-ro\" class=\"advgb-post-tax-term\">Optional<\/a>"],"unlinked":["<span class=\"advgb-post-tax-term\">Optional<\/span>"],"slug":"translation_priority","name":"Translation Priorities"}},"series_order":"","_links":{"self":[{"href":"https:\/\/penosil.com\/ro\/wp-json\/wp\/v2\/product\/10184","targetHints":{"allow":["GET"]}}],"collection":[{"href":"https:\/\/penosil.com\/ro\/wp-json\/wp\/v2\/product"}],"about":[{"href":"https:\/\/penosil.com\/ro\/wp-json\/wp\/v2\/types\/product"}],"version-history":[{"count":4,"href":"https:\/\/penosil.com\/ro\/wp-json\/wp\/v2\/product\/10184\/revisions"}],"predecessor-version":[{"id":11733,"href":"https:\/\/penosil.com\/ro\/wp-json\/wp\/v2\/product\/10184\/revisions\/11733"}],"wp:featuredmedia":[{"embeddable":true,"href":"https:\/\/penosil.com\/ro\/wp-json\/wp\/v2\/media\/10205"}],"wp:attachment":[{"href":"https:\/\/penosil.com\/ro\/wp-json\/wp\/v2\/media?parent=10184"}],"wp:term":[{"taxonomy":"product_brand","embeddable":true,"href":"https:\/\/penosil.com\/ro\/wp-json\/wp\/v2\/product_brand?post=10184"},{"taxonomy":"product_cat","embeddable":true,"href":"https:\/\/penosil.com\/ro\/wp-json\/wp\/v2\/product_cat?post=10184"},{"taxonomy":"product_tag","embeddable":true,"href":"https:\/\/penosil.com\/ro\/wp-json\/wp\/v2\/product_tag?post=10184"}],"curies":[{"name":"wp","href":"https:\/\/api.w.org\/{rel}","templated":true}]}}