{"id":10298,"date":"2023-09-04T08:32:28","date_gmt":"2023-09-04T08:32:28","guid":{"rendered":"https:\/\/penosil.com\/ro\/?post_type=product&#038;p=10298"},"modified":"2026-04-15T11:00:22","modified_gmt":"2026-04-15T11:00:22","slug":"aquabrake-fabric-435-tesatura-de-intarire-pentru-hidroizolare","status":"publish","type":"product","link":"https:\/\/penosil.com\/ro\/produse\/aquabrake-fabric-435-tesatura-de-intarire-pentru-hidroizolare\/","title":{"rendered":"AquaBrake Fabric 435"},"content":{"rendered":"<p>PENOSIL AquaBrake Fabric 435 este o \u021bes\u0103tur\u0103 de \u00eent\u0103rire pentru hidroizolarea pere\u021bilor \u0219i pardoselilor \u00een zonele umede sau cu umezeal\u0103 precum b\u0103i, saune, buc\u0103t\u0103rii, balcoane, terase etc. \u00cembun\u0103t\u0103\u021be\u0219te efectul etan\u0219an\u021bilor \u0219i masticurilor impermeabile.<\/p>\n","protected":false},"excerpt":{"rendered":"PENOSIL AquaBrake Fabric 435 este o \u021bes\u0103tur\u0103 de \u00eent\u0103rire pentru hidroizolarea pere\u021bilor \u0219i pardoselilor \u00een zonele umede sau cu umezeal\u0103 precum b\u0103i, saune, buc\u0103t\u0103rii, balcoane, terase etc. \u00cembun\u0103t\u0103\u021be\u0219te efectul etan\u0219an\u021bilor \u0219i masticurilor impermeabile.","protected":false},"author":13,"featured_media":10301,"template":"","meta":{"_acf_changed":false,"advgb_blocks_editor_width":"","advgb_blocks_columns_visual_guide":"","footnotes":""},"product_brand":[],"product_cat":[2281,338,1373,1791,1153,1714],"product_tag":[],"class_list":{"0":"post-10298","1":"product","2":"type-product","3":"status-publish","4":"has-post-thumbnail","6":"product_cat-hidroizolatii","7":"product_cat-categorii","8":"product_cat-game-de-produse","9":"product_cat-produse-protectie-suprafete","10":"product_cat-sanitare","11":"product_cat-tratamente-pentru-suprafete","13":"first","14":"instock","15":"taxable","16":"shipping-taxable","17":"purchasable","18":"product-type-variable","19":"has-default-attributes"},"acf":[],"yoast_head":"<!-- This site is optimized with the Yoast SEO plugin v27.2 - https:\/\/yoast.com\/product\/yoast-seo-wordpress\/ -->\n<title>AquaBrake Fabric 435 \u021bes\u0103tur\u0103 de \u00eent\u0103rire pentru hidroizolare<\/title>\n<meta name=\"description\" content=\"PENOSIL AquaBrake Fabric 435 este o \u021bes\u0103tur\u0103 de \u00eent\u0103rire pentru a \u00eembun\u0103t\u0103\u021bi hidroizolan\u021bii. Pentru aplica\u021bii interioare \u0219i exterioare.\" \/>\n<meta name=\"robots\" content=\"index, follow, max-snippet:-1, max-image-preview:large, max-video-preview:-1\" \/>\n<link rel=\"canonical\" href=\"https:\/\/penosil.com\/ro\/produse\/aquabrake-fabric-435-tesatura-de-intarire-pentru-hidroizolare\/\" \/>\n<meta property=\"og:locale\" content=\"ro_RO\" \/>\n<meta property=\"og:type\" content=\"article\" \/>\n<meta property=\"og:title\" content=\"AquaBrake Fabric 435 \u021bes\u0103tur\u0103 de \u00eent\u0103rire pentru hidroizolare\" \/>\n<meta property=\"og:description\" content=\"PENOSIL AquaBrake Fabric 435 este o \u021bes\u0103tur\u0103 de \u00eent\u0103rire pentru a \u00eembun\u0103t\u0103\u021bi hidroizolan\u021bii. Pentru aplica\u021bii interioare \u0219i exterioare.\" \/>\n<meta property=\"og:url\" content=\"https:\/\/penosil.com\/ro\/produse\/aquabrake-fabric-435-tesatura-de-intarire-pentru-hidroizolare\/\" \/>\n<meta property=\"og:site_name\" content=\"Penosil Romania\" \/>\n<meta property=\"article:modified_time\" content=\"2026-04-15T11:00:22+00:00\" \/>\n<meta property=\"og:image\" content=\"https:\/\/penosil.com\/ro\/wp-content\/uploads\/sites\/8\/2023\/09\/435_5m2_AquaBreak_Fabric_435_5m2_RO-scaled.jpg\" \/>\n\t<meta property=\"og:image:width\" content=\"1476\" \/>\n\t<meta property=\"og:image:height\" content=\"2560\" \/>\n\t<meta property=\"og:image:type\" content=\"image\/jpeg\" \/>\n<meta name=\"twitter:card\" content=\"summary_large_image\" \/>\n<meta name=\"twitter:label1\" content=\"Timp estimat pentru citire\" \/>\n\t<meta name=\"twitter:data1\" content=\"3 minute\" \/>\n<script type=\"application\/ld+json\" class=\"yoast-schema-graph\">{\"@context\":\"https:\/\/schema.org\",\"@graph\":[{\"@type\":\"WebPage\",\"@id\":\"https:\/\/penosil.com\/ro\/produse\/aquabrake-fabric-435-tesatura-de-intarire-pentru-hidroizolare\/\",\"url\":\"https:\/\/penosil.com\/ro\/produse\/aquabrake-fabric-435-tesatura-de-intarire-pentru-hidroizolare\/\",\"name\":\"AquaBrake Fabric 435 \u021bes\u0103tur\u0103 de \u00eent\u0103rire pentru hidroizolare\",\"isPartOf\":{\"@id\":\"https:\/\/penosil.com\/ro\/#website\"},\"primaryImageOfPage\":{\"@id\":\"https:\/\/penosil.com\/ro\/produse\/aquabrake-fabric-435-tesatura-de-intarire-pentru-hidroizolare\/#primaryimage\"},\"image\":{\"@id\":\"https:\/\/penosil.com\/ro\/produse\/aquabrake-fabric-435-tesatura-de-intarire-pentru-hidroizolare\/#primaryimage\"},\"thumbnailUrl\":\"https:\/\/penosil.com\/ro\/wp-content\/uploads\/sites\/8\/2023\/09\/435_5m2_AquaBreak_Fabric_435_5m2_RO-scaled.jpg\",\"datePublished\":\"2023-09-04T08:32:28+00:00\",\"dateModified\":\"2026-04-15T11:00:22+00:00\",\"description\":\"PENOSIL AquaBrake Fabric 435 este o \u021bes\u0103tur\u0103 de \u00eent\u0103rire pentru a \u00eembun\u0103t\u0103\u021bi hidroizolan\u021bii. Pentru aplica\u021bii interioare \u0219i exterioare.\",\"breadcrumb\":{\"@id\":\"https:\/\/penosil.com\/ro\/produse\/aquabrake-fabric-435-tesatura-de-intarire-pentru-hidroizolare\/#breadcrumb\"},\"inLanguage\":\"ro-RO\",\"potentialAction\":[{\"@type\":\"ReadAction\",\"target\":[\"https:\/\/penosil.com\/ro\/produse\/aquabrake-fabric-435-tesatura-de-intarire-pentru-hidroizolare\/\"]}]},{\"@type\":\"ImageObject\",\"inLanguage\":\"ro-RO\",\"@id\":\"https:\/\/penosil.com\/ro\/produse\/aquabrake-fabric-435-tesatura-de-intarire-pentru-hidroizolare\/#primaryimage\",\"url\":\"https:\/\/penosil.com\/ro\/wp-content\/uploads\/sites\/8\/2023\/09\/435_5m2_AquaBreak_Fabric_435_5m2_RO-scaled.jpg\",\"contentUrl\":\"https:\/\/penosil.com\/ro\/wp-content\/uploads\/sites\/8\/2023\/09\/435_5m2_AquaBreak_Fabric_435_5m2_RO-scaled.jpg\",\"width\":1476,\"height\":2560,\"caption\":\"PENOSIL AquaBrake Fabric 435 \u021bes\u0103tur\u0103 de \u00eent\u0103rire pentru hidroizolare\"},{\"@type\":\"BreadcrumbList\",\"@id\":\"https:\/\/penosil.com\/ro\/produse\/aquabrake-fabric-435-tesatura-de-intarire-pentru-hidroizolare\/#breadcrumb\",\"itemListElement\":[{\"@type\":\"ListItem\",\"position\":1,\"name\":\"Prima pagin\u0103\",\"item\":\"https:\/\/penosil.com\/ro\/\"},{\"@type\":\"ListItem\",\"position\":2,\"name\":\"Produse\",\"item\":\"https:\/\/penosil.com\/ro\/etansanti\/\"},{\"@type\":\"ListItem\",\"position\":3,\"name\":\"AquaBrake Fabric 435\"}]},{\"@type\":\"WebSite\",\"@id\":\"https:\/\/penosil.com\/ro\/#website\",\"url\":\"https:\/\/penosil.com\/ro\/\",\"name\":\"Penosil Romania\",\"description\":\"\",\"potentialAction\":[{\"@type\":\"SearchAction\",\"target\":{\"@type\":\"EntryPoint\",\"urlTemplate\":\"https:\/\/penosil.com\/ro\/?s={search_term_string}\"},\"query-input\":{\"@type\":\"PropertyValueSpecification\",\"valueRequired\":true,\"valueName\":\"search_term_string\"}}],\"inLanguage\":\"ro-RO\"}]}<\/script>\n<!-- \/ Yoast SEO plugin. -->","yoast_head_json":{"title":"AquaBrake Fabric 435 \u021bes\u0103tur\u0103 de \u00eent\u0103rire pentru hidroizolare","description":"PENOSIL AquaBrake Fabric 435 este o \u021bes\u0103tur\u0103 de \u00eent\u0103rire pentru a \u00eembun\u0103t\u0103\u021bi hidroizolan\u021bii. Pentru aplica\u021bii interioare \u0219i exterioare.","robots":{"index":"index","follow":"follow","max-snippet":"max-snippet:-1","max-image-preview":"max-image-preview:large","max-video-preview":"max-video-preview:-1"},"canonical":"https:\/\/penosil.com\/ro\/produse\/aquabrake-fabric-435-tesatura-de-intarire-pentru-hidroizolare\/","og_locale":"ro_RO","og_type":"article","og_title":"AquaBrake Fabric 435 \u021bes\u0103tur\u0103 de \u00eent\u0103rire pentru hidroizolare","og_description":"PENOSIL AquaBrake Fabric 435 este o \u021bes\u0103tur\u0103 de \u00eent\u0103rire pentru a \u00eembun\u0103t\u0103\u021bi hidroizolan\u021bii. Pentru aplica\u021bii interioare \u0219i exterioare.","og_url":"https:\/\/penosil.com\/ro\/produse\/aquabrake-fabric-435-tesatura-de-intarire-pentru-hidroizolare\/","og_site_name":"Penosil Romania","article_modified_time":"2026-04-15T11:00:22+00:00","og_image":[{"width":1476,"height":2560,"url":"https:\/\/penosil.com\/ro\/wp-content\/uploads\/sites\/8\/2023\/09\/435_5m2_AquaBreak_Fabric_435_5m2_RO-scaled.jpg","type":"image\/jpeg"}],"twitter_card":"summary_large_image","twitter_misc":{"Timp estimat pentru citire":"3 minute"},"schema":{"@context":"https:\/\/schema.org","@graph":[{"@type":"WebPage","@id":"https:\/\/penosil.com\/ro\/produse\/aquabrake-fabric-435-tesatura-de-intarire-pentru-hidroizolare\/","url":"https:\/\/penosil.com\/ro\/produse\/aquabrake-fabric-435-tesatura-de-intarire-pentru-hidroizolare\/","name":"AquaBrake Fabric 435 \u021bes\u0103tur\u0103 de \u00eent\u0103rire pentru hidroizolare","isPartOf":{"@id":"https:\/\/penosil.com\/ro\/#website"},"primaryImageOfPage":{"@id":"https:\/\/penosil.com\/ro\/produse\/aquabrake-fabric-435-tesatura-de-intarire-pentru-hidroizolare\/#primaryimage"},"image":{"@id":"https:\/\/penosil.com\/ro\/produse\/aquabrake-fabric-435-tesatura-de-intarire-pentru-hidroizolare\/#primaryimage"},"thumbnailUrl":"https:\/\/penosil.com\/ro\/wp-content\/uploads\/sites\/8\/2023\/09\/435_5m2_AquaBreak_Fabric_435_5m2_RO-scaled.jpg","datePublished":"2023-09-04T08:32:28+00:00","dateModified":"2026-04-15T11:00:22+00:00","description":"PENOSIL AquaBrake Fabric 435 este o \u021bes\u0103tur\u0103 de \u00eent\u0103rire pentru a \u00eembun\u0103t\u0103\u021bi hidroizolan\u021bii. Pentru aplica\u021bii interioare \u0219i exterioare.","breadcrumb":{"@id":"https:\/\/penosil.com\/ro\/produse\/aquabrake-fabric-435-tesatura-de-intarire-pentru-hidroizolare\/#breadcrumb"},"inLanguage":"ro-RO","potentialAction":[{"@type":"ReadAction","target":["https:\/\/penosil.com\/ro\/produse\/aquabrake-fabric-435-tesatura-de-intarire-pentru-hidroizolare\/"]}]},{"@type":"ImageObject","inLanguage":"ro-RO","@id":"https:\/\/penosil.com\/ro\/produse\/aquabrake-fabric-435-tesatura-de-intarire-pentru-hidroizolare\/#primaryimage","url":"https:\/\/penosil.com\/ro\/wp-content\/uploads\/sites\/8\/2023\/09\/435_5m2_AquaBreak_Fabric_435_5m2_RO-scaled.jpg","contentUrl":"https:\/\/penosil.com\/ro\/wp-content\/uploads\/sites\/8\/2023\/09\/435_5m2_AquaBreak_Fabric_435_5m2_RO-scaled.jpg","width":1476,"height":2560,"caption":"PENOSIL AquaBrake Fabric 435 \u021bes\u0103tur\u0103 de \u00eent\u0103rire pentru hidroizolare"},{"@type":"BreadcrumbList","@id":"https:\/\/penosil.com\/ro\/produse\/aquabrake-fabric-435-tesatura-de-intarire-pentru-hidroizolare\/#breadcrumb","itemListElement":[{"@type":"ListItem","position":1,"name":"Prima pagin\u0103","item":"https:\/\/penosil.com\/ro\/"},{"@type":"ListItem","position":2,"name":"Produse","item":"https:\/\/penosil.com\/ro\/etansanti\/"},{"@type":"ListItem","position":3,"name":"AquaBrake Fabric 435"}]},{"@type":"WebSite","@id":"https:\/\/penosil.com\/ro\/#website","url":"https:\/\/penosil.com\/ro\/","name":"Penosil Romania","description":"","potentialAction":[{"@type":"SearchAction","target":{"@type":"EntryPoint","urlTemplate":"https:\/\/penosil.com\/ro\/?s={search_term_string}"},"query-input":{"@type":"PropertyValueSpecification","valueRequired":true,"valueName":"search_term_string"}}],"inLanguage":"ro-RO"}]}},"featured_img":"https:\/\/penosil.com\/ro\/wp-content\/uploads\/sites\/8\/2023\/09\/435_5m2_AquaBreak_Fabric_435_5m2_RO-scaled.jpg","coauthors":[],"author_meta":{"author_link":"https:\/\/penosil.com\/ro\/author\/mara\/","display_name":"Mara"},"relative_dates":{"created":"Posted 3 ani ago","modified":"Updated 12 ore ago"},"absolute_dates":{"created":"Posted on 4 septembrie 2023","modified":"Updated on 15 aprilie 2026"},"absolute_dates_time":{"created":"Posted on 4 septembrie 2023 8:32","modified":"Updated on 15 aprilie 2026 11:00"},"featured_img_caption":"","tax_additional":{"product_brand":{"linked":[],"unlinked":[],"slug":"product_brand","name":"Branduri"},"product_type":{"linked":["<a href=\"https:\/\/penosil.com\/ro\/?taxonomy=product_type&#038;term=variable\" class=\"advgb-post-tax-term\">variable<\/a>"],"unlinked":["<span class=\"advgb-post-tax-term\">variable<\/span>"],"slug":"product_type","name":"Tip de produs"},"product_visibility":{"linked":[],"unlinked":[],"slug":"product_visibility","name":"Vizibilitate produs"},"product_cat":{"linked":["<a href=\"https:\/\/penosil.com\/ro\/categorie-produs\/game-de-produse\/tratamente-pentru-suprafete\/hidroizolatii\/\" class=\"advgb-post-tax-term\">Hidroizola\u021bii<\/a>","<a href=\"https:\/\/penosil.com\/ro\/categorie-produs\/categorii\/\" class=\"advgb-post-tax-term\">Categorii<\/a>","<a href=\"https:\/\/penosil.com\/ro\/categorie-produs\/game-de-produse\/\" class=\"advgb-post-tax-term\">Game de produse<\/a>","<a href=\"https:\/\/penosil.com\/ro\/categorie-produs\/game-de-produse\/tratamente-pentru-suprafete\/produse-protectie-suprafete\/\" class=\"advgb-post-tax-term\">Produse protec\u021bie suprafe\u021be<\/a>","<a href=\"https:\/\/penosil.com\/ro\/categorie-produs\/categorii\/sanitare\/\" class=\"advgb-post-tax-term\">Sanitare<\/a>","<a href=\"https:\/\/penosil.com\/ro\/categorie-produs\/game-de-produse\/tratamente-pentru-suprafete\/\" class=\"advgb-post-tax-term\">Tratamente pentru suprafe\u021be<\/a>"],"unlinked":["<span class=\"advgb-post-tax-term\">Hidroizola\u021bii<\/span>","<span class=\"advgb-post-tax-term\">Categorii<\/span>","<span class=\"advgb-post-tax-term\">Game de produse<\/span>","<span class=\"advgb-post-tax-term\">Produse protec\u021bie suprafe\u021be<\/span>","<span class=\"advgb-post-tax-term\">Sanitare<\/span>","<span class=\"advgb-post-tax-term\">Tratamente pentru suprafe\u021be<\/span>"],"slug":"product_cat","name":"Categorii de produse"},"product_tag":{"linked":[],"unlinked":[],"slug":"product_tag","name":"Etichete produs"},"product_shipping_class":{"linked":[],"unlinked":[],"slug":"product_shipping_class","name":"Clase de livrare produse"},"pos_product_visibility":{"linked":[],"unlinked":[],"slug":"pos_product_visibility","name":"Vizibilitate produse \u00een POS"},"pa_ambalaj":{"linked":["<a href=\"https:\/\/penosil.com\/ro\/?taxonomy=pa_ambalaj&#038;term=10-m%c2%b2\" class=\"advgb-post-tax-term\">10 m\u00b2<\/a>","<a href=\"https:\/\/penosil.com\/ro\/?taxonomy=pa_ambalaj&#038;term=5-m%c2%b2\" class=\"advgb-post-tax-term\">5 m\u00b2<\/a>"],"unlinked":["<span class=\"advgb-post-tax-term\">10 m\u00b2<\/span>","<span class=\"advgb-post-tax-term\">5 m\u00b2<\/span>"],"slug":"pa_ambalaj","name":"Product AMBALAJ"},"pa_culoare":{"linked":["<a href=\"https:\/\/penosil.com\/ro\/?taxonomy=pa_culoare&#038;term=alb\" class=\"advgb-post-tax-term\">Alb<\/a>"],"unlinked":["<span class=\"advgb-post-tax-term\">Alb<\/span>"],"slug":"pa_culoare","name":"Product CULOARE"},"pa_ean":{"linked":[],"unlinked":[],"slug":"pa_ean","name":"Product EAN"},"pa_latime-banda":{"linked":[],"unlinked":[],"slug":"pa_latime-banda","name":"Product L\u0102\u021aIME BAND\u0102"},"pa_latime-rost":{"linked":[],"unlinked":[],"slug":"pa_latime-rost","name":"Product L\u0102\u021aIME ROST"},"translation_priority":{"linked":["<a href=\"https:\/\/penosil.com\/ro\/?taxonomy=translation_priority&#038;term=optional-ro\" class=\"advgb-post-tax-term\">Optional<\/a>"],"unlinked":["<span class=\"advgb-post-tax-term\">Optional<\/span>"],"slug":"translation_priority","name":"Translation Priorities"}},"series_order":"","_links":{"self":[{"href":"https:\/\/penosil.com\/ro\/wp-json\/wp\/v2\/product\/10298","targetHints":{"allow":["GET"]}}],"collection":[{"href":"https:\/\/penosil.com\/ro\/wp-json\/wp\/v2\/product"}],"about":[{"href":"https:\/\/penosil.com\/ro\/wp-json\/wp\/v2\/types\/product"}],"version-history":[{"count":3,"href":"https:\/\/penosil.com\/ro\/wp-json\/wp\/v2\/product\/10298\/revisions"}],"predecessor-version":[{"id":11985,"href":"https:\/\/penosil.com\/ro\/wp-json\/wp\/v2\/product\/10298\/revisions\/11985"}],"wp:featuredmedia":[{"embeddable":true,"href":"https:\/\/penosil.com\/ro\/wp-json\/wp\/v2\/media\/10301"}],"wp:attachment":[{"href":"https:\/\/penosil.com\/ro\/wp-json\/wp\/v2\/media?parent=10298"}],"wp:term":[{"taxonomy":"product_brand","embeddable":true,"href":"https:\/\/penosil.com\/ro\/wp-json\/wp\/v2\/product_brand?post=10298"},{"taxonomy":"product_cat","embeddable":true,"href":"https:\/\/penosil.com\/ro\/wp-json\/wp\/v2\/product_cat?post=10298"},{"taxonomy":"product_tag","embeddable":true,"href":"https:\/\/penosil.com\/ro\/wp-json\/wp\/v2\/product_tag?post=10298"}],"curies":[{"name":"wp","href":"https:\/\/api.w.org\/{rel}","templated":true}]}}