{"id":10303,"date":"2023-09-04T10:27:03","date_gmt":"2023-09-04T10:27:03","guid":{"rendered":"https:\/\/penosil.com\/ro\/?post_type=product&#038;p=10303"},"modified":"2025-07-14T10:19:42","modified_gmt":"2025-07-14T10:19:42","slug":"watersil-602-agent-hidrofug-de-impregnare","status":"publish","type":"product","link":"https:\/\/penosil.com\/ro\/produse\/watersil-602-agent-hidrofug-de-impregnare\/","title":{"rendered":"WaterSil 602"},"content":{"rendered":"<p>PENOSIL WaterSil 602 este un agent de impregnare hidrofug pentru suprafe\u021be de piatr\u0103 \u0219i ciment. Creeaz\u0103 o protec\u021bie hidrofug\u0103 de lung\u0103 durat\u0103 (5 p\u00e2n\u0103 la 10 ani) pe piatr\u0103 natural\u0103, c\u0103r\u0103mid\u0103, beton, beton u\u0219or \u0219i suprafe\u021be tencuite. Permite suprafe\u021belor s\u0103 respire \u0219i le cre\u0219te rezisten\u021ba termic\u0103.<\/p>\n","protected":false},"excerpt":{"rendered":"PENOSIL WaterSil 602 este un agent de impregnare hidrofug pentru suprafe\u021be de piatr\u0103 \u0219i ciment. Creeaz\u0103 o protec\u021bie hidrofug\u0103 de lung\u0103 durat\u0103 (5 p\u00e2n\u0103 la 10 ani) pe piatr\u0103 natural\u0103, c\u0103r\u0103mid\u0103, beton, beton u\u0219or \u0219i suprafe\u021be tencuite. Permite suprafe\u021belor s\u0103 respire \u0219i le cre\u0219te rezisten\u021ba termic\u0103.","protected":false},"author":13,"featured_media":10307,"template":"","meta":{"_acf_changed":false,"advgb_blocks_editor_width":"","advgb_blocks_columns_visual_guide":"","footnotes":""},"product_brand":[],"product_cat":[338,1373,1791,1092,1714],"product_tag":[],"class_list":{"0":"post-10303","1":"product","2":"type-product","3":"status-publish","4":"has-post-thumbnail","6":"product_cat-categorii","7":"product_cat-game-de-produse","8":"product_cat-produse-protectie-suprafete","9":"product_cat-acoperisuri-si-fatade","10":"product_cat-tratamente-pentru-suprafete","12":"first","13":"outofstock","14":"taxable","15":"shipping-taxable","16":"purchasable","17":"product-type-variable"},"acf":[],"yoast_head":"<!-- This site is optimized with the Yoast SEO plugin v27.2 - https:\/\/yoast.com\/product\/yoast-seo-wordpress\/ -->\n<title>WaterSil 602 agent hidrofug de impregnare<\/title>\n<meta name=\"description\" content=\"PENOSIL WaterSil 602 este un lichid de impregnare pe baz\u0103 de ap\u0103 pentru piatr\u0103 natural\u0103, c\u0103r\u0103mid\u0103, beton \u0219i tencuial\u0103. Gata de utilizare.\" \/>\n<meta name=\"robots\" content=\"index, follow, max-snippet:-1, max-image-preview:large, max-video-preview:-1\" \/>\n<link rel=\"canonical\" href=\"https:\/\/penosil.com\/ro\/produse\/watersil-602-agent-hidrofug-de-impregnare\/\" \/>\n<meta property=\"og:locale\" content=\"ro_RO\" \/>\n<meta property=\"og:type\" content=\"article\" \/>\n<meta property=\"og:title\" content=\"WaterSil 602 agent hidrofug de impregnare\" \/>\n<meta property=\"og:description\" content=\"PENOSIL WaterSil 602 este un lichid de impregnare pe baz\u0103 de ap\u0103 pentru piatr\u0103 natural\u0103, c\u0103r\u0103mid\u0103, beton \u0219i tencuial\u0103. Gata de utilizare.\" \/>\n<meta property=\"og:url\" content=\"https:\/\/penosil.com\/ro\/produse\/watersil-602-agent-hidrofug-de-impregnare\/\" \/>\n<meta property=\"og:site_name\" content=\"Penosil Romania\" \/>\n<meta property=\"article:modified_time\" content=\"2025-07-14T10:19:42+00:00\" \/>\n<meta property=\"og:image\" content=\"https:\/\/penosil.com\/ro\/wp-content\/uploads\/sites\/8\/2023\/09\/602_Penosil_-WaterSil_602_1ltr_RO.png\" \/>\n\t<meta property=\"og:image:width\" content=\"391\" \/>\n\t<meta property=\"og:image:height\" content=\"1080\" \/>\n\t<meta property=\"og:image:type\" content=\"image\/png\" \/>\n<meta name=\"twitter:card\" content=\"summary_large_image\" \/>\n<meta name=\"twitter:label1\" content=\"Timp estimat pentru citire\" \/>\n\t<meta name=\"twitter:data1\" content=\"3 minute\" \/>\n<script type=\"application\/ld+json\" class=\"yoast-schema-graph\">{\"@context\":\"https:\/\/schema.org\",\"@graph\":[{\"@type\":\"WebPage\",\"@id\":\"https:\/\/penosil.com\/ro\/produse\/watersil-602-agent-hidrofug-de-impregnare\/\",\"url\":\"https:\/\/penosil.com\/ro\/produse\/watersil-602-agent-hidrofug-de-impregnare\/\",\"name\":\"WaterSil 602 agent hidrofug de impregnare\",\"isPartOf\":{\"@id\":\"https:\/\/penosil.com\/ro\/#website\"},\"primaryImageOfPage\":{\"@id\":\"https:\/\/penosil.com\/ro\/produse\/watersil-602-agent-hidrofug-de-impregnare\/#primaryimage\"},\"image\":{\"@id\":\"https:\/\/penosil.com\/ro\/produse\/watersil-602-agent-hidrofug-de-impregnare\/#primaryimage\"},\"thumbnailUrl\":\"https:\/\/penosil.com\/ro\/wp-content\/uploads\/sites\/8\/2023\/09\/602_Penosil_-WaterSil_602_1ltr_RO.png\",\"datePublished\":\"2023-09-04T10:27:03+00:00\",\"dateModified\":\"2025-07-14T10:19:42+00:00\",\"description\":\"PENOSIL WaterSil 602 este un lichid de impregnare pe baz\u0103 de ap\u0103 pentru piatr\u0103 natural\u0103, c\u0103r\u0103mid\u0103, beton \u0219i tencuial\u0103. Gata de utilizare.\",\"breadcrumb\":{\"@id\":\"https:\/\/penosil.com\/ro\/produse\/watersil-602-agent-hidrofug-de-impregnare\/#breadcrumb\"},\"inLanguage\":\"ro-RO\",\"potentialAction\":[{\"@type\":\"ReadAction\",\"target\":[\"https:\/\/penosil.com\/ro\/produse\/watersil-602-agent-hidrofug-de-impregnare\/\"]}]},{\"@type\":\"ImageObject\",\"inLanguage\":\"ro-RO\",\"@id\":\"https:\/\/penosil.com\/ro\/produse\/watersil-602-agent-hidrofug-de-impregnare\/#primaryimage\",\"url\":\"https:\/\/penosil.com\/ro\/wp-content\/uploads\/sites\/8\/2023\/09\/602_Penosil_-WaterSil_602_1ltr_RO.png\",\"contentUrl\":\"https:\/\/penosil.com\/ro\/wp-content\/uploads\/sites\/8\/2023\/09\/602_Penosil_-WaterSil_602_1ltr_RO.png\",\"width\":391,\"height\":1080,\"caption\":\"PENOSIL WaterSil 602 agent de impregnare hidrofug pentru suprafe\u021be de piatr\u0103 \u0219i ciment\"},{\"@type\":\"BreadcrumbList\",\"@id\":\"https:\/\/penosil.com\/ro\/produse\/watersil-602-agent-hidrofug-de-impregnare\/#breadcrumb\",\"itemListElement\":[{\"@type\":\"ListItem\",\"position\":1,\"name\":\"Prima pagin\u0103\",\"item\":\"https:\/\/penosil.com\/ro\/\"},{\"@type\":\"ListItem\",\"position\":2,\"name\":\"Produse\",\"item\":\"https:\/\/penosil.com\/ro\/etansanti\/\"},{\"@type\":\"ListItem\",\"position\":3,\"name\":\"WaterSil 602\"}]},{\"@type\":\"WebSite\",\"@id\":\"https:\/\/penosil.com\/ro\/#website\",\"url\":\"https:\/\/penosil.com\/ro\/\",\"name\":\"Penosil Romania\",\"description\":\"\",\"potentialAction\":[{\"@type\":\"SearchAction\",\"target\":{\"@type\":\"EntryPoint\",\"urlTemplate\":\"https:\/\/penosil.com\/ro\/?s={search_term_string}\"},\"query-input\":{\"@type\":\"PropertyValueSpecification\",\"valueRequired\":true,\"valueName\":\"search_term_string\"}}],\"inLanguage\":\"ro-RO\"}]}<\/script>\n<!-- \/ Yoast SEO plugin. -->","yoast_head_json":{"title":"WaterSil 602 agent hidrofug de impregnare","description":"PENOSIL WaterSil 602 este un lichid de impregnare pe baz\u0103 de ap\u0103 pentru piatr\u0103 natural\u0103, c\u0103r\u0103mid\u0103, beton \u0219i tencuial\u0103. Gata de utilizare.","robots":{"index":"index","follow":"follow","max-snippet":"max-snippet:-1","max-image-preview":"max-image-preview:large","max-video-preview":"max-video-preview:-1"},"canonical":"https:\/\/penosil.com\/ro\/produse\/watersil-602-agent-hidrofug-de-impregnare\/","og_locale":"ro_RO","og_type":"article","og_title":"WaterSil 602 agent hidrofug de impregnare","og_description":"PENOSIL WaterSil 602 este un lichid de impregnare pe baz\u0103 de ap\u0103 pentru piatr\u0103 natural\u0103, c\u0103r\u0103mid\u0103, beton \u0219i tencuial\u0103. Gata de utilizare.","og_url":"https:\/\/penosil.com\/ro\/produse\/watersil-602-agent-hidrofug-de-impregnare\/","og_site_name":"Penosil Romania","article_modified_time":"2025-07-14T10:19:42+00:00","og_image":[{"width":391,"height":1080,"url":"https:\/\/penosil.com\/ro\/wp-content\/uploads\/sites\/8\/2023\/09\/602_Penosil_-WaterSil_602_1ltr_RO.png","type":"image\/png"}],"twitter_card":"summary_large_image","twitter_misc":{"Timp estimat pentru citire":"3 minute"},"schema":{"@context":"https:\/\/schema.org","@graph":[{"@type":"WebPage","@id":"https:\/\/penosil.com\/ro\/produse\/watersil-602-agent-hidrofug-de-impregnare\/","url":"https:\/\/penosil.com\/ro\/produse\/watersil-602-agent-hidrofug-de-impregnare\/","name":"WaterSil 602 agent hidrofug de impregnare","isPartOf":{"@id":"https:\/\/penosil.com\/ro\/#website"},"primaryImageOfPage":{"@id":"https:\/\/penosil.com\/ro\/produse\/watersil-602-agent-hidrofug-de-impregnare\/#primaryimage"},"image":{"@id":"https:\/\/penosil.com\/ro\/produse\/watersil-602-agent-hidrofug-de-impregnare\/#primaryimage"},"thumbnailUrl":"https:\/\/penosil.com\/ro\/wp-content\/uploads\/sites\/8\/2023\/09\/602_Penosil_-WaterSil_602_1ltr_RO.png","datePublished":"2023-09-04T10:27:03+00:00","dateModified":"2025-07-14T10:19:42+00:00","description":"PENOSIL WaterSil 602 este un lichid de impregnare pe baz\u0103 de ap\u0103 pentru piatr\u0103 natural\u0103, c\u0103r\u0103mid\u0103, beton \u0219i tencuial\u0103. Gata de utilizare.","breadcrumb":{"@id":"https:\/\/penosil.com\/ro\/produse\/watersil-602-agent-hidrofug-de-impregnare\/#breadcrumb"},"inLanguage":"ro-RO","potentialAction":[{"@type":"ReadAction","target":["https:\/\/penosil.com\/ro\/produse\/watersil-602-agent-hidrofug-de-impregnare\/"]}]},{"@type":"ImageObject","inLanguage":"ro-RO","@id":"https:\/\/penosil.com\/ro\/produse\/watersil-602-agent-hidrofug-de-impregnare\/#primaryimage","url":"https:\/\/penosil.com\/ro\/wp-content\/uploads\/sites\/8\/2023\/09\/602_Penosil_-WaterSil_602_1ltr_RO.png","contentUrl":"https:\/\/penosil.com\/ro\/wp-content\/uploads\/sites\/8\/2023\/09\/602_Penosil_-WaterSil_602_1ltr_RO.png","width":391,"height":1080,"caption":"PENOSIL WaterSil 602 agent de impregnare hidrofug pentru suprafe\u021be de piatr\u0103 \u0219i ciment"},{"@type":"BreadcrumbList","@id":"https:\/\/penosil.com\/ro\/produse\/watersil-602-agent-hidrofug-de-impregnare\/#breadcrumb","itemListElement":[{"@type":"ListItem","position":1,"name":"Prima pagin\u0103","item":"https:\/\/penosil.com\/ro\/"},{"@type":"ListItem","position":2,"name":"Produse","item":"https:\/\/penosil.com\/ro\/etansanti\/"},{"@type":"ListItem","position":3,"name":"WaterSil 602"}]},{"@type":"WebSite","@id":"https:\/\/penosil.com\/ro\/#website","url":"https:\/\/penosil.com\/ro\/","name":"Penosil Romania","description":"","potentialAction":[{"@type":"SearchAction","target":{"@type":"EntryPoint","urlTemplate":"https:\/\/penosil.com\/ro\/?s={search_term_string}"},"query-input":{"@type":"PropertyValueSpecification","valueRequired":true,"valueName":"search_term_string"}}],"inLanguage":"ro-RO"}]}},"featured_img":"https:\/\/penosil.com\/ro\/wp-content\/uploads\/sites\/8\/2023\/09\/602_Penosil_-WaterSil_602_1ltr_RO.png","coauthors":[],"author_meta":{"author_link":"https:\/\/penosil.com\/ro\/author\/mara\/","display_name":"Mara"},"relative_dates":{"created":"Posted 3 ani ago","modified":"Updated 9 luni ago"},"absolute_dates":{"created":"Posted on 4 septembrie 2023","modified":"Updated on 14 iulie 2025"},"absolute_dates_time":{"created":"Posted on 4 septembrie 2023 10:27","modified":"Updated on 14 iulie 2025 10:19"},"featured_img_caption":"","tax_additional":{"product_brand":{"linked":[],"unlinked":[],"slug":"product_brand","name":"Branduri"},"product_type":{"linked":["<a href=\"https:\/\/penosil.com\/ro\/?taxonomy=product_type&#038;term=variable\" class=\"advgb-post-tax-term\">variable<\/a>"],"unlinked":["<span class=\"advgb-post-tax-term\">variable<\/span>"],"slug":"product_type","name":"Tip de produs"},"product_visibility":{"linked":["<a href=\"https:\/\/penosil.com\/ro\/en\/?taxonomy=product_visibility&#038;term=outofstock\" class=\"advgb-post-tax-term\">outofstock<\/a>"],"unlinked":["<span class=\"advgb-post-tax-term\">outofstock<\/span>"],"slug":"product_visibility","name":"Vizibilitate produs"},"product_cat":{"linked":["<a href=\"https:\/\/penosil.com\/ro\/categorie-produs\/categorii\/\" class=\"advgb-post-tax-term\">Categorii<\/a>","<a href=\"https:\/\/penosil.com\/ro\/categorie-produs\/game-de-produse\/\" class=\"advgb-post-tax-term\">Game de produse<\/a>","<a href=\"https:\/\/penosil.com\/ro\/categorie-produs\/game-de-produse\/tratamente-pentru-suprafete\/produse-protectie-suprafete\/\" class=\"advgb-post-tax-term\">Produse protec\u021bie suprafe\u021be<\/a>","<a href=\"https:\/\/penosil.com\/ro\/categorie-produs\/categorii\/acoperisuri-si-fatade\/\" class=\"advgb-post-tax-term\">Acoperi\u0219uri \u0219i Fa\u021bade<\/a>","<a href=\"https:\/\/penosil.com\/ro\/categorie-produs\/game-de-produse\/tratamente-pentru-suprafete\/\" class=\"advgb-post-tax-term\">Tratamente pentru suprafe\u021be<\/a>"],"unlinked":["<span class=\"advgb-post-tax-term\">Categorii<\/span>","<span class=\"advgb-post-tax-term\">Game de produse<\/span>","<span class=\"advgb-post-tax-term\">Produse protec\u021bie suprafe\u021be<\/span>","<span class=\"advgb-post-tax-term\">Acoperi\u0219uri \u0219i Fa\u021bade<\/span>","<span class=\"advgb-post-tax-term\">Tratamente pentru suprafe\u021be<\/span>"],"slug":"product_cat","name":"Categorii de produse"},"product_tag":{"linked":[],"unlinked":[],"slug":"product_tag","name":"Etichete produs"},"product_shipping_class":{"linked":[],"unlinked":[],"slug":"product_shipping_class","name":"Clase de livrare produse"},"pos_product_visibility":{"linked":[],"unlinked":[],"slug":"pos_product_visibility","name":"Vizibilitate produse \u00een POS"},"pa_ambalaj":{"linked":["<a href=\"https:\/\/penosil.com\/ro\/?taxonomy=pa_ambalaj&#038;term=3l\" class=\"advgb-post-tax-term\">3L<\/a>","<a href=\"https:\/\/penosil.com\/ro\/?taxonomy=pa_ambalaj&#038;term=10-l\" class=\"advgb-post-tax-term\">10L<\/a>","<a href=\"https:\/\/penosil.com\/ro\/?taxonomy=pa_ambalaj&#038;term=1l\" class=\"advgb-post-tax-term\">1L<\/a>"],"unlinked":["<span class=\"advgb-post-tax-term\">3L<\/span>","<span class=\"advgb-post-tax-term\">10L<\/span>","<span class=\"advgb-post-tax-term\">1L<\/span>"],"slug":"pa_ambalaj","name":"Product AMBALAJ"},"pa_culoare":{"linked":["<a href=\"https:\/\/penosil.com\/ro\/?taxonomy=pa_culoare&#038;term=laptos\" class=\"advgb-post-tax-term\">L\u0103ptos<\/a>"],"unlinked":["<span class=\"advgb-post-tax-term\">L\u0103ptos<\/span>"],"slug":"pa_culoare","name":"Product CULOARE"},"pa_ean":{"linked":[],"unlinked":[],"slug":"pa_ean","name":"Product EAN"},"pa_latime-banda":{"linked":[],"unlinked":[],"slug":"pa_latime-banda","name":"Product L\u0102\u021aIME BAND\u0102"},"pa_latime-rost":{"linked":[],"unlinked":[],"slug":"pa_latime-rost","name":"Product L\u0102\u021aIME ROST"},"translation_priority":{"linked":["<a href=\"https:\/\/penosil.com\/ro\/?taxonomy=translation_priority&#038;term=optional-ro\" class=\"advgb-post-tax-term\">Optional<\/a>"],"unlinked":["<span class=\"advgb-post-tax-term\">Optional<\/span>"],"slug":"translation_priority","name":"Translation Priorities"}},"series_order":"","_links":{"self":[{"href":"https:\/\/penosil.com\/ro\/wp-json\/wp\/v2\/product\/10303","targetHints":{"allow":["GET"]}}],"collection":[{"href":"https:\/\/penosil.com\/ro\/wp-json\/wp\/v2\/product"}],"about":[{"href":"https:\/\/penosil.com\/ro\/wp-json\/wp\/v2\/types\/product"}],"version-history":[{"count":4,"href":"https:\/\/penosil.com\/ro\/wp-json\/wp\/v2\/product\/10303\/revisions"}],"predecessor-version":[{"id":11508,"href":"https:\/\/penosil.com\/ro\/wp-json\/wp\/v2\/product\/10303\/revisions\/11508"}],"wp:featuredmedia":[{"embeddable":true,"href":"https:\/\/penosil.com\/ro\/wp-json\/wp\/v2\/media\/10307"}],"wp:attachment":[{"href":"https:\/\/penosil.com\/ro\/wp-json\/wp\/v2\/media?parent=10303"}],"wp:term":[{"taxonomy":"product_brand","embeddable":true,"href":"https:\/\/penosil.com\/ro\/wp-json\/wp\/v2\/product_brand?post=10303"},{"taxonomy":"product_cat","embeddable":true,"href":"https:\/\/penosil.com\/ro\/wp-json\/wp\/v2\/product_cat?post=10303"},{"taxonomy":"product_tag","embeddable":true,"href":"https:\/\/penosil.com\/ro\/wp-json\/wp\/v2\/product_tag?post=10303"}],"curies":[{"name":"wp","href":"https:\/\/api.w.org\/{rel}","templated":true}]}}