{"id":10324,"date":"2023-09-11T11:53:47","date_gmt":"2023-09-11T11:53:47","guid":{"rendered":"https:\/\/penosil.com\/ro\/?post_type=product&#038;p=10324"},"modified":"2026-04-15T11:00:22","modified_gmt":"2026-04-15T11:00:22","slug":"betprimer-603-grund-pentru-suprafete-poroase","status":"publish","type":"product","link":"https:\/\/penosil.com\/ro\/produse\/betprimer-603-grund-pentru-suprafete-poroase\/","title":{"rendered":"BetPrimer 603"},"content":{"rendered":"<p>PENOSIL BetPrimer 603 este un grund pe baz\u0103 de ap\u0103 pentru suprafete poroase. \u00cent\u0103re\u0219te \u0219i \u00eembun\u0103t\u0103te\u0219te rezistenta la uzur\u0103 \u0219i aderenta suprafetelor interioare \u0219i exterioare poroase \u00eenainte de lucr\u0103rile de finisare.<\/p>\n","protected":false},"excerpt":{"rendered":"PENOSIL BetPrimer 603 este un grund pe baz\u0103 de ap\u0103 pentru suprafete poroase. \u00cent\u0103re\u0219te \u0219i \u00eembun\u0103t\u0103te\u0219te rezistenta la uzur\u0103 \u0219i aderenta suprafetelor interioare \u0219i exterioare poroase \u00eenainte de lucr\u0103rile de finisare.","protected":false},"author":13,"featured_media":10327,"template":"","meta":{"_acf_changed":false,"advgb_blocks_editor_width":"","advgb_blocks_columns_visual_guide":"","footnotes":""},"product_brand":[],"product_cat":[338,1373,2282,837,1714],"product_tag":[],"class_list":{"0":"post-10324","1":"product","2":"type-product","3":"status-publish","4":"has-post-thumbnail","6":"product_cat-categorii","7":"product_cat-game-de-produse","8":"product_cat-amorse","9":"product_cat-constructii-generale","10":"product_cat-tratamente-pentru-suprafete","12":"first","13":"instock","14":"taxable","15":"shipping-taxable","16":"purchasable","17":"product-type-variable","18":"has-default-attributes"},"acf":[],"yoast_head":"<!-- This site is optimized with the Yoast SEO plugin v27.2 - https:\/\/yoast.com\/product\/yoast-seo-wordpress\/ -->\n<title>BetPrimer 603 grund pentru suprafe\u021be poroase<\/title>\n<meta name=\"description\" content=\"PENOSIL BetPrimer 603 este o dispersie de lipire pentru amorsarea suprafe\u021belor de beton \u00eenainte de nivelarea sau alt\u0103 \u0219ap\u0103 de nivelare.\" \/>\n<meta name=\"robots\" content=\"index, follow, max-snippet:-1, max-image-preview:large, max-video-preview:-1\" \/>\n<link rel=\"canonical\" href=\"https:\/\/penosil.com\/ro\/produse\/betprimer-603-grund-pentru-suprafete-poroase\/\" \/>\n<meta property=\"og:locale\" content=\"ro_RO\" \/>\n<meta property=\"og:type\" content=\"article\" \/>\n<meta property=\"og:title\" content=\"BetPrimer 603 grund pentru suprafe\u021be poroase\" \/>\n<meta property=\"og:description\" content=\"PENOSIL BetPrimer 603 este o dispersie de lipire pentru amorsarea suprafe\u021belor de beton \u00eenainte de nivelarea sau alt\u0103 \u0219ap\u0103 de nivelare.\" \/>\n<meta property=\"og:url\" content=\"https:\/\/penosil.com\/ro\/produse\/betprimer-603-grund-pentru-suprafete-poroase\/\" \/>\n<meta property=\"og:site_name\" content=\"Penosil Romania\" \/>\n<meta property=\"article:modified_time\" content=\"2026-04-15T11:00:22+00:00\" \/>\n<meta property=\"og:image\" content=\"https:\/\/penosil.com\/ro\/wp-content\/uploads\/sites\/8\/2023\/09\/603_Penosil_BetPrimer_603_1L_RO_BG.png\" \/>\n\t<meta property=\"og:image:width\" content=\"523\" \/>\n\t<meta property=\"og:image:height\" content=\"1080\" \/>\n\t<meta property=\"og:image:type\" content=\"image\/png\" \/>\n<meta name=\"twitter:card\" content=\"summary_large_image\" \/>\n<meta name=\"twitter:label1\" content=\"Timp estimat pentru citire\" \/>\n\t<meta name=\"twitter:data1\" content=\"3 minute\" \/>\n<script type=\"application\/ld+json\" class=\"yoast-schema-graph\">{\"@context\":\"https:\/\/schema.org\",\"@graph\":[{\"@type\":\"WebPage\",\"@id\":\"https:\/\/penosil.com\/ro\/produse\/betprimer-603-grund-pentru-suprafete-poroase\/\",\"url\":\"https:\/\/penosil.com\/ro\/produse\/betprimer-603-grund-pentru-suprafete-poroase\/\",\"name\":\"BetPrimer 603 grund pentru suprafe\u021be poroase\",\"isPartOf\":{\"@id\":\"https:\/\/penosil.com\/ro\/#website\"},\"primaryImageOfPage\":{\"@id\":\"https:\/\/penosil.com\/ro\/produse\/betprimer-603-grund-pentru-suprafete-poroase\/#primaryimage\"},\"image\":{\"@id\":\"https:\/\/penosil.com\/ro\/produse\/betprimer-603-grund-pentru-suprafete-poroase\/#primaryimage\"},\"thumbnailUrl\":\"https:\/\/penosil.com\/ro\/wp-content\/uploads\/sites\/8\/2023\/09\/603_Penosil_BetPrimer_603_1L_RO_BG.png\",\"datePublished\":\"2023-09-11T11:53:47+00:00\",\"dateModified\":\"2026-04-15T11:00:22+00:00\",\"description\":\"PENOSIL BetPrimer 603 este o dispersie de lipire pentru amorsarea suprafe\u021belor de beton \u00eenainte de nivelarea sau alt\u0103 \u0219ap\u0103 de nivelare.\",\"breadcrumb\":{\"@id\":\"https:\/\/penosil.com\/ro\/produse\/betprimer-603-grund-pentru-suprafete-poroase\/#breadcrumb\"},\"inLanguage\":\"ro-RO\",\"potentialAction\":[{\"@type\":\"ReadAction\",\"target\":[\"https:\/\/penosil.com\/ro\/produse\/betprimer-603-grund-pentru-suprafete-poroase\/\"]}]},{\"@type\":\"ImageObject\",\"inLanguage\":\"ro-RO\",\"@id\":\"https:\/\/penosil.com\/ro\/produse\/betprimer-603-grund-pentru-suprafete-poroase\/#primaryimage\",\"url\":\"https:\/\/penosil.com\/ro\/wp-content\/uploads\/sites\/8\/2023\/09\/603_Penosil_BetPrimer_603_1L_RO_BG.png\",\"contentUrl\":\"https:\/\/penosil.com\/ro\/wp-content\/uploads\/sites\/8\/2023\/09\/603_Penosil_BetPrimer_603_1L_RO_BG.png\",\"width\":523,\"height\":1080,\"caption\":\"PENOSIL BetPrimer 603 grund pe baz\u0103 de ap\u0103 pentru suprafete poroase.\"},{\"@type\":\"BreadcrumbList\",\"@id\":\"https:\/\/penosil.com\/ro\/produse\/betprimer-603-grund-pentru-suprafete-poroase\/#breadcrumb\",\"itemListElement\":[{\"@type\":\"ListItem\",\"position\":1,\"name\":\"Prima pagin\u0103\",\"item\":\"https:\/\/penosil.com\/ro\/\"},{\"@type\":\"ListItem\",\"position\":2,\"name\":\"Produse\",\"item\":\"https:\/\/penosil.com\/ro\/etansanti\/\"},{\"@type\":\"ListItem\",\"position\":3,\"name\":\"BetPrimer 603\"}]},{\"@type\":\"WebSite\",\"@id\":\"https:\/\/penosil.com\/ro\/#website\",\"url\":\"https:\/\/penosil.com\/ro\/\",\"name\":\"Penosil Romania\",\"description\":\"\",\"potentialAction\":[{\"@type\":\"SearchAction\",\"target\":{\"@type\":\"EntryPoint\",\"urlTemplate\":\"https:\/\/penosil.com\/ro\/?s={search_term_string}\"},\"query-input\":{\"@type\":\"PropertyValueSpecification\",\"valueRequired\":true,\"valueName\":\"search_term_string\"}}],\"inLanguage\":\"ro-RO\"}]}<\/script>\n<!-- \/ Yoast SEO plugin. -->","yoast_head_json":{"title":"BetPrimer 603 grund pentru suprafe\u021be poroase","description":"PENOSIL BetPrimer 603 este o dispersie de lipire pentru amorsarea suprafe\u021belor de beton \u00eenainte de nivelarea sau alt\u0103 \u0219ap\u0103 de nivelare.","robots":{"index":"index","follow":"follow","max-snippet":"max-snippet:-1","max-image-preview":"max-image-preview:large","max-video-preview":"max-video-preview:-1"},"canonical":"https:\/\/penosil.com\/ro\/produse\/betprimer-603-grund-pentru-suprafete-poroase\/","og_locale":"ro_RO","og_type":"article","og_title":"BetPrimer 603 grund pentru suprafe\u021be poroase","og_description":"PENOSIL BetPrimer 603 este o dispersie de lipire pentru amorsarea suprafe\u021belor de beton \u00eenainte de nivelarea sau alt\u0103 \u0219ap\u0103 de nivelare.","og_url":"https:\/\/penosil.com\/ro\/produse\/betprimer-603-grund-pentru-suprafete-poroase\/","og_site_name":"Penosil Romania","article_modified_time":"2026-04-15T11:00:22+00:00","og_image":[{"width":523,"height":1080,"url":"https:\/\/penosil.com\/ro\/wp-content\/uploads\/sites\/8\/2023\/09\/603_Penosil_BetPrimer_603_1L_RO_BG.png","type":"image\/png"}],"twitter_card":"summary_large_image","twitter_misc":{"Timp estimat pentru citire":"3 minute"},"schema":{"@context":"https:\/\/schema.org","@graph":[{"@type":"WebPage","@id":"https:\/\/penosil.com\/ro\/produse\/betprimer-603-grund-pentru-suprafete-poroase\/","url":"https:\/\/penosil.com\/ro\/produse\/betprimer-603-grund-pentru-suprafete-poroase\/","name":"BetPrimer 603 grund pentru suprafe\u021be poroase","isPartOf":{"@id":"https:\/\/penosil.com\/ro\/#website"},"primaryImageOfPage":{"@id":"https:\/\/penosil.com\/ro\/produse\/betprimer-603-grund-pentru-suprafete-poroase\/#primaryimage"},"image":{"@id":"https:\/\/penosil.com\/ro\/produse\/betprimer-603-grund-pentru-suprafete-poroase\/#primaryimage"},"thumbnailUrl":"https:\/\/penosil.com\/ro\/wp-content\/uploads\/sites\/8\/2023\/09\/603_Penosil_BetPrimer_603_1L_RO_BG.png","datePublished":"2023-09-11T11:53:47+00:00","dateModified":"2026-04-15T11:00:22+00:00","description":"PENOSIL BetPrimer 603 este o dispersie de lipire pentru amorsarea suprafe\u021belor de beton \u00eenainte de nivelarea sau alt\u0103 \u0219ap\u0103 de nivelare.","breadcrumb":{"@id":"https:\/\/penosil.com\/ro\/produse\/betprimer-603-grund-pentru-suprafete-poroase\/#breadcrumb"},"inLanguage":"ro-RO","potentialAction":[{"@type":"ReadAction","target":["https:\/\/penosil.com\/ro\/produse\/betprimer-603-grund-pentru-suprafete-poroase\/"]}]},{"@type":"ImageObject","inLanguage":"ro-RO","@id":"https:\/\/penosil.com\/ro\/produse\/betprimer-603-grund-pentru-suprafete-poroase\/#primaryimage","url":"https:\/\/penosil.com\/ro\/wp-content\/uploads\/sites\/8\/2023\/09\/603_Penosil_BetPrimer_603_1L_RO_BG.png","contentUrl":"https:\/\/penosil.com\/ro\/wp-content\/uploads\/sites\/8\/2023\/09\/603_Penosil_BetPrimer_603_1L_RO_BG.png","width":523,"height":1080,"caption":"PENOSIL BetPrimer 603 grund pe baz\u0103 de ap\u0103 pentru suprafete poroase."},{"@type":"BreadcrumbList","@id":"https:\/\/penosil.com\/ro\/produse\/betprimer-603-grund-pentru-suprafete-poroase\/#breadcrumb","itemListElement":[{"@type":"ListItem","position":1,"name":"Prima pagin\u0103","item":"https:\/\/penosil.com\/ro\/"},{"@type":"ListItem","position":2,"name":"Produse","item":"https:\/\/penosil.com\/ro\/etansanti\/"},{"@type":"ListItem","position":3,"name":"BetPrimer 603"}]},{"@type":"WebSite","@id":"https:\/\/penosil.com\/ro\/#website","url":"https:\/\/penosil.com\/ro\/","name":"Penosil Romania","description":"","potentialAction":[{"@type":"SearchAction","target":{"@type":"EntryPoint","urlTemplate":"https:\/\/penosil.com\/ro\/?s={search_term_string}"},"query-input":{"@type":"PropertyValueSpecification","valueRequired":true,"valueName":"search_term_string"}}],"inLanguage":"ro-RO"}]}},"featured_img":"https:\/\/penosil.com\/ro\/wp-content\/uploads\/sites\/8\/2023\/09\/603_Penosil_BetPrimer_603_1L_RO_BG.png","coauthors":[],"author_meta":{"author_link":"https:\/\/penosil.com\/ro\/author\/mara\/","display_name":"Mara"},"relative_dates":{"created":"Posted 3 ani ago","modified":"Updated 5 ore ago"},"absolute_dates":{"created":"Posted on 11 septembrie 2023","modified":"Updated on 15 aprilie 2026"},"absolute_dates_time":{"created":"Posted on 11 septembrie 2023 11:53","modified":"Updated on 15 aprilie 2026 11:00"},"featured_img_caption":"","tax_additional":{"product_brand":{"linked":[],"unlinked":[],"slug":"product_brand","name":"Branduri"},"product_type":{"linked":["<a href=\"https:\/\/penosil.com\/ro\/?taxonomy=product_type&#038;term=variable\" class=\"advgb-post-tax-term\">variable<\/a>"],"unlinked":["<span class=\"advgb-post-tax-term\">variable<\/span>"],"slug":"product_type","name":"Tip de produs"},"product_visibility":{"linked":[],"unlinked":[],"slug":"product_visibility","name":"Vizibilitate produs"},"product_cat":{"linked":["<a href=\"https:\/\/penosil.com\/ro\/categorie-produs\/categorii\/\" class=\"advgb-post-tax-term\">Categorii<\/a>","<a href=\"https:\/\/penosil.com\/ro\/categorie-produs\/game-de-produse\/\" class=\"advgb-post-tax-term\">Game de produse<\/a>","<a href=\"https:\/\/penosil.com\/ro\/categorie-produs\/game-de-produse\/tratamente-pentru-suprafete\/amorse\/\" class=\"advgb-post-tax-term\">Amorse<\/a>","<a href=\"https:\/\/penosil.com\/ro\/categorie-produs\/categorii\/constructii-generale\/\" class=\"advgb-post-tax-term\">Construc\u021bii generale<\/a>","<a href=\"https:\/\/penosil.com\/ro\/categorie-produs\/game-de-produse\/tratamente-pentru-suprafete\/\" class=\"advgb-post-tax-term\">Tratamente pentru suprafe\u021be<\/a>"],"unlinked":["<span class=\"advgb-post-tax-term\">Categorii<\/span>","<span class=\"advgb-post-tax-term\">Game de produse<\/span>","<span class=\"advgb-post-tax-term\">Amorse<\/span>","<span class=\"advgb-post-tax-term\">Construc\u021bii generale<\/span>","<span class=\"advgb-post-tax-term\">Tratamente pentru suprafe\u021be<\/span>"],"slug":"product_cat","name":"Categorii de produse"},"product_tag":{"linked":[],"unlinked":[],"slug":"product_tag","name":"Etichete produs"},"product_shipping_class":{"linked":[],"unlinked":[],"slug":"product_shipping_class","name":"Clase de livrare produse"},"pos_product_visibility":{"linked":[],"unlinked":[],"slug":"pos_product_visibility","name":"Vizibilitate produse \u00een POS"},"pa_ambalaj":{"linked":["<a href=\"https:\/\/penosil.com\/ro\/?taxonomy=pa_ambalaj&#038;term=1l\" class=\"advgb-post-tax-term\">1L<\/a>","<a href=\"https:\/\/penosil.com\/ro\/?taxonomy=pa_ambalaj&#038;term=3l\" class=\"advgb-post-tax-term\">3L<\/a>"],"unlinked":["<span class=\"advgb-post-tax-term\">1L<\/span>","<span class=\"advgb-post-tax-term\">3L<\/span>"],"slug":"pa_ambalaj","name":"Product AMBALAJ"},"pa_culoare":{"linked":["<a href=\"https:\/\/penosil.com\/ro\/?taxonomy=pa_culoare&#038;term=laptos\" class=\"advgb-post-tax-term\">L\u0103ptos<\/a>"],"unlinked":["<span class=\"advgb-post-tax-term\">L\u0103ptos<\/span>"],"slug":"pa_culoare","name":"Product CULOARE"},"pa_ean":{"linked":[],"unlinked":[],"slug":"pa_ean","name":"Product EAN"},"pa_latime-banda":{"linked":[],"unlinked":[],"slug":"pa_latime-banda","name":"Product L\u0102\u021aIME BAND\u0102"},"pa_latime-rost":{"linked":[],"unlinked":[],"slug":"pa_latime-rost","name":"Product L\u0102\u021aIME ROST"},"translation_priority":{"linked":["<a href=\"https:\/\/penosil.com\/ro\/?taxonomy=translation_priority&#038;term=optional-ro\" class=\"advgb-post-tax-term\">Optional<\/a>"],"unlinked":["<span class=\"advgb-post-tax-term\">Optional<\/span>"],"slug":"translation_priority","name":"Translation Priorities"}},"series_order":"","_links":{"self":[{"href":"https:\/\/penosil.com\/ro\/wp-json\/wp\/v2\/product\/10324","targetHints":{"allow":["GET"]}}],"collection":[{"href":"https:\/\/penosil.com\/ro\/wp-json\/wp\/v2\/product"}],"about":[{"href":"https:\/\/penosil.com\/ro\/wp-json\/wp\/v2\/types\/product"}],"version-history":[{"count":2,"href":"https:\/\/penosil.com\/ro\/wp-json\/wp\/v2\/product\/10324\/revisions"}],"predecessor-version":[{"id":11490,"href":"https:\/\/penosil.com\/ro\/wp-json\/wp\/v2\/product\/10324\/revisions\/11490"}],"wp:featuredmedia":[{"embeddable":true,"href":"https:\/\/penosil.com\/ro\/wp-json\/wp\/v2\/media\/10327"}],"wp:attachment":[{"href":"https:\/\/penosil.com\/ro\/wp-json\/wp\/v2\/media?parent=10324"}],"wp:term":[{"taxonomy":"product_brand","embeddable":true,"href":"https:\/\/penosil.com\/ro\/wp-json\/wp\/v2\/product_brand?post=10324"},{"taxonomy":"product_cat","embeddable":true,"href":"https:\/\/penosil.com\/ro\/wp-json\/wp\/v2\/product_cat?post=10324"},{"taxonomy":"product_tag","embeddable":true,"href":"https:\/\/penosil.com\/ro\/wp-json\/wp\/v2\/product_tag?post=10324"}],"curies":[{"name":"wp","href":"https:\/\/api.w.org\/{rel}","templated":true}]}}