{"id":10375,"date":"2023-10-19T07:58:55","date_gmt":"2023-10-19T07:58:55","guid":{"rendered":"https:\/\/penosil.com\/ro\/?post_type=product&#038;p=10375"},"modified":"2026-01-30T08:50:59","modified_gmt":"2026-01-30T08:50:59","slug":"masonry_adhesive_foam_827_spuma_adeziva_de_zidarie","status":"publish","type":"product","link":"https:\/\/penosil.com\/ro\/produse\/masonry_adhesive_foam_827_spuma_adeziva_de_zidarie\/","title":{"rendered":"Masonry Adhesive Foam 827"},"content":{"rendered":"<p>PENOSIL Masonry Adhesive Foam 827 este o spum\u0103 adeziv\u0103 de pistol pentru zidirea blocurilor de construc\u021bie folosit\u0103 \u00een construc\u021bia pere\u021bilor interiori neportan\u021bi. Cu ajutorul acestei spume adezive lucr\u0103rile de zid\u0103rie pot fi finalizate mai rapid, mai u\u0219or \u0219i f\u0103r\u0103 praf.<\/p>\n","protected":false},"excerpt":{"rendered":"PENOSIL Masonry Adhesive Foam 827 este o spum\u0103 adeziv\u0103 de pistol pentru zidirea blocurilor de construc\u021bie folosit\u0103 \u00een construc\u021bia pere\u021bilor interiori neportan\u021bi. Cu ajutorul acestei spume adezive lucr\u0103rile de zid\u0103rie pot fi finalizate mai rapid, mai u\u0219or \u0219i f\u0103r\u0103 praf.","protected":false},"author":13,"featured_media":10379,"template":"","meta":{"_acf_changed":false,"advgb_blocks_editor_width":"","advgb_blocks_columns_visual_guide":"","footnotes":""},"product_brand":[],"product_cat":[2223,338,1544,1373,1449,1502,1392,352],"product_tag":[],"class_list":{"0":"post-10375","1":"product","2":"type-product","3":"status-publish","4":"has-post-thumbnail","6":"product_cat-produse-noi","7":"product_cat-categorii","8":"product_cat-spume-de-pistol","9":"product_cat-game-de-produse","10":"product_cat-adezivi-spuma","11":"product_cat-spume-de-constructie","12":"product_cat-adezivi","13":"product_cat-lipire","15":"first","16":"outofstock","17":"taxable","18":"shipping-taxable","19":"purchasable","20":"product-type-simple"},"acf":[],"yoast_head":"<!-- This site is optimized with the Yoast SEO plugin v27.2 - https:\/\/yoast.com\/product\/yoast-seo-wordpress\/ -->\n<title>Masonry Adhesive Foam 827 spum\u0103 adeziv\u0103 de zid\u0103rie<\/title>\n<meta name=\"description\" content=\"Masonry Adhesive Foam 827 spum\u0103 adeziv\u0103 de zid\u0103rie pentru zidirea pere\u021bilor interiori neportan\u021bi. Structur\u0103 puternic\u0103 \u0219i solid\u0103. Afla\u021bi mai multe!\" \/>\n<meta name=\"robots\" content=\"index, follow, max-snippet:-1, max-image-preview:large, max-video-preview:-1\" \/>\n<link rel=\"canonical\" href=\"https:\/\/penosil.com\/ro\/produse\/masonry_adhesive_foam_827_spuma_adeziva_de_zidarie\/\" \/>\n<meta property=\"og:locale\" content=\"ro_RO\" \/>\n<meta property=\"og:type\" content=\"article\" \/>\n<meta property=\"og:title\" content=\"Masonry Adhesive Foam 827 spum\u0103 adeziv\u0103 de zid\u0103rie\" \/>\n<meta property=\"og:description\" content=\"Masonry Adhesive Foam 827 spum\u0103 adeziv\u0103 de zid\u0103rie pentru zidirea pere\u021bilor interiori neportan\u021bi. Structur\u0103 puternic\u0103 \u0219i solid\u0103. Afla\u021bi mai multe!\" \/>\n<meta property=\"og:url\" content=\"https:\/\/penosil.com\/ro\/produse\/masonry_adhesive_foam_827_spuma_adeziva_de_zidarie\/\" \/>\n<meta property=\"og:site_name\" content=\"Penosil Romania\" \/>\n<meta property=\"article:modified_time\" content=\"2026-01-30T08:50:59+00:00\" \/>\n<meta property=\"og:image\" content=\"https:\/\/penosil.com\/ro\/wp-content\/uploads\/sites\/8\/2023\/10\/827_Mansory_Adhesive_Foam_827_RO.png\" \/>\n\t<meta property=\"og:image:width\" content=\"642\" \/>\n\t<meta property=\"og:image:height\" content=\"3265\" \/>\n\t<meta property=\"og:image:type\" content=\"image\/png\" \/>\n<meta name=\"twitter:card\" content=\"summary_large_image\" \/>\n<meta name=\"twitter:label1\" content=\"Timp estimat pentru citire\" \/>\n\t<meta name=\"twitter:data1\" content=\"5 minute\" \/>\n<script type=\"application\/ld+json\" class=\"yoast-schema-graph\">{\"@context\":\"https:\/\/schema.org\",\"@graph\":[{\"@type\":\"WebPage\",\"@id\":\"https:\/\/penosil.com\/ro\/produse\/masonry_adhesive_foam_827_spuma_adeziva_de_zidarie\/\",\"url\":\"https:\/\/penosil.com\/ro\/produse\/masonry_adhesive_foam_827_spuma_adeziva_de_zidarie\/\",\"name\":\"Masonry Adhesive Foam 827 spum\u0103 adeziv\u0103 de zid\u0103rie\",\"isPartOf\":{\"@id\":\"https:\/\/penosil.com\/ro\/#website\"},\"primaryImageOfPage\":{\"@id\":\"https:\/\/penosil.com\/ro\/produse\/masonry_adhesive_foam_827_spuma_adeziva_de_zidarie\/#primaryimage\"},\"image\":{\"@id\":\"https:\/\/penosil.com\/ro\/produse\/masonry_adhesive_foam_827_spuma_adeziva_de_zidarie\/#primaryimage\"},\"thumbnailUrl\":\"https:\/\/penosil.com\/ro\/wp-content\/uploads\/sites\/8\/2023\/10\/827_Mansory_Adhesive_Foam_827_RO.png\",\"datePublished\":\"2023-10-19T07:58:55+00:00\",\"dateModified\":\"2026-01-30T08:50:59+00:00\",\"description\":\"Masonry Adhesive Foam 827 spum\u0103 adeziv\u0103 de zid\u0103rie pentru zidirea pere\u021bilor interiori neportan\u021bi. Structur\u0103 puternic\u0103 \u0219i solid\u0103. Afla\u021bi mai multe!\",\"breadcrumb\":{\"@id\":\"https:\/\/penosil.com\/ro\/produse\/masonry_adhesive_foam_827_spuma_adeziva_de_zidarie\/#breadcrumb\"},\"inLanguage\":\"ro-RO\",\"potentialAction\":[{\"@type\":\"ReadAction\",\"target\":[\"https:\/\/penosil.com\/ro\/produse\/masonry_adhesive_foam_827_spuma_adeziva_de_zidarie\/\"]}]},{\"@type\":\"ImageObject\",\"inLanguage\":\"ro-RO\",\"@id\":\"https:\/\/penosil.com\/ro\/produse\/masonry_adhesive_foam_827_spuma_adeziva_de_zidarie\/#primaryimage\",\"url\":\"https:\/\/penosil.com\/ro\/wp-content\/uploads\/sites\/8\/2023\/10\/827_Mansory_Adhesive_Foam_827_RO.png\",\"contentUrl\":\"https:\/\/penosil.com\/ro\/wp-content\/uploads\/sites\/8\/2023\/10\/827_Mansory_Adhesive_Foam_827_RO.png\",\"width\":642,\"height\":3265,\"caption\":\"PENOSIL Masonry Adhesive Foam 827 spum\u0103 adeziv\u0103 de pistol\"},{\"@type\":\"BreadcrumbList\",\"@id\":\"https:\/\/penosil.com\/ro\/produse\/masonry_adhesive_foam_827_spuma_adeziva_de_zidarie\/#breadcrumb\",\"itemListElement\":[{\"@type\":\"ListItem\",\"position\":1,\"name\":\"Prima pagin\u0103\",\"item\":\"https:\/\/penosil.com\/ro\/\"},{\"@type\":\"ListItem\",\"position\":2,\"name\":\"Produse\",\"item\":\"https:\/\/penosil.com\/ro\/etansanti\/\"},{\"@type\":\"ListItem\",\"position\":3,\"name\":\"Masonry Adhesive Foam 827\"}]},{\"@type\":\"WebSite\",\"@id\":\"https:\/\/penosil.com\/ro\/#website\",\"url\":\"https:\/\/penosil.com\/ro\/\",\"name\":\"Penosil Romania\",\"description\":\"\",\"potentialAction\":[{\"@type\":\"SearchAction\",\"target\":{\"@type\":\"EntryPoint\",\"urlTemplate\":\"https:\/\/penosil.com\/ro\/?s={search_term_string}\"},\"query-input\":{\"@type\":\"PropertyValueSpecification\",\"valueRequired\":true,\"valueName\":\"search_term_string\"}}],\"inLanguage\":\"ro-RO\"}]}<\/script>\n<!-- \/ Yoast SEO plugin. -->","yoast_head_json":{"title":"Masonry Adhesive Foam 827 spum\u0103 adeziv\u0103 de zid\u0103rie","description":"Masonry Adhesive Foam 827 spum\u0103 adeziv\u0103 de zid\u0103rie pentru zidirea pere\u021bilor interiori neportan\u021bi. Structur\u0103 puternic\u0103 \u0219i solid\u0103. Afla\u021bi mai multe!","robots":{"index":"index","follow":"follow","max-snippet":"max-snippet:-1","max-image-preview":"max-image-preview:large","max-video-preview":"max-video-preview:-1"},"canonical":"https:\/\/penosil.com\/ro\/produse\/masonry_adhesive_foam_827_spuma_adeziva_de_zidarie\/","og_locale":"ro_RO","og_type":"article","og_title":"Masonry Adhesive Foam 827 spum\u0103 adeziv\u0103 de zid\u0103rie","og_description":"Masonry Adhesive Foam 827 spum\u0103 adeziv\u0103 de zid\u0103rie pentru zidirea pere\u021bilor interiori neportan\u021bi. Structur\u0103 puternic\u0103 \u0219i solid\u0103. Afla\u021bi mai multe!","og_url":"https:\/\/penosil.com\/ro\/produse\/masonry_adhesive_foam_827_spuma_adeziva_de_zidarie\/","og_site_name":"Penosil Romania","article_modified_time":"2026-01-30T08:50:59+00:00","og_image":[{"width":642,"height":3265,"url":"https:\/\/penosil.com\/ro\/wp-content\/uploads\/sites\/8\/2023\/10\/827_Mansory_Adhesive_Foam_827_RO.png","type":"image\/png"}],"twitter_card":"summary_large_image","twitter_misc":{"Timp estimat pentru citire":"5 minute"},"schema":{"@context":"https:\/\/schema.org","@graph":[{"@type":"WebPage","@id":"https:\/\/penosil.com\/ro\/produse\/masonry_adhesive_foam_827_spuma_adeziva_de_zidarie\/","url":"https:\/\/penosil.com\/ro\/produse\/masonry_adhesive_foam_827_spuma_adeziva_de_zidarie\/","name":"Masonry Adhesive Foam 827 spum\u0103 adeziv\u0103 de zid\u0103rie","isPartOf":{"@id":"https:\/\/penosil.com\/ro\/#website"},"primaryImageOfPage":{"@id":"https:\/\/penosil.com\/ro\/produse\/masonry_adhesive_foam_827_spuma_adeziva_de_zidarie\/#primaryimage"},"image":{"@id":"https:\/\/penosil.com\/ro\/produse\/masonry_adhesive_foam_827_spuma_adeziva_de_zidarie\/#primaryimage"},"thumbnailUrl":"https:\/\/penosil.com\/ro\/wp-content\/uploads\/sites\/8\/2023\/10\/827_Mansory_Adhesive_Foam_827_RO.png","datePublished":"2023-10-19T07:58:55+00:00","dateModified":"2026-01-30T08:50:59+00:00","description":"Masonry Adhesive Foam 827 spum\u0103 adeziv\u0103 de zid\u0103rie pentru zidirea pere\u021bilor interiori neportan\u021bi. Structur\u0103 puternic\u0103 \u0219i solid\u0103. Afla\u021bi mai multe!","breadcrumb":{"@id":"https:\/\/penosil.com\/ro\/produse\/masonry_adhesive_foam_827_spuma_adeziva_de_zidarie\/#breadcrumb"},"inLanguage":"ro-RO","potentialAction":[{"@type":"ReadAction","target":["https:\/\/penosil.com\/ro\/produse\/masonry_adhesive_foam_827_spuma_adeziva_de_zidarie\/"]}]},{"@type":"ImageObject","inLanguage":"ro-RO","@id":"https:\/\/penosil.com\/ro\/produse\/masonry_adhesive_foam_827_spuma_adeziva_de_zidarie\/#primaryimage","url":"https:\/\/penosil.com\/ro\/wp-content\/uploads\/sites\/8\/2023\/10\/827_Mansory_Adhesive_Foam_827_RO.png","contentUrl":"https:\/\/penosil.com\/ro\/wp-content\/uploads\/sites\/8\/2023\/10\/827_Mansory_Adhesive_Foam_827_RO.png","width":642,"height":3265,"caption":"PENOSIL Masonry Adhesive Foam 827 spum\u0103 adeziv\u0103 de pistol"},{"@type":"BreadcrumbList","@id":"https:\/\/penosil.com\/ro\/produse\/masonry_adhesive_foam_827_spuma_adeziva_de_zidarie\/#breadcrumb","itemListElement":[{"@type":"ListItem","position":1,"name":"Prima pagin\u0103","item":"https:\/\/penosil.com\/ro\/"},{"@type":"ListItem","position":2,"name":"Produse","item":"https:\/\/penosil.com\/ro\/etansanti\/"},{"@type":"ListItem","position":3,"name":"Masonry Adhesive Foam 827"}]},{"@type":"WebSite","@id":"https:\/\/penosil.com\/ro\/#website","url":"https:\/\/penosil.com\/ro\/","name":"Penosil Romania","description":"","potentialAction":[{"@type":"SearchAction","target":{"@type":"EntryPoint","urlTemplate":"https:\/\/penosil.com\/ro\/?s={search_term_string}"},"query-input":{"@type":"PropertyValueSpecification","valueRequired":true,"valueName":"search_term_string"}}],"inLanguage":"ro-RO"}]}},"featured_img":"https:\/\/penosil.com\/ro\/wp-content\/uploads\/sites\/8\/2023\/10\/827_Mansory_Adhesive_Foam_827_RO.png","coauthors":[],"author_meta":{"author_link":"https:\/\/penosil.com\/ro\/author\/mara\/","display_name":"Mara"},"relative_dates":{"created":"Posted 2 ani ago","modified":"Updated 3 luni ago"},"absolute_dates":{"created":"Posted on 19 octombrie 2023","modified":"Updated on 30 ianuarie 2026"},"absolute_dates_time":{"created":"Posted on 19 octombrie 2023 7:58","modified":"Updated on 30 ianuarie 2026 8:50"},"featured_img_caption":"","tax_additional":{"product_brand":{"linked":[],"unlinked":[],"slug":"product_brand","name":"Branduri"},"product_type":{"linked":["<a href=\"https:\/\/penosil.com\/ro\/?taxonomy=product_type&#038;term=simple\" class=\"advgb-post-tax-term\">simple<\/a>"],"unlinked":["<span class=\"advgb-post-tax-term\">simple<\/span>"],"slug":"product_type","name":"Tip de produs"},"product_visibility":{"linked":["<a href=\"https:\/\/penosil.com\/ro\/en\/?taxonomy=product_visibility&#038;term=outofstock\" class=\"advgb-post-tax-term\">outofstock<\/a>"],"unlinked":["<span class=\"advgb-post-tax-term\">outofstock<\/span>"],"slug":"product_visibility","name":"Vizibilitate produs"},"product_cat":{"linked":["<a href=\"https:\/\/penosil.com\/ro\/categorie-produs\/categorii\/produse-noi\/\" class=\"advgb-post-tax-term\">Produse noi<\/a>","<a href=\"https:\/\/penosil.com\/ro\/categorie-produs\/categorii\/\" class=\"advgb-post-tax-term\">Categorii<\/a>","<a href=\"https:\/\/penosil.com\/ro\/categorie-produs\/game-de-produse\/spume-de-constructie\/spume-de-pistol\/\" class=\"advgb-post-tax-term\">Spume de pistol<\/a>","<a href=\"https:\/\/penosil.com\/ro\/categorie-produs\/game-de-produse\/\" class=\"advgb-post-tax-term\">Game de produse<\/a>","<a href=\"https:\/\/penosil.com\/ro\/categorie-produs\/game-de-produse\/adezivi\/adezivi-spuma\/\" class=\"advgb-post-tax-term\">Adezivi spum\u0103<\/a>","<a href=\"https:\/\/penosil.com\/ro\/categorie-produs\/game-de-produse\/spume-de-constructie\/\" class=\"advgb-post-tax-term\">Spume de construc\u021bie<\/a>","<a href=\"https:\/\/penosil.com\/ro\/categorie-produs\/game-de-produse\/adezivi\/\" class=\"advgb-post-tax-term\">Adezivi<\/a>","<a href=\"https:\/\/penosil.com\/ro\/categorie-produs\/categorii\/lipire\/\" class=\"advgb-post-tax-term\">Adezivi<\/a>"],"unlinked":["<span class=\"advgb-post-tax-term\">Produse noi<\/span>","<span class=\"advgb-post-tax-term\">Categorii<\/span>","<span class=\"advgb-post-tax-term\">Spume de pistol<\/span>","<span class=\"advgb-post-tax-term\">Game de produse<\/span>","<span class=\"advgb-post-tax-term\">Adezivi spum\u0103<\/span>","<span class=\"advgb-post-tax-term\">Spume de construc\u021bie<\/span>","<span class=\"advgb-post-tax-term\">Adezivi<\/span>","<span class=\"advgb-post-tax-term\">Adezivi<\/span>"],"slug":"product_cat","name":"Categorii de produse"},"product_tag":{"linked":[],"unlinked":[],"slug":"product_tag","name":"Etichete produs"},"product_shipping_class":{"linked":[],"unlinked":[],"slug":"product_shipping_class","name":"Clase de livrare produse"},"pos_product_visibility":{"linked":[],"unlinked":[],"slug":"pos_product_visibility","name":"Vizibilitate produse \u00een POS"},"pa_ambalaj":{"linked":["<a href=\"https:\/\/penosil.com\/ro\/?taxonomy=pa_ambalaj&#038;term=750-ml-ro\" class=\"advgb-post-tax-term\">750 ml<\/a>"],"unlinked":["<span class=\"advgb-post-tax-term\">750 ml<\/span>"],"slug":"pa_ambalaj","name":"Product AMBALAJ"},"pa_culoare":{"linked":["<a href=\"https:\/\/penosil.com\/ro\/?taxonomy=pa_culoare&#038;term=portocaliu-deschis\" class=\"advgb-post-tax-term\">Portocaliu deschis<\/a>"],"unlinked":["<span class=\"advgb-post-tax-term\">Portocaliu deschis<\/span>"],"slug":"pa_culoare","name":"Product CULOARE"},"pa_ean":{"linked":[],"unlinked":[],"slug":"pa_ean","name":"Product EAN"},"pa_latime-banda":{"linked":[],"unlinked":[],"slug":"pa_latime-banda","name":"Product L\u0102\u021aIME BAND\u0102"},"pa_latime-rost":{"linked":[],"unlinked":[],"slug":"pa_latime-rost","name":"Product L\u0102\u021aIME ROST"},"translation_priority":{"linked":["<a href=\"https:\/\/penosil.com\/ro\/?taxonomy=translation_priority&#038;term=optional-ro\" class=\"advgb-post-tax-term\">Optional<\/a>"],"unlinked":["<span class=\"advgb-post-tax-term\">Optional<\/span>"],"slug":"translation_priority","name":"Translation Priorities"}},"series_order":"","_links":{"self":[{"href":"https:\/\/penosil.com\/ro\/wp-json\/wp\/v2\/product\/10375","targetHints":{"allow":["GET"]}}],"collection":[{"href":"https:\/\/penosil.com\/ro\/wp-json\/wp\/v2\/product"}],"about":[{"href":"https:\/\/penosil.com\/ro\/wp-json\/wp\/v2\/types\/product"}],"version-history":[{"count":4,"href":"https:\/\/penosil.com\/ro\/wp-json\/wp\/v2\/product\/10375\/revisions"}],"predecessor-version":[{"id":11984,"href":"https:\/\/penosil.com\/ro\/wp-json\/wp\/v2\/product\/10375\/revisions\/11984"}],"wp:featuredmedia":[{"embeddable":true,"href":"https:\/\/penosil.com\/ro\/wp-json\/wp\/v2\/media\/10379"}],"wp:attachment":[{"href":"https:\/\/penosil.com\/ro\/wp-json\/wp\/v2\/media?parent=10375"}],"wp:term":[{"taxonomy":"product_brand","embeddable":true,"href":"https:\/\/penosil.com\/ro\/wp-json\/wp\/v2\/product_brand?post=10375"},{"taxonomy":"product_cat","embeddable":true,"href":"https:\/\/penosil.com\/ro\/wp-json\/wp\/v2\/product_cat?post=10375"},{"taxonomy":"product_tag","embeddable":true,"href":"https:\/\/penosil.com\/ro\/wp-json\/wp\/v2\/product_tag?post=10375"}],"curies":[{"name":"wp","href":"https:\/\/api.w.org\/{rel}","templated":true}]}}