{"id":10380,"date":"2023-10-19T10:30:06","date_gmt":"2023-10-19T10:30:06","guid":{"rendered":"https:\/\/penosil.com\/ro\/?post_type=product&#038;p=10380"},"modified":"2026-04-14T23:00:23","modified_gmt":"2026-04-14T23:00:23","slug":"speedfix-chemical-anchor-597-sistem-bicomponent-de-ancorare-chimica","status":"publish","type":"product","link":"https:\/\/penosil.com\/ro\/produse\/speedfix-chemical-anchor-597-sistem-bicomponent-de-ancorare-chimica\/","title":{"rendered":"SpeedFix Chemical Anchor 597"},"content":{"rendered":"<p>PENOSIL SpeedFix Chemical Anchor 597 este o ancor\u0103 chimic\u0103 bicomponent\u0103, cu \u00eent\u0103rire rapid\u0103 \u0219i cu sistem de injec\u021bie de vinilester. Dezvoltat\u0103 pentru ancorarea pe suprafe\u021be verticale sau orizontale. Produs f\u0103r\u0103 stiren, rezistent la foc \u0219i cu rezisten\u021b\u0103 ridicat\u0103 la sarcin\u0103.<\/p>\n","protected":false},"excerpt":{"rendered":"PENOSIL SpeedFix Chemical Anchor 597 este o ancor\u0103 chimic\u0103 bicomponent\u0103, cu \u00eent\u0103rire rapid\u0103 \u0219i cu sistem de injec\u021bie de vinilester. Dezvoltat\u0103 pentru ancorarea pe suprafe\u021be verticale sau orizontale. Produs f\u0103r\u0103 stiren, rezistent la foc \u0219i cu rezisten\u021b\u0103 ridicat\u0103 la sarcin\u0103.","protected":false},"author":13,"featured_media":10381,"template":"","meta":{"_acf_changed":false,"advgb_blocks_editor_width":"","advgb_blocks_columns_visual_guide":"","footnotes":""},"product_brand":[],"product_cat":[2223,338,1433,1373,1409,1392,352],"product_tag":[],"class_list":{"0":"post-10380","1":"product","2":"type-product","3":"status-publish","4":"has-post-thumbnail","6":"product_cat-produse-noi","7":"product_cat-categorii","8":"product_cat-adezivi-de-constructie","9":"product_cat-game-de-produse","10":"product_cat-produse-epoxy-bi-componente","11":"product_cat-adezivi","12":"product_cat-lipire","14":"first","15":"instock","16":"taxable","17":"shipping-taxable","18":"purchasable","19":"product-type-simple"},"acf":[],"yoast_head":"<!-- This site is optimized with the Yoast SEO plugin v27.2 - https:\/\/yoast.com\/product\/yoast-seo-wordpress\/ -->\n<title>SpeedFix Chemical Anchor 597 sistem bicomponent de ancorare chimic\u0103<\/title>\n<meta name=\"description\" content=\"PENOSIL SpeedFix Chemical Anchor 497 este un sistem bicomponent de injec\u021bie pentru ancorare chimic\u0103 \u00een propor\u0163ie de 10:1.\" \/>\n<meta name=\"robots\" content=\"index, follow, max-snippet:-1, max-image-preview:large, max-video-preview:-1\" \/>\n<link rel=\"canonical\" href=\"https:\/\/penosil.com\/ro\/produse\/speedfix-chemical-anchor-597-sistem-bicomponent-de-ancorare-chimica\/\" \/>\n<meta property=\"og:locale\" content=\"ro_RO\" \/>\n<meta property=\"og:type\" content=\"article\" \/>\n<meta property=\"og:title\" content=\"SpeedFix Chemical Anchor 597 sistem bicomponent de ancorare chimic\u0103\" \/>\n<meta property=\"og:description\" content=\"PENOSIL SpeedFix Chemical Anchor 497 este un sistem bicomponent de injec\u021bie pentru ancorare chimic\u0103 \u00een propor\u0163ie de 10:1.\" \/>\n<meta property=\"og:url\" content=\"https:\/\/penosil.com\/ro\/produse\/speedfix-chemical-anchor-597-sistem-bicomponent-de-ancorare-chimica\/\" \/>\n<meta property=\"og:site_name\" content=\"Penosil Romania\" \/>\n<meta property=\"article:modified_time\" content=\"2026-04-14T23:00:23+00:00\" \/>\n<meta property=\"og:image\" content=\"https:\/\/penosil.com\/ro\/wp-content\/uploads\/sites\/8\/2023\/10\/597_SpeedFix_Chemical_Anchor_597_RO.png\" \/>\n\t<meta property=\"og:image:width\" content=\"870\" \/>\n\t<meta property=\"og:image:height\" content=\"2430\" \/>\n\t<meta property=\"og:image:type\" content=\"image\/png\" \/>\n<meta name=\"twitter:card\" content=\"summary_large_image\" \/>\n<meta name=\"twitter:label1\" content=\"Timp estimat pentru citire\" \/>\n\t<meta name=\"twitter:data1\" content=\"3 minute\" \/>\n<script type=\"application\/ld+json\" class=\"yoast-schema-graph\">{\"@context\":\"https:\/\/schema.org\",\"@graph\":[{\"@type\":\"WebPage\",\"@id\":\"https:\/\/penosil.com\/ro\/produse\/speedfix-chemical-anchor-597-sistem-bicomponent-de-ancorare-chimica\/\",\"url\":\"https:\/\/penosil.com\/ro\/produse\/speedfix-chemical-anchor-597-sistem-bicomponent-de-ancorare-chimica\/\",\"name\":\"SpeedFix Chemical Anchor 597 sistem bicomponent de ancorare chimic\u0103\",\"isPartOf\":{\"@id\":\"https:\/\/penosil.com\/ro\/#website\"},\"primaryImageOfPage\":{\"@id\":\"https:\/\/penosil.com\/ro\/produse\/speedfix-chemical-anchor-597-sistem-bicomponent-de-ancorare-chimica\/#primaryimage\"},\"image\":{\"@id\":\"https:\/\/penosil.com\/ro\/produse\/speedfix-chemical-anchor-597-sistem-bicomponent-de-ancorare-chimica\/#primaryimage\"},\"thumbnailUrl\":\"https:\/\/penosil.com\/ro\/wp-content\/uploads\/sites\/8\/2023\/10\/597_SpeedFix_Chemical_Anchor_597_RO.png\",\"datePublished\":\"2023-10-19T10:30:06+00:00\",\"dateModified\":\"2026-04-14T23:00:23+00:00\",\"description\":\"PENOSIL SpeedFix Chemical Anchor 497 este un sistem bicomponent de injec\u021bie pentru ancorare chimic\u0103 \u00een propor\u0163ie de 10:1.\",\"breadcrumb\":{\"@id\":\"https:\/\/penosil.com\/ro\/produse\/speedfix-chemical-anchor-597-sistem-bicomponent-de-ancorare-chimica\/#breadcrumb\"},\"inLanguage\":\"ro-RO\",\"potentialAction\":[{\"@type\":\"ReadAction\",\"target\":[\"https:\/\/penosil.com\/ro\/produse\/speedfix-chemical-anchor-597-sistem-bicomponent-de-ancorare-chimica\/\"]}]},{\"@type\":\"ImageObject\",\"inLanguage\":\"ro-RO\",\"@id\":\"https:\/\/penosil.com\/ro\/produse\/speedfix-chemical-anchor-597-sistem-bicomponent-de-ancorare-chimica\/#primaryimage\",\"url\":\"https:\/\/penosil.com\/ro\/wp-content\/uploads\/sites\/8\/2023\/10\/597_SpeedFix_Chemical_Anchor_597_RO.png\",\"contentUrl\":\"https:\/\/penosil.com\/ro\/wp-content\/uploads\/sites\/8\/2023\/10\/597_SpeedFix_Chemical_Anchor_597_RO.png\",\"width\":870,\"height\":2430,\"caption\":\"PENOSIL SpeedFix Chemical Anchor 597 - sistem bicomponent de ancorare chimic\u0103\"},{\"@type\":\"BreadcrumbList\",\"@id\":\"https:\/\/penosil.com\/ro\/produse\/speedfix-chemical-anchor-597-sistem-bicomponent-de-ancorare-chimica\/#breadcrumb\",\"itemListElement\":[{\"@type\":\"ListItem\",\"position\":1,\"name\":\"Prima pagin\u0103\",\"item\":\"https:\/\/penosil.com\/ro\/\"},{\"@type\":\"ListItem\",\"position\":2,\"name\":\"Produse\",\"item\":\"https:\/\/penosil.com\/ro\/etansanti\/\"},{\"@type\":\"ListItem\",\"position\":3,\"name\":\"SpeedFix Chemical Anchor 597\"}]},{\"@type\":\"WebSite\",\"@id\":\"https:\/\/penosil.com\/ro\/#website\",\"url\":\"https:\/\/penosil.com\/ro\/\",\"name\":\"Penosil Romania\",\"description\":\"\",\"potentialAction\":[{\"@type\":\"SearchAction\",\"target\":{\"@type\":\"EntryPoint\",\"urlTemplate\":\"https:\/\/penosil.com\/ro\/?s={search_term_string}\"},\"query-input\":{\"@type\":\"PropertyValueSpecification\",\"valueRequired\":true,\"valueName\":\"search_term_string\"}}],\"inLanguage\":\"ro-RO\"}]}<\/script>\n<!-- \/ Yoast SEO plugin. -->","yoast_head_json":{"title":"SpeedFix Chemical Anchor 597 sistem bicomponent de ancorare chimic\u0103","description":"PENOSIL SpeedFix Chemical Anchor 497 este un sistem bicomponent de injec\u021bie pentru ancorare chimic\u0103 \u00een propor\u0163ie de 10:1.","robots":{"index":"index","follow":"follow","max-snippet":"max-snippet:-1","max-image-preview":"max-image-preview:large","max-video-preview":"max-video-preview:-1"},"canonical":"https:\/\/penosil.com\/ro\/produse\/speedfix-chemical-anchor-597-sistem-bicomponent-de-ancorare-chimica\/","og_locale":"ro_RO","og_type":"article","og_title":"SpeedFix Chemical Anchor 597 sistem bicomponent de ancorare chimic\u0103","og_description":"PENOSIL SpeedFix Chemical Anchor 497 este un sistem bicomponent de injec\u021bie pentru ancorare chimic\u0103 \u00een propor\u0163ie de 10:1.","og_url":"https:\/\/penosil.com\/ro\/produse\/speedfix-chemical-anchor-597-sistem-bicomponent-de-ancorare-chimica\/","og_site_name":"Penosil Romania","article_modified_time":"2026-04-14T23:00:23+00:00","og_image":[{"width":870,"height":2430,"url":"https:\/\/penosil.com\/ro\/wp-content\/uploads\/sites\/8\/2023\/10\/597_SpeedFix_Chemical_Anchor_597_RO.png","type":"image\/png"}],"twitter_card":"summary_large_image","twitter_misc":{"Timp estimat pentru citire":"3 minute"},"schema":{"@context":"https:\/\/schema.org","@graph":[{"@type":"WebPage","@id":"https:\/\/penosil.com\/ro\/produse\/speedfix-chemical-anchor-597-sistem-bicomponent-de-ancorare-chimica\/","url":"https:\/\/penosil.com\/ro\/produse\/speedfix-chemical-anchor-597-sistem-bicomponent-de-ancorare-chimica\/","name":"SpeedFix Chemical Anchor 597 sistem bicomponent de ancorare chimic\u0103","isPartOf":{"@id":"https:\/\/penosil.com\/ro\/#website"},"primaryImageOfPage":{"@id":"https:\/\/penosil.com\/ro\/produse\/speedfix-chemical-anchor-597-sistem-bicomponent-de-ancorare-chimica\/#primaryimage"},"image":{"@id":"https:\/\/penosil.com\/ro\/produse\/speedfix-chemical-anchor-597-sistem-bicomponent-de-ancorare-chimica\/#primaryimage"},"thumbnailUrl":"https:\/\/penosil.com\/ro\/wp-content\/uploads\/sites\/8\/2023\/10\/597_SpeedFix_Chemical_Anchor_597_RO.png","datePublished":"2023-10-19T10:30:06+00:00","dateModified":"2026-04-14T23:00:23+00:00","description":"PENOSIL SpeedFix Chemical Anchor 497 este un sistem bicomponent de injec\u021bie pentru ancorare chimic\u0103 \u00een propor\u0163ie de 10:1.","breadcrumb":{"@id":"https:\/\/penosil.com\/ro\/produse\/speedfix-chemical-anchor-597-sistem-bicomponent-de-ancorare-chimica\/#breadcrumb"},"inLanguage":"ro-RO","potentialAction":[{"@type":"ReadAction","target":["https:\/\/penosil.com\/ro\/produse\/speedfix-chemical-anchor-597-sistem-bicomponent-de-ancorare-chimica\/"]}]},{"@type":"ImageObject","inLanguage":"ro-RO","@id":"https:\/\/penosil.com\/ro\/produse\/speedfix-chemical-anchor-597-sistem-bicomponent-de-ancorare-chimica\/#primaryimage","url":"https:\/\/penosil.com\/ro\/wp-content\/uploads\/sites\/8\/2023\/10\/597_SpeedFix_Chemical_Anchor_597_RO.png","contentUrl":"https:\/\/penosil.com\/ro\/wp-content\/uploads\/sites\/8\/2023\/10\/597_SpeedFix_Chemical_Anchor_597_RO.png","width":870,"height":2430,"caption":"PENOSIL SpeedFix Chemical Anchor 597 - sistem bicomponent de ancorare chimic\u0103"},{"@type":"BreadcrumbList","@id":"https:\/\/penosil.com\/ro\/produse\/speedfix-chemical-anchor-597-sistem-bicomponent-de-ancorare-chimica\/#breadcrumb","itemListElement":[{"@type":"ListItem","position":1,"name":"Prima pagin\u0103","item":"https:\/\/penosil.com\/ro\/"},{"@type":"ListItem","position":2,"name":"Produse","item":"https:\/\/penosil.com\/ro\/etansanti\/"},{"@type":"ListItem","position":3,"name":"SpeedFix Chemical Anchor 597"}]},{"@type":"WebSite","@id":"https:\/\/penosil.com\/ro\/#website","url":"https:\/\/penosil.com\/ro\/","name":"Penosil Romania","description":"","potentialAction":[{"@type":"SearchAction","target":{"@type":"EntryPoint","urlTemplate":"https:\/\/penosil.com\/ro\/?s={search_term_string}"},"query-input":{"@type":"PropertyValueSpecification","valueRequired":true,"valueName":"search_term_string"}}],"inLanguage":"ro-RO"}]}},"featured_img":"https:\/\/penosil.com\/ro\/wp-content\/uploads\/sites\/8\/2023\/10\/597_SpeedFix_Chemical_Anchor_597_RO.png","coauthors":[],"author_meta":{"author_link":"https:\/\/penosil.com\/ro\/author\/mara\/","display_name":"Mara"},"relative_dates":{"created":"Posted 2 ani ago","modified":"Updated 5 ore ago"},"absolute_dates":{"created":"Posted on 19 octombrie 2023","modified":"Updated on 14 aprilie 2026"},"absolute_dates_time":{"created":"Posted on 19 octombrie 2023 10:30","modified":"Updated on 14 aprilie 2026 23:00"},"featured_img_caption":"","tax_additional":{"product_brand":{"linked":[],"unlinked":[],"slug":"product_brand","name":"Branduri"},"product_type":{"linked":["<a href=\"https:\/\/penosil.com\/ro\/?taxonomy=product_type&#038;term=simple\" class=\"advgb-post-tax-term\">simple<\/a>"],"unlinked":["<span class=\"advgb-post-tax-term\">simple<\/span>"],"slug":"product_type","name":"Tip de produs"},"product_visibility":{"linked":[],"unlinked":[],"slug":"product_visibility","name":"Vizibilitate produs"},"product_cat":{"linked":["<a href=\"https:\/\/penosil.com\/ro\/categorie-produs\/categorii\/produse-noi\/\" class=\"advgb-post-tax-term\">Produse noi<\/a>","<a href=\"https:\/\/penosil.com\/ro\/categorie-produs\/categorii\/\" class=\"advgb-post-tax-term\">Categorii<\/a>","<a href=\"https:\/\/penosil.com\/ro\/categorie-produs\/game-de-produse\/adezivi\/adezivi-de-constructie\/\" class=\"advgb-post-tax-term\">Adezivi de construc\u021bie<\/a>","<a href=\"https:\/\/penosil.com\/ro\/categorie-produs\/game-de-produse\/\" class=\"advgb-post-tax-term\">Game de produse<\/a>","<a href=\"https:\/\/penosil.com\/ro\/categorie-produs\/game-de-produse\/adezivi\/produse-epoxy-bi-componente\/\" class=\"advgb-post-tax-term\">Produse epoxy bi-componente<\/a>","<a href=\"https:\/\/penosil.com\/ro\/categorie-produs\/game-de-produse\/adezivi\/\" class=\"advgb-post-tax-term\">Adezivi<\/a>","<a href=\"https:\/\/penosil.com\/ro\/categorie-produs\/categorii\/lipire\/\" class=\"advgb-post-tax-term\">Adezivi<\/a>"],"unlinked":["<span class=\"advgb-post-tax-term\">Produse noi<\/span>","<span class=\"advgb-post-tax-term\">Categorii<\/span>","<span class=\"advgb-post-tax-term\">Adezivi de construc\u021bie<\/span>","<span class=\"advgb-post-tax-term\">Game de produse<\/span>","<span class=\"advgb-post-tax-term\">Produse epoxy bi-componente<\/span>","<span class=\"advgb-post-tax-term\">Adezivi<\/span>","<span class=\"advgb-post-tax-term\">Adezivi<\/span>"],"slug":"product_cat","name":"Categorii de produse"},"product_tag":{"linked":[],"unlinked":[],"slug":"product_tag","name":"Etichete produs"},"product_shipping_class":{"linked":[],"unlinked":[],"slug":"product_shipping_class","name":"Clase de livrare produse"},"pos_product_visibility":{"linked":[],"unlinked":[],"slug":"pos_product_visibility","name":"Vizibilitate produse \u00een POS"},"pa_ambalaj":{"linked":["<a href=\"https:\/\/penosil.com\/ro\/?taxonomy=pa_ambalaj&#038;term=300-ml\" class=\"advgb-post-tax-term\">300 ml<\/a>"],"unlinked":["<span class=\"advgb-post-tax-term\">300 ml<\/span>"],"slug":"pa_ambalaj","name":"Product AMBALAJ"},"pa_culoare":{"linked":["<a href=\"https:\/\/penosil.com\/ro\/?taxonomy=pa_culoare&#038;term=gri\" class=\"advgb-post-tax-term\">Gri<\/a>"],"unlinked":["<span class=\"advgb-post-tax-term\">Gri<\/span>"],"slug":"pa_culoare","name":"Product CULOARE"},"pa_ean":{"linked":[],"unlinked":[],"slug":"pa_ean","name":"Product EAN"},"pa_latime-banda":{"linked":[],"unlinked":[],"slug":"pa_latime-banda","name":"Product L\u0102\u021aIME BAND\u0102"},"pa_latime-rost":{"linked":[],"unlinked":[],"slug":"pa_latime-rost","name":"Product L\u0102\u021aIME ROST"},"translation_priority":{"linked":["<a href=\"https:\/\/penosil.com\/ro\/?taxonomy=translation_priority&#038;term=optional-ro\" class=\"advgb-post-tax-term\">Optional<\/a>"],"unlinked":["<span class=\"advgb-post-tax-term\">Optional<\/span>"],"slug":"translation_priority","name":"Translation Priorities"}},"series_order":"","_links":{"self":[{"href":"https:\/\/penosil.com\/ro\/wp-json\/wp\/v2\/product\/10380","targetHints":{"allow":["GET"]}}],"collection":[{"href":"https:\/\/penosil.com\/ro\/wp-json\/wp\/v2\/product"}],"about":[{"href":"https:\/\/penosil.com\/ro\/wp-json\/wp\/v2\/types\/product"}],"version-history":[{"count":1,"href":"https:\/\/penosil.com\/ro\/wp-json\/wp\/v2\/product\/10380\/revisions"}],"predecessor-version":[{"id":11505,"href":"https:\/\/penosil.com\/ro\/wp-json\/wp\/v2\/product\/10380\/revisions\/11505"}],"wp:featuredmedia":[{"embeddable":true,"href":"https:\/\/penosil.com\/ro\/wp-json\/wp\/v2\/media\/10381"}],"wp:attachment":[{"href":"https:\/\/penosil.com\/ro\/wp-json\/wp\/v2\/media?parent=10380"}],"wp:term":[{"taxonomy":"product_brand","embeddable":true,"href":"https:\/\/penosil.com\/ro\/wp-json\/wp\/v2\/product_brand?post=10380"},{"taxonomy":"product_cat","embeddable":true,"href":"https:\/\/penosil.com\/ro\/wp-json\/wp\/v2\/product_cat?post=10380"},{"taxonomy":"product_tag","embeddable":true,"href":"https:\/\/penosil.com\/ro\/wp-json\/wp\/v2\/product_tag?post=10380"}],"curies":[{"name":"wp","href":"https:\/\/api.w.org\/{rel}","templated":true}]}}