{"id":10411,"date":"2023-12-07T13:33:59","date_gmt":"2023-12-07T13:33:59","guid":{"rendered":"https:\/\/penosil.com\/ro\/?post_type=product&#038;p=10411"},"modified":"2026-04-15T23:00:23","modified_gmt":"2026-04-15T23:00:23","slug":"multifunctional_gunfoam_winter_165_spuma_multifunctionala_de_iarna_pentru_umplere","status":"publish","type":"product","link":"https:\/\/penosil.com\/ro\/produse\/multifunctional_gunfoam_winter_165_spuma_multifunctionala_de_iarna_pentru_umplere\/","title":{"rendered":"Multifunctional Gunfoam Winter 165"},"content":{"rendered":"<p>PENOSIL Multifunctional Gunfoam Winter 165 este o spum\u0103 poliuretanic\u0103 multifunc\u021bional\u0103 de pistol pentru diverse lucr\u0103ri de construc\u021bii exterioare \u0219i interioare, cum ar fi etan\u0219area \u00eembin\u0103rilor de pl\u0103ci izolatoare sau a penetr\u0103rilor de cabluri \u0219i \u021bevi \u0219i umplerea golurilor \u0219i fisurilor din structura cl\u0103dirii. Ader\u0103 bine la majoritatea materialelor precum lemn, beton, piatr\u0103, ipsos, metal, PVC \u0219i polistiren.<\/p>\n<p>&nbsp;<\/p>\n<p>&nbsp;<\/p>\n<p>&nbsp;<\/p>\n<p>&nbsp;<\/p>\n<p>&nbsp;<\/p>\n","protected":false},"excerpt":{"rendered":"PENOSIL Multifunctional Gunfoam Winter 165 este o spum\u0103 poliuretanic\u0103 multifunc\u021bional\u0103 de pistol pentru diverse lucr\u0103ri de construc\u021bii exterioare \u0219i interioare, cum ar fi etan\u0219area \u00eembin\u0103rilor de pl\u0103ci izolatoare sau a penetr\u0103rilor de cabluri \u0219i \u021bevi \u0219i umplerea golurilor \u0219i fisurilor din structura cl\u0103dirii. Ader\u0103 bine la majoritatea materialelor precum lemn, beton, piatr\u0103, ipsos, metal, PVC [&hellip;]","protected":false},"author":13,"featured_media":10414,"template":"","meta":{"_acf_changed":false,"advgb_blocks_editor_width":"","advgb_blocks_columns_visual_guide":"","footnotes":""},"product_brand":[],"product_cat":[338,1544,837,1373,1502],"product_tag":[],"class_list":{"0":"post-10411","1":"product","2":"type-product","3":"status-publish","4":"has-post-thumbnail","6":"product_cat-categorii","7":"product_cat-spume-de-pistol","8":"product_cat-constructii-generale","9":"product_cat-game-de-produse","10":"product_cat-spume-de-constructie","12":"first","13":"instock","14":"taxable","15":"shipping-taxable","16":"purchasable","17":"product-type-simple"},"acf":[],"yoast_head":"<!-- This site is optimized with the Yoast SEO plugin v27.2 - https:\/\/yoast.com\/product\/yoast-seo-wordpress\/ -->\n<title>Multifunctional Gunfoam Winter 165 spum\u0103 multifunc\u021bional\u0103 de iarn\u0103 pentru umplere<\/title>\n<meta name=\"description\" content=\"PENOSIL Multifunctional Gunfoam Winter 165 spum\u0103 poliuretanic\u0103 pentru izolare termic\u0103 \u0219i fonic\u0103 la temperaturi reci. Afl\u0103 mai multe!\" \/>\n<meta name=\"robots\" content=\"index, follow, max-snippet:-1, max-image-preview:large, max-video-preview:-1\" \/>\n<link rel=\"canonical\" href=\"https:\/\/penosil.com\/ro\/produse\/multifunctional_gunfoam_winter_165_spuma_multifunctionala_de_iarna_pentru_umplere\/\" \/>\n<meta property=\"og:locale\" content=\"ro_RO\" \/>\n<meta property=\"og:type\" content=\"article\" \/>\n<meta property=\"og:title\" content=\"Multifunctional Gunfoam Winter 165 spum\u0103 multifunc\u021bional\u0103 de iarn\u0103 pentru umplere\" \/>\n<meta property=\"og:description\" content=\"PENOSIL Multifunctional Gunfoam Winter 165 spum\u0103 poliuretanic\u0103 pentru izolare termic\u0103 \u0219i fonic\u0103 la temperaturi reci. Afl\u0103 mai multe!\" \/>\n<meta property=\"og:url\" content=\"https:\/\/penosil.com\/ro\/produse\/multifunctional_gunfoam_winter_165_spuma_multifunctionala_de_iarna_pentru_umplere\/\" \/>\n<meta property=\"og:site_name\" content=\"Penosil Romania\" \/>\n<meta property=\"article:modified_time\" content=\"2026-04-15T23:00:23+00:00\" \/>\n<meta property=\"og:image\" content=\"https:\/\/penosil.com\/ro\/wp-content\/uploads\/sites\/8\/2023\/12\/165_Multifunctional_Gunfoam_Winter_165_750ml_Light_yellow_RO.png\" \/>\n\t<meta property=\"og:image:width\" content=\"523\" \/>\n\t<meta property=\"og:image:height\" content=\"1080\" \/>\n\t<meta property=\"og:image:type\" content=\"image\/png\" \/>\n<meta name=\"twitter:card\" content=\"summary_large_image\" \/>\n<meta name=\"twitter:label1\" content=\"Timp estimat pentru citire\" \/>\n\t<meta name=\"twitter:data1\" content=\"5 minute\" \/>\n<script type=\"application\/ld+json\" class=\"yoast-schema-graph\">{\"@context\":\"https:\/\/schema.org\",\"@graph\":[{\"@type\":\"WebPage\",\"@id\":\"https:\/\/penosil.com\/ro\/produse\/multifunctional_gunfoam_winter_165_spuma_multifunctionala_de_iarna_pentru_umplere\/\",\"url\":\"https:\/\/penosil.com\/ro\/produse\/multifunctional_gunfoam_winter_165_spuma_multifunctionala_de_iarna_pentru_umplere\/\",\"name\":\"Multifunctional Gunfoam Winter 165 spum\u0103 multifunc\u021bional\u0103 de iarn\u0103 pentru umplere\",\"isPartOf\":{\"@id\":\"https:\/\/penosil.com\/ro\/#website\"},\"primaryImageOfPage\":{\"@id\":\"https:\/\/penosil.com\/ro\/produse\/multifunctional_gunfoam_winter_165_spuma_multifunctionala_de_iarna_pentru_umplere\/#primaryimage\"},\"image\":{\"@id\":\"https:\/\/penosil.com\/ro\/produse\/multifunctional_gunfoam_winter_165_spuma_multifunctionala_de_iarna_pentru_umplere\/#primaryimage\"},\"thumbnailUrl\":\"https:\/\/penosil.com\/ro\/wp-content\/uploads\/sites\/8\/2023\/12\/165_Multifunctional_Gunfoam_Winter_165_750ml_Light_yellow_RO.png\",\"datePublished\":\"2023-12-07T13:33:59+00:00\",\"dateModified\":\"2026-04-15T23:00:23+00:00\",\"description\":\"PENOSIL Multifunctional Gunfoam Winter 165 spum\u0103 poliuretanic\u0103 pentru izolare termic\u0103 \u0219i fonic\u0103 la temperaturi reci. Afl\u0103 mai multe!\",\"breadcrumb\":{\"@id\":\"https:\/\/penosil.com\/ro\/produse\/multifunctional_gunfoam_winter_165_spuma_multifunctionala_de_iarna_pentru_umplere\/#breadcrumb\"},\"inLanguage\":\"ro-RO\",\"potentialAction\":[{\"@type\":\"ReadAction\",\"target\":[\"https:\/\/penosil.com\/ro\/produse\/multifunctional_gunfoam_winter_165_spuma_multifunctionala_de_iarna_pentru_umplere\/\"]}]},{\"@type\":\"ImageObject\",\"inLanguage\":\"ro-RO\",\"@id\":\"https:\/\/penosil.com\/ro\/produse\/multifunctional_gunfoam_winter_165_spuma_multifunctionala_de_iarna_pentru_umplere\/#primaryimage\",\"url\":\"https:\/\/penosil.com\/ro\/wp-content\/uploads\/sites\/8\/2023\/12\/165_Multifunctional_Gunfoam_Winter_165_750ml_Light_yellow_RO.png\",\"contentUrl\":\"https:\/\/penosil.com\/ro\/wp-content\/uploads\/sites\/8\/2023\/12\/165_Multifunctional_Gunfoam_Winter_165_750ml_Light_yellow_RO.png\",\"width\":523,\"height\":1080,\"caption\":\"PENOSIL Multifunctional Gunfoam Winter 165 spum\u0103 multifunc\u021bional\u0103 de iarn\u0103 pentru umplere\"},{\"@type\":\"BreadcrumbList\",\"@id\":\"https:\/\/penosil.com\/ro\/produse\/multifunctional_gunfoam_winter_165_spuma_multifunctionala_de_iarna_pentru_umplere\/#breadcrumb\",\"itemListElement\":[{\"@type\":\"ListItem\",\"position\":1,\"name\":\"Prima pagin\u0103\",\"item\":\"https:\/\/penosil.com\/ro\/\"},{\"@type\":\"ListItem\",\"position\":2,\"name\":\"Produse\",\"item\":\"https:\/\/penosil.com\/ro\/etansanti\/\"},{\"@type\":\"ListItem\",\"position\":3,\"name\":\"Multifunctional Gunfoam Winter 165\"}]},{\"@type\":\"WebSite\",\"@id\":\"https:\/\/penosil.com\/ro\/#website\",\"url\":\"https:\/\/penosil.com\/ro\/\",\"name\":\"Penosil Romania\",\"description\":\"\",\"potentialAction\":[{\"@type\":\"SearchAction\",\"target\":{\"@type\":\"EntryPoint\",\"urlTemplate\":\"https:\/\/penosil.com\/ro\/?s={search_term_string}\"},\"query-input\":{\"@type\":\"PropertyValueSpecification\",\"valueRequired\":true,\"valueName\":\"search_term_string\"}}],\"inLanguage\":\"ro-RO\"}]}<\/script>\n<!-- \/ Yoast SEO plugin. -->","yoast_head_json":{"title":"Multifunctional Gunfoam Winter 165 spum\u0103 multifunc\u021bional\u0103 de iarn\u0103 pentru umplere","description":"PENOSIL Multifunctional Gunfoam Winter 165 spum\u0103 poliuretanic\u0103 pentru izolare termic\u0103 \u0219i fonic\u0103 la temperaturi reci. Afl\u0103 mai multe!","robots":{"index":"index","follow":"follow","max-snippet":"max-snippet:-1","max-image-preview":"max-image-preview:large","max-video-preview":"max-video-preview:-1"},"canonical":"https:\/\/penosil.com\/ro\/produse\/multifunctional_gunfoam_winter_165_spuma_multifunctionala_de_iarna_pentru_umplere\/","og_locale":"ro_RO","og_type":"article","og_title":"Multifunctional Gunfoam Winter 165 spum\u0103 multifunc\u021bional\u0103 de iarn\u0103 pentru umplere","og_description":"PENOSIL Multifunctional Gunfoam Winter 165 spum\u0103 poliuretanic\u0103 pentru izolare termic\u0103 \u0219i fonic\u0103 la temperaturi reci. Afl\u0103 mai multe!","og_url":"https:\/\/penosil.com\/ro\/produse\/multifunctional_gunfoam_winter_165_spuma_multifunctionala_de_iarna_pentru_umplere\/","og_site_name":"Penosil Romania","article_modified_time":"2026-04-15T23:00:23+00:00","og_image":[{"width":523,"height":1080,"url":"https:\/\/penosil.com\/ro\/wp-content\/uploads\/sites\/8\/2023\/12\/165_Multifunctional_Gunfoam_Winter_165_750ml_Light_yellow_RO.png","type":"image\/png"}],"twitter_card":"summary_large_image","twitter_misc":{"Timp estimat pentru citire":"5 minute"},"schema":{"@context":"https:\/\/schema.org","@graph":[{"@type":"WebPage","@id":"https:\/\/penosil.com\/ro\/produse\/multifunctional_gunfoam_winter_165_spuma_multifunctionala_de_iarna_pentru_umplere\/","url":"https:\/\/penosil.com\/ro\/produse\/multifunctional_gunfoam_winter_165_spuma_multifunctionala_de_iarna_pentru_umplere\/","name":"Multifunctional Gunfoam Winter 165 spum\u0103 multifunc\u021bional\u0103 de iarn\u0103 pentru umplere","isPartOf":{"@id":"https:\/\/penosil.com\/ro\/#website"},"primaryImageOfPage":{"@id":"https:\/\/penosil.com\/ro\/produse\/multifunctional_gunfoam_winter_165_spuma_multifunctionala_de_iarna_pentru_umplere\/#primaryimage"},"image":{"@id":"https:\/\/penosil.com\/ro\/produse\/multifunctional_gunfoam_winter_165_spuma_multifunctionala_de_iarna_pentru_umplere\/#primaryimage"},"thumbnailUrl":"https:\/\/penosil.com\/ro\/wp-content\/uploads\/sites\/8\/2023\/12\/165_Multifunctional_Gunfoam_Winter_165_750ml_Light_yellow_RO.png","datePublished":"2023-12-07T13:33:59+00:00","dateModified":"2026-04-15T23:00:23+00:00","description":"PENOSIL Multifunctional Gunfoam Winter 165 spum\u0103 poliuretanic\u0103 pentru izolare termic\u0103 \u0219i fonic\u0103 la temperaturi reci. Afl\u0103 mai multe!","breadcrumb":{"@id":"https:\/\/penosil.com\/ro\/produse\/multifunctional_gunfoam_winter_165_spuma_multifunctionala_de_iarna_pentru_umplere\/#breadcrumb"},"inLanguage":"ro-RO","potentialAction":[{"@type":"ReadAction","target":["https:\/\/penosil.com\/ro\/produse\/multifunctional_gunfoam_winter_165_spuma_multifunctionala_de_iarna_pentru_umplere\/"]}]},{"@type":"ImageObject","inLanguage":"ro-RO","@id":"https:\/\/penosil.com\/ro\/produse\/multifunctional_gunfoam_winter_165_spuma_multifunctionala_de_iarna_pentru_umplere\/#primaryimage","url":"https:\/\/penosil.com\/ro\/wp-content\/uploads\/sites\/8\/2023\/12\/165_Multifunctional_Gunfoam_Winter_165_750ml_Light_yellow_RO.png","contentUrl":"https:\/\/penosil.com\/ro\/wp-content\/uploads\/sites\/8\/2023\/12\/165_Multifunctional_Gunfoam_Winter_165_750ml_Light_yellow_RO.png","width":523,"height":1080,"caption":"PENOSIL Multifunctional Gunfoam Winter 165 spum\u0103 multifunc\u021bional\u0103 de iarn\u0103 pentru umplere"},{"@type":"BreadcrumbList","@id":"https:\/\/penosil.com\/ro\/produse\/multifunctional_gunfoam_winter_165_spuma_multifunctionala_de_iarna_pentru_umplere\/#breadcrumb","itemListElement":[{"@type":"ListItem","position":1,"name":"Prima pagin\u0103","item":"https:\/\/penosil.com\/ro\/"},{"@type":"ListItem","position":2,"name":"Produse","item":"https:\/\/penosil.com\/ro\/etansanti\/"},{"@type":"ListItem","position":3,"name":"Multifunctional Gunfoam Winter 165"}]},{"@type":"WebSite","@id":"https:\/\/penosil.com\/ro\/#website","url":"https:\/\/penosil.com\/ro\/","name":"Penosil Romania","description":"","potentialAction":[{"@type":"SearchAction","target":{"@type":"EntryPoint","urlTemplate":"https:\/\/penosil.com\/ro\/?s={search_term_string}"},"query-input":{"@type":"PropertyValueSpecification","valueRequired":true,"valueName":"search_term_string"}}],"inLanguage":"ro-RO"}]}},"featured_img":"https:\/\/penosil.com\/ro\/wp-content\/uploads\/sites\/8\/2023\/12\/165_Multifunctional_Gunfoam_Winter_165_750ml_Light_yellow_RO.png","coauthors":[],"author_meta":{"author_link":"https:\/\/penosil.com\/ro\/author\/mara\/","display_name":"Mara"},"relative_dates":{"created":"Posted 2 ani ago","modified":"Updated 11 ore ago"},"absolute_dates":{"created":"Posted on 7 decembrie 2023","modified":"Updated on 15 aprilie 2026"},"absolute_dates_time":{"created":"Posted on 7 decembrie 2023 13:33","modified":"Updated on 15 aprilie 2026 23:00"},"featured_img_caption":"","tax_additional":{"product_brand":{"linked":[],"unlinked":[],"slug":"product_brand","name":"Branduri"},"product_type":{"linked":["<a href=\"https:\/\/penosil.com\/ro\/?taxonomy=product_type&#038;term=simple\" class=\"advgb-post-tax-term\">simple<\/a>"],"unlinked":["<span class=\"advgb-post-tax-term\">simple<\/span>"],"slug":"product_type","name":"Tip de produs"},"product_visibility":{"linked":[],"unlinked":[],"slug":"product_visibility","name":"Vizibilitate produs"},"product_cat":{"linked":["<a href=\"https:\/\/penosil.com\/ro\/categorie-produs\/categorii\/\" class=\"advgb-post-tax-term\">Categorii<\/a>","<a href=\"https:\/\/penosil.com\/ro\/categorie-produs\/game-de-produse\/spume-de-constructie\/spume-de-pistol\/\" class=\"advgb-post-tax-term\">Spume de pistol<\/a>","<a href=\"https:\/\/penosil.com\/ro\/categorie-produs\/categorii\/constructii-generale\/\" class=\"advgb-post-tax-term\">Construc\u021bii generale<\/a>","<a href=\"https:\/\/penosil.com\/ro\/categorie-produs\/game-de-produse\/\" class=\"advgb-post-tax-term\">Game de produse<\/a>","<a href=\"https:\/\/penosil.com\/ro\/categorie-produs\/game-de-produse\/spume-de-constructie\/\" class=\"advgb-post-tax-term\">Spume de construc\u021bie<\/a>"],"unlinked":["<span class=\"advgb-post-tax-term\">Categorii<\/span>","<span class=\"advgb-post-tax-term\">Spume de pistol<\/span>","<span class=\"advgb-post-tax-term\">Construc\u021bii generale<\/span>","<span class=\"advgb-post-tax-term\">Game de produse<\/span>","<span class=\"advgb-post-tax-term\">Spume de construc\u021bie<\/span>"],"slug":"product_cat","name":"Categorii de produse"},"product_tag":{"linked":[],"unlinked":[],"slug":"product_tag","name":"Etichete produs"},"product_shipping_class":{"linked":[],"unlinked":[],"slug":"product_shipping_class","name":"Clase de livrare produse"},"pos_product_visibility":{"linked":[],"unlinked":[],"slug":"pos_product_visibility","name":"Vizibilitate produse \u00een POS"},"pa_ambalaj":{"linked":[],"unlinked":[],"slug":"pa_ambalaj","name":"Product AMBALAJ"},"pa_culoare":{"linked":["<a href=\"https:\/\/penosil.com\/ro\/?taxonomy=pa_culoare&#038;term=galben-deschis\" class=\"advgb-post-tax-term\">Galben deschis<\/a>"],"unlinked":["<span class=\"advgb-post-tax-term\">Galben deschis<\/span>"],"slug":"pa_culoare","name":"Product CULOARE"},"pa_ean":{"linked":[],"unlinked":[],"slug":"pa_ean","name":"Product EAN"},"pa_latime-banda":{"linked":[],"unlinked":[],"slug":"pa_latime-banda","name":"Product L\u0102\u021aIME BAND\u0102"},"pa_latime-rost":{"linked":[],"unlinked":[],"slug":"pa_latime-rost","name":"Product L\u0102\u021aIME ROST"},"translation_priority":{"linked":["<a href=\"https:\/\/penosil.com\/ro\/?taxonomy=translation_priority&#038;term=optional-ro\" class=\"advgb-post-tax-term\">Optional<\/a>"],"unlinked":["<span class=\"advgb-post-tax-term\">Optional<\/span>"],"slug":"translation_priority","name":"Translation Priorities"}},"series_order":"","_links":{"self":[{"href":"https:\/\/penosil.com\/ro\/wp-json\/wp\/v2\/product\/10411","targetHints":{"allow":["GET"]}}],"collection":[{"href":"https:\/\/penosil.com\/ro\/wp-json\/wp\/v2\/product"}],"about":[{"href":"https:\/\/penosil.com\/ro\/wp-json\/wp\/v2\/types\/product"}],"version-history":[{"count":3,"href":"https:\/\/penosil.com\/ro\/wp-json\/wp\/v2\/product\/10411\/revisions"}],"predecessor-version":[{"id":11483,"href":"https:\/\/penosil.com\/ro\/wp-json\/wp\/v2\/product\/10411\/revisions\/11483"}],"wp:featuredmedia":[{"embeddable":true,"href":"https:\/\/penosil.com\/ro\/wp-json\/wp\/v2\/media\/10414"}],"wp:attachment":[{"href":"https:\/\/penosil.com\/ro\/wp-json\/wp\/v2\/media?parent=10411"}],"wp:term":[{"taxonomy":"product_brand","embeddable":true,"href":"https:\/\/penosil.com\/ro\/wp-json\/wp\/v2\/product_brand?post=10411"},{"taxonomy":"product_cat","embeddable":true,"href":"https:\/\/penosil.com\/ro\/wp-json\/wp\/v2\/product_cat?post=10411"},{"taxonomy":"product_tag","embeddable":true,"href":"https:\/\/penosil.com\/ro\/wp-json\/wp\/v2\/product_tag?post=10411"}],"curies":[{"name":"wp","href":"https:\/\/api.w.org\/{rel}","templated":true}]}}