{"id":10415,"date":"2023-12-07T13:47:43","date_gmt":"2023-12-07T13:47:43","guid":{"rendered":"https:\/\/penosil.com\/ro\/?post_type=product&#038;p=10415"},"modified":"2025-07-14T10:06:00","modified_gmt":"2025-07-14T10:06:00","slug":"multifunctional_strawfoam_winter_205_spuma_poliuretanica_manuala_de_iarna","status":"publish","type":"product","link":"https:\/\/penosil.com\/ro\/produse\/multifunctional_strawfoam_winter_205_spuma_poliuretanica_manuala_de_iarna\/","title":{"rendered":"Multifunctional Strawfoam Winter 205"},"content":{"rendered":"<p>PENOSIL Multifunctional Strawfoam Winter 205\u00a0este o spum\u0103 poliuretanic\u0103 manual\u0103 multifunctional\u0103, de iarn\u0103, cu un raport foarte bun pre\u0163-calitate \u0219i cu dou\u0103 paie aplicatoare.<\/p>\n<p>&nbsp;<\/p>\n<p>&nbsp;<\/p>\n<p>&nbsp;<\/p>\n<p>&nbsp;<\/p>\n","protected":false},"excerpt":{"rendered":"PENOSIL Multifunctional Strawfoam Winter 205\u00a0este o spum\u0103 poliuretanic\u0103 manual\u0103 multifunctional\u0103, de iarn\u0103, cu un raport foarte bun pre\u0163-calitate \u0219i cu dou\u0103 paie aplicatoare. &nbsp; &nbsp; &nbsp; &nbsp;","protected":false},"author":13,"featured_media":10416,"template":"","meta":{"_acf_changed":false,"advgb_blocks_editor_width":"","advgb_blocks_columns_visual_guide":"","footnotes":""},"product_brand":[],"product_cat":[338,837,1373,1502,1568],"product_tag":[],"class_list":{"0":"post-10415","1":"product","2":"type-product","3":"status-publish","4":"has-post-thumbnail","6":"product_cat-categorii","7":"product_cat-constructii-generale","8":"product_cat-game-de-produse","9":"product_cat-spume-de-constructie","10":"product_cat-spume-manuale","12":"first","13":"outofstock","14":"taxable","15":"shipping-taxable","16":"purchasable","17":"product-type-simple"},"acf":[],"yoast_head":"<!-- This site is optimized with the Yoast SEO plugin v27.2 - https:\/\/yoast.com\/product\/yoast-seo-wordpress\/ -->\n<title>Multifunctional Strawfoam Winter 205 spum\u0103 poliuretanic\u0103 manual\u0103 de iarn\u0103<\/title>\n<meta name=\"description\" content=\"PENOSIL Multifunctional Strawfoam Winter 205 spum\u0103 manual\u0103 pentru etan\u0219are la temperaturi sc\u0103zute, de la -10\u00b0C, propriet\u0103\u021bi bune de umplere. Afl\u0103 mai multe!\" \/>\n<meta name=\"robots\" content=\"index, follow, max-snippet:-1, max-image-preview:large, max-video-preview:-1\" \/>\n<link rel=\"canonical\" href=\"https:\/\/penosil.com\/ro\/produse\/multifunctional_strawfoam_winter_205_spuma_poliuretanica_manuala_de_iarna\/\" \/>\n<meta property=\"og:locale\" content=\"ro_RO\" \/>\n<meta property=\"og:type\" content=\"article\" \/>\n<meta property=\"og:title\" content=\"Multifunctional Strawfoam Winter 205 spum\u0103 poliuretanic\u0103 manual\u0103 de iarn\u0103\" \/>\n<meta property=\"og:description\" content=\"PENOSIL Multifunctional Strawfoam Winter 205 spum\u0103 manual\u0103 pentru etan\u0219are la temperaturi sc\u0103zute, de la -10\u00b0C, propriet\u0103\u021bi bune de umplere. Afl\u0103 mai multe!\" \/>\n<meta property=\"og:url\" content=\"https:\/\/penosil.com\/ro\/produse\/multifunctional_strawfoam_winter_205_spuma_poliuretanica_manuala_de_iarna\/\" \/>\n<meta property=\"og:site_name\" content=\"Penosil Romania\" \/>\n<meta property=\"article:modified_time\" content=\"2025-07-14T10:06:00+00:00\" \/>\n<meta property=\"og:image\" content=\"https:\/\/penosil.com\/ro\/wp-content\/uploads\/sites\/8\/2023\/12\/205_Multifunctional_Strawfoam_Winter_205_680ml_RO.png\" \/>\n\t<meta property=\"og:image:width\" content=\"523\" \/>\n\t<meta property=\"og:image:height\" content=\"1080\" \/>\n\t<meta property=\"og:image:type\" content=\"image\/png\" \/>\n<meta name=\"twitter:card\" content=\"summary_large_image\" \/>\n<meta name=\"twitter:label1\" content=\"Timp estimat pentru citire\" \/>\n\t<meta name=\"twitter:data1\" content=\"5 minute\" \/>\n<script type=\"application\/ld+json\" class=\"yoast-schema-graph\">{\"@context\":\"https:\/\/schema.org\",\"@graph\":[{\"@type\":\"WebPage\",\"@id\":\"https:\/\/penosil.com\/ro\/produse\/multifunctional_strawfoam_winter_205_spuma_poliuretanica_manuala_de_iarna\/\",\"url\":\"https:\/\/penosil.com\/ro\/produse\/multifunctional_strawfoam_winter_205_spuma_poliuretanica_manuala_de_iarna\/\",\"name\":\"Multifunctional Strawfoam Winter 205 spum\u0103 poliuretanic\u0103 manual\u0103 de iarn\u0103\",\"isPartOf\":{\"@id\":\"https:\/\/penosil.com\/ro\/#website\"},\"primaryImageOfPage\":{\"@id\":\"https:\/\/penosil.com\/ro\/produse\/multifunctional_strawfoam_winter_205_spuma_poliuretanica_manuala_de_iarna\/#primaryimage\"},\"image\":{\"@id\":\"https:\/\/penosil.com\/ro\/produse\/multifunctional_strawfoam_winter_205_spuma_poliuretanica_manuala_de_iarna\/#primaryimage\"},\"thumbnailUrl\":\"https:\/\/penosil.com\/ro\/wp-content\/uploads\/sites\/8\/2023\/12\/205_Multifunctional_Strawfoam_Winter_205_680ml_RO.png\",\"datePublished\":\"2023-12-07T13:47:43+00:00\",\"dateModified\":\"2025-07-14T10:06:00+00:00\",\"description\":\"PENOSIL Multifunctional Strawfoam Winter 205 spum\u0103 manual\u0103 pentru etan\u0219are la temperaturi sc\u0103zute, de la -10\u00b0C, propriet\u0103\u021bi bune de umplere. Afl\u0103 mai multe!\",\"breadcrumb\":{\"@id\":\"https:\/\/penosil.com\/ro\/produse\/multifunctional_strawfoam_winter_205_spuma_poliuretanica_manuala_de_iarna\/#breadcrumb\"},\"inLanguage\":\"ro-RO\",\"potentialAction\":[{\"@type\":\"ReadAction\",\"target\":[\"https:\/\/penosil.com\/ro\/produse\/multifunctional_strawfoam_winter_205_spuma_poliuretanica_manuala_de_iarna\/\"]}]},{\"@type\":\"ImageObject\",\"inLanguage\":\"ro-RO\",\"@id\":\"https:\/\/penosil.com\/ro\/produse\/multifunctional_strawfoam_winter_205_spuma_poliuretanica_manuala_de_iarna\/#primaryimage\",\"url\":\"https:\/\/penosil.com\/ro\/wp-content\/uploads\/sites\/8\/2023\/12\/205_Multifunctional_Strawfoam_Winter_205_680ml_RO.png\",\"contentUrl\":\"https:\/\/penosil.com\/ro\/wp-content\/uploads\/sites\/8\/2023\/12\/205_Multifunctional_Strawfoam_Winter_205_680ml_RO.png\",\"width\":523,\"height\":1080,\"caption\":\"PENOSIL Multifunctional Strawfoam Winter 205 spum\u0103 poliuretanic\u0103 manual\u0103 multifunctional\u0103, de iarn\u0103\"},{\"@type\":\"BreadcrumbList\",\"@id\":\"https:\/\/penosil.com\/ro\/produse\/multifunctional_strawfoam_winter_205_spuma_poliuretanica_manuala_de_iarna\/#breadcrumb\",\"itemListElement\":[{\"@type\":\"ListItem\",\"position\":1,\"name\":\"Prima pagin\u0103\",\"item\":\"https:\/\/penosil.com\/ro\/\"},{\"@type\":\"ListItem\",\"position\":2,\"name\":\"Produse\",\"item\":\"https:\/\/penosil.com\/ro\/etansanti\/\"},{\"@type\":\"ListItem\",\"position\":3,\"name\":\"Multifunctional Strawfoam Winter 205\"}]},{\"@type\":\"WebSite\",\"@id\":\"https:\/\/penosil.com\/ro\/#website\",\"url\":\"https:\/\/penosil.com\/ro\/\",\"name\":\"Penosil Romania\",\"description\":\"\",\"potentialAction\":[{\"@type\":\"SearchAction\",\"target\":{\"@type\":\"EntryPoint\",\"urlTemplate\":\"https:\/\/penosil.com\/ro\/?s={search_term_string}\"},\"query-input\":{\"@type\":\"PropertyValueSpecification\",\"valueRequired\":true,\"valueName\":\"search_term_string\"}}],\"inLanguage\":\"ro-RO\"}]}<\/script>\n<!-- \/ Yoast SEO plugin. -->","yoast_head_json":{"title":"Multifunctional Strawfoam Winter 205 spum\u0103 poliuretanic\u0103 manual\u0103 de iarn\u0103","description":"PENOSIL Multifunctional Strawfoam Winter 205 spum\u0103 manual\u0103 pentru etan\u0219are la temperaturi sc\u0103zute, de la -10\u00b0C, propriet\u0103\u021bi bune de umplere. Afl\u0103 mai multe!","robots":{"index":"index","follow":"follow","max-snippet":"max-snippet:-1","max-image-preview":"max-image-preview:large","max-video-preview":"max-video-preview:-1"},"canonical":"https:\/\/penosil.com\/ro\/produse\/multifunctional_strawfoam_winter_205_spuma_poliuretanica_manuala_de_iarna\/","og_locale":"ro_RO","og_type":"article","og_title":"Multifunctional Strawfoam Winter 205 spum\u0103 poliuretanic\u0103 manual\u0103 de iarn\u0103","og_description":"PENOSIL Multifunctional Strawfoam Winter 205 spum\u0103 manual\u0103 pentru etan\u0219are la temperaturi sc\u0103zute, de la -10\u00b0C, propriet\u0103\u021bi bune de umplere. Afl\u0103 mai multe!","og_url":"https:\/\/penosil.com\/ro\/produse\/multifunctional_strawfoam_winter_205_spuma_poliuretanica_manuala_de_iarna\/","og_site_name":"Penosil Romania","article_modified_time":"2025-07-14T10:06:00+00:00","og_image":[{"width":523,"height":1080,"url":"https:\/\/penosil.com\/ro\/wp-content\/uploads\/sites\/8\/2023\/12\/205_Multifunctional_Strawfoam_Winter_205_680ml_RO.png","type":"image\/png"}],"twitter_card":"summary_large_image","twitter_misc":{"Timp estimat pentru citire":"5 minute"},"schema":{"@context":"https:\/\/schema.org","@graph":[{"@type":"WebPage","@id":"https:\/\/penosil.com\/ro\/produse\/multifunctional_strawfoam_winter_205_spuma_poliuretanica_manuala_de_iarna\/","url":"https:\/\/penosil.com\/ro\/produse\/multifunctional_strawfoam_winter_205_spuma_poliuretanica_manuala_de_iarna\/","name":"Multifunctional Strawfoam Winter 205 spum\u0103 poliuretanic\u0103 manual\u0103 de iarn\u0103","isPartOf":{"@id":"https:\/\/penosil.com\/ro\/#website"},"primaryImageOfPage":{"@id":"https:\/\/penosil.com\/ro\/produse\/multifunctional_strawfoam_winter_205_spuma_poliuretanica_manuala_de_iarna\/#primaryimage"},"image":{"@id":"https:\/\/penosil.com\/ro\/produse\/multifunctional_strawfoam_winter_205_spuma_poliuretanica_manuala_de_iarna\/#primaryimage"},"thumbnailUrl":"https:\/\/penosil.com\/ro\/wp-content\/uploads\/sites\/8\/2023\/12\/205_Multifunctional_Strawfoam_Winter_205_680ml_RO.png","datePublished":"2023-12-07T13:47:43+00:00","dateModified":"2025-07-14T10:06:00+00:00","description":"PENOSIL Multifunctional Strawfoam Winter 205 spum\u0103 manual\u0103 pentru etan\u0219are la temperaturi sc\u0103zute, de la -10\u00b0C, propriet\u0103\u021bi bune de umplere. Afl\u0103 mai multe!","breadcrumb":{"@id":"https:\/\/penosil.com\/ro\/produse\/multifunctional_strawfoam_winter_205_spuma_poliuretanica_manuala_de_iarna\/#breadcrumb"},"inLanguage":"ro-RO","potentialAction":[{"@type":"ReadAction","target":["https:\/\/penosil.com\/ro\/produse\/multifunctional_strawfoam_winter_205_spuma_poliuretanica_manuala_de_iarna\/"]}]},{"@type":"ImageObject","inLanguage":"ro-RO","@id":"https:\/\/penosil.com\/ro\/produse\/multifunctional_strawfoam_winter_205_spuma_poliuretanica_manuala_de_iarna\/#primaryimage","url":"https:\/\/penosil.com\/ro\/wp-content\/uploads\/sites\/8\/2023\/12\/205_Multifunctional_Strawfoam_Winter_205_680ml_RO.png","contentUrl":"https:\/\/penosil.com\/ro\/wp-content\/uploads\/sites\/8\/2023\/12\/205_Multifunctional_Strawfoam_Winter_205_680ml_RO.png","width":523,"height":1080,"caption":"PENOSIL Multifunctional Strawfoam Winter 205 spum\u0103 poliuretanic\u0103 manual\u0103 multifunctional\u0103, de iarn\u0103"},{"@type":"BreadcrumbList","@id":"https:\/\/penosil.com\/ro\/produse\/multifunctional_strawfoam_winter_205_spuma_poliuretanica_manuala_de_iarna\/#breadcrumb","itemListElement":[{"@type":"ListItem","position":1,"name":"Prima pagin\u0103","item":"https:\/\/penosil.com\/ro\/"},{"@type":"ListItem","position":2,"name":"Produse","item":"https:\/\/penosil.com\/ro\/etansanti\/"},{"@type":"ListItem","position":3,"name":"Multifunctional Strawfoam Winter 205"}]},{"@type":"WebSite","@id":"https:\/\/penosil.com\/ro\/#website","url":"https:\/\/penosil.com\/ro\/","name":"Penosil Romania","description":"","potentialAction":[{"@type":"SearchAction","target":{"@type":"EntryPoint","urlTemplate":"https:\/\/penosil.com\/ro\/?s={search_term_string}"},"query-input":{"@type":"PropertyValueSpecification","valueRequired":true,"valueName":"search_term_string"}}],"inLanguage":"ro-RO"}]}},"featured_img":"https:\/\/penosil.com\/ro\/wp-content\/uploads\/sites\/8\/2023\/12\/205_Multifunctional_Strawfoam_Winter_205_680ml_RO.png","coauthors":[],"author_meta":{"author_link":"https:\/\/penosil.com\/ro\/author\/mara\/","display_name":"Mara"},"relative_dates":{"created":"Posted 2 ani ago","modified":"Updated 9 luni ago"},"absolute_dates":{"created":"Posted on 7 decembrie 2023","modified":"Updated on 14 iulie 2025"},"absolute_dates_time":{"created":"Posted on 7 decembrie 2023 13:47","modified":"Updated on 14 iulie 2025 10:06"},"featured_img_caption":"","tax_additional":{"product_brand":{"linked":[],"unlinked":[],"slug":"product_brand","name":"Branduri"},"product_type":{"linked":["<a href=\"https:\/\/penosil.com\/ro\/?taxonomy=product_type&#038;term=simple\" class=\"advgb-post-tax-term\">simple<\/a>"],"unlinked":["<span class=\"advgb-post-tax-term\">simple<\/span>"],"slug":"product_type","name":"Tip de produs"},"product_visibility":{"linked":["<a href=\"https:\/\/penosil.com\/ro\/en\/?taxonomy=product_visibility&#038;term=outofstock\" class=\"advgb-post-tax-term\">outofstock<\/a>"],"unlinked":["<span class=\"advgb-post-tax-term\">outofstock<\/span>"],"slug":"product_visibility","name":"Vizibilitate produs"},"product_cat":{"linked":["<a href=\"https:\/\/penosil.com\/ro\/categorie-produs\/categorii\/\" class=\"advgb-post-tax-term\">Categorii<\/a>","<a href=\"https:\/\/penosil.com\/ro\/categorie-produs\/categorii\/constructii-generale\/\" class=\"advgb-post-tax-term\">Construc\u021bii generale<\/a>","<a href=\"https:\/\/penosil.com\/ro\/categorie-produs\/game-de-produse\/\" class=\"advgb-post-tax-term\">Game de produse<\/a>","<a href=\"https:\/\/penosil.com\/ro\/categorie-produs\/game-de-produse\/spume-de-constructie\/\" class=\"advgb-post-tax-term\">Spume de construc\u021bie<\/a>","<a href=\"https:\/\/penosil.com\/ro\/categorie-produs\/game-de-produse\/spume-de-constructie\/spume-manuale\/\" class=\"advgb-post-tax-term\">Spume manuale<\/a>"],"unlinked":["<span class=\"advgb-post-tax-term\">Categorii<\/span>","<span class=\"advgb-post-tax-term\">Construc\u021bii generale<\/span>","<span class=\"advgb-post-tax-term\">Game de produse<\/span>","<span class=\"advgb-post-tax-term\">Spume de construc\u021bie<\/span>","<span class=\"advgb-post-tax-term\">Spume manuale<\/span>"],"slug":"product_cat","name":"Categorii de produse"},"product_tag":{"linked":[],"unlinked":[],"slug":"product_tag","name":"Etichete produs"},"product_shipping_class":{"linked":[],"unlinked":[],"slug":"product_shipping_class","name":"Clase de livrare produse"},"pos_product_visibility":{"linked":[],"unlinked":[],"slug":"pos_product_visibility","name":"Vizibilitate produse \u00een POS"},"pa_ambalaj":{"linked":[],"unlinked":[],"slug":"pa_ambalaj","name":"Product AMBALAJ"},"pa_culoare":{"linked":["<a href=\"https:\/\/penosil.com\/ro\/?taxonomy=pa_culoare&#038;term=galben-deschis\" class=\"advgb-post-tax-term\">Galben deschis<\/a>"],"unlinked":["<span class=\"advgb-post-tax-term\">Galben deschis<\/span>"],"slug":"pa_culoare","name":"Product CULOARE"},"pa_ean":{"linked":[],"unlinked":[],"slug":"pa_ean","name":"Product EAN"},"pa_latime-banda":{"linked":[],"unlinked":[],"slug":"pa_latime-banda","name":"Product L\u0102\u021aIME BAND\u0102"},"pa_latime-rost":{"linked":[],"unlinked":[],"slug":"pa_latime-rost","name":"Product L\u0102\u021aIME ROST"},"translation_priority":{"linked":["<a href=\"https:\/\/penosil.com\/ro\/?taxonomy=translation_priority&#038;term=optional-ro\" class=\"advgb-post-tax-term\">Optional<\/a>"],"unlinked":["<span class=\"advgb-post-tax-term\">Optional<\/span>"],"slug":"translation_priority","name":"Translation Priorities"}},"series_order":"","_links":{"self":[{"href":"https:\/\/penosil.com\/ro\/wp-json\/wp\/v2\/product\/10415","targetHints":{"allow":["GET"]}}],"collection":[{"href":"https:\/\/penosil.com\/ro\/wp-json\/wp\/v2\/product"}],"about":[{"href":"https:\/\/penosil.com\/ro\/wp-json\/wp\/v2\/types\/product"}],"version-history":[{"count":4,"href":"https:\/\/penosil.com\/ro\/wp-json\/wp\/v2\/product\/10415\/revisions"}],"predecessor-version":[{"id":11491,"href":"https:\/\/penosil.com\/ro\/wp-json\/wp\/v2\/product\/10415\/revisions\/11491"}],"wp:featuredmedia":[{"embeddable":true,"href":"https:\/\/penosil.com\/ro\/wp-json\/wp\/v2\/media\/10416"}],"wp:attachment":[{"href":"https:\/\/penosil.com\/ro\/wp-json\/wp\/v2\/media?parent=10415"}],"wp:term":[{"taxonomy":"product_brand","embeddable":true,"href":"https:\/\/penosil.com\/ro\/wp-json\/wp\/v2\/product_brand?post=10415"},{"taxonomy":"product_cat","embeddable":true,"href":"https:\/\/penosil.com\/ro\/wp-json\/wp\/v2\/product_cat?post=10415"},{"taxonomy":"product_tag","embeddable":true,"href":"https:\/\/penosil.com\/ro\/wp-json\/wp\/v2\/product_tag?post=10415"}],"curies":[{"name":"wp","href":"https:\/\/api.w.org\/{rel}","templated":true}]}}