{"id":10417,"date":"2023-12-07T14:16:54","date_gmt":"2023-12-07T14:16:54","guid":{"rendered":"https:\/\/penosil.com\/ro\/?post_type=product&#038;p=10417"},"modified":"2026-04-21T11:00:25","modified_gmt":"2026-04-21T11:00:25","slug":"motor_silicone_250c_etansant_rezistent_la_temperaturi_ridicate","status":"publish","type":"product","link":"https:\/\/penosil.com\/ro\/produse\/motor_silicone_250c_etansant_rezistent_la_temperaturi_ridicate\/","title":{"rendered":"Motor Silicone 250\u00b0C"},"content":{"rendered":"<p>PENOSIL Motor Silicone 250\u00b0C este un etan\u0219ant siliconic acetoxi rezistent la c\u0103ldur\u0103 pentru izolarea \u0219i etan\u0219area \u00een zonele expuse la temperaturi ridicate de p\u00e2n\u0103 la +250\u00b0C. Potrivit pentru utilizare la interior \u0219i exterior, cu aderen\u021b\u0103 bun\u0103 la materialele silicioase neporoase.<\/p>\n<p>&nbsp;<\/p>\n<p>&nbsp;<\/p>\n","protected":false},"excerpt":{"rendered":"PENOSIL Motor Silicone 250\u00b0C este un etan\u0219ant siliconic acetoxi rezistent la c\u0103ldur\u0103 pentru izolarea \u0219i etan\u0219area \u00een zonele expuse la temperaturi ridicate de p\u00e2n\u0103 la +250\u00b0C. Potrivit pentru utilizare la interior \u0219i exterior, cu aderen\u021b\u0103 bun\u0103 la materialele silicioase neporoase. &nbsp; &nbsp;","protected":false},"author":13,"featured_media":10418,"template":"","meta":{"_acf_changed":false,"advgb_blocks_editor_width":"","advgb_blocks_columns_visual_guide":"","footnotes":""},"product_brand":[],"product_cat":[338,1373,1610,1672,666],"product_tag":[],"class_list":{"0":"post-10417","1":"product","2":"type-product","3":"status-publish","4":"has-post-thumbnail","6":"product_cat-categorii","7":"product_cat-game-de-produse","8":"product_cat-etansanti","9":"product_cat-etansanti-speciali","10":"product_cat-protectie-la-foc","12":"first","13":"instock","14":"taxable","15":"shipping-taxable","16":"purchasable","17":"product-type-simple"},"acf":[],"yoast_head":"<!-- This site is optimized with the Yoast SEO plugin v27.4 - https:\/\/yoast.com\/product\/yoast-seo-wordpress\/ -->\n<title>Motor Silicone 250\u00b0C etan\u0219ant rezistent la temperaturi ridicate<\/title>\n<meta name=\"description\" content=\"PENOSIL Motor Silicone 250\u00b0C silicon pentru etan\u0219are \u0219i izolare la temperaturi ridicate de p\u00e2n\u0103 la 250\u00b0C. R\u0103m\u00e2ne flexibil. Afl\u0103 mai multe!\" \/>\n<meta name=\"robots\" content=\"index, follow, max-snippet:-1, max-image-preview:large, max-video-preview:-1\" \/>\n<link rel=\"canonical\" href=\"https:\/\/penosil.com\/ro\/produse\/motor_silicone_250c_etansant_rezistent_la_temperaturi_ridicate\/\" \/>\n<meta property=\"og:locale\" content=\"ro_RO\" \/>\n<meta property=\"og:type\" content=\"article\" \/>\n<meta property=\"og:title\" content=\"Motor Silicone 250\u00b0C etan\u0219ant rezistent la temperaturi ridicate\" \/>\n<meta property=\"og:description\" content=\"PENOSIL Motor Silicone 250\u00b0C silicon pentru etan\u0219are \u0219i izolare la temperaturi ridicate de p\u00e2n\u0103 la 250\u00b0C. R\u0103m\u00e2ne flexibil. Afl\u0103 mai multe!\" \/>\n<meta property=\"og:url\" content=\"https:\/\/penosil.com\/ro\/produse\/motor_silicone_250c_etansant_rezistent_la_temperaturi_ridicate\/\" \/>\n<meta property=\"og:site_name\" content=\"Penosil Romania\" \/>\n<meta property=\"article:modified_time\" content=\"2026-04-21T11:00:25+00:00\" \/>\n<meta property=\"og:image\" content=\"https:\/\/penosil.com\/ro\/wp-content\/uploads\/sites\/8\/2023\/12\/250C_Motor_Silicone_250C_RO.png\" \/>\n\t<meta property=\"og:image:width\" content=\"870\" \/>\n\t<meta property=\"og:image:height\" content=\"2430\" \/>\n\t<meta property=\"og:image:type\" content=\"image\/png\" \/>\n<meta name=\"twitter:card\" content=\"summary_large_image\" \/>\n<meta name=\"twitter:label1\" content=\"Timp estimat pentru citire\" \/>\n\t<meta name=\"twitter:data1\" content=\"4 minute\" \/>\n<script type=\"application\/ld+json\" class=\"yoast-schema-graph\">{\"@context\":\"https:\\\/\\\/schema.org\",\"@graph\":[{\"@type\":\"WebPage\",\"@id\":\"https:\\\/\\\/penosil.com\\\/ro\\\/produse\\\/motor_silicone_250c_etansant_rezistent_la_temperaturi_ridicate\\\/\",\"url\":\"https:\\\/\\\/penosil.com\\\/ro\\\/produse\\\/motor_silicone_250c_etansant_rezistent_la_temperaturi_ridicate\\\/\",\"name\":\"Motor Silicone 250\u00b0C etan\u0219ant rezistent la temperaturi ridicate\",\"isPartOf\":{\"@id\":\"https:\\\/\\\/penosil.com\\\/ro\\\/#website\"},\"primaryImageOfPage\":{\"@id\":\"https:\\\/\\\/penosil.com\\\/ro\\\/produse\\\/motor_silicone_250c_etansant_rezistent_la_temperaturi_ridicate\\\/#primaryimage\"},\"image\":{\"@id\":\"https:\\\/\\\/penosil.com\\\/ro\\\/produse\\\/motor_silicone_250c_etansant_rezistent_la_temperaturi_ridicate\\\/#primaryimage\"},\"thumbnailUrl\":\"https:\\\/\\\/penosil.com\\\/ro\\\/wp-content\\\/uploads\\\/sites\\\/8\\\/2023\\\/12\\\/250C_Motor_Silicone_250C_RO.png\",\"datePublished\":\"2023-12-07T14:16:54+00:00\",\"dateModified\":\"2026-04-21T11:00:25+00:00\",\"description\":\"PENOSIL Motor Silicone 250\u00b0C silicon pentru etan\u0219are \u0219i izolare la temperaturi ridicate de p\u00e2n\u0103 la 250\u00b0C. R\u0103m\u00e2ne flexibil. Afl\u0103 mai multe!\",\"breadcrumb\":{\"@id\":\"https:\\\/\\\/penosil.com\\\/ro\\\/produse\\\/motor_silicone_250c_etansant_rezistent_la_temperaturi_ridicate\\\/#breadcrumb\"},\"inLanguage\":\"ro-RO\",\"potentialAction\":[{\"@type\":\"ReadAction\",\"target\":[\"https:\\\/\\\/penosil.com\\\/ro\\\/produse\\\/motor_silicone_250c_etansant_rezistent_la_temperaturi_ridicate\\\/\"]}]},{\"@type\":\"ImageObject\",\"inLanguage\":\"ro-RO\",\"@id\":\"https:\\\/\\\/penosil.com\\\/ro\\\/produse\\\/motor_silicone_250c_etansant_rezistent_la_temperaturi_ridicate\\\/#primaryimage\",\"url\":\"https:\\\/\\\/penosil.com\\\/ro\\\/wp-content\\\/uploads\\\/sites\\\/8\\\/2023\\\/12\\\/250C_Motor_Silicone_250C_RO.png\",\"contentUrl\":\"https:\\\/\\\/penosil.com\\\/ro\\\/wp-content\\\/uploads\\\/sites\\\/8\\\/2023\\\/12\\\/250C_Motor_Silicone_250C_RO.png\",\"width\":870,\"height\":2430,\"caption\":\"PENOSIL Motor Silicone 250\u00b0C etan\u0219ant rezistent la temperaturi ridicate\"},{\"@type\":\"BreadcrumbList\",\"@id\":\"https:\\\/\\\/penosil.com\\\/ro\\\/produse\\\/motor_silicone_250c_etansant_rezistent_la_temperaturi_ridicate\\\/#breadcrumb\",\"itemListElement\":[{\"@type\":\"ListItem\",\"position\":1,\"name\":\"Prima pagin\u0103\",\"item\":\"https:\\\/\\\/penosil.com\\\/ro\\\/\"},{\"@type\":\"ListItem\",\"position\":2,\"name\":\"Produse\",\"item\":\"https:\\\/\\\/penosil.com\\\/ro\\\/etansanti\\\/\"},{\"@type\":\"ListItem\",\"position\":3,\"name\":\"Motor Silicone 250\u00b0C\"}]},{\"@type\":\"WebSite\",\"@id\":\"https:\\\/\\\/penosil.com\\\/ro\\\/#website\",\"url\":\"https:\\\/\\\/penosil.com\\\/ro\\\/\",\"name\":\"Penosil Romania\",\"description\":\"\",\"potentialAction\":[{\"@type\":\"SearchAction\",\"target\":{\"@type\":\"EntryPoint\",\"urlTemplate\":\"https:\\\/\\\/penosil.com\\\/ro\\\/?s={search_term_string}\"},\"query-input\":{\"@type\":\"PropertyValueSpecification\",\"valueRequired\":true,\"valueName\":\"search_term_string\"}}],\"inLanguage\":\"ro-RO\"}]}<\/script>\n<!-- \/ Yoast SEO plugin. -->","yoast_head_json":{"title":"Motor Silicone 250\u00b0C etan\u0219ant rezistent la temperaturi ridicate","description":"PENOSIL Motor Silicone 250\u00b0C silicon pentru etan\u0219are \u0219i izolare la temperaturi ridicate de p\u00e2n\u0103 la 250\u00b0C. R\u0103m\u00e2ne flexibil. Afl\u0103 mai multe!","robots":{"index":"index","follow":"follow","max-snippet":"max-snippet:-1","max-image-preview":"max-image-preview:large","max-video-preview":"max-video-preview:-1"},"canonical":"https:\/\/penosil.com\/ro\/produse\/motor_silicone_250c_etansant_rezistent_la_temperaturi_ridicate\/","og_locale":"ro_RO","og_type":"article","og_title":"Motor Silicone 250\u00b0C etan\u0219ant rezistent la temperaturi ridicate","og_description":"PENOSIL Motor Silicone 250\u00b0C silicon pentru etan\u0219are \u0219i izolare la temperaturi ridicate de p\u00e2n\u0103 la 250\u00b0C. R\u0103m\u00e2ne flexibil. Afl\u0103 mai multe!","og_url":"https:\/\/penosil.com\/ro\/produse\/motor_silicone_250c_etansant_rezistent_la_temperaturi_ridicate\/","og_site_name":"Penosil Romania","article_modified_time":"2026-04-21T11:00:25+00:00","og_image":[{"width":870,"height":2430,"url":"https:\/\/penosil.com\/ro\/wp-content\/uploads\/sites\/8\/2023\/12\/250C_Motor_Silicone_250C_RO.png","type":"image\/png"}],"twitter_card":"summary_large_image","twitter_misc":{"Timp estimat pentru citire":"4 minute"},"schema":{"@context":"https:\/\/schema.org","@graph":[{"@type":"WebPage","@id":"https:\/\/penosil.com\/ro\/produse\/motor_silicone_250c_etansant_rezistent_la_temperaturi_ridicate\/","url":"https:\/\/penosil.com\/ro\/produse\/motor_silicone_250c_etansant_rezistent_la_temperaturi_ridicate\/","name":"Motor Silicone 250\u00b0C etan\u0219ant rezistent la temperaturi ridicate","isPartOf":{"@id":"https:\/\/penosil.com\/ro\/#website"},"primaryImageOfPage":{"@id":"https:\/\/penosil.com\/ro\/produse\/motor_silicone_250c_etansant_rezistent_la_temperaturi_ridicate\/#primaryimage"},"image":{"@id":"https:\/\/penosil.com\/ro\/produse\/motor_silicone_250c_etansant_rezistent_la_temperaturi_ridicate\/#primaryimage"},"thumbnailUrl":"https:\/\/penosil.com\/ro\/wp-content\/uploads\/sites\/8\/2023\/12\/250C_Motor_Silicone_250C_RO.png","datePublished":"2023-12-07T14:16:54+00:00","dateModified":"2026-04-21T11:00:25+00:00","description":"PENOSIL Motor Silicone 250\u00b0C silicon pentru etan\u0219are \u0219i izolare la temperaturi ridicate de p\u00e2n\u0103 la 250\u00b0C. R\u0103m\u00e2ne flexibil. Afl\u0103 mai multe!","breadcrumb":{"@id":"https:\/\/penosil.com\/ro\/produse\/motor_silicone_250c_etansant_rezistent_la_temperaturi_ridicate\/#breadcrumb"},"inLanguage":"ro-RO","potentialAction":[{"@type":"ReadAction","target":["https:\/\/penosil.com\/ro\/produse\/motor_silicone_250c_etansant_rezistent_la_temperaturi_ridicate\/"]}]},{"@type":"ImageObject","inLanguage":"ro-RO","@id":"https:\/\/penosil.com\/ro\/produse\/motor_silicone_250c_etansant_rezistent_la_temperaturi_ridicate\/#primaryimage","url":"https:\/\/penosil.com\/ro\/wp-content\/uploads\/sites\/8\/2023\/12\/250C_Motor_Silicone_250C_RO.png","contentUrl":"https:\/\/penosil.com\/ro\/wp-content\/uploads\/sites\/8\/2023\/12\/250C_Motor_Silicone_250C_RO.png","width":870,"height":2430,"caption":"PENOSIL Motor Silicone 250\u00b0C etan\u0219ant rezistent la temperaturi ridicate"},{"@type":"BreadcrumbList","@id":"https:\/\/penosil.com\/ro\/produse\/motor_silicone_250c_etansant_rezistent_la_temperaturi_ridicate\/#breadcrumb","itemListElement":[{"@type":"ListItem","position":1,"name":"Prima pagin\u0103","item":"https:\/\/penosil.com\/ro\/"},{"@type":"ListItem","position":2,"name":"Produse","item":"https:\/\/penosil.com\/ro\/etansanti\/"},{"@type":"ListItem","position":3,"name":"Motor Silicone 250\u00b0C"}]},{"@type":"WebSite","@id":"https:\/\/penosil.com\/ro\/#website","url":"https:\/\/penosil.com\/ro\/","name":"Penosil Romania","description":"","potentialAction":[{"@type":"SearchAction","target":{"@type":"EntryPoint","urlTemplate":"https:\/\/penosil.com\/ro\/?s={search_term_string}"},"query-input":{"@type":"PropertyValueSpecification","valueRequired":true,"valueName":"search_term_string"}}],"inLanguage":"ro-RO"}]}},"featured_img":"https:\/\/penosil.com\/ro\/wp-content\/uploads\/sites\/8\/2023\/12\/250C_Motor_Silicone_250C_RO.png","coauthors":[],"author_meta":{"author_link":"https:\/\/penosil.com\/ro\/author\/mara\/","display_name":"Mara"},"relative_dates":{"created":"Posted 2 ani ago","modified":"Updated 5 ore ago"},"absolute_dates":{"created":"Posted on 7 decembrie 2023","modified":"Updated on 21 aprilie 2026"},"absolute_dates_time":{"created":"Posted on 7 decembrie 2023 14:16","modified":"Updated on 21 aprilie 2026 11:00"},"featured_img_caption":"","tax_additional":{"product_brand":{"linked":[],"unlinked":[],"slug":"product_brand","name":"Branduri"},"product_type":{"linked":["<a href=\"https:\/\/penosil.com\/ro\/?taxonomy=product_type&#038;term=simple\" class=\"advgb-post-tax-term\">simple<\/a>"],"unlinked":["<span class=\"advgb-post-tax-term\">simple<\/span>"],"slug":"product_type","name":"Tip de produs"},"product_visibility":{"linked":[],"unlinked":[],"slug":"product_visibility","name":"Vizibilitate produs"},"product_cat":{"linked":["<a href=\"https:\/\/penosil.com\/ro\/categorie-produs\/categorii\/\" class=\"advgb-post-tax-term\">Categorii<\/a>","<a href=\"https:\/\/penosil.com\/ro\/categorie-produs\/game-de-produse\/\" class=\"advgb-post-tax-term\">Game de produse<\/a>","<a href=\"https:\/\/penosil.com\/ro\/categorie-produs\/game-de-produse\/etansanti\/\" class=\"advgb-post-tax-term\">Etan\u0219an\u021bi<\/a>","<a href=\"https:\/\/penosil.com\/ro\/categorie-produs\/game-de-produse\/etansanti\/etansanti-speciali\/\" class=\"advgb-post-tax-term\">Etan\u0219an\u021bi speciali<\/a>","<a href=\"https:\/\/penosil.com\/ro\/categorie-produs\/categorii\/protectie-la-foc\/\" class=\"advgb-post-tax-term\">Temperaturi \u00cenalte<\/a>"],"unlinked":["<span class=\"advgb-post-tax-term\">Categorii<\/span>","<span class=\"advgb-post-tax-term\">Game de produse<\/span>","<span class=\"advgb-post-tax-term\">Etan\u0219an\u021bi<\/span>","<span class=\"advgb-post-tax-term\">Etan\u0219an\u021bi speciali<\/span>","<span class=\"advgb-post-tax-term\">Temperaturi \u00cenalte<\/span>"],"slug":"product_cat","name":"Categorii de produse"},"product_tag":{"linked":[],"unlinked":[],"slug":"product_tag","name":"Etichete produs"},"product_shipping_class":{"linked":[],"unlinked":[],"slug":"product_shipping_class","name":"Clase de livrare produse"},"pos_product_visibility":{"linked":[],"unlinked":[],"slug":"pos_product_visibility","name":"Vizibilitate produse \u00een POS"},"pa_ambalaj":{"linked":[],"unlinked":[],"slug":"pa_ambalaj","name":"Product AMBALAJ"},"pa_culoare":{"linked":["<a href=\"https:\/\/penosil.com\/ro\/?taxonomy=pa_culoare&#038;term=rosie\" class=\"advgb-post-tax-term\">Rosie<\/a>"],"unlinked":["<span class=\"advgb-post-tax-term\">Rosie<\/span>"],"slug":"pa_culoare","name":"Product CULOARE"},"pa_ean":{"linked":[],"unlinked":[],"slug":"pa_ean","name":"Product EAN"},"pa_latime-banda":{"linked":[],"unlinked":[],"slug":"pa_latime-banda","name":"Product L\u0102\u021aIME BAND\u0102"},"pa_latime-rost":{"linked":[],"unlinked":[],"slug":"pa_latime-rost","name":"Product L\u0102\u021aIME ROST"},"translation_priority":{"linked":["<a href=\"https:\/\/penosil.com\/ro\/?taxonomy=translation_priority&#038;term=optional-ro\" class=\"advgb-post-tax-term\">Optional<\/a>"],"unlinked":["<span class=\"advgb-post-tax-term\">Optional<\/span>"],"slug":"translation_priority","name":"Translation Priorities"}},"series_order":"","_links":{"self":[{"href":"https:\/\/penosil.com\/ro\/wp-json\/wp\/v2\/product\/10417","targetHints":{"allow":["GET"]}}],"collection":[{"href":"https:\/\/penosil.com\/ro\/wp-json\/wp\/v2\/product"}],"about":[{"href":"https:\/\/penosil.com\/ro\/wp-json\/wp\/v2\/types\/product"}],"version-history":[{"count":2,"href":"https:\/\/penosil.com\/ro\/wp-json\/wp\/v2\/product\/10417\/revisions"}],"predecessor-version":[{"id":11492,"href":"https:\/\/penosil.com\/ro\/wp-json\/wp\/v2\/product\/10417\/revisions\/11492"}],"wp:featuredmedia":[{"embeddable":true,"href":"https:\/\/penosil.com\/ro\/wp-json\/wp\/v2\/media\/10418"}],"wp:attachment":[{"href":"https:\/\/penosil.com\/ro\/wp-json\/wp\/v2\/media?parent=10417"}],"wp:term":[{"taxonomy":"product_brand","embeddable":true,"href":"https:\/\/penosil.com\/ro\/wp-json\/wp\/v2\/product_brand?post=10417"},{"taxonomy":"product_cat","embeddable":true,"href":"https:\/\/penosil.com\/ro\/wp-json\/wp\/v2\/product_cat?post=10417"},{"taxonomy":"product_tag","embeddable":true,"href":"https:\/\/penosil.com\/ro\/wp-json\/wp\/v2\/product_tag?post=10417"}],"curies":[{"name":"wp","href":"https:\/\/api.w.org\/{rel}","templated":true}]}}