{"id":10425,"date":"2023-12-08T10:48:35","date_gmt":"2023-12-08T10:48:35","guid":{"rendered":"https:\/\/penosil.com\/ro\/?post_type=product&#038;p=10425"},"modified":"2026-04-15T11:00:22","modified_gmt":"2026-04-15T11:00:22","slug":"primefix_adeziv_si_grund_pulverizabil","status":"publish","type":"product","link":"https:\/\/penosil.com\/ro\/produse\/primefix_adeziv_si_grund_pulverizabil\/","title":{"rendered":"Prime&amp;Fix 900"},"content":{"rendered":"<p>PENOSIL Prime&amp;Fix 900 este un adeziv \u0219i grund pulverizabil pe baz\u0103 de cauciuc sintetic, multifunc\u021bional, pentru interior \u0219i exterior. Formeaz\u0103 o leg\u0103tur\u0103 rapid\u0103 \u0219i puternic\u0103 cu o gam\u0103 larg\u0103 de materiale, inclusiv multe materiale poroase. Poate fi folosit ca un accelerator de aderen\u021b\u0103 pentru benzi de etan\u0219are \u00een montajul ferestrelor.<\/p>\n<p>&nbsp;<\/p>\n<p>&nbsp;<\/p>\n<p>&nbsp;<\/p>\n","protected":false},"excerpt":{"rendered":"PENOSIL Prime&amp;Fix 900 este un adeziv \u0219i grund pulverizabil pe baz\u0103 de cauciuc sintetic, multifunc\u021bional, pentru interior \u0219i exterior. Formeaz\u0103 o leg\u0103tur\u0103 rapid\u0103 \u0219i puternic\u0103 cu o gam\u0103 larg\u0103 de materiale, inclusiv multe materiale poroase. Poate fi folosit ca un accelerator de aderen\u021b\u0103 pentru benzi de etan\u0219are \u00een montajul ferestrelor. &nbsp; &nbsp; &nbsp;","protected":false},"author":13,"featured_media":10426,"template":"","meta":{"_acf_changed":false,"advgb_blocks_editor_width":"","advgb_blocks_columns_visual_guide":"","footnotes":""},"product_brand":[],"product_cat":[338,1433,1373,1392,352],"product_tag":[],"class_list":{"0":"post-10425","1":"product","2":"type-product","3":"status-publish","4":"has-post-thumbnail","6":"product_cat-categorii","7":"product_cat-adezivi-de-constructie","8":"product_cat-game-de-produse","9":"product_cat-adezivi","10":"product_cat-lipire","12":"first","13":"outofstock","14":"taxable","15":"shipping-taxable","16":"purchasable","17":"product-type-simple"},"acf":[],"yoast_head":"<!-- This site is optimized with the Yoast SEO plugin v27.2 - https:\/\/yoast.com\/product\/yoast-seo-wordpress\/ -->\n<title>Prime&amp;Fix adeziv \u0219i grund pulverizabil<\/title>\n<meta name=\"description\" content=\"Penosil Prime &amp; Fix adeziv spray de uz general, folosit pentru accelerarea aderen\u021bei benzilor de etan\u0219are folosite \u00een montajul ferestrelor.\" \/>\n<meta name=\"robots\" content=\"index, follow, max-snippet:-1, max-image-preview:large, max-video-preview:-1\" \/>\n<link rel=\"canonical\" href=\"https:\/\/penosil.com\/ro\/produse\/primefix_adeziv_si_grund_pulverizabil\/\" \/>\n<meta property=\"og:locale\" content=\"ro_RO\" \/>\n<meta property=\"og:type\" content=\"article\" \/>\n<meta property=\"og:title\" content=\"Prime&amp;Fix adeziv \u0219i grund pulverizabil\" \/>\n<meta property=\"og:description\" content=\"Penosil Prime &amp; Fix adeziv spray de uz general, folosit pentru accelerarea aderen\u021bei benzilor de etan\u0219are folosite \u00een montajul ferestrelor.\" \/>\n<meta property=\"og:url\" content=\"https:\/\/penosil.com\/ro\/produse\/primefix_adeziv_si_grund_pulverizabil\/\" \/>\n<meta property=\"og:site_name\" content=\"Penosil Romania\" \/>\n<meta property=\"article:modified_time\" content=\"2026-04-15T11:00:22+00:00\" \/>\n<meta property=\"og:image\" content=\"https:\/\/penosil.com\/ro\/wp-content\/uploads\/sites\/8\/2023\/12\/900_PrimeFix_900_RO.png\" \/>\n\t<meta property=\"og:image:width\" content=\"523\" \/>\n\t<meta property=\"og:image:height\" content=\"1080\" \/>\n\t<meta property=\"og:image:type\" content=\"image\/png\" \/>\n<meta name=\"twitter:card\" content=\"summary_large_image\" \/>\n<meta name=\"twitter:label1\" content=\"Timp estimat pentru citire\" \/>\n\t<meta name=\"twitter:data1\" content=\"4 minute\" \/>\n<script type=\"application\/ld+json\" class=\"yoast-schema-graph\">{\"@context\":\"https:\/\/schema.org\",\"@graph\":[{\"@type\":\"WebPage\",\"@id\":\"https:\/\/penosil.com\/ro\/produse\/primefix_adeziv_si_grund_pulverizabil\/\",\"url\":\"https:\/\/penosil.com\/ro\/produse\/primefix_adeziv_si_grund_pulverizabil\/\",\"name\":\"Prime&Fix adeziv \u0219i grund pulverizabil\",\"isPartOf\":{\"@id\":\"https:\/\/penosil.com\/ro\/#website\"},\"primaryImageOfPage\":{\"@id\":\"https:\/\/penosil.com\/ro\/produse\/primefix_adeziv_si_grund_pulverizabil\/#primaryimage\"},\"image\":{\"@id\":\"https:\/\/penosil.com\/ro\/produse\/primefix_adeziv_si_grund_pulverizabil\/#primaryimage\"},\"thumbnailUrl\":\"https:\/\/penosil.com\/ro\/wp-content\/uploads\/sites\/8\/2023\/12\/900_PrimeFix_900_RO.png\",\"datePublished\":\"2023-12-08T10:48:35+00:00\",\"dateModified\":\"2026-04-15T11:00:22+00:00\",\"description\":\"Penosil Prime & Fix adeziv spray de uz general, folosit pentru accelerarea aderen\u021bei benzilor de etan\u0219are folosite \u00een montajul ferestrelor.\",\"breadcrumb\":{\"@id\":\"https:\/\/penosil.com\/ro\/produse\/primefix_adeziv_si_grund_pulverizabil\/#breadcrumb\"},\"inLanguage\":\"ro-RO\",\"potentialAction\":[{\"@type\":\"ReadAction\",\"target\":[\"https:\/\/penosil.com\/ro\/produse\/primefix_adeziv_si_grund_pulverizabil\/\"]}]},{\"@type\":\"ImageObject\",\"inLanguage\":\"ro-RO\",\"@id\":\"https:\/\/penosil.com\/ro\/produse\/primefix_adeziv_si_grund_pulverizabil\/#primaryimage\",\"url\":\"https:\/\/penosil.com\/ro\/wp-content\/uploads\/sites\/8\/2023\/12\/900_PrimeFix_900_RO.png\",\"contentUrl\":\"https:\/\/penosil.com\/ro\/wp-content\/uploads\/sites\/8\/2023\/12\/900_PrimeFix_900_RO.png\",\"width\":523,\"height\":1080,\"caption\":\"PENOSIL Prime&Fix 900 adeziv \u0219i grund pulverizabil pe baz\u0103 de cauciuc sintetic\"},{\"@type\":\"BreadcrumbList\",\"@id\":\"https:\/\/penosil.com\/ro\/produse\/primefix_adeziv_si_grund_pulverizabil\/#breadcrumb\",\"itemListElement\":[{\"@type\":\"ListItem\",\"position\":1,\"name\":\"Prima pagin\u0103\",\"item\":\"https:\/\/penosil.com\/ro\/\"},{\"@type\":\"ListItem\",\"position\":2,\"name\":\"Produse\",\"item\":\"https:\/\/penosil.com\/ro\/etansanti\/\"},{\"@type\":\"ListItem\",\"position\":3,\"name\":\"Prime&amp;Fix 900\"}]},{\"@type\":\"WebSite\",\"@id\":\"https:\/\/penosil.com\/ro\/#website\",\"url\":\"https:\/\/penosil.com\/ro\/\",\"name\":\"Penosil Romania\",\"description\":\"\",\"potentialAction\":[{\"@type\":\"SearchAction\",\"target\":{\"@type\":\"EntryPoint\",\"urlTemplate\":\"https:\/\/penosil.com\/ro\/?s={search_term_string}\"},\"query-input\":{\"@type\":\"PropertyValueSpecification\",\"valueRequired\":true,\"valueName\":\"search_term_string\"}}],\"inLanguage\":\"ro-RO\"}]}<\/script>\n<!-- \/ Yoast SEO plugin. -->","yoast_head_json":{"title":"Prime&Fix adeziv \u0219i grund pulverizabil","description":"Penosil Prime & Fix adeziv spray de uz general, folosit pentru accelerarea aderen\u021bei benzilor de etan\u0219are folosite \u00een montajul ferestrelor.","robots":{"index":"index","follow":"follow","max-snippet":"max-snippet:-1","max-image-preview":"max-image-preview:large","max-video-preview":"max-video-preview:-1"},"canonical":"https:\/\/penosil.com\/ro\/produse\/primefix_adeziv_si_grund_pulverizabil\/","og_locale":"ro_RO","og_type":"article","og_title":"Prime&Fix adeziv \u0219i grund pulverizabil","og_description":"Penosil Prime & Fix adeziv spray de uz general, folosit pentru accelerarea aderen\u021bei benzilor de etan\u0219are folosite \u00een montajul ferestrelor.","og_url":"https:\/\/penosil.com\/ro\/produse\/primefix_adeziv_si_grund_pulverizabil\/","og_site_name":"Penosil Romania","article_modified_time":"2026-04-15T11:00:22+00:00","og_image":[{"width":523,"height":1080,"url":"https:\/\/penosil.com\/ro\/wp-content\/uploads\/sites\/8\/2023\/12\/900_PrimeFix_900_RO.png","type":"image\/png"}],"twitter_card":"summary_large_image","twitter_misc":{"Timp estimat pentru citire":"4 minute"},"schema":{"@context":"https:\/\/schema.org","@graph":[{"@type":"WebPage","@id":"https:\/\/penosil.com\/ro\/produse\/primefix_adeziv_si_grund_pulverizabil\/","url":"https:\/\/penosil.com\/ro\/produse\/primefix_adeziv_si_grund_pulverizabil\/","name":"Prime&Fix adeziv \u0219i grund pulverizabil","isPartOf":{"@id":"https:\/\/penosil.com\/ro\/#website"},"primaryImageOfPage":{"@id":"https:\/\/penosil.com\/ro\/produse\/primefix_adeziv_si_grund_pulverizabil\/#primaryimage"},"image":{"@id":"https:\/\/penosil.com\/ro\/produse\/primefix_adeziv_si_grund_pulverizabil\/#primaryimage"},"thumbnailUrl":"https:\/\/penosil.com\/ro\/wp-content\/uploads\/sites\/8\/2023\/12\/900_PrimeFix_900_RO.png","datePublished":"2023-12-08T10:48:35+00:00","dateModified":"2026-04-15T11:00:22+00:00","description":"Penosil Prime & Fix adeziv spray de uz general, folosit pentru accelerarea aderen\u021bei benzilor de etan\u0219are folosite \u00een montajul ferestrelor.","breadcrumb":{"@id":"https:\/\/penosil.com\/ro\/produse\/primefix_adeziv_si_grund_pulverizabil\/#breadcrumb"},"inLanguage":"ro-RO","potentialAction":[{"@type":"ReadAction","target":["https:\/\/penosil.com\/ro\/produse\/primefix_adeziv_si_grund_pulverizabil\/"]}]},{"@type":"ImageObject","inLanguage":"ro-RO","@id":"https:\/\/penosil.com\/ro\/produse\/primefix_adeziv_si_grund_pulverizabil\/#primaryimage","url":"https:\/\/penosil.com\/ro\/wp-content\/uploads\/sites\/8\/2023\/12\/900_PrimeFix_900_RO.png","contentUrl":"https:\/\/penosil.com\/ro\/wp-content\/uploads\/sites\/8\/2023\/12\/900_PrimeFix_900_RO.png","width":523,"height":1080,"caption":"PENOSIL Prime&Fix 900 adeziv \u0219i grund pulverizabil pe baz\u0103 de cauciuc sintetic"},{"@type":"BreadcrumbList","@id":"https:\/\/penosil.com\/ro\/produse\/primefix_adeziv_si_grund_pulverizabil\/#breadcrumb","itemListElement":[{"@type":"ListItem","position":1,"name":"Prima pagin\u0103","item":"https:\/\/penosil.com\/ro\/"},{"@type":"ListItem","position":2,"name":"Produse","item":"https:\/\/penosil.com\/ro\/etansanti\/"},{"@type":"ListItem","position":3,"name":"Prime&amp;Fix 900"}]},{"@type":"WebSite","@id":"https:\/\/penosil.com\/ro\/#website","url":"https:\/\/penosil.com\/ro\/","name":"Penosil Romania","description":"","potentialAction":[{"@type":"SearchAction","target":{"@type":"EntryPoint","urlTemplate":"https:\/\/penosil.com\/ro\/?s={search_term_string}"},"query-input":{"@type":"PropertyValueSpecification","valueRequired":true,"valueName":"search_term_string"}}],"inLanguage":"ro-RO"}]}},"featured_img":"https:\/\/penosil.com\/ro\/wp-content\/uploads\/sites\/8\/2023\/12\/900_PrimeFix_900_RO.png","coauthors":[],"author_meta":{"author_link":"https:\/\/penosil.com\/ro\/author\/mara\/","display_name":"Mara"},"relative_dates":{"created":"Posted 2 ani ago","modified":"Updated 12 ore ago"},"absolute_dates":{"created":"Posted on 8 decembrie 2023","modified":"Updated on 15 aprilie 2026"},"absolute_dates_time":{"created":"Posted on 8 decembrie 2023 10:48","modified":"Updated on 15 aprilie 2026 11:00"},"featured_img_caption":"","tax_additional":{"product_brand":{"linked":[],"unlinked":[],"slug":"product_brand","name":"Branduri"},"product_type":{"linked":["<a href=\"https:\/\/penosil.com\/ro\/?taxonomy=product_type&#038;term=simple\" class=\"advgb-post-tax-term\">simple<\/a>"],"unlinked":["<span class=\"advgb-post-tax-term\">simple<\/span>"],"slug":"product_type","name":"Tip de produs"},"product_visibility":{"linked":["<a href=\"https:\/\/penosil.com\/ro\/en\/?taxonomy=product_visibility&#038;term=outofstock\" class=\"advgb-post-tax-term\">outofstock<\/a>"],"unlinked":["<span class=\"advgb-post-tax-term\">outofstock<\/span>"],"slug":"product_visibility","name":"Vizibilitate produs"},"product_cat":{"linked":["<a href=\"https:\/\/penosil.com\/ro\/categorie-produs\/categorii\/\" class=\"advgb-post-tax-term\">Categorii<\/a>","<a href=\"https:\/\/penosil.com\/ro\/categorie-produs\/game-de-produse\/adezivi\/adezivi-de-constructie\/\" class=\"advgb-post-tax-term\">Adezivi de construc\u021bie<\/a>","<a href=\"https:\/\/penosil.com\/ro\/categorie-produs\/game-de-produse\/\" class=\"advgb-post-tax-term\">Game de produse<\/a>","<a href=\"https:\/\/penosil.com\/ro\/categorie-produs\/game-de-produse\/adezivi\/\" class=\"advgb-post-tax-term\">Adezivi<\/a>","<a href=\"https:\/\/penosil.com\/ro\/categorie-produs\/categorii\/lipire\/\" class=\"advgb-post-tax-term\">Adezivi<\/a>"],"unlinked":["<span class=\"advgb-post-tax-term\">Categorii<\/span>","<span class=\"advgb-post-tax-term\">Adezivi de construc\u021bie<\/span>","<span class=\"advgb-post-tax-term\">Game de produse<\/span>","<span class=\"advgb-post-tax-term\">Adezivi<\/span>","<span class=\"advgb-post-tax-term\">Adezivi<\/span>"],"slug":"product_cat","name":"Categorii de produse"},"product_tag":{"linked":[],"unlinked":[],"slug":"product_tag","name":"Etichete produs"},"product_shipping_class":{"linked":[],"unlinked":[],"slug":"product_shipping_class","name":"Clase de livrare produse"},"pos_product_visibility":{"linked":[],"unlinked":[],"slug":"pos_product_visibility","name":"Vizibilitate produse \u00een POS"},"pa_ambalaj":{"linked":["<a href=\"https:\/\/penosil.com\/ro\/?taxonomy=pa_ambalaj&#038;term=500-ml\" class=\"advgb-post-tax-term\">500 ml<\/a>"],"unlinked":["<span class=\"advgb-post-tax-term\">500 ml<\/span>"],"slug":"pa_ambalaj","name":"Product AMBALAJ"},"pa_culoare":{"linked":["<a href=\"https:\/\/penosil.com\/ro\/?taxonomy=pa_culoare&#038;term=alb-laptos\" class=\"advgb-post-tax-term\">Alb l\u0103ptos<\/a>"],"unlinked":["<span class=\"advgb-post-tax-term\">Alb l\u0103ptos<\/span>"],"slug":"pa_culoare","name":"Product CULOARE"},"pa_ean":{"linked":[],"unlinked":[],"slug":"pa_ean","name":"Product EAN"},"pa_latime-banda":{"linked":[],"unlinked":[],"slug":"pa_latime-banda","name":"Product L\u0102\u021aIME BAND\u0102"},"pa_latime-rost":{"linked":[],"unlinked":[],"slug":"pa_latime-rost","name":"Product L\u0102\u021aIME ROST"},"translation_priority":{"linked":["<a href=\"https:\/\/penosil.com\/ro\/?taxonomy=translation_priority&#038;term=optional-ro\" class=\"advgb-post-tax-term\">Optional<\/a>"],"unlinked":["<span class=\"advgb-post-tax-term\">Optional<\/span>"],"slug":"translation_priority","name":"Translation Priorities"}},"series_order":"","_links":{"self":[{"href":"https:\/\/penosil.com\/ro\/wp-json\/wp\/v2\/product\/10425","targetHints":{"allow":["GET"]}}],"collection":[{"href":"https:\/\/penosil.com\/ro\/wp-json\/wp\/v2\/product"}],"about":[{"href":"https:\/\/penosil.com\/ro\/wp-json\/wp\/v2\/types\/product"}],"version-history":[{"count":4,"href":"https:\/\/penosil.com\/ro\/wp-json\/wp\/v2\/product\/10425\/revisions"}],"predecessor-version":[{"id":11707,"href":"https:\/\/penosil.com\/ro\/wp-json\/wp\/v2\/product\/10425\/revisions\/11707"}],"wp:featuredmedia":[{"embeddable":true,"href":"https:\/\/penosil.com\/ro\/wp-json\/wp\/v2\/media\/10426"}],"wp:attachment":[{"href":"https:\/\/penosil.com\/ro\/wp-json\/wp\/v2\/media?parent=10425"}],"wp:term":[{"taxonomy":"product_brand","embeddable":true,"href":"https:\/\/penosil.com\/ro\/wp-json\/wp\/v2\/product_brand?post=10425"},{"taxonomy":"product_cat","embeddable":true,"href":"https:\/\/penosil.com\/ro\/wp-json\/wp\/v2\/product_cat?post=10425"},{"taxonomy":"product_tag","embeddable":true,"href":"https:\/\/penosil.com\/ro\/wp-json\/wp\/v2\/product_tag?post=10425"}],"curies":[{"name":"wp","href":"https:\/\/api.w.org\/{rel}","templated":true}]}}