{"id":10433,"date":"2023-12-08T13:28:05","date_gmt":"2023-12-08T13:28:05","guid":{"rendered":"https:\/\/penosil.com\/ro\/?post_type=product&#038;p=10433"},"modified":"2026-05-07T11:00:29","modified_gmt":"2026-05-07T11:00:29","slug":"spuma-poliuretanica-iarna-gunfoam-pro65-191","status":"publish","type":"product","link":"https:\/\/penosil.com\/ro\/produse\/spuma-poliuretanica-iarna-gunfoam-pro65-191\/","title":{"rendered":"Installation Gunfoam PRO65 191"},"content":{"rendered":"<p>PENOSIL Installation Gunfoam PRO65 191 Winter este o spum\u0103 de construc\u0163ii cu un foarte bun raport pre\u0163\/calitate, cu uscare \u00een condi\u0163ii de umiditate, ambalat\u0103 \u00eentr-un tub sub presiune \u015fi care poate fi aplicat\u0103 cu un pistol de spum\u0103<strong>\u00a0la temperaturi sc\u0103zute<\/strong>. Spuma este un bun izolator termic \u015fi fonic \u015fi are excelente propriet\u0103\u0163i adezive. Ader\u0103 bine la majoritatea materialelor de construc\u0163ie, cu excep\u0163ia teflonului, polietilenei \u015fi suprafe\u0163elor din silicon. Este sensibil\u0103 la raze UV \u015fi la lumina direct\u0103 a soarelui.<\/p>\n","protected":false},"excerpt":{"rendered":"PENOSIL Installation Gunfoam PRO65 191 Winter este o spum\u0103 de construc\u0163ii cu un foarte bun raport pre\u0163\/calitate, cu uscare \u00een condi\u0163ii de umiditate, ambalat\u0103 \u00eentr-un tub sub presiune \u015fi care poate fi aplicat\u0103 cu un pistol de spum\u0103\u00a0la temperaturi sc\u0103zute. Spuma este un bun izolator termic \u015fi fonic \u015fi are excelente propriet\u0103\u0163i adezive. Ader\u0103 bine [&hellip;]","protected":false},"author":13,"featured_media":10435,"template":"","meta":{"_acf_changed":false,"advgb_blocks_editor_width":"","advgb_blocks_columns_visual_guide":"","footnotes":""},"product_brand":[],"product_cat":[338,1544,1373,1502,1297],"product_tag":[],"class_list":{"0":"post-10433","1":"product","2":"type-product","3":"status-publish","4":"has-post-thumbnail","6":"product_cat-categorii","7":"product_cat-spume-de-pistol","8":"product_cat-game-de-produse","9":"product_cat-spume-de-constructie","10":"product_cat-usi-si-ferestre","12":"first","13":"instock","14":"taxable","15":"shipping-taxable","16":"purchasable","17":"product-type-simple"},"acf":[],"yoast_head":"<!-- This site is optimized with the Yoast SEO plugin v27.4 - https:\/\/yoast.com\/product\/yoast-seo-wordpress\/ -->\n<title>Spum\u0103 poliuretanic\u0103 de iarn\u0103 GunFoam Pro65 191 | Penosil<\/title>\n<meta name=\"description\" content=\"Spum\u0103 poliuretanic\u0103 de iarn\u0103 Penosil GunFoam Pro65 191. Randament crescut p\u00e2n\u0103 la 65L, aplicare p\u00e2n\u0103 la -15\u00b0C. Pentru ferestre, u\u0219i, izola\u021bii.\" \/>\n<meta name=\"robots\" content=\"index, follow, max-snippet:-1, max-image-preview:large, max-video-preview:-1\" \/>\n<link rel=\"canonical\" href=\"https:\/\/penosil.com\/ro\/produse\/spuma-poliuretanica-iarna-gunfoam-pro65-191\/\" \/>\n<meta property=\"og:locale\" content=\"ro_RO\" \/>\n<meta property=\"og:type\" content=\"article\" \/>\n<meta property=\"og:title\" content=\"Spum\u0103 poliuretanic\u0103 de iarn\u0103 GunFoam Pro65 191 | Penosil\" \/>\n<meta property=\"og:description\" content=\"Spum\u0103 poliuretanic\u0103 de iarn\u0103 Penosil GunFoam Pro65 191. Randament crescut p\u00e2n\u0103 la 65L, aplicare p\u00e2n\u0103 la -15\u00b0C. Pentru ferestre, u\u0219i, izola\u021bii.\" \/>\n<meta property=\"og:url\" content=\"https:\/\/penosil.com\/ro\/produse\/spuma-poliuretanica-iarna-gunfoam-pro65-191\/\" \/>\n<meta property=\"og:site_name\" content=\"Penosil Romania\" \/>\n<meta property=\"article:modified_time\" content=\"2026-05-07T11:00:29+00:00\" \/>\n<meta property=\"og:image\" content=\"https:\/\/penosil.com\/ro\/wp-content\/uploads\/sites\/8\/2023\/12\/191_Penosil_Installation_Gunfoam_PRO_65_Winter_191_870ml_RO_BG.png\" \/>\n\t<meta property=\"og:image:width\" content=\"523\" \/>\n\t<meta property=\"og:image:height\" content=\"1080\" \/>\n\t<meta property=\"og:image:type\" content=\"image\/png\" \/>\n<meta name=\"twitter:card\" content=\"summary_large_image\" \/>\n<meta name=\"twitter:label1\" content=\"Timp estimat pentru citire\" \/>\n\t<meta name=\"twitter:data1\" content=\"4 minute\" \/>\n<script type=\"application\/ld+json\" class=\"yoast-schema-graph\">{\"@context\":\"https:\\\/\\\/schema.org\",\"@graph\":[{\"@type\":\"WebPage\",\"@id\":\"https:\\\/\\\/penosil.com\\\/ro\\\/produse\\\/spuma-poliuretanica-iarna-gunfoam-pro65-191\\\/\",\"url\":\"https:\\\/\\\/penosil.com\\\/ro\\\/produse\\\/spuma-poliuretanica-iarna-gunfoam-pro65-191\\\/\",\"name\":\"Spum\u0103 poliuretanic\u0103 de iarn\u0103 GunFoam Pro65 191 | Penosil\",\"isPartOf\":{\"@id\":\"https:\\\/\\\/penosil.com\\\/ro\\\/#website\"},\"primaryImageOfPage\":{\"@id\":\"https:\\\/\\\/penosil.com\\\/ro\\\/produse\\\/spuma-poliuretanica-iarna-gunfoam-pro65-191\\\/#primaryimage\"},\"image\":{\"@id\":\"https:\\\/\\\/penosil.com\\\/ro\\\/produse\\\/spuma-poliuretanica-iarna-gunfoam-pro65-191\\\/#primaryimage\"},\"thumbnailUrl\":\"https:\\\/\\\/penosil.com\\\/ro\\\/wp-content\\\/uploads\\\/sites\\\/8\\\/2023\\\/12\\\/191_Penosil_Installation_Gunfoam_PRO_65_Winter_191_870ml_RO_BG.png\",\"datePublished\":\"2023-12-08T13:28:05+00:00\",\"dateModified\":\"2026-05-07T11:00:29+00:00\",\"description\":\"Spum\u0103 poliuretanic\u0103 de iarn\u0103 Penosil GunFoam Pro65 191. Randament crescut p\u00e2n\u0103 la 65L, aplicare p\u00e2n\u0103 la -15\u00b0C. Pentru ferestre, u\u0219i, izola\u021bii.\",\"breadcrumb\":{\"@id\":\"https:\\\/\\\/penosil.com\\\/ro\\\/produse\\\/spuma-poliuretanica-iarna-gunfoam-pro65-191\\\/#breadcrumb\"},\"inLanguage\":\"ro-RO\",\"potentialAction\":[{\"@type\":\"ReadAction\",\"target\":[\"https:\\\/\\\/penosil.com\\\/ro\\\/produse\\\/spuma-poliuretanica-iarna-gunfoam-pro65-191\\\/\"]}]},{\"@type\":\"ImageObject\",\"inLanguage\":\"ro-RO\",\"@id\":\"https:\\\/\\\/penosil.com\\\/ro\\\/produse\\\/spuma-poliuretanica-iarna-gunfoam-pro65-191\\\/#primaryimage\",\"url\":\"https:\\\/\\\/penosil.com\\\/ro\\\/wp-content\\\/uploads\\\/sites\\\/8\\\/2023\\\/12\\\/191_Penosil_Installation_Gunfoam_PRO_65_Winter_191_870ml_RO_BG.png\",\"contentUrl\":\"https:\\\/\\\/penosil.com\\\/ro\\\/wp-content\\\/uploads\\\/sites\\\/8\\\/2023\\\/12\\\/191_Penosil_Installation_Gunfoam_PRO_65_Winter_191_870ml_RO_BG.png\",\"width\":523,\"height\":1080,\"caption\":\"PENOSIL Installation Gunfoam PRO65 191 Winter spum\u0103 de iarn\u0103 cu randament crescut\"},{\"@type\":\"BreadcrumbList\",\"@id\":\"https:\\\/\\\/penosil.com\\\/ro\\\/produse\\\/spuma-poliuretanica-iarna-gunfoam-pro65-191\\\/#breadcrumb\",\"itemListElement\":[{\"@type\":\"ListItem\",\"position\":1,\"name\":\"Prima pagin\u0103\",\"item\":\"https:\\\/\\\/penosil.com\\\/ro\\\/\"},{\"@type\":\"ListItem\",\"position\":2,\"name\":\"Produse\",\"item\":\"https:\\\/\\\/penosil.com\\\/ro\\\/etansanti\\\/\"},{\"@type\":\"ListItem\",\"position\":3,\"name\":\"Installation Gunfoam PRO65 191\"}]},{\"@type\":\"WebSite\",\"@id\":\"https:\\\/\\\/penosil.com\\\/ro\\\/#website\",\"url\":\"https:\\\/\\\/penosil.com\\\/ro\\\/\",\"name\":\"Penosil Romania\",\"description\":\"\",\"potentialAction\":[{\"@type\":\"SearchAction\",\"target\":{\"@type\":\"EntryPoint\",\"urlTemplate\":\"https:\\\/\\\/penosil.com\\\/ro\\\/?s={search_term_string}\"},\"query-input\":{\"@type\":\"PropertyValueSpecification\",\"valueRequired\":true,\"valueName\":\"search_term_string\"}}],\"inLanguage\":\"ro-RO\"}]}<\/script>\n<!-- \/ Yoast SEO plugin. -->","yoast_head_json":{"title":"Spum\u0103 poliuretanic\u0103 de iarn\u0103 GunFoam Pro65 191 | Penosil","description":"Spum\u0103 poliuretanic\u0103 de iarn\u0103 Penosil GunFoam Pro65 191. Randament crescut p\u00e2n\u0103 la 65L, aplicare p\u00e2n\u0103 la -15\u00b0C. Pentru ferestre, u\u0219i, izola\u021bii.","robots":{"index":"index","follow":"follow","max-snippet":"max-snippet:-1","max-image-preview":"max-image-preview:large","max-video-preview":"max-video-preview:-1"},"canonical":"https:\/\/penosil.com\/ro\/produse\/spuma-poliuretanica-iarna-gunfoam-pro65-191\/","og_locale":"ro_RO","og_type":"article","og_title":"Spum\u0103 poliuretanic\u0103 de iarn\u0103 GunFoam Pro65 191 | Penosil","og_description":"Spum\u0103 poliuretanic\u0103 de iarn\u0103 Penosil GunFoam Pro65 191. Randament crescut p\u00e2n\u0103 la 65L, aplicare p\u00e2n\u0103 la -15\u00b0C. Pentru ferestre, u\u0219i, izola\u021bii.","og_url":"https:\/\/penosil.com\/ro\/produse\/spuma-poliuretanica-iarna-gunfoam-pro65-191\/","og_site_name":"Penosil Romania","article_modified_time":"2026-05-07T11:00:29+00:00","og_image":[{"width":523,"height":1080,"url":"https:\/\/penosil.com\/ro\/wp-content\/uploads\/sites\/8\/2023\/12\/191_Penosil_Installation_Gunfoam_PRO_65_Winter_191_870ml_RO_BG.png","type":"image\/png"}],"twitter_card":"summary_large_image","twitter_misc":{"Timp estimat pentru citire":"4 minute"},"schema":{"@context":"https:\/\/schema.org","@graph":[{"@type":"WebPage","@id":"https:\/\/penosil.com\/ro\/produse\/spuma-poliuretanica-iarna-gunfoam-pro65-191\/","url":"https:\/\/penosil.com\/ro\/produse\/spuma-poliuretanica-iarna-gunfoam-pro65-191\/","name":"Spum\u0103 poliuretanic\u0103 de iarn\u0103 GunFoam Pro65 191 | Penosil","isPartOf":{"@id":"https:\/\/penosil.com\/ro\/#website"},"primaryImageOfPage":{"@id":"https:\/\/penosil.com\/ro\/produse\/spuma-poliuretanica-iarna-gunfoam-pro65-191\/#primaryimage"},"image":{"@id":"https:\/\/penosil.com\/ro\/produse\/spuma-poliuretanica-iarna-gunfoam-pro65-191\/#primaryimage"},"thumbnailUrl":"https:\/\/penosil.com\/ro\/wp-content\/uploads\/sites\/8\/2023\/12\/191_Penosil_Installation_Gunfoam_PRO_65_Winter_191_870ml_RO_BG.png","datePublished":"2023-12-08T13:28:05+00:00","dateModified":"2026-05-07T11:00:29+00:00","description":"Spum\u0103 poliuretanic\u0103 de iarn\u0103 Penosil GunFoam Pro65 191. Randament crescut p\u00e2n\u0103 la 65L, aplicare p\u00e2n\u0103 la -15\u00b0C. Pentru ferestre, u\u0219i, izola\u021bii.","breadcrumb":{"@id":"https:\/\/penosil.com\/ro\/produse\/spuma-poliuretanica-iarna-gunfoam-pro65-191\/#breadcrumb"},"inLanguage":"ro-RO","potentialAction":[{"@type":"ReadAction","target":["https:\/\/penosil.com\/ro\/produse\/spuma-poliuretanica-iarna-gunfoam-pro65-191\/"]}]},{"@type":"ImageObject","inLanguage":"ro-RO","@id":"https:\/\/penosil.com\/ro\/produse\/spuma-poliuretanica-iarna-gunfoam-pro65-191\/#primaryimage","url":"https:\/\/penosil.com\/ro\/wp-content\/uploads\/sites\/8\/2023\/12\/191_Penosil_Installation_Gunfoam_PRO_65_Winter_191_870ml_RO_BG.png","contentUrl":"https:\/\/penosil.com\/ro\/wp-content\/uploads\/sites\/8\/2023\/12\/191_Penosil_Installation_Gunfoam_PRO_65_Winter_191_870ml_RO_BG.png","width":523,"height":1080,"caption":"PENOSIL Installation Gunfoam PRO65 191 Winter spum\u0103 de iarn\u0103 cu randament crescut"},{"@type":"BreadcrumbList","@id":"https:\/\/penosil.com\/ro\/produse\/spuma-poliuretanica-iarna-gunfoam-pro65-191\/#breadcrumb","itemListElement":[{"@type":"ListItem","position":1,"name":"Prima pagin\u0103","item":"https:\/\/penosil.com\/ro\/"},{"@type":"ListItem","position":2,"name":"Produse","item":"https:\/\/penosil.com\/ro\/etansanti\/"},{"@type":"ListItem","position":3,"name":"Installation Gunfoam PRO65 191"}]},{"@type":"WebSite","@id":"https:\/\/penosil.com\/ro\/#website","url":"https:\/\/penosil.com\/ro\/","name":"Penosil Romania","description":"","potentialAction":[{"@type":"SearchAction","target":{"@type":"EntryPoint","urlTemplate":"https:\/\/penosil.com\/ro\/?s={search_term_string}"},"query-input":{"@type":"PropertyValueSpecification","valueRequired":true,"valueName":"search_term_string"}}],"inLanguage":"ro-RO"}]}},"featured_img":"https:\/\/penosil.com\/ro\/wp-content\/uploads\/sites\/8\/2023\/12\/191_Penosil_Installation_Gunfoam_PRO_65_Winter_191_870ml_RO_BG.png","coauthors":[],"author_meta":{"author_link":"https:\/\/penosil.com\/ro\/author\/mara\/","display_name":"Mara"},"relative_dates":{"created":"Posted 2 ani ago","modified":"Updated 10 ore ago"},"absolute_dates":{"created":"Posted on 8 decembrie 2023","modified":"Updated on 7 mai 2026"},"absolute_dates_time":{"created":"Posted on 8 decembrie 2023 13:28","modified":"Updated on 7 mai 2026 11:00"},"featured_img_caption":"","tax_additional":{"product_brand":{"linked":[],"unlinked":[],"slug":"product_brand","name":"Branduri"},"product_type":{"linked":["<a href=\"https:\/\/penosil.com\/ro\/?taxonomy=product_type&#038;term=simple\" class=\"advgb-post-tax-term\">simple<\/a>"],"unlinked":["<span class=\"advgb-post-tax-term\">simple<\/span>"],"slug":"product_type","name":"Tip de produs"},"product_visibility":{"linked":[],"unlinked":[],"slug":"product_visibility","name":"Vizibilitate produs"},"product_cat":{"linked":["<a href=\"https:\/\/penosil.com\/ro\/categorie-produs\/categorii\/\" class=\"advgb-post-tax-term\">Categorii<\/a>","<a href=\"https:\/\/penosil.com\/ro\/categorie-produs\/game-de-produse\/spume-de-constructie\/spume-de-pistol\/\" class=\"advgb-post-tax-term\">Spume de pistol<\/a>","<a href=\"https:\/\/penosil.com\/ro\/categorie-produs\/game-de-produse\/\" class=\"advgb-post-tax-term\">Game de produse<\/a>","<a href=\"https:\/\/penosil.com\/ro\/categorie-produs\/game-de-produse\/spume-de-constructie\/\" class=\"advgb-post-tax-term\">Spume de construc\u021bie<\/a>","<a href=\"https:\/\/penosil.com\/ro\/categorie-produs\/categorii\/usi-si-ferestre\/\" class=\"advgb-post-tax-term\">Ferestre \u0219i U\u0219i<\/a>"],"unlinked":["<span class=\"advgb-post-tax-term\">Categorii<\/span>","<span class=\"advgb-post-tax-term\">Spume de pistol<\/span>","<span class=\"advgb-post-tax-term\">Game de produse<\/span>","<span class=\"advgb-post-tax-term\">Spume de construc\u021bie<\/span>","<span class=\"advgb-post-tax-term\">Ferestre \u0219i U\u0219i<\/span>"],"slug":"product_cat","name":"Categorii de produse"},"product_tag":{"linked":[],"unlinked":[],"slug":"product_tag","name":"Etichete produs"},"product_shipping_class":{"linked":[],"unlinked":[],"slug":"product_shipping_class","name":"Clase de livrare produse"},"pos_product_visibility":{"linked":[],"unlinked":[],"slug":"pos_product_visibility","name":"Vizibilitate produse \u00een POS"},"pa_ambalaj":{"linked":["<a href=\"https:\/\/penosil.com\/ro\/?taxonomy=pa_ambalaj&#038;term=870-ml\" class=\"advgb-post-tax-term\">870 ml<\/a>"],"unlinked":["<span class=\"advgb-post-tax-term\">870 ml<\/span>"],"slug":"pa_ambalaj","name":"Product AMBALAJ"},"pa_culoare":{"linked":["<a href=\"https:\/\/penosil.com\/ro\/?taxonomy=pa_culoare&#038;term=galben-deschis\" class=\"advgb-post-tax-term\">Galben deschis<\/a>"],"unlinked":["<span class=\"advgb-post-tax-term\">Galben deschis<\/span>"],"slug":"pa_culoare","name":"Product CULOARE"},"pa_ean":{"linked":[],"unlinked":[],"slug":"pa_ean","name":"Product EAN"},"pa_latime-banda":{"linked":[],"unlinked":[],"slug":"pa_latime-banda","name":"Product L\u0102\u021aIME BAND\u0102"},"pa_latime-rost":{"linked":[],"unlinked":[],"slug":"pa_latime-rost","name":"Product L\u0102\u021aIME ROST"},"translation_priority":{"linked":["<a href=\"https:\/\/penosil.com\/ro\/?taxonomy=translation_priority&#038;term=optional-ro\" class=\"advgb-post-tax-term\">Optional<\/a>"],"unlinked":["<span class=\"advgb-post-tax-term\">Optional<\/span>"],"slug":"translation_priority","name":"Translation Priorities"}},"series_order":"","_links":{"self":[{"href":"https:\/\/penosil.com\/ro\/wp-json\/wp\/v2\/product\/10433","targetHints":{"allow":["GET"]}}],"collection":[{"href":"https:\/\/penosil.com\/ro\/wp-json\/wp\/v2\/product"}],"about":[{"href":"https:\/\/penosil.com\/ro\/wp-json\/wp\/v2\/types\/product"}],"version-history":[{"count":2,"href":"https:\/\/penosil.com\/ro\/wp-json\/wp\/v2\/product\/10433\/revisions"}],"predecessor-version":[{"id":12265,"href":"https:\/\/penosil.com\/ro\/wp-json\/wp\/v2\/product\/10433\/revisions\/12265"}],"wp:featuredmedia":[{"embeddable":true,"href":"https:\/\/penosil.com\/ro\/wp-json\/wp\/v2\/media\/10435"}],"wp:attachment":[{"href":"https:\/\/penosil.com\/ro\/wp-json\/wp\/v2\/media?parent=10433"}],"wp:term":[{"taxonomy":"product_brand","embeddable":true,"href":"https:\/\/penosil.com\/ro\/wp-json\/wp\/v2\/product_brand?post=10433"},{"taxonomy":"product_cat","embeddable":true,"href":"https:\/\/penosil.com\/ro\/wp-json\/wp\/v2\/product_cat?post=10433"},{"taxonomy":"product_tag","embeddable":true,"href":"https:\/\/penosil.com\/ro\/wp-json\/wp\/v2\/product_tag?post=10433"}],"curies":[{"name":"wp","href":"https:\/\/api.w.org\/{rel}","templated":true}]}}