{"id":11001,"date":"2024-08-12T15:43:06","date_gmt":"2024-08-12T15:43:06","guid":{"rendered":"https:\/\/penosil.com\/ro\/?post_type=product&#038;p=11001"},"modified":"2026-04-15T11:00:21","modified_gmt":"2026-04-15T11:00:21","slug":"mousestop-foam-299-spuma-manuala-multifunctionala","status":"publish","type":"product","link":"https:\/\/penosil.com\/ro\/produse\/mousestop-foam-299-spuma-manuala-multifunctionala\/","title":{"rendered":"MouseStop Foam 299"},"content":{"rendered":"<p>Spum\u0103 poliuretanic\u0103 monocomponent\u0103 manual\u0103 pentru umplere goluri, penetr\u0103ri, fisuri \u0219i cr\u0103p\u0103turi. Con\u021bine aditivi care \u00eendep\u0103rteaz\u0103 roz\u0103toarele \u0219i al\u021bi d\u0103un\u0103tori (g\u00e2ndaci, termite etc.). Are aderen\u021b\u0103 bun\u0103 la majoritatea tipurilor de materiale, precum lemn, ciment, piatr\u0103, ipsos, metal, PVC \u0219i polistiren.<\/p>\n","protected":false},"excerpt":{"rendered":"Spum\u0103 poliuretanic\u0103 monocomponent\u0103 manual\u0103 pentru umplere goluri, penetr\u0103ri, fisuri \u0219i cr\u0103p\u0103turi. Con\u021bine aditivi care \u00eendep\u0103rteaz\u0103 roz\u0103toarele \u0219i al\u021bi d\u0103un\u0103tori (g\u00e2ndaci, termite etc.). Are aderen\u021b\u0103 bun\u0103 la majoritatea tipurilor de materiale, precum lemn, ciment, piatr\u0103, ipsos, metal, PVC \u0219i polistiren.","protected":false},"author":242,"featured_media":11002,"template":"","meta":{"_acf_changed":false,"advgb_blocks_editor_width":"","advgb_blocks_columns_visual_guide":"","footnotes":""},"product_brand":[],"product_cat":[338,837,1373,1502,1568],"product_tag":[],"class_list":{"0":"post-11001","1":"product","2":"type-product","3":"status-publish","4":"has-post-thumbnail","6":"product_cat-categorii","7":"product_cat-constructii-generale","8":"product_cat-game-de-produse","9":"product_cat-spume-de-constructie","10":"product_cat-spume-manuale","12":"first","13":"instock","14":"taxable","15":"shipping-taxable","16":"purchasable","17":"product-type-simple"},"acf":[],"yoast_head":"<!-- This site is optimized with the Yoast SEO plugin v27.2 - https:\/\/yoast.com\/product\/yoast-seo-wordpress\/ -->\n<title>MouseStop Foam 299 spum\u0103 manual\u0103 multifunc\u021bional\u0103<\/title>\n<meta name=\"description\" content=\"Penosil MouseStop Foam 299 are propriet\u0103\u021bi de umplere goluri \u0219i cr\u0103p\u0103turi. Con\u021bine aditivi care \u00eendep\u0103rteaz\u0103 roz\u0103toarele \u0219i al\u021bi d\u0103un\u0103tori. Afl\u0103 mai multe!\" \/>\n<meta name=\"robots\" content=\"index, follow, max-snippet:-1, max-image-preview:large, max-video-preview:-1\" \/>\n<link rel=\"canonical\" href=\"https:\/\/penosil.com\/ro\/produse\/mousestop-foam-299-spuma-manuala-multifunctionala\/\" \/>\n<meta property=\"og:locale\" content=\"ro_RO\" \/>\n<meta property=\"og:type\" content=\"article\" \/>\n<meta property=\"og:title\" content=\"MouseStop Foam 299 spum\u0103 manual\u0103 multifunc\u021bional\u0103\" \/>\n<meta property=\"og:description\" content=\"Penosil MouseStop Foam 299 are propriet\u0103\u021bi de umplere goluri \u0219i cr\u0103p\u0103turi. Con\u021bine aditivi care \u00eendep\u0103rteaz\u0103 roz\u0103toarele \u0219i al\u021bi d\u0103un\u0103tori. Afl\u0103 mai multe!\" \/>\n<meta property=\"og:url\" content=\"https:\/\/penosil.com\/ro\/produse\/mousestop-foam-299-spuma-manuala-multifunctionala\/\" \/>\n<meta property=\"og:site_name\" content=\"Penosil Romania\" \/>\n<meta property=\"article:modified_time\" content=\"2026-04-15T11:00:21+00:00\" \/>\n<meta property=\"og:image\" content=\"https:\/\/penosil.com\/ro\/wp-content\/uploads\/sites\/8\/2024\/08\/299_Pest_Repellent_Foam_299_UK-1.png\" \/>\n\t<meta property=\"og:image:width\" content=\"523\" \/>\n\t<meta property=\"og:image:height\" content=\"1080\" \/>\n\t<meta property=\"og:image:type\" content=\"image\/png\" \/>\n<meta name=\"twitter:card\" content=\"summary_large_image\" \/>\n<meta name=\"twitter:label1\" content=\"Timp estimat pentru citire\" \/>\n\t<meta name=\"twitter:data1\" content=\"6 minute\" \/>\n<script type=\"application\/ld+json\" class=\"yoast-schema-graph\">{\"@context\":\"https:\/\/schema.org\",\"@graph\":[{\"@type\":\"WebPage\",\"@id\":\"https:\/\/penosil.com\/ro\/produse\/mousestop-foam-299-spuma-manuala-multifunctionala\/\",\"url\":\"https:\/\/penosil.com\/ro\/produse\/mousestop-foam-299-spuma-manuala-multifunctionala\/\",\"name\":\"MouseStop Foam 299 spum\u0103 manual\u0103 multifunc\u021bional\u0103\",\"isPartOf\":{\"@id\":\"https:\/\/penosil.com\/ro\/#website\"},\"primaryImageOfPage\":{\"@id\":\"https:\/\/penosil.com\/ro\/produse\/mousestop-foam-299-spuma-manuala-multifunctionala\/#primaryimage\"},\"image\":{\"@id\":\"https:\/\/penosil.com\/ro\/produse\/mousestop-foam-299-spuma-manuala-multifunctionala\/#primaryimage\"},\"thumbnailUrl\":\"https:\/\/penosil.com\/ro\/wp-content\/uploads\/sites\/8\/2024\/08\/299_Pest_Repellent_Foam_299_UK-1.png\",\"datePublished\":\"2024-08-12T15:43:06+00:00\",\"dateModified\":\"2026-04-15T11:00:21+00:00\",\"description\":\"Penosil MouseStop Foam 299 are propriet\u0103\u021bi de umplere goluri \u0219i cr\u0103p\u0103turi. Con\u021bine aditivi care \u00eendep\u0103rteaz\u0103 roz\u0103toarele \u0219i al\u021bi d\u0103un\u0103tori. Afl\u0103 mai multe!\",\"breadcrumb\":{\"@id\":\"https:\/\/penosil.com\/ro\/produse\/mousestop-foam-299-spuma-manuala-multifunctionala\/#breadcrumb\"},\"inLanguage\":\"ro-RO\",\"potentialAction\":[{\"@type\":\"ReadAction\",\"target\":[\"https:\/\/penosil.com\/ro\/produse\/mousestop-foam-299-spuma-manuala-multifunctionala\/\"]}]},{\"@type\":\"ImageObject\",\"inLanguage\":\"ro-RO\",\"@id\":\"https:\/\/penosil.com\/ro\/produse\/mousestop-foam-299-spuma-manuala-multifunctionala\/#primaryimage\",\"url\":\"https:\/\/penosil.com\/ro\/wp-content\/uploads\/sites\/8\/2024\/08\/299_Pest_Repellent_Foam_299_UK-1.png\",\"contentUrl\":\"https:\/\/penosil.com\/ro\/wp-content\/uploads\/sites\/8\/2024\/08\/299_Pest_Repellent_Foam_299_UK-1.png\",\"width\":523,\"height\":1080,\"caption\":\"PENOSIL MouseStop Foam 299 spum\u0103 manual\u0103 multifunc\u021bional\u0103; Con\u021bine aditivi care \u00eendep\u0103rteaz\u0103 roz\u0103toarele \u0219i al\u021bi d\u0103un\u0103tori (g\u00e2ndaci, termite etc.).\"},{\"@type\":\"BreadcrumbList\",\"@id\":\"https:\/\/penosil.com\/ro\/produse\/mousestop-foam-299-spuma-manuala-multifunctionala\/#breadcrumb\",\"itemListElement\":[{\"@type\":\"ListItem\",\"position\":1,\"name\":\"Prima pagin\u0103\",\"item\":\"https:\/\/penosil.com\/ro\/\"},{\"@type\":\"ListItem\",\"position\":2,\"name\":\"Produse\",\"item\":\"https:\/\/penosil.com\/ro\/etansanti\/\"},{\"@type\":\"ListItem\",\"position\":3,\"name\":\"MouseStop Foam 299\"}]},{\"@type\":\"WebSite\",\"@id\":\"https:\/\/penosil.com\/ro\/#website\",\"url\":\"https:\/\/penosil.com\/ro\/\",\"name\":\"Penosil Romania\",\"description\":\"\",\"potentialAction\":[{\"@type\":\"SearchAction\",\"target\":{\"@type\":\"EntryPoint\",\"urlTemplate\":\"https:\/\/penosil.com\/ro\/?s={search_term_string}\"},\"query-input\":{\"@type\":\"PropertyValueSpecification\",\"valueRequired\":true,\"valueName\":\"search_term_string\"}}],\"inLanguage\":\"ro-RO\"}]}<\/script>\n<!-- \/ Yoast SEO plugin. -->","yoast_head_json":{"title":"MouseStop Foam 299 spum\u0103 manual\u0103 multifunc\u021bional\u0103","description":"Penosil MouseStop Foam 299 are propriet\u0103\u021bi de umplere goluri \u0219i cr\u0103p\u0103turi. Con\u021bine aditivi care \u00eendep\u0103rteaz\u0103 roz\u0103toarele \u0219i al\u021bi d\u0103un\u0103tori. Afl\u0103 mai multe!","robots":{"index":"index","follow":"follow","max-snippet":"max-snippet:-1","max-image-preview":"max-image-preview:large","max-video-preview":"max-video-preview:-1"},"canonical":"https:\/\/penosil.com\/ro\/produse\/mousestop-foam-299-spuma-manuala-multifunctionala\/","og_locale":"ro_RO","og_type":"article","og_title":"MouseStop Foam 299 spum\u0103 manual\u0103 multifunc\u021bional\u0103","og_description":"Penosil MouseStop Foam 299 are propriet\u0103\u021bi de umplere goluri \u0219i cr\u0103p\u0103turi. Con\u021bine aditivi care \u00eendep\u0103rteaz\u0103 roz\u0103toarele \u0219i al\u021bi d\u0103un\u0103tori. Afl\u0103 mai multe!","og_url":"https:\/\/penosil.com\/ro\/produse\/mousestop-foam-299-spuma-manuala-multifunctionala\/","og_site_name":"Penosil Romania","article_modified_time":"2026-04-15T11:00:21+00:00","og_image":[{"width":523,"height":1080,"url":"https:\/\/penosil.com\/ro\/wp-content\/uploads\/sites\/8\/2024\/08\/299_Pest_Repellent_Foam_299_UK-1.png","type":"image\/png"}],"twitter_card":"summary_large_image","twitter_misc":{"Timp estimat pentru citire":"6 minute"},"schema":{"@context":"https:\/\/schema.org","@graph":[{"@type":"WebPage","@id":"https:\/\/penosil.com\/ro\/produse\/mousestop-foam-299-spuma-manuala-multifunctionala\/","url":"https:\/\/penosil.com\/ro\/produse\/mousestop-foam-299-spuma-manuala-multifunctionala\/","name":"MouseStop Foam 299 spum\u0103 manual\u0103 multifunc\u021bional\u0103","isPartOf":{"@id":"https:\/\/penosil.com\/ro\/#website"},"primaryImageOfPage":{"@id":"https:\/\/penosil.com\/ro\/produse\/mousestop-foam-299-spuma-manuala-multifunctionala\/#primaryimage"},"image":{"@id":"https:\/\/penosil.com\/ro\/produse\/mousestop-foam-299-spuma-manuala-multifunctionala\/#primaryimage"},"thumbnailUrl":"https:\/\/penosil.com\/ro\/wp-content\/uploads\/sites\/8\/2024\/08\/299_Pest_Repellent_Foam_299_UK-1.png","datePublished":"2024-08-12T15:43:06+00:00","dateModified":"2026-04-15T11:00:21+00:00","description":"Penosil MouseStop Foam 299 are propriet\u0103\u021bi de umplere goluri \u0219i cr\u0103p\u0103turi. Con\u021bine aditivi care \u00eendep\u0103rteaz\u0103 roz\u0103toarele \u0219i al\u021bi d\u0103un\u0103tori. Afl\u0103 mai multe!","breadcrumb":{"@id":"https:\/\/penosil.com\/ro\/produse\/mousestop-foam-299-spuma-manuala-multifunctionala\/#breadcrumb"},"inLanguage":"ro-RO","potentialAction":[{"@type":"ReadAction","target":["https:\/\/penosil.com\/ro\/produse\/mousestop-foam-299-spuma-manuala-multifunctionala\/"]}]},{"@type":"ImageObject","inLanguage":"ro-RO","@id":"https:\/\/penosil.com\/ro\/produse\/mousestop-foam-299-spuma-manuala-multifunctionala\/#primaryimage","url":"https:\/\/penosil.com\/ro\/wp-content\/uploads\/sites\/8\/2024\/08\/299_Pest_Repellent_Foam_299_UK-1.png","contentUrl":"https:\/\/penosil.com\/ro\/wp-content\/uploads\/sites\/8\/2024\/08\/299_Pest_Repellent_Foam_299_UK-1.png","width":523,"height":1080,"caption":"PENOSIL MouseStop Foam 299 spum\u0103 manual\u0103 multifunc\u021bional\u0103; Con\u021bine aditivi care \u00eendep\u0103rteaz\u0103 roz\u0103toarele \u0219i al\u021bi d\u0103un\u0103tori (g\u00e2ndaci, termite etc.)."},{"@type":"BreadcrumbList","@id":"https:\/\/penosil.com\/ro\/produse\/mousestop-foam-299-spuma-manuala-multifunctionala\/#breadcrumb","itemListElement":[{"@type":"ListItem","position":1,"name":"Prima pagin\u0103","item":"https:\/\/penosil.com\/ro\/"},{"@type":"ListItem","position":2,"name":"Produse","item":"https:\/\/penosil.com\/ro\/etansanti\/"},{"@type":"ListItem","position":3,"name":"MouseStop Foam 299"}]},{"@type":"WebSite","@id":"https:\/\/penosil.com\/ro\/#website","url":"https:\/\/penosil.com\/ro\/","name":"Penosil Romania","description":"","potentialAction":[{"@type":"SearchAction","target":{"@type":"EntryPoint","urlTemplate":"https:\/\/penosil.com\/ro\/?s={search_term_string}"},"query-input":{"@type":"PropertyValueSpecification","valueRequired":true,"valueName":"search_term_string"}}],"inLanguage":"ro-RO"}]}},"featured_img":"https:\/\/penosil.com\/ro\/wp-content\/uploads\/sites\/8\/2024\/08\/299_Pest_Repellent_Foam_299_UK-1.png","coauthors":[],"author_meta":{"author_link":"https:\/\/penosil.com\/ro\/author\/sorina\/","display_name":"sorina"},"relative_dates":{"created":"Posted 2 ani ago","modified":"Updated 12 ore ago"},"absolute_dates":{"created":"Posted on 12 august 2024","modified":"Updated on 15 aprilie 2026"},"absolute_dates_time":{"created":"Posted on 12 august 2024 15:43","modified":"Updated on 15 aprilie 2026 11:00"},"featured_img_caption":"","tax_additional":{"product_brand":{"linked":[],"unlinked":[],"slug":"product_brand","name":"Branduri"},"product_type":{"linked":["<a href=\"https:\/\/penosil.com\/ro\/?taxonomy=product_type&#038;term=simple\" class=\"advgb-post-tax-term\">simple<\/a>"],"unlinked":["<span class=\"advgb-post-tax-term\">simple<\/span>"],"slug":"product_type","name":"Tip de produs"},"product_visibility":{"linked":[],"unlinked":[],"slug":"product_visibility","name":"Vizibilitate produs"},"product_cat":{"linked":["<a href=\"https:\/\/penosil.com\/ro\/categorie-produs\/categorii\/\" class=\"advgb-post-tax-term\">Categorii<\/a>","<a href=\"https:\/\/penosil.com\/ro\/categorie-produs\/categorii\/constructii-generale\/\" class=\"advgb-post-tax-term\">Construc\u021bii generale<\/a>","<a href=\"https:\/\/penosil.com\/ro\/categorie-produs\/game-de-produse\/\" class=\"advgb-post-tax-term\">Game de produse<\/a>","<a href=\"https:\/\/penosil.com\/ro\/categorie-produs\/game-de-produse\/spume-de-constructie\/\" class=\"advgb-post-tax-term\">Spume de construc\u021bie<\/a>","<a href=\"https:\/\/penosil.com\/ro\/categorie-produs\/game-de-produse\/spume-de-constructie\/spume-manuale\/\" class=\"advgb-post-tax-term\">Spume manuale<\/a>"],"unlinked":["<span class=\"advgb-post-tax-term\">Categorii<\/span>","<span class=\"advgb-post-tax-term\">Construc\u021bii generale<\/span>","<span class=\"advgb-post-tax-term\">Game de produse<\/span>","<span class=\"advgb-post-tax-term\">Spume de construc\u021bie<\/span>","<span class=\"advgb-post-tax-term\">Spume manuale<\/span>"],"slug":"product_cat","name":"Categorii de produse"},"product_tag":{"linked":[],"unlinked":[],"slug":"product_tag","name":"Etichete produs"},"product_shipping_class":{"linked":[],"unlinked":[],"slug":"product_shipping_class","name":"Clase de livrare produse"},"pos_product_visibility":{"linked":[],"unlinked":[],"slug":"pos_product_visibility","name":"Vizibilitate produse \u00een POS"},"pa_ambalaj":{"linked":["<a href=\"https:\/\/penosil.com\/ro\/?taxonomy=pa_ambalaj&#038;term=365-ml\" class=\"advgb-post-tax-term\">365 ml<\/a>"],"unlinked":["<span class=\"advgb-post-tax-term\">365 ml<\/span>"],"slug":"pa_ambalaj","name":"Product AMBALAJ"},"pa_culoare":{"linked":["<a href=\"https:\/\/penosil.com\/ro\/?taxonomy=pa_culoare&#038;term=galben-deschis\" class=\"advgb-post-tax-term\">Galben deschis<\/a>"],"unlinked":["<span class=\"advgb-post-tax-term\">Galben deschis<\/span>"],"slug":"pa_culoare","name":"Product CULOARE"},"pa_ean":{"linked":[],"unlinked":[],"slug":"pa_ean","name":"Product EAN"},"pa_latime-banda":{"linked":[],"unlinked":[],"slug":"pa_latime-banda","name":"Product L\u0102\u021aIME BAND\u0102"},"pa_latime-rost":{"linked":[],"unlinked":[],"slug":"pa_latime-rost","name":"Product L\u0102\u021aIME ROST"},"translation_priority":{"linked":["<a href=\"https:\/\/penosil.com\/ro\/?taxonomy=translation_priority&#038;term=optional-ro\" class=\"advgb-post-tax-term\">Optional<\/a>"],"unlinked":["<span class=\"advgb-post-tax-term\">Optional<\/span>"],"slug":"translation_priority","name":"Translation Priorities"}},"series_order":"","_links":{"self":[{"href":"https:\/\/penosil.com\/ro\/wp-json\/wp\/v2\/product\/11001","targetHints":{"allow":["GET"]}}],"collection":[{"href":"https:\/\/penosil.com\/ro\/wp-json\/wp\/v2\/product"}],"about":[{"href":"https:\/\/penosil.com\/ro\/wp-json\/wp\/v2\/types\/product"}],"version-history":[{"count":3,"href":"https:\/\/penosil.com\/ro\/wp-json\/wp\/v2\/product\/11001\/revisions"}],"predecessor-version":[{"id":11711,"href":"https:\/\/penosil.com\/ro\/wp-json\/wp\/v2\/product\/11001\/revisions\/11711"}],"wp:featuredmedia":[{"embeddable":true,"href":"https:\/\/penosil.com\/ro\/wp-json\/wp\/v2\/media\/11002"}],"wp:attachment":[{"href":"https:\/\/penosil.com\/ro\/wp-json\/wp\/v2\/media?parent=11001"}],"wp:term":[{"taxonomy":"product_brand","embeddable":true,"href":"https:\/\/penosil.com\/ro\/wp-json\/wp\/v2\/product_brand?post=11001"},{"taxonomy":"product_cat","embeddable":true,"href":"https:\/\/penosil.com\/ro\/wp-json\/wp\/v2\/product_cat?post=11001"},{"taxonomy":"product_tag","embeddable":true,"href":"https:\/\/penosil.com\/ro\/wp-json\/wp\/v2\/product_tag?post=11001"}],"curies":[{"name":"wp","href":"https:\/\/api.w.org\/{rel}","templated":true}]}}