{"id":11089,"date":"2024-09-03T13:57:55","date_gmt":"2024-09-03T13:57:55","guid":{"rendered":"https:\/\/penosil.com\/ro\/?post_type=product&#038;p=11089"},"modified":"2026-04-15T11:00:21","modified_gmt":"2026-04-15T11:00:21","slug":"fast-foam-adhesive-888-spuma-adeziva-ultrarapida","status":"publish","type":"product","link":"https:\/\/penosil.com\/ro\/produse\/fast-foam-adhesive-888-spuma-adeziva-ultrarapida\/","title":{"rendered":"Fast Foam Adhesive 888"},"content":{"rendered":"<p>Spum\u0103 adeziv\u0103 utrarapid\u0103 multifunc\u021bional\u0103 cu putere mare de lipire. Potrivit\u0103 pentru lucr\u0103ri de interior \u0219i exterior. Are aderen\u021b\u0103 bun\u0103 la majoritatea materialelor de construc\u021bii\u00a0 precum lemn, beton, piatr\u0103, gips-carton etc.<\/p>\n","protected":false},"excerpt":{"rendered":"Spum\u0103 adeziv\u0103 utrarapid\u0103 multifunc\u021bional\u0103 cu putere mare de lipire. Potrivit\u0103 pentru lucr\u0103ri de interior \u0219i exterior. Are aderen\u021b\u0103 bun\u0103 la majoritatea materialelor de construc\u021bii\u00a0 precum lemn, beton, piatr\u0103, gips-carton etc.","protected":false},"author":242,"featured_media":11090,"template":"","meta":{"_acf_changed":false,"advgb_blocks_editor_width":"","advgb_blocks_columns_visual_guide":"","footnotes":""},"product_brand":[],"product_cat":[338,1373,1449,1392,352],"product_tag":[2333,2334,2332],"class_list":{"0":"post-11089","1":"product","2":"type-product","3":"status-publish","4":"has-post-thumbnail","6":"product_cat-categorii","7":"product_cat-game-de-produse","8":"product_cat-adezivi-spuma","9":"product_cat-adezivi","10":"product_cat-lipire","11":"product_tag-adeziv-multifunctional","12":"product_tag-spuma-adeziva-rapida","13":"product_tag-spuma-adeziva","15":"first","16":"instock","17":"taxable","18":"shipping-taxable","19":"purchasable","20":"product-type-simple"},"acf":[],"yoast_head":"<!-- This site is optimized with the Yoast SEO plugin v27.2 - https:\/\/yoast.com\/product\/yoast-seo-wordpress\/ -->\n<title>Fast Foam Adhesive 888 spum\u0103 adeziv\u0103 ultrarapid\u0103<\/title>\n<meta name=\"description\" content=\"Spum\u0103 adeziv\u0103 ultrarapid\u0103, putere mare de lipire. Aderen\u021b\u0103 bun\u0103 la majoritatea materialelor de construc\u021bii. Afl\u0103 toate beneficiile pe site.\u00a0\" \/>\n<meta name=\"robots\" content=\"index, follow, max-snippet:-1, max-image-preview:large, max-video-preview:-1\" \/>\n<link rel=\"canonical\" href=\"https:\/\/penosil.com\/ro\/produse\/fast-foam-adhesive-888-spuma-adeziva-ultrarapida\/\" \/>\n<meta property=\"og:locale\" content=\"ro_RO\" \/>\n<meta property=\"og:type\" content=\"article\" \/>\n<meta property=\"og:title\" content=\"Fast Foam Adhesive 888 spum\u0103 adeziv\u0103 ultrarapid\u0103\" \/>\n<meta property=\"og:description\" content=\"Spum\u0103 adeziv\u0103 ultrarapid\u0103, putere mare de lipire. Aderen\u021b\u0103 bun\u0103 la majoritatea materialelor de construc\u021bii. Afl\u0103 toate beneficiile pe site.\u00a0\" \/>\n<meta property=\"og:url\" content=\"https:\/\/penosil.com\/ro\/produse\/fast-foam-adhesive-888-spuma-adeziva-ultrarapida\/\" \/>\n<meta property=\"og:site_name\" content=\"Penosil Romania\" \/>\n<meta property=\"article:modified_time\" content=\"2026-04-15T11:00:21+00:00\" \/>\n<meta property=\"og:image\" content=\"https:\/\/penosil.com\/ro\/wp-content\/uploads\/sites\/8\/2024\/09\/888_Fast_Foam_Adhesive_888.png\" \/>\n\t<meta property=\"og:image:width\" content=\"523\" \/>\n\t<meta property=\"og:image:height\" content=\"1080\" \/>\n\t<meta property=\"og:image:type\" content=\"image\/png\" \/>\n<meta name=\"twitter:card\" content=\"summary_large_image\" \/>\n<meta name=\"twitter:label1\" content=\"Timp estimat pentru citire\" \/>\n\t<meta name=\"twitter:data1\" content=\"6 minute\" \/>\n<script type=\"application\/ld+json\" class=\"yoast-schema-graph\">{\"@context\":\"https:\/\/schema.org\",\"@graph\":[{\"@type\":\"WebPage\",\"@id\":\"https:\/\/penosil.com\/ro\/produse\/fast-foam-adhesive-888-spuma-adeziva-ultrarapida\/\",\"url\":\"https:\/\/penosil.com\/ro\/produse\/fast-foam-adhesive-888-spuma-adeziva-ultrarapida\/\",\"name\":\"Fast Foam Adhesive 888 spum\u0103 adeziv\u0103 ultrarapid\u0103\",\"isPartOf\":{\"@id\":\"https:\/\/penosil.com\/ro\/#website\"},\"primaryImageOfPage\":{\"@id\":\"https:\/\/penosil.com\/ro\/produse\/fast-foam-adhesive-888-spuma-adeziva-ultrarapida\/#primaryimage\"},\"image\":{\"@id\":\"https:\/\/penosil.com\/ro\/produse\/fast-foam-adhesive-888-spuma-adeziva-ultrarapida\/#primaryimage\"},\"thumbnailUrl\":\"https:\/\/penosil.com\/ro\/wp-content\/uploads\/sites\/8\/2024\/09\/888_Fast_Foam_Adhesive_888.png\",\"datePublished\":\"2024-09-03T13:57:55+00:00\",\"dateModified\":\"2026-04-15T11:00:21+00:00\",\"description\":\"Spum\u0103 adeziv\u0103 ultrarapid\u0103, putere mare de lipire. Aderen\u021b\u0103 bun\u0103 la majoritatea materialelor de construc\u021bii. Afl\u0103 toate beneficiile pe site.\u00a0\",\"breadcrumb\":{\"@id\":\"https:\/\/penosil.com\/ro\/produse\/fast-foam-adhesive-888-spuma-adeziva-ultrarapida\/#breadcrumb\"},\"inLanguage\":\"ro-RO\",\"potentialAction\":[{\"@type\":\"ReadAction\",\"target\":[\"https:\/\/penosil.com\/ro\/produse\/fast-foam-adhesive-888-spuma-adeziva-ultrarapida\/\"]}]},{\"@type\":\"ImageObject\",\"inLanguage\":\"ro-RO\",\"@id\":\"https:\/\/penosil.com\/ro\/produse\/fast-foam-adhesive-888-spuma-adeziva-ultrarapida\/#primaryimage\",\"url\":\"https:\/\/penosil.com\/ro\/wp-content\/uploads\/sites\/8\/2024\/09\/888_Fast_Foam_Adhesive_888.png\",\"contentUrl\":\"https:\/\/penosil.com\/ro\/wp-content\/uploads\/sites\/8\/2024\/09\/888_Fast_Foam_Adhesive_888.png\",\"width\":523,\"height\":1080,\"caption\":\"PENOSIL Fast Foam Adhesive 888 spum\u0103 adeziv\u0103 ultrarapid\u0103\"},{\"@type\":\"BreadcrumbList\",\"@id\":\"https:\/\/penosil.com\/ro\/produse\/fast-foam-adhesive-888-spuma-adeziva-ultrarapida\/#breadcrumb\",\"itemListElement\":[{\"@type\":\"ListItem\",\"position\":1,\"name\":\"Prima pagin\u0103\",\"item\":\"https:\/\/penosil.com\/ro\/\"},{\"@type\":\"ListItem\",\"position\":2,\"name\":\"Produse\",\"item\":\"https:\/\/penosil.com\/ro\/etansanti\/\"},{\"@type\":\"ListItem\",\"position\":3,\"name\":\"Fast Foam Adhesive 888\"}]},{\"@type\":\"WebSite\",\"@id\":\"https:\/\/penosil.com\/ro\/#website\",\"url\":\"https:\/\/penosil.com\/ro\/\",\"name\":\"Penosil Romania\",\"description\":\"\",\"potentialAction\":[{\"@type\":\"SearchAction\",\"target\":{\"@type\":\"EntryPoint\",\"urlTemplate\":\"https:\/\/penosil.com\/ro\/?s={search_term_string}\"},\"query-input\":{\"@type\":\"PropertyValueSpecification\",\"valueRequired\":true,\"valueName\":\"search_term_string\"}}],\"inLanguage\":\"ro-RO\"}]}<\/script>\n<!-- \/ Yoast SEO plugin. -->","yoast_head_json":{"title":"Fast Foam Adhesive 888 spum\u0103 adeziv\u0103 ultrarapid\u0103","description":"Spum\u0103 adeziv\u0103 ultrarapid\u0103, putere mare de lipire. Aderen\u021b\u0103 bun\u0103 la majoritatea materialelor de construc\u021bii. Afl\u0103 toate beneficiile pe site.\u00a0","robots":{"index":"index","follow":"follow","max-snippet":"max-snippet:-1","max-image-preview":"max-image-preview:large","max-video-preview":"max-video-preview:-1"},"canonical":"https:\/\/penosil.com\/ro\/produse\/fast-foam-adhesive-888-spuma-adeziva-ultrarapida\/","og_locale":"ro_RO","og_type":"article","og_title":"Fast Foam Adhesive 888 spum\u0103 adeziv\u0103 ultrarapid\u0103","og_description":"Spum\u0103 adeziv\u0103 ultrarapid\u0103, putere mare de lipire. Aderen\u021b\u0103 bun\u0103 la majoritatea materialelor de construc\u021bii. Afl\u0103 toate beneficiile pe site.\u00a0","og_url":"https:\/\/penosil.com\/ro\/produse\/fast-foam-adhesive-888-spuma-adeziva-ultrarapida\/","og_site_name":"Penosil Romania","article_modified_time":"2026-04-15T11:00:21+00:00","og_image":[{"width":523,"height":1080,"url":"https:\/\/penosil.com\/ro\/wp-content\/uploads\/sites\/8\/2024\/09\/888_Fast_Foam_Adhesive_888.png","type":"image\/png"}],"twitter_card":"summary_large_image","twitter_misc":{"Timp estimat pentru citire":"6 minute"},"schema":{"@context":"https:\/\/schema.org","@graph":[{"@type":"WebPage","@id":"https:\/\/penosil.com\/ro\/produse\/fast-foam-adhesive-888-spuma-adeziva-ultrarapida\/","url":"https:\/\/penosil.com\/ro\/produse\/fast-foam-adhesive-888-spuma-adeziva-ultrarapida\/","name":"Fast Foam Adhesive 888 spum\u0103 adeziv\u0103 ultrarapid\u0103","isPartOf":{"@id":"https:\/\/penosil.com\/ro\/#website"},"primaryImageOfPage":{"@id":"https:\/\/penosil.com\/ro\/produse\/fast-foam-adhesive-888-spuma-adeziva-ultrarapida\/#primaryimage"},"image":{"@id":"https:\/\/penosil.com\/ro\/produse\/fast-foam-adhesive-888-spuma-adeziva-ultrarapida\/#primaryimage"},"thumbnailUrl":"https:\/\/penosil.com\/ro\/wp-content\/uploads\/sites\/8\/2024\/09\/888_Fast_Foam_Adhesive_888.png","datePublished":"2024-09-03T13:57:55+00:00","dateModified":"2026-04-15T11:00:21+00:00","description":"Spum\u0103 adeziv\u0103 ultrarapid\u0103, putere mare de lipire. Aderen\u021b\u0103 bun\u0103 la majoritatea materialelor de construc\u021bii. Afl\u0103 toate beneficiile pe site.\u00a0","breadcrumb":{"@id":"https:\/\/penosil.com\/ro\/produse\/fast-foam-adhesive-888-spuma-adeziva-ultrarapida\/#breadcrumb"},"inLanguage":"ro-RO","potentialAction":[{"@type":"ReadAction","target":["https:\/\/penosil.com\/ro\/produse\/fast-foam-adhesive-888-spuma-adeziva-ultrarapida\/"]}]},{"@type":"ImageObject","inLanguage":"ro-RO","@id":"https:\/\/penosil.com\/ro\/produse\/fast-foam-adhesive-888-spuma-adeziva-ultrarapida\/#primaryimage","url":"https:\/\/penosil.com\/ro\/wp-content\/uploads\/sites\/8\/2024\/09\/888_Fast_Foam_Adhesive_888.png","contentUrl":"https:\/\/penosil.com\/ro\/wp-content\/uploads\/sites\/8\/2024\/09\/888_Fast_Foam_Adhesive_888.png","width":523,"height":1080,"caption":"PENOSIL Fast Foam Adhesive 888 spum\u0103 adeziv\u0103 ultrarapid\u0103"},{"@type":"BreadcrumbList","@id":"https:\/\/penosil.com\/ro\/produse\/fast-foam-adhesive-888-spuma-adeziva-ultrarapida\/#breadcrumb","itemListElement":[{"@type":"ListItem","position":1,"name":"Prima pagin\u0103","item":"https:\/\/penosil.com\/ro\/"},{"@type":"ListItem","position":2,"name":"Produse","item":"https:\/\/penosil.com\/ro\/etansanti\/"},{"@type":"ListItem","position":3,"name":"Fast Foam Adhesive 888"}]},{"@type":"WebSite","@id":"https:\/\/penosil.com\/ro\/#website","url":"https:\/\/penosil.com\/ro\/","name":"Penosil Romania","description":"","potentialAction":[{"@type":"SearchAction","target":{"@type":"EntryPoint","urlTemplate":"https:\/\/penosil.com\/ro\/?s={search_term_string}"},"query-input":{"@type":"PropertyValueSpecification","valueRequired":true,"valueName":"search_term_string"}}],"inLanguage":"ro-RO"}]}},"featured_img":"https:\/\/penosil.com\/ro\/wp-content\/uploads\/sites\/8\/2024\/09\/888_Fast_Foam_Adhesive_888.png","coauthors":[],"author_meta":{"author_link":"https:\/\/penosil.com\/ro\/author\/sorina\/","display_name":"sorina"},"relative_dates":{"created":"Posted 2 ani ago","modified":"Updated 10 ore ago"},"absolute_dates":{"created":"Posted on 3 septembrie 2024","modified":"Updated on 15 aprilie 2026"},"absolute_dates_time":{"created":"Posted on 3 septembrie 2024 13:57","modified":"Updated on 15 aprilie 2026 11:00"},"featured_img_caption":"","tax_additional":{"product_brand":{"linked":[],"unlinked":[],"slug":"product_brand","name":"Branduri"},"product_type":{"linked":["<a href=\"https:\/\/penosil.com\/ro\/?taxonomy=product_type&#038;term=simple\" class=\"advgb-post-tax-term\">simple<\/a>"],"unlinked":["<span class=\"advgb-post-tax-term\">simple<\/span>"],"slug":"product_type","name":"Tip de produs"},"product_visibility":{"linked":[],"unlinked":[],"slug":"product_visibility","name":"Vizibilitate produs"},"product_cat":{"linked":["<a href=\"https:\/\/penosil.com\/ro\/categorie-produs\/categorii\/\" class=\"advgb-post-tax-term\">Categorii<\/a>","<a href=\"https:\/\/penosil.com\/ro\/categorie-produs\/game-de-produse\/\" class=\"advgb-post-tax-term\">Game de produse<\/a>","<a href=\"https:\/\/penosil.com\/ro\/categorie-produs\/game-de-produse\/adezivi\/adezivi-spuma\/\" class=\"advgb-post-tax-term\">Adezivi spum\u0103<\/a>","<a href=\"https:\/\/penosil.com\/ro\/categorie-produs\/game-de-produse\/adezivi\/\" class=\"advgb-post-tax-term\">Adezivi<\/a>","<a href=\"https:\/\/penosil.com\/ro\/categorie-produs\/categorii\/lipire\/\" class=\"advgb-post-tax-term\">Adezivi<\/a>"],"unlinked":["<span class=\"advgb-post-tax-term\">Categorii<\/span>","<span class=\"advgb-post-tax-term\">Game de produse<\/span>","<span class=\"advgb-post-tax-term\">Adezivi spum\u0103<\/span>","<span class=\"advgb-post-tax-term\">Adezivi<\/span>","<span class=\"advgb-post-tax-term\">Adezivi<\/span>"],"slug":"product_cat","name":"Categorii de produse"},"product_tag":{"linked":["<a href=\"https:\/\/penosil.com\/ro\/eticheta-produs\/adeziv-multifunctional\/\" class=\"advgb-post-tax-term\">adeziv multifunctional<\/a>","<a href=\"https:\/\/penosil.com\/ro\/eticheta-produs\/spuma-adeziva-rapida\/\" class=\"advgb-post-tax-term\">spuma adeziva rapida<\/a>","<a href=\"https:\/\/penosil.com\/ro\/eticheta-produs\/spuma-adeziva\/\" class=\"advgb-post-tax-term\">spuma adeziva<\/a>"],"unlinked":["<span class=\"advgb-post-tax-term\">adeziv multifunctional<\/span>","<span class=\"advgb-post-tax-term\">spuma adeziva rapida<\/span>","<span class=\"advgb-post-tax-term\">spuma adeziva<\/span>"],"slug":"product_tag","name":"Etichete produs"},"product_shipping_class":{"linked":[],"unlinked":[],"slug":"product_shipping_class","name":"Clase de livrare produse"},"pos_product_visibility":{"linked":[],"unlinked":[],"slug":"pos_product_visibility","name":"Vizibilitate produse \u00een POS"},"pa_ambalaj":{"linked":[],"unlinked":[],"slug":"pa_ambalaj","name":"Product AMBALAJ"},"pa_culoare":{"linked":["<a href=\"https:\/\/penosil.com\/ro\/?taxonomy=pa_culoare&#038;term=albastru\" class=\"advgb-post-tax-term\">Albastru<\/a>"],"unlinked":["<span class=\"advgb-post-tax-term\">Albastru<\/span>"],"slug":"pa_culoare","name":"Product CULOARE"},"pa_ean":{"linked":[],"unlinked":[],"slug":"pa_ean","name":"Product EAN"},"pa_latime-banda":{"linked":[],"unlinked":[],"slug":"pa_latime-banda","name":"Product L\u0102\u021aIME BAND\u0102"},"pa_latime-rost":{"linked":[],"unlinked":[],"slug":"pa_latime-rost","name":"Product L\u0102\u021aIME ROST"},"translation_priority":{"linked":["<a href=\"https:\/\/penosil.com\/ro\/?taxonomy=translation_priority&#038;term=optional-ro\" class=\"advgb-post-tax-term\">Optional<\/a>"],"unlinked":["<span class=\"advgb-post-tax-term\">Optional<\/span>"],"slug":"translation_priority","name":"Translation Priorities"}},"series_order":"","_links":{"self":[{"href":"https:\/\/penosil.com\/ro\/wp-json\/wp\/v2\/product\/11089","targetHints":{"allow":["GET"]}}],"collection":[{"href":"https:\/\/penosil.com\/ro\/wp-json\/wp\/v2\/product"}],"about":[{"href":"https:\/\/penosil.com\/ro\/wp-json\/wp\/v2\/types\/product"}],"version-history":[{"count":8,"href":"https:\/\/penosil.com\/ro\/wp-json\/wp\/v2\/product\/11089\/revisions"}],"predecessor-version":[{"id":11674,"href":"https:\/\/penosil.com\/ro\/wp-json\/wp\/v2\/product\/11089\/revisions\/11674"}],"wp:featuredmedia":[{"embeddable":true,"href":"https:\/\/penosil.com\/ro\/wp-json\/wp\/v2\/media\/11090"}],"wp:attachment":[{"href":"https:\/\/penosil.com\/ro\/wp-json\/wp\/v2\/media?parent=11089"}],"wp:term":[{"taxonomy":"product_brand","embeddable":true,"href":"https:\/\/penosil.com\/ro\/wp-json\/wp\/v2\/product_brand?post=11089"},{"taxonomy":"product_cat","embeddable":true,"href":"https:\/\/penosil.com\/ro\/wp-json\/wp\/v2\/product_cat?post=11089"},{"taxonomy":"product_tag","embeddable":true,"href":"https:\/\/penosil.com\/ro\/wp-json\/wp\/v2\/product_tag?post=11089"}],"curies":[{"name":"wp","href":"https:\/\/api.w.org\/{rel}","templated":true}]}}