{"id":11670,"date":"2025-04-29T09:44:56","date_gmt":"2025-04-29T09:44:56","guid":{"rendered":"https:\/\/penosil.com\/ro\/?post_type=product&#038;p=11670"},"modified":"2026-04-15T23:00:23","modified_gmt":"2026-04-15T23:00:23","slug":"fastfoam-123-spuma-pistol-intarire-rapida","status":"publish","type":"product","link":"https:\/\/penosil.com\/ro\/produse\/fastfoam-123-spuma-pistol-intarire-rapida\/","title":{"rendered":"FastFoam 123"},"content":{"rendered":"<p>PENOSIL FastFoam 123 este o spum\u0103 poliuretanic\u0103 pentru pistol cu \u00eent\u0103rire foarte rapid\u0103 \u0219i randament ridicat pentru instalarea ferestrelor \u0219i u\u0219ilor.<\/p>\n","protected":false},"excerpt":{"rendered":"PENOSIL FastFoam 123 este o spum\u0103 poliuretanic\u0103 pentru pistol cu \u00eent\u0103rire foarte rapid\u0103 \u0219i randament ridicat pentru instalarea ferestrelor \u0219i u\u0219ilor.","protected":false},"author":242,"featured_media":11680,"template":"","meta":{"_acf_changed":false,"advgb_blocks_editor_width":"","advgb_blocks_columns_visual_guide":"","footnotes":""},"product_brand":[],"product_cat":[1544,2223,1297],"product_tag":[2341,2342,2343,2344,2345],"class_list":{"0":"post-11670","1":"product","2":"type-product","3":"status-publish","4":"has-post-thumbnail","6":"product_cat-spume-de-pistol","7":"product_cat-produse-noi","8":"product_cat-usi-si-ferestre","9":"product_tag-spuma-montaj","10":"product_tag-montaj-ferestre","11":"product_tag-spuma-rapida","12":"product_tag-spuma-de-pistol","13":"product_tag-spuma-ultrarapida","15":"first","16":"instock","17":"taxable","18":"shipping-taxable","19":"purchasable","20":"product-type-simple"},"acf":[],"yoast_head":"<!-- This site is optimized with the Yoast SEO plugin v27.2 - https:\/\/yoast.com\/product\/yoast-seo-wordpress\/ -->\n<title>Penosil FastFoam 123 - Spum\u0103 Pistol \u00cent\u0103rire Rapid\u0103 (15 min)<\/title>\n<meta name=\"description\" content=\"Cumperi Penosil FastFoam 123: spum\u0103 poliuretanic\u0103 de pistol gata de t\u0103iere \u00een doar 15 minute. Ideal\u0103 pentru montaj ferestre \u0219i u\u0219i. Randament mare \u0219i izolare de 62 dB\" \/>\n<meta name=\"robots\" content=\"index, follow, max-snippet:-1, max-image-preview:large, max-video-preview:-1\" \/>\n<link rel=\"canonical\" href=\"https:\/\/penosil.com\/ro\/produse\/fastfoam-123-spuma-pistol-intarire-rapida\/\" \/>\n<meta property=\"og:locale\" content=\"ro_RO\" \/>\n<meta property=\"og:type\" content=\"article\" \/>\n<meta property=\"og:title\" content=\"Penosil FastFoam 123 - Spum\u0103 Pistol \u00cent\u0103rire Rapid\u0103 (15 min)\" \/>\n<meta property=\"og:description\" content=\"Cumperi Penosil FastFoam 123: spum\u0103 poliuretanic\u0103 de pistol gata de t\u0103iere \u00een doar 15 minute. Ideal\u0103 pentru montaj ferestre \u0219i u\u0219i. Randament mare \u0219i izolare de 62 dB\" \/>\n<meta property=\"og:url\" content=\"https:\/\/penosil.com\/ro\/produse\/fastfoam-123-spuma-pistol-intarire-rapida\/\" \/>\n<meta property=\"og:site_name\" content=\"Penosil Romania\" \/>\n<meta property=\"article:modified_time\" content=\"2026-04-15T23:00:23+00:00\" \/>\n<meta property=\"og:image\" content=\"https:\/\/penosil.com\/ro\/wp-content\/uploads\/sites\/8\/2025\/04\/123_FastFoam_123_870ml_RO.png\" \/>\n\t<meta property=\"og:image:width\" content=\"523\" \/>\n\t<meta property=\"og:image:height\" content=\"1080\" \/>\n\t<meta property=\"og:image:type\" content=\"image\/png\" \/>\n<meta name=\"twitter:card\" content=\"summary_large_image\" \/>\n<meta name=\"twitter:label1\" content=\"Timp estimat pentru citire\" \/>\n\t<meta name=\"twitter:data1\" content=\"3 minute\" \/>\n<script type=\"application\/ld+json\" class=\"yoast-schema-graph\">{\"@context\":\"https:\/\/schema.org\",\"@graph\":[{\"@type\":\"WebPage\",\"@id\":\"https:\/\/penosil.com\/ro\/produse\/fastfoam-123-spuma-pistol-intarire-rapida\/\",\"url\":\"https:\/\/penosil.com\/ro\/produse\/fastfoam-123-spuma-pistol-intarire-rapida\/\",\"name\":\"Penosil FastFoam 123 - Spum\u0103 Pistol \u00cent\u0103rire Rapid\u0103 (15 min)\",\"isPartOf\":{\"@id\":\"https:\/\/penosil.com\/ro\/#website\"},\"primaryImageOfPage\":{\"@id\":\"https:\/\/penosil.com\/ro\/produse\/fastfoam-123-spuma-pistol-intarire-rapida\/#primaryimage\"},\"image\":{\"@id\":\"https:\/\/penosil.com\/ro\/produse\/fastfoam-123-spuma-pistol-intarire-rapida\/#primaryimage\"},\"thumbnailUrl\":\"https:\/\/penosil.com\/ro\/wp-content\/uploads\/sites\/8\/2025\/04\/123_FastFoam_123_870ml_RO.png\",\"datePublished\":\"2025-04-29T09:44:56+00:00\",\"dateModified\":\"2026-04-15T23:00:23+00:00\",\"description\":\"Cumperi Penosil FastFoam 123: spum\u0103 poliuretanic\u0103 de pistol gata de t\u0103iere \u00een doar 15 minute. Ideal\u0103 pentru montaj ferestre \u0219i u\u0219i. Randament mare \u0219i izolare de 62 dB\",\"breadcrumb\":{\"@id\":\"https:\/\/penosil.com\/ro\/produse\/fastfoam-123-spuma-pistol-intarire-rapida\/#breadcrumb\"},\"inLanguage\":\"ro-RO\",\"potentialAction\":[{\"@type\":\"ReadAction\",\"target\":[\"https:\/\/penosil.com\/ro\/produse\/fastfoam-123-spuma-pistol-intarire-rapida\/\"]}]},{\"@type\":\"ImageObject\",\"inLanguage\":\"ro-RO\",\"@id\":\"https:\/\/penosil.com\/ro\/produse\/fastfoam-123-spuma-pistol-intarire-rapida\/#primaryimage\",\"url\":\"https:\/\/penosil.com\/ro\/wp-content\/uploads\/sites\/8\/2025\/04\/123_FastFoam_123_870ml_RO.png\",\"contentUrl\":\"https:\/\/penosil.com\/ro\/wp-content\/uploads\/sites\/8\/2025\/04\/123_FastFoam_123_870ml_RO.png\",\"width\":523,\"height\":1080,\"caption\":\"PENOSIL FastFoam 123 spum\u0103 de pistol cu \u00eent\u0103rire rapid\u0103 pentru montarea ferestrelor \u0219i u\u0219ilor\"},{\"@type\":\"BreadcrumbList\",\"@id\":\"https:\/\/penosil.com\/ro\/produse\/fastfoam-123-spuma-pistol-intarire-rapida\/#breadcrumb\",\"itemListElement\":[{\"@type\":\"ListItem\",\"position\":1,\"name\":\"Prima pagin\u0103\",\"item\":\"https:\/\/penosil.com\/ro\/\"},{\"@type\":\"ListItem\",\"position\":2,\"name\":\"Produse\",\"item\":\"https:\/\/penosil.com\/ro\/etansanti\/\"},{\"@type\":\"ListItem\",\"position\":3,\"name\":\"FastFoam 123\"}]},{\"@type\":\"WebSite\",\"@id\":\"https:\/\/penosil.com\/ro\/#website\",\"url\":\"https:\/\/penosil.com\/ro\/\",\"name\":\"Penosil Romania\",\"description\":\"\",\"potentialAction\":[{\"@type\":\"SearchAction\",\"target\":{\"@type\":\"EntryPoint\",\"urlTemplate\":\"https:\/\/penosil.com\/ro\/?s={search_term_string}\"},\"query-input\":{\"@type\":\"PropertyValueSpecification\",\"valueRequired\":true,\"valueName\":\"search_term_string\"}}],\"inLanguage\":\"ro-RO\"}]}<\/script>\n<!-- \/ Yoast SEO plugin. -->","yoast_head_json":{"title":"Penosil FastFoam 123 - Spum\u0103 Pistol \u00cent\u0103rire Rapid\u0103 (15 min)","description":"Cumperi Penosil FastFoam 123: spum\u0103 poliuretanic\u0103 de pistol gata de t\u0103iere \u00een doar 15 minute. Ideal\u0103 pentru montaj ferestre \u0219i u\u0219i. Randament mare \u0219i izolare de 62 dB","robots":{"index":"index","follow":"follow","max-snippet":"max-snippet:-1","max-image-preview":"max-image-preview:large","max-video-preview":"max-video-preview:-1"},"canonical":"https:\/\/penosil.com\/ro\/produse\/fastfoam-123-spuma-pistol-intarire-rapida\/","og_locale":"ro_RO","og_type":"article","og_title":"Penosil FastFoam 123 - Spum\u0103 Pistol \u00cent\u0103rire Rapid\u0103 (15 min)","og_description":"Cumperi Penosil FastFoam 123: spum\u0103 poliuretanic\u0103 de pistol gata de t\u0103iere \u00een doar 15 minute. Ideal\u0103 pentru montaj ferestre \u0219i u\u0219i. Randament mare \u0219i izolare de 62 dB","og_url":"https:\/\/penosil.com\/ro\/produse\/fastfoam-123-spuma-pistol-intarire-rapida\/","og_site_name":"Penosil Romania","article_modified_time":"2026-04-15T23:00:23+00:00","og_image":[{"width":523,"height":1080,"url":"https:\/\/penosil.com\/ro\/wp-content\/uploads\/sites\/8\/2025\/04\/123_FastFoam_123_870ml_RO.png","type":"image\/png"}],"twitter_card":"summary_large_image","twitter_misc":{"Timp estimat pentru citire":"3 minute"},"schema":{"@context":"https:\/\/schema.org","@graph":[{"@type":"WebPage","@id":"https:\/\/penosil.com\/ro\/produse\/fastfoam-123-spuma-pistol-intarire-rapida\/","url":"https:\/\/penosil.com\/ro\/produse\/fastfoam-123-spuma-pistol-intarire-rapida\/","name":"Penosil FastFoam 123 - Spum\u0103 Pistol \u00cent\u0103rire Rapid\u0103 (15 min)","isPartOf":{"@id":"https:\/\/penosil.com\/ro\/#website"},"primaryImageOfPage":{"@id":"https:\/\/penosil.com\/ro\/produse\/fastfoam-123-spuma-pistol-intarire-rapida\/#primaryimage"},"image":{"@id":"https:\/\/penosil.com\/ro\/produse\/fastfoam-123-spuma-pistol-intarire-rapida\/#primaryimage"},"thumbnailUrl":"https:\/\/penosil.com\/ro\/wp-content\/uploads\/sites\/8\/2025\/04\/123_FastFoam_123_870ml_RO.png","datePublished":"2025-04-29T09:44:56+00:00","dateModified":"2026-04-15T23:00:23+00:00","description":"Cumperi Penosil FastFoam 123: spum\u0103 poliuretanic\u0103 de pistol gata de t\u0103iere \u00een doar 15 minute. Ideal\u0103 pentru montaj ferestre \u0219i u\u0219i. Randament mare \u0219i izolare de 62 dB","breadcrumb":{"@id":"https:\/\/penosil.com\/ro\/produse\/fastfoam-123-spuma-pistol-intarire-rapida\/#breadcrumb"},"inLanguage":"ro-RO","potentialAction":[{"@type":"ReadAction","target":["https:\/\/penosil.com\/ro\/produse\/fastfoam-123-spuma-pistol-intarire-rapida\/"]}]},{"@type":"ImageObject","inLanguage":"ro-RO","@id":"https:\/\/penosil.com\/ro\/produse\/fastfoam-123-spuma-pistol-intarire-rapida\/#primaryimage","url":"https:\/\/penosil.com\/ro\/wp-content\/uploads\/sites\/8\/2025\/04\/123_FastFoam_123_870ml_RO.png","contentUrl":"https:\/\/penosil.com\/ro\/wp-content\/uploads\/sites\/8\/2025\/04\/123_FastFoam_123_870ml_RO.png","width":523,"height":1080,"caption":"PENOSIL FastFoam 123 spum\u0103 de pistol cu \u00eent\u0103rire rapid\u0103 pentru montarea ferestrelor \u0219i u\u0219ilor"},{"@type":"BreadcrumbList","@id":"https:\/\/penosil.com\/ro\/produse\/fastfoam-123-spuma-pistol-intarire-rapida\/#breadcrumb","itemListElement":[{"@type":"ListItem","position":1,"name":"Prima pagin\u0103","item":"https:\/\/penosil.com\/ro\/"},{"@type":"ListItem","position":2,"name":"Produse","item":"https:\/\/penosil.com\/ro\/etansanti\/"},{"@type":"ListItem","position":3,"name":"FastFoam 123"}]},{"@type":"WebSite","@id":"https:\/\/penosil.com\/ro\/#website","url":"https:\/\/penosil.com\/ro\/","name":"Penosil Romania","description":"","potentialAction":[{"@type":"SearchAction","target":{"@type":"EntryPoint","urlTemplate":"https:\/\/penosil.com\/ro\/?s={search_term_string}"},"query-input":{"@type":"PropertyValueSpecification","valueRequired":true,"valueName":"search_term_string"}}],"inLanguage":"ro-RO"}]}},"featured_img":"https:\/\/penosil.com\/ro\/wp-content\/uploads\/sites\/8\/2025\/04\/123_FastFoam_123_870ml_RO.png","coauthors":[],"author_meta":{"author_link":"https:\/\/penosil.com\/ro\/author\/sorina\/","display_name":"sorina"},"relative_dates":{"created":"Posted 12 luni ago","modified":"Updated 11 ore ago"},"absolute_dates":{"created":"Posted on 29 aprilie 2025","modified":"Updated on 15 aprilie 2026"},"absolute_dates_time":{"created":"Posted on 29 aprilie 2025 9:44","modified":"Updated on 15 aprilie 2026 23:00"},"featured_img_caption":"","tax_additional":{"product_brand":{"linked":[],"unlinked":[],"slug":"product_brand","name":"Branduri"},"product_type":{"linked":["<a href=\"https:\/\/penosil.com\/ro\/?taxonomy=product_type&#038;term=simple\" class=\"advgb-post-tax-term\">simple<\/a>"],"unlinked":["<span class=\"advgb-post-tax-term\">simple<\/span>"],"slug":"product_type","name":"Tip de produs"},"product_visibility":{"linked":[],"unlinked":[],"slug":"product_visibility","name":"Vizibilitate produs"},"product_cat":{"linked":["<a href=\"https:\/\/penosil.com\/ro\/categorie-produs\/game-de-produse\/spume-de-constructie\/spume-de-pistol\/\" class=\"advgb-post-tax-term\">Spume de pistol<\/a>","<a href=\"https:\/\/penosil.com\/ro\/categorie-produs\/categorii\/produse-noi\/\" class=\"advgb-post-tax-term\">Produse noi<\/a>","<a href=\"https:\/\/penosil.com\/ro\/categorie-produs\/categorii\/usi-si-ferestre\/\" class=\"advgb-post-tax-term\">Ferestre \u0219i U\u0219i<\/a>"],"unlinked":["<span class=\"advgb-post-tax-term\">Spume de pistol<\/span>","<span class=\"advgb-post-tax-term\">Produse noi<\/span>","<span class=\"advgb-post-tax-term\">Ferestre \u0219i U\u0219i<\/span>"],"slug":"product_cat","name":"Categorii de produse"},"product_tag":{"linked":["<a href=\"https:\/\/penosil.com\/ro\/eticheta-produs\/spuma-montaj\/\" class=\"advgb-post-tax-term\">spuma montaj<\/a>","<a href=\"https:\/\/penosil.com\/ro\/eticheta-produs\/montaj-ferestre\/\" class=\"advgb-post-tax-term\">montaj ferestre<\/a>","<a href=\"https:\/\/penosil.com\/ro\/eticheta-produs\/spuma-rapida\/\" class=\"advgb-post-tax-term\">spuma rapida<\/a>","<a href=\"https:\/\/penosil.com\/ro\/eticheta-produs\/spuma-de-pistol\/\" class=\"advgb-post-tax-term\">spuma de pistol<\/a>","<a href=\"https:\/\/penosil.com\/ro\/eticheta-produs\/spuma-ultrarapida\/\" class=\"advgb-post-tax-term\">spuma ultrarapida<\/a>"],"unlinked":["<span class=\"advgb-post-tax-term\">spuma montaj<\/span>","<span class=\"advgb-post-tax-term\">montaj ferestre<\/span>","<span class=\"advgb-post-tax-term\">spuma rapida<\/span>","<span class=\"advgb-post-tax-term\">spuma de pistol<\/span>","<span class=\"advgb-post-tax-term\">spuma ultrarapida<\/span>"],"slug":"product_tag","name":"Etichete produs"},"product_shipping_class":{"linked":[],"unlinked":[],"slug":"product_shipping_class","name":"Clase de livrare produse"},"pos_product_visibility":{"linked":[],"unlinked":[],"slug":"pos_product_visibility","name":"Vizibilitate produse \u00een POS"},"pa_ambalaj":{"linked":[],"unlinked":[],"slug":"pa_ambalaj","name":"Product AMBALAJ"},"pa_culoare":{"linked":["<a href=\"https:\/\/penosil.com\/ro\/?taxonomy=pa_culoare&#038;term=galben-deschis\" class=\"advgb-post-tax-term\">Galben deschis<\/a>"],"unlinked":["<span class=\"advgb-post-tax-term\">Galben deschis<\/span>"],"slug":"pa_culoare","name":"Product CULOARE"},"pa_ean":{"linked":[],"unlinked":[],"slug":"pa_ean","name":"Product EAN"},"pa_latime-banda":{"linked":[],"unlinked":[],"slug":"pa_latime-banda","name":"Product L\u0102\u021aIME BAND\u0102"},"pa_latime-rost":{"linked":[],"unlinked":[],"slug":"pa_latime-rost","name":"Product L\u0102\u021aIME ROST"},"translation_priority":{"linked":["<a href=\"https:\/\/penosil.com\/ro\/?taxonomy=translation_priority&#038;term=optional-ro\" class=\"advgb-post-tax-term\">Optional<\/a>"],"unlinked":["<span class=\"advgb-post-tax-term\">Optional<\/span>"],"slug":"translation_priority","name":"Translation Priorities"}},"series_order":"","_links":{"self":[{"href":"https:\/\/penosil.com\/ro\/wp-json\/wp\/v2\/product\/11670","targetHints":{"allow":["GET"]}}],"collection":[{"href":"https:\/\/penosil.com\/ro\/wp-json\/wp\/v2\/product"}],"about":[{"href":"https:\/\/penosil.com\/ro\/wp-json\/wp\/v2\/types\/product"}],"version-history":[{"count":7,"href":"https:\/\/penosil.com\/ro\/wp-json\/wp\/v2\/product\/11670\/revisions"}],"predecessor-version":[{"id":12039,"href":"https:\/\/penosil.com\/ro\/wp-json\/wp\/v2\/product\/11670\/revisions\/12039"}],"wp:featuredmedia":[{"embeddable":true,"href":"https:\/\/penosil.com\/ro\/wp-json\/wp\/v2\/media\/11680"}],"wp:attachment":[{"href":"https:\/\/penosil.com\/ro\/wp-json\/wp\/v2\/media?parent=11670"}],"wp:term":[{"taxonomy":"product_brand","embeddable":true,"href":"https:\/\/penosil.com\/ro\/wp-json\/wp\/v2\/product_brand?post=11670"},{"taxonomy":"product_cat","embeddable":true,"href":"https:\/\/penosil.com\/ro\/wp-json\/wp\/v2\/product_cat?post=11670"},{"taxonomy":"product_tag","embeddable":true,"href":"https:\/\/penosil.com\/ro\/wp-json\/wp\/v2\/product_tag?post=11670"}],"curies":[{"name":"wp","href":"https:\/\/api.w.org\/{rel}","templated":true}]}}