{"id":11931,"date":"2025-11-17T18:05:06","date_gmt":"2025-11-17T18:05:06","guid":{"rendered":"https:\/\/penosil.com\/ro\/?post_type=product&#038;p=11931"},"modified":"2026-04-15T23:00:23","modified_gmt":"2026-04-15T23:00:23","slug":"penosil-electrofoam-220v-spuma-de-pistol-aplicatii-electrice","status":"publish","type":"product","link":"https:\/\/penosil.com\/ro\/produse\/penosil-electrofoam-220v-spuma-de-pistol-aplicatii-electrice\/","title":{"rendered":"ElectroFoam 220V"},"content":{"rendered":"<p>PENOSIL ElectroFoam 220V este o spum\u0103 PU de pistol cu aplicator special EasyGun pentru lucr\u0103ri de instalare \u0219i etan\u0219are \u00een sectorul electric. Propriet\u0103\u021bile de \u00eent\u0103rire rapid\u0103 \u0219i expandare redus\u0103 fac ca aceast\u0103 spum\u0103 PU s\u0103 fie foarte potrivit\u0103 pentru instalarea cutiilor electrice \u0219i a conductelor ondulate pe suprafe\u021be din zid\u0103rie \u0219i gips-carton.<\/p>\n","protected":false},"excerpt":{"rendered":"PENOSIL ElectroFoam 220V este o spum\u0103 PU de pistol cu aplicator special EasyGun pentru lucr\u0103ri de instalare \u0219i etan\u0219are \u00een sectorul electric. Propriet\u0103\u021bile de \u00eent\u0103rire rapid\u0103 \u0219i expandare redus\u0103 fac ca aceast\u0103 spum\u0103 PU s\u0103 fie foarte potrivit\u0103 pentru instalarea cutiilor electrice \u0219i a conductelor ondulate pe suprafe\u021be din zid\u0103rie \u0219i gips-carton.","protected":false},"author":242,"featured_media":11932,"template":"","meta":{"_acf_changed":false,"advgb_blocks_editor_width":"","advgb_blocks_columns_visual_guide":"","footnotes":""},"product_brand":[],"product_cat":[1544,1523,666],"product_tag":[2341,2344,2357,2358,2359],"class_list":{"0":"post-11931","1":"product","2":"type-product","3":"status-publish","4":"has-post-thumbnail","6":"product_cat-spume-de-pistol","7":"product_cat-spume-cu-aplicator-easygun","8":"product_cat-protectie-la-foc","9":"product_tag-spuma-montaj","10":"product_tag-spuma-de-pistol","11":"product_tag-spuma-aplicatii-electrice","12":"product_tag-spuma-clasa-de-foc","13":"product_tag-temperaturi-inalte","15":"first","16":"instock","17":"taxable","18":"shipping-taxable","19":"purchasable","20":"product-type-simple"},"acf":[],"yoast_head":"<!-- This site is optimized with the Yoast SEO plugin v27.2 - https:\/\/yoast.com\/product\/yoast-seo-wordpress\/ -->\n<title>PENOSIL ElectroFoam 220V spum\u0103 de pistol aplica\u0163ii electrice<\/title>\n<meta name=\"description\" content=\"PENOSIL ElectroFoam 220V spum\u0103 de pistol aplica\u0163ii electrice - spum\u0103 PU monocomponent\u0103, gata de utilizare, pentru diverse aplica\u0163ii \u00een sectorul electric\" \/>\n<meta name=\"robots\" content=\"index, follow, max-snippet:-1, max-image-preview:large, max-video-preview:-1\" \/>\n<link rel=\"canonical\" href=\"https:\/\/penosil.com\/ro\/produse\/penosil-electrofoam-220v-spuma-de-pistol-aplicatii-electrice\/\" \/>\n<meta property=\"og:locale\" content=\"ro_RO\" \/>\n<meta property=\"og:type\" content=\"article\" \/>\n<meta property=\"og:title\" content=\"PENOSIL ElectroFoam 220V spum\u0103 de pistol aplica\u0163ii electrice\" \/>\n<meta property=\"og:description\" content=\"PENOSIL ElectroFoam 220V spum\u0103 de pistol aplica\u0163ii electrice - spum\u0103 PU monocomponent\u0103, gata de utilizare, pentru diverse aplica\u0163ii \u00een sectorul electric\" \/>\n<meta property=\"og:url\" content=\"https:\/\/penosil.com\/ro\/produse\/penosil-electrofoam-220v-spuma-de-pistol-aplicatii-electrice\/\" \/>\n<meta property=\"og:site_name\" content=\"Penosil Romania\" \/>\n<meta property=\"article:modified_time\" content=\"2026-04-15T23:00:23+00:00\" \/>\n<meta property=\"og:image\" content=\"https:\/\/penosil.com\/ro\/wp-content\/uploads\/sites\/8\/2025\/11\/220V_-Electrofoam_220V_XX.png\" \/>\n\t<meta property=\"og:image:width\" content=\"523\" \/>\n\t<meta property=\"og:image:height\" content=\"1080\" \/>\n\t<meta property=\"og:image:type\" content=\"image\/png\" \/>\n<meta name=\"twitter:card\" content=\"summary_large_image\" \/>\n<meta name=\"twitter:label1\" content=\"Timp estimat pentru citire\" \/>\n\t<meta name=\"twitter:data1\" content=\"4 minute\" \/>\n<script type=\"application\/ld+json\" class=\"yoast-schema-graph\">{\"@context\":\"https:\/\/schema.org\",\"@graph\":[{\"@type\":\"WebPage\",\"@id\":\"https:\/\/penosil.com\/ro\/produse\/penosil-electrofoam-220v-spuma-de-pistol-aplicatii-electrice\/\",\"url\":\"https:\/\/penosil.com\/ro\/produse\/penosil-electrofoam-220v-spuma-de-pistol-aplicatii-electrice\/\",\"name\":\"PENOSIL ElectroFoam 220V spum\u0103 de pistol aplica\u0163ii electrice\",\"isPartOf\":{\"@id\":\"https:\/\/penosil.com\/ro\/#website\"},\"primaryImageOfPage\":{\"@id\":\"https:\/\/penosil.com\/ro\/produse\/penosil-electrofoam-220v-spuma-de-pistol-aplicatii-electrice\/#primaryimage\"},\"image\":{\"@id\":\"https:\/\/penosil.com\/ro\/produse\/penosil-electrofoam-220v-spuma-de-pistol-aplicatii-electrice\/#primaryimage\"},\"thumbnailUrl\":\"https:\/\/penosil.com\/ro\/wp-content\/uploads\/sites\/8\/2025\/11\/220V_-Electrofoam_220V_XX.png\",\"datePublished\":\"2025-11-17T18:05:06+00:00\",\"dateModified\":\"2026-04-15T23:00:23+00:00\",\"description\":\"PENOSIL ElectroFoam 220V spum\u0103 de pistol aplica\u0163ii electrice - spum\u0103 PU monocomponent\u0103, gata de utilizare, pentru diverse aplica\u0163ii \u00een sectorul electric\",\"breadcrumb\":{\"@id\":\"https:\/\/penosil.com\/ro\/produse\/penosil-electrofoam-220v-spuma-de-pistol-aplicatii-electrice\/#breadcrumb\"},\"inLanguage\":\"ro-RO\",\"potentialAction\":[{\"@type\":\"ReadAction\",\"target\":[\"https:\/\/penosil.com\/ro\/produse\/penosil-electrofoam-220v-spuma-de-pistol-aplicatii-electrice\/\"]}]},{\"@type\":\"ImageObject\",\"inLanguage\":\"ro-RO\",\"@id\":\"https:\/\/penosil.com\/ro\/produse\/penosil-electrofoam-220v-spuma-de-pistol-aplicatii-electrice\/#primaryimage\",\"url\":\"https:\/\/penosil.com\/ro\/wp-content\/uploads\/sites\/8\/2025\/11\/220V_-Electrofoam_220V_XX.png\",\"contentUrl\":\"https:\/\/penosil.com\/ro\/wp-content\/uploads\/sites\/8\/2025\/11\/220V_-Electrofoam_220V_XX.png\",\"width\":523,\"height\":1080,\"caption\":\"PENOSIL ElectroFoam 220V Spum\u0103 de pistol pentru aplica\u0163ii electrice\"},{\"@type\":\"BreadcrumbList\",\"@id\":\"https:\/\/penosil.com\/ro\/produse\/penosil-electrofoam-220v-spuma-de-pistol-aplicatii-electrice\/#breadcrumb\",\"itemListElement\":[{\"@type\":\"ListItem\",\"position\":1,\"name\":\"Prima pagin\u0103\",\"item\":\"https:\/\/penosil.com\/ro\/\"},{\"@type\":\"ListItem\",\"position\":2,\"name\":\"Produse\",\"item\":\"https:\/\/penosil.com\/ro\/etansanti\/\"},{\"@type\":\"ListItem\",\"position\":3,\"name\":\"ElectroFoam 220V\"}]},{\"@type\":\"WebSite\",\"@id\":\"https:\/\/penosil.com\/ro\/#website\",\"url\":\"https:\/\/penosil.com\/ro\/\",\"name\":\"Penosil Romania\",\"description\":\"\",\"potentialAction\":[{\"@type\":\"SearchAction\",\"target\":{\"@type\":\"EntryPoint\",\"urlTemplate\":\"https:\/\/penosil.com\/ro\/?s={search_term_string}\"},\"query-input\":{\"@type\":\"PropertyValueSpecification\",\"valueRequired\":true,\"valueName\":\"search_term_string\"}}],\"inLanguage\":\"ro-RO\"}]}<\/script>\n<!-- \/ Yoast SEO plugin. -->","yoast_head_json":{"title":"PENOSIL ElectroFoam 220V spum\u0103 de pistol aplica\u0163ii electrice","description":"PENOSIL ElectroFoam 220V spum\u0103 de pistol aplica\u0163ii electrice - spum\u0103 PU monocomponent\u0103, gata de utilizare, pentru diverse aplica\u0163ii \u00een sectorul electric","robots":{"index":"index","follow":"follow","max-snippet":"max-snippet:-1","max-image-preview":"max-image-preview:large","max-video-preview":"max-video-preview:-1"},"canonical":"https:\/\/penosil.com\/ro\/produse\/penosil-electrofoam-220v-spuma-de-pistol-aplicatii-electrice\/","og_locale":"ro_RO","og_type":"article","og_title":"PENOSIL ElectroFoam 220V spum\u0103 de pistol aplica\u0163ii electrice","og_description":"PENOSIL ElectroFoam 220V spum\u0103 de pistol aplica\u0163ii electrice - spum\u0103 PU monocomponent\u0103, gata de utilizare, pentru diverse aplica\u0163ii \u00een sectorul electric","og_url":"https:\/\/penosil.com\/ro\/produse\/penosil-electrofoam-220v-spuma-de-pistol-aplicatii-electrice\/","og_site_name":"Penosil Romania","article_modified_time":"2026-04-15T23:00:23+00:00","og_image":[{"width":523,"height":1080,"url":"https:\/\/penosil.com\/ro\/wp-content\/uploads\/sites\/8\/2025\/11\/220V_-Electrofoam_220V_XX.png","type":"image\/png"}],"twitter_card":"summary_large_image","twitter_misc":{"Timp estimat pentru citire":"4 minute"},"schema":{"@context":"https:\/\/schema.org","@graph":[{"@type":"WebPage","@id":"https:\/\/penosil.com\/ro\/produse\/penosil-electrofoam-220v-spuma-de-pistol-aplicatii-electrice\/","url":"https:\/\/penosil.com\/ro\/produse\/penosil-electrofoam-220v-spuma-de-pistol-aplicatii-electrice\/","name":"PENOSIL ElectroFoam 220V spum\u0103 de pistol aplica\u0163ii electrice","isPartOf":{"@id":"https:\/\/penosil.com\/ro\/#website"},"primaryImageOfPage":{"@id":"https:\/\/penosil.com\/ro\/produse\/penosil-electrofoam-220v-spuma-de-pistol-aplicatii-electrice\/#primaryimage"},"image":{"@id":"https:\/\/penosil.com\/ro\/produse\/penosil-electrofoam-220v-spuma-de-pistol-aplicatii-electrice\/#primaryimage"},"thumbnailUrl":"https:\/\/penosil.com\/ro\/wp-content\/uploads\/sites\/8\/2025\/11\/220V_-Electrofoam_220V_XX.png","datePublished":"2025-11-17T18:05:06+00:00","dateModified":"2026-04-15T23:00:23+00:00","description":"PENOSIL ElectroFoam 220V spum\u0103 de pistol aplica\u0163ii electrice - spum\u0103 PU monocomponent\u0103, gata de utilizare, pentru diverse aplica\u0163ii \u00een sectorul electric","breadcrumb":{"@id":"https:\/\/penosil.com\/ro\/produse\/penosil-electrofoam-220v-spuma-de-pistol-aplicatii-electrice\/#breadcrumb"},"inLanguage":"ro-RO","potentialAction":[{"@type":"ReadAction","target":["https:\/\/penosil.com\/ro\/produse\/penosil-electrofoam-220v-spuma-de-pistol-aplicatii-electrice\/"]}]},{"@type":"ImageObject","inLanguage":"ro-RO","@id":"https:\/\/penosil.com\/ro\/produse\/penosil-electrofoam-220v-spuma-de-pistol-aplicatii-electrice\/#primaryimage","url":"https:\/\/penosil.com\/ro\/wp-content\/uploads\/sites\/8\/2025\/11\/220V_-Electrofoam_220V_XX.png","contentUrl":"https:\/\/penosil.com\/ro\/wp-content\/uploads\/sites\/8\/2025\/11\/220V_-Electrofoam_220V_XX.png","width":523,"height":1080,"caption":"PENOSIL ElectroFoam 220V Spum\u0103 de pistol pentru aplica\u0163ii electrice"},{"@type":"BreadcrumbList","@id":"https:\/\/penosil.com\/ro\/produse\/penosil-electrofoam-220v-spuma-de-pistol-aplicatii-electrice\/#breadcrumb","itemListElement":[{"@type":"ListItem","position":1,"name":"Prima pagin\u0103","item":"https:\/\/penosil.com\/ro\/"},{"@type":"ListItem","position":2,"name":"Produse","item":"https:\/\/penosil.com\/ro\/etansanti\/"},{"@type":"ListItem","position":3,"name":"ElectroFoam 220V"}]},{"@type":"WebSite","@id":"https:\/\/penosil.com\/ro\/#website","url":"https:\/\/penosil.com\/ro\/","name":"Penosil Romania","description":"","potentialAction":[{"@type":"SearchAction","target":{"@type":"EntryPoint","urlTemplate":"https:\/\/penosil.com\/ro\/?s={search_term_string}"},"query-input":{"@type":"PropertyValueSpecification","valueRequired":true,"valueName":"search_term_string"}}],"inLanguage":"ro-RO"}]}},"featured_img":"https:\/\/penosil.com\/ro\/wp-content\/uploads\/sites\/8\/2025\/11\/220V_-Electrofoam_220V_XX.png","coauthors":[],"author_meta":{"author_link":"https:\/\/penosil.com\/ro\/author\/sorina\/","display_name":"sorina"},"relative_dates":{"created":"Posted 5 luni ago","modified":"Updated 11 ore ago"},"absolute_dates":{"created":"Posted on 17 noiembrie 2025","modified":"Updated on 15 aprilie 2026"},"absolute_dates_time":{"created":"Posted on 17 noiembrie 2025 18:05","modified":"Updated on 15 aprilie 2026 23:00"},"featured_img_caption":"","tax_additional":{"product_brand":{"linked":[],"unlinked":[],"slug":"product_brand","name":"Branduri"},"product_type":{"linked":["<a href=\"https:\/\/penosil.com\/ro\/?taxonomy=product_type&#038;term=simple\" class=\"advgb-post-tax-term\">simple<\/a>"],"unlinked":["<span class=\"advgb-post-tax-term\">simple<\/span>"],"slug":"product_type","name":"Tip de produs"},"product_visibility":{"linked":[],"unlinked":[],"slug":"product_visibility","name":"Vizibilitate produs"},"product_cat":{"linked":["<a href=\"https:\/\/penosil.com\/ro\/categorie-produs\/game-de-produse\/spume-de-constructie\/spume-de-pistol\/\" class=\"advgb-post-tax-term\">Spume de pistol<\/a>","<a href=\"https:\/\/penosil.com\/ro\/categorie-produs\/game-de-produse\/spume-de-constructie\/spume-cu-aplicator-easygun\/\" class=\"advgb-post-tax-term\">Spume cu aplicator EasyGun<\/a>","<a href=\"https:\/\/penosil.com\/ro\/categorie-produs\/categorii\/protectie-la-foc\/\" class=\"advgb-post-tax-term\">Temperaturi \u00cenalte<\/a>"],"unlinked":["<span class=\"advgb-post-tax-term\">Spume de pistol<\/span>","<span class=\"advgb-post-tax-term\">Spume cu aplicator EasyGun<\/span>","<span class=\"advgb-post-tax-term\">Temperaturi \u00cenalte<\/span>"],"slug":"product_cat","name":"Categorii de produse"},"product_tag":{"linked":["<a href=\"https:\/\/penosil.com\/ro\/eticheta-produs\/spuma-montaj\/\" class=\"advgb-post-tax-term\">spuma montaj<\/a>","<a href=\"https:\/\/penosil.com\/ro\/eticheta-produs\/spuma-de-pistol\/\" class=\"advgb-post-tax-term\">spuma de pistol<\/a>","<a href=\"https:\/\/penosil.com\/ro\/eticheta-produs\/spuma-aplicatii-electrice\/\" class=\"advgb-post-tax-term\">spuma aplicatii electrice<\/a>","<a href=\"https:\/\/penosil.com\/ro\/eticheta-produs\/spuma-clasa-de-foc\/\" class=\"advgb-post-tax-term\">spuma clasa de foc<\/a>","<a href=\"https:\/\/penosil.com\/ro\/eticheta-produs\/temperaturi-inalte\/\" class=\"advgb-post-tax-term\">temperaturi inalte<\/a>"],"unlinked":["<span class=\"advgb-post-tax-term\">spuma montaj<\/span>","<span class=\"advgb-post-tax-term\">spuma de pistol<\/span>","<span class=\"advgb-post-tax-term\">spuma aplicatii electrice<\/span>","<span class=\"advgb-post-tax-term\">spuma clasa de foc<\/span>","<span class=\"advgb-post-tax-term\">temperaturi inalte<\/span>"],"slug":"product_tag","name":"Etichete produs"},"product_shipping_class":{"linked":[],"unlinked":[],"slug":"product_shipping_class","name":"Clase de livrare produse"},"pos_product_visibility":{"linked":[],"unlinked":[],"slug":"pos_product_visibility","name":"Vizibilitate produse \u00een POS"},"pa_ambalaj":{"linked":[],"unlinked":[],"slug":"pa_ambalaj","name":"Product AMBALAJ"},"pa_culoare":{"linked":["<a href=\"https:\/\/penosil.com\/ro\/?taxonomy=pa_culoare&#038;term=galben-deschis\" class=\"advgb-post-tax-term\">Galben deschis<\/a>"],"unlinked":["<span class=\"advgb-post-tax-term\">Galben deschis<\/span>"],"slug":"pa_culoare","name":"Product CULOARE"},"pa_ean":{"linked":[],"unlinked":[],"slug":"pa_ean","name":"Product EAN"},"pa_latime-banda":{"linked":[],"unlinked":[],"slug":"pa_latime-banda","name":"Product L\u0102\u021aIME BAND\u0102"},"pa_latime-rost":{"linked":[],"unlinked":[],"slug":"pa_latime-rost","name":"Product L\u0102\u021aIME ROST"},"translation_priority":{"linked":["<a href=\"https:\/\/penosil.com\/ro\/?taxonomy=translation_priority&#038;term=optional-ro\" class=\"advgb-post-tax-term\">Optional<\/a>"],"unlinked":["<span class=\"advgb-post-tax-term\">Optional<\/span>"],"slug":"translation_priority","name":"Translation Priorities"}},"series_order":"","_links":{"self":[{"href":"https:\/\/penosil.com\/ro\/wp-json\/wp\/v2\/product\/11931","targetHints":{"allow":["GET"]}}],"collection":[{"href":"https:\/\/penosil.com\/ro\/wp-json\/wp\/v2\/product"}],"about":[{"href":"https:\/\/penosil.com\/ro\/wp-json\/wp\/v2\/types\/product"}],"version-history":[{"count":8,"href":"https:\/\/penosil.com\/ro\/wp-json\/wp\/v2\/product\/11931\/revisions"}],"predecessor-version":[{"id":12040,"href":"https:\/\/penosil.com\/ro\/wp-json\/wp\/v2\/product\/11931\/revisions\/12040"}],"wp:featuredmedia":[{"embeddable":true,"href":"https:\/\/penosil.com\/ro\/wp-json\/wp\/v2\/media\/11932"}],"wp:attachment":[{"href":"https:\/\/penosil.com\/ro\/wp-json\/wp\/v2\/media?parent=11931"}],"wp:term":[{"taxonomy":"product_brand","embeddable":true,"href":"https:\/\/penosil.com\/ro\/wp-json\/wp\/v2\/product_brand?post=11931"},{"taxonomy":"product_cat","embeddable":true,"href":"https:\/\/penosil.com\/ro\/wp-json\/wp\/v2\/product_cat?post=11931"},{"taxonomy":"product_tag","embeddable":true,"href":"https:\/\/penosil.com\/ro\/wp-json\/wp\/v2\/product_tag?post=11931"}],"curies":[{"name":"wp","href":"https:\/\/api.w.org\/{rel}","templated":true}]}}