{"id":7821,"date":"2020-04-09T13:51:14","date_gmt":"2020-04-09T13:51:14","guid":{"rendered":"https:\/\/penosil.com\/ro\/?post_type=product&#038;p=7821"},"modified":"2026-04-15T11:00:22","modified_gmt":"2026-04-15T11:00:22","slug":"easypro-all-purpose-silicon-etansant-multifunctional","status":"publish","type":"product","link":"https:\/\/penosil.com\/ro\/produse\/easypro-all-purpose-silicon-etansant-multifunctional\/","title":{"rendered":"EasyPRO All Purpose"},"content":{"rendered":"<p>Penosil EasyPro All Purpose este un silicon etan\u0219ant cu o arie larg\u0103 de aplicabilitate at\u00e2t la interior c\u00e2t \u0219i la exterior \u0219i cu multiple beneficii.<\/p>\n","protected":false},"excerpt":{"rendered":"Penosil EasyPro All Purpose este un silicon etan\u0219ant cu o arie larg\u0103 de aplicabilitate at\u00e2t la interior c\u00e2t \u0219i la exterior \u0219i cu multiple beneficii.","protected":false},"author":13,"featured_media":7822,"template":"","meta":{"_acf_changed":false,"advgb_blocks_editor_width":"","advgb_blocks_columns_visual_guide":"","footnotes":""},"product_brand":[],"product_cat":[2273,1648,1373,1610,2272],"product_tag":[],"class_list":{"0":"post-7821","1":"product","2":"type-product","3":"status-publish","4":"has-post-thumbnail","6":"product_cat-produse-multifunctionale","7":"product_cat-siliconi","8":"product_cat-game-de-produse","9":"product_cat-etansanti","10":"product_cat-easypro","12":"first","13":"instock","14":"taxable","15":"shipping-taxable","16":"purchasable","17":"product-type-variable"},"acf":[],"yoast_head":"<!-- This site is optimized with the Yoast SEO plugin v27.2 - https:\/\/yoast.com\/product\/yoast-seo-wordpress\/ -->\n<title>EasyPRO All Purpose silicon etan\u0219ant multifunc\u021bional<\/title>\n<meta name=\"description\" content=\"PENOSIL EasyPRO All Purpose etan\u0219ant multifunc\u021bional, interior \u0219i exterior, impermeabil, flexibil, rezistent la fisuri, u\u0219or de utilizat. Afla mai multe!\" \/>\n<meta name=\"robots\" content=\"index, follow, max-snippet:-1, max-image-preview:large, max-video-preview:-1\" \/>\n<link rel=\"canonical\" href=\"https:\/\/penosil.com\/ro\/produse\/easypro-all-purpose-silicon-etansant-multifunctional\/\" \/>\n<meta property=\"og:locale\" content=\"ro_RO\" \/>\n<meta property=\"og:type\" content=\"article\" \/>\n<meta property=\"og:title\" content=\"EasyPRO All Purpose silicon etan\u0219ant multifunc\u021bional\" \/>\n<meta property=\"og:description\" content=\"PENOSIL EasyPRO All Purpose etan\u0219ant multifunc\u021bional, interior \u0219i exterior, impermeabil, flexibil, rezistent la fisuri, u\u0219or de utilizat. Afla mai multe!\" \/>\n<meta property=\"og:url\" content=\"https:\/\/penosil.com\/ro\/produse\/easypro-all-purpose-silicon-etansant-multifunctional\/\" \/>\n<meta property=\"og:site_name\" content=\"Penosil Romania\" \/>\n<meta property=\"article:modified_time\" content=\"2026-04-15T11:00:22+00:00\" \/>\n<meta property=\"og:image\" content=\"https:\/\/penosil.com\/ro\/wp-content\/uploads\/sites\/8\/2020\/04\/EasyPRO_All_Purpose_Silicone_280ml_RO_spatula.jpg\" \/>\n\t<meta property=\"og:image:width\" content=\"667\" \/>\n\t<meta property=\"og:image:height\" content=\"2002\" \/>\n\t<meta property=\"og:image:type\" content=\"image\/jpeg\" \/>\n<meta name=\"twitter:card\" content=\"summary_large_image\" \/>\n<meta name=\"twitter:label1\" content=\"Timp estimat pentru citire\" \/>\n\t<meta name=\"twitter:data1\" content=\"3 minute\" \/>\n<script type=\"application\/ld+json\" class=\"yoast-schema-graph\">{\"@context\":\"https:\/\/schema.org\",\"@graph\":[{\"@type\":\"WebPage\",\"@id\":\"https:\/\/penosil.com\/ro\/produse\/easypro-all-purpose-silicon-etansant-multifunctional\/\",\"url\":\"https:\/\/penosil.com\/ro\/produse\/easypro-all-purpose-silicon-etansant-multifunctional\/\",\"name\":\"EasyPRO All Purpose silicon etan\u0219ant multifunc\u021bional\",\"isPartOf\":{\"@id\":\"https:\/\/penosil.com\/ro\/#website\"},\"primaryImageOfPage\":{\"@id\":\"https:\/\/penosil.com\/ro\/produse\/easypro-all-purpose-silicon-etansant-multifunctional\/#primaryimage\"},\"image\":{\"@id\":\"https:\/\/penosil.com\/ro\/produse\/easypro-all-purpose-silicon-etansant-multifunctional\/#primaryimage\"},\"thumbnailUrl\":\"https:\/\/penosil.com\/ro\/wp-content\/uploads\/sites\/8\/2020\/04\/EasyPRO_All_Purpose_Silicone_280ml_RO_spatula.jpg\",\"datePublished\":\"2020-04-09T13:51:14+00:00\",\"dateModified\":\"2026-04-15T11:00:22+00:00\",\"description\":\"PENOSIL EasyPRO All Purpose etan\u0219ant multifunc\u021bional, interior \u0219i exterior, impermeabil, flexibil, rezistent la fisuri, u\u0219or de utilizat. Afla mai multe!\",\"breadcrumb\":{\"@id\":\"https:\/\/penosil.com\/ro\/produse\/easypro-all-purpose-silicon-etansant-multifunctional\/#breadcrumb\"},\"inLanguage\":\"ro-RO\",\"potentialAction\":[{\"@type\":\"ReadAction\",\"target\":[\"https:\/\/penosil.com\/ro\/produse\/easypro-all-purpose-silicon-etansant-multifunctional\/\"]}]},{\"@type\":\"ImageObject\",\"inLanguage\":\"ro-RO\",\"@id\":\"https:\/\/penosil.com\/ro\/produse\/easypro-all-purpose-silicon-etansant-multifunctional\/#primaryimage\",\"url\":\"https:\/\/penosil.com\/ro\/wp-content\/uploads\/sites\/8\/2020\/04\/EasyPRO_All_Purpose_Silicone_280ml_RO_spatula.jpg\",\"contentUrl\":\"https:\/\/penosil.com\/ro\/wp-content\/uploads\/sites\/8\/2020\/04\/EasyPRO_All_Purpose_Silicone_280ml_RO_spatula.jpg\",\"width\":667,\"height\":2002,\"caption\":\"PENOSIL EasyPRO All Purpose silicon etan\u0219ant multifunc\u021bional\"},{\"@type\":\"BreadcrumbList\",\"@id\":\"https:\/\/penosil.com\/ro\/produse\/easypro-all-purpose-silicon-etansant-multifunctional\/#breadcrumb\",\"itemListElement\":[{\"@type\":\"ListItem\",\"position\":1,\"name\":\"Prima pagin\u0103\",\"item\":\"https:\/\/penosil.com\/ro\/\"},{\"@type\":\"ListItem\",\"position\":2,\"name\":\"Produse\",\"item\":\"https:\/\/penosil.com\/ro\/etansanti\/\"},{\"@type\":\"ListItem\",\"position\":3,\"name\":\"EasyPRO All Purpose\"}]},{\"@type\":\"WebSite\",\"@id\":\"https:\/\/penosil.com\/ro\/#website\",\"url\":\"https:\/\/penosil.com\/ro\/\",\"name\":\"Penosil Romania\",\"description\":\"\",\"potentialAction\":[{\"@type\":\"SearchAction\",\"target\":{\"@type\":\"EntryPoint\",\"urlTemplate\":\"https:\/\/penosil.com\/ro\/?s={search_term_string}\"},\"query-input\":{\"@type\":\"PropertyValueSpecification\",\"valueRequired\":true,\"valueName\":\"search_term_string\"}}],\"inLanguage\":\"ro-RO\"}]}<\/script>\n<!-- \/ Yoast SEO plugin. -->","yoast_head_json":{"title":"EasyPRO All Purpose silicon etan\u0219ant multifunc\u021bional","description":"PENOSIL EasyPRO All Purpose etan\u0219ant multifunc\u021bional, interior \u0219i exterior, impermeabil, flexibil, rezistent la fisuri, u\u0219or de utilizat. Afla mai multe!","robots":{"index":"index","follow":"follow","max-snippet":"max-snippet:-1","max-image-preview":"max-image-preview:large","max-video-preview":"max-video-preview:-1"},"canonical":"https:\/\/penosil.com\/ro\/produse\/easypro-all-purpose-silicon-etansant-multifunctional\/","og_locale":"ro_RO","og_type":"article","og_title":"EasyPRO All Purpose silicon etan\u0219ant multifunc\u021bional","og_description":"PENOSIL EasyPRO All Purpose etan\u0219ant multifunc\u021bional, interior \u0219i exterior, impermeabil, flexibil, rezistent la fisuri, u\u0219or de utilizat. Afla mai multe!","og_url":"https:\/\/penosil.com\/ro\/produse\/easypro-all-purpose-silicon-etansant-multifunctional\/","og_site_name":"Penosil Romania","article_modified_time":"2026-04-15T11:00:22+00:00","og_image":[{"width":667,"height":2002,"url":"https:\/\/penosil.com\/ro\/wp-content\/uploads\/sites\/8\/2020\/04\/EasyPRO_All_Purpose_Silicone_280ml_RO_spatula.jpg","type":"image\/jpeg"}],"twitter_card":"summary_large_image","twitter_misc":{"Timp estimat pentru citire":"3 minute"},"schema":{"@context":"https:\/\/schema.org","@graph":[{"@type":"WebPage","@id":"https:\/\/penosil.com\/ro\/produse\/easypro-all-purpose-silicon-etansant-multifunctional\/","url":"https:\/\/penosil.com\/ro\/produse\/easypro-all-purpose-silicon-etansant-multifunctional\/","name":"EasyPRO All Purpose silicon etan\u0219ant multifunc\u021bional","isPartOf":{"@id":"https:\/\/penosil.com\/ro\/#website"},"primaryImageOfPage":{"@id":"https:\/\/penosil.com\/ro\/produse\/easypro-all-purpose-silicon-etansant-multifunctional\/#primaryimage"},"image":{"@id":"https:\/\/penosil.com\/ro\/produse\/easypro-all-purpose-silicon-etansant-multifunctional\/#primaryimage"},"thumbnailUrl":"https:\/\/penosil.com\/ro\/wp-content\/uploads\/sites\/8\/2020\/04\/EasyPRO_All_Purpose_Silicone_280ml_RO_spatula.jpg","datePublished":"2020-04-09T13:51:14+00:00","dateModified":"2026-04-15T11:00:22+00:00","description":"PENOSIL EasyPRO All Purpose etan\u0219ant multifunc\u021bional, interior \u0219i exterior, impermeabil, flexibil, rezistent la fisuri, u\u0219or de utilizat. Afla mai multe!","breadcrumb":{"@id":"https:\/\/penosil.com\/ro\/produse\/easypro-all-purpose-silicon-etansant-multifunctional\/#breadcrumb"},"inLanguage":"ro-RO","potentialAction":[{"@type":"ReadAction","target":["https:\/\/penosil.com\/ro\/produse\/easypro-all-purpose-silicon-etansant-multifunctional\/"]}]},{"@type":"ImageObject","inLanguage":"ro-RO","@id":"https:\/\/penosil.com\/ro\/produse\/easypro-all-purpose-silicon-etansant-multifunctional\/#primaryimage","url":"https:\/\/penosil.com\/ro\/wp-content\/uploads\/sites\/8\/2020\/04\/EasyPRO_All_Purpose_Silicone_280ml_RO_spatula.jpg","contentUrl":"https:\/\/penosil.com\/ro\/wp-content\/uploads\/sites\/8\/2020\/04\/EasyPRO_All_Purpose_Silicone_280ml_RO_spatula.jpg","width":667,"height":2002,"caption":"PENOSIL EasyPRO All Purpose silicon etan\u0219ant multifunc\u021bional"},{"@type":"BreadcrumbList","@id":"https:\/\/penosil.com\/ro\/produse\/easypro-all-purpose-silicon-etansant-multifunctional\/#breadcrumb","itemListElement":[{"@type":"ListItem","position":1,"name":"Prima pagin\u0103","item":"https:\/\/penosil.com\/ro\/"},{"@type":"ListItem","position":2,"name":"Produse","item":"https:\/\/penosil.com\/ro\/etansanti\/"},{"@type":"ListItem","position":3,"name":"EasyPRO All Purpose"}]},{"@type":"WebSite","@id":"https:\/\/penosil.com\/ro\/#website","url":"https:\/\/penosil.com\/ro\/","name":"Penosil Romania","description":"","potentialAction":[{"@type":"SearchAction","target":{"@type":"EntryPoint","urlTemplate":"https:\/\/penosil.com\/ro\/?s={search_term_string}"},"query-input":{"@type":"PropertyValueSpecification","valueRequired":true,"valueName":"search_term_string"}}],"inLanguage":"ro-RO"}]}},"featured_img":"https:\/\/penosil.com\/ro\/wp-content\/uploads\/sites\/8\/2020\/04\/EasyPRO_All_Purpose_Silicone_280ml_RO_spatula.jpg","coauthors":[],"author_meta":{"author_link":"https:\/\/penosil.com\/ro\/author\/mara\/","display_name":"Mara"},"relative_dates":{"created":"Posted 6 ani ago","modified":"Updated 10 ore ago"},"absolute_dates":{"created":"Posted on 9 aprilie 2020","modified":"Updated on 15 aprilie 2026"},"absolute_dates_time":{"created":"Posted on 9 aprilie 2020 13:51","modified":"Updated on 15 aprilie 2026 11:00"},"featured_img_caption":"","tax_additional":{"product_brand":{"linked":[],"unlinked":[],"slug":"product_brand","name":"Branduri"},"product_type":{"linked":["<a href=\"https:\/\/penosil.com\/ro\/?taxonomy=product_type&#038;term=variable\" class=\"advgb-post-tax-term\">variable<\/a>"],"unlinked":["<span class=\"advgb-post-tax-term\">variable<\/span>"],"slug":"product_type","name":"Tip de produs"},"product_visibility":{"linked":[],"unlinked":[],"slug":"product_visibility","name":"Vizibilitate produs"},"product_cat":{"linked":["<a href=\"https:\/\/penosil.com\/ro\/categorie-produs\/easypro\/produse-multifunctionale\/\" class=\"advgb-post-tax-term\">Produse multifunc\u021bionale<\/a>","<a href=\"https:\/\/penosil.com\/ro\/categorie-produs\/game-de-produse\/etansanti\/siliconi\/\" class=\"advgb-post-tax-term\">Siliconi<\/a>","<a href=\"https:\/\/penosil.com\/ro\/categorie-produs\/game-de-produse\/\" class=\"advgb-post-tax-term\">Game de produse<\/a>","<a href=\"https:\/\/penosil.com\/ro\/categorie-produs\/game-de-produse\/etansanti\/\" class=\"advgb-post-tax-term\">Etan\u0219an\u021bi<\/a>","<a href=\"https:\/\/penosil.com\/ro\/categorie-produs\/easypro\/\" class=\"advgb-post-tax-term\">EasyPRO<\/a>"],"unlinked":["<span class=\"advgb-post-tax-term\">Produse multifunc\u021bionale<\/span>","<span class=\"advgb-post-tax-term\">Siliconi<\/span>","<span class=\"advgb-post-tax-term\">Game de produse<\/span>","<span class=\"advgb-post-tax-term\">Etan\u0219an\u021bi<\/span>","<span class=\"advgb-post-tax-term\">EasyPRO<\/span>"],"slug":"product_cat","name":"Categorii de produse"},"product_tag":{"linked":[],"unlinked":[],"slug":"product_tag","name":"Etichete produs"},"product_shipping_class":{"linked":[],"unlinked":[],"slug":"product_shipping_class","name":"Clase de livrare produse"},"pos_product_visibility":{"linked":[],"unlinked":[],"slug":"pos_product_visibility","name":"Vizibilitate produse \u00een POS"},"pa_ambalaj":{"linked":["<a href=\"https:\/\/penosil.com\/ro\/?taxonomy=pa_ambalaj&#038;term=280-ml\" class=\"advgb-post-tax-term\">280 ml<\/a>"],"unlinked":["<span class=\"advgb-post-tax-term\">280 ml<\/span>"],"slug":"pa_ambalaj","name":"Product AMBALAJ"},"pa_culoare":{"linked":["<a href=\"https:\/\/penosil.com\/ro\/?taxonomy=pa_culoare&#038;term=transparent-ro\" class=\"advgb-post-tax-term\">Transparent<\/a>","<a href=\"https:\/\/penosil.com\/ro\/?taxonomy=pa_culoare&#038;term=alb\" class=\"advgb-post-tax-term\">Alb<\/a>"],"unlinked":["<span class=\"advgb-post-tax-term\">Transparent<\/span>","<span class=\"advgb-post-tax-term\">Alb<\/span>"],"slug":"pa_culoare","name":"Product CULOARE"},"pa_ean":{"linked":[],"unlinked":[],"slug":"pa_ean","name":"Product EAN"},"pa_latime-banda":{"linked":[],"unlinked":[],"slug":"pa_latime-banda","name":"Product L\u0102\u021aIME BAND\u0102"},"pa_latime-rost":{"linked":[],"unlinked":[],"slug":"pa_latime-rost","name":"Product L\u0102\u021aIME ROST"},"translation_priority":{"linked":["<a href=\"https:\/\/penosil.com\/ro\/?taxonomy=translation_priority&#038;term=optional-ro\" class=\"advgb-post-tax-term\">Optional<\/a>"],"unlinked":["<span class=\"advgb-post-tax-term\">Optional<\/span>"],"slug":"translation_priority","name":"Translation Priorities"}},"series_order":"","_links":{"self":[{"href":"https:\/\/penosil.com\/ro\/wp-json\/wp\/v2\/product\/7821","targetHints":{"allow":["GET"]}}],"collection":[{"href":"https:\/\/penosil.com\/ro\/wp-json\/wp\/v2\/product"}],"about":[{"href":"https:\/\/penosil.com\/ro\/wp-json\/wp\/v2\/types\/product"}],"version-history":[{"count":3,"href":"https:\/\/penosil.com\/ro\/wp-json\/wp\/v2\/product\/7821\/revisions"}],"predecessor-version":[{"id":11542,"href":"https:\/\/penosil.com\/ro\/wp-json\/wp\/v2\/product\/7821\/revisions\/11542"}],"wp:featuredmedia":[{"embeddable":true,"href":"https:\/\/penosil.com\/ro\/wp-json\/wp\/v2\/media\/7822"}],"wp:attachment":[{"href":"https:\/\/penosil.com\/ro\/wp-json\/wp\/v2\/media?parent=7821"}],"wp:term":[{"taxonomy":"product_brand","embeddable":true,"href":"https:\/\/penosil.com\/ro\/wp-json\/wp\/v2\/product_brand?post=7821"},{"taxonomy":"product_cat","embeddable":true,"href":"https:\/\/penosil.com\/ro\/wp-json\/wp\/v2\/product_cat?post=7821"},{"taxonomy":"product_tag","embeddable":true,"href":"https:\/\/penosil.com\/ro\/wp-json\/wp\/v2\/product_tag?post=7821"}],"curies":[{"name":"wp","href":"https:\/\/api.w.org\/{rel}","templated":true}]}}