{"id":7940,"date":"2020-04-21T14:58:38","date_gmt":"2020-04-21T14:58:38","guid":{"rendered":"https:\/\/penosil.com\/ro\/?post_type=product&#038;p=7940"},"modified":"2026-04-15T23:00:22","modified_gmt":"2026-04-15T23:00:22","slug":"easygun-foam-all-season-spuma-poliuretanica-de-pistol-cu-aplicator-inovator-brevetat","status":"publish","type":"product","link":"https:\/\/penosil.com\/ro\/produse\/easygun-foam-all-season-spuma-poliuretanica-de-pistol-cu-aplicator-inovator-brevetat\/","title":{"rendered":"EasyGun Foam All Season"},"content":{"rendered":"<p>Spum\u0103 pentru construc\u0163ii cu o structur\u0103 de \u00eenalt\u0103 calitate \u015fi aplicator brevetat inovator care asigur\u0103 rezultate superioare chiar \u015fi \u00een lipsa unui pistol pentru spum\u0103.<\/p>\n","protected":false},"excerpt":{"rendered":"Spum\u0103 pentru construc\u0163ii cu o structur\u0103 de \u00eenalt\u0103 calitate \u015fi aplicator brevetat inovator care asigur\u0103 rezultate superioare chiar \u015fi \u00een lipsa unui pistol pentru spum\u0103.","protected":false},"author":13,"featured_media":7941,"template":"","meta":{"_acf_changed":false,"advgb_blocks_editor_width":"","advgb_blocks_columns_visual_guide":"","footnotes":""},"product_brand":[],"product_cat":[1544,1373,1502,1523],"product_tag":[],"class_list":{"0":"post-7940","1":"product","2":"type-product","3":"status-publish","4":"has-post-thumbnail","6":"product_cat-spume-de-pistol","7":"product_cat-game-de-produse","8":"product_cat-spume-de-constructie","9":"product_cat-spume-cu-aplicator-easygun","11":"first","12":"instock","13":"taxable","14":"shipping-taxable","15":"purchasable","16":"product-type-simple"},"acf":[],"yoast_head":"<!-- This site is optimized with the Yoast SEO plugin v27.2 - https:\/\/yoast.com\/product\/yoast-seo-wordpress\/ -->\n<title>EasyGun Foam All Season spum\u0103 poliuretanic\u0103 cu aplicator brevetat<\/title>\n<meta name=\"description\" content=\"Penosil EasyGun etan\u0219ant spum\u0103 de \u00eenalt\u0103 calitate pentru toate sezoanele, cu aplicator pentru \u00eembin\u0103ri \u00eenguste \u0219i greu accesibile. Afl\u0103 mai multe!\" \/>\n<meta name=\"robots\" content=\"index, follow, max-snippet:-1, max-image-preview:large, max-video-preview:-1\" \/>\n<link rel=\"canonical\" href=\"https:\/\/penosil.com\/ro\/produse\/easygun-foam-all-season-spuma-poliuretanica-de-pistol-cu-aplicator-inovator-brevetat\/\" \/>\n<meta property=\"og:locale\" content=\"ro_RO\" \/>\n<meta property=\"og:type\" content=\"article\" \/>\n<meta property=\"og:title\" content=\"EasyGun Foam All Season spum\u0103 poliuretanic\u0103 cu aplicator brevetat\" \/>\n<meta property=\"og:description\" content=\"Penosil EasyGun etan\u0219ant spum\u0103 de \u00eenalt\u0103 calitate pentru toate sezoanele, cu aplicator pentru \u00eembin\u0103ri \u00eenguste \u0219i greu accesibile. Afl\u0103 mai multe!\" \/>\n<meta property=\"og:url\" content=\"https:\/\/penosil.com\/ro\/produse\/easygun-foam-all-season-spuma-poliuretanica-de-pistol-cu-aplicator-inovator-brevetat\/\" \/>\n<meta property=\"og:site_name\" content=\"Penosil Romania\" \/>\n<meta property=\"article:modified_time\" content=\"2026-04-15T23:00:22+00:00\" \/>\n<meta property=\"og:image\" content=\"https:\/\/penosil.com\/ro\/wp-content\/uploads\/sites\/8\/2020\/04\/Penosil-EasyGun_silver.jpg\" \/>\n\t<meta property=\"og:image:width\" content=\"554\" \/>\n\t<meta property=\"og:image:height\" content=\"800\" \/>\n\t<meta property=\"og:image:type\" content=\"image\/jpeg\" \/>\n<meta name=\"twitter:card\" content=\"summary_large_image\" \/>\n<meta name=\"twitter:label1\" content=\"Timp estimat pentru citire\" \/>\n\t<meta name=\"twitter:data1\" content=\"4 minute\" \/>\n<script type=\"application\/ld+json\" class=\"yoast-schema-graph\">{\"@context\":\"https:\/\/schema.org\",\"@graph\":[{\"@type\":\"WebPage\",\"@id\":\"https:\/\/penosil.com\/ro\/produse\/easygun-foam-all-season-spuma-poliuretanica-de-pistol-cu-aplicator-inovator-brevetat\/\",\"url\":\"https:\/\/penosil.com\/ro\/produse\/easygun-foam-all-season-spuma-poliuretanica-de-pistol-cu-aplicator-inovator-brevetat\/\",\"name\":\"EasyGun Foam All Season spum\u0103 poliuretanic\u0103 cu aplicator brevetat\",\"isPartOf\":{\"@id\":\"https:\/\/penosil.com\/ro\/#website\"},\"primaryImageOfPage\":{\"@id\":\"https:\/\/penosil.com\/ro\/produse\/easygun-foam-all-season-spuma-poliuretanica-de-pistol-cu-aplicator-inovator-brevetat\/#primaryimage\"},\"image\":{\"@id\":\"https:\/\/penosil.com\/ro\/produse\/easygun-foam-all-season-spuma-poliuretanica-de-pistol-cu-aplicator-inovator-brevetat\/#primaryimage\"},\"thumbnailUrl\":\"https:\/\/penosil.com\/ro\/wp-content\/uploads\/sites\/8\/2020\/04\/Penosil-EasyGun_silver.jpg\",\"datePublished\":\"2020-04-21T14:58:38+00:00\",\"dateModified\":\"2026-04-15T23:00:22+00:00\",\"description\":\"Penosil EasyGun etan\u0219ant spum\u0103 de \u00eenalt\u0103 calitate pentru toate sezoanele, cu aplicator pentru \u00eembin\u0103ri \u00eenguste \u0219i greu accesibile. Afl\u0103 mai multe!\",\"breadcrumb\":{\"@id\":\"https:\/\/penosil.com\/ro\/produse\/easygun-foam-all-season-spuma-poliuretanica-de-pistol-cu-aplicator-inovator-brevetat\/#breadcrumb\"},\"inLanguage\":\"ro-RO\",\"potentialAction\":[{\"@type\":\"ReadAction\",\"target\":[\"https:\/\/penosil.com\/ro\/produse\/easygun-foam-all-season-spuma-poliuretanica-de-pistol-cu-aplicator-inovator-brevetat\/\"]}]},{\"@type\":\"ImageObject\",\"inLanguage\":\"ro-RO\",\"@id\":\"https:\/\/penosil.com\/ro\/produse\/easygun-foam-all-season-spuma-poliuretanica-de-pistol-cu-aplicator-inovator-brevetat\/#primaryimage\",\"url\":\"https:\/\/penosil.com\/ro\/wp-content\/uploads\/sites\/8\/2020\/04\/Penosil-EasyGun_silver.jpg\",\"contentUrl\":\"https:\/\/penosil.com\/ro\/wp-content\/uploads\/sites\/8\/2020\/04\/Penosil-EasyGun_silver.jpg\",\"width\":554,\"height\":800,\"caption\":\"PENOSIL EasyGun Foam All Season - spum\u0103 poliuretanic\u0103 de pistol, aplicator inovator brevetat\"},{\"@type\":\"BreadcrumbList\",\"@id\":\"https:\/\/penosil.com\/ro\/produse\/easygun-foam-all-season-spuma-poliuretanica-de-pistol-cu-aplicator-inovator-brevetat\/#breadcrumb\",\"itemListElement\":[{\"@type\":\"ListItem\",\"position\":1,\"name\":\"Prima pagin\u0103\",\"item\":\"https:\/\/penosil.com\/ro\/\"},{\"@type\":\"ListItem\",\"position\":2,\"name\":\"Produse\",\"item\":\"https:\/\/penosil.com\/ro\/etansanti\/\"},{\"@type\":\"ListItem\",\"position\":3,\"name\":\"EasyGun Foam All Season\"}]},{\"@type\":\"WebSite\",\"@id\":\"https:\/\/penosil.com\/ro\/#website\",\"url\":\"https:\/\/penosil.com\/ro\/\",\"name\":\"Penosil Romania\",\"description\":\"\",\"potentialAction\":[{\"@type\":\"SearchAction\",\"target\":{\"@type\":\"EntryPoint\",\"urlTemplate\":\"https:\/\/penosil.com\/ro\/?s={search_term_string}\"},\"query-input\":{\"@type\":\"PropertyValueSpecification\",\"valueRequired\":true,\"valueName\":\"search_term_string\"}}],\"inLanguage\":\"ro-RO\"}]}<\/script>\n<!-- \/ Yoast SEO plugin. -->","yoast_head_json":{"title":"EasyGun Foam All Season spum\u0103 poliuretanic\u0103 cu aplicator brevetat","description":"Penosil EasyGun etan\u0219ant spum\u0103 de \u00eenalt\u0103 calitate pentru toate sezoanele, cu aplicator pentru \u00eembin\u0103ri \u00eenguste \u0219i greu accesibile. Afl\u0103 mai multe!","robots":{"index":"index","follow":"follow","max-snippet":"max-snippet:-1","max-image-preview":"max-image-preview:large","max-video-preview":"max-video-preview:-1"},"canonical":"https:\/\/penosil.com\/ro\/produse\/easygun-foam-all-season-spuma-poliuretanica-de-pistol-cu-aplicator-inovator-brevetat\/","og_locale":"ro_RO","og_type":"article","og_title":"EasyGun Foam All Season spum\u0103 poliuretanic\u0103 cu aplicator brevetat","og_description":"Penosil EasyGun etan\u0219ant spum\u0103 de \u00eenalt\u0103 calitate pentru toate sezoanele, cu aplicator pentru \u00eembin\u0103ri \u00eenguste \u0219i greu accesibile. Afl\u0103 mai multe!","og_url":"https:\/\/penosil.com\/ro\/produse\/easygun-foam-all-season-spuma-poliuretanica-de-pistol-cu-aplicator-inovator-brevetat\/","og_site_name":"Penosil Romania","article_modified_time":"2026-04-15T23:00:22+00:00","og_image":[{"width":554,"height":800,"url":"https:\/\/penosil.com\/ro\/wp-content\/uploads\/sites\/8\/2020\/04\/Penosil-EasyGun_silver.jpg","type":"image\/jpeg"}],"twitter_card":"summary_large_image","twitter_misc":{"Timp estimat pentru citire":"4 minute"},"schema":{"@context":"https:\/\/schema.org","@graph":[{"@type":"WebPage","@id":"https:\/\/penosil.com\/ro\/produse\/easygun-foam-all-season-spuma-poliuretanica-de-pistol-cu-aplicator-inovator-brevetat\/","url":"https:\/\/penosil.com\/ro\/produse\/easygun-foam-all-season-spuma-poliuretanica-de-pistol-cu-aplicator-inovator-brevetat\/","name":"EasyGun Foam All Season spum\u0103 poliuretanic\u0103 cu aplicator brevetat","isPartOf":{"@id":"https:\/\/penosil.com\/ro\/#website"},"primaryImageOfPage":{"@id":"https:\/\/penosil.com\/ro\/produse\/easygun-foam-all-season-spuma-poliuretanica-de-pistol-cu-aplicator-inovator-brevetat\/#primaryimage"},"image":{"@id":"https:\/\/penosil.com\/ro\/produse\/easygun-foam-all-season-spuma-poliuretanica-de-pistol-cu-aplicator-inovator-brevetat\/#primaryimage"},"thumbnailUrl":"https:\/\/penosil.com\/ro\/wp-content\/uploads\/sites\/8\/2020\/04\/Penosil-EasyGun_silver.jpg","datePublished":"2020-04-21T14:58:38+00:00","dateModified":"2026-04-15T23:00:22+00:00","description":"Penosil EasyGun etan\u0219ant spum\u0103 de \u00eenalt\u0103 calitate pentru toate sezoanele, cu aplicator pentru \u00eembin\u0103ri \u00eenguste \u0219i greu accesibile. Afl\u0103 mai multe!","breadcrumb":{"@id":"https:\/\/penosil.com\/ro\/produse\/easygun-foam-all-season-spuma-poliuretanica-de-pistol-cu-aplicator-inovator-brevetat\/#breadcrumb"},"inLanguage":"ro-RO","potentialAction":[{"@type":"ReadAction","target":["https:\/\/penosil.com\/ro\/produse\/easygun-foam-all-season-spuma-poliuretanica-de-pistol-cu-aplicator-inovator-brevetat\/"]}]},{"@type":"ImageObject","inLanguage":"ro-RO","@id":"https:\/\/penosil.com\/ro\/produse\/easygun-foam-all-season-spuma-poliuretanica-de-pistol-cu-aplicator-inovator-brevetat\/#primaryimage","url":"https:\/\/penosil.com\/ro\/wp-content\/uploads\/sites\/8\/2020\/04\/Penosil-EasyGun_silver.jpg","contentUrl":"https:\/\/penosil.com\/ro\/wp-content\/uploads\/sites\/8\/2020\/04\/Penosil-EasyGun_silver.jpg","width":554,"height":800,"caption":"PENOSIL EasyGun Foam All Season - spum\u0103 poliuretanic\u0103 de pistol, aplicator inovator brevetat"},{"@type":"BreadcrumbList","@id":"https:\/\/penosil.com\/ro\/produse\/easygun-foam-all-season-spuma-poliuretanica-de-pistol-cu-aplicator-inovator-brevetat\/#breadcrumb","itemListElement":[{"@type":"ListItem","position":1,"name":"Prima pagin\u0103","item":"https:\/\/penosil.com\/ro\/"},{"@type":"ListItem","position":2,"name":"Produse","item":"https:\/\/penosil.com\/ro\/etansanti\/"},{"@type":"ListItem","position":3,"name":"EasyGun Foam All Season"}]},{"@type":"WebSite","@id":"https:\/\/penosil.com\/ro\/#website","url":"https:\/\/penosil.com\/ro\/","name":"Penosil Romania","description":"","potentialAction":[{"@type":"SearchAction","target":{"@type":"EntryPoint","urlTemplate":"https:\/\/penosil.com\/ro\/?s={search_term_string}"},"query-input":{"@type":"PropertyValueSpecification","valueRequired":true,"valueName":"search_term_string"}}],"inLanguage":"ro-RO"}]}},"featured_img":"https:\/\/penosil.com\/ro\/wp-content\/uploads\/sites\/8\/2020\/04\/Penosil-EasyGun_silver.jpg","coauthors":[],"author_meta":{"author_link":"https:\/\/penosil.com\/ro\/author\/mara\/","display_name":"Mara"},"relative_dates":{"created":"Posted 6 ani ago","modified":"Updated 11 ore ago"},"absolute_dates":{"created":"Posted on 21 aprilie 2020","modified":"Updated on 15 aprilie 2026"},"absolute_dates_time":{"created":"Posted on 21 aprilie 2020 14:58","modified":"Updated on 15 aprilie 2026 23:00"},"featured_img_caption":"","tax_additional":{"product_brand":{"linked":[],"unlinked":[],"slug":"product_brand","name":"Branduri"},"product_type":{"linked":["<a href=\"https:\/\/penosil.com\/ro\/?taxonomy=product_type&#038;term=simple\" class=\"advgb-post-tax-term\">simple<\/a>"],"unlinked":["<span class=\"advgb-post-tax-term\">simple<\/span>"],"slug":"product_type","name":"Tip de produs"},"product_visibility":{"linked":[],"unlinked":[],"slug":"product_visibility","name":"Vizibilitate produs"},"product_cat":{"linked":["<a href=\"https:\/\/penosil.com\/ro\/categorie-produs\/game-de-produse\/spume-de-constructie\/spume-de-pistol\/\" class=\"advgb-post-tax-term\">Spume de pistol<\/a>","<a href=\"https:\/\/penosil.com\/ro\/categorie-produs\/game-de-produse\/\" class=\"advgb-post-tax-term\">Game de produse<\/a>","<a href=\"https:\/\/penosil.com\/ro\/categorie-produs\/game-de-produse\/spume-de-constructie\/\" class=\"advgb-post-tax-term\">Spume de construc\u021bie<\/a>","<a href=\"https:\/\/penosil.com\/ro\/categorie-produs\/game-de-produse\/spume-de-constructie\/spume-cu-aplicator-easygun\/\" class=\"advgb-post-tax-term\">Spume cu aplicator EasyGun<\/a>"],"unlinked":["<span class=\"advgb-post-tax-term\">Spume de pistol<\/span>","<span class=\"advgb-post-tax-term\">Game de produse<\/span>","<span class=\"advgb-post-tax-term\">Spume de construc\u021bie<\/span>","<span class=\"advgb-post-tax-term\">Spume cu aplicator EasyGun<\/span>"],"slug":"product_cat","name":"Categorii de produse"},"product_tag":{"linked":[],"unlinked":[],"slug":"product_tag","name":"Etichete produs"},"product_shipping_class":{"linked":[],"unlinked":[],"slug":"product_shipping_class","name":"Clase de livrare produse"},"pos_product_visibility":{"linked":[],"unlinked":[],"slug":"pos_product_visibility","name":"Vizibilitate produse \u00een POS"},"pa_ambalaj":{"linked":[],"unlinked":[],"slug":"pa_ambalaj","name":"Product AMBALAJ"},"pa_culoare":{"linked":["<a href=\"https:\/\/penosil.com\/ro\/?taxonomy=pa_culoare&#038;term=galben-deschis\" class=\"advgb-post-tax-term\">Galben deschis<\/a>"],"unlinked":["<span class=\"advgb-post-tax-term\">Galben deschis<\/span>"],"slug":"pa_culoare","name":"Product CULOARE"},"pa_ean":{"linked":[],"unlinked":[],"slug":"pa_ean","name":"Product EAN"},"pa_latime-banda":{"linked":[],"unlinked":[],"slug":"pa_latime-banda","name":"Product L\u0102\u021aIME BAND\u0102"},"pa_latime-rost":{"linked":[],"unlinked":[],"slug":"pa_latime-rost","name":"Product L\u0102\u021aIME ROST"},"translation_priority":{"linked":["<a href=\"https:\/\/penosil.com\/ro\/?taxonomy=translation_priority&#038;term=optional-ro\" class=\"advgb-post-tax-term\">Optional<\/a>"],"unlinked":["<span class=\"advgb-post-tax-term\">Optional<\/span>"],"slug":"translation_priority","name":"Translation Priorities"}},"series_order":"","_links":{"self":[{"href":"https:\/\/penosil.com\/ro\/wp-json\/wp\/v2\/product\/7940","targetHints":{"allow":["GET"]}}],"collection":[{"href":"https:\/\/penosil.com\/ro\/wp-json\/wp\/v2\/product"}],"about":[{"href":"https:\/\/penosil.com\/ro\/wp-json\/wp\/v2\/types\/product"}],"version-history":[{"count":1,"href":"https:\/\/penosil.com\/ro\/wp-json\/wp\/v2\/product\/7940\/revisions"}],"predecessor-version":[{"id":11537,"href":"https:\/\/penosil.com\/ro\/wp-json\/wp\/v2\/product\/7940\/revisions\/11537"}],"wp:featuredmedia":[{"embeddable":true,"href":"https:\/\/penosil.com\/ro\/wp-json\/wp\/v2\/media\/7941"}],"wp:attachment":[{"href":"https:\/\/penosil.com\/ro\/wp-json\/wp\/v2\/media?parent=7940"}],"wp:term":[{"taxonomy":"product_brand","embeddable":true,"href":"https:\/\/penosil.com\/ro\/wp-json\/wp\/v2\/product_brand?post=7940"},{"taxonomy":"product_cat","embeddable":true,"href":"https:\/\/penosil.com\/ro\/wp-json\/wp\/v2\/product_cat?post=7940"},{"taxonomy":"product_tag","embeddable":true,"href":"https:\/\/penosil.com\/ro\/wp-json\/wp\/v2\/product_tag?post=7940"}],"curies":[{"name":"wp","href":"https:\/\/api.w.org\/{rel}","templated":true}]}}